{"id":46943,"date":"2025-07-10T17:01:57","date_gmt":"2025-07-10T15:01:57","guid":{"rendered":"https:\/\/nereumatias.com\/?post_type=product&#038;p=46943"},"modified":"2025-07-10T17:03:11","modified_gmt":"2025-07-10T15:03:11","slug":"shaping-pencil-nude-rose","status":"publish","type":"product","link":"https:\/\/nereumatias.com\/pt\/produto\/shaping-pencil-nude-rose\/","title":{"rendered":"Shaping Pencil Pink Kiss"},"content":{"rendered":"<p>Transforma los tratamientos de labios PMU con nuestroShaping Pencil Nude Rose. Este vibrante l\u00e1piz est\u00e1 espec\u00edficamente creado para definir contornos de labios audaces y hermosos antes de aplicar el pigmento. Su dise\u00f1o de punta plana es perfecto para contornos detallados y rellenos, ofreciendo una vista previa del resultado del tratamiento. Mant\u00e9n su borde afilado y plano con el afilador PhiX para una aplicaci\u00f3n consistente y precisa cada vez.<\/p>","protected":false},"excerpt":{"rendered":"<p>Os l\u00e1pis de contorno com uma ponta ligeiramente mais dura s\u00e3o especialmente projetados para desenhar um formato perfeito de sobrancelha antes de um tratamento de microblading. Ao contr\u00e1rio de outros l\u00e1pis, esses t\u00eam uma ponta plana. Se voc\u00ea desenhar com a borda do l\u00e1pis, obter\u00e1 contornos muito finos e precisos e, portanto, um resultado muito preciso. Um pacote cont\u00e9m dois l\u00e1pis marrons.<\/p>","protected":false},"featured_media":46944,"comment_status":"open","ping_status":"closed","template":"","meta":{"_acf_changed":false,"_joinchat":[]},"product_brand":[],"product_cat":[47,50],"product_tag":[],"class_list":{"0":"post-46943","1":"product","2":"type-product","3":"status-publish","4":"has-post-thumbnail","6":"product_cat-phibrows","7":"product_cat-tools","9":"first","10":"instock","11":"taxable","12":"shipping-taxable","13":"purchasable","14":"product-type-simple"},"supplier_id":null,"supplier_sku":"","barcode":null,"atum_controlled":true,"out_stock_date":null,"out_stock_threshold":null,"inheritable":false,"inbound_stock":null,"stock_on_hold":0,"sold_today":0,"sales_last_days":0,"reserved_stock":null,"customer_returns":null,"warehouse_damage":null,"lost_in_post":null,"other_logs":null,"out_stock_days":0,"lost_sales":0,"has_location":false,"update_date":"2026-04-15T10:16:37","atum_locations":[],"atum_stock_status":"instock","restock_status":false,"low_stock_amount":0,"sales_update_date":"2026-04-15T10:16:37","calc_backorders":null,"acf":[],"yoast_head":"<!-- This site is optimized with the Yoast SEO plugin v24.8 - https:\/\/yoast.com\/wordpress\/plugins\/seo\/ -->\n<title>Shaping Pencil Pink Kiss - Formaciones PhiAcademy - Phiseller Espa\u00f1a<\/title>\n<meta name=\"robots\" content=\"index, follow, max-snippet:-1, max-image-preview:large, max-video-preview:-1\" \/>\n<link rel=\"canonical\" href=\"https:\/\/nereumatias.com\/pt\/produto\/shaping-pencil-nude-rose\/\" \/>\n<meta property=\"og:locale\" content=\"pt_BR\" \/>\n<meta property=\"og:type\" content=\"article\" \/>\n<meta property=\"og:title\" content=\"Shaping Pencil Pink Kiss - Formaciones PhiAcademy - Phiseller Espa\u00f1a\" \/>\n<meta property=\"og:description\" content=\"Los l\u00e1pices de contorno con una mina un poco m\u00e1s dura est\u00e1n especialmente dise\u00f1ados para dibujar una forma perfecta de cejas antes de un tratamiento de microblading. A diferencia de otros l\u00e1pices, estos tienen una punta plana. Si dibujas con el borde del l\u00e1piz, obtendr\u00e1s contornos muy finos y precisos y as\u00ed obtendr\u00e1s un resultado muy preciso. Un paquete contiene dos l\u00e1pices de color marr\u00f3n.\" \/>\n<meta property=\"og:url\" content=\"https:\/\/nereumatias.com\/pt\/produto\/shaping-pencil-nude-rose\/\" \/>\n<meta property=\"og:site_name\" content=\"Formaciones PhiAcademy - Phiseller Espa\u00f1a\" \/>\n<meta property=\"article:publisher\" content=\"https:\/\/www.facebook.com\/nereumatias\" \/>\n<meta property=\"article:modified_time\" content=\"2025-07-10T15:03:11+00:00\" \/>\n<meta property=\"og:image\" content=\"https:\/\/nereumatias.com\/wp-content\/uploads\/2025\/07\/23c8717ef5d7337db5ca26f62ef5cd54_1200x9999-1.jpg\" \/>\n\t<meta property=\"og:image:width\" content=\"1200\" \/>\n\t<meta property=\"og:image:height\" content=\"1200\" \/>\n\t<meta property=\"og:image:type\" content=\"image\/jpeg\" \/>\n<meta name=\"twitter:card\" content=\"summary_large_image\" \/>\n<script type=\"application\/ld+json\" class=\"yoast-schema-graph\">{\"@context\":\"https:\/\/schema.org\",\"@graph\":[{\"@type\":\"WebPage\",\"@id\":\"https:\/\/nereumatias.com\/producto\/shaping-pencil-nude-rose\/\",\"url\":\"https:\/\/nereumatias.com\/producto\/shaping-pencil-nude-rose\/\",\"name\":\"Shaping Pencil Pink Kiss - Formaciones PhiAcademy - Phiseller Espa\u00f1a\",\"isPartOf\":{\"@id\":\"https:\/\/nereumatias.com\/#website\"},\"primaryImageOfPage\":{\"@id\":\"https:\/\/nereumatias.com\/producto\/shaping-pencil-nude-rose\/#primaryimage\"},\"image\":{\"@id\":\"https:\/\/nereumatias.com\/producto\/shaping-pencil-nude-rose\/#primaryimage\"},\"thumbnailUrl\":\"https:\/\/nereumatias.com\/wp-content\/uploads\/2025\/07\/23c8717ef5d7337db5ca26f62ef5cd54_1200x9999-1.jpg\",\"datePublished\":\"2025-07-10T15:01:57+00:00\",\"dateModified\":\"2025-07-10T15:03:11+00:00\",\"breadcrumb\":{\"@id\":\"https:\/\/nereumatias.com\/producto\/shaping-pencil-nude-rose\/#breadcrumb\"},\"inLanguage\":\"pt-BR\",\"potentialAction\":[{\"@type\":\"ReadAction\",\"target\":[\"https:\/\/nereumatias.com\/producto\/shaping-pencil-nude-rose\/\"]}]},{\"@type\":\"ImageObject\",\"inLanguage\":\"pt-BR\",\"@id\":\"https:\/\/nereumatias.com\/producto\/shaping-pencil-nude-rose\/#primaryimage\",\"url\":\"https:\/\/nereumatias.com\/wp-content\/uploads\/2025\/07\/23c8717ef5d7337db5ca26f62ef5cd54_1200x9999-1.jpg\",\"contentUrl\":\"https:\/\/nereumatias.com\/wp-content\/uploads\/2025\/07\/23c8717ef5d7337db5ca26f62ef5cd54_1200x9999-1.jpg\",\"width\":1200,\"height\":1200},{\"@type\":\"BreadcrumbList\",\"@id\":\"https:\/\/nereumatias.com\/producto\/shaping-pencil-nude-rose\/#breadcrumb\",\"itemListElement\":[{\"@type\":\"ListItem\",\"position\":1,\"name\":\"Home\",\"item\":\"https:\/\/nereumatias.com\/\"},{\"@type\":\"ListItem\",\"position\":2,\"name\":\"Tienda\",\"item\":\"https:\/\/nereumatias.com\/tienda-online\/\"},{\"@type\":\"ListItem\",\"position\":3,\"name\":\"Shaping Pencil Pink Kiss\"}]},{\"@type\":\"WebSite\",\"@id\":\"https:\/\/nereumatias.com\/#website\",\"url\":\"https:\/\/nereumatias.com\/\",\"name\":\"Formaciones PhiAcademy - Phiseller Espa\u00f1a\",\"description\":\"PhiAcademy\",\"publisher\":{\"@id\":\"https:\/\/nereumatias.com\/#organization\"},\"potentialAction\":[{\"@type\":\"SearchAction\",\"target\":{\"@type\":\"EntryPoint\",\"urlTemplate\":\"https:\/\/nereumatias.com\/?s={search_term_string}\"},\"query-input\":{\"@type\":\"PropertyValueSpecification\",\"valueRequired\":true,\"valueName\":\"search_term_string\"}}],\"inLanguage\":\"pt-BR\"},{\"@type\":\"Organization\",\"@id\":\"https:\/\/nereumatias.com\/#organization\",\"name\":\"Formaciones PhiAcademy - Phiseller Espa\u00f1a\",\"url\":\"https:\/\/nereumatias.com\/\",\"logo\":{\"@type\":\"ImageObject\",\"inLanguage\":\"pt-BR\",\"@id\":\"https:\/\/nereumatias.com\/#\/schema\/logo\/image\/\",\"url\":\"https:\/\/nereumatias.com\/wp-content\/uploads\/2022\/09\/logo-phiseller-negro-150.png\",\"contentUrl\":\"https:\/\/nereumatias.com\/wp-content\/uploads\/2022\/09\/logo-phiseller-negro-150.png\",\"width\":375,\"height\":150,\"caption\":\"Formaciones PhiAcademy - Phiseller Espa\u00f1a\"},\"image\":{\"@id\":\"https:\/\/nereumatias.com\/#\/schema\/logo\/image\/\"},\"sameAs\":[\"https:\/\/www.facebook.com\/nereumatias\"]}]}<\/script>\n<!-- \/ Yoast SEO plugin. -->","yoast_head_json":{"title":"Shaping Pencil Pink Kiss - Formaciones PhiAcademy - Phiseller Espa\u00f1a","robots":{"index":"index","follow":"follow","max-snippet":"max-snippet:-1","max-image-preview":"max-image-preview:large","max-video-preview":"max-video-preview:-1"},"canonical":"https:\/\/nereumatias.com\/pt\/produto\/shaping-pencil-nude-rose\/","og_locale":"pt_BR","og_type":"article","og_title":"Shaping Pencil Pink Kiss - Formaciones PhiAcademy - Phiseller Espa\u00f1a","og_description":"Los l\u00e1pices de contorno con una mina un poco m\u00e1s dura est\u00e1n especialmente dise\u00f1ados para dibujar una forma perfecta de cejas antes de un tratamiento de microblading. A diferencia de otros l\u00e1pices, estos tienen una punta plana. Si dibujas con el borde del l\u00e1piz, obtendr\u00e1s contornos muy finos y precisos y as\u00ed obtendr\u00e1s un resultado muy preciso. Un paquete contiene dos l\u00e1pices de color marr\u00f3n.","og_url":"https:\/\/nereumatias.com\/pt\/produto\/shaping-pencil-nude-rose\/","og_site_name":"Formaciones PhiAcademy - Phiseller Espa\u00f1a","article_publisher":"https:\/\/www.facebook.com\/nereumatias","article_modified_time":"2025-07-10T15:03:11+00:00","og_image":[{"width":1200,"height":1200,"url":"https:\/\/nereumatias.com\/wp-content\/uploads\/2025\/07\/23c8717ef5d7337db5ca26f62ef5cd54_1200x9999-1.jpg","type":"image\/jpeg"}],"twitter_card":"summary_large_image","schema":{"@context":"https:\/\/schema.org","@graph":[{"@type":"WebPage","@id":"https:\/\/nereumatias.com\/producto\/shaping-pencil-nude-rose\/","url":"https:\/\/nereumatias.com\/producto\/shaping-pencil-nude-rose\/","name":"Shaping Pencil Pink Kiss - Formaciones PhiAcademy - Phiseller Espa\u00f1a","isPartOf":{"@id":"https:\/\/nereumatias.com\/#website"},"primaryImageOfPage":{"@id":"https:\/\/nereumatias.com\/producto\/shaping-pencil-nude-rose\/#primaryimage"},"image":{"@id":"https:\/\/nereumatias.com\/producto\/shaping-pencil-nude-rose\/#primaryimage"},"thumbnailUrl":"https:\/\/nereumatias.com\/wp-content\/uploads\/2025\/07\/23c8717ef5d7337db5ca26f62ef5cd54_1200x9999-1.jpg","datePublished":"2025-07-10T15:01:57+00:00","dateModified":"2025-07-10T15:03:11+00:00","breadcrumb":{"@id":"https:\/\/nereumatias.com\/producto\/shaping-pencil-nude-rose\/#breadcrumb"},"inLanguage":"pt-BR","potentialAction":[{"@type":"ReadAction","target":["https:\/\/nereumatias.com\/producto\/shaping-pencil-nude-rose\/"]}]},{"@type":"ImageObject","inLanguage":"pt-BR","@id":"https:\/\/nereumatias.com\/producto\/shaping-pencil-nude-rose\/#primaryimage","url":"https:\/\/nereumatias.com\/wp-content\/uploads\/2025\/07\/23c8717ef5d7337db5ca26f62ef5cd54_1200x9999-1.jpg","contentUrl":"https:\/\/nereumatias.com\/wp-content\/uploads\/2025\/07\/23c8717ef5d7337db5ca26f62ef5cd54_1200x9999-1.jpg","width":1200,"height":1200},{"@type":"BreadcrumbList","@id":"https:\/\/nereumatias.com\/producto\/shaping-pencil-nude-rose\/#breadcrumb","itemListElement":[{"@type":"ListItem","position":1,"name":"Home","item":"https:\/\/nereumatias.com\/"},{"@type":"ListItem","position":2,"name":"Tienda","item":"https:\/\/nereumatias.com\/tienda-online\/"},{"@type":"ListItem","position":3,"name":"Shaping Pencil Pink Kiss"}]},{"@type":"WebSite","@id":"https:\/\/nereumatias.com\/#website","url":"https:\/\/nereumatias.com\/","name":"Formaciones PhiAcademy - Phiseller Espa\u00f1a","description":"PhiAcademy","publisher":{"@id":"https:\/\/nereumatias.com\/#organization"},"potentialAction":[{"@type":"SearchAction","target":{"@type":"EntryPoint","urlTemplate":"https:\/\/nereumatias.com\/?s={search_term_string}"},"query-input":{"@type":"PropertyValueSpecification","valueRequired":true,"valueName":"search_term_string"}}],"inLanguage":"pt-BR"},{"@type":"Organization","@id":"https:\/\/nereumatias.com\/#organization","name":"Formaciones PhiAcademy - Phiseller Espa\u00f1a","url":"https:\/\/nereumatias.com\/","logo":{"@type":"ImageObject","inLanguage":"pt-BR","@id":"https:\/\/nereumatias.com\/#\/schema\/logo\/image\/","url":"https:\/\/nereumatias.com\/wp-content\/uploads\/2022\/09\/logo-phiseller-negro-150.png","contentUrl":"https:\/\/nereumatias.com\/wp-content\/uploads\/2022\/09\/logo-phiseller-negro-150.png","width":375,"height":150,"caption":"Formaciones PhiAcademy - Phiseller Espa\u00f1a"},"image":{"@id":"https:\/\/nereumatias.com\/#\/schema\/logo\/image\/"},"sameAs":["https:\/\/www.facebook.com\/nereumatias"]}]}},"_links":{"self":[{"href":"https:\/\/nereumatias.com\/pt\/wp-json\/wp\/v2\/product\/46943","targetHints":{"allow":["GET"]}}],"collection":[{"href":"https:\/\/nereumatias.com\/pt\/wp-json\/wp\/v2\/product"}],"about":[{"href":"https:\/\/nereumatias.com\/pt\/wp-json\/wp\/v2\/types\/product"}],"replies":[{"embeddable":true,"href":"https:\/\/nereumatias.com\/pt\/wp-json\/wp\/v2\/comments?post=46943"}],"version-history":[{"count":2,"href":"https:\/\/nereumatias.com\/pt\/wp-json\/wp\/v2\/product\/46943\/revisions"}],"predecessor-version":[{"id":46946,"href":"https:\/\/nereumatias.com\/pt\/wp-json\/wp\/v2\/product\/46943\/revisions\/46946"}],"wp:featuredmedia":[{"embeddable":true,"href":"https:\/\/nereumatias.com\/pt\/wp-json\/wp\/v2\/media\/46944"}],"wp:attachment":[{"href":"https:\/\/nereumatias.com\/pt\/wp-json\/wp\/v2\/media?parent=46943"}],"wp:term":[{"taxonomy":"product_brand","embeddable":true,"href":"https:\/\/nereumatias.com\/pt\/wp-json\/wp\/v2\/product_brand?post=46943"},{"taxonomy":"product_cat","embeddable":true,"href":"https:\/\/nereumatias.com\/pt\/wp-json\/wp\/v2\/product_cat?post=46943"},{"taxonomy":"product_tag","embeddable":true,"href":"https:\/\/nereumatias.com\/pt\/wp-json\/wp\/v2\/product_tag?post=46943"}],"curies":[{"name":"wp","href":"https:\/\/api.w.org\/{rel}","templated":true}]}}