{"id":45917,"date":"2024-09-25T14:55:06","date_gmt":"2024-09-25T12:55:06","guid":{"rendered":"https:\/\/nereumatias.com\/?post_type=product&#038;p=45917"},"modified":"2026-02-14T16:44:55","modified_gmt":"2026-02-14T15:44:55","slug":"bb-stroke-madrid","status":"publish","type":"product","link":"https:\/\/nereumatias.com\/pt\/produto\/bb-stroke-madrid\/","title":{"rendered":"CURSO BB STROKE MADRID"},"content":{"rendered":"<p>BB Stroke es una t\u00e9cnica avanzada de micropigmentaci\u00f3n de cejas que trabaja trazos ultrafinos y estrat\u00e9gicamente posicionados para imitar el crecimiento real del vello, pero con mayor definici\u00f3n, estructura y elegancia.<\/p>\n<p>No es el cl\u00e1sico pelo a pelo tradicional.<br \/>\nBB Stroke se centra en:<\/p>\n<p>\u2022 \ud83d\udd8b\ufe0f Direccionalidad inteligente: los trazos siguen el flujo natural del crecimiento.<br \/>\n\u2022 \ud83c\udfaf Estructura controlada: crea forma, densidad y equilibrio facial.<br \/>\n\u2022 \ud83c\udf3f Naturalidad evolucionada: efecto realista, pero con car\u00e1cter.<br \/>\n\u2022 \u2699\ufe0f Precisi\u00f3n t\u00e9cnica: control absoluto de profundidad y presi\u00f3n para una cicatrizaci\u00f3n limpia.<\/p>\n<p>El resultado son cejas con movimiento, textura y sofisticaci\u00f3n.<br \/>\nSe ven naturales\u2026 pero mejoradas. Definidas\u2026 pero no r\u00edgidas.<\/p>\n<p>Es la t\u00e9cnica ideal para clientes que quieren realismo, pero con presencia. Porque una ceja bien ejecutada no grita, susurra con elegancia.<\/p>","protected":false},"excerpt":{"rendered":"<p>BB Stroke es una t\u00e9cnica avanzada de micropigmentaci\u00f3n de cejas que trabaja trazos ultrafinos y estrat\u00e9gicamente posicionados para imitar el crecimiento real del vello, pero con mayor definici\u00f3n, estructura y elegancia. No es el cl\u00e1sico pelo a pelo tradicional. BB Stroke se centra en: \u2022 \ud83d\udd8b\ufe0f Direccionalidad inteligente: los trazos siguen el flujo natural del crecimiento. \u2022 \ud83c\udfaf Estructura controlada: crea forma, densidad y equilibrio facial. \u2022 \ud83c\udf3f Naturalidad evolucionada: efecto realista, pero con car\u00e1cter. \u2022 \u2699\ufe0f Precisi\u00f3n t\u00e9cnica: control absoluto de profundidad y presi\u00f3n para una cicatrizaci\u00f3n limpia. El resultado son cejas con movimiento, textura y sofisticaci\u00f3n. Se ven naturales\u2026 pero mejoradas. Definidas\u2026 pero no r\u00edgidas. Es la t\u00e9cnica ideal para clientes que quieren realismo, pero con presencia. Porque una ceja bien ejecutada no grita, susurra con elegancia.<\/p>","protected":false},"featured_media":47033,"comment_status":"closed","ping_status":"closed","template":"","meta":{"_acf_changed":false,"_joinchat":[]},"product_brand":[],"product_cat":[60,204],"product_tag":[228,229],"class_list":{"0":"post-45917","1":"product","2":"type-product","3":"status-publish","4":"has-post-thumbnail","6":"product_cat-cursos-presenciales","7":"product_cat-philips","8":"product_tag-228","9":"product_tag-curso-lasheslifting-browslifting","11":"first","12":"instock","13":"virtual","14":"taxable","15":"purchasable","16":"product-type-simple"},"supplier_id":null,"supplier_sku":"","barcode":null,"atum_controlled":true,"out_stock_date":null,"out_stock_threshold":null,"inheritable":false,"inbound_stock":null,"stock_on_hold":0,"sold_today":0,"sales_last_days":0,"reserved_stock":null,"customer_returns":null,"warehouse_damage":null,"lost_in_post":null,"other_logs":null,"out_stock_days":0,"lost_sales":0,"has_location":false,"update_date":"2026-04-15T10:16:37","atum_locations":[],"atum_stock_status":"instock","restock_status":false,"low_stock_amount":"","sales_update_date":"2026-04-15T10:16:37","calc_backorders":null,"acf":[],"yoast_head":"<!-- This site is optimized with the Yoast SEO plugin v24.8 - https:\/\/yoast.com\/wordpress\/plugins\/seo\/ -->\n<title>CURSO BB STROKE MADRID - Formaciones PhiAcademy - Phiseller Espa\u00f1a<\/title>\n<meta name=\"description\" content=\"BB Stroke es una t\u00e9cnica pelo a pelo enfocada en estabilidad, naturalidad y comportamiento en piel curada.No busca impacto inmediato, sino resultados que se mantengan correctos con el tiempo.\" \/>\n<meta name=\"robots\" content=\"index, follow, max-snippet:-1, max-image-preview:large, max-video-preview:-1\" \/>\n<link rel=\"canonical\" href=\"https:\/\/nereumatias.com\/pt\/produto\/bb-stroke-madrid\/\" \/>\n<meta property=\"og:locale\" content=\"pt_BR\" \/>\n<meta property=\"og:type\" content=\"article\" \/>\n<meta property=\"og:title\" content=\"CURSO BB STROKE MADRID - Formaciones PhiAcademy - Phiseller Espa\u00f1a\" \/>\n<meta property=\"og:description\" content=\"BB Stroke es una t\u00e9cnica pelo a pelo enfocada en estabilidad, naturalidad y comportamiento en piel curada.No busca impacto inmediato, sino resultados que se mantengan correctos con el tiempo.\" \/>\n<meta property=\"og:url\" content=\"https:\/\/nereumatias.com\/pt\/produto\/bb-stroke-madrid\/\" \/>\n<meta property=\"og:site_name\" content=\"Formaciones PhiAcademy - Phiseller Espa\u00f1a\" \/>\n<meta property=\"article:publisher\" content=\"https:\/\/www.facebook.com\/nereumatias\" \/>\n<meta property=\"article:modified_time\" content=\"2026-02-14T15:44:55+00:00\" \/>\n<meta property=\"og:image\" content=\"https:\/\/nereumatias.com\/wp-content\/uploads\/2024\/09\/BB_Stroke_Madrid.jpg\" \/>\n\t<meta property=\"og:image:width\" content=\"1080\" \/>\n\t<meta property=\"og:image:height\" content=\"1093\" \/>\n\t<meta property=\"og:image:type\" content=\"image\/jpeg\" \/>\n<meta name=\"twitter:card\" content=\"summary_large_image\" \/>\n<script type=\"application\/ld+json\" class=\"yoast-schema-graph\">{\"@context\":\"https:\/\/schema.org\",\"@graph\":[{\"@type\":\"WebPage\",\"@id\":\"https:\/\/nereumatias.com\/producto\/bb-stroke-madrid\/\",\"url\":\"https:\/\/nereumatias.com\/producto\/bb-stroke-madrid\/\",\"name\":\"CURSO BB STROKE MADRID - Formaciones PhiAcademy - Phiseller Espa\u00f1a\",\"isPartOf\":{\"@id\":\"https:\/\/nereumatias.com\/#website\"},\"primaryImageOfPage\":{\"@id\":\"https:\/\/nereumatias.com\/producto\/bb-stroke-madrid\/#primaryimage\"},\"image\":{\"@id\":\"https:\/\/nereumatias.com\/producto\/bb-stroke-madrid\/#primaryimage\"},\"thumbnailUrl\":\"https:\/\/nereumatias.com\/wp-content\/uploads\/2024\/09\/BB_Stroke_Madrid.jpg\",\"datePublished\":\"2024-09-25T12:55:06+00:00\",\"dateModified\":\"2026-02-14T15:44:55+00:00\",\"description\":\"BB Stroke es una t\u00e9cnica pelo a pelo enfocada en estabilidad, naturalidad y comportamiento en piel curada.No busca impacto inmediato, sino resultados que se mantengan correctos con el tiempo.\",\"breadcrumb\":{\"@id\":\"https:\/\/nereumatias.com\/producto\/bb-stroke-madrid\/#breadcrumb\"},\"inLanguage\":\"pt-BR\",\"potentialAction\":[{\"@type\":\"ReadAction\",\"target\":[\"https:\/\/nereumatias.com\/producto\/bb-stroke-madrid\/\"]}]},{\"@type\":\"ImageObject\",\"inLanguage\":\"pt-BR\",\"@id\":\"https:\/\/nereumatias.com\/producto\/bb-stroke-madrid\/#primaryimage\",\"url\":\"https:\/\/nereumatias.com\/wp-content\/uploads\/2024\/09\/BB_Stroke_Madrid.jpg\",\"contentUrl\":\"https:\/\/nereumatias.com\/wp-content\/uploads\/2024\/09\/BB_Stroke_Madrid.jpg\",\"width\":1080,\"height\":1093},{\"@type\":\"BreadcrumbList\",\"@id\":\"https:\/\/nereumatias.com\/producto\/bb-stroke-madrid\/#breadcrumb\",\"itemListElement\":[{\"@type\":\"ListItem\",\"position\":1,\"name\":\"Home\",\"item\":\"https:\/\/nereumatias.com\/\"},{\"@type\":\"ListItem\",\"position\":2,\"name\":\"Tienda\",\"item\":\"https:\/\/nereumatias.com\/tienda-online\/\"},{\"@type\":\"ListItem\",\"position\":3,\"name\":\"CURSO BB STROKE MADRID\"}]},{\"@type\":\"WebSite\",\"@id\":\"https:\/\/nereumatias.com\/#website\",\"url\":\"https:\/\/nereumatias.com\/\",\"name\":\"Formaciones PhiAcademy - Phiseller Espa\u00f1a\",\"description\":\"PhiAcademy\",\"publisher\":{\"@id\":\"https:\/\/nereumatias.com\/#organization\"},\"potentialAction\":[{\"@type\":\"SearchAction\",\"target\":{\"@type\":\"EntryPoint\",\"urlTemplate\":\"https:\/\/nereumatias.com\/?s={search_term_string}\"},\"query-input\":{\"@type\":\"PropertyValueSpecification\",\"valueRequired\":true,\"valueName\":\"search_term_string\"}}],\"inLanguage\":\"pt-BR\"},{\"@type\":\"Organization\",\"@id\":\"https:\/\/nereumatias.com\/#organization\",\"name\":\"Formaciones PhiAcademy - Phiseller Espa\u00f1a\",\"url\":\"https:\/\/nereumatias.com\/\",\"logo\":{\"@type\":\"ImageObject\",\"inLanguage\":\"pt-BR\",\"@id\":\"https:\/\/nereumatias.com\/#\/schema\/logo\/image\/\",\"url\":\"https:\/\/nereumatias.com\/wp-content\/uploads\/2022\/09\/logo-phiseller-negro-150.png\",\"contentUrl\":\"https:\/\/nereumatias.com\/wp-content\/uploads\/2022\/09\/logo-phiseller-negro-150.png\",\"width\":375,\"height\":150,\"caption\":\"Formaciones PhiAcademy - Phiseller Espa\u00f1a\"},\"image\":{\"@id\":\"https:\/\/nereumatias.com\/#\/schema\/logo\/image\/\"},\"sameAs\":[\"https:\/\/www.facebook.com\/nereumatias\"]}]}<\/script>\n<!-- \/ Yoast SEO plugin. -->","yoast_head_json":{"title":"CURSO BB STROKE MADRID - Formaciones PhiAcademy - Phiseller Espa\u00f1a","description":"BB Stroke es una t\u00e9cnica pelo a pelo enfocada en estabilidad, naturalidad y comportamiento en piel curada.No busca impacto inmediato, sino resultados que se mantengan correctos con el tiempo.","robots":{"index":"index","follow":"follow","max-snippet":"max-snippet:-1","max-image-preview":"max-image-preview:large","max-video-preview":"max-video-preview:-1"},"canonical":"https:\/\/nereumatias.com\/pt\/produto\/bb-stroke-madrid\/","og_locale":"pt_BR","og_type":"article","og_title":"CURSO BB STROKE MADRID - Formaciones PhiAcademy - Phiseller Espa\u00f1a","og_description":"BB Stroke es una t\u00e9cnica pelo a pelo enfocada en estabilidad, naturalidad y comportamiento en piel curada.No busca impacto inmediato, sino resultados que se mantengan correctos con el tiempo.","og_url":"https:\/\/nereumatias.com\/pt\/produto\/bb-stroke-madrid\/","og_site_name":"Formaciones PhiAcademy - Phiseller Espa\u00f1a","article_publisher":"https:\/\/www.facebook.com\/nereumatias","article_modified_time":"2026-02-14T15:44:55+00:00","og_image":[{"width":1080,"height":1093,"url":"https:\/\/nereumatias.com\/wp-content\/uploads\/2024\/09\/BB_Stroke_Madrid.jpg","type":"image\/jpeg"}],"twitter_card":"summary_large_image","schema":{"@context":"https:\/\/schema.org","@graph":[{"@type":"WebPage","@id":"https:\/\/nereumatias.com\/producto\/bb-stroke-madrid\/","url":"https:\/\/nereumatias.com\/producto\/bb-stroke-madrid\/","name":"CURSO BB STROKE MADRID - Formaciones PhiAcademy - Phiseller Espa\u00f1a","isPartOf":{"@id":"https:\/\/nereumatias.com\/#website"},"primaryImageOfPage":{"@id":"https:\/\/nereumatias.com\/producto\/bb-stroke-madrid\/#primaryimage"},"image":{"@id":"https:\/\/nereumatias.com\/producto\/bb-stroke-madrid\/#primaryimage"},"thumbnailUrl":"https:\/\/nereumatias.com\/wp-content\/uploads\/2024\/09\/BB_Stroke_Madrid.jpg","datePublished":"2024-09-25T12:55:06+00:00","dateModified":"2026-02-14T15:44:55+00:00","description":"BB Stroke es una t\u00e9cnica pelo a pelo enfocada en estabilidad, naturalidad y comportamiento en piel curada.No busca impacto inmediato, sino resultados que se mantengan correctos con el tiempo.","breadcrumb":{"@id":"https:\/\/nereumatias.com\/producto\/bb-stroke-madrid\/#breadcrumb"},"inLanguage":"pt-BR","potentialAction":[{"@type":"ReadAction","target":["https:\/\/nereumatias.com\/producto\/bb-stroke-madrid\/"]}]},{"@type":"ImageObject","inLanguage":"pt-BR","@id":"https:\/\/nereumatias.com\/producto\/bb-stroke-madrid\/#primaryimage","url":"https:\/\/nereumatias.com\/wp-content\/uploads\/2024\/09\/BB_Stroke_Madrid.jpg","contentUrl":"https:\/\/nereumatias.com\/wp-content\/uploads\/2024\/09\/BB_Stroke_Madrid.jpg","width":1080,"height":1093},{"@type":"BreadcrumbList","@id":"https:\/\/nereumatias.com\/producto\/bb-stroke-madrid\/#breadcrumb","itemListElement":[{"@type":"ListItem","position":1,"name":"Home","item":"https:\/\/nereumatias.com\/"},{"@type":"ListItem","position":2,"name":"Tienda","item":"https:\/\/nereumatias.com\/tienda-online\/"},{"@type":"ListItem","position":3,"name":"CURSO BB STROKE MADRID"}]},{"@type":"WebSite","@id":"https:\/\/nereumatias.com\/#website","url":"https:\/\/nereumatias.com\/","name":"Formaciones PhiAcademy - Phiseller Espa\u00f1a","description":"PhiAcademy","publisher":{"@id":"https:\/\/nereumatias.com\/#organization"},"potentialAction":[{"@type":"SearchAction","target":{"@type":"EntryPoint","urlTemplate":"https:\/\/nereumatias.com\/?s={search_term_string}"},"query-input":{"@type":"PropertyValueSpecification","valueRequired":true,"valueName":"search_term_string"}}],"inLanguage":"pt-BR"},{"@type":"Organization","@id":"https:\/\/nereumatias.com\/#organization","name":"Formaciones PhiAcademy - Phiseller Espa\u00f1a","url":"https:\/\/nereumatias.com\/","logo":{"@type":"ImageObject","inLanguage":"pt-BR","@id":"https:\/\/nereumatias.com\/#\/schema\/logo\/image\/","url":"https:\/\/nereumatias.com\/wp-content\/uploads\/2022\/09\/logo-phiseller-negro-150.png","contentUrl":"https:\/\/nereumatias.com\/wp-content\/uploads\/2022\/09\/logo-phiseller-negro-150.png","width":375,"height":150,"caption":"Formaciones PhiAcademy - Phiseller Espa\u00f1a"},"image":{"@id":"https:\/\/nereumatias.com\/#\/schema\/logo\/image\/"},"sameAs":["https:\/\/www.facebook.com\/nereumatias"]}]}},"_links":{"self":[{"href":"https:\/\/nereumatias.com\/pt\/wp-json\/wp\/v2\/product\/45917","targetHints":{"allow":["GET"]}}],"collection":[{"href":"https:\/\/nereumatias.com\/pt\/wp-json\/wp\/v2\/product"}],"about":[{"href":"https:\/\/nereumatias.com\/pt\/wp-json\/wp\/v2\/types\/product"}],"replies":[{"embeddable":true,"href":"https:\/\/nereumatias.com\/pt\/wp-json\/wp\/v2\/comments?post=45917"}],"version-history":[{"count":3,"href":"https:\/\/nereumatias.com\/pt\/wp-json\/wp\/v2\/product\/45917\/revisions"}],"predecessor-version":[{"id":47046,"href":"https:\/\/nereumatias.com\/pt\/wp-json\/wp\/v2\/product\/45917\/revisions\/47046"}],"wp:featuredmedia":[{"embeddable":true,"href":"https:\/\/nereumatias.com\/pt\/wp-json\/wp\/v2\/media\/47033"}],"wp:attachment":[{"href":"https:\/\/nereumatias.com\/pt\/wp-json\/wp\/v2\/media?parent=45917"}],"wp:term":[{"taxonomy":"product_brand","embeddable":true,"href":"https:\/\/nereumatias.com\/pt\/wp-json\/wp\/v2\/product_brand?post=45917"},{"taxonomy":"product_cat","embeddable":true,"href":"https:\/\/nereumatias.com\/pt\/wp-json\/wp\/v2\/product_cat?post=45917"},{"taxonomy":"product_tag","embeddable":true,"href":"https:\/\/nereumatias.com\/pt\/wp-json\/wp\/v2\/product_tag?post=45917"}],"curies":[{"name":"wp","href":"https:\/\/api.w.org\/{rel}","templated":true}]}}