{"id":44726,"date":"2023-08-14T18:05:39","date_gmt":"2023-08-14T16:05:39","guid":{"rendered":"https:\/\/nereumatias.com\/?post_type=product&#038;p=44726"},"modified":"2025-10-05T13:00:52","modified_gmt":"2025-10-05T11:00:52","slug":"curso-powderbrows-paris","status":"publish","type":"product","link":"https:\/\/nereumatias.com\/pt\/produto\/curso-powderbrows-paris\/","title":{"rendered":"CURSO POWDERBROWS PARIS 2026"},"content":{"rendered":"<p><strong><span style=\"color: #333333;\">CURSO DE TREINAMENTO B\u00c1SICO DA POWDERBROWS\u00a0<\/span><\/strong><br \/>\n<span style=\"color: #333333;\">Este curso o preparar\u00e1 para criar, moldar e implantar cores semipermanentes que se assemelham \u00e0 maquiagem suave de sobrancelhas para seus clientes.<\/span><\/p>\n<p><span style=\"color: #333333;\">\u00a0- Curso oficial da PhiAcademy<\/span><\/p>\n<p><span style=\"color: #333333;\">- A melhor academia<\/span><\/p>\n<p><span style=\"color: #333333;\">- Venha treinar com os melhores<\/span><\/p>\n<p><span style=\"color: #333333;\">- Poucos lugares<\/span><\/p>\n<p><strong><span style=\"color: #333333;\">BROTOS DE P\u00d3<\/span><\/strong><\/p>\n<p style=\"text-align: justify;\"><span style=\"font-size: 10pt; color: #333333;\">Uma t\u00e9cnica de sombreamento de sobrancelhas realizada com derm\u00f3grafo que usa a combina\u00e7\u00e3o de pontos e sombreamento para obter um efeito de pixel em p\u00f3 suave e natural. Diferentemente da maquiagem permanente convencional, o PowderBrows constr\u00f3i as sobrancelhas com uma t\u00e9cnica especial de sombreamento. Nosso treinamento se concentra em preencher ou engrossar \u00e1reas com uma cor suave ou mais escura que varia em transpar\u00eancia. Ao contr\u00e1rio da cria\u00e7\u00e3o de tra\u00e7os de microblading do zero para cobrir \u00e1reas calvas ou finas, a aplica\u00e7\u00e3o de milhares de pequenos pontos de pigmento inseridos na pele gradualmente garante que n\u00e3o haja bordas \u00e1speras e que o sombreamento torne a apar\u00eancia um pouco mais suave. Este curso o preparar\u00e1 para desenhar, moldar e implantar cores semipermanentes que se assemelham \u00e0 maquiagem suave de sobrancelhas para seus clientes. <\/span><\/p>\n<p><span style=\"font-size: 10pt; color: #333333;\">DOIS DIAS DE TREINAMENTO:<\/span><\/p>","protected":false},"excerpt":{"rendered":"<p><i class=\"fa fa-calendar\"><\/i> &nbsp; 2025<\/p>\n<p><i class=\"fa fa-map-marker\"><\/i> &nbsp; Sevilla\/Espa\u00f1a<\/p>","protected":false},"featured_media":46997,"comment_status":"closed","ping_status":"closed","template":"","meta":{"_acf_changed":false,"_joinchat":[]},"product_brand":[],"product_cat":[242,60,166],"product_tag":[227,167],"class_list":{"0":"post-44726","1":"product","2":"type-product","3":"status-publish","4":"has-post-thumbnail","6":"product_cat-242","7":"product_cat-cursos-presenciales","8":"product_cat-powderbrows","9":"product_tag-227","10":"product_tag-curso-powderbrows","12":"first","13":"instock","14":"taxable","15":"shipping-taxable","16":"purchasable","17":"product-type-simple"},"supplier_id":null,"supplier_sku":"","barcode":null,"atum_controlled":true,"out_stock_date":null,"out_stock_threshold":null,"inheritable":false,"inbound_stock":null,"stock_on_hold":0,"sold_today":0,"sales_last_days":0,"reserved_stock":null,"customer_returns":null,"warehouse_damage":null,"lost_in_post":null,"other_logs":null,"out_stock_days":0,"lost_sales":0,"has_location":false,"update_date":"2026-05-10T12:46:47","atum_locations":[],"atum_stock_status":"instock","restock_status":false,"low_stock_amount":"","sales_update_date":"2026-05-10T12:46:47","calc_backorders":null,"acf":[],"yoast_head":"<!-- This site is optimized with the Yoast SEO plugin v24.8 - https:\/\/yoast.com\/wordpress\/plugins\/seo\/ -->\n<title>CURSO POWDERBROWS PARIS 2026 - Formaciones PhiAcademy - Phiseller Espa\u00f1a<\/title>\n<meta name=\"description\" content=\"Este curso te preparara para dise\u00f1ar, dar forma e implantar un color semipermanente que se asemeje a un maquillaje de cejas suave para tus clientes.\" \/>\n<meta name=\"robots\" content=\"index, follow, max-snippet:-1, max-image-preview:large, max-video-preview:-1\" \/>\n<link rel=\"canonical\" href=\"https:\/\/nereumatias.com\/pt\/produto\/curso-powderbrows-paris\/\" \/>\n<meta property=\"og:locale\" content=\"pt_BR\" \/>\n<meta property=\"og:type\" content=\"article\" \/>\n<meta property=\"og:title\" content=\"CURSO POWDERBROWS PARIS 2026 - Formaciones PhiAcademy - Phiseller Espa\u00f1a\" \/>\n<meta property=\"og:description\" content=\"Este curso te preparara para dise\u00f1ar, dar forma e implantar un color semipermanente que se asemeje a un maquillaje de cejas suave para tus clientes.\" \/>\n<meta property=\"og:url\" content=\"https:\/\/nereumatias.com\/pt\/produto\/curso-powderbrows-paris\/\" \/>\n<meta property=\"og:site_name\" content=\"Formaciones PhiAcademy - Phiseller Espa\u00f1a\" \/>\n<meta property=\"article:publisher\" content=\"https:\/\/www.facebook.com\/nereumatias\" \/>\n<meta property=\"article:modified_time\" content=\"2025-10-05T11:00:52+00:00\" \/>\n<meta property=\"og:image\" content=\"https:\/\/nereumatias.com\/wp-content\/uploads\/2022\/11\/POWDERBROWS-PARIS.png\" \/>\n\t<meta property=\"og:image:width\" content=\"819\" \/>\n\t<meta property=\"og:image:height\" content=\"1024\" \/>\n\t<meta property=\"og:image:type\" content=\"image\/png\" \/>\n<meta name=\"twitter:card\" content=\"summary_large_image\" \/>\n<script type=\"application\/ld+json\" class=\"yoast-schema-graph\">{\"@context\":\"https:\/\/schema.org\",\"@graph\":[{\"@type\":\"WebPage\",\"@id\":\"https:\/\/nereumatias.com\/producto\/curso-powderbrows-paris\/\",\"url\":\"https:\/\/nereumatias.com\/producto\/curso-powderbrows-paris\/\",\"name\":\"CURSO POWDERBROWS PARIS 2026 - Formaciones PhiAcademy - Phiseller Espa\u00f1a\",\"isPartOf\":{\"@id\":\"https:\/\/nereumatias.com\/#website\"},\"primaryImageOfPage\":{\"@id\":\"https:\/\/nereumatias.com\/producto\/curso-powderbrows-paris\/#primaryimage\"},\"image\":{\"@id\":\"https:\/\/nereumatias.com\/producto\/curso-powderbrows-paris\/#primaryimage\"},\"thumbnailUrl\":\"https:\/\/nereumatias.com\/wp-content\/uploads\/2022\/11\/POWDERBROWS-PARIS.png\",\"datePublished\":\"2023-08-14T16:05:39+00:00\",\"dateModified\":\"2025-10-05T11:00:52+00:00\",\"description\":\"Este curso te preparara para dise\u00f1ar, dar forma e implantar un color semipermanente que se asemeje a un maquillaje de cejas suave para tus clientes.\",\"breadcrumb\":{\"@id\":\"https:\/\/nereumatias.com\/producto\/curso-powderbrows-paris\/#breadcrumb\"},\"inLanguage\":\"pt-BR\",\"potentialAction\":[{\"@type\":\"ReadAction\",\"target\":[\"https:\/\/nereumatias.com\/producto\/curso-powderbrows-paris\/\"]}]},{\"@type\":\"ImageObject\",\"inLanguage\":\"pt-BR\",\"@id\":\"https:\/\/nereumatias.com\/producto\/curso-powderbrows-paris\/#primaryimage\",\"url\":\"https:\/\/nereumatias.com\/wp-content\/uploads\/2022\/11\/POWDERBROWS-PARIS.png\",\"contentUrl\":\"https:\/\/nereumatias.com\/wp-content\/uploads\/2022\/11\/POWDERBROWS-PARIS.png\",\"width\":819,\"height\":1024},{\"@type\":\"BreadcrumbList\",\"@id\":\"https:\/\/nereumatias.com\/producto\/curso-powderbrows-paris\/#breadcrumb\",\"itemListElement\":[{\"@type\":\"ListItem\",\"position\":1,\"name\":\"Home\",\"item\":\"https:\/\/nereumatias.com\/\"},{\"@type\":\"ListItem\",\"position\":2,\"name\":\"Tienda\",\"item\":\"https:\/\/nereumatias.com\/tienda-online\/\"},{\"@type\":\"ListItem\",\"position\":3,\"name\":\"CURSO POWDERBROWS PARIS 2026\"}]},{\"@type\":\"WebSite\",\"@id\":\"https:\/\/nereumatias.com\/#website\",\"url\":\"https:\/\/nereumatias.com\/\",\"name\":\"Formaciones PhiAcademy - Phiseller Espa\u00f1a\",\"description\":\"PhiAcademy\",\"publisher\":{\"@id\":\"https:\/\/nereumatias.com\/#organization\"},\"potentialAction\":[{\"@type\":\"SearchAction\",\"target\":{\"@type\":\"EntryPoint\",\"urlTemplate\":\"https:\/\/nereumatias.com\/?s={search_term_string}\"},\"query-input\":{\"@type\":\"PropertyValueSpecification\",\"valueRequired\":true,\"valueName\":\"search_term_string\"}}],\"inLanguage\":\"pt-BR\"},{\"@type\":\"Organization\",\"@id\":\"https:\/\/nereumatias.com\/#organization\",\"name\":\"Formaciones PhiAcademy - Phiseller Espa\u00f1a\",\"url\":\"https:\/\/nereumatias.com\/\",\"logo\":{\"@type\":\"ImageObject\",\"inLanguage\":\"pt-BR\",\"@id\":\"https:\/\/nereumatias.com\/#\/schema\/logo\/image\/\",\"url\":\"https:\/\/nereumatias.com\/wp-content\/uploads\/2022\/09\/logo-phiseller-negro-150.png\",\"contentUrl\":\"https:\/\/nereumatias.com\/wp-content\/uploads\/2022\/09\/logo-phiseller-negro-150.png\",\"width\":375,\"height\":150,\"caption\":\"Formaciones PhiAcademy - Phiseller Espa\u00f1a\"},\"image\":{\"@id\":\"https:\/\/nereumatias.com\/#\/schema\/logo\/image\/\"},\"sameAs\":[\"https:\/\/www.facebook.com\/nereumatias\"]}]}<\/script>\n<!-- \/ Yoast SEO plugin. -->","yoast_head_json":{"title":"CURSO POWDERBROWS PARIS 2026 - Formaciones PhiAcademy - Phiseller Espa\u00f1a","description":"Este curso te preparara para dise\u00f1ar, dar forma e implantar un color semipermanente que se asemeje a un maquillaje de cejas suave para tus clientes.","robots":{"index":"index","follow":"follow","max-snippet":"max-snippet:-1","max-image-preview":"max-image-preview:large","max-video-preview":"max-video-preview:-1"},"canonical":"https:\/\/nereumatias.com\/pt\/produto\/curso-powderbrows-paris\/","og_locale":"pt_BR","og_type":"article","og_title":"CURSO POWDERBROWS PARIS 2026 - Formaciones PhiAcademy - Phiseller Espa\u00f1a","og_description":"Este curso te preparara para dise\u00f1ar, dar forma e implantar un color semipermanente que se asemeje a un maquillaje de cejas suave para tus clientes.","og_url":"https:\/\/nereumatias.com\/pt\/produto\/curso-powderbrows-paris\/","og_site_name":"Formaciones PhiAcademy - Phiseller Espa\u00f1a","article_publisher":"https:\/\/www.facebook.com\/nereumatias","article_modified_time":"2025-10-05T11:00:52+00:00","og_image":[{"width":819,"height":1024,"url":"https:\/\/nereumatias.com\/wp-content\/uploads\/2022\/11\/POWDERBROWS-PARIS.png","type":"image\/png"}],"twitter_card":"summary_large_image","schema":{"@context":"https:\/\/schema.org","@graph":[{"@type":"WebPage","@id":"https:\/\/nereumatias.com\/producto\/curso-powderbrows-paris\/","url":"https:\/\/nereumatias.com\/producto\/curso-powderbrows-paris\/","name":"CURSO POWDERBROWS PARIS 2026 - Formaciones PhiAcademy - Phiseller Espa\u00f1a","isPartOf":{"@id":"https:\/\/nereumatias.com\/#website"},"primaryImageOfPage":{"@id":"https:\/\/nereumatias.com\/producto\/curso-powderbrows-paris\/#primaryimage"},"image":{"@id":"https:\/\/nereumatias.com\/producto\/curso-powderbrows-paris\/#primaryimage"},"thumbnailUrl":"https:\/\/nereumatias.com\/wp-content\/uploads\/2022\/11\/POWDERBROWS-PARIS.png","datePublished":"2023-08-14T16:05:39+00:00","dateModified":"2025-10-05T11:00:52+00:00","description":"Este curso te preparara para dise\u00f1ar, dar forma e implantar un color semipermanente que se asemeje a un maquillaje de cejas suave para tus clientes.","breadcrumb":{"@id":"https:\/\/nereumatias.com\/producto\/curso-powderbrows-paris\/#breadcrumb"},"inLanguage":"pt-BR","potentialAction":[{"@type":"ReadAction","target":["https:\/\/nereumatias.com\/producto\/curso-powderbrows-paris\/"]}]},{"@type":"ImageObject","inLanguage":"pt-BR","@id":"https:\/\/nereumatias.com\/producto\/curso-powderbrows-paris\/#primaryimage","url":"https:\/\/nereumatias.com\/wp-content\/uploads\/2022\/11\/POWDERBROWS-PARIS.png","contentUrl":"https:\/\/nereumatias.com\/wp-content\/uploads\/2022\/11\/POWDERBROWS-PARIS.png","width":819,"height":1024},{"@type":"BreadcrumbList","@id":"https:\/\/nereumatias.com\/producto\/curso-powderbrows-paris\/#breadcrumb","itemListElement":[{"@type":"ListItem","position":1,"name":"Home","item":"https:\/\/nereumatias.com\/"},{"@type":"ListItem","position":2,"name":"Tienda","item":"https:\/\/nereumatias.com\/tienda-online\/"},{"@type":"ListItem","position":3,"name":"CURSO POWDERBROWS PARIS 2026"}]},{"@type":"WebSite","@id":"https:\/\/nereumatias.com\/#website","url":"https:\/\/nereumatias.com\/","name":"Formaciones PhiAcademy - Phiseller Espa\u00f1a","description":"PhiAcademy","publisher":{"@id":"https:\/\/nereumatias.com\/#organization"},"potentialAction":[{"@type":"SearchAction","target":{"@type":"EntryPoint","urlTemplate":"https:\/\/nereumatias.com\/?s={search_term_string}"},"query-input":{"@type":"PropertyValueSpecification","valueRequired":true,"valueName":"search_term_string"}}],"inLanguage":"pt-BR"},{"@type":"Organization","@id":"https:\/\/nereumatias.com\/#organization","name":"Formaciones PhiAcademy - Phiseller Espa\u00f1a","url":"https:\/\/nereumatias.com\/","logo":{"@type":"ImageObject","inLanguage":"pt-BR","@id":"https:\/\/nereumatias.com\/#\/schema\/logo\/image\/","url":"https:\/\/nereumatias.com\/wp-content\/uploads\/2022\/09\/logo-phiseller-negro-150.png","contentUrl":"https:\/\/nereumatias.com\/wp-content\/uploads\/2022\/09\/logo-phiseller-negro-150.png","width":375,"height":150,"caption":"Formaciones PhiAcademy - Phiseller Espa\u00f1a"},"image":{"@id":"https:\/\/nereumatias.com\/#\/schema\/logo\/image\/"},"sameAs":["https:\/\/www.facebook.com\/nereumatias"]}]}},"_links":{"self":[{"href":"https:\/\/nereumatias.com\/pt\/wp-json\/wp\/v2\/product\/44726","targetHints":{"allow":["GET"]}}],"collection":[{"href":"https:\/\/nereumatias.com\/pt\/wp-json\/wp\/v2\/product"}],"about":[{"href":"https:\/\/nereumatias.com\/pt\/wp-json\/wp\/v2\/types\/product"}],"replies":[{"embeddable":true,"href":"https:\/\/nereumatias.com\/pt\/wp-json\/wp\/v2\/comments?post=44726"}],"version-history":[{"count":6,"href":"https:\/\/nereumatias.com\/pt\/wp-json\/wp\/v2\/product\/44726\/revisions"}],"predecessor-version":[{"id":47001,"href":"https:\/\/nereumatias.com\/pt\/wp-json\/wp\/v2\/product\/44726\/revisions\/47001"}],"wp:featuredmedia":[{"embeddable":true,"href":"https:\/\/nereumatias.com\/pt\/wp-json\/wp\/v2\/media\/46997"}],"wp:attachment":[{"href":"https:\/\/nereumatias.com\/pt\/wp-json\/wp\/v2\/media?parent=44726"}],"wp:term":[{"taxonomy":"product_brand","embeddable":true,"href":"https:\/\/nereumatias.com\/pt\/wp-json\/wp\/v2\/product_brand?post=44726"},{"taxonomy":"product_cat","embeddable":true,"href":"https:\/\/nereumatias.com\/pt\/wp-json\/wp\/v2\/product_cat?post=44726"},{"taxonomy":"product_tag","embeddable":true,"href":"https:\/\/nereumatias.com\/pt\/wp-json\/wp\/v2\/product_tag?post=44726"}],"curies":[{"name":"wp","href":"https:\/\/api.w.org\/{rel}","templated":true}]}}