{"id":44386,"date":"2023-01-06T15:38:54","date_gmt":"2023-01-06T14:38:54","guid":{"rendered":"https:\/\/nereumatias.com\/?post_type=product&#038;p=44386"},"modified":"2025-05-16T12:48:07","modified_gmt":"2025-05-16T10:48:07","slug":"curso-philaser-online","status":"publish","type":"product","link":"https:\/\/nereumatias.com\/pt\/produto\/curso-philaser-online\/","title":{"rendered":"CURSO ON-LINE DO PHILASER"},"content":{"rendered":"<p>O Philaser \u00e9 o laser de \u00faltima gera\u00e7\u00e3o. Ele pertence ao grupo de lasers Q-switched, o que significa que seus pulsos t\u00eam alta energia, mas s\u00e3o liberados em intervalos de tempo curtos (picossegundos). Nas palestras, ser\u00e1 explicado que esses fatores s\u00e3o respons\u00e1veis por um tratamento bom e bem-sucedido. O Phi Laser tem uma ampla gama de aplica\u00e7\u00f5es e, neste curso, ser\u00e1 explicado com mais detalhes como elimin\u00e1-lo:<\/p>\n<p>- Tatuagens<\/p>\n<p>- Maquiagem permanente (PMU)<\/p>\n<p>- Descascamento de carbono<\/p>\n<p>- Hiperpigmenta\u00e7\u00e3o<\/p>","protected":false},"excerpt":{"rendered":"<p><i class=\"fa fa-calendar\"><\/i> \u00a0 2025<\/p>\n<p><i class=\"fa fa-map-marker\"><\/i> \u00a0 Sevilla\/Espa\u00f1a<\/p>","protected":false},"featured_media":45557,"comment_status":"closed","ping_status":"closed","template":"","meta":{"_acf_changed":false,"_joinchat":[]},"product_brand":[],"product_cat":[242,57],"product_tag":[],"class_list":{"0":"post-44386","1":"product","2":"type-product","3":"status-publish","4":"has-post-thumbnail","6":"product_cat-242","7":"product_cat-cursos-on-line","9":"first","10":"instock","11":"taxable","12":"shipping-taxable","13":"purchasable","14":"product-type-simple"},"supplier_id":null,"supplier_sku":"","barcode":null,"atum_controlled":true,"out_stock_date":null,"out_stock_threshold":null,"inheritable":false,"inbound_stock":null,"stock_on_hold":1,"sold_today":0,"sales_last_days":0,"reserved_stock":null,"customer_returns":null,"warehouse_damage":null,"lost_in_post":null,"other_logs":null,"out_stock_days":0,"lost_sales":0,"has_location":false,"update_date":"2026-05-10T12:46:46","atum_locations":[],"atum_stock_status":"instock","restock_status":false,"low_stock_amount":"","sales_update_date":"2026-05-10T12:46:46","calc_backorders":null,"acf":[],"yoast_head":"<!-- This site is optimized with the Yoast SEO plugin v24.8 - https:\/\/yoast.com\/wordpress\/plugins\/seo\/ -->\n<title>CURSO PHILASER ONLINE - Formaciones PhiAcademy - Phiseller Espa\u00f1a<\/title>\n<meta name=\"description\" content=\"Philaser es el l\u00e1ser de \u00faltima generaci\u00f3n. Pertenece al grupo de l\u00e1seres Q-switch, lo que significa que sus impulsos tienen una gran energ\u00eda, pero se liberan en intervalos de tiempo cortos (picosegundos). En las clases se explicar\u00e1 que estos factores son responsa bles de un tratamiento bueno y exitoso. Phi L\u00e1ser tiene una amplia gama de aplicaciones y en este curso, se explicar\u00e1 con m\u00e1s detalle c\u00f3mo eliminar:- Tatuajes- Maquillaje permanente (PMU)- Peeling de carbono- Hiper pigmentaciones\" \/>\n<meta name=\"robots\" content=\"index, follow, max-snippet:-1, max-image-preview:large, max-video-preview:-1\" \/>\n<link rel=\"canonical\" href=\"https:\/\/nereumatias.com\/pt\/produto\/curso-philaser-online\/\" \/>\n<meta property=\"og:locale\" content=\"pt_BR\" \/>\n<meta property=\"og:type\" content=\"article\" \/>\n<meta property=\"og:title\" content=\"CURSO PHILASER ONLINE - Formaciones PhiAcademy - Phiseller Espa\u00f1a\" \/>\n<meta property=\"og:description\" content=\"Philaser es el l\u00e1ser de \u00faltima generaci\u00f3n. Pertenece al grupo de l\u00e1seres Q-switch, lo que significa que sus impulsos tienen una gran energ\u00eda, pero se liberan en intervalos de tiempo cortos (picosegundos). En las clases se explicar\u00e1 que estos factores son responsa bles de un tratamiento bueno y exitoso. Phi L\u00e1ser tiene una amplia gama de aplicaciones y en este curso, se explicar\u00e1 con m\u00e1s detalle c\u00f3mo eliminar:- Tatuajes- Maquillaje permanente (PMU)- Peeling de carbono- Hiper pigmentaciones\" \/>\n<meta property=\"og:url\" content=\"https:\/\/nereumatias.com\/pt\/produto\/curso-philaser-online\/\" \/>\n<meta property=\"og:site_name\" content=\"Formaciones PhiAcademy - Phiseller Espa\u00f1a\" \/>\n<meta property=\"article:publisher\" content=\"https:\/\/www.facebook.com\/nereumatias\" \/>\n<meta property=\"article:modified_time\" content=\"2025-05-16T10:48:07+00:00\" \/>\n<meta property=\"og:image\" content=\"https:\/\/nereumatias.com\/wp-content\/uploads\/2023\/01\/Online-Flyer-Type3-Nereu-2.png\" \/>\n\t<meta property=\"og:image:width\" content=\"1080\" \/>\n\t<meta property=\"og:image:height\" content=\"1350\" \/>\n\t<meta property=\"og:image:type\" content=\"image\/png\" \/>\n<meta name=\"twitter:card\" content=\"summary_large_image\" \/>\n<script type=\"application\/ld+json\" class=\"yoast-schema-graph\">{\"@context\":\"https:\/\/schema.org\",\"@graph\":[{\"@type\":\"WebPage\",\"@id\":\"https:\/\/nereumatias.com\/producto\/curso-philaser-online\/\",\"url\":\"https:\/\/nereumatias.com\/producto\/curso-philaser-online\/\",\"name\":\"CURSO PHILASER ONLINE - Formaciones PhiAcademy - Phiseller Espa\u00f1a\",\"isPartOf\":{\"@id\":\"https:\/\/nereumatias.com\/#website\"},\"primaryImageOfPage\":{\"@id\":\"https:\/\/nereumatias.com\/producto\/curso-philaser-online\/#primaryimage\"},\"image\":{\"@id\":\"https:\/\/nereumatias.com\/producto\/curso-philaser-online\/#primaryimage\"},\"thumbnailUrl\":\"https:\/\/nereumatias.com\/wp-content\/uploads\/2023\/01\/Online-Flyer-Type3-Nereu-2.png\",\"datePublished\":\"2023-01-06T14:38:54+00:00\",\"dateModified\":\"2025-05-16T10:48:07+00:00\",\"description\":\"Philaser es el l\u00e1ser de \u00faltima generaci\u00f3n. Pertenece al grupo de l\u00e1seres Q-switch, lo que significa que sus impulsos tienen una gran energ\u00eda, pero se liberan en intervalos de tiempo cortos (picosegundos). En las clases se explicar\u00e1 que estos factores son responsa bles de un tratamiento bueno y exitoso. Phi L\u00e1ser tiene una amplia gama de aplicaciones y en este curso, se explicar\u00e1 con m\u00e1s detalle c\u00f3mo eliminar:- Tatuajes- Maquillaje permanente (PMU)- Peeling de carbono- Hiper pigmentaciones\",\"breadcrumb\":{\"@id\":\"https:\/\/nereumatias.com\/producto\/curso-philaser-online\/#breadcrumb\"},\"inLanguage\":\"pt-BR\",\"potentialAction\":[{\"@type\":\"ReadAction\",\"target\":[\"https:\/\/nereumatias.com\/producto\/curso-philaser-online\/\"]}]},{\"@type\":\"ImageObject\",\"inLanguage\":\"pt-BR\",\"@id\":\"https:\/\/nereumatias.com\/producto\/curso-philaser-online\/#primaryimage\",\"url\":\"https:\/\/nereumatias.com\/wp-content\/uploads\/2023\/01\/Online-Flyer-Type3-Nereu-2.png\",\"contentUrl\":\"https:\/\/nereumatias.com\/wp-content\/uploads\/2023\/01\/Online-Flyer-Type3-Nereu-2.png\",\"width\":1080,\"height\":1350},{\"@type\":\"BreadcrumbList\",\"@id\":\"https:\/\/nereumatias.com\/producto\/curso-philaser-online\/#breadcrumb\",\"itemListElement\":[{\"@type\":\"ListItem\",\"position\":1,\"name\":\"Home\",\"item\":\"https:\/\/nereumatias.com\/\"},{\"@type\":\"ListItem\",\"position\":2,\"name\":\"Tienda\",\"item\":\"https:\/\/nereumatias.com\/tienda-online\/\"},{\"@type\":\"ListItem\",\"position\":3,\"name\":\"CURSO PHILASER ONLINE\"}]},{\"@type\":\"WebSite\",\"@id\":\"https:\/\/nereumatias.com\/#website\",\"url\":\"https:\/\/nereumatias.com\/\",\"name\":\"Formaciones PhiAcademy - Phiseller Espa\u00f1a\",\"description\":\"PhiAcademy\",\"publisher\":{\"@id\":\"https:\/\/nereumatias.com\/#organization\"},\"potentialAction\":[{\"@type\":\"SearchAction\",\"target\":{\"@type\":\"EntryPoint\",\"urlTemplate\":\"https:\/\/nereumatias.com\/?s={search_term_string}\"},\"query-input\":{\"@type\":\"PropertyValueSpecification\",\"valueRequired\":true,\"valueName\":\"search_term_string\"}}],\"inLanguage\":\"pt-BR\"},{\"@type\":\"Organization\",\"@id\":\"https:\/\/nereumatias.com\/#organization\",\"name\":\"Formaciones PhiAcademy - Phiseller Espa\u00f1a\",\"url\":\"https:\/\/nereumatias.com\/\",\"logo\":{\"@type\":\"ImageObject\",\"inLanguage\":\"pt-BR\",\"@id\":\"https:\/\/nereumatias.com\/#\/schema\/logo\/image\/\",\"url\":\"https:\/\/nereumatias.com\/wp-content\/uploads\/2022\/09\/logo-phiseller-negro-150.png\",\"contentUrl\":\"https:\/\/nereumatias.com\/wp-content\/uploads\/2022\/09\/logo-phiseller-negro-150.png\",\"width\":375,\"height\":150,\"caption\":\"Formaciones PhiAcademy - Phiseller Espa\u00f1a\"},\"image\":{\"@id\":\"https:\/\/nereumatias.com\/#\/schema\/logo\/image\/\"},\"sameAs\":[\"https:\/\/www.facebook.com\/nereumatias\"]}]}<\/script>\n<!-- \/ Yoast SEO plugin. -->","yoast_head_json":{"title":"CURSO PHILASER ONLINE - Formaciones PhiAcademy - Phiseller Espa\u00f1a","description":"Philaser es el l\u00e1ser de \u00faltima generaci\u00f3n. Pertenece al grupo de l\u00e1seres Q-switch, lo que significa que sus impulsos tienen una gran energ\u00eda, pero se liberan en intervalos de tiempo cortos (picosegundos). En las clases se explicar\u00e1 que estos factores son responsa bles de un tratamiento bueno y exitoso. Phi L\u00e1ser tiene una amplia gama de aplicaciones y en este curso, se explicar\u00e1 con m\u00e1s detalle c\u00f3mo eliminar:- Tatuajes- Maquillaje permanente (PMU)- Peeling de carbono- Hiper pigmentaciones","robots":{"index":"index","follow":"follow","max-snippet":"max-snippet:-1","max-image-preview":"max-image-preview:large","max-video-preview":"max-video-preview:-1"},"canonical":"https:\/\/nereumatias.com\/pt\/produto\/curso-philaser-online\/","og_locale":"pt_BR","og_type":"article","og_title":"CURSO PHILASER ONLINE - Formaciones PhiAcademy - Phiseller Espa\u00f1a","og_description":"Philaser es el l\u00e1ser de \u00faltima generaci\u00f3n. Pertenece al grupo de l\u00e1seres Q-switch, lo que significa que sus impulsos tienen una gran energ\u00eda, pero se liberan en intervalos de tiempo cortos (picosegundos). En las clases se explicar\u00e1 que estos factores son responsa bles de un tratamiento bueno y exitoso. Phi L\u00e1ser tiene una amplia gama de aplicaciones y en este curso, se explicar\u00e1 con m\u00e1s detalle c\u00f3mo eliminar:- Tatuajes- Maquillaje permanente (PMU)- Peeling de carbono- Hiper pigmentaciones","og_url":"https:\/\/nereumatias.com\/pt\/produto\/curso-philaser-online\/","og_site_name":"Formaciones PhiAcademy - Phiseller Espa\u00f1a","article_publisher":"https:\/\/www.facebook.com\/nereumatias","article_modified_time":"2025-05-16T10:48:07+00:00","og_image":[{"width":1080,"height":1350,"url":"https:\/\/nereumatias.com\/wp-content\/uploads\/2023\/01\/Online-Flyer-Type3-Nereu-2.png","type":"image\/png"}],"twitter_card":"summary_large_image","schema":{"@context":"https:\/\/schema.org","@graph":[{"@type":"WebPage","@id":"https:\/\/nereumatias.com\/producto\/curso-philaser-online\/","url":"https:\/\/nereumatias.com\/producto\/curso-philaser-online\/","name":"CURSO PHILASER ONLINE - Formaciones PhiAcademy - Phiseller Espa\u00f1a","isPartOf":{"@id":"https:\/\/nereumatias.com\/#website"},"primaryImageOfPage":{"@id":"https:\/\/nereumatias.com\/producto\/curso-philaser-online\/#primaryimage"},"image":{"@id":"https:\/\/nereumatias.com\/producto\/curso-philaser-online\/#primaryimage"},"thumbnailUrl":"https:\/\/nereumatias.com\/wp-content\/uploads\/2023\/01\/Online-Flyer-Type3-Nereu-2.png","datePublished":"2023-01-06T14:38:54+00:00","dateModified":"2025-05-16T10:48:07+00:00","description":"Philaser es el l\u00e1ser de \u00faltima generaci\u00f3n. Pertenece al grupo de l\u00e1seres Q-switch, lo que significa que sus impulsos tienen una gran energ\u00eda, pero se liberan en intervalos de tiempo cortos (picosegundos). En las clases se explicar\u00e1 que estos factores son responsa bles de un tratamiento bueno y exitoso. Phi L\u00e1ser tiene una amplia gama de aplicaciones y en este curso, se explicar\u00e1 con m\u00e1s detalle c\u00f3mo eliminar:- Tatuajes- Maquillaje permanente (PMU)- Peeling de carbono- Hiper pigmentaciones","breadcrumb":{"@id":"https:\/\/nereumatias.com\/producto\/curso-philaser-online\/#breadcrumb"},"inLanguage":"pt-BR","potentialAction":[{"@type":"ReadAction","target":["https:\/\/nereumatias.com\/producto\/curso-philaser-online\/"]}]},{"@type":"ImageObject","inLanguage":"pt-BR","@id":"https:\/\/nereumatias.com\/producto\/curso-philaser-online\/#primaryimage","url":"https:\/\/nereumatias.com\/wp-content\/uploads\/2023\/01\/Online-Flyer-Type3-Nereu-2.png","contentUrl":"https:\/\/nereumatias.com\/wp-content\/uploads\/2023\/01\/Online-Flyer-Type3-Nereu-2.png","width":1080,"height":1350},{"@type":"BreadcrumbList","@id":"https:\/\/nereumatias.com\/producto\/curso-philaser-online\/#breadcrumb","itemListElement":[{"@type":"ListItem","position":1,"name":"Home","item":"https:\/\/nereumatias.com\/"},{"@type":"ListItem","position":2,"name":"Tienda","item":"https:\/\/nereumatias.com\/tienda-online\/"},{"@type":"ListItem","position":3,"name":"CURSO PHILASER ONLINE"}]},{"@type":"WebSite","@id":"https:\/\/nereumatias.com\/#website","url":"https:\/\/nereumatias.com\/","name":"Formaciones PhiAcademy - Phiseller Espa\u00f1a","description":"PhiAcademy","publisher":{"@id":"https:\/\/nereumatias.com\/#organization"},"potentialAction":[{"@type":"SearchAction","target":{"@type":"EntryPoint","urlTemplate":"https:\/\/nereumatias.com\/?s={search_term_string}"},"query-input":{"@type":"PropertyValueSpecification","valueRequired":true,"valueName":"search_term_string"}}],"inLanguage":"pt-BR"},{"@type":"Organization","@id":"https:\/\/nereumatias.com\/#organization","name":"Formaciones PhiAcademy - Phiseller Espa\u00f1a","url":"https:\/\/nereumatias.com\/","logo":{"@type":"ImageObject","inLanguage":"pt-BR","@id":"https:\/\/nereumatias.com\/#\/schema\/logo\/image\/","url":"https:\/\/nereumatias.com\/wp-content\/uploads\/2022\/09\/logo-phiseller-negro-150.png","contentUrl":"https:\/\/nereumatias.com\/wp-content\/uploads\/2022\/09\/logo-phiseller-negro-150.png","width":375,"height":150,"caption":"Formaciones PhiAcademy - Phiseller Espa\u00f1a"},"image":{"@id":"https:\/\/nereumatias.com\/#\/schema\/logo\/image\/"},"sameAs":["https:\/\/www.facebook.com\/nereumatias"]}]}},"_links":{"self":[{"href":"https:\/\/nereumatias.com\/pt\/wp-json\/wp\/v2\/product\/44386","targetHints":{"allow":["GET"]}}],"collection":[{"href":"https:\/\/nereumatias.com\/pt\/wp-json\/wp\/v2\/product"}],"about":[{"href":"https:\/\/nereumatias.com\/pt\/wp-json\/wp\/v2\/types\/product"}],"replies":[{"embeddable":true,"href":"https:\/\/nereumatias.com\/pt\/wp-json\/wp\/v2\/comments?post=44386"}],"version-history":[{"count":4,"href":"https:\/\/nereumatias.com\/pt\/wp-json\/wp\/v2\/product\/44386\/revisions"}],"predecessor-version":[{"id":46846,"href":"https:\/\/nereumatias.com\/pt\/wp-json\/wp\/v2\/product\/44386\/revisions\/46846"}],"wp:featuredmedia":[{"embeddable":true,"href":"https:\/\/nereumatias.com\/pt\/wp-json\/wp\/v2\/media\/45557"}],"wp:attachment":[{"href":"https:\/\/nereumatias.com\/pt\/wp-json\/wp\/v2\/media?parent=44386"}],"wp:term":[{"taxonomy":"product_brand","embeddable":true,"href":"https:\/\/nereumatias.com\/pt\/wp-json\/wp\/v2\/product_brand?post=44386"},{"taxonomy":"product_cat","embeddable":true,"href":"https:\/\/nereumatias.com\/pt\/wp-json\/wp\/v2\/product_cat?post=44386"},{"taxonomy":"product_tag","embeddable":true,"href":"https:\/\/nereumatias.com\/pt\/wp-json\/wp\/v2\/product_tag?post=44386"}],"curies":[{"name":"wp","href":"https:\/\/api.w.org\/{rel}","templated":true}]}}