{"id":44360,"date":"2023-01-03T15:01:17","date_gmt":"2023-01-03T14:01:17","guid":{"rendered":"https:\/\/nereumatias.com\/?post_type=product&#038;p=44360"},"modified":"2025-10-05T13:04:17","modified_gmt":"2025-10-05T11:04:17","slug":"curso-boldbrows-paris","status":"publish","type":"product","link":"https:\/\/nereumatias.com\/pt\/produto\/curso-boldbrows-paris\/","title":{"rendered":"CURSO BOLDBROWS PARIS 2026"},"content":{"rendered":"<p>Queremos lhe dar uma \u00f3tima not\u00edcia sobre nosso treinamento de Latinbrows \ud83c\udf89.<\/p>\n<p>Voc\u00ea poder\u00e1 ingressar em uma das academias mais prestigiadas do mundo!<br \/>\nE voc\u00ea pode obter todos os benef\u00edcios de fazer parte da PhiAcademy \u203c\ufe0f<\/p>\n<p>Agora voc\u00ea ter\u00e1 a possibilidade de escolher o kit de sua prefer\u00eancia, independentemente de ter ou n\u00e3o experi\u00eancia em t\u00e9cnica\u203c\ufe0f.<br \/>\nVoc\u00ea pode escolher entre o kit inicial, o kit padr\u00e3o e o kit premium.<\/p>\n<p>N\u00e3o h\u00e1 mais desculpas, nada pode impedi-lo em seu caminho para o sucesso \ud83d\udcab.<br \/>\nN\u00e3o imponha limites a si mesmo \ud83c\udfc6.<\/p>\n<p>Se quiser saber mais sobre as diferen\u00e7as entre os kits, entre em contato conosco.<\/p>\n<p>Kit inicial para 30 procedimentos<br \/>\n3\ufe0f\u20e3 Cursos adicionais (Skin Expert, Hygiene e Shading)<br \/>\n2\ufe0f\u20e3 meses de participa\u00e7\u00e3o no CraftMaster.<br \/>\n* Suporte ilimitado do Dr. Phi.<\/p>\n<p>Kit padr\u00e3o para 80 procedimentos<br \/>\n4\ufe0f\u20e3 Cursos inclu\u00eddos (especialista em pele, servi\u00e7o de primeira classe, higiene e sombreamento)<br \/>\n4\ufe0f\u20e3 meses de participa\u00e7\u00e3o no CraftMaster.<br \/>\n* Suporte ilimitado do Dr. Phi.<\/p>\n<p>Kit Premium para 80 procedimentos<br \/>\n5\ufe0f\u20e3 Cursos inclu\u00eddos (especialista em pele, servi\u00e7o de primeira classe, higiene, mais clientes e sombreamento)<br \/>\n6\ufe0f\u20e3 meses de participa\u00e7\u00e3o no CraftMaster.<br \/>\n* Suporte ilimitado do Dr. Phi.<\/p>\n<p>Lembre-se de que voc\u00ea pode financiar seu curso por at\u00e9 18 meses<\/p>","protected":false},"excerpt":{"rendered":"<p><span style=\"color: #f2f2f2;\">TREINAMENTO B\u00c1SICO DO CURSO BOLDBROWS, CURSO PRESENCIAL DE DOIS DIAS<\/span><br \/>\n<span style=\"color: #f2f2f2;\"><strong>Curso padr\u00e3o:<\/strong> destinado a todas as pessoas com experi\u00eancia anterior em Microblading.<\/span><br \/>\n<span style=\"color: #f2f2f2;\"><strong>Curso Premium:<\/strong> destinado a todas as pessoas que n\u00e3o t\u00eam experi\u00eancia anterior em Microblading.<\/span><\/p>\n<ul>\n<li><span style=\"color: #f2f2f2;\">Curso oficial da PhiAcademy<\/span><\/li>\n<li><span style=\"color: #f2f2f2;\">A melhor academia<\/span><\/li>\n<li><span style=\"color: #f2f2f2;\">Venha treinar com os melhores<\/span><\/li>\n<li><span style=\"color: #f2f2f2;\">Poucos lugares<\/span><\/li>\n<\/ul>","protected":false},"featured_media":46994,"comment_status":"closed","ping_status":"closed","template":"","meta":{"_acf_changed":false,"_joinchat":[]},"product_brand":[],"product_cat":[163,60],"product_tag":[175,171,192],"class_list":{"0":"post-44360","1":"product","2":"type-product","3":"status-publish","4":"has-post-thumbnail","6":"product_cat-boldbrows","7":"product_cat-cursos-presenciales","8":"product_tag-175","9":"product_tag-curso-boldbrows","10":"product_tag-phiacademy","12":"first","13":"instock","14":"taxable","15":"shipping-taxable","16":"purchasable","17":"product-type-variable","18":"has-default-attributes"},"supplier_id":null,"supplier_sku":"","barcode":null,"atum_controlled":true,"out_stock_date":null,"out_stock_threshold":null,"inheritable":true,"inbound_stock":null,"stock_on_hold":1,"sold_today":0,"sales_last_days":0,"reserved_stock":null,"customer_returns":null,"warehouse_damage":null,"lost_in_post":null,"other_logs":null,"out_stock_days":0,"lost_sales":0,"has_location":false,"update_date":"2026-04-19T10:16:26","atum_locations":[],"atum_stock_status":"instock","restock_status":false,"low_stock_amount":"","sales_update_date":"2026-04-19T10:16:26","calc_backorders":null,"acf":[],"yoast_head":"<!-- This site is optimized with the Yoast SEO plugin v24.8 - https:\/\/yoast.com\/wordpress\/plugins\/seo\/ -->\n<title>CURSO BOLDBROWS PARIS 2026 - Formaciones PhiAcademy - Phiseller Espa\u00f1a<\/title>\n<meta name=\"description\" content=\"CURSO LATINBROWS BASIC TRAINING, CURSO PRESENCIAL DE DOS D\u00cdAS. Curso Starter,Est\u00e1ndar o Premium en Valencia - Curso Oficial PhiAcademy\" \/>\n<meta name=\"robots\" content=\"index, follow, max-snippet:-1, max-image-preview:large, max-video-preview:-1\" \/>\n<link rel=\"canonical\" href=\"https:\/\/nereumatias.com\/pt\/produto\/curso-boldbrows-paris\/\" \/>\n<meta property=\"og:locale\" content=\"pt_BR\" \/>\n<meta property=\"og:type\" content=\"article\" \/>\n<meta property=\"og:title\" content=\"CURSO BOLDBROWS PARIS 2026 - Formaciones PhiAcademy - Phiseller Espa\u00f1a\" \/>\n<meta property=\"og:description\" content=\"CURSO LATINBROWS BASIC TRAINING, CURSO PRESENCIAL DE DOS D\u00cdAS. Curso Starter,Est\u00e1ndar o Premium en Valencia - Curso Oficial PhiAcademy\" \/>\n<meta property=\"og:url\" content=\"https:\/\/nereumatias.com\/pt\/produto\/curso-boldbrows-paris\/\" \/>\n<meta property=\"og:site_name\" content=\"Formaciones PhiAcademy - Phiseller Espa\u00f1a\" \/>\n<meta property=\"article:publisher\" content=\"https:\/\/www.facebook.com\/nereumatias\" \/>\n<meta property=\"article:modified_time\" content=\"2025-10-05T11:04:17+00:00\" \/>\n<meta property=\"og:image\" content=\"https:\/\/nereumatias.com\/wp-content\/uploads\/2022\/11\/BOLD-PARIS.png\" \/>\n\t<meta property=\"og:image:width\" content=\"819\" \/>\n\t<meta property=\"og:image:height\" content=\"1024\" \/>\n\t<meta property=\"og:image:type\" content=\"image\/png\" \/>\n<meta name=\"twitter:card\" content=\"summary_large_image\" \/>\n<script type=\"application\/ld+json\" class=\"yoast-schema-graph\">{\"@context\":\"https:\/\/schema.org\",\"@graph\":[{\"@type\":\"WebPage\",\"@id\":\"https:\/\/nereumatias.com\/producto\/curso-boldbrows-paris\/\",\"url\":\"https:\/\/nereumatias.com\/producto\/curso-boldbrows-paris\/\",\"name\":\"CURSO BOLDBROWS PARIS 2026 - Formaciones PhiAcademy - Phiseller Espa\u00f1a\",\"isPartOf\":{\"@id\":\"https:\/\/nereumatias.com\/#website\"},\"primaryImageOfPage\":{\"@id\":\"https:\/\/nereumatias.com\/producto\/curso-boldbrows-paris\/#primaryimage\"},\"image\":{\"@id\":\"https:\/\/nereumatias.com\/producto\/curso-boldbrows-paris\/#primaryimage\"},\"thumbnailUrl\":\"https:\/\/nereumatias.com\/wp-content\/uploads\/2022\/11\/BOLD-PARIS.png\",\"datePublished\":\"2023-01-03T14:01:17+00:00\",\"dateModified\":\"2025-10-05T11:04:17+00:00\",\"description\":\"CURSO LATINBROWS BASIC TRAINING, CURSO PRESENCIAL DE DOS D\u00cdAS. Curso Starter,Est\u00e1ndar o Premium en Valencia - Curso Oficial PhiAcademy\",\"breadcrumb\":{\"@id\":\"https:\/\/nereumatias.com\/producto\/curso-boldbrows-paris\/#breadcrumb\"},\"inLanguage\":\"pt-BR\",\"potentialAction\":[{\"@type\":\"ReadAction\",\"target\":[\"https:\/\/nereumatias.com\/producto\/curso-boldbrows-paris\/\"]}]},{\"@type\":\"ImageObject\",\"inLanguage\":\"pt-BR\",\"@id\":\"https:\/\/nereumatias.com\/producto\/curso-boldbrows-paris\/#primaryimage\",\"url\":\"https:\/\/nereumatias.com\/wp-content\/uploads\/2022\/11\/BOLD-PARIS.png\",\"contentUrl\":\"https:\/\/nereumatias.com\/wp-content\/uploads\/2022\/11\/BOLD-PARIS.png\",\"width\":819,\"height\":1024},{\"@type\":\"BreadcrumbList\",\"@id\":\"https:\/\/nereumatias.com\/producto\/curso-boldbrows-paris\/#breadcrumb\",\"itemListElement\":[{\"@type\":\"ListItem\",\"position\":1,\"name\":\"Home\",\"item\":\"https:\/\/nereumatias.com\/\"},{\"@type\":\"ListItem\",\"position\":2,\"name\":\"Tienda\",\"item\":\"https:\/\/nereumatias.com\/tienda-online\/\"},{\"@type\":\"ListItem\",\"position\":3,\"name\":\"CURSO BOLDBROWS PARIS 2026\"}]},{\"@type\":\"WebSite\",\"@id\":\"https:\/\/nereumatias.com\/#website\",\"url\":\"https:\/\/nereumatias.com\/\",\"name\":\"Formaciones PhiAcademy - Phiseller Espa\u00f1a\",\"description\":\"PhiAcademy\",\"publisher\":{\"@id\":\"https:\/\/nereumatias.com\/#organization\"},\"potentialAction\":[{\"@type\":\"SearchAction\",\"target\":{\"@type\":\"EntryPoint\",\"urlTemplate\":\"https:\/\/nereumatias.com\/?s={search_term_string}\"},\"query-input\":{\"@type\":\"PropertyValueSpecification\",\"valueRequired\":true,\"valueName\":\"search_term_string\"}}],\"inLanguage\":\"pt-BR\"},{\"@type\":\"Organization\",\"@id\":\"https:\/\/nereumatias.com\/#organization\",\"name\":\"Formaciones PhiAcademy - Phiseller Espa\u00f1a\",\"url\":\"https:\/\/nereumatias.com\/\",\"logo\":{\"@type\":\"ImageObject\",\"inLanguage\":\"pt-BR\",\"@id\":\"https:\/\/nereumatias.com\/#\/schema\/logo\/image\/\",\"url\":\"https:\/\/nereumatias.com\/wp-content\/uploads\/2022\/09\/logo-phiseller-negro-150.png\",\"contentUrl\":\"https:\/\/nereumatias.com\/wp-content\/uploads\/2022\/09\/logo-phiseller-negro-150.png\",\"width\":375,\"height\":150,\"caption\":\"Formaciones PhiAcademy - Phiseller Espa\u00f1a\"},\"image\":{\"@id\":\"https:\/\/nereumatias.com\/#\/schema\/logo\/image\/\"},\"sameAs\":[\"https:\/\/www.facebook.com\/nereumatias\"]}]}<\/script>\n<!-- \/ Yoast SEO plugin. -->","yoast_head_json":{"title":"CURSO BOLDBROWS PARIS 2026 - Formaciones PhiAcademy - Phiseller Espa\u00f1a","description":"CURSO LATINBROWS BASIC TRAINING, CURSO PRESENCIAL DE DOS D\u00cdAS. Curso Starter,Est\u00e1ndar o Premium en Valencia - Curso Oficial PhiAcademy","robots":{"index":"index","follow":"follow","max-snippet":"max-snippet:-1","max-image-preview":"max-image-preview:large","max-video-preview":"max-video-preview:-1"},"canonical":"https:\/\/nereumatias.com\/pt\/produto\/curso-boldbrows-paris\/","og_locale":"pt_BR","og_type":"article","og_title":"CURSO BOLDBROWS PARIS 2026 - Formaciones PhiAcademy - Phiseller Espa\u00f1a","og_description":"CURSO LATINBROWS BASIC TRAINING, CURSO PRESENCIAL DE DOS D\u00cdAS. Curso Starter,Est\u00e1ndar o Premium en Valencia - Curso Oficial PhiAcademy","og_url":"https:\/\/nereumatias.com\/pt\/produto\/curso-boldbrows-paris\/","og_site_name":"Formaciones PhiAcademy - Phiseller Espa\u00f1a","article_publisher":"https:\/\/www.facebook.com\/nereumatias","article_modified_time":"2025-10-05T11:04:17+00:00","og_image":[{"width":819,"height":1024,"url":"https:\/\/nereumatias.com\/wp-content\/uploads\/2022\/11\/BOLD-PARIS.png","type":"image\/png"}],"twitter_card":"summary_large_image","schema":{"@context":"https:\/\/schema.org","@graph":[{"@type":"WebPage","@id":"https:\/\/nereumatias.com\/producto\/curso-boldbrows-paris\/","url":"https:\/\/nereumatias.com\/producto\/curso-boldbrows-paris\/","name":"CURSO BOLDBROWS PARIS 2026 - Formaciones PhiAcademy - Phiseller Espa\u00f1a","isPartOf":{"@id":"https:\/\/nereumatias.com\/#website"},"primaryImageOfPage":{"@id":"https:\/\/nereumatias.com\/producto\/curso-boldbrows-paris\/#primaryimage"},"image":{"@id":"https:\/\/nereumatias.com\/producto\/curso-boldbrows-paris\/#primaryimage"},"thumbnailUrl":"https:\/\/nereumatias.com\/wp-content\/uploads\/2022\/11\/BOLD-PARIS.png","datePublished":"2023-01-03T14:01:17+00:00","dateModified":"2025-10-05T11:04:17+00:00","description":"CURSO LATINBROWS BASIC TRAINING, CURSO PRESENCIAL DE DOS D\u00cdAS. Curso Starter,Est\u00e1ndar o Premium en Valencia - Curso Oficial PhiAcademy","breadcrumb":{"@id":"https:\/\/nereumatias.com\/producto\/curso-boldbrows-paris\/#breadcrumb"},"inLanguage":"pt-BR","potentialAction":[{"@type":"ReadAction","target":["https:\/\/nereumatias.com\/producto\/curso-boldbrows-paris\/"]}]},{"@type":"ImageObject","inLanguage":"pt-BR","@id":"https:\/\/nereumatias.com\/producto\/curso-boldbrows-paris\/#primaryimage","url":"https:\/\/nereumatias.com\/wp-content\/uploads\/2022\/11\/BOLD-PARIS.png","contentUrl":"https:\/\/nereumatias.com\/wp-content\/uploads\/2022\/11\/BOLD-PARIS.png","width":819,"height":1024},{"@type":"BreadcrumbList","@id":"https:\/\/nereumatias.com\/producto\/curso-boldbrows-paris\/#breadcrumb","itemListElement":[{"@type":"ListItem","position":1,"name":"Home","item":"https:\/\/nereumatias.com\/"},{"@type":"ListItem","position":2,"name":"Tienda","item":"https:\/\/nereumatias.com\/tienda-online\/"},{"@type":"ListItem","position":3,"name":"CURSO BOLDBROWS PARIS 2026"}]},{"@type":"WebSite","@id":"https:\/\/nereumatias.com\/#website","url":"https:\/\/nereumatias.com\/","name":"Formaciones PhiAcademy - Phiseller Espa\u00f1a","description":"PhiAcademy","publisher":{"@id":"https:\/\/nereumatias.com\/#organization"},"potentialAction":[{"@type":"SearchAction","target":{"@type":"EntryPoint","urlTemplate":"https:\/\/nereumatias.com\/?s={search_term_string}"},"query-input":{"@type":"PropertyValueSpecification","valueRequired":true,"valueName":"search_term_string"}}],"inLanguage":"pt-BR"},{"@type":"Organization","@id":"https:\/\/nereumatias.com\/#organization","name":"Formaciones PhiAcademy - Phiseller Espa\u00f1a","url":"https:\/\/nereumatias.com\/","logo":{"@type":"ImageObject","inLanguage":"pt-BR","@id":"https:\/\/nereumatias.com\/#\/schema\/logo\/image\/","url":"https:\/\/nereumatias.com\/wp-content\/uploads\/2022\/09\/logo-phiseller-negro-150.png","contentUrl":"https:\/\/nereumatias.com\/wp-content\/uploads\/2022\/09\/logo-phiseller-negro-150.png","width":375,"height":150,"caption":"Formaciones PhiAcademy - Phiseller Espa\u00f1a"},"image":{"@id":"https:\/\/nereumatias.com\/#\/schema\/logo\/image\/"},"sameAs":["https:\/\/www.facebook.com\/nereumatias"]}]}},"_links":{"self":[{"href":"https:\/\/nereumatias.com\/pt\/wp-json\/wp\/v2\/product\/44360","targetHints":{"allow":["GET"]}}],"collection":[{"href":"https:\/\/nereumatias.com\/pt\/wp-json\/wp\/v2\/product"}],"about":[{"href":"https:\/\/nereumatias.com\/pt\/wp-json\/wp\/v2\/types\/product"}],"replies":[{"embeddable":true,"href":"https:\/\/nereumatias.com\/pt\/wp-json\/wp\/v2\/comments?post=44360"}],"version-history":[{"count":10,"href":"https:\/\/nereumatias.com\/pt\/wp-json\/wp\/v2\/product\/44360\/revisions"}],"predecessor-version":[{"id":47003,"href":"https:\/\/nereumatias.com\/pt\/wp-json\/wp\/v2\/product\/44360\/revisions\/47003"}],"wp:featuredmedia":[{"embeddable":true,"href":"https:\/\/nereumatias.com\/pt\/wp-json\/wp\/v2\/media\/46994"}],"wp:attachment":[{"href":"https:\/\/nereumatias.com\/pt\/wp-json\/wp\/v2\/media?parent=44360"}],"wp:term":[{"taxonomy":"product_brand","embeddable":true,"href":"https:\/\/nereumatias.com\/pt\/wp-json\/wp\/v2\/product_brand?post=44360"},{"taxonomy":"product_cat","embeddable":true,"href":"https:\/\/nereumatias.com\/pt\/wp-json\/wp\/v2\/product_cat?post=44360"},{"taxonomy":"product_tag","embeddable":true,"href":"https:\/\/nereumatias.com\/pt\/wp-json\/wp\/v2\/product_tag?post=44360"}],"curies":[{"name":"wp","href":"https:\/\/api.w.org\/{rel}","templated":true}]}}