{"id":42571,"date":"2022-11-14T18:05:00","date_gmt":"2022-11-14T17:05:00","guid":{"rendered":"https:\/\/nereumatias.com\/?post_type=product&#038;p=42571"},"modified":"2025-05-16T19:13:28","modified_gmt":"2025-05-16T17:13:28","slug":"curso-philips-individual-training","status":"publish","type":"product","link":"https:\/\/nereumatias.com\/pt\/produto\/curso-philips-individual-training\/","title":{"rendered":"TREINAMENTO INDIVIDUAL DA PHILIPS 2 DIAS"},"content":{"rendered":"<p class=\"p2\">Vou lhe contar um pouco \ud83d\ude0a<\/p>\n<p class=\"p2\">O PhiLips \u00e9 a t\u00e9cnica de micropigmenta\u00e7\u00e3o labial mais natural e popular do mercado.<\/p>\n<p class=\"p2\">Em nosso curso, voc\u00ea aprender\u00e1 os segredos da cria\u00e7\u00e3o de um efeito gradiente suave e sutil nos l\u00e1bios, usando pigmentos da mais alta qualidade e os m\u00e9todos mais inovadores.<\/p>\n<p class=\"p2\">Voc\u00ea praticar\u00e1 em l\u00e1tex e modelo e ter\u00e1 acesso \u00e0 plataforma de aprendizado do CraftMaster Online, incluindo um kit inicial.<\/p>\n<p class=\"p2\">Ap\u00f3s a conclus\u00e3o dos 9 n\u00edveis do aplicativo CraftMaster, voc\u00ea se tornar\u00e1 um PhiLips Artist com direito a um logotipo exclusivo e a um certificado internacional.<\/p>\n<p class=\"p2\">Ele consiste em dois dias presenciais e um acompanhamento de seis meses por meio do aplicativo Craftmaster.<\/p>","protected":false},"excerpt":{"rendered":"<p><i class=\"fa fa-calendar\"><\/i> &nbsp; 2025<\/p>\n<p><i class=\"fa fa-map-marker\"><\/i> &nbsp; Sevilla\/Espa\u00f1a<\/p>","protected":false},"featured_media":42594,"comment_status":"closed","ping_status":"closed","template":"","meta":{"_acf_changed":false,"_joinchat":[]},"product_brand":[],"product_cat":[242,60,204],"product_tag":[],"class_list":{"0":"post-42571","1":"product","2":"type-product","3":"status-publish","4":"has-post-thumbnail","6":"product_cat-242","7":"product_cat-cursos-presenciales","8":"product_cat-philips","10":"first","11":"instock","12":"virtual","13":"taxable","14":"purchasable","15":"product-type-simple"},"supplier_id":null,"supplier_sku":"","barcode":null,"atum_controlled":true,"out_stock_date":null,"out_stock_threshold":null,"inheritable":false,"inbound_stock":null,"stock_on_hold":1,"sold_today":0,"sales_last_days":0,"reserved_stock":null,"customer_returns":null,"warehouse_damage":null,"lost_in_post":null,"other_logs":null,"out_stock_days":0,"lost_sales":0,"has_location":false,"update_date":"2026-05-10T12:46:44","atum_locations":[],"atum_stock_status":"instock","restock_status":false,"low_stock_amount":"","sales_update_date":"2026-05-10T12:46:44","calc_backorders":null,"acf":[],"yoast_head":"<!-- This site is optimized with the Yoast SEO plugin v24.8 - https:\/\/yoast.com\/wordpress\/plugins\/seo\/ -->\n<title>CURSO PHILIPS INDIVIDUAL TRAINING 2 DIAS - Formaciones PhiAcademy - Phiseller Espa\u00f1a<\/title>\n<meta name=\"description\" content=\"Aprende la t\u00e9cnica de micropigmentaci\u00f3n de labios m\u00e1s natural y popular del mercado.\" \/>\n<meta name=\"robots\" content=\"index, follow, max-snippet:-1, max-image-preview:large, max-video-preview:-1\" \/>\n<link rel=\"canonical\" href=\"https:\/\/nereumatias.com\/pt\/produto\/curso-philips-individual-training\/\" \/>\n<meta property=\"og:locale\" content=\"pt_BR\" \/>\n<meta property=\"og:type\" content=\"article\" \/>\n<meta property=\"og:title\" content=\"CURSO PHILIPS INDIVIDUAL TRAINING 2 DIAS - Formaciones PhiAcademy - Phiseller Espa\u00f1a\" \/>\n<meta property=\"og:description\" content=\"Aprende la t\u00e9cnica de micropigmentaci\u00f3n de labios m\u00e1s natural y popular del mercado.\" \/>\n<meta property=\"og:url\" content=\"https:\/\/nereumatias.com\/pt\/produto\/curso-philips-individual-training\/\" \/>\n<meta property=\"og:site_name\" content=\"Formaciones PhiAcademy - Phiseller Espa\u00f1a\" \/>\n<meta property=\"article:publisher\" content=\"https:\/\/www.facebook.com\/nereumatias\" \/>\n<meta property=\"article:modified_time\" content=\"2025-05-16T17:13:28+00:00\" \/>\n<meta property=\"og:image\" content=\"https:\/\/nereumatias.com\/wp-content\/uploads\/2022\/11\/PHOTO-2022-11-04-13-37-29.jpg\" \/>\n\t<meta property=\"og:image:width\" content=\"500\" \/>\n\t<meta property=\"og:image:height\" content=\"500\" \/>\n\t<meta property=\"og:image:type\" content=\"image\/jpeg\" \/>\n<meta name=\"twitter:card\" content=\"summary_large_image\" \/>\n<script type=\"application\/ld+json\" class=\"yoast-schema-graph\">{\"@context\":\"https:\/\/schema.org\",\"@graph\":[{\"@type\":\"WebPage\",\"@id\":\"https:\/\/nereumatias.com\/producto\/curso-philips-individual-training\/\",\"url\":\"https:\/\/nereumatias.com\/producto\/curso-philips-individual-training\/\",\"name\":\"CURSO PHILIPS INDIVIDUAL TRAINING 2 DIAS - Formaciones PhiAcademy - Phiseller Espa\u00f1a\",\"isPartOf\":{\"@id\":\"https:\/\/nereumatias.com\/#website\"},\"primaryImageOfPage\":{\"@id\":\"https:\/\/nereumatias.com\/producto\/curso-philips-individual-training\/#primaryimage\"},\"image\":{\"@id\":\"https:\/\/nereumatias.com\/producto\/curso-philips-individual-training\/#primaryimage\"},\"thumbnailUrl\":\"https:\/\/nereumatias.com\/wp-content\/uploads\/2022\/11\/PHOTO-2022-11-04-13-37-29.jpg\",\"datePublished\":\"2022-11-14T17:05:00+00:00\",\"dateModified\":\"2025-05-16T17:13:28+00:00\",\"description\":\"Aprende la t\u00e9cnica de micropigmentaci\u00f3n de labios m\u00e1s natural y popular del mercado.\",\"breadcrumb\":{\"@id\":\"https:\/\/nereumatias.com\/producto\/curso-philips-individual-training\/#breadcrumb\"},\"inLanguage\":\"pt-BR\",\"potentialAction\":[{\"@type\":\"ReadAction\",\"target\":[\"https:\/\/nereumatias.com\/producto\/curso-philips-individual-training\/\"]}]},{\"@type\":\"ImageObject\",\"inLanguage\":\"pt-BR\",\"@id\":\"https:\/\/nereumatias.com\/producto\/curso-philips-individual-training\/#primaryimage\",\"url\":\"https:\/\/nereumatias.com\/wp-content\/uploads\/2022\/11\/PHOTO-2022-11-04-13-37-29.jpg\",\"contentUrl\":\"https:\/\/nereumatias.com\/wp-content\/uploads\/2022\/11\/PHOTO-2022-11-04-13-37-29.jpg\",\"width\":500,\"height\":500},{\"@type\":\"BreadcrumbList\",\"@id\":\"https:\/\/nereumatias.com\/producto\/curso-philips-individual-training\/#breadcrumb\",\"itemListElement\":[{\"@type\":\"ListItem\",\"position\":1,\"name\":\"Home\",\"item\":\"https:\/\/nereumatias.com\/\"},{\"@type\":\"ListItem\",\"position\":2,\"name\":\"Tienda\",\"item\":\"https:\/\/nereumatias.com\/tienda-online\/\"},{\"@type\":\"ListItem\",\"position\":3,\"name\":\"CURSO PHILIPS INDIVIDUAL TRAINING 2 DIAS\"}]},{\"@type\":\"WebSite\",\"@id\":\"https:\/\/nereumatias.com\/#website\",\"url\":\"https:\/\/nereumatias.com\/\",\"name\":\"Formaciones PhiAcademy - Phiseller Espa\u00f1a\",\"description\":\"PhiAcademy\",\"publisher\":{\"@id\":\"https:\/\/nereumatias.com\/#organization\"},\"potentialAction\":[{\"@type\":\"SearchAction\",\"target\":{\"@type\":\"EntryPoint\",\"urlTemplate\":\"https:\/\/nereumatias.com\/?s={search_term_string}\"},\"query-input\":{\"@type\":\"PropertyValueSpecification\",\"valueRequired\":true,\"valueName\":\"search_term_string\"}}],\"inLanguage\":\"pt-BR\"},{\"@type\":\"Organization\",\"@id\":\"https:\/\/nereumatias.com\/#organization\",\"name\":\"Formaciones PhiAcademy - Phiseller Espa\u00f1a\",\"url\":\"https:\/\/nereumatias.com\/\",\"logo\":{\"@type\":\"ImageObject\",\"inLanguage\":\"pt-BR\",\"@id\":\"https:\/\/nereumatias.com\/#\/schema\/logo\/image\/\",\"url\":\"https:\/\/nereumatias.com\/wp-content\/uploads\/2022\/09\/logo-phiseller-negro-150.png\",\"contentUrl\":\"https:\/\/nereumatias.com\/wp-content\/uploads\/2022\/09\/logo-phiseller-negro-150.png\",\"width\":375,\"height\":150,\"caption\":\"Formaciones PhiAcademy - Phiseller Espa\u00f1a\"},\"image\":{\"@id\":\"https:\/\/nereumatias.com\/#\/schema\/logo\/image\/\"},\"sameAs\":[\"https:\/\/www.facebook.com\/nereumatias\"]}]}<\/script>\n<!-- \/ Yoast SEO plugin. -->","yoast_head_json":{"title":"CURSO PHILIPS INDIVIDUAL TRAINING 2 DIAS - Formaciones PhiAcademy - Phiseller Espa\u00f1a","description":"Aprende la t\u00e9cnica de micropigmentaci\u00f3n de labios m\u00e1s natural y popular del mercado.","robots":{"index":"index","follow":"follow","max-snippet":"max-snippet:-1","max-image-preview":"max-image-preview:large","max-video-preview":"max-video-preview:-1"},"canonical":"https:\/\/nereumatias.com\/pt\/produto\/curso-philips-individual-training\/","og_locale":"pt_BR","og_type":"article","og_title":"CURSO PHILIPS INDIVIDUAL TRAINING 2 DIAS - Formaciones PhiAcademy - Phiseller Espa\u00f1a","og_description":"Aprende la t\u00e9cnica de micropigmentaci\u00f3n de labios m\u00e1s natural y popular del mercado.","og_url":"https:\/\/nereumatias.com\/pt\/produto\/curso-philips-individual-training\/","og_site_name":"Formaciones PhiAcademy - Phiseller Espa\u00f1a","article_publisher":"https:\/\/www.facebook.com\/nereumatias","article_modified_time":"2025-05-16T17:13:28+00:00","og_image":[{"width":500,"height":500,"url":"https:\/\/nereumatias.com\/wp-content\/uploads\/2022\/11\/PHOTO-2022-11-04-13-37-29.jpg","type":"image\/jpeg"}],"twitter_card":"summary_large_image","schema":{"@context":"https:\/\/schema.org","@graph":[{"@type":"WebPage","@id":"https:\/\/nereumatias.com\/producto\/curso-philips-individual-training\/","url":"https:\/\/nereumatias.com\/producto\/curso-philips-individual-training\/","name":"CURSO PHILIPS INDIVIDUAL TRAINING 2 DIAS - Formaciones PhiAcademy - Phiseller Espa\u00f1a","isPartOf":{"@id":"https:\/\/nereumatias.com\/#website"},"primaryImageOfPage":{"@id":"https:\/\/nereumatias.com\/producto\/curso-philips-individual-training\/#primaryimage"},"image":{"@id":"https:\/\/nereumatias.com\/producto\/curso-philips-individual-training\/#primaryimage"},"thumbnailUrl":"https:\/\/nereumatias.com\/wp-content\/uploads\/2022\/11\/PHOTO-2022-11-04-13-37-29.jpg","datePublished":"2022-11-14T17:05:00+00:00","dateModified":"2025-05-16T17:13:28+00:00","description":"Aprende la t\u00e9cnica de micropigmentaci\u00f3n de labios m\u00e1s natural y popular del mercado.","breadcrumb":{"@id":"https:\/\/nereumatias.com\/producto\/curso-philips-individual-training\/#breadcrumb"},"inLanguage":"pt-BR","potentialAction":[{"@type":"ReadAction","target":["https:\/\/nereumatias.com\/producto\/curso-philips-individual-training\/"]}]},{"@type":"ImageObject","inLanguage":"pt-BR","@id":"https:\/\/nereumatias.com\/producto\/curso-philips-individual-training\/#primaryimage","url":"https:\/\/nereumatias.com\/wp-content\/uploads\/2022\/11\/PHOTO-2022-11-04-13-37-29.jpg","contentUrl":"https:\/\/nereumatias.com\/wp-content\/uploads\/2022\/11\/PHOTO-2022-11-04-13-37-29.jpg","width":500,"height":500},{"@type":"BreadcrumbList","@id":"https:\/\/nereumatias.com\/producto\/curso-philips-individual-training\/#breadcrumb","itemListElement":[{"@type":"ListItem","position":1,"name":"Home","item":"https:\/\/nereumatias.com\/"},{"@type":"ListItem","position":2,"name":"Tienda","item":"https:\/\/nereumatias.com\/tienda-online\/"},{"@type":"ListItem","position":3,"name":"CURSO PHILIPS INDIVIDUAL TRAINING 2 DIAS"}]},{"@type":"WebSite","@id":"https:\/\/nereumatias.com\/#website","url":"https:\/\/nereumatias.com\/","name":"Formaciones PhiAcademy - Phiseller Espa\u00f1a","description":"PhiAcademy","publisher":{"@id":"https:\/\/nereumatias.com\/#organization"},"potentialAction":[{"@type":"SearchAction","target":{"@type":"EntryPoint","urlTemplate":"https:\/\/nereumatias.com\/?s={search_term_string}"},"query-input":{"@type":"PropertyValueSpecification","valueRequired":true,"valueName":"search_term_string"}}],"inLanguage":"pt-BR"},{"@type":"Organization","@id":"https:\/\/nereumatias.com\/#organization","name":"Formaciones PhiAcademy - Phiseller Espa\u00f1a","url":"https:\/\/nereumatias.com\/","logo":{"@type":"ImageObject","inLanguage":"pt-BR","@id":"https:\/\/nereumatias.com\/#\/schema\/logo\/image\/","url":"https:\/\/nereumatias.com\/wp-content\/uploads\/2022\/09\/logo-phiseller-negro-150.png","contentUrl":"https:\/\/nereumatias.com\/wp-content\/uploads\/2022\/09\/logo-phiseller-negro-150.png","width":375,"height":150,"caption":"Formaciones PhiAcademy - Phiseller Espa\u00f1a"},"image":{"@id":"https:\/\/nereumatias.com\/#\/schema\/logo\/image\/"},"sameAs":["https:\/\/www.facebook.com\/nereumatias"]}]}},"_links":{"self":[{"href":"https:\/\/nereumatias.com\/pt\/wp-json\/wp\/v2\/product\/42571","targetHints":{"allow":["GET"]}}],"collection":[{"href":"https:\/\/nereumatias.com\/pt\/wp-json\/wp\/v2\/product"}],"about":[{"href":"https:\/\/nereumatias.com\/pt\/wp-json\/wp\/v2\/types\/product"}],"replies":[{"embeddable":true,"href":"https:\/\/nereumatias.com\/pt\/wp-json\/wp\/v2\/comments?post=42571"}],"version-history":[{"count":5,"href":"https:\/\/nereumatias.com\/pt\/wp-json\/wp\/v2\/product\/42571\/revisions"}],"predecessor-version":[{"id":46875,"href":"https:\/\/nereumatias.com\/pt\/wp-json\/wp\/v2\/product\/42571\/revisions\/46875"}],"wp:featuredmedia":[{"embeddable":true,"href":"https:\/\/nereumatias.com\/pt\/wp-json\/wp\/v2\/media\/42594"}],"wp:attachment":[{"href":"https:\/\/nereumatias.com\/pt\/wp-json\/wp\/v2\/media?parent=42571"}],"wp:term":[{"taxonomy":"product_brand","embeddable":true,"href":"https:\/\/nereumatias.com\/pt\/wp-json\/wp\/v2\/product_brand?post=42571"},{"taxonomy":"product_cat","embeddable":true,"href":"https:\/\/nereumatias.com\/pt\/wp-json\/wp\/v2\/product_cat?post=42571"},{"taxonomy":"product_tag","embeddable":true,"href":"https:\/\/nereumatias.com\/pt\/wp-json\/wp\/v2\/product_tag?post=42571"}],"curies":[{"name":"wp","href":"https:\/\/api.w.org\/{rel}","templated":true}]}}