{"id":42310,"date":"2022-11-14T18:04:31","date_gmt":"2022-11-14T17:04:31","guid":{"rendered":"https:\/\/nereumatias.com\/?post_type=product&#038;p=42310"},"modified":"2023-03-30T13:02:03","modified_gmt":"2023-03-30T11:02:03","slug":"curso-nanoremoval-online","status":"publish","type":"product","link":"https:\/\/nereumatias.com\/pt\/produto\/curso-nanoremoval-online\/","title":{"rendered":"CURSO ON-LINE DE NANOREMOVAL"},"content":{"rendered":"<p>CURSO DE NANOREMOVAL - Online<\/p>\n<ul>\n<li>Curso oficial da PhiAcademy<\/li>\n<li>Cada aluno receber\u00e1 um certificado de participa\u00e7\u00e3o ao final do curso.<\/li>\n<li>6 meses de acesso ao CraftMaster<\/li>\n<\/ul>\n<p><strong>KIT DE NANORREMO\u00c7\u00c3O:<\/strong><\/p>\n<ul>\n<li>Micro aplicador philashes 100\/1.<\/li>\n<li>1 aplicador flocado que n\u00e3o solta fiapos.<\/li>\n<li>1 phibrows practice dye 10ml.<\/li>\n<li>1 Prote\u00e7\u00e3o para cicatrizes de doces de pele em 9\/1.<\/li>\n<li>1 Cartucho pl\u00e1stico descart\u00e1vel. Revo 1P (0,18) 15\/1.<\/li>\n<li>1 L\u00e1tex em branco 3\/1.1<\/li>\n<li>1 Latex impresso em 3\/1.<\/li>\n<li>2 Enzima de remo\u00e7\u00e3o de f\u00eamur.<\/li>\n<li>2 Phiremoval Light.<\/li>\n<li>1 x\u00edcara de tinta.<\/li>\n<li>1 Neutralizador.<\/li>\n<li>1 Phiwipes asept 20\/1 1<\/li>\n<li>1 l\u00e1tex labial.<\/li>\n<li>1 Eye Latex.<\/li>\n<\/ul>","protected":false},"excerpt":{"rendered":"<p>CURSO DE NANOREMOVAL - Online<\/p>\n<ul>\n<li>Curso oficial da PhiAcademy<\/li>\n<li>Cada aluno receber\u00e1 um certificado de participa\u00e7\u00e3o ao final do curso.<\/li>\n<li>6 meses de acesso ao CraftMaster<\/li>\n<\/ul>\n<p><strong>KIT DE NANORREMO\u00c7\u00c3O:<\/strong><\/p>\n<ul>\n<li>Micro aplicador philashes 100\/1.<\/li>\n<li>1 aplicador flocado que n\u00e3o solta fiapos.<\/li>\n<li>1 phibrows practice dye 10ml.<\/li>\n<li>1 Prote\u00e7\u00e3o para cicatrizes de doces de pele em 9\/1.<\/li>\n<li>1 Cartucho pl\u00e1stico descart\u00e1vel. Revo 1P (0,18) 15\/1.<\/li>\n<li>1 L\u00e1tex em branco 3\/1.1<\/li>\n<li>1 Latex impresso em 3\/1.<\/li>\n<li>2 Enzima de remo\u00e7\u00e3o de f\u00eamur.<\/li>\n<li>2 Phiremoval Light.<\/li>\n<li>1 x\u00edcara de tinta.<\/li>\n<li>1 Neutralizador.<\/li>\n<li>1 Phiwipes asept 20\/1 1<\/li>\n<li>1 l\u00e1tex labial.<\/li>\n<li>1 Eye Latex.<\/li>\n<\/ul>","protected":false},"featured_media":42338,"comment_status":"closed","ping_status":"closed","template":"","meta":{"_acf_changed":false,"_joinchat":[]},"product_brand":[],"product_cat":[57,165],"product_tag":[],"class_list":{"0":"post-42310","1":"product","2":"type-product","3":"status-publish","4":"has-post-thumbnail","6":"product_cat-cursos-on-line","7":"product_cat-nanoremoval","9":"first","10":"instock","11":"taxable","12":"shipping-taxable","13":"purchasable","14":"product-type-variable"},"supplier_id":null,"supplier_sku":"","barcode":null,"atum_controlled":true,"out_stock_date":null,"out_stock_threshold":null,"inheritable":true,"inbound_stock":null,"stock_on_hold":2,"sold_today":0,"sales_last_days":0,"reserved_stock":null,"customer_returns":null,"warehouse_damage":null,"lost_in_post":null,"other_logs":null,"out_stock_days":0,"lost_sales":0,"has_location":false,"update_date":"2026-04-18T10:16:16","atum_locations":[],"atum_stock_status":"instock","restock_status":false,"low_stock_amount":"","sales_update_date":"2026-04-18T10:16:16","calc_backorders":null,"acf":[],"yoast_head":"<!-- This site is optimized with the Yoast SEO plugin v24.8 - https:\/\/yoast.com\/wordpress\/plugins\/seo\/ -->\n<title>CURSO NANOREMOVAL ONLINE - Formaciones PhiAcademy - Phiseller Espa\u00f1a<\/title>\n<meta name=\"robots\" content=\"index, follow, max-snippet:-1, max-image-preview:large, max-video-preview:-1\" \/>\n<link rel=\"canonical\" href=\"https:\/\/nereumatias.com\/pt\/produto\/curso-nanoremoval-online\/\" \/>\n<meta property=\"og:locale\" content=\"pt_BR\" \/>\n<meta property=\"og:type\" content=\"article\" \/>\n<meta property=\"og:title\" content=\"CURSO NANOREMOVAL ONLINE - Formaciones PhiAcademy - Phiseller Espa\u00f1a\" \/>\n<meta property=\"og:description\" content=\"CURSO NANOREMOVAL - Online   Curso Oficial PhiAcademy  Cada estudiante recibir\u00e1 un certificado de participaci\u00f3n al final del curso.  Acceso 6 meses en CraftMaster  KIT NANOREMOVAL:   Micro aplicador philashes 100\/1.  1 aplicador sin pelusa flocado philashes.  1 tinte de practica phibrows 10ml.  1 Skin candy scar protecci\u00f3n 9\/1.  1 Cartucho de pl\u00e1stico desechable. Revo 1P (0,18) 15\/1.  1 L\u00e1tex en blanco 3\/1.1  1 L\u00e1tex impreso 3\/1.  2 Enzima phiremoval.  2 Luz Phiremoval.  1 Taza tinta.  1 Neutralizador.  1 Phiwipes asept 20\/1 1  1 L\u00e1tex de labios.  1 L\u00e1tex de Ojos.\" \/>\n<meta property=\"og:url\" content=\"https:\/\/nereumatias.com\/pt\/produto\/curso-nanoremoval-online\/\" \/>\n<meta property=\"og:site_name\" content=\"Formaciones PhiAcademy - Phiseller Espa\u00f1a\" \/>\n<meta property=\"article:publisher\" content=\"https:\/\/www.facebook.com\/nereumatias\" \/>\n<meta property=\"article:modified_time\" content=\"2023-03-30T11:02:03+00:00\" \/>\n<meta property=\"og:image\" content=\"https:\/\/nereumatias.com\/wp-content\/uploads\/2022\/11\/f2b7d4d4-3bfe-4c52-9ffc-5f33cf82f5a5-1.jpg\" \/>\n\t<meta property=\"og:image:width\" content=\"500\" \/>\n\t<meta property=\"og:image:height\" content=\"500\" \/>\n\t<meta property=\"og:image:type\" content=\"image\/jpeg\" \/>\n<meta name=\"twitter:card\" content=\"summary_large_image\" \/>\n<script type=\"application\/ld+json\" class=\"yoast-schema-graph\">{\"@context\":\"https:\/\/schema.org\",\"@graph\":[{\"@type\":\"WebPage\",\"@id\":\"https:\/\/nereumatias.com\/producto\/curso-nanoremoval-online\/\",\"url\":\"https:\/\/nereumatias.com\/producto\/curso-nanoremoval-online\/\",\"name\":\"CURSO NANOREMOVAL ONLINE - Formaciones PhiAcademy - Phiseller Espa\u00f1a\",\"isPartOf\":{\"@id\":\"https:\/\/nereumatias.com\/#website\"},\"primaryImageOfPage\":{\"@id\":\"https:\/\/nereumatias.com\/producto\/curso-nanoremoval-online\/#primaryimage\"},\"image\":{\"@id\":\"https:\/\/nereumatias.com\/producto\/curso-nanoremoval-online\/#primaryimage\"},\"thumbnailUrl\":\"https:\/\/nereumatias.com\/wp-content\/uploads\/2022\/11\/f2b7d4d4-3bfe-4c52-9ffc-5f33cf82f5a5-1.jpg\",\"datePublished\":\"2022-11-14T17:04:31+00:00\",\"dateModified\":\"2023-03-30T11:02:03+00:00\",\"breadcrumb\":{\"@id\":\"https:\/\/nereumatias.com\/producto\/curso-nanoremoval-online\/#breadcrumb\"},\"inLanguage\":\"pt-BR\",\"potentialAction\":[{\"@type\":\"ReadAction\",\"target\":[\"https:\/\/nereumatias.com\/producto\/curso-nanoremoval-online\/\"]}]},{\"@type\":\"ImageObject\",\"inLanguage\":\"pt-BR\",\"@id\":\"https:\/\/nereumatias.com\/producto\/curso-nanoremoval-online\/#primaryimage\",\"url\":\"https:\/\/nereumatias.com\/wp-content\/uploads\/2022\/11\/f2b7d4d4-3bfe-4c52-9ffc-5f33cf82f5a5-1.jpg\",\"contentUrl\":\"https:\/\/nereumatias.com\/wp-content\/uploads\/2022\/11\/f2b7d4d4-3bfe-4c52-9ffc-5f33cf82f5a5-1.jpg\",\"width\":500,\"height\":500},{\"@type\":\"BreadcrumbList\",\"@id\":\"https:\/\/nereumatias.com\/producto\/curso-nanoremoval-online\/#breadcrumb\",\"itemListElement\":[{\"@type\":\"ListItem\",\"position\":1,\"name\":\"Home\",\"item\":\"https:\/\/nereumatias.com\/\"},{\"@type\":\"ListItem\",\"position\":2,\"name\":\"Tienda\",\"item\":\"https:\/\/nereumatias.com\/tienda-online\/\"},{\"@type\":\"ListItem\",\"position\":3,\"name\":\"CURSO NANOREMOVAL ONLINE\"}]},{\"@type\":\"WebSite\",\"@id\":\"https:\/\/nereumatias.com\/#website\",\"url\":\"https:\/\/nereumatias.com\/\",\"name\":\"Formaciones PhiAcademy - Phiseller Espa\u00f1a\",\"description\":\"PhiAcademy\",\"publisher\":{\"@id\":\"https:\/\/nereumatias.com\/#organization\"},\"potentialAction\":[{\"@type\":\"SearchAction\",\"target\":{\"@type\":\"EntryPoint\",\"urlTemplate\":\"https:\/\/nereumatias.com\/?s={search_term_string}\"},\"query-input\":{\"@type\":\"PropertyValueSpecification\",\"valueRequired\":true,\"valueName\":\"search_term_string\"}}],\"inLanguage\":\"pt-BR\"},{\"@type\":\"Organization\",\"@id\":\"https:\/\/nereumatias.com\/#organization\",\"name\":\"Formaciones PhiAcademy - Phiseller Espa\u00f1a\",\"url\":\"https:\/\/nereumatias.com\/\",\"logo\":{\"@type\":\"ImageObject\",\"inLanguage\":\"pt-BR\",\"@id\":\"https:\/\/nereumatias.com\/#\/schema\/logo\/image\/\",\"url\":\"https:\/\/nereumatias.com\/wp-content\/uploads\/2022\/09\/logo-phiseller-negro-150.png\",\"contentUrl\":\"https:\/\/nereumatias.com\/wp-content\/uploads\/2022\/09\/logo-phiseller-negro-150.png\",\"width\":375,\"height\":150,\"caption\":\"Formaciones PhiAcademy - Phiseller Espa\u00f1a\"},\"image\":{\"@id\":\"https:\/\/nereumatias.com\/#\/schema\/logo\/image\/\"},\"sameAs\":[\"https:\/\/www.facebook.com\/nereumatias\"]}]}<\/script>\n<!-- \/ Yoast SEO plugin. -->","yoast_head_json":{"title":"CURSO NANOREMOVAL ONLINE - Formaciones PhiAcademy - Phiseller Espa\u00f1a","robots":{"index":"index","follow":"follow","max-snippet":"max-snippet:-1","max-image-preview":"max-image-preview:large","max-video-preview":"max-video-preview:-1"},"canonical":"https:\/\/nereumatias.com\/pt\/produto\/curso-nanoremoval-online\/","og_locale":"pt_BR","og_type":"article","og_title":"CURSO NANOREMOVAL ONLINE - Formaciones PhiAcademy - Phiseller Espa\u00f1a","og_description":"CURSO NANOREMOVAL - Online   Curso Oficial PhiAcademy  Cada estudiante recibir\u00e1 un certificado de participaci\u00f3n al final del curso.  Acceso 6 meses en CraftMaster  KIT NANOREMOVAL:   Micro aplicador philashes 100\/1.  1 aplicador sin pelusa flocado philashes.  1 tinte de practica phibrows 10ml.  1 Skin candy scar protecci\u00f3n 9\/1.  1 Cartucho de pl\u00e1stico desechable. Revo 1P (0,18) 15\/1.  1 L\u00e1tex en blanco 3\/1.1  1 L\u00e1tex impreso 3\/1.  2 Enzima phiremoval.  2 Luz Phiremoval.  1 Taza tinta.  1 Neutralizador.  1 Phiwipes asept 20\/1 1  1 L\u00e1tex de labios.  1 L\u00e1tex de Ojos.","og_url":"https:\/\/nereumatias.com\/pt\/produto\/curso-nanoremoval-online\/","og_site_name":"Formaciones PhiAcademy - Phiseller Espa\u00f1a","article_publisher":"https:\/\/www.facebook.com\/nereumatias","article_modified_time":"2023-03-30T11:02:03+00:00","og_image":[{"width":500,"height":500,"url":"https:\/\/nereumatias.com\/wp-content\/uploads\/2022\/11\/f2b7d4d4-3bfe-4c52-9ffc-5f33cf82f5a5-1.jpg","type":"image\/jpeg"}],"twitter_card":"summary_large_image","schema":{"@context":"https:\/\/schema.org","@graph":[{"@type":"WebPage","@id":"https:\/\/nereumatias.com\/producto\/curso-nanoremoval-online\/","url":"https:\/\/nereumatias.com\/producto\/curso-nanoremoval-online\/","name":"CURSO NANOREMOVAL ONLINE - Formaciones PhiAcademy - Phiseller Espa\u00f1a","isPartOf":{"@id":"https:\/\/nereumatias.com\/#website"},"primaryImageOfPage":{"@id":"https:\/\/nereumatias.com\/producto\/curso-nanoremoval-online\/#primaryimage"},"image":{"@id":"https:\/\/nereumatias.com\/producto\/curso-nanoremoval-online\/#primaryimage"},"thumbnailUrl":"https:\/\/nereumatias.com\/wp-content\/uploads\/2022\/11\/f2b7d4d4-3bfe-4c52-9ffc-5f33cf82f5a5-1.jpg","datePublished":"2022-11-14T17:04:31+00:00","dateModified":"2023-03-30T11:02:03+00:00","breadcrumb":{"@id":"https:\/\/nereumatias.com\/producto\/curso-nanoremoval-online\/#breadcrumb"},"inLanguage":"pt-BR","potentialAction":[{"@type":"ReadAction","target":["https:\/\/nereumatias.com\/producto\/curso-nanoremoval-online\/"]}]},{"@type":"ImageObject","inLanguage":"pt-BR","@id":"https:\/\/nereumatias.com\/producto\/curso-nanoremoval-online\/#primaryimage","url":"https:\/\/nereumatias.com\/wp-content\/uploads\/2022\/11\/f2b7d4d4-3bfe-4c52-9ffc-5f33cf82f5a5-1.jpg","contentUrl":"https:\/\/nereumatias.com\/wp-content\/uploads\/2022\/11\/f2b7d4d4-3bfe-4c52-9ffc-5f33cf82f5a5-1.jpg","width":500,"height":500},{"@type":"BreadcrumbList","@id":"https:\/\/nereumatias.com\/producto\/curso-nanoremoval-online\/#breadcrumb","itemListElement":[{"@type":"ListItem","position":1,"name":"Home","item":"https:\/\/nereumatias.com\/"},{"@type":"ListItem","position":2,"name":"Tienda","item":"https:\/\/nereumatias.com\/tienda-online\/"},{"@type":"ListItem","position":3,"name":"CURSO NANOREMOVAL ONLINE"}]},{"@type":"WebSite","@id":"https:\/\/nereumatias.com\/#website","url":"https:\/\/nereumatias.com\/","name":"Formaciones PhiAcademy - Phiseller Espa\u00f1a","description":"PhiAcademy","publisher":{"@id":"https:\/\/nereumatias.com\/#organization"},"potentialAction":[{"@type":"SearchAction","target":{"@type":"EntryPoint","urlTemplate":"https:\/\/nereumatias.com\/?s={search_term_string}"},"query-input":{"@type":"PropertyValueSpecification","valueRequired":true,"valueName":"search_term_string"}}],"inLanguage":"pt-BR"},{"@type":"Organization","@id":"https:\/\/nereumatias.com\/#organization","name":"Formaciones PhiAcademy - Phiseller Espa\u00f1a","url":"https:\/\/nereumatias.com\/","logo":{"@type":"ImageObject","inLanguage":"pt-BR","@id":"https:\/\/nereumatias.com\/#\/schema\/logo\/image\/","url":"https:\/\/nereumatias.com\/wp-content\/uploads\/2022\/09\/logo-phiseller-negro-150.png","contentUrl":"https:\/\/nereumatias.com\/wp-content\/uploads\/2022\/09\/logo-phiseller-negro-150.png","width":375,"height":150,"caption":"Formaciones PhiAcademy - Phiseller Espa\u00f1a"},"image":{"@id":"https:\/\/nereumatias.com\/#\/schema\/logo\/image\/"},"sameAs":["https:\/\/www.facebook.com\/nereumatias"]}]}},"_links":{"self":[{"href":"https:\/\/nereumatias.com\/pt\/wp-json\/wp\/v2\/product\/42310","targetHints":{"allow":["GET"]}}],"collection":[{"href":"https:\/\/nereumatias.com\/pt\/wp-json\/wp\/v2\/product"}],"about":[{"href":"https:\/\/nereumatias.com\/pt\/wp-json\/wp\/v2\/types\/product"}],"replies":[{"embeddable":true,"href":"https:\/\/nereumatias.com\/pt\/wp-json\/wp\/v2\/comments?post=42310"}],"version-history":[{"count":2,"href":"https:\/\/nereumatias.com\/pt\/wp-json\/wp\/v2\/product\/42310\/revisions"}],"predecessor-version":[{"id":44333,"href":"https:\/\/nereumatias.com\/pt\/wp-json\/wp\/v2\/product\/42310\/revisions\/44333"}],"wp:featuredmedia":[{"embeddable":true,"href":"https:\/\/nereumatias.com\/pt\/wp-json\/wp\/v2\/media\/42338"}],"wp:attachment":[{"href":"https:\/\/nereumatias.com\/pt\/wp-json\/wp\/v2\/media?parent=42310"}],"wp:term":[{"taxonomy":"product_brand","embeddable":true,"href":"https:\/\/nereumatias.com\/pt\/wp-json\/wp\/v2\/product_brand?post=42310"},{"taxonomy":"product_cat","embeddable":true,"href":"https:\/\/nereumatias.com\/pt\/wp-json\/wp\/v2\/product_cat?post=42310"},{"taxonomy":"product_tag","embeddable":true,"href":"https:\/\/nereumatias.com\/pt\/wp-json\/wp\/v2\/product_tag?post=42310"}],"curies":[{"name":"wp","href":"https:\/\/api.w.org\/{rel}","templated":true}]}}