{"id":42118,"date":"2022-05-27T15:52:21","date_gmt":"2022-05-27T13:52:21","guid":{"rendered":"https:\/\/nereumatias.phiseller.com\/?post_type=product&#038;p=42118"},"modified":"2023-01-02T18:44:17","modified_gmt":"2023-01-02T17:44:17","slug":"philashes-tweezer-adhesive-remover","status":"publish","type":"product","link":"https:\/\/nereumatias.com\/pt\/produto\/philashes-tweezer-adhesive-remover\/","title":{"rendered":"Removedor de adesivo para pin\u00e7as PhiLashes"},"content":{"rendered":"<p>O PhiLashes Tweezer Adhesive Remover \u00e9 ideal para a limpeza r\u00e1pida e completa das pin\u00e7as ap\u00f3s um tratamento de extens\u00e3o de c\u00edlios. Durante o tratamento, \u00e0s vezes a cola pode permanecer na pin\u00e7a como um res\u00edduo. Isso faz com que a cola se torne especialmente teimosa e dif\u00edcil de remover. Ao tentar remover a cola das pin\u00e7as, elas podem ser facilmente danificadas, fazendo com que n\u00e3o se fechem completamente e se tornem inutiliz\u00e1veis.<\/p>\n<p>Nosso PhiLashes Adhesive Remover for Tweezers ajuda a limpar suas ferramentas com facilidade. Ele n\u00e3o cont\u00e9m apenas um fluido de limpeza, mas tamb\u00e9m inclui esponjas em formato de esfera. Com sua textura macia e flex\u00edvel, elas ajudam a limpar bem as pin\u00e7as sem danific\u00e1-las.<\/p>","protected":false},"excerpt":{"rendered":"<p>O PhiLashes Tweezer Adhesive Remover \u00e9 ideal para a limpeza r\u00e1pida e completa das pin\u00e7as ap\u00f3s um tratamento de extens\u00e3o de c\u00edlios. Durante o tratamento, \u00e0s vezes a cola pode permanecer na pin\u00e7a como um res\u00edduo. Isso faz com que a cola se torne especialmente teimosa e dif\u00edcil de remover. Ao tentar remover a cola das pin\u00e7as, elas podem ser facilmente danificadas, fazendo com que n\u00e3o se fechem completamente e se tornem inutiliz\u00e1veis.<\/p>\n<p>Nosso PhiLashes Adhesive Remover for Tweezers ajuda a limpar suas ferramentas com facilidade. Ele n\u00e3o cont\u00e9m apenas um fluido de limpeza, mas tamb\u00e9m inclui esponjas em formato de esfera. Com sua textura macia e flex\u00edvel, elas ajudam a limpar bem as pin\u00e7as sem danific\u00e1-las.<\/p>","protected":false},"featured_media":43714,"comment_status":"open","ping_status":"closed","template":"","meta":{"_acf_changed":false,"_joinchat":[]},"product_brand":[],"product_cat":[82,96,127,162,64,50,66],"product_tag":[],"class_list":{"0":"post-42118","1":"product","2":"type-product","3":"status-publish","4":"has-post-thumbnail","6":"product_cat-accessories-philashes","7":"product_cat-during-after-treatment-philashes","8":"product_cat-lashes","9":"product_cat-mas-vendidos","10":"product_cat-philashes","11":"product_cat-tools","12":"product_cat-tools-philashes","14":"first","15":"instock","16":"featured","17":"taxable","18":"shipping-taxable","19":"purchasable","20":"product-type-simple"},"supplier_id":null,"supplier_sku":"","barcode":null,"atum_controlled":true,"out_stock_date":null,"out_stock_threshold":null,"inheritable":false,"inbound_stock":null,"stock_on_hold":0,"sold_today":0,"sales_last_days":0,"reserved_stock":null,"customer_returns":null,"warehouse_damage":null,"lost_in_post":null,"other_logs":null,"out_stock_days":0,"lost_sales":0,"has_location":null,"update_date":"2026-04-18T10:16:14","atum_locations":[],"atum_stock_status":"instock","restock_status":false,"low_stock_amount":0,"sales_update_date":"2026-04-18T10:16:14","calc_backorders":null,"acf":[],"yoast_head":"<!-- This site is optimized with the Yoast SEO plugin v24.8 - https:\/\/yoast.com\/wordpress\/plugins\/seo\/ -->\n<title>PhiLashes Tweezer Adhesive Remover - Formaciones PhiAcademy - Phiseller Espa\u00f1a<\/title>\n<meta name=\"robots\" content=\"index, follow, max-snippet:-1, max-image-preview:large, max-video-preview:-1\" \/>\n<link rel=\"canonical\" href=\"https:\/\/nereumatias.com\/pt\/produto\/philashes-tweezer-adhesive-remover\/\" \/>\n<meta property=\"og:locale\" content=\"pt_BR\" \/>\n<meta property=\"og:type\" content=\"article\" \/>\n<meta property=\"og:title\" content=\"PhiLashes Tweezer Adhesive Remover - Formaciones PhiAcademy - Phiseller Espa\u00f1a\" \/>\n<meta property=\"og:description\" content=\"El PhiLashes Tweezer Adhesive Remover es ideal para limpiar r\u00e1pida y profundamente las pinzas luego de un tratamiento de extensi\u00f3n de pesta\u00f1as. Durante el tratamiento, el pegamento a veces puede quedar de residuo en las pinzas. Esto causa que el pegamento se vuelva especialmente resistente y dif\u00edcil de eliminar. Al tratar de quitar el pegamento de las pinzas, estas pueden da\u00f1arse f\u00e1cilmente, haciendo que no cierren completamente y queden inutilizadas.  Nuestro Removedor de Adhesivo para Pinzas de PhiLashes ayuda a limpiar tus herramientas f\u00e1cilmente. No s\u00f3lo contiene un l\u00edquido limpiador, sino tambi\u00e9n incluye unas esponjas en forma de esfera. Con su suave y flexible textura, ayudan a limpiar las pinzas profundamente sin da\u00f1arlas.\" \/>\n<meta property=\"og:url\" content=\"https:\/\/nereumatias.com\/pt\/produto\/philashes-tweezer-adhesive-remover\/\" \/>\n<meta property=\"og:site_name\" content=\"Formaciones PhiAcademy - Phiseller Espa\u00f1a\" \/>\n<meta property=\"article:publisher\" content=\"https:\/\/www.facebook.com\/nereumatias\" \/>\n<meta property=\"article:modified_time\" content=\"2023-01-02T17:44:17+00:00\" \/>\n<meta property=\"og:image\" content=\"https:\/\/nereumatias.com\/wp-content\/uploads\/2022\/12\/4e19c306cdd13d9f8ec217b4a2e2eb4a_1920x1920.jpeg\" \/>\n\t<meta property=\"og:image:width\" content=\"600\" \/>\n\t<meta property=\"og:image:height\" content=\"800\" \/>\n\t<meta property=\"og:image:type\" content=\"image\/jpeg\" \/>\n<meta name=\"twitter:card\" content=\"summary_large_image\" \/>\n<script type=\"application\/ld+json\" class=\"yoast-schema-graph\">{\"@context\":\"https:\/\/schema.org\",\"@graph\":[{\"@type\":\"WebPage\",\"@id\":\"https:\/\/nereumatias.com\/producto\/philashes-tweezer-adhesive-remover\/\",\"url\":\"https:\/\/nereumatias.com\/producto\/philashes-tweezer-adhesive-remover\/\",\"name\":\"PhiLashes Tweezer Adhesive Remover - Formaciones PhiAcademy - Phiseller Espa\u00f1a\",\"isPartOf\":{\"@id\":\"https:\/\/nereumatias.com\/#website\"},\"primaryImageOfPage\":{\"@id\":\"https:\/\/nereumatias.com\/producto\/philashes-tweezer-adhesive-remover\/#primaryimage\"},\"image\":{\"@id\":\"https:\/\/nereumatias.com\/producto\/philashes-tweezer-adhesive-remover\/#primaryimage\"},\"thumbnailUrl\":\"https:\/\/nereumatias.com\/wp-content\/uploads\/2022\/12\/4e19c306cdd13d9f8ec217b4a2e2eb4a_1920x1920.jpeg\",\"datePublished\":\"2022-05-27T13:52:21+00:00\",\"dateModified\":\"2023-01-02T17:44:17+00:00\",\"breadcrumb\":{\"@id\":\"https:\/\/nereumatias.com\/producto\/philashes-tweezer-adhesive-remover\/#breadcrumb\"},\"inLanguage\":\"pt-BR\",\"potentialAction\":[{\"@type\":\"ReadAction\",\"target\":[\"https:\/\/nereumatias.com\/producto\/philashes-tweezer-adhesive-remover\/\"]}]},{\"@type\":\"ImageObject\",\"inLanguage\":\"pt-BR\",\"@id\":\"https:\/\/nereumatias.com\/producto\/philashes-tweezer-adhesive-remover\/#primaryimage\",\"url\":\"https:\/\/nereumatias.com\/wp-content\/uploads\/2022\/12\/4e19c306cdd13d9f8ec217b4a2e2eb4a_1920x1920.jpeg\",\"contentUrl\":\"https:\/\/nereumatias.com\/wp-content\/uploads\/2022\/12\/4e19c306cdd13d9f8ec217b4a2e2eb4a_1920x1920.jpeg\",\"width\":600,\"height\":800},{\"@type\":\"BreadcrumbList\",\"@id\":\"https:\/\/nereumatias.com\/producto\/philashes-tweezer-adhesive-remover\/#breadcrumb\",\"itemListElement\":[{\"@type\":\"ListItem\",\"position\":1,\"name\":\"Home\",\"item\":\"https:\/\/nereumatias.com\/\"},{\"@type\":\"ListItem\",\"position\":2,\"name\":\"Tienda\",\"item\":\"https:\/\/nereumatias.com\/tienda-online\/\"},{\"@type\":\"ListItem\",\"position\":3,\"name\":\"PhiLashes Tweezer Adhesive Remover\"}]},{\"@type\":\"WebSite\",\"@id\":\"https:\/\/nereumatias.com\/#website\",\"url\":\"https:\/\/nereumatias.com\/\",\"name\":\"Formaciones PhiAcademy - Phiseller Espa\u00f1a\",\"description\":\"PhiAcademy\",\"publisher\":{\"@id\":\"https:\/\/nereumatias.com\/#organization\"},\"potentialAction\":[{\"@type\":\"SearchAction\",\"target\":{\"@type\":\"EntryPoint\",\"urlTemplate\":\"https:\/\/nereumatias.com\/?s={search_term_string}\"},\"query-input\":{\"@type\":\"PropertyValueSpecification\",\"valueRequired\":true,\"valueName\":\"search_term_string\"}}],\"inLanguage\":\"pt-BR\"},{\"@type\":\"Organization\",\"@id\":\"https:\/\/nereumatias.com\/#organization\",\"name\":\"Formaciones PhiAcademy - Phiseller Espa\u00f1a\",\"url\":\"https:\/\/nereumatias.com\/\",\"logo\":{\"@type\":\"ImageObject\",\"inLanguage\":\"pt-BR\",\"@id\":\"https:\/\/nereumatias.com\/#\/schema\/logo\/image\/\",\"url\":\"https:\/\/nereumatias.com\/wp-content\/uploads\/2022\/09\/logo-phiseller-negro-150.png\",\"contentUrl\":\"https:\/\/nereumatias.com\/wp-content\/uploads\/2022\/09\/logo-phiseller-negro-150.png\",\"width\":375,\"height\":150,\"caption\":\"Formaciones PhiAcademy - Phiseller Espa\u00f1a\"},\"image\":{\"@id\":\"https:\/\/nereumatias.com\/#\/schema\/logo\/image\/\"},\"sameAs\":[\"https:\/\/www.facebook.com\/nereumatias\"]}]}<\/script>\n<!-- \/ Yoast SEO plugin. -->","yoast_head_json":{"title":"PhiLashes Tweezer Adhesive Remover - Formaciones PhiAcademy - Phiseller Espa\u00f1a","robots":{"index":"index","follow":"follow","max-snippet":"max-snippet:-1","max-image-preview":"max-image-preview:large","max-video-preview":"max-video-preview:-1"},"canonical":"https:\/\/nereumatias.com\/pt\/produto\/philashes-tweezer-adhesive-remover\/","og_locale":"pt_BR","og_type":"article","og_title":"PhiLashes Tweezer Adhesive Remover - Formaciones PhiAcademy - Phiseller Espa\u00f1a","og_description":"El PhiLashes Tweezer Adhesive Remover es ideal para limpiar r\u00e1pida y profundamente las pinzas luego de un tratamiento de extensi\u00f3n de pesta\u00f1as. Durante el tratamiento, el pegamento a veces puede quedar de residuo en las pinzas. Esto causa que el pegamento se vuelva especialmente resistente y dif\u00edcil de eliminar. Al tratar de quitar el pegamento de las pinzas, estas pueden da\u00f1arse f\u00e1cilmente, haciendo que no cierren completamente y queden inutilizadas.  Nuestro Removedor de Adhesivo para Pinzas de PhiLashes ayuda a limpiar tus herramientas f\u00e1cilmente. No s\u00f3lo contiene un l\u00edquido limpiador, sino tambi\u00e9n incluye unas esponjas en forma de esfera. Con su suave y flexible textura, ayudan a limpiar las pinzas profundamente sin da\u00f1arlas.","og_url":"https:\/\/nereumatias.com\/pt\/produto\/philashes-tweezer-adhesive-remover\/","og_site_name":"Formaciones PhiAcademy - Phiseller Espa\u00f1a","article_publisher":"https:\/\/www.facebook.com\/nereumatias","article_modified_time":"2023-01-02T17:44:17+00:00","og_image":[{"width":600,"height":800,"url":"https:\/\/nereumatias.com\/wp-content\/uploads\/2022\/12\/4e19c306cdd13d9f8ec217b4a2e2eb4a_1920x1920.jpeg","type":"image\/jpeg"}],"twitter_card":"summary_large_image","schema":{"@context":"https:\/\/schema.org","@graph":[{"@type":"WebPage","@id":"https:\/\/nereumatias.com\/producto\/philashes-tweezer-adhesive-remover\/","url":"https:\/\/nereumatias.com\/producto\/philashes-tweezer-adhesive-remover\/","name":"PhiLashes Tweezer Adhesive Remover - Formaciones PhiAcademy - Phiseller Espa\u00f1a","isPartOf":{"@id":"https:\/\/nereumatias.com\/#website"},"primaryImageOfPage":{"@id":"https:\/\/nereumatias.com\/producto\/philashes-tweezer-adhesive-remover\/#primaryimage"},"image":{"@id":"https:\/\/nereumatias.com\/producto\/philashes-tweezer-adhesive-remover\/#primaryimage"},"thumbnailUrl":"https:\/\/nereumatias.com\/wp-content\/uploads\/2022\/12\/4e19c306cdd13d9f8ec217b4a2e2eb4a_1920x1920.jpeg","datePublished":"2022-05-27T13:52:21+00:00","dateModified":"2023-01-02T17:44:17+00:00","breadcrumb":{"@id":"https:\/\/nereumatias.com\/producto\/philashes-tweezer-adhesive-remover\/#breadcrumb"},"inLanguage":"pt-BR","potentialAction":[{"@type":"ReadAction","target":["https:\/\/nereumatias.com\/producto\/philashes-tweezer-adhesive-remover\/"]}]},{"@type":"ImageObject","inLanguage":"pt-BR","@id":"https:\/\/nereumatias.com\/producto\/philashes-tweezer-adhesive-remover\/#primaryimage","url":"https:\/\/nereumatias.com\/wp-content\/uploads\/2022\/12\/4e19c306cdd13d9f8ec217b4a2e2eb4a_1920x1920.jpeg","contentUrl":"https:\/\/nereumatias.com\/wp-content\/uploads\/2022\/12\/4e19c306cdd13d9f8ec217b4a2e2eb4a_1920x1920.jpeg","width":600,"height":800},{"@type":"BreadcrumbList","@id":"https:\/\/nereumatias.com\/producto\/philashes-tweezer-adhesive-remover\/#breadcrumb","itemListElement":[{"@type":"ListItem","position":1,"name":"Home","item":"https:\/\/nereumatias.com\/"},{"@type":"ListItem","position":2,"name":"Tienda","item":"https:\/\/nereumatias.com\/tienda-online\/"},{"@type":"ListItem","position":3,"name":"PhiLashes Tweezer Adhesive Remover"}]},{"@type":"WebSite","@id":"https:\/\/nereumatias.com\/#website","url":"https:\/\/nereumatias.com\/","name":"Formaciones PhiAcademy - Phiseller Espa\u00f1a","description":"PhiAcademy","publisher":{"@id":"https:\/\/nereumatias.com\/#organization"},"potentialAction":[{"@type":"SearchAction","target":{"@type":"EntryPoint","urlTemplate":"https:\/\/nereumatias.com\/?s={search_term_string}"},"query-input":{"@type":"PropertyValueSpecification","valueRequired":true,"valueName":"search_term_string"}}],"inLanguage":"pt-BR"},{"@type":"Organization","@id":"https:\/\/nereumatias.com\/#organization","name":"Formaciones PhiAcademy - Phiseller Espa\u00f1a","url":"https:\/\/nereumatias.com\/","logo":{"@type":"ImageObject","inLanguage":"pt-BR","@id":"https:\/\/nereumatias.com\/#\/schema\/logo\/image\/","url":"https:\/\/nereumatias.com\/wp-content\/uploads\/2022\/09\/logo-phiseller-negro-150.png","contentUrl":"https:\/\/nereumatias.com\/wp-content\/uploads\/2022\/09\/logo-phiseller-negro-150.png","width":375,"height":150,"caption":"Formaciones PhiAcademy - Phiseller Espa\u00f1a"},"image":{"@id":"https:\/\/nereumatias.com\/#\/schema\/logo\/image\/"},"sameAs":["https:\/\/www.facebook.com\/nereumatias"]}]}},"_links":{"self":[{"href":"https:\/\/nereumatias.com\/pt\/wp-json\/wp\/v2\/product\/42118","targetHints":{"allow":["GET"]}}],"collection":[{"href":"https:\/\/nereumatias.com\/pt\/wp-json\/wp\/v2\/product"}],"about":[{"href":"https:\/\/nereumatias.com\/pt\/wp-json\/wp\/v2\/types\/product"}],"replies":[{"embeddable":true,"href":"https:\/\/nereumatias.com\/pt\/wp-json\/wp\/v2\/comments?post=42118"}],"version-history":[{"count":1,"href":"https:\/\/nereumatias.com\/pt\/wp-json\/wp\/v2\/product\/42118\/revisions"}],"predecessor-version":[{"id":42119,"href":"https:\/\/nereumatias.com\/pt\/wp-json\/wp\/v2\/product\/42118\/revisions\/42119"}],"wp:featuredmedia":[{"embeddable":true,"href":"https:\/\/nereumatias.com\/pt\/wp-json\/wp\/v2\/media\/43714"}],"wp:attachment":[{"href":"https:\/\/nereumatias.com\/pt\/wp-json\/wp\/v2\/media?parent=42118"}],"wp:term":[{"taxonomy":"product_brand","embeddable":true,"href":"https:\/\/nereumatias.com\/pt\/wp-json\/wp\/v2\/product_brand?post=42118"},{"taxonomy":"product_cat","embeddable":true,"href":"https:\/\/nereumatias.com\/pt\/wp-json\/wp\/v2\/product_cat?post=42118"},{"taxonomy":"product_tag","embeddable":true,"href":"https:\/\/nereumatias.com\/pt\/wp-json\/wp\/v2\/product_tag?post=42118"}],"curies":[{"name":"wp","href":"https:\/\/api.w.org\/{rel}","templated":true}]}}