{"id":42112,"date":"2022-03-22T17:40:37","date_gmt":"2022-03-22T16:40:37","guid":{"rendered":"https:\/\/nereumatias.phiseller.com\/?post_type=product&#038;p=42112"},"modified":"2022-12-26T13:53:58","modified_gmt":"2022-12-26T12:53:58","slug":"phi-travel-bottle-5ml","status":"publish","type":"product","link":"https:\/\/nereumatias.com\/pt\/produto\/phi-travel-bottle-5ml\/","title":{"rendered":"Frasco de viagem Phi 5ml"},"content":{"rendered":"<p>Essa pasta de a\u00e7\u00facar \u00e9 usada durante um tratamento PhiSugaring para remover pelos indesej\u00e1veis. Essa pasta de a\u00e7\u00facar n\u00e3o requer pr\u00e9-aquecimento. F\u00e1cil de espalhar na \u00e1rea desejada e extremamente suave para a pele.<\/p>\n<p>H\u00e1 tr\u00eas tipos de pasta de a\u00e7\u00facar dispon\u00edveis:<\/p>\n<p>- Suave<\/p>\n<p>- M\u00e9dio<\/p>\n<p>- Dif\u00edcil<\/p>\n<p>A escolha da pasta depende da for\u00e7a e da espessura do cabelo. Tamb\u00e9m podem ser usadas pastas diferentes para \u00e1reas diferentes:<\/p>\n<p>Pernas: m\u00e9dias e macias.<br \/>\nBra\u00e7os: m\u00e9dios e macios<br \/>\nAxilas: m\u00e9dias e duras<br \/>\nL\u00e1bio superior e queixo: m\u00e9dio e duro<br \/>\nSobrancelhas: m\u00e9dias e duras<br \/>\nPeito, barriga: m\u00e9dio e firme<br \/>\nDorso: m\u00e9dio e macio<br \/>\nZona do biqu\u00edni: m\u00e9dia e dura<\/p>\n<p>Embalagem: pote de pl\u00e1stico, 350 g<\/p>\n<p><strong>Como usar<\/strong><\/p>\n<p>- Aplique talco ou talco de beb\u00ea na pele.<\/p>\n<p>- Espalhe uma fina camada de pasta de a\u00e7\u00facar na pele, no sentido oposto ao do crescimento dos pelos, e remova a pasta r\u00e1pida e rapidamente para eliminar os pelos indesej\u00e1veis.<\/p>\n<p>- Enx\u00e1gue a pasta de a\u00e7\u00facar restante com \u00e1gua. Aplique um produto calmante na \u00e1rea tratada.<\/p>","protected":false},"excerpt":{"rendered":"<p>Essa pasta de a\u00e7\u00facar \u00e9 usada durante um tratamento PhiSugaring para remover pelos indesej\u00e1veis. Essa pasta de a\u00e7\u00facar n\u00e3o requer pr\u00e9-aquecimento. F\u00e1cil de espalhar na \u00e1rea desejada e extremamente suave para a pele.<\/p>\n<p>H\u00e1 tr\u00eas tipos de pasta de a\u00e7\u00facar dispon\u00edveis:<\/p>\n<p>- Suave<\/p>\n<p>- M\u00e9dio<\/p>\n<p>- Dif\u00edcil<\/p>\n<p>A escolha da pasta depende da for\u00e7a e da espessura do cabelo. Tamb\u00e9m podem ser usadas pastas diferentes para \u00e1reas diferentes:<\/p>\n<p>Pernas: m\u00e9dias e macias.<br \/>\nBra\u00e7os: m\u00e9dios e macios<br \/>\nAxilas: m\u00e9dias e duras<br \/>\nL\u00e1bio superior e queixo: m\u00e9dio e duro<br \/>\nSobrancelhas: m\u00e9dias e duras<br \/>\nPeito, barriga: m\u00e9dio e firme<br \/>\nDorso: m\u00e9dio e macio<br \/>\nZona do biqu\u00edni: m\u00e9dia e dura<\/p>\n<p>Embalagem: pote de pl\u00e1stico, 350 g<\/p>\n<p><strong>Como usar<\/strong><\/p>\n<p>- Aplique talco ou talco de beb\u00ea na pele.<\/p>\n<p>- Espalhe uma fina camada de pasta de a\u00e7\u00facar na pele, no sentido oposto ao do crescimento dos pelos, e remova a pasta r\u00e1pida e rapidamente para eliminar os pelos indesej\u00e1veis.<\/p>\n<p>- Enx\u00e1gue a pasta de a\u00e7\u00facar restante com \u00e1gua. Aplique um produto calmante na \u00e1rea tratada.<\/p>","protected":false},"featured_media":43709,"comment_status":"open","ping_status":"closed","template":"","meta":{"_acf_changed":false,"_joinchat":[]},"product_brand":[],"product_cat":[136,161,50,66,88,99,145],"product_tag":[],"class_list":{"0":"post-42112","1":"product","2":"type-product","3":"status-publish","4":"has-post-thumbnail","6":"product_cat-accessories-phinesse","7":"product_cat-nuevos","8":"product_cat-tools","9":"product_cat-tools-philashes","10":"product_cat-tools-phibright","11":"product_cat-tools-lasheslifting","12":"product_cat-tools-phiscalp","14":"first","15":"instock","16":"taxable","17":"shipping-taxable","18":"purchasable","19":"product-type-simple"},"supplier_id":null,"supplier_sku":"","barcode":null,"atum_controlled":true,"out_stock_date":null,"out_stock_threshold":null,"inheritable":false,"inbound_stock":null,"stock_on_hold":0,"sold_today":0,"sales_last_days":0,"reserved_stock":null,"customer_returns":null,"warehouse_damage":null,"lost_in_post":null,"other_logs":null,"out_stock_days":0,"lost_sales":0,"has_location":null,"update_date":"2026-04-15T10:16:17","atum_locations":[],"atum_stock_status":"instock","restock_status":false,"low_stock_amount":0,"sales_update_date":"2026-04-15T10:16:17","calc_backorders":null,"acf":[],"yoast_head":"<!-- This site is optimized with the Yoast SEO plugin v24.8 - https:\/\/yoast.com\/wordpress\/plugins\/seo\/ -->\n<title>Phi Travel Bottle 5ml - Formaciones PhiAcademy - Phiseller Espa\u00f1a<\/title>\n<meta name=\"description\" content=\"Esta pr\u00e1ctica botella de viaje sirve para llenarla de l\u00edquidos como colonia o desinfectante y no tener que llevar la botella entera al viajar.Dimensiones: altura de 88 mm, di\u00e1metro de 19 mm;Capacidad: 5 mlPeso: 23 g;Material interior de la botella: PCTGMaterial exterior: aluminioMaterial de la v\u00e1lvula de llenado: cobrePrecauci\u00f3n: Para evitar da\u00f1os en el producto, no exponga la botella durante mucho tiempo a temperaturas ambiente altas, como llamas abiertas o la luz solar directa.\" \/>\n<meta name=\"robots\" content=\"index, follow, max-snippet:-1, max-image-preview:large, max-video-preview:-1\" \/>\n<link rel=\"canonical\" href=\"https:\/\/nereumatias.com\/pt\/produto\/phi-travel-bottle-5ml\/\" \/>\n<meta property=\"og:locale\" content=\"pt_BR\" \/>\n<meta property=\"og:type\" content=\"article\" \/>\n<meta property=\"og:title\" content=\"Phi Travel Bottle 5ml - Formaciones PhiAcademy - Phiseller Espa\u00f1a\" \/>\n<meta property=\"og:description\" content=\"Esta pr\u00e1ctica botella de viaje sirve para llenarla de l\u00edquidos como colonia o desinfectante y no tener que llevar la botella entera al viajar.Dimensiones: altura de 88 mm, di\u00e1metro de 19 mm;Capacidad: 5 mlPeso: 23 g;Material interior de la botella: PCTGMaterial exterior: aluminioMaterial de la v\u00e1lvula de llenado: cobrePrecauci\u00f3n: Para evitar da\u00f1os en el producto, no exponga la botella durante mucho tiempo a temperaturas ambiente altas, como llamas abiertas o la luz solar directa.\" \/>\n<meta property=\"og:url\" content=\"https:\/\/nereumatias.com\/pt\/produto\/phi-travel-bottle-5ml\/\" \/>\n<meta property=\"og:site_name\" content=\"Formaciones PhiAcademy - Phiseller Espa\u00f1a\" \/>\n<meta property=\"article:publisher\" content=\"https:\/\/www.facebook.com\/nereumatias\" \/>\n<meta property=\"article:modified_time\" content=\"2022-12-26T12:53:58+00:00\" \/>\n<meta property=\"og:image\" content=\"https:\/\/nereumatias.com\/wp-content\/uploads\/2022\/12\/a42f51d5ab3e3c919ce413a280d8bbca_1920x1920.jpeg\" \/>\n\t<meta property=\"og:image:width\" content=\"600\" \/>\n\t<meta property=\"og:image:height\" content=\"800\" \/>\n\t<meta property=\"og:image:type\" content=\"image\/jpeg\" \/>\n<meta name=\"twitter:card\" content=\"summary_large_image\" \/>\n<script type=\"application\/ld+json\" class=\"yoast-schema-graph\">{\"@context\":\"https:\/\/schema.org\",\"@graph\":[{\"@type\":\"WebPage\",\"@id\":\"https:\/\/nereumatias.com\/producto\/phi-travel-bottle-5ml\/\",\"url\":\"https:\/\/nereumatias.com\/producto\/phi-travel-bottle-5ml\/\",\"name\":\"Phi Travel Bottle 5ml - Formaciones PhiAcademy - Phiseller Espa\u00f1a\",\"isPartOf\":{\"@id\":\"https:\/\/nereumatias.com\/#website\"},\"primaryImageOfPage\":{\"@id\":\"https:\/\/nereumatias.com\/producto\/phi-travel-bottle-5ml\/#primaryimage\"},\"image\":{\"@id\":\"https:\/\/nereumatias.com\/producto\/phi-travel-bottle-5ml\/#primaryimage\"},\"thumbnailUrl\":\"https:\/\/nereumatias.com\/wp-content\/uploads\/2022\/12\/a42f51d5ab3e3c919ce413a280d8bbca_1920x1920.jpeg\",\"datePublished\":\"2022-03-22T16:40:37+00:00\",\"dateModified\":\"2022-12-26T12:53:58+00:00\",\"description\":\"Esta pr\u00e1ctica botella de viaje sirve para llenarla de l\u00edquidos como colonia o desinfectante y no tener que llevar la botella entera al viajar.Dimensiones: altura de 88 mm, di\u00e1metro de 19 mm;Capacidad: 5 mlPeso: 23 g;Material interior de la botella: PCTGMaterial exterior: aluminioMaterial de la v\u00e1lvula de llenado: cobrePrecauci\u00f3n: Para evitar da\u00f1os en el producto, no exponga la botella durante mucho tiempo a temperaturas ambiente altas, como llamas abiertas o la luz solar directa.\",\"breadcrumb\":{\"@id\":\"https:\/\/nereumatias.com\/producto\/phi-travel-bottle-5ml\/#breadcrumb\"},\"inLanguage\":\"pt-BR\",\"potentialAction\":[{\"@type\":\"ReadAction\",\"target\":[\"https:\/\/nereumatias.com\/producto\/phi-travel-bottle-5ml\/\"]}]},{\"@type\":\"ImageObject\",\"inLanguage\":\"pt-BR\",\"@id\":\"https:\/\/nereumatias.com\/producto\/phi-travel-bottle-5ml\/#primaryimage\",\"url\":\"https:\/\/nereumatias.com\/wp-content\/uploads\/2022\/12\/a42f51d5ab3e3c919ce413a280d8bbca_1920x1920.jpeg\",\"contentUrl\":\"https:\/\/nereumatias.com\/wp-content\/uploads\/2022\/12\/a42f51d5ab3e3c919ce413a280d8bbca_1920x1920.jpeg\",\"width\":600,\"height\":800},{\"@type\":\"BreadcrumbList\",\"@id\":\"https:\/\/nereumatias.com\/producto\/phi-travel-bottle-5ml\/#breadcrumb\",\"itemListElement\":[{\"@type\":\"ListItem\",\"position\":1,\"name\":\"Home\",\"item\":\"https:\/\/nereumatias.com\/\"},{\"@type\":\"ListItem\",\"position\":2,\"name\":\"Tienda\",\"item\":\"https:\/\/nereumatias.com\/tienda-online\/\"},{\"@type\":\"ListItem\",\"position\":3,\"name\":\"Phi Travel Bottle 5ml\"}]},{\"@type\":\"WebSite\",\"@id\":\"https:\/\/nereumatias.com\/#website\",\"url\":\"https:\/\/nereumatias.com\/\",\"name\":\"Formaciones PhiAcademy - Phiseller Espa\u00f1a\",\"description\":\"PhiAcademy\",\"publisher\":{\"@id\":\"https:\/\/nereumatias.com\/#organization\"},\"potentialAction\":[{\"@type\":\"SearchAction\",\"target\":{\"@type\":\"EntryPoint\",\"urlTemplate\":\"https:\/\/nereumatias.com\/?s={search_term_string}\"},\"query-input\":{\"@type\":\"PropertyValueSpecification\",\"valueRequired\":true,\"valueName\":\"search_term_string\"}}],\"inLanguage\":\"pt-BR\"},{\"@type\":\"Organization\",\"@id\":\"https:\/\/nereumatias.com\/#organization\",\"name\":\"Formaciones PhiAcademy - Phiseller Espa\u00f1a\",\"url\":\"https:\/\/nereumatias.com\/\",\"logo\":{\"@type\":\"ImageObject\",\"inLanguage\":\"pt-BR\",\"@id\":\"https:\/\/nereumatias.com\/#\/schema\/logo\/image\/\",\"url\":\"https:\/\/nereumatias.com\/wp-content\/uploads\/2022\/09\/logo-phiseller-negro-150.png\",\"contentUrl\":\"https:\/\/nereumatias.com\/wp-content\/uploads\/2022\/09\/logo-phiseller-negro-150.png\",\"width\":375,\"height\":150,\"caption\":\"Formaciones PhiAcademy - Phiseller Espa\u00f1a\"},\"image\":{\"@id\":\"https:\/\/nereumatias.com\/#\/schema\/logo\/image\/\"},\"sameAs\":[\"https:\/\/www.facebook.com\/nereumatias\"]}]}<\/script>\n<!-- \/ Yoast SEO plugin. -->","yoast_head_json":{"title":"Phi Travel Bottle 5ml - Formaciones PhiAcademy - Phiseller Espa\u00f1a","description":"Esta pr\u00e1ctica botella de viaje sirve para llenarla de l\u00edquidos como colonia o desinfectante y no tener que llevar la botella entera al viajar.Dimensiones: altura de 88 mm, di\u00e1metro de 19 mm;Capacidad: 5 mlPeso: 23 g;Material interior de la botella: PCTGMaterial exterior: aluminioMaterial de la v\u00e1lvula de llenado: cobrePrecauci\u00f3n: Para evitar da\u00f1os en el producto, no exponga la botella durante mucho tiempo a temperaturas ambiente altas, como llamas abiertas o la luz solar directa.","robots":{"index":"index","follow":"follow","max-snippet":"max-snippet:-1","max-image-preview":"max-image-preview:large","max-video-preview":"max-video-preview:-1"},"canonical":"https:\/\/nereumatias.com\/pt\/produto\/phi-travel-bottle-5ml\/","og_locale":"pt_BR","og_type":"article","og_title":"Phi Travel Bottle 5ml - Formaciones PhiAcademy - Phiseller Espa\u00f1a","og_description":"Esta pr\u00e1ctica botella de viaje sirve para llenarla de l\u00edquidos como colonia o desinfectante y no tener que llevar la botella entera al viajar.Dimensiones: altura de 88 mm, di\u00e1metro de 19 mm;Capacidad: 5 mlPeso: 23 g;Material interior de la botella: PCTGMaterial exterior: aluminioMaterial de la v\u00e1lvula de llenado: cobrePrecauci\u00f3n: Para evitar da\u00f1os en el producto, no exponga la botella durante mucho tiempo a temperaturas ambiente altas, como llamas abiertas o la luz solar directa.","og_url":"https:\/\/nereumatias.com\/pt\/produto\/phi-travel-bottle-5ml\/","og_site_name":"Formaciones PhiAcademy - Phiseller Espa\u00f1a","article_publisher":"https:\/\/www.facebook.com\/nereumatias","article_modified_time":"2022-12-26T12:53:58+00:00","og_image":[{"width":600,"height":800,"url":"https:\/\/nereumatias.com\/wp-content\/uploads\/2022\/12\/a42f51d5ab3e3c919ce413a280d8bbca_1920x1920.jpeg","type":"image\/jpeg"}],"twitter_card":"summary_large_image","schema":{"@context":"https:\/\/schema.org","@graph":[{"@type":"WebPage","@id":"https:\/\/nereumatias.com\/producto\/phi-travel-bottle-5ml\/","url":"https:\/\/nereumatias.com\/producto\/phi-travel-bottle-5ml\/","name":"Phi Travel Bottle 5ml - Formaciones PhiAcademy - Phiseller Espa\u00f1a","isPartOf":{"@id":"https:\/\/nereumatias.com\/#website"},"primaryImageOfPage":{"@id":"https:\/\/nereumatias.com\/producto\/phi-travel-bottle-5ml\/#primaryimage"},"image":{"@id":"https:\/\/nereumatias.com\/producto\/phi-travel-bottle-5ml\/#primaryimage"},"thumbnailUrl":"https:\/\/nereumatias.com\/wp-content\/uploads\/2022\/12\/a42f51d5ab3e3c919ce413a280d8bbca_1920x1920.jpeg","datePublished":"2022-03-22T16:40:37+00:00","dateModified":"2022-12-26T12:53:58+00:00","description":"Esta pr\u00e1ctica botella de viaje sirve para llenarla de l\u00edquidos como colonia o desinfectante y no tener que llevar la botella entera al viajar.Dimensiones: altura de 88 mm, di\u00e1metro de 19 mm;Capacidad: 5 mlPeso: 23 g;Material interior de la botella: PCTGMaterial exterior: aluminioMaterial de la v\u00e1lvula de llenado: cobrePrecauci\u00f3n: Para evitar da\u00f1os en el producto, no exponga la botella durante mucho tiempo a temperaturas ambiente altas, como llamas abiertas o la luz solar directa.","breadcrumb":{"@id":"https:\/\/nereumatias.com\/producto\/phi-travel-bottle-5ml\/#breadcrumb"},"inLanguage":"pt-BR","potentialAction":[{"@type":"ReadAction","target":["https:\/\/nereumatias.com\/producto\/phi-travel-bottle-5ml\/"]}]},{"@type":"ImageObject","inLanguage":"pt-BR","@id":"https:\/\/nereumatias.com\/producto\/phi-travel-bottle-5ml\/#primaryimage","url":"https:\/\/nereumatias.com\/wp-content\/uploads\/2022\/12\/a42f51d5ab3e3c919ce413a280d8bbca_1920x1920.jpeg","contentUrl":"https:\/\/nereumatias.com\/wp-content\/uploads\/2022\/12\/a42f51d5ab3e3c919ce413a280d8bbca_1920x1920.jpeg","width":600,"height":800},{"@type":"BreadcrumbList","@id":"https:\/\/nereumatias.com\/producto\/phi-travel-bottle-5ml\/#breadcrumb","itemListElement":[{"@type":"ListItem","position":1,"name":"Home","item":"https:\/\/nereumatias.com\/"},{"@type":"ListItem","position":2,"name":"Tienda","item":"https:\/\/nereumatias.com\/tienda-online\/"},{"@type":"ListItem","position":3,"name":"Phi Travel Bottle 5ml"}]},{"@type":"WebSite","@id":"https:\/\/nereumatias.com\/#website","url":"https:\/\/nereumatias.com\/","name":"Formaciones PhiAcademy - Phiseller Espa\u00f1a","description":"PhiAcademy","publisher":{"@id":"https:\/\/nereumatias.com\/#organization"},"potentialAction":[{"@type":"SearchAction","target":{"@type":"EntryPoint","urlTemplate":"https:\/\/nereumatias.com\/?s={search_term_string}"},"query-input":{"@type":"PropertyValueSpecification","valueRequired":true,"valueName":"search_term_string"}}],"inLanguage":"pt-BR"},{"@type":"Organization","@id":"https:\/\/nereumatias.com\/#organization","name":"Formaciones PhiAcademy - Phiseller Espa\u00f1a","url":"https:\/\/nereumatias.com\/","logo":{"@type":"ImageObject","inLanguage":"pt-BR","@id":"https:\/\/nereumatias.com\/#\/schema\/logo\/image\/","url":"https:\/\/nereumatias.com\/wp-content\/uploads\/2022\/09\/logo-phiseller-negro-150.png","contentUrl":"https:\/\/nereumatias.com\/wp-content\/uploads\/2022\/09\/logo-phiseller-negro-150.png","width":375,"height":150,"caption":"Formaciones PhiAcademy - Phiseller Espa\u00f1a"},"image":{"@id":"https:\/\/nereumatias.com\/#\/schema\/logo\/image\/"},"sameAs":["https:\/\/www.facebook.com\/nereumatias"]}]}},"_links":{"self":[{"href":"https:\/\/nereumatias.com\/pt\/wp-json\/wp\/v2\/product\/42112","targetHints":{"allow":["GET"]}}],"collection":[{"href":"https:\/\/nereumatias.com\/pt\/wp-json\/wp\/v2\/product"}],"about":[{"href":"https:\/\/nereumatias.com\/pt\/wp-json\/wp\/v2\/types\/product"}],"replies":[{"embeddable":true,"href":"https:\/\/nereumatias.com\/pt\/wp-json\/wp\/v2\/comments?post=42112"}],"version-history":[{"count":1,"href":"https:\/\/nereumatias.com\/pt\/wp-json\/wp\/v2\/product\/42112\/revisions"}],"predecessor-version":[{"id":42113,"href":"https:\/\/nereumatias.com\/pt\/wp-json\/wp\/v2\/product\/42112\/revisions\/42113"}],"wp:featuredmedia":[{"embeddable":true,"href":"https:\/\/nereumatias.com\/pt\/wp-json\/wp\/v2\/media\/43709"}],"wp:attachment":[{"href":"https:\/\/nereumatias.com\/pt\/wp-json\/wp\/v2\/media?parent=42112"}],"wp:term":[{"taxonomy":"product_brand","embeddable":true,"href":"https:\/\/nereumatias.com\/pt\/wp-json\/wp\/v2\/product_brand?post=42112"},{"taxonomy":"product_cat","embeddable":true,"href":"https:\/\/nereumatias.com\/pt\/wp-json\/wp\/v2\/product_cat?post=42112"},{"taxonomy":"product_tag","embeddable":true,"href":"https:\/\/nereumatias.com\/pt\/wp-json\/wp\/v2\/product_tag?post=42112"}],"curies":[{"name":"wp","href":"https:\/\/api.w.org\/{rel}","templated":true}]}}