{"id":42104,"date":"2021-11-08T16:37:59","date_gmt":"2021-11-08T15:37:59","guid":{"rendered":"https:\/\/nereumatias.phiseller.com\/?post_type=product&#038;p=42104"},"modified":"2024-11-05T11:55:09","modified_gmt":"2024-11-05T10:55:09","slug":"disposable-tool-with-u24-nano-blade-10pcs","status":"publish","type":"product","link":"https:\/\/nereumatias.com\/pt\/produto\/disposable-tool-with-u24-nano-blade-10pcs\/","title":{"rendered":"FERRAMENTA DESCART\u00c1VEL COM L\u00c2MINA U24 NANO 10PCS"},"content":{"rendered":"<div class=\"h3 product-detail-description-title\">Informa\u00e7\u00f5es sobre o produto \"Ferramenta descart\u00e1vel com U24 Nano Blade 10pcs\".<\/div>\n<div class=\"product-detail-description-text\" data-show-more=\"true\">\n<p data-renderer-start-pos=\"2794\">Essa ferramenta de microblading foi projetada para\u00a0<strong data-renderer-mark=\"true\">artistas de microblading seguros<\/strong><\/p>\n<p data-renderer-start-pos=\"2880\">Ele \u00e9 feito de\u00a0<strong data-renderer-mark=\"true\">24 nanoneedles ultrafinos<\/strong>\u00a0que criam uma l\u00e2mina em\u00a0<strong data-renderer-mark=\"true\">Em forma de U<\/strong>. As agulhas t\u00eam um di\u00e2metro de\u00a0<strong data-renderer-mark=\"true\">0,15 mm<\/strong>Elas s\u00e3o incrivelmente afiadas.<\/p>\n<p data-renderer-start-pos=\"3040\">Devido ao di\u00e2metro fino das agulhas e \u00e0 l\u00e2mina afiada resultante, \u00e9 necess\u00e1rio o seguinte\u00a0<strong data-renderer-mark=\"true\">press\u00e3o muito baixa<\/strong>\u00a0para penetrar na pele durante os tratamentos. A l\u00e2mina pode criar tra\u00e7os finos e precisos, inclusive curvas.<\/p>\n<p data-renderer-start-pos=\"3264\">A l\u00e2mina \u00e9 feita de\u00a0<strong data-renderer-mark=\"true\">A\u00e7o inoxid\u00e1vel 304 de grau m\u00e9dico<\/strong>\u00a0e polido com tecnologia a laser. Esse material \u00e9 hipoalerg\u00eanico e permite uma aplica\u00e7\u00e3o clara e precisa das pinceladas durante o tratamento.<\/p>\n<p data-renderer-start-pos=\"3471\">Essa ferramenta inclui:<\/p>\n<ul class=\"ak-ul\" data-indent-level=\"1\">\n<li>\n<p data-renderer-start-pos=\"3500\">A\u00a0<strong data-renderer-mark=\"true\">Aplicador de pigmento esterilizado<\/strong>\u00a0e sem fiapos para aplicar o pigmento nos tra\u00e7os criados<\/p>\n<\/li>\n<li>\n<p data-renderer-start-pos=\"3598\">A<strong data-renderer-mark=\"true\">\u00a0Almofada est\u00e9ril autoadesiva<\/strong>. Ele \u00e9 acoplado \u00e0 luva para limpar o excesso de pigmento da l\u00e2mina durante o tratamento.<\/p>\n<\/li>\n<\/ul>\n<p data-renderer-start-pos=\"3743\">Cada pacote cont\u00e9m\u00a0<strong data-renderer-mark=\"true\">10 pe\u00e7as<\/strong><\/p>\n<\/div>\n<p data-renderer-start-pos=\"5418\">","protected":false},"excerpt":{"rendered":"<div class=\"h3 product-detail-description-title\">Informa\u00e7\u00f5es sobre o produto \"Ferramenta descart\u00e1vel com U24 Nano Blade 10pcs\".<\/div>\n<div class=\"product-detail-description-text\" data-show-more=\"true\">\n<p data-renderer-start-pos=\"2794\">Essa ferramenta de microblading foi projetada para\u00a0<strong data-renderer-mark=\"true\">artistas de microblading seguros<\/strong><\/p>\n<p data-renderer-start-pos=\"2880\">Ele \u00e9 feito de\u00a0<strong data-renderer-mark=\"true\">24 nanoneedles ultrafinos<\/strong>\u00a0que criam uma l\u00e2mina em\u00a0<strong data-renderer-mark=\"true\">Em forma de U<\/strong>. As agulhas t\u00eam um di\u00e2metro de\u00a0<strong data-renderer-mark=\"true\">0,15 mm<\/strong>Elas s\u00e3o incrivelmente afiadas.<\/p>\n<p data-renderer-start-pos=\"3040\">Devido ao di\u00e2metro fino das agulhas e \u00e0 l\u00e2mina afiada resultante, \u00e9 necess\u00e1rio o seguinte\u00a0<strong data-renderer-mark=\"true\">press\u00e3o muito baixa<\/strong>\u00a0para penetrar na pele durante os tratamentos. A l\u00e2mina pode criar tra\u00e7os finos e precisos, inclusive curvas.<\/p>\n<p data-renderer-start-pos=\"3264\">A l\u00e2mina \u00e9 feita de\u00a0<strong data-renderer-mark=\"true\">A\u00e7o inoxid\u00e1vel 304 de grau m\u00e9dico<\/strong>\u00a0e polido com tecnologia a laser. Esse material \u00e9 hipoalerg\u00eanico e permite uma aplica\u00e7\u00e3o clara e precisa das pinceladas durante o tratamento.<\/p>\n<p data-renderer-start-pos=\"3471\">Essa ferramenta inclui:<\/p>\n<ul class=\"ak-ul\" data-indent-level=\"1\">\n<li>\n<p data-renderer-start-pos=\"3500\">A\u00a0<strong data-renderer-mark=\"true\">Aplicador de pigmento esterilizado<\/strong>\u00a0e sem fiapos para aplicar o pigmento nos tra\u00e7os criados<\/p>\n<\/li>\n<li>\n<p data-renderer-start-pos=\"3598\">A<strong data-renderer-mark=\"true\">\u00a0Almofada est\u00e9ril autoadesiva<\/strong>. Ele \u00e9 acoplado \u00e0 luva para limpar o excesso de pigmento da l\u00e2mina durante o tratamento.<\/p>\n<\/li>\n<\/ul>\n<p data-renderer-start-pos=\"3743\">Cada pacote cont\u00e9m\u00a0<strong data-renderer-mark=\"true\">10 pe\u00e7as<\/strong><\/p>\n<\/div>","protected":false},"featured_media":45963,"comment_status":"open","ping_status":"closed","template":"","meta":{"_acf_changed":false,"_joinchat":[]},"product_brand":[],"product_cat":[49,53,81,82,115,162,47],"product_tag":[],"class_list":{"0":"post-42104","1":"product","2":"type-product","3":"status-publish","4":"has-post-thumbnail","6":"product_cat-accesories","7":"product_cat-accesories-philaser","8":"product_cat-accessories-phicontour","9":"product_cat-accessories-philashes","10":"product_cat-accessories-phidrofacial","11":"product_cat-mas-vendidos","12":"product_cat-phibrows","14":"first","15":"instock","16":"taxable","17":"shipping-taxable","18":"purchasable","19":"product-type-simple"},"supplier_id":null,"supplier_sku":"","barcode":null,"atum_controlled":true,"out_stock_date":null,"out_stock_threshold":null,"inheritable":false,"inbound_stock":null,"stock_on_hold":2,"sold_today":0,"sales_last_days":0,"reserved_stock":null,"customer_returns":null,"warehouse_damage":null,"lost_in_post":null,"other_logs":null,"out_stock_days":0,"lost_sales":0,"has_location":false,"update_date":"2026-04-19T10:16:15","atum_locations":[],"atum_stock_status":"instock","restock_status":false,"low_stock_amount":0,"sales_update_date":"2026-04-19T10:16:15","calc_backorders":null,"acf":[],"yoast_head":"<!-- This site is optimized with the Yoast SEO plugin v24.8 - https:\/\/yoast.com\/wordpress\/plugins\/seo\/ -->\n<title>DISPOSABLE TOOL WITH U24 NANO BLADE 10PCS - Formaciones PhiAcademy - Phiseller Espa\u00f1a<\/title>\n<meta name=\"robots\" content=\"index, follow, max-snippet:-1, max-image-preview:large, max-video-preview:-1\" \/>\n<link rel=\"canonical\" href=\"https:\/\/nereumatias.com\/pt\/produto\/disposable-tool-with-u24-nano-blade-10pcs\/\" \/>\n<meta property=\"og:locale\" content=\"pt_BR\" \/>\n<meta property=\"og:type\" content=\"article\" \/>\n<meta property=\"og:title\" content=\"DISPOSABLE TOOL WITH U24 NANO BLADE 10PCS - Formaciones PhiAcademy - Phiseller Espa\u00f1a\" \/>\n<meta property=\"og:description\" content=\"Informaci\u00f3n sobre el producto &quot;Disposable Tool with U24 Nano Blade 10pcs&quot;  Esta herramienta de microblading est\u00e1 dise\u00f1ada para\u00a0artistas de microblading seguros Est\u00e1 hecha de\u00a024 ultrafinas nanoagujas\u00a0que crean una cuchilla en\u00a0forma de U. Las agujas tienen un di\u00e1metro de\u00a00.15 mm, por lo que son incre\u00edblemente afiladas. Debido al delgado di\u00e1metro de las agujas y la cuchilla resultante afilada, se requiere\u00a0muy poca presi\u00f3n\u00a0para penetrar la piel durante los tratamientos. La cuchilla puede crear trazos delgados y precisos, incluyendo curvas. La cuchilla est\u00e1 hecha de\u00a0acero inoxidable de grado m\u00e9dico 304\u00a0y pulida con tecnolog\u00eda l\u00e1ser. Este material es hipoalerg\u00e9nico y permite una aplicaci\u00f3n n\u00edtida y precisa de los trazos durante el tratamiento. Esta herramienta incluye:     Un\u00a0aplicador de pigmento esterilizado\u00a0y sin pelusa para aplicar pigmento en los trazos creados    Una\u00a0almohadilla esterilizada autoadhesiva. Esta se adhiere al guante para limpiar el exceso de pigmento de la cuchilla durante el tratamiento   Cada paquete contiene\u00a010 piezas\" \/>\n<meta property=\"og:url\" content=\"https:\/\/nereumatias.com\/pt\/produto\/disposable-tool-with-u24-nano-blade-10pcs\/\" \/>\n<meta property=\"og:site_name\" content=\"Formaciones PhiAcademy - Phiseller Espa\u00f1a\" \/>\n<meta property=\"article:publisher\" content=\"https:\/\/www.facebook.com\/nereumatias\" \/>\n<meta property=\"article:modified_time\" content=\"2024-11-05T10:55:09+00:00\" \/>\n<meta property=\"og:image\" content=\"https:\/\/nereumatias.com\/wp-content\/uploads\/2021\/11\/Captura-de-pantalla-2024-11-05-a-las-11.53.26.png\" \/>\n\t<meta property=\"og:image:width\" content=\"1138\" \/>\n\t<meta property=\"og:image:height\" content=\"1370\" \/>\n\t<meta property=\"og:image:type\" content=\"image\/png\" \/>\n<meta name=\"twitter:card\" content=\"summary_large_image\" \/>\n<script type=\"application\/ld+json\" class=\"yoast-schema-graph\">{\"@context\":\"https:\/\/schema.org\",\"@graph\":[{\"@type\":\"WebPage\",\"@id\":\"https:\/\/nereumatias.com\/producto\/disposable-tool-with-u24-nano-blade-10pcs\/\",\"url\":\"https:\/\/nereumatias.com\/producto\/disposable-tool-with-u24-nano-blade-10pcs\/\",\"name\":\"DISPOSABLE TOOL WITH U24 NANO BLADE 10PCS - Formaciones PhiAcademy - Phiseller Espa\u00f1a\",\"isPartOf\":{\"@id\":\"https:\/\/nereumatias.com\/#website\"},\"primaryImageOfPage\":{\"@id\":\"https:\/\/nereumatias.com\/producto\/disposable-tool-with-u24-nano-blade-10pcs\/#primaryimage\"},\"image\":{\"@id\":\"https:\/\/nereumatias.com\/producto\/disposable-tool-with-u24-nano-blade-10pcs\/#primaryimage\"},\"thumbnailUrl\":\"https:\/\/nereumatias.com\/wp-content\/uploads\/2021\/11\/Captura-de-pantalla-2024-11-05-a-las-11.53.26.png\",\"datePublished\":\"2021-11-08T15:37:59+00:00\",\"dateModified\":\"2024-11-05T10:55:09+00:00\",\"breadcrumb\":{\"@id\":\"https:\/\/nereumatias.com\/producto\/disposable-tool-with-u24-nano-blade-10pcs\/#breadcrumb\"},\"inLanguage\":\"pt-BR\",\"potentialAction\":[{\"@type\":\"ReadAction\",\"target\":[\"https:\/\/nereumatias.com\/producto\/disposable-tool-with-u24-nano-blade-10pcs\/\"]}]},{\"@type\":\"ImageObject\",\"inLanguage\":\"pt-BR\",\"@id\":\"https:\/\/nereumatias.com\/producto\/disposable-tool-with-u24-nano-blade-10pcs\/#primaryimage\",\"url\":\"https:\/\/nereumatias.com\/wp-content\/uploads\/2021\/11\/Captura-de-pantalla-2024-11-05-a-las-11.53.26.png\",\"contentUrl\":\"https:\/\/nereumatias.com\/wp-content\/uploads\/2021\/11\/Captura-de-pantalla-2024-11-05-a-las-11.53.26.png\",\"width\":1138,\"height\":1370},{\"@type\":\"BreadcrumbList\",\"@id\":\"https:\/\/nereumatias.com\/producto\/disposable-tool-with-u24-nano-blade-10pcs\/#breadcrumb\",\"itemListElement\":[{\"@type\":\"ListItem\",\"position\":1,\"name\":\"Home\",\"item\":\"https:\/\/nereumatias.com\/\"},{\"@type\":\"ListItem\",\"position\":2,\"name\":\"Tienda\",\"item\":\"https:\/\/nereumatias.com\/tienda-online\/\"},{\"@type\":\"ListItem\",\"position\":3,\"name\":\"DISPOSABLE TOOL WITH U24 NANO BLADE 10PCS\"}]},{\"@type\":\"WebSite\",\"@id\":\"https:\/\/nereumatias.com\/#website\",\"url\":\"https:\/\/nereumatias.com\/\",\"name\":\"Formaciones PhiAcademy - Phiseller Espa\u00f1a\",\"description\":\"PhiAcademy\",\"publisher\":{\"@id\":\"https:\/\/nereumatias.com\/#organization\"},\"potentialAction\":[{\"@type\":\"SearchAction\",\"target\":{\"@type\":\"EntryPoint\",\"urlTemplate\":\"https:\/\/nereumatias.com\/?s={search_term_string}\"},\"query-input\":{\"@type\":\"PropertyValueSpecification\",\"valueRequired\":true,\"valueName\":\"search_term_string\"}}],\"inLanguage\":\"pt-BR\"},{\"@type\":\"Organization\",\"@id\":\"https:\/\/nereumatias.com\/#organization\",\"name\":\"Formaciones PhiAcademy - Phiseller Espa\u00f1a\",\"url\":\"https:\/\/nereumatias.com\/\",\"logo\":{\"@type\":\"ImageObject\",\"inLanguage\":\"pt-BR\",\"@id\":\"https:\/\/nereumatias.com\/#\/schema\/logo\/image\/\",\"url\":\"https:\/\/nereumatias.com\/wp-content\/uploads\/2022\/09\/logo-phiseller-negro-150.png\",\"contentUrl\":\"https:\/\/nereumatias.com\/wp-content\/uploads\/2022\/09\/logo-phiseller-negro-150.png\",\"width\":375,\"height\":150,\"caption\":\"Formaciones PhiAcademy - Phiseller Espa\u00f1a\"},\"image\":{\"@id\":\"https:\/\/nereumatias.com\/#\/schema\/logo\/image\/\"},\"sameAs\":[\"https:\/\/www.facebook.com\/nereumatias\"]}]}<\/script>\n<!-- \/ Yoast SEO plugin. -->","yoast_head_json":{"title":"DISPOSABLE TOOL WITH U24 NANO BLADE 10PCS - Formaciones PhiAcademy - Phiseller Espa\u00f1a","robots":{"index":"index","follow":"follow","max-snippet":"max-snippet:-1","max-image-preview":"max-image-preview:large","max-video-preview":"max-video-preview:-1"},"canonical":"https:\/\/nereumatias.com\/pt\/produto\/disposable-tool-with-u24-nano-blade-10pcs\/","og_locale":"pt_BR","og_type":"article","og_title":"DISPOSABLE TOOL WITH U24 NANO BLADE 10PCS - Formaciones PhiAcademy - Phiseller Espa\u00f1a","og_description":"Informaci\u00f3n sobre el producto \"Disposable Tool with U24 Nano Blade 10pcs\"  Esta herramienta de microblading est\u00e1 dise\u00f1ada para\u00a0artistas de microblading seguros Est\u00e1 hecha de\u00a024 ultrafinas nanoagujas\u00a0que crean una cuchilla en\u00a0forma de U. Las agujas tienen un di\u00e1metro de\u00a00.15 mm, por lo que son incre\u00edblemente afiladas. Debido al delgado di\u00e1metro de las agujas y la cuchilla resultante afilada, se requiere\u00a0muy poca presi\u00f3n\u00a0para penetrar la piel durante los tratamientos. La cuchilla puede crear trazos delgados y precisos, incluyendo curvas. La cuchilla est\u00e1 hecha de\u00a0acero inoxidable de grado m\u00e9dico 304\u00a0y pulida con tecnolog\u00eda l\u00e1ser. Este material es hipoalerg\u00e9nico y permite una aplicaci\u00f3n n\u00edtida y precisa de los trazos durante el tratamiento. Esta herramienta incluye:     Un\u00a0aplicador de pigmento esterilizado\u00a0y sin pelusa para aplicar pigmento en los trazos creados    Una\u00a0almohadilla esterilizada autoadhesiva. Esta se adhiere al guante para limpiar el exceso de pigmento de la cuchilla durante el tratamiento   Cada paquete contiene\u00a010 piezas","og_url":"https:\/\/nereumatias.com\/pt\/produto\/disposable-tool-with-u24-nano-blade-10pcs\/","og_site_name":"Formaciones PhiAcademy - Phiseller Espa\u00f1a","article_publisher":"https:\/\/www.facebook.com\/nereumatias","article_modified_time":"2024-11-05T10:55:09+00:00","og_image":[{"width":1138,"height":1370,"url":"https:\/\/nereumatias.com\/wp-content\/uploads\/2021\/11\/Captura-de-pantalla-2024-11-05-a-las-11.53.26.png","type":"image\/png"}],"twitter_card":"summary_large_image","schema":{"@context":"https:\/\/schema.org","@graph":[{"@type":"WebPage","@id":"https:\/\/nereumatias.com\/producto\/disposable-tool-with-u24-nano-blade-10pcs\/","url":"https:\/\/nereumatias.com\/producto\/disposable-tool-with-u24-nano-blade-10pcs\/","name":"DISPOSABLE TOOL WITH U24 NANO BLADE 10PCS - Formaciones PhiAcademy - Phiseller Espa\u00f1a","isPartOf":{"@id":"https:\/\/nereumatias.com\/#website"},"primaryImageOfPage":{"@id":"https:\/\/nereumatias.com\/producto\/disposable-tool-with-u24-nano-blade-10pcs\/#primaryimage"},"image":{"@id":"https:\/\/nereumatias.com\/producto\/disposable-tool-with-u24-nano-blade-10pcs\/#primaryimage"},"thumbnailUrl":"https:\/\/nereumatias.com\/wp-content\/uploads\/2021\/11\/Captura-de-pantalla-2024-11-05-a-las-11.53.26.png","datePublished":"2021-11-08T15:37:59+00:00","dateModified":"2024-11-05T10:55:09+00:00","breadcrumb":{"@id":"https:\/\/nereumatias.com\/producto\/disposable-tool-with-u24-nano-blade-10pcs\/#breadcrumb"},"inLanguage":"pt-BR","potentialAction":[{"@type":"ReadAction","target":["https:\/\/nereumatias.com\/producto\/disposable-tool-with-u24-nano-blade-10pcs\/"]}]},{"@type":"ImageObject","inLanguage":"pt-BR","@id":"https:\/\/nereumatias.com\/producto\/disposable-tool-with-u24-nano-blade-10pcs\/#primaryimage","url":"https:\/\/nereumatias.com\/wp-content\/uploads\/2021\/11\/Captura-de-pantalla-2024-11-05-a-las-11.53.26.png","contentUrl":"https:\/\/nereumatias.com\/wp-content\/uploads\/2021\/11\/Captura-de-pantalla-2024-11-05-a-las-11.53.26.png","width":1138,"height":1370},{"@type":"BreadcrumbList","@id":"https:\/\/nereumatias.com\/producto\/disposable-tool-with-u24-nano-blade-10pcs\/#breadcrumb","itemListElement":[{"@type":"ListItem","position":1,"name":"Home","item":"https:\/\/nereumatias.com\/"},{"@type":"ListItem","position":2,"name":"Tienda","item":"https:\/\/nereumatias.com\/tienda-online\/"},{"@type":"ListItem","position":3,"name":"DISPOSABLE TOOL WITH U24 NANO BLADE 10PCS"}]},{"@type":"WebSite","@id":"https:\/\/nereumatias.com\/#website","url":"https:\/\/nereumatias.com\/","name":"Formaciones PhiAcademy - Phiseller Espa\u00f1a","description":"PhiAcademy","publisher":{"@id":"https:\/\/nereumatias.com\/#organization"},"potentialAction":[{"@type":"SearchAction","target":{"@type":"EntryPoint","urlTemplate":"https:\/\/nereumatias.com\/?s={search_term_string}"},"query-input":{"@type":"PropertyValueSpecification","valueRequired":true,"valueName":"search_term_string"}}],"inLanguage":"pt-BR"},{"@type":"Organization","@id":"https:\/\/nereumatias.com\/#organization","name":"Formaciones PhiAcademy - Phiseller Espa\u00f1a","url":"https:\/\/nereumatias.com\/","logo":{"@type":"ImageObject","inLanguage":"pt-BR","@id":"https:\/\/nereumatias.com\/#\/schema\/logo\/image\/","url":"https:\/\/nereumatias.com\/wp-content\/uploads\/2022\/09\/logo-phiseller-negro-150.png","contentUrl":"https:\/\/nereumatias.com\/wp-content\/uploads\/2022\/09\/logo-phiseller-negro-150.png","width":375,"height":150,"caption":"Formaciones PhiAcademy - Phiseller Espa\u00f1a"},"image":{"@id":"https:\/\/nereumatias.com\/#\/schema\/logo\/image\/"},"sameAs":["https:\/\/www.facebook.com\/nereumatias"]}]}},"_links":{"self":[{"href":"https:\/\/nereumatias.com\/pt\/wp-json\/wp\/v2\/product\/42104","targetHints":{"allow":["GET"]}}],"collection":[{"href":"https:\/\/nereumatias.com\/pt\/wp-json\/wp\/v2\/product"}],"about":[{"href":"https:\/\/nereumatias.com\/pt\/wp-json\/wp\/v2\/types\/product"}],"replies":[{"embeddable":true,"href":"https:\/\/nereumatias.com\/pt\/wp-json\/wp\/v2\/comments?post=42104"}],"version-history":[{"count":3,"href":"https:\/\/nereumatias.com\/pt\/wp-json\/wp\/v2\/product\/42104\/revisions"}],"predecessor-version":[{"id":45964,"href":"https:\/\/nereumatias.com\/pt\/wp-json\/wp\/v2\/product\/42104\/revisions\/45964"}],"wp:featuredmedia":[{"embeddable":true,"href":"https:\/\/nereumatias.com\/pt\/wp-json\/wp\/v2\/media\/45963"}],"wp:attachment":[{"href":"https:\/\/nereumatias.com\/pt\/wp-json\/wp\/v2\/media?parent=42104"}],"wp:term":[{"taxonomy":"product_brand","embeddable":true,"href":"https:\/\/nereumatias.com\/pt\/wp-json\/wp\/v2\/product_brand?post=42104"},{"taxonomy":"product_cat","embeddable":true,"href":"https:\/\/nereumatias.com\/pt\/wp-json\/wp\/v2\/product_cat?post=42104"},{"taxonomy":"product_tag","embeddable":true,"href":"https:\/\/nereumatias.com\/pt\/wp-json\/wp\/v2\/product_tag?post=42104"}],"curies":[{"name":"wp","href":"https:\/\/api.w.org\/{rel}","templated":true}]}}