{"id":42100,"date":"2021-11-02T16:01:43","date_gmt":"2021-11-02T15:01:43","guid":{"rendered":"https:\/\/nereumatias.phiseller.com\/?post_type=product&#038;p=42100"},"modified":"2026-03-24T15:53:31","modified_gmt":"2026-03-24T14:53:31","slug":"middle-sugar-paste-350g","status":"publish","type":"product","link":"https:\/\/nereumatias.com\/pt\/produto\/middle-sugar-paste-350g\/","title":{"rendered":"PhiBrows Microblading Pigment Collection SUPER"},"content":{"rendered":"<p>Informa\u00e7\u00f5es sobre o produto \"PhiBrows Microblading Pigment Collection SUPER\".<br \/>\nEssa cole\u00e7\u00e3o de pigmentos para microblading da PhiBrows inclui 5 pigmentos SUPER de 5 ml.<\/p>\n<p>Este pr\u00e1tico kit cont\u00e9m cinco pigmentos diferentes, ideais para microblading nas seguintes cores naturais de cabelo:<\/p>\n<p>1x 5ml Marrom 1: Loiros naturais<\/p>\n<p>1x 5ml Marrom 2: Morenas naturais<\/p>\n<p>1x 5 ml Marrom 3: Cabelo escuro.<\/p>\n<p>1x 5 ml de Golden Brown: cabelo loiro natural muito claro<\/p>\n<p>1x 5ml Fox: Natural Red Hair<\/p>\n<p>Todos os nossos SUPER Pigmentos s\u00e3o:<\/p>\n<p>hipoalerg\u00eanico<\/p>\n<p>n\u00e3o foram testados em animais<\/p>\n<p>veganos<\/p>\n<p>cumprem as normas de seguran\u00e7a da UE.<\/p>\n<p> Nossos pigmentos t\u00eam ingredientes limpos e uma cor viva e duradoura. Foi realizada uma extensa pesquisa para otimizar o m\u00e9todo de processamento de pigmentos, tendo como foco principal a satisfa\u00e7\u00e3o do cliente, a sa\u00fade e a seguran\u00e7a.<\/p>\n<p>Os pigmentos SUPER n\u00e3o descolorem a pele ao redor da sobrancelha, mas aplicam uma cor viva onde est\u00e3o os tra\u00e7os de microblading.<\/p>\n<p>**PIGMENTO N\u00c3O APROVADO NA ESPANHA, USE APENAS PARA A PR\u00c1TICA DE L\u00c1TEX**.<\/p>","protected":false},"excerpt":{"rendered":"<p>Informa\u00e7\u00f5es sobre o produto \"PhiBrows Microblading Pigment Collection SUPER\".<br \/>\nEssa cole\u00e7\u00e3o de pigmentos para microblading da PhiBrows inclui 5 pigmentos SUPER de 5 ml.<\/p>\n<p>Este pr\u00e1tico kit cont\u00e9m cinco pigmentos diferentes, ideais para microblading nas seguintes cores naturais de cabelo:<\/p>\n<p>1x 5ml Marrom 1: Loiros naturais<\/p>\n<p>1x 5ml Marrom 2: Morenas naturais<\/p>\n<p>1x 5 ml Marrom 3: Cabelo escuro.<\/p>\n<p>1x 5 ml de Golden Brown: cabelo loiro natural muito claro<\/p>\n<p>1x 5ml Fox: Natural Red Hair<\/p>\n<p>Todos os nossos SUPER Pigmentos s\u00e3o:<\/p>\n<p>hipoalerg\u00eanico<\/p>\n<p>n\u00e3o foram testados em animais<\/p>\n<p>veganos<\/p>\n<p>cumprem as normas de seguran\u00e7a da UE.<\/p>\n<p> Nossos pigmentos t\u00eam ingredientes limpos e uma cor viva e duradoura. Foi realizada uma extensa pesquisa para otimizar o m\u00e9todo de processamento de pigmentos, tendo como foco principal a satisfa\u00e7\u00e3o do cliente, a sa\u00fade e a seguran\u00e7a.<\/p>\n<p>Os pigmentos SUPER n\u00e3o descolorem a pele ao redor da sobrancelha, mas aplicam uma cor viva onde est\u00e3o os tra\u00e7os de microblading.<\/p>\n<p>**PIGMENTO N\u00c3O APROVADO NA ESPANHA, USE APENAS PARA A PR\u00c1TICA DE L\u00c1TEX**.<\/p>","protected":false},"featured_media":43690,"comment_status":"open","ping_status":"closed","template":"","meta":{"_acf_changed":false,"_joinchat":[]},"product_brand":[],"product_cat":[103,101,107,56,108],"product_tag":[],"class_list":{"0":"post-42100","1":"product","2":"type-product","3":"status-publish","4":"has-post-thumbnail","6":"product_cat-accessories-phihenna","7":"product_cat-phihenna","8":"product_cat-phisugaring","9":"product_cat-procedimientos","10":"product_cat-treatment-phisugaring","12":"first","13":"instock","14":"taxable","15":"shipping-taxable","16":"purchasable","17":"product-type-simple"},"supplier_id":null,"supplier_sku":"","barcode":null,"atum_controlled":true,"out_stock_date":null,"out_stock_threshold":null,"inheritable":false,"inbound_stock":null,"stock_on_hold":0,"sold_today":0,"sales_last_days":0,"reserved_stock":null,"customer_returns":null,"warehouse_damage":null,"lost_in_post":null,"other_logs":null,"out_stock_days":0,"lost_sales":0,"has_location":false,"update_date":"2026-04-19T10:16:31","atum_locations":[],"atum_stock_status":"instock","restock_status":false,"low_stock_amount":0,"sales_update_date":"2026-04-19T10:16:31","calc_backorders":null,"acf":[],"yoast_head":"<!-- This site is optimized with the Yoast SEO plugin v24.8 - https:\/\/yoast.com\/wordpress\/plugins\/seo\/ -->\n<title>PhiBrows Microblading Pigment Collection SUPER - Formaciones PhiAcademy - Phiseller Espa\u00f1a<\/title>\n<meta name=\"robots\" content=\"index, follow, max-snippet:-1, max-image-preview:large, max-video-preview:-1\" \/>\n<link rel=\"canonical\" href=\"https:\/\/nereumatias.com\/pt\/produto\/middle-sugar-paste-350g\/\" \/>\n<meta property=\"og:locale\" content=\"pt_BR\" \/>\n<meta property=\"og:type\" content=\"article\" \/>\n<meta property=\"og:title\" content=\"PhiBrows Microblading Pigment Collection SUPER - Formaciones PhiAcademy - Phiseller Espa\u00f1a\" \/>\n<meta property=\"og:description\" content=\"Informaci\u00f3n sobre el producto &quot;PhiBrows Microblading Pigment Collection SUPER&quot; Este PhiBrows Microblading Pigment Collection SUPER incluye 5 pigmentos SUPER de 5ml.  Este pr\u00e1ctico kit contiene cinco pigmentos diferentes, ideales para el microblading en las siguientes colores de cabellos naturales:  1x 5ml Brown 1: Rubios naturales  1x 5ml Brown 2: Morenas naturales  1x 5ml Brown 3: Cabellos oscuras.  1x 5ml Golden Brown: Cabellos rubios naturales muy claros  1x 5ml Fox: Cabellos rojo natural     Todos nuestros SUPER Pigmentos son:  hipoalerg\u00e9nicos  no han sido probados en animales  veganos  cumplen la reglamentaci\u00f3n de seguridad de la UE.   Nuestros pigmentos tienen ingredientes limpios y un color vivo y duradero. Se ha llevado a cabo una investigaci\u00f3n exhaustiva para optimizar el m\u00e9todo de elabroraci\u00f3n de los pigmentos, con la satisfacci\u00f3n del cliente, la salud y la seguridad como principal objetivo.  Los pigmentos SUPER no decoloran la piel alrededor de la ceja, sino que aplican un color vivo donde est\u00e1n los trazos del microblading.  **PIGMENTO NO HOMOLOGADO EN ESPA\u00d1A, USAR S\u00d3LO PARA PR\u00c1CTICAS EN L\u00c1TEX**\" \/>\n<meta property=\"og:url\" content=\"https:\/\/nereumatias.com\/pt\/produto\/middle-sugar-paste-350g\/\" \/>\n<meta property=\"og:site_name\" content=\"Formaciones PhiAcademy - Phiseller Espa\u00f1a\" \/>\n<meta property=\"article:publisher\" content=\"https:\/\/www.facebook.com\/nereumatias\" \/>\n<meta property=\"article:modified_time\" content=\"2026-03-24T14:53:31+00:00\" \/>\n<meta property=\"og:image\" content=\"https:\/\/nereumatias.com\/wp-content\/uploads\/2022\/12\/d9f539c69db4394b97ec5c6f1c0861f1_1920x1920.png\" \/>\n\t<meta property=\"og:image:width\" content=\"600\" \/>\n\t<meta property=\"og:image:height\" content=\"800\" \/>\n\t<meta property=\"og:image:type\" content=\"image\/png\" \/>\n<meta name=\"twitter:card\" content=\"summary_large_image\" \/>\n<script type=\"application\/ld+json\" class=\"yoast-schema-graph\">{\"@context\":\"https:\/\/schema.org\",\"@graph\":[{\"@type\":\"WebPage\",\"@id\":\"https:\/\/nereumatias.com\/producto\/middle-sugar-paste-350g\/\",\"url\":\"https:\/\/nereumatias.com\/producto\/middle-sugar-paste-350g\/\",\"name\":\"PhiBrows Microblading Pigment Collection SUPER - Formaciones PhiAcademy - Phiseller Espa\u00f1a\",\"isPartOf\":{\"@id\":\"https:\/\/nereumatias.com\/#website\"},\"primaryImageOfPage\":{\"@id\":\"https:\/\/nereumatias.com\/producto\/middle-sugar-paste-350g\/#primaryimage\"},\"image\":{\"@id\":\"https:\/\/nereumatias.com\/producto\/middle-sugar-paste-350g\/#primaryimage\"},\"thumbnailUrl\":\"https:\/\/nereumatias.com\/wp-content\/uploads\/2022\/12\/d9f539c69db4394b97ec5c6f1c0861f1_1920x1920.png\",\"datePublished\":\"2021-11-02T15:01:43+00:00\",\"dateModified\":\"2026-03-24T14:53:31+00:00\",\"breadcrumb\":{\"@id\":\"https:\/\/nereumatias.com\/producto\/middle-sugar-paste-350g\/#breadcrumb\"},\"inLanguage\":\"pt-BR\",\"potentialAction\":[{\"@type\":\"ReadAction\",\"target\":[\"https:\/\/nereumatias.com\/producto\/middle-sugar-paste-350g\/\"]}]},{\"@type\":\"ImageObject\",\"inLanguage\":\"pt-BR\",\"@id\":\"https:\/\/nereumatias.com\/producto\/middle-sugar-paste-350g\/#primaryimage\",\"url\":\"https:\/\/nereumatias.com\/wp-content\/uploads\/2022\/12\/d9f539c69db4394b97ec5c6f1c0861f1_1920x1920.png\",\"contentUrl\":\"https:\/\/nereumatias.com\/wp-content\/uploads\/2022\/12\/d9f539c69db4394b97ec5c6f1c0861f1_1920x1920.png\",\"width\":600,\"height\":800},{\"@type\":\"BreadcrumbList\",\"@id\":\"https:\/\/nereumatias.com\/producto\/middle-sugar-paste-350g\/#breadcrumb\",\"itemListElement\":[{\"@type\":\"ListItem\",\"position\":1,\"name\":\"Home\",\"item\":\"https:\/\/nereumatias.com\/\"},{\"@type\":\"ListItem\",\"position\":2,\"name\":\"Tienda\",\"item\":\"https:\/\/nereumatias.com\/tienda-online\/\"},{\"@type\":\"ListItem\",\"position\":3,\"name\":\"PhiBrows Microblading Pigment Collection SUPER\"}]},{\"@type\":\"WebSite\",\"@id\":\"https:\/\/nereumatias.com\/#website\",\"url\":\"https:\/\/nereumatias.com\/\",\"name\":\"Formaciones PhiAcademy - Phiseller Espa\u00f1a\",\"description\":\"PhiAcademy\",\"publisher\":{\"@id\":\"https:\/\/nereumatias.com\/#organization\"},\"potentialAction\":[{\"@type\":\"SearchAction\",\"target\":{\"@type\":\"EntryPoint\",\"urlTemplate\":\"https:\/\/nereumatias.com\/?s={search_term_string}\"},\"query-input\":{\"@type\":\"PropertyValueSpecification\",\"valueRequired\":true,\"valueName\":\"search_term_string\"}}],\"inLanguage\":\"pt-BR\"},{\"@type\":\"Organization\",\"@id\":\"https:\/\/nereumatias.com\/#organization\",\"name\":\"Formaciones PhiAcademy - Phiseller Espa\u00f1a\",\"url\":\"https:\/\/nereumatias.com\/\",\"logo\":{\"@type\":\"ImageObject\",\"inLanguage\":\"pt-BR\",\"@id\":\"https:\/\/nereumatias.com\/#\/schema\/logo\/image\/\",\"url\":\"https:\/\/nereumatias.com\/wp-content\/uploads\/2022\/09\/logo-phiseller-negro-150.png\",\"contentUrl\":\"https:\/\/nereumatias.com\/wp-content\/uploads\/2022\/09\/logo-phiseller-negro-150.png\",\"width\":375,\"height\":150,\"caption\":\"Formaciones PhiAcademy - Phiseller Espa\u00f1a\"},\"image\":{\"@id\":\"https:\/\/nereumatias.com\/#\/schema\/logo\/image\/\"},\"sameAs\":[\"https:\/\/www.facebook.com\/nereumatias\"]}]}<\/script>\n<!-- \/ Yoast SEO plugin. -->","yoast_head_json":{"title":"PhiBrows Microblading Pigment Collection SUPER - Formaciones PhiAcademy - Phiseller Espa\u00f1a","robots":{"index":"index","follow":"follow","max-snippet":"max-snippet:-1","max-image-preview":"max-image-preview:large","max-video-preview":"max-video-preview:-1"},"canonical":"https:\/\/nereumatias.com\/pt\/produto\/middle-sugar-paste-350g\/","og_locale":"pt_BR","og_type":"article","og_title":"PhiBrows Microblading Pigment Collection SUPER - Formaciones PhiAcademy - Phiseller Espa\u00f1a","og_description":"Informaci\u00f3n sobre el producto \"PhiBrows Microblading Pigment Collection SUPER\" Este PhiBrows Microblading Pigment Collection SUPER incluye 5 pigmentos SUPER de 5ml.  Este pr\u00e1ctico kit contiene cinco pigmentos diferentes, ideales para el microblading en las siguientes colores de cabellos naturales:  1x 5ml Brown 1: Rubios naturales  1x 5ml Brown 2: Morenas naturales  1x 5ml Brown 3: Cabellos oscuras.  1x 5ml Golden Brown: Cabellos rubios naturales muy claros  1x 5ml Fox: Cabellos rojo natural     Todos nuestros SUPER Pigmentos son:  hipoalerg\u00e9nicos  no han sido probados en animales  veganos  cumplen la reglamentaci\u00f3n de seguridad de la UE.   Nuestros pigmentos tienen ingredientes limpios y un color vivo y duradero. Se ha llevado a cabo una investigaci\u00f3n exhaustiva para optimizar el m\u00e9todo de elabroraci\u00f3n de los pigmentos, con la satisfacci\u00f3n del cliente, la salud y la seguridad como principal objetivo.  Los pigmentos SUPER no decoloran la piel alrededor de la ceja, sino que aplican un color vivo donde est\u00e1n los trazos del microblading.  **PIGMENTO NO HOMOLOGADO EN ESPA\u00d1A, USAR S\u00d3LO PARA PR\u00c1CTICAS EN L\u00c1TEX**","og_url":"https:\/\/nereumatias.com\/pt\/produto\/middle-sugar-paste-350g\/","og_site_name":"Formaciones PhiAcademy - Phiseller Espa\u00f1a","article_publisher":"https:\/\/www.facebook.com\/nereumatias","article_modified_time":"2026-03-24T14:53:31+00:00","og_image":[{"width":600,"height":800,"url":"https:\/\/nereumatias.com\/wp-content\/uploads\/2022\/12\/d9f539c69db4394b97ec5c6f1c0861f1_1920x1920.png","type":"image\/png"}],"twitter_card":"summary_large_image","schema":{"@context":"https:\/\/schema.org","@graph":[{"@type":"WebPage","@id":"https:\/\/nereumatias.com\/producto\/middle-sugar-paste-350g\/","url":"https:\/\/nereumatias.com\/producto\/middle-sugar-paste-350g\/","name":"PhiBrows Microblading Pigment Collection SUPER - Formaciones PhiAcademy - Phiseller Espa\u00f1a","isPartOf":{"@id":"https:\/\/nereumatias.com\/#website"},"primaryImageOfPage":{"@id":"https:\/\/nereumatias.com\/producto\/middle-sugar-paste-350g\/#primaryimage"},"image":{"@id":"https:\/\/nereumatias.com\/producto\/middle-sugar-paste-350g\/#primaryimage"},"thumbnailUrl":"https:\/\/nereumatias.com\/wp-content\/uploads\/2022\/12\/d9f539c69db4394b97ec5c6f1c0861f1_1920x1920.png","datePublished":"2021-11-02T15:01:43+00:00","dateModified":"2026-03-24T14:53:31+00:00","breadcrumb":{"@id":"https:\/\/nereumatias.com\/producto\/middle-sugar-paste-350g\/#breadcrumb"},"inLanguage":"pt-BR","potentialAction":[{"@type":"ReadAction","target":["https:\/\/nereumatias.com\/producto\/middle-sugar-paste-350g\/"]}]},{"@type":"ImageObject","inLanguage":"pt-BR","@id":"https:\/\/nereumatias.com\/producto\/middle-sugar-paste-350g\/#primaryimage","url":"https:\/\/nereumatias.com\/wp-content\/uploads\/2022\/12\/d9f539c69db4394b97ec5c6f1c0861f1_1920x1920.png","contentUrl":"https:\/\/nereumatias.com\/wp-content\/uploads\/2022\/12\/d9f539c69db4394b97ec5c6f1c0861f1_1920x1920.png","width":600,"height":800},{"@type":"BreadcrumbList","@id":"https:\/\/nereumatias.com\/producto\/middle-sugar-paste-350g\/#breadcrumb","itemListElement":[{"@type":"ListItem","position":1,"name":"Home","item":"https:\/\/nereumatias.com\/"},{"@type":"ListItem","position":2,"name":"Tienda","item":"https:\/\/nereumatias.com\/tienda-online\/"},{"@type":"ListItem","position":3,"name":"PhiBrows Microblading Pigment Collection SUPER"}]},{"@type":"WebSite","@id":"https:\/\/nereumatias.com\/#website","url":"https:\/\/nereumatias.com\/","name":"Formaciones PhiAcademy - Phiseller Espa\u00f1a","description":"PhiAcademy","publisher":{"@id":"https:\/\/nereumatias.com\/#organization"},"potentialAction":[{"@type":"SearchAction","target":{"@type":"EntryPoint","urlTemplate":"https:\/\/nereumatias.com\/?s={search_term_string}"},"query-input":{"@type":"PropertyValueSpecification","valueRequired":true,"valueName":"search_term_string"}}],"inLanguage":"pt-BR"},{"@type":"Organization","@id":"https:\/\/nereumatias.com\/#organization","name":"Formaciones PhiAcademy - Phiseller Espa\u00f1a","url":"https:\/\/nereumatias.com\/","logo":{"@type":"ImageObject","inLanguage":"pt-BR","@id":"https:\/\/nereumatias.com\/#\/schema\/logo\/image\/","url":"https:\/\/nereumatias.com\/wp-content\/uploads\/2022\/09\/logo-phiseller-negro-150.png","contentUrl":"https:\/\/nereumatias.com\/wp-content\/uploads\/2022\/09\/logo-phiseller-negro-150.png","width":375,"height":150,"caption":"Formaciones PhiAcademy - Phiseller Espa\u00f1a"},"image":{"@id":"https:\/\/nereumatias.com\/#\/schema\/logo\/image\/"},"sameAs":["https:\/\/www.facebook.com\/nereumatias"]}]}},"_links":{"self":[{"href":"https:\/\/nereumatias.com\/pt\/wp-json\/wp\/v2\/product\/42100","targetHints":{"allow":["GET"]}}],"collection":[{"href":"https:\/\/nereumatias.com\/pt\/wp-json\/wp\/v2\/product"}],"about":[{"href":"https:\/\/nereumatias.com\/pt\/wp-json\/wp\/v2\/types\/product"}],"replies":[{"embeddable":true,"href":"https:\/\/nereumatias.com\/pt\/wp-json\/wp\/v2\/comments?post=42100"}],"version-history":[{"count":3,"href":"https:\/\/nereumatias.com\/pt\/wp-json\/wp\/v2\/product\/42100\/revisions"}],"predecessor-version":[{"id":47068,"href":"https:\/\/nereumatias.com\/pt\/wp-json\/wp\/v2\/product\/42100\/revisions\/47068"}],"wp:featuredmedia":[{"embeddable":true,"href":"https:\/\/nereumatias.com\/pt\/wp-json\/wp\/v2\/media\/43690"}],"wp:attachment":[{"href":"https:\/\/nereumatias.com\/pt\/wp-json\/wp\/v2\/media?parent=42100"}],"wp:term":[{"taxonomy":"product_brand","embeddable":true,"href":"https:\/\/nereumatias.com\/pt\/wp-json\/wp\/v2\/product_brand?post=42100"},{"taxonomy":"product_cat","embeddable":true,"href":"https:\/\/nereumatias.com\/pt\/wp-json\/wp\/v2\/product_cat?post=42100"},{"taxonomy":"product_tag","embeddable":true,"href":"https:\/\/nereumatias.com\/pt\/wp-json\/wp\/v2\/product_tag?post=42100"}],"curies":[{"name":"wp","href":"https:\/\/api.w.org\/{rel}","templated":true}]}}