{"id":42092,"date":"2021-07-08T05:42:17","date_gmt":"2021-07-08T03:42:17","guid":{"rendered":"https:\/\/nereumatias.phiseller.com\/?post_type=product&#038;p=42092"},"modified":"2023-04-19T13:13:39","modified_gmt":"2023-04-19T11:13:39","slug":"phinesse-brush-flat-definer-brush-4","status":"publish","type":"product","link":"https:\/\/nereumatias.com\/pt\/produto\/phinesse-brush-flat-definer-brush-4\/","title":{"rendered":"PINCEL PHINESSE PINCEL DEFINIDOR PLANO 4"},"content":{"rendered":"<h4>DETALHES<\/h4>\n<hr \/>\n<p>&nbsp;<\/p>\n<p>O PHINESSE BRUSH FLAT DEFINER BRUSH 4 \u00e9 um pincel de defini\u00e7\u00e3o plana que tem uma cabe\u00e7a de ponta fina e corte plano e \u00e9 ideal para aplicar produtos em p\u00f3, creme e gel na \u00e1rea dos olhos. O pincel de corte plano desenha linhas n\u00edtidas e precisas e \u00e9 ideal para aplicar sombras sob os c\u00edlios inferiores em uma linha fina, imitando o delineador.<\/p>","protected":false},"excerpt":{"rendered":"<h4>DETALHES<\/h4>\n<hr \/>\n<p>&nbsp;<\/p>\n<p>O PHINESSE BRUSH FLAT DEFINER BRUSH 4 \u00e9 um pincel de defini\u00e7\u00e3o plana que tem uma cabe\u00e7a de ponta fina e corte plano e \u00e9 ideal para aplicar produtos em p\u00f3, creme e gel na \u00e1rea dos olhos. O pincel de corte plano desenha linhas n\u00edtidas e precisas e \u00e9 ideal para aplicar sombras sob os c\u00edlios inferiores em uma linha fina, imitando o delineador.<\/p>","protected":false},"featured_media":43685,"comment_status":"open","ping_status":"closed","template":"","meta":{"_acf_changed":false,"_joinchat":[]},"product_brand":[],"product_cat":[16],"product_tag":[],"class_list":{"0":"post-42092","1":"product","2":"type-product","3":"status-publish","4":"has-post-thumbnail","6":"product_cat-sin-categorizar","8":"first","9":"instock","10":"taxable","11":"shipping-taxable","12":"purchasable","13":"product-type-simple"},"supplier_id":null,"supplier_sku":"","barcode":null,"atum_controlled":true,"out_stock_date":null,"out_stock_threshold":null,"inheritable":false,"inbound_stock":null,"stock_on_hold":0,"sold_today":0,"sales_last_days":0,"reserved_stock":null,"customer_returns":null,"warehouse_damage":null,"lost_in_post":null,"other_logs":null,"out_stock_days":0,"lost_sales":0,"has_location":null,"update_date":"2026-05-11T12:46:33","atum_locations":[],"atum_stock_status":"instock","restock_status":false,"low_stock_amount":0,"sales_update_date":"2026-05-11T12:46:33","calc_backorders":null,"acf":[],"yoast_head":"<!-- This site is optimized with the Yoast SEO plugin v24.8 - https:\/\/yoast.com\/wordpress\/plugins\/seo\/ -->\n<title>PHINESSE BRUSH FLAT DEFINER BRUSH 4 - Formaciones PhiAcademy - Phiseller Espa\u00f1a<\/title>\n<meta name=\"description\" content=\"Es una brocha plana de definici\u00f3n, tiene un cabezal con una punta fina y de corte plano y es ideal para aplicar productos en polvo, cremoso...\" \/>\n<meta name=\"robots\" content=\"index, follow, max-snippet:-1, max-image-preview:large, max-video-preview:-1\" \/>\n<link rel=\"canonical\" href=\"https:\/\/nereumatias.com\/pt\/produto\/phinesse-brush-flat-definer-brush-4\/\" \/>\n<meta property=\"og:locale\" content=\"pt_BR\" \/>\n<meta property=\"og:type\" content=\"article\" \/>\n<meta property=\"og:title\" content=\"PHINESSE BRUSH FLAT DEFINER BRUSH 4 - Formaciones PhiAcademy - Phiseller Espa\u00f1a\" \/>\n<meta property=\"og:description\" content=\"Es una brocha plana de definici\u00f3n, tiene un cabezal con una punta fina y de corte plano y es ideal para aplicar productos en polvo, cremoso...\" \/>\n<meta property=\"og:url\" content=\"https:\/\/nereumatias.com\/pt\/produto\/phinesse-brush-flat-definer-brush-4\/\" \/>\n<meta property=\"og:site_name\" content=\"Formaciones PhiAcademy - Phiseller Espa\u00f1a\" \/>\n<meta property=\"article:publisher\" content=\"https:\/\/www.facebook.com\/nereumatias\" \/>\n<meta property=\"article:modified_time\" content=\"2023-04-19T11:13:39+00:00\" \/>\n<meta property=\"og:image\" content=\"https:\/\/nereumatias.com\/wp-content\/uploads\/2022\/12\/06-15.jpg\" \/>\n\t<meta property=\"og:image:width\" content=\"600\" \/>\n\t<meta property=\"og:image:height\" content=\"800\" \/>\n\t<meta property=\"og:image:type\" content=\"image\/jpeg\" \/>\n<meta name=\"twitter:card\" content=\"summary_large_image\" \/>\n<script type=\"application\/ld+json\" class=\"yoast-schema-graph\">{\"@context\":\"https:\/\/schema.org\",\"@graph\":[{\"@type\":\"WebPage\",\"@id\":\"https:\/\/nereumatias.com\/producto\/phinesse-brush-flat-definer-brush-4\/\",\"url\":\"https:\/\/nereumatias.com\/producto\/phinesse-brush-flat-definer-brush-4\/\",\"name\":\"PHINESSE BRUSH FLAT DEFINER BRUSH 4 - Formaciones PhiAcademy - Phiseller Espa\u00f1a\",\"isPartOf\":{\"@id\":\"https:\/\/nereumatias.com\/#website\"},\"primaryImageOfPage\":{\"@id\":\"https:\/\/nereumatias.com\/producto\/phinesse-brush-flat-definer-brush-4\/#primaryimage\"},\"image\":{\"@id\":\"https:\/\/nereumatias.com\/producto\/phinesse-brush-flat-definer-brush-4\/#primaryimage\"},\"thumbnailUrl\":\"https:\/\/nereumatias.com\/wp-content\/uploads\/2022\/12\/06-15.jpg\",\"datePublished\":\"2021-07-08T03:42:17+00:00\",\"dateModified\":\"2023-04-19T11:13:39+00:00\",\"description\":\"Es una brocha plana de definici\u00f3n, tiene un cabezal con una punta fina y de corte plano y es ideal para aplicar productos en polvo, cremoso...\",\"breadcrumb\":{\"@id\":\"https:\/\/nereumatias.com\/producto\/phinesse-brush-flat-definer-brush-4\/#breadcrumb\"},\"inLanguage\":\"pt-BR\",\"potentialAction\":[{\"@type\":\"ReadAction\",\"target\":[\"https:\/\/nereumatias.com\/producto\/phinesse-brush-flat-definer-brush-4\/\"]}]},{\"@type\":\"ImageObject\",\"inLanguage\":\"pt-BR\",\"@id\":\"https:\/\/nereumatias.com\/producto\/phinesse-brush-flat-definer-brush-4\/#primaryimage\",\"url\":\"https:\/\/nereumatias.com\/wp-content\/uploads\/2022\/12\/06-15.jpg\",\"contentUrl\":\"https:\/\/nereumatias.com\/wp-content\/uploads\/2022\/12\/06-15.jpg\",\"width\":600,\"height\":800},{\"@type\":\"BreadcrumbList\",\"@id\":\"https:\/\/nereumatias.com\/producto\/phinesse-brush-flat-definer-brush-4\/#breadcrumb\",\"itemListElement\":[{\"@type\":\"ListItem\",\"position\":1,\"name\":\"Home\",\"item\":\"https:\/\/nereumatias.com\/\"},{\"@type\":\"ListItem\",\"position\":2,\"name\":\"Tienda\",\"item\":\"https:\/\/nereumatias.com\/tienda-online\/\"},{\"@type\":\"ListItem\",\"position\":3,\"name\":\"PHINESSE BRUSH FLAT DEFINER BRUSH 4\"}]},{\"@type\":\"WebSite\",\"@id\":\"https:\/\/nereumatias.com\/#website\",\"url\":\"https:\/\/nereumatias.com\/\",\"name\":\"Formaciones PhiAcademy - Phiseller Espa\u00f1a\",\"description\":\"PhiAcademy\",\"publisher\":{\"@id\":\"https:\/\/nereumatias.com\/#organization\"},\"potentialAction\":[{\"@type\":\"SearchAction\",\"target\":{\"@type\":\"EntryPoint\",\"urlTemplate\":\"https:\/\/nereumatias.com\/?s={search_term_string}\"},\"query-input\":{\"@type\":\"PropertyValueSpecification\",\"valueRequired\":true,\"valueName\":\"search_term_string\"}}],\"inLanguage\":\"pt-BR\"},{\"@type\":\"Organization\",\"@id\":\"https:\/\/nereumatias.com\/#organization\",\"name\":\"Formaciones PhiAcademy - Phiseller Espa\u00f1a\",\"url\":\"https:\/\/nereumatias.com\/\",\"logo\":{\"@type\":\"ImageObject\",\"inLanguage\":\"pt-BR\",\"@id\":\"https:\/\/nereumatias.com\/#\/schema\/logo\/image\/\",\"url\":\"https:\/\/nereumatias.com\/wp-content\/uploads\/2022\/09\/logo-phiseller-negro-150.png\",\"contentUrl\":\"https:\/\/nereumatias.com\/wp-content\/uploads\/2022\/09\/logo-phiseller-negro-150.png\",\"width\":375,\"height\":150,\"caption\":\"Formaciones PhiAcademy - Phiseller Espa\u00f1a\"},\"image\":{\"@id\":\"https:\/\/nereumatias.com\/#\/schema\/logo\/image\/\"},\"sameAs\":[\"https:\/\/www.facebook.com\/nereumatias\"]}]}<\/script>\n<!-- \/ Yoast SEO plugin. -->","yoast_head_json":{"title":"PHINESSE BRUSH FLAT DEFINER BRUSH 4 - Formaciones PhiAcademy - Phiseller Espa\u00f1a","description":"Es una brocha plana de definici\u00f3n, tiene un cabezal con una punta fina y de corte plano y es ideal para aplicar productos en polvo, cremoso...","robots":{"index":"index","follow":"follow","max-snippet":"max-snippet:-1","max-image-preview":"max-image-preview:large","max-video-preview":"max-video-preview:-1"},"canonical":"https:\/\/nereumatias.com\/pt\/produto\/phinesse-brush-flat-definer-brush-4\/","og_locale":"pt_BR","og_type":"article","og_title":"PHINESSE BRUSH FLAT DEFINER BRUSH 4 - Formaciones PhiAcademy - Phiseller Espa\u00f1a","og_description":"Es una brocha plana de definici\u00f3n, tiene un cabezal con una punta fina y de corte plano y es ideal para aplicar productos en polvo, cremoso...","og_url":"https:\/\/nereumatias.com\/pt\/produto\/phinesse-brush-flat-definer-brush-4\/","og_site_name":"Formaciones PhiAcademy - Phiseller Espa\u00f1a","article_publisher":"https:\/\/www.facebook.com\/nereumatias","article_modified_time":"2023-04-19T11:13:39+00:00","og_image":[{"width":600,"height":800,"url":"https:\/\/nereumatias.com\/wp-content\/uploads\/2022\/12\/06-15.jpg","type":"image\/jpeg"}],"twitter_card":"summary_large_image","schema":{"@context":"https:\/\/schema.org","@graph":[{"@type":"WebPage","@id":"https:\/\/nereumatias.com\/producto\/phinesse-brush-flat-definer-brush-4\/","url":"https:\/\/nereumatias.com\/producto\/phinesse-brush-flat-definer-brush-4\/","name":"PHINESSE BRUSH FLAT DEFINER BRUSH 4 - Formaciones PhiAcademy - Phiseller Espa\u00f1a","isPartOf":{"@id":"https:\/\/nereumatias.com\/#website"},"primaryImageOfPage":{"@id":"https:\/\/nereumatias.com\/producto\/phinesse-brush-flat-definer-brush-4\/#primaryimage"},"image":{"@id":"https:\/\/nereumatias.com\/producto\/phinesse-brush-flat-definer-brush-4\/#primaryimage"},"thumbnailUrl":"https:\/\/nereumatias.com\/wp-content\/uploads\/2022\/12\/06-15.jpg","datePublished":"2021-07-08T03:42:17+00:00","dateModified":"2023-04-19T11:13:39+00:00","description":"Es una brocha plana de definici\u00f3n, tiene un cabezal con una punta fina y de corte plano y es ideal para aplicar productos en polvo, cremoso...","breadcrumb":{"@id":"https:\/\/nereumatias.com\/producto\/phinesse-brush-flat-definer-brush-4\/#breadcrumb"},"inLanguage":"pt-BR","potentialAction":[{"@type":"ReadAction","target":["https:\/\/nereumatias.com\/producto\/phinesse-brush-flat-definer-brush-4\/"]}]},{"@type":"ImageObject","inLanguage":"pt-BR","@id":"https:\/\/nereumatias.com\/producto\/phinesse-brush-flat-definer-brush-4\/#primaryimage","url":"https:\/\/nereumatias.com\/wp-content\/uploads\/2022\/12\/06-15.jpg","contentUrl":"https:\/\/nereumatias.com\/wp-content\/uploads\/2022\/12\/06-15.jpg","width":600,"height":800},{"@type":"BreadcrumbList","@id":"https:\/\/nereumatias.com\/producto\/phinesse-brush-flat-definer-brush-4\/#breadcrumb","itemListElement":[{"@type":"ListItem","position":1,"name":"Home","item":"https:\/\/nereumatias.com\/"},{"@type":"ListItem","position":2,"name":"Tienda","item":"https:\/\/nereumatias.com\/tienda-online\/"},{"@type":"ListItem","position":3,"name":"PHINESSE BRUSH FLAT DEFINER BRUSH 4"}]},{"@type":"WebSite","@id":"https:\/\/nereumatias.com\/#website","url":"https:\/\/nereumatias.com\/","name":"Formaciones PhiAcademy - Phiseller Espa\u00f1a","description":"PhiAcademy","publisher":{"@id":"https:\/\/nereumatias.com\/#organization"},"potentialAction":[{"@type":"SearchAction","target":{"@type":"EntryPoint","urlTemplate":"https:\/\/nereumatias.com\/?s={search_term_string}"},"query-input":{"@type":"PropertyValueSpecification","valueRequired":true,"valueName":"search_term_string"}}],"inLanguage":"pt-BR"},{"@type":"Organization","@id":"https:\/\/nereumatias.com\/#organization","name":"Formaciones PhiAcademy - Phiseller Espa\u00f1a","url":"https:\/\/nereumatias.com\/","logo":{"@type":"ImageObject","inLanguage":"pt-BR","@id":"https:\/\/nereumatias.com\/#\/schema\/logo\/image\/","url":"https:\/\/nereumatias.com\/wp-content\/uploads\/2022\/09\/logo-phiseller-negro-150.png","contentUrl":"https:\/\/nereumatias.com\/wp-content\/uploads\/2022\/09\/logo-phiseller-negro-150.png","width":375,"height":150,"caption":"Formaciones PhiAcademy - Phiseller Espa\u00f1a"},"image":{"@id":"https:\/\/nereumatias.com\/#\/schema\/logo\/image\/"},"sameAs":["https:\/\/www.facebook.com\/nereumatias"]}]}},"_links":{"self":[{"href":"https:\/\/nereumatias.com\/pt\/wp-json\/wp\/v2\/product\/42092","targetHints":{"allow":["GET"]}}],"collection":[{"href":"https:\/\/nereumatias.com\/pt\/wp-json\/wp\/v2\/product"}],"about":[{"href":"https:\/\/nereumatias.com\/pt\/wp-json\/wp\/v2\/types\/product"}],"replies":[{"embeddable":true,"href":"https:\/\/nereumatias.com\/pt\/wp-json\/wp\/v2\/comments?post=42092"}],"version-history":[{"count":1,"href":"https:\/\/nereumatias.com\/pt\/wp-json\/wp\/v2\/product\/42092\/revisions"}],"predecessor-version":[{"id":42093,"href":"https:\/\/nereumatias.com\/pt\/wp-json\/wp\/v2\/product\/42092\/revisions\/42093"}],"wp:featuredmedia":[{"embeddable":true,"href":"https:\/\/nereumatias.com\/pt\/wp-json\/wp\/v2\/media\/43685"}],"wp:attachment":[{"href":"https:\/\/nereumatias.com\/pt\/wp-json\/wp\/v2\/media?parent=42092"}],"wp:term":[{"taxonomy":"product_brand","embeddable":true,"href":"https:\/\/nereumatias.com\/pt\/wp-json\/wp\/v2\/product_brand?post=42092"},{"taxonomy":"product_cat","embeddable":true,"href":"https:\/\/nereumatias.com\/pt\/wp-json\/wp\/v2\/product_cat?post=42092"},{"taxonomy":"product_tag","embeddable":true,"href":"https:\/\/nereumatias.com\/pt\/wp-json\/wp\/v2\/product_tag?post=42092"}],"curies":[{"name":"wp","href":"https:\/\/api.w.org\/{rel}","templated":true}]}}