{"id":42016,"date":"2021-07-08T05:41:52","date_gmt":"2021-07-08T03:41:52","guid":{"rendered":"https:\/\/nereumatias.phiseller.com\/?post_type=product&#038;p=42016"},"modified":"2023-01-25T19:12:07","modified_gmt":"2023-01-25T18:12:07","slug":"sonic-massager-hot-cold","status":"publish","type":"product","link":"https:\/\/nereumatias.com\/pt\/produto\/sonic-massager-hot-cold\/","title":{"rendered":"Massageador s\u00f4nico - quente e frio"},"content":{"rendered":"<p>O massageador s\u00f4nico \u00e9 um dispositivo de massagem com ondas sonoras para o rosto que, dependendo de sua fun\u00e7\u00e3o, melhora a circula\u00e7\u00e3o sangu\u00ednea e o metabolismo, remove subst\u00e2ncias nocivas da pele e muito mais.<\/p>\n<p>O modo quente abre os poros, permitindo uma limpeza eficaz da pele e uma melhor penetra\u00e7\u00e3o dos produtos cosm\u00e9ticos mais profundamente na pele, hidratando-a bastante.<\/p>\n<p>O modo frio minimiza a apar\u00eancia de poros dilatados e acalma a pele, dando-lhe uma apar\u00eancia renovada e rejuvenescida.<\/p>","protected":false},"excerpt":{"rendered":"<p>O massageador s\u00f4nico \u00e9 um dispositivo de massagem com ondas sonoras para o rosto que, dependendo de sua fun\u00e7\u00e3o, melhora a circula\u00e7\u00e3o sangu\u00ednea e o metabolismo, remove subst\u00e2ncias nocivas da pele e muito mais.<\/p>\n<p>O modo quente abre os poros, permitindo uma limpeza eficaz da pele e uma melhor penetra\u00e7\u00e3o dos produtos cosm\u00e9ticos mais profundamente na pele, hidratando-a bastante.<\/p>\n<p>O modo frio minimiza a apar\u00eancia de poros dilatados e acalma a pele, dando-lhe uma apar\u00eancia renovada e rejuvenescida.<\/p>","protected":false},"featured_media":43602,"comment_status":"open","ping_status":"closed","template":"","meta":{"_acf_changed":false,"_joinchat":[]},"product_brand":[],"product_cat":[109,111,69,72,110,52,64,48,112,63,66,88,113,114],"product_tag":[],"class_list":{"0":"post-42016","1":"product","2":"type-product","3":"status-publish","4":"has-post-thumbnail","6":"product_cat-machines","7":"product_cat-machines-phidrofacial","8":"product_cat-phibright","9":"product_cat-phicontour","10":"product_cat-phidrofacial","11":"product_cat-philaser","12":"product_cat-philashes","13":"product_cat-philings","14":"product_cat-phinjection","15":"product_cat-tools-philings","16":"product_cat-tools-philashes","17":"product_cat-tools-phibright","18":"product_cat-tools-phicontour","19":"product_cat-tools-phinjection","21":"first","22":"outofstock","23":"taxable","24":"shipping-taxable","25":"purchasable","26":"product-type-simple"},"supplier_id":null,"supplier_sku":"","barcode":null,"atum_controlled":true,"out_stock_date":"2023-01-25 18:12:08","out_stock_threshold":null,"inheritable":false,"inbound_stock":null,"stock_on_hold":0,"sold_today":0,"sales_last_days":0,"reserved_stock":null,"customer_returns":null,"warehouse_damage":null,"lost_in_post":null,"other_logs":null,"out_stock_days":1180,"lost_sales":0,"has_location":null,"update_date":"2026-04-20T10:16:13","atum_locations":[],"atum_stock_status":"outofstock","restock_status":false,"low_stock_amount":0,"sales_update_date":"2026-04-20T10:16:13","calc_backorders":null,"acf":[],"yoast_head":"<!-- This site is optimized with the Yoast SEO plugin v24.8 - https:\/\/yoast.com\/wordpress\/plugins\/seo\/ -->\n<title>Sonic Massager - Hot &amp; Cold - Formaciones PhiAcademy - Phiseller Espa\u00f1a<\/title>\n<meta name=\"robots\" content=\"index, follow, max-snippet:-1, max-image-preview:large, max-video-preview:-1\" \/>\n<link rel=\"canonical\" href=\"https:\/\/nereumatias.com\/pt\/produto\/sonic-massager-hot-cold\/\" \/>\n<meta property=\"og:locale\" content=\"pt_BR\" \/>\n<meta property=\"og:type\" content=\"article\" \/>\n<meta property=\"og:title\" content=\"Sonic Massager - Hot &amp; Cold - Formaciones PhiAcademy - Phiseller Espa\u00f1a\" \/>\n<meta property=\"og:description\" content=\"El masajeador s\u00f3nico es un dispositivo de masaje de ondas sonoras para la cara que, dependiendo de su funci\u00f3n, mejora la circulaci\u00f3n sangu\u00ednea y el metabolismo, elimina sustancias nocivas de la piel y mucho m\u00e1s.  El modo caliente abre los poros permitiendo una limpieza efectiva de la piel y una mejor penetraci\u00f3n m\u00e1s profunda de los productos cosm\u00e9ticos, hidratando enormemente la piel.  El modo fr\u00edo minimiza la apariencia de los poros grandes, calma la piel d\u00e1ndole un aspecto renovado y rejuvenecido.\" \/>\n<meta property=\"og:url\" content=\"https:\/\/nereumatias.com\/pt\/produto\/sonic-massager-hot-cold\/\" \/>\n<meta property=\"og:site_name\" content=\"Formaciones PhiAcademy - Phiseller Espa\u00f1a\" \/>\n<meta property=\"article:publisher\" content=\"https:\/\/www.facebook.com\/nereumatias\" \/>\n<meta property=\"article:modified_time\" content=\"2023-01-25T18:12:07+00:00\" \/>\n<meta property=\"og:image\" content=\"https:\/\/nereumatias.com\/wp-content\/uploads\/2022\/12\/hot-and-cold-sonic-massager-phiseller.jpg\" \/>\n\t<meta property=\"og:image:width\" content=\"600\" \/>\n\t<meta property=\"og:image:height\" content=\"800\" \/>\n\t<meta property=\"og:image:type\" content=\"image\/jpeg\" \/>\n<meta name=\"twitter:card\" content=\"summary_large_image\" \/>\n<script type=\"application\/ld+json\" class=\"yoast-schema-graph\">{\"@context\":\"https:\/\/schema.org\",\"@graph\":[{\"@type\":\"WebPage\",\"@id\":\"https:\/\/nereumatias.com\/producto\/sonic-massager-hot-cold\/\",\"url\":\"https:\/\/nereumatias.com\/producto\/sonic-massager-hot-cold\/\",\"name\":\"Sonic Massager - Hot & Cold - Formaciones PhiAcademy - Phiseller Espa\u00f1a\",\"isPartOf\":{\"@id\":\"https:\/\/nereumatias.com\/#website\"},\"primaryImageOfPage\":{\"@id\":\"https:\/\/nereumatias.com\/producto\/sonic-massager-hot-cold\/#primaryimage\"},\"image\":{\"@id\":\"https:\/\/nereumatias.com\/producto\/sonic-massager-hot-cold\/#primaryimage\"},\"thumbnailUrl\":\"https:\/\/nereumatias.com\/wp-content\/uploads\/2022\/12\/hot-and-cold-sonic-massager-phiseller.jpg\",\"datePublished\":\"2021-07-08T03:41:52+00:00\",\"dateModified\":\"2023-01-25T18:12:07+00:00\",\"breadcrumb\":{\"@id\":\"https:\/\/nereumatias.com\/producto\/sonic-massager-hot-cold\/#breadcrumb\"},\"inLanguage\":\"pt-BR\",\"potentialAction\":[{\"@type\":\"ReadAction\",\"target\":[\"https:\/\/nereumatias.com\/producto\/sonic-massager-hot-cold\/\"]}]},{\"@type\":\"ImageObject\",\"inLanguage\":\"pt-BR\",\"@id\":\"https:\/\/nereumatias.com\/producto\/sonic-massager-hot-cold\/#primaryimage\",\"url\":\"https:\/\/nereumatias.com\/wp-content\/uploads\/2022\/12\/hot-and-cold-sonic-massager-phiseller.jpg\",\"contentUrl\":\"https:\/\/nereumatias.com\/wp-content\/uploads\/2022\/12\/hot-and-cold-sonic-massager-phiseller.jpg\",\"width\":600,\"height\":800},{\"@type\":\"BreadcrumbList\",\"@id\":\"https:\/\/nereumatias.com\/producto\/sonic-massager-hot-cold\/#breadcrumb\",\"itemListElement\":[{\"@type\":\"ListItem\",\"position\":1,\"name\":\"Home\",\"item\":\"https:\/\/nereumatias.com\/\"},{\"@type\":\"ListItem\",\"position\":2,\"name\":\"Tienda\",\"item\":\"https:\/\/nereumatias.com\/tienda-online\/\"},{\"@type\":\"ListItem\",\"position\":3,\"name\":\"Sonic Massager &#8211; Hot &#038; Cold\"}]},{\"@type\":\"WebSite\",\"@id\":\"https:\/\/nereumatias.com\/#website\",\"url\":\"https:\/\/nereumatias.com\/\",\"name\":\"Formaciones PhiAcademy - Phiseller Espa\u00f1a\",\"description\":\"PhiAcademy\",\"publisher\":{\"@id\":\"https:\/\/nereumatias.com\/#organization\"},\"potentialAction\":[{\"@type\":\"SearchAction\",\"target\":{\"@type\":\"EntryPoint\",\"urlTemplate\":\"https:\/\/nereumatias.com\/?s={search_term_string}\"},\"query-input\":{\"@type\":\"PropertyValueSpecification\",\"valueRequired\":true,\"valueName\":\"search_term_string\"}}],\"inLanguage\":\"pt-BR\"},{\"@type\":\"Organization\",\"@id\":\"https:\/\/nereumatias.com\/#organization\",\"name\":\"Formaciones PhiAcademy - Phiseller Espa\u00f1a\",\"url\":\"https:\/\/nereumatias.com\/\",\"logo\":{\"@type\":\"ImageObject\",\"inLanguage\":\"pt-BR\",\"@id\":\"https:\/\/nereumatias.com\/#\/schema\/logo\/image\/\",\"url\":\"https:\/\/nereumatias.com\/wp-content\/uploads\/2022\/09\/logo-phiseller-negro-150.png\",\"contentUrl\":\"https:\/\/nereumatias.com\/wp-content\/uploads\/2022\/09\/logo-phiseller-negro-150.png\",\"width\":375,\"height\":150,\"caption\":\"Formaciones PhiAcademy - Phiseller Espa\u00f1a\"},\"image\":{\"@id\":\"https:\/\/nereumatias.com\/#\/schema\/logo\/image\/\"},\"sameAs\":[\"https:\/\/www.facebook.com\/nereumatias\"]}]}<\/script>\n<!-- \/ Yoast SEO plugin. -->","yoast_head_json":{"title":"Sonic Massager - Hot & Cold - Formaciones PhiAcademy - Phiseller Espa\u00f1a","robots":{"index":"index","follow":"follow","max-snippet":"max-snippet:-1","max-image-preview":"max-image-preview:large","max-video-preview":"max-video-preview:-1"},"canonical":"https:\/\/nereumatias.com\/pt\/produto\/sonic-massager-hot-cold\/","og_locale":"pt_BR","og_type":"article","og_title":"Sonic Massager - Hot & Cold - Formaciones PhiAcademy - Phiseller Espa\u00f1a","og_description":"El masajeador s\u00f3nico es un dispositivo de masaje de ondas sonoras para la cara que, dependiendo de su funci\u00f3n, mejora la circulaci\u00f3n sangu\u00ednea y el metabolismo, elimina sustancias nocivas de la piel y mucho m\u00e1s.  El modo caliente abre los poros permitiendo una limpieza efectiva de la piel y una mejor penetraci\u00f3n m\u00e1s profunda de los productos cosm\u00e9ticos, hidratando enormemente la piel.  El modo fr\u00edo minimiza la apariencia de los poros grandes, calma la piel d\u00e1ndole un aspecto renovado y rejuvenecido.","og_url":"https:\/\/nereumatias.com\/pt\/produto\/sonic-massager-hot-cold\/","og_site_name":"Formaciones PhiAcademy - Phiseller Espa\u00f1a","article_publisher":"https:\/\/www.facebook.com\/nereumatias","article_modified_time":"2023-01-25T18:12:07+00:00","og_image":[{"width":600,"height":800,"url":"https:\/\/nereumatias.com\/wp-content\/uploads\/2022\/12\/hot-and-cold-sonic-massager-phiseller.jpg","type":"image\/jpeg"}],"twitter_card":"summary_large_image","schema":{"@context":"https:\/\/schema.org","@graph":[{"@type":"WebPage","@id":"https:\/\/nereumatias.com\/producto\/sonic-massager-hot-cold\/","url":"https:\/\/nereumatias.com\/producto\/sonic-massager-hot-cold\/","name":"Sonic Massager - Hot & Cold - Formaciones PhiAcademy - Phiseller Espa\u00f1a","isPartOf":{"@id":"https:\/\/nereumatias.com\/#website"},"primaryImageOfPage":{"@id":"https:\/\/nereumatias.com\/producto\/sonic-massager-hot-cold\/#primaryimage"},"image":{"@id":"https:\/\/nereumatias.com\/producto\/sonic-massager-hot-cold\/#primaryimage"},"thumbnailUrl":"https:\/\/nereumatias.com\/wp-content\/uploads\/2022\/12\/hot-and-cold-sonic-massager-phiseller.jpg","datePublished":"2021-07-08T03:41:52+00:00","dateModified":"2023-01-25T18:12:07+00:00","breadcrumb":{"@id":"https:\/\/nereumatias.com\/producto\/sonic-massager-hot-cold\/#breadcrumb"},"inLanguage":"pt-BR","potentialAction":[{"@type":"ReadAction","target":["https:\/\/nereumatias.com\/producto\/sonic-massager-hot-cold\/"]}]},{"@type":"ImageObject","inLanguage":"pt-BR","@id":"https:\/\/nereumatias.com\/producto\/sonic-massager-hot-cold\/#primaryimage","url":"https:\/\/nereumatias.com\/wp-content\/uploads\/2022\/12\/hot-and-cold-sonic-massager-phiseller.jpg","contentUrl":"https:\/\/nereumatias.com\/wp-content\/uploads\/2022\/12\/hot-and-cold-sonic-massager-phiseller.jpg","width":600,"height":800},{"@type":"BreadcrumbList","@id":"https:\/\/nereumatias.com\/producto\/sonic-massager-hot-cold\/#breadcrumb","itemListElement":[{"@type":"ListItem","position":1,"name":"Home","item":"https:\/\/nereumatias.com\/"},{"@type":"ListItem","position":2,"name":"Tienda","item":"https:\/\/nereumatias.com\/tienda-online\/"},{"@type":"ListItem","position":3,"name":"Sonic Massager &#8211; Hot &#038; Cold"}]},{"@type":"WebSite","@id":"https:\/\/nereumatias.com\/#website","url":"https:\/\/nereumatias.com\/","name":"Formaciones PhiAcademy - Phiseller Espa\u00f1a","description":"PhiAcademy","publisher":{"@id":"https:\/\/nereumatias.com\/#organization"},"potentialAction":[{"@type":"SearchAction","target":{"@type":"EntryPoint","urlTemplate":"https:\/\/nereumatias.com\/?s={search_term_string}"},"query-input":{"@type":"PropertyValueSpecification","valueRequired":true,"valueName":"search_term_string"}}],"inLanguage":"pt-BR"},{"@type":"Organization","@id":"https:\/\/nereumatias.com\/#organization","name":"Formaciones PhiAcademy - Phiseller Espa\u00f1a","url":"https:\/\/nereumatias.com\/","logo":{"@type":"ImageObject","inLanguage":"pt-BR","@id":"https:\/\/nereumatias.com\/#\/schema\/logo\/image\/","url":"https:\/\/nereumatias.com\/wp-content\/uploads\/2022\/09\/logo-phiseller-negro-150.png","contentUrl":"https:\/\/nereumatias.com\/wp-content\/uploads\/2022\/09\/logo-phiseller-negro-150.png","width":375,"height":150,"caption":"Formaciones PhiAcademy - Phiseller Espa\u00f1a"},"image":{"@id":"https:\/\/nereumatias.com\/#\/schema\/logo\/image\/"},"sameAs":["https:\/\/www.facebook.com\/nereumatias"]}]}},"_links":{"self":[{"href":"https:\/\/nereumatias.com\/pt\/wp-json\/wp\/v2\/product\/42016","targetHints":{"allow":["GET"]}}],"collection":[{"href":"https:\/\/nereumatias.com\/pt\/wp-json\/wp\/v2\/product"}],"about":[{"href":"https:\/\/nereumatias.com\/pt\/wp-json\/wp\/v2\/types\/product"}],"replies":[{"embeddable":true,"href":"https:\/\/nereumatias.com\/pt\/wp-json\/wp\/v2\/comments?post=42016"}],"version-history":[{"count":1,"href":"https:\/\/nereumatias.com\/pt\/wp-json\/wp\/v2\/product\/42016\/revisions"}],"predecessor-version":[{"id":42017,"href":"https:\/\/nereumatias.com\/pt\/wp-json\/wp\/v2\/product\/42016\/revisions\/42017"}],"wp:featuredmedia":[{"embeddable":true,"href":"https:\/\/nereumatias.com\/pt\/wp-json\/wp\/v2\/media\/43602"}],"wp:attachment":[{"href":"https:\/\/nereumatias.com\/pt\/wp-json\/wp\/v2\/media?parent=42016"}],"wp:term":[{"taxonomy":"product_brand","embeddable":true,"href":"https:\/\/nereumatias.com\/pt\/wp-json\/wp\/v2\/product_brand?post=42016"},{"taxonomy":"product_cat","embeddable":true,"href":"https:\/\/nereumatias.com\/pt\/wp-json\/wp\/v2\/product_cat?post=42016"},{"taxonomy":"product_tag","embeddable":true,"href":"https:\/\/nereumatias.com\/pt\/wp-json\/wp\/v2\/product_tag?post=42016"}],"curies":[{"name":"wp","href":"https:\/\/api.w.org\/{rel}","templated":true}]}}