{"id":41978,"date":"2021-07-08T05:41:51","date_gmt":"2021-07-08T03:41:51","guid":{"rendered":"https:\/\/nereumatias.phiseller.com\/?post_type=product&#038;p=41978"},"modified":"2025-07-10T17:33:56","modified_gmt":"2025-07-10T15:33:56","slug":"phihenna-black","status":"publish","type":"product","link":"https:\/\/nereumatias.com\/pt\/produto\/phihenna-black\/","title":{"rendered":"PhiHenna Preto"},"content":{"rendered":"<p>Al\u00e9m do efeito semelhante ao da maquiagem permanente, a Phi Henna, com todos os seus benef\u00edcios naturais, oferece v\u00e1rios benef\u00edcios para os cabelos, ajudando a refinar e reavivar os fol\u00edculos pilosos fracos das sobrancelhas, estimulando sua vitalidade e mantendo sua forma natural. A cor Phi Henna tinge facilmente a pele, deixando um efeito sutil de cor suave, semelhante a um efeito de maquiagem permanente, sem tons avermelhados ou azuis indesejados.<\/p>\n<p>Conte\u00fado do kit:<\/p>\n<p>3 pacotes de PhiHenna<br \/>\nCopo de medi\u00e7\u00e3o<br \/>\nFolheto de instru\u00e7\u00f5es<br \/>\nEsp\u00e1tula<br \/>\nFrasco para armazenar as sobras de PhiHenna<\/p>","protected":false},"excerpt":{"rendered":"<p>Al\u00e9m do efeito semelhante ao da maquiagem permanente, a Phi Henna, com todos os seus benef\u00edcios naturais, oferece v\u00e1rios benef\u00edcios para os cabelos, ajudando a refinar e reavivar os fol\u00edculos pilosos fracos das sobrancelhas, estimulando sua vitalidade e mantendo sua forma natural. A cor Phi Henna tinge facilmente a pele, deixando um efeito sutil de cor suave, semelhante a um efeito de maquiagem permanente, sem tons avermelhados ou azuis indesejados.<\/p>\n<p>Conte\u00fado do kit:<\/p>\n<p>3 pacotes de PhiHenna<br \/>\nCopo de medi\u00e7\u00e3o<br \/>\nFolheto de instru\u00e7\u00f5es<br \/>\nEsp\u00e1tula<br \/>\nFrasco para armazenar as sobras de PhiHenna<\/p>","protected":false},"featured_media":46954,"comment_status":"open","ping_status":"closed","template":"","meta":{"_acf_changed":false,"_joinchat":[]},"product_brand":[],"product_cat":[102,101],"product_tag":[],"class_list":{"0":"post-41978","1":"product","2":"type-product","3":"status-publish","4":"has-post-thumbnail","6":"product_cat-colors","7":"product_cat-phihenna","9":"first","10":"instock","11":"taxable","12":"shipping-taxable","13":"purchasable","14":"product-type-simple"},"supplier_id":null,"supplier_sku":"","barcode":null,"atum_controlled":true,"out_stock_date":null,"out_stock_threshold":null,"inheritable":false,"inbound_stock":null,"stock_on_hold":0,"sold_today":0,"sales_last_days":0,"reserved_stock":null,"customer_returns":null,"warehouse_damage":null,"lost_in_post":null,"other_logs":null,"out_stock_days":0,"lost_sales":0,"has_location":false,"update_date":"2026-04-19T10:16:13","atum_locations":[],"atum_stock_status":"instock","restock_status":false,"low_stock_amount":0,"sales_update_date":"2026-04-19T10:16:13","calc_backorders":null,"acf":[],"yoast_head":"<!-- This site is optimized with the Yoast SEO plugin v24.8 - https:\/\/yoast.com\/wordpress\/plugins\/seo\/ -->\n<title>PhiHenna Black - Formaciones PhiAcademy - Phiseller Espa\u00f1a<\/title>\n<meta name=\"robots\" content=\"index, follow, max-snippet:-1, max-image-preview:large, max-video-preview:-1\" \/>\n<link rel=\"canonical\" href=\"https:\/\/nereumatias.com\/pt\/produto\/phihenna-black\/\" \/>\n<meta property=\"og:locale\" content=\"pt_BR\" \/>\n<meta property=\"og:type\" content=\"article\" \/>\n<meta property=\"og:title\" content=\"PhiHenna Black - Formaciones PhiAcademy - Phiseller Espa\u00f1a\" \/>\n<meta property=\"og:description\" content=\"Adem\u00e1s del efecto similar al maquillaje permanente, Phi Henna, con todos sus beneficios naturales, ofrece m\u00faltiples ventajas para los vellos al ayudar a refinar y revivir los d\u00e9biles fol\u00edculos pilosos de las cejas, alentando su vitalidad y manteniendo su forma natural. El color Phi Henna ti\u00f1e f\u00e1cilmente la piel dejando un sutil efecto de color suave, similar a un efecto de maquillaje permanente, sin tonos rojizos o azules no deseados.  Contenido del kit:  3 paquetes de PhiHenna Taza de medir Folleto de instrucciones Esp\u00e1tula Botella para guardar las sobras de PhiHenna\" \/>\n<meta property=\"og:url\" content=\"https:\/\/nereumatias.com\/pt\/produto\/phihenna-black\/\" \/>\n<meta property=\"og:site_name\" content=\"Formaciones PhiAcademy - Phiseller Espa\u00f1a\" \/>\n<meta property=\"article:publisher\" content=\"https:\/\/www.facebook.com\/nereumatias\" \/>\n<meta property=\"article:modified_time\" content=\"2025-07-10T15:33:56+00:00\" \/>\n<meta property=\"og:image\" content=\"https:\/\/nereumatias.com\/wp-content\/uploads\/2021\/07\/8eb21bfdd6553496969a7995e63ea6a7_1200x9999.jpg\" \/>\n\t<meta property=\"og:image:width\" content=\"1200\" \/>\n\t<meta property=\"og:image:height\" content=\"1200\" \/>\n\t<meta property=\"og:image:type\" content=\"image\/jpeg\" \/>\n<meta name=\"twitter:card\" content=\"summary_large_image\" \/>\n<script type=\"application\/ld+json\" class=\"yoast-schema-graph\">{\"@context\":\"https:\/\/schema.org\",\"@graph\":[{\"@type\":\"WebPage\",\"@id\":\"https:\/\/nereumatias.com\/producto\/phihenna-black\/\",\"url\":\"https:\/\/nereumatias.com\/producto\/phihenna-black\/\",\"name\":\"PhiHenna Black - Formaciones PhiAcademy - Phiseller Espa\u00f1a\",\"isPartOf\":{\"@id\":\"https:\/\/nereumatias.com\/#website\"},\"primaryImageOfPage\":{\"@id\":\"https:\/\/nereumatias.com\/producto\/phihenna-black\/#primaryimage\"},\"image\":{\"@id\":\"https:\/\/nereumatias.com\/producto\/phihenna-black\/#primaryimage\"},\"thumbnailUrl\":\"https:\/\/nereumatias.com\/wp-content\/uploads\/2021\/07\/8eb21bfdd6553496969a7995e63ea6a7_1200x9999.jpg\",\"datePublished\":\"2021-07-08T03:41:51+00:00\",\"dateModified\":\"2025-07-10T15:33:56+00:00\",\"breadcrumb\":{\"@id\":\"https:\/\/nereumatias.com\/producto\/phihenna-black\/#breadcrumb\"},\"inLanguage\":\"pt-BR\",\"potentialAction\":[{\"@type\":\"ReadAction\",\"target\":[\"https:\/\/nereumatias.com\/producto\/phihenna-black\/\"]}]},{\"@type\":\"ImageObject\",\"inLanguage\":\"pt-BR\",\"@id\":\"https:\/\/nereumatias.com\/producto\/phihenna-black\/#primaryimage\",\"url\":\"https:\/\/nereumatias.com\/wp-content\/uploads\/2021\/07\/8eb21bfdd6553496969a7995e63ea6a7_1200x9999.jpg\",\"contentUrl\":\"https:\/\/nereumatias.com\/wp-content\/uploads\/2021\/07\/8eb21bfdd6553496969a7995e63ea6a7_1200x9999.jpg\",\"width\":1200,\"height\":1200},{\"@type\":\"BreadcrumbList\",\"@id\":\"https:\/\/nereumatias.com\/producto\/phihenna-black\/#breadcrumb\",\"itemListElement\":[{\"@type\":\"ListItem\",\"position\":1,\"name\":\"Home\",\"item\":\"https:\/\/nereumatias.com\/\"},{\"@type\":\"ListItem\",\"position\":2,\"name\":\"Tienda\",\"item\":\"https:\/\/nereumatias.com\/tienda-online\/\"},{\"@type\":\"ListItem\",\"position\":3,\"name\":\"PhiHenna Black\"}]},{\"@type\":\"WebSite\",\"@id\":\"https:\/\/nereumatias.com\/#website\",\"url\":\"https:\/\/nereumatias.com\/\",\"name\":\"Formaciones PhiAcademy - Phiseller Espa\u00f1a\",\"description\":\"PhiAcademy\",\"publisher\":{\"@id\":\"https:\/\/nereumatias.com\/#organization\"},\"potentialAction\":[{\"@type\":\"SearchAction\",\"target\":{\"@type\":\"EntryPoint\",\"urlTemplate\":\"https:\/\/nereumatias.com\/?s={search_term_string}\"},\"query-input\":{\"@type\":\"PropertyValueSpecification\",\"valueRequired\":true,\"valueName\":\"search_term_string\"}}],\"inLanguage\":\"pt-BR\"},{\"@type\":\"Organization\",\"@id\":\"https:\/\/nereumatias.com\/#organization\",\"name\":\"Formaciones PhiAcademy - Phiseller Espa\u00f1a\",\"url\":\"https:\/\/nereumatias.com\/\",\"logo\":{\"@type\":\"ImageObject\",\"inLanguage\":\"pt-BR\",\"@id\":\"https:\/\/nereumatias.com\/#\/schema\/logo\/image\/\",\"url\":\"https:\/\/nereumatias.com\/wp-content\/uploads\/2022\/09\/logo-phiseller-negro-150.png\",\"contentUrl\":\"https:\/\/nereumatias.com\/wp-content\/uploads\/2022\/09\/logo-phiseller-negro-150.png\",\"width\":375,\"height\":150,\"caption\":\"Formaciones PhiAcademy - Phiseller Espa\u00f1a\"},\"image\":{\"@id\":\"https:\/\/nereumatias.com\/#\/schema\/logo\/image\/\"},\"sameAs\":[\"https:\/\/www.facebook.com\/nereumatias\"]}]}<\/script>\n<!-- \/ Yoast SEO plugin. -->","yoast_head_json":{"title":"PhiHenna Black - Formaciones PhiAcademy - Phiseller Espa\u00f1a","robots":{"index":"index","follow":"follow","max-snippet":"max-snippet:-1","max-image-preview":"max-image-preview:large","max-video-preview":"max-video-preview:-1"},"canonical":"https:\/\/nereumatias.com\/pt\/produto\/phihenna-black\/","og_locale":"pt_BR","og_type":"article","og_title":"PhiHenna Black - Formaciones PhiAcademy - Phiseller Espa\u00f1a","og_description":"Adem\u00e1s del efecto similar al maquillaje permanente, Phi Henna, con todos sus beneficios naturales, ofrece m\u00faltiples ventajas para los vellos al ayudar a refinar y revivir los d\u00e9biles fol\u00edculos pilosos de las cejas, alentando su vitalidad y manteniendo su forma natural. El color Phi Henna ti\u00f1e f\u00e1cilmente la piel dejando un sutil efecto de color suave, similar a un efecto de maquillaje permanente, sin tonos rojizos o azules no deseados.  Contenido del kit:  3 paquetes de PhiHenna Taza de medir Folleto de instrucciones Esp\u00e1tula Botella para guardar las sobras de PhiHenna","og_url":"https:\/\/nereumatias.com\/pt\/produto\/phihenna-black\/","og_site_name":"Formaciones PhiAcademy - Phiseller Espa\u00f1a","article_publisher":"https:\/\/www.facebook.com\/nereumatias","article_modified_time":"2025-07-10T15:33:56+00:00","og_image":[{"width":1200,"height":1200,"url":"https:\/\/nereumatias.com\/wp-content\/uploads\/2021\/07\/8eb21bfdd6553496969a7995e63ea6a7_1200x9999.jpg","type":"image\/jpeg"}],"twitter_card":"summary_large_image","schema":{"@context":"https:\/\/schema.org","@graph":[{"@type":"WebPage","@id":"https:\/\/nereumatias.com\/producto\/phihenna-black\/","url":"https:\/\/nereumatias.com\/producto\/phihenna-black\/","name":"PhiHenna Black - Formaciones PhiAcademy - Phiseller Espa\u00f1a","isPartOf":{"@id":"https:\/\/nereumatias.com\/#website"},"primaryImageOfPage":{"@id":"https:\/\/nereumatias.com\/producto\/phihenna-black\/#primaryimage"},"image":{"@id":"https:\/\/nereumatias.com\/producto\/phihenna-black\/#primaryimage"},"thumbnailUrl":"https:\/\/nereumatias.com\/wp-content\/uploads\/2021\/07\/8eb21bfdd6553496969a7995e63ea6a7_1200x9999.jpg","datePublished":"2021-07-08T03:41:51+00:00","dateModified":"2025-07-10T15:33:56+00:00","breadcrumb":{"@id":"https:\/\/nereumatias.com\/producto\/phihenna-black\/#breadcrumb"},"inLanguage":"pt-BR","potentialAction":[{"@type":"ReadAction","target":["https:\/\/nereumatias.com\/producto\/phihenna-black\/"]}]},{"@type":"ImageObject","inLanguage":"pt-BR","@id":"https:\/\/nereumatias.com\/producto\/phihenna-black\/#primaryimage","url":"https:\/\/nereumatias.com\/wp-content\/uploads\/2021\/07\/8eb21bfdd6553496969a7995e63ea6a7_1200x9999.jpg","contentUrl":"https:\/\/nereumatias.com\/wp-content\/uploads\/2021\/07\/8eb21bfdd6553496969a7995e63ea6a7_1200x9999.jpg","width":1200,"height":1200},{"@type":"BreadcrumbList","@id":"https:\/\/nereumatias.com\/producto\/phihenna-black\/#breadcrumb","itemListElement":[{"@type":"ListItem","position":1,"name":"Home","item":"https:\/\/nereumatias.com\/"},{"@type":"ListItem","position":2,"name":"Tienda","item":"https:\/\/nereumatias.com\/tienda-online\/"},{"@type":"ListItem","position":3,"name":"PhiHenna Black"}]},{"@type":"WebSite","@id":"https:\/\/nereumatias.com\/#website","url":"https:\/\/nereumatias.com\/","name":"Formaciones PhiAcademy - Phiseller Espa\u00f1a","description":"PhiAcademy","publisher":{"@id":"https:\/\/nereumatias.com\/#organization"},"potentialAction":[{"@type":"SearchAction","target":{"@type":"EntryPoint","urlTemplate":"https:\/\/nereumatias.com\/?s={search_term_string}"},"query-input":{"@type":"PropertyValueSpecification","valueRequired":true,"valueName":"search_term_string"}}],"inLanguage":"pt-BR"},{"@type":"Organization","@id":"https:\/\/nereumatias.com\/#organization","name":"Formaciones PhiAcademy - Phiseller Espa\u00f1a","url":"https:\/\/nereumatias.com\/","logo":{"@type":"ImageObject","inLanguage":"pt-BR","@id":"https:\/\/nereumatias.com\/#\/schema\/logo\/image\/","url":"https:\/\/nereumatias.com\/wp-content\/uploads\/2022\/09\/logo-phiseller-negro-150.png","contentUrl":"https:\/\/nereumatias.com\/wp-content\/uploads\/2022\/09\/logo-phiseller-negro-150.png","width":375,"height":150,"caption":"Formaciones PhiAcademy - Phiseller Espa\u00f1a"},"image":{"@id":"https:\/\/nereumatias.com\/#\/schema\/logo\/image\/"},"sameAs":["https:\/\/www.facebook.com\/nereumatias"]}]}},"_links":{"self":[{"href":"https:\/\/nereumatias.com\/pt\/wp-json\/wp\/v2\/product\/41978","targetHints":{"allow":["GET"]}}],"collection":[{"href":"https:\/\/nereumatias.com\/pt\/wp-json\/wp\/v2\/product"}],"about":[{"href":"https:\/\/nereumatias.com\/pt\/wp-json\/wp\/v2\/types\/product"}],"replies":[{"embeddable":true,"href":"https:\/\/nereumatias.com\/pt\/wp-json\/wp\/v2\/comments?post=41978"}],"version-history":[{"count":1,"href":"https:\/\/nereumatias.com\/pt\/wp-json\/wp\/v2\/product\/41978\/revisions"}],"predecessor-version":[{"id":41979,"href":"https:\/\/nereumatias.com\/pt\/wp-json\/wp\/v2\/product\/41978\/revisions\/41979"}],"wp:featuredmedia":[{"embeddable":true,"href":"https:\/\/nereumatias.com\/pt\/wp-json\/wp\/v2\/media\/46954"}],"wp:attachment":[{"href":"https:\/\/nereumatias.com\/pt\/wp-json\/wp\/v2\/media?parent=41978"}],"wp:term":[{"taxonomy":"product_brand","embeddable":true,"href":"https:\/\/nereumatias.com\/pt\/wp-json\/wp\/v2\/product_brand?post=41978"},{"taxonomy":"product_cat","embeddable":true,"href":"https:\/\/nereumatias.com\/pt\/wp-json\/wp\/v2\/product_cat?post=41978"},{"taxonomy":"product_tag","embeddable":true,"href":"https:\/\/nereumatias.com\/pt\/wp-json\/wp\/v2\/product_tag?post=41978"}],"curies":[{"name":"wp","href":"https:\/\/api.w.org\/{rel}","templated":true}]}}