{"id":41934,"date":"2021-07-08T05:41:38","date_gmt":"2021-07-08T03:41:38","guid":{"rendered":"https:\/\/nereumatias.phiseller.com\/?post_type=product&#038;p=41934"},"modified":"2026-03-20T18:17:32","modified_gmt":"2026-03-20T17:17:32","slug":"phiremoval-light-s-chemical-peel-10ml","status":"publish","type":"product","link":"https:\/\/nereumatias.com\/pt\/produto\/phiremoval-light-s-chemical-peel-10ml\/","title":{"rendered":"Peeling qu\u00edmico PhiRemoval light S 10ml"},"content":{"rendered":"<p>O PhiRemoval Light S Chemical Peel \u00e9 uma f\u00f3rmula de peeling de \u00e1cido glic\u00f3lico 10% desenvolvida para esfoliar suavemente as c\u00e9lulas mortas da pele e aumentar a renova\u00e7\u00e3o celular da pele.<\/p>\n<p>Melhora e suaviza ligeiramente a textura da pele, diminuindo a apar\u00eancia de manchas, cicatrizes, linhas finas, rugas ou outras imperfei\u00e7\u00f5es da pele.<\/p>\n<p>A esfolia\u00e7\u00e3o tem como alvo as \u00e1reas problem\u00e1ticas e remove as camadas de c\u00e9lulas mortas da pele que geralmente causam problemas de pele.<\/p>\n<p>Aplique uma camada fina sobre a pele, evitando a \u00e1rea sens\u00edvel dos olhos. Deixe agir por no m\u00e1ximo 5 minutos e enx\u00e1gue com \u00e1gua morna. Aplique o Phi Removal Neutralizer para neutralizar a f\u00f3rmula do peeling e deixe agir por um minuto, depois enx\u00e1gue com \u00e1gua tamb\u00e9m.<\/p>\n<p>Somente para uso profissional. Por motivos de seguran\u00e7a, os produtos PhiRemoval est\u00e3o dispon\u00edveis apenas para alunos certificados da PHIREMOVAL.<\/p>","protected":false},"excerpt":{"rendered":"<p>O PhiRemoval Light S Chemical Peel \u00e9 uma f\u00f3rmula de peeling de \u00e1cido glic\u00f3lico 10% desenvolvida para esfoliar suavemente as c\u00e9lulas mortas da pele e aumentar a renova\u00e7\u00e3o celular da pele.<\/p>\n<p>Melhora e suaviza ligeiramente a textura da pele, diminuindo a apar\u00eancia de manchas, cicatrizes, linhas finas, rugas ou outras imperfei\u00e7\u00f5es da pele.<\/p>\n<p>A esfolia\u00e7\u00e3o tem como alvo as \u00e1reas problem\u00e1ticas e remove as camadas de c\u00e9lulas mortas da pele que geralmente causam problemas de pele.<\/p>\n<p>Aplique uma camada fina sobre a pele, evitando a \u00e1rea sens\u00edvel dos olhos. Deixe agir por no m\u00e1ximo 5 minutos e enx\u00e1gue com \u00e1gua morna. Aplique o Phi Removal Neutralizer para neutralizar a f\u00f3rmula do peeling e deixe agir por um minuto, depois enx\u00e1gue com \u00e1gua tamb\u00e9m.<\/p>\n<p>Somente para uso profissional. Por motivos de seguran\u00e7a, os produtos PhiRemoval est\u00e3o dispon\u00edveis apenas para alunos certificados da PHIREMOVAL.<\/p>","protected":false},"featured_media":43548,"comment_status":"open","ping_status":"closed","template":"","meta":{"_acf_changed":false,"_joinchat":[]},"product_brand":[],"product_cat":[75,65],"product_tag":[],"class_list":{"0":"post-41934","1":"product","2":"type-product","3":"status-publish","4":"has-post-thumbnail","6":"product_cat-during-after-treatment-phiremoval","7":"product_cat-phiremoval","9":"first","10":"instock","11":"taxable","12":"shipping-taxable","13":"purchasable","14":"product-type-simple"},"supplier_id":null,"supplier_sku":"","barcode":null,"atum_controlled":true,"out_stock_date":null,"out_stock_threshold":null,"inheritable":false,"inbound_stock":null,"stock_on_hold":0,"sold_today":0,"sales_last_days":0,"reserved_stock":null,"customer_returns":null,"warehouse_damage":null,"lost_in_post":null,"other_logs":null,"out_stock_days":0,"lost_sales":0,"has_location":null,"update_date":"2026-05-14T13:16:30","atum_locations":[],"atum_stock_status":"instock","restock_status":false,"low_stock_amount":0,"sales_update_date":"2026-05-14T13:16:30","calc_backorders":null,"acf":[],"yoast_head":"<!-- This site is optimized with the Yoast SEO plugin v24.8 - https:\/\/yoast.com\/wordpress\/plugins\/seo\/ -->\n<title>PhiRemoval light S chemical peel 10ml - Formaciones PhiAcademy - Phiseller Espa\u00f1a<\/title>\n<meta name=\"robots\" content=\"index, follow, max-snippet:-1, max-image-preview:large, max-video-preview:-1\" \/>\n<link rel=\"canonical\" href=\"https:\/\/nereumatias.com\/pt\/produto\/phiremoval-light-s-chemical-peel-10ml\/\" \/>\n<meta property=\"og:locale\" content=\"pt_BR\" \/>\n<meta property=\"og:type\" content=\"article\" \/>\n<meta property=\"og:title\" content=\"PhiRemoval light S chemical peel 10ml - Formaciones PhiAcademy - Phiseller Espa\u00f1a\" \/>\n<meta property=\"og:description\" content=\"PhiRemoval Light S Chemical Peel es una f\u00f3rmula de peeling con \u00e1cido glic\u00f3lico al 10%, destinada a la exfoliaci\u00f3n suave de las c\u00e9lulas muertas de la piel y a aumentar la renovaci\u00f3n de las c\u00e9lulas de la piel.  Mejora y suaviza ligeramente la textura de la piel, al tiempo que disminuye la aparici\u00f3n de manchas, cicatrices, l\u00edneas finas, arrugas u otras imperfecciones de la piel.  La exfoliaci\u00f3n se dirige a \u00e1reas problem\u00e1ticas y elimina capas de c\u00e9lulas muertas de la piel que generalmente causan problemas en la piel.  Aplique una capa delgada sobre la piel, evitando el \u00e1rea sensible de los ojos. Dejar actuar no m\u00e1s de 5 minutos y enjuagar con agua tibia. Aplique Phi Removal Neutralizer para neutralizar la f\u00f3rmula de exfoliaci\u00f3n y d\u00e9jela actuar durante un minuto, luego enju\u00e1guela tambi\u00e9n con agua.  Solo para uso profesional. Por razones de seguridad, los productos PhiRemoval solo est\u00e1n disponibles para estudiantes certificados de PHIREMOVAL.\" \/>\n<meta property=\"og:url\" content=\"https:\/\/nereumatias.com\/pt\/produto\/phiremoval-light-s-chemical-peel-10ml\/\" \/>\n<meta property=\"og:site_name\" content=\"Formaciones PhiAcademy - Phiseller Espa\u00f1a\" \/>\n<meta property=\"article:publisher\" content=\"https:\/\/www.facebook.com\/nereumatias\" \/>\n<meta property=\"article:modified_time\" content=\"2026-03-20T17:17:32+00:00\" \/>\n<meta property=\"og:image\" content=\"https:\/\/nereumatias.com\/wp-content\/uploads\/2022\/12\/PhiRemoval_LightS_Chemical_Peel.jpg\" \/>\n\t<meta property=\"og:image:width\" content=\"600\" \/>\n\t<meta property=\"og:image:height\" content=\"800\" \/>\n\t<meta property=\"og:image:type\" content=\"image\/jpeg\" \/>\n<meta name=\"twitter:card\" content=\"summary_large_image\" \/>\n<script type=\"application\/ld+json\" class=\"yoast-schema-graph\">{\"@context\":\"https:\/\/schema.org\",\"@graph\":[{\"@type\":\"WebPage\",\"@id\":\"https:\/\/nereumatias.com\/producto\/phiremoval-light-s-chemical-peel-10ml\/\",\"url\":\"https:\/\/nereumatias.com\/producto\/phiremoval-light-s-chemical-peel-10ml\/\",\"name\":\"PhiRemoval light S chemical peel 10ml - Formaciones PhiAcademy - Phiseller Espa\u00f1a\",\"isPartOf\":{\"@id\":\"https:\/\/nereumatias.com\/#website\"},\"primaryImageOfPage\":{\"@id\":\"https:\/\/nereumatias.com\/producto\/phiremoval-light-s-chemical-peel-10ml\/#primaryimage\"},\"image\":{\"@id\":\"https:\/\/nereumatias.com\/producto\/phiremoval-light-s-chemical-peel-10ml\/#primaryimage\"},\"thumbnailUrl\":\"https:\/\/nereumatias.com\/wp-content\/uploads\/2022\/12\/PhiRemoval_LightS_Chemical_Peel.jpg\",\"datePublished\":\"2021-07-08T03:41:38+00:00\",\"dateModified\":\"2026-03-20T17:17:32+00:00\",\"breadcrumb\":{\"@id\":\"https:\/\/nereumatias.com\/producto\/phiremoval-light-s-chemical-peel-10ml\/#breadcrumb\"},\"inLanguage\":\"pt-BR\",\"potentialAction\":[{\"@type\":\"ReadAction\",\"target\":[\"https:\/\/nereumatias.com\/producto\/phiremoval-light-s-chemical-peel-10ml\/\"]}]},{\"@type\":\"ImageObject\",\"inLanguage\":\"pt-BR\",\"@id\":\"https:\/\/nereumatias.com\/producto\/phiremoval-light-s-chemical-peel-10ml\/#primaryimage\",\"url\":\"https:\/\/nereumatias.com\/wp-content\/uploads\/2022\/12\/PhiRemoval_LightS_Chemical_Peel.jpg\",\"contentUrl\":\"https:\/\/nereumatias.com\/wp-content\/uploads\/2022\/12\/PhiRemoval_LightS_Chemical_Peel.jpg\",\"width\":600,\"height\":800},{\"@type\":\"BreadcrumbList\",\"@id\":\"https:\/\/nereumatias.com\/producto\/phiremoval-light-s-chemical-peel-10ml\/#breadcrumb\",\"itemListElement\":[{\"@type\":\"ListItem\",\"position\":1,\"name\":\"Home\",\"item\":\"https:\/\/nereumatias.com\/\"},{\"@type\":\"ListItem\",\"position\":2,\"name\":\"Tienda\",\"item\":\"https:\/\/nereumatias.com\/tienda-online\/\"},{\"@type\":\"ListItem\",\"position\":3,\"name\":\"PhiRemoval light S chemical peel 10ml\"}]},{\"@type\":\"WebSite\",\"@id\":\"https:\/\/nereumatias.com\/#website\",\"url\":\"https:\/\/nereumatias.com\/\",\"name\":\"Formaciones PhiAcademy - Phiseller Espa\u00f1a\",\"description\":\"PhiAcademy\",\"publisher\":{\"@id\":\"https:\/\/nereumatias.com\/#organization\"},\"potentialAction\":[{\"@type\":\"SearchAction\",\"target\":{\"@type\":\"EntryPoint\",\"urlTemplate\":\"https:\/\/nereumatias.com\/?s={search_term_string}\"},\"query-input\":{\"@type\":\"PropertyValueSpecification\",\"valueRequired\":true,\"valueName\":\"search_term_string\"}}],\"inLanguage\":\"pt-BR\"},{\"@type\":\"Organization\",\"@id\":\"https:\/\/nereumatias.com\/#organization\",\"name\":\"Formaciones PhiAcademy - Phiseller Espa\u00f1a\",\"url\":\"https:\/\/nereumatias.com\/\",\"logo\":{\"@type\":\"ImageObject\",\"inLanguage\":\"pt-BR\",\"@id\":\"https:\/\/nereumatias.com\/#\/schema\/logo\/image\/\",\"url\":\"https:\/\/nereumatias.com\/wp-content\/uploads\/2022\/09\/logo-phiseller-negro-150.png\",\"contentUrl\":\"https:\/\/nereumatias.com\/wp-content\/uploads\/2022\/09\/logo-phiseller-negro-150.png\",\"width\":375,\"height\":150,\"caption\":\"Formaciones PhiAcademy - Phiseller Espa\u00f1a\"},\"image\":{\"@id\":\"https:\/\/nereumatias.com\/#\/schema\/logo\/image\/\"},\"sameAs\":[\"https:\/\/www.facebook.com\/nereumatias\"]}]}<\/script>\n<!-- \/ Yoast SEO plugin. -->","yoast_head_json":{"title":"PhiRemoval light S chemical peel 10ml - Formaciones PhiAcademy - Phiseller Espa\u00f1a","robots":{"index":"index","follow":"follow","max-snippet":"max-snippet:-1","max-image-preview":"max-image-preview:large","max-video-preview":"max-video-preview:-1"},"canonical":"https:\/\/nereumatias.com\/pt\/produto\/phiremoval-light-s-chemical-peel-10ml\/","og_locale":"pt_BR","og_type":"article","og_title":"PhiRemoval light S chemical peel 10ml - Formaciones PhiAcademy - Phiseller Espa\u00f1a","og_description":"PhiRemoval Light S Chemical Peel es una f\u00f3rmula de peeling con \u00e1cido glic\u00f3lico al 10%, destinada a la exfoliaci\u00f3n suave de las c\u00e9lulas muertas de la piel y a aumentar la renovaci\u00f3n de las c\u00e9lulas de la piel.  Mejora y suaviza ligeramente la textura de la piel, al tiempo que disminuye la aparici\u00f3n de manchas, cicatrices, l\u00edneas finas, arrugas u otras imperfecciones de la piel.  La exfoliaci\u00f3n se dirige a \u00e1reas problem\u00e1ticas y elimina capas de c\u00e9lulas muertas de la piel que generalmente causan problemas en la piel.  Aplique una capa delgada sobre la piel, evitando el \u00e1rea sensible de los ojos. Dejar actuar no m\u00e1s de 5 minutos y enjuagar con agua tibia. Aplique Phi Removal Neutralizer para neutralizar la f\u00f3rmula de exfoliaci\u00f3n y d\u00e9jela actuar durante un minuto, luego enju\u00e1guela tambi\u00e9n con agua.  Solo para uso profesional. Por razones de seguridad, los productos PhiRemoval solo est\u00e1n disponibles para estudiantes certificados de PHIREMOVAL.","og_url":"https:\/\/nereumatias.com\/pt\/produto\/phiremoval-light-s-chemical-peel-10ml\/","og_site_name":"Formaciones PhiAcademy - Phiseller Espa\u00f1a","article_publisher":"https:\/\/www.facebook.com\/nereumatias","article_modified_time":"2026-03-20T17:17:32+00:00","og_image":[{"width":600,"height":800,"url":"https:\/\/nereumatias.com\/wp-content\/uploads\/2022\/12\/PhiRemoval_LightS_Chemical_Peel.jpg","type":"image\/jpeg"}],"twitter_card":"summary_large_image","schema":{"@context":"https:\/\/schema.org","@graph":[{"@type":"WebPage","@id":"https:\/\/nereumatias.com\/producto\/phiremoval-light-s-chemical-peel-10ml\/","url":"https:\/\/nereumatias.com\/producto\/phiremoval-light-s-chemical-peel-10ml\/","name":"PhiRemoval light S chemical peel 10ml - Formaciones PhiAcademy - Phiseller Espa\u00f1a","isPartOf":{"@id":"https:\/\/nereumatias.com\/#website"},"primaryImageOfPage":{"@id":"https:\/\/nereumatias.com\/producto\/phiremoval-light-s-chemical-peel-10ml\/#primaryimage"},"image":{"@id":"https:\/\/nereumatias.com\/producto\/phiremoval-light-s-chemical-peel-10ml\/#primaryimage"},"thumbnailUrl":"https:\/\/nereumatias.com\/wp-content\/uploads\/2022\/12\/PhiRemoval_LightS_Chemical_Peel.jpg","datePublished":"2021-07-08T03:41:38+00:00","dateModified":"2026-03-20T17:17:32+00:00","breadcrumb":{"@id":"https:\/\/nereumatias.com\/producto\/phiremoval-light-s-chemical-peel-10ml\/#breadcrumb"},"inLanguage":"pt-BR","potentialAction":[{"@type":"ReadAction","target":["https:\/\/nereumatias.com\/producto\/phiremoval-light-s-chemical-peel-10ml\/"]}]},{"@type":"ImageObject","inLanguage":"pt-BR","@id":"https:\/\/nereumatias.com\/producto\/phiremoval-light-s-chemical-peel-10ml\/#primaryimage","url":"https:\/\/nereumatias.com\/wp-content\/uploads\/2022\/12\/PhiRemoval_LightS_Chemical_Peel.jpg","contentUrl":"https:\/\/nereumatias.com\/wp-content\/uploads\/2022\/12\/PhiRemoval_LightS_Chemical_Peel.jpg","width":600,"height":800},{"@type":"BreadcrumbList","@id":"https:\/\/nereumatias.com\/producto\/phiremoval-light-s-chemical-peel-10ml\/#breadcrumb","itemListElement":[{"@type":"ListItem","position":1,"name":"Home","item":"https:\/\/nereumatias.com\/"},{"@type":"ListItem","position":2,"name":"Tienda","item":"https:\/\/nereumatias.com\/tienda-online\/"},{"@type":"ListItem","position":3,"name":"PhiRemoval light S chemical peel 10ml"}]},{"@type":"WebSite","@id":"https:\/\/nereumatias.com\/#website","url":"https:\/\/nereumatias.com\/","name":"Formaciones PhiAcademy - Phiseller Espa\u00f1a","description":"PhiAcademy","publisher":{"@id":"https:\/\/nereumatias.com\/#organization"},"potentialAction":[{"@type":"SearchAction","target":{"@type":"EntryPoint","urlTemplate":"https:\/\/nereumatias.com\/?s={search_term_string}"},"query-input":{"@type":"PropertyValueSpecification","valueRequired":true,"valueName":"search_term_string"}}],"inLanguage":"pt-BR"},{"@type":"Organization","@id":"https:\/\/nereumatias.com\/#organization","name":"Formaciones PhiAcademy - Phiseller Espa\u00f1a","url":"https:\/\/nereumatias.com\/","logo":{"@type":"ImageObject","inLanguage":"pt-BR","@id":"https:\/\/nereumatias.com\/#\/schema\/logo\/image\/","url":"https:\/\/nereumatias.com\/wp-content\/uploads\/2022\/09\/logo-phiseller-negro-150.png","contentUrl":"https:\/\/nereumatias.com\/wp-content\/uploads\/2022\/09\/logo-phiseller-negro-150.png","width":375,"height":150,"caption":"Formaciones PhiAcademy - Phiseller Espa\u00f1a"},"image":{"@id":"https:\/\/nereumatias.com\/#\/schema\/logo\/image\/"},"sameAs":["https:\/\/www.facebook.com\/nereumatias"]}]}},"_links":{"self":[{"href":"https:\/\/nereumatias.com\/pt\/wp-json\/wp\/v2\/product\/41934","targetHints":{"allow":["GET"]}}],"collection":[{"href":"https:\/\/nereumatias.com\/pt\/wp-json\/wp\/v2\/product"}],"about":[{"href":"https:\/\/nereumatias.com\/pt\/wp-json\/wp\/v2\/types\/product"}],"replies":[{"embeddable":true,"href":"https:\/\/nereumatias.com\/pt\/wp-json\/wp\/v2\/comments?post=41934"}],"version-history":[{"count":1,"href":"https:\/\/nereumatias.com\/pt\/wp-json\/wp\/v2\/product\/41934\/revisions"}],"predecessor-version":[{"id":41935,"href":"https:\/\/nereumatias.com\/pt\/wp-json\/wp\/v2\/product\/41934\/revisions\/41935"}],"wp:featuredmedia":[{"embeddable":true,"href":"https:\/\/nereumatias.com\/pt\/wp-json\/wp\/v2\/media\/43548"}],"wp:attachment":[{"href":"https:\/\/nereumatias.com\/pt\/wp-json\/wp\/v2\/media?parent=41934"}],"wp:term":[{"taxonomy":"product_brand","embeddable":true,"href":"https:\/\/nereumatias.com\/pt\/wp-json\/wp\/v2\/product_brand?post=41934"},{"taxonomy":"product_cat","embeddable":true,"href":"https:\/\/nereumatias.com\/pt\/wp-json\/wp\/v2\/product_cat?post=41934"},{"taxonomy":"product_tag","embeddable":true,"href":"https:\/\/nereumatias.com\/pt\/wp-json\/wp\/v2\/product_tag?post=41934"}],"curies":[{"name":"wp","href":"https:\/\/api.w.org\/{rel}","templated":true}]}}