{"id":41922,"date":"2021-07-08T05:41:28","date_gmt":"2021-07-08T03:41:28","guid":{"rendered":"https:\/\/nereumatias.phiseller.com\/?post_type=product&#038;p=41922"},"modified":"2023-01-02T14:08:34","modified_gmt":"2023-01-02T13:08:34","slug":"enzyme-peeling","status":"publish","type":"product","link":"https:\/\/nereumatias.com\/pt\/produto\/enzyme-peeling\/","title":{"rendered":"Peeling enzim\u00e1tico"},"content":{"rendered":"<p>O Enzyme Peeling \u00e9 uma f\u00f3rmula com consist\u00eancia de gel usada para descamar a pele. Ele cont\u00e9m uma combina\u00e7\u00e3o especial de enzimas que remove suavemente as c\u00e9lulas mortas da pele e suaviza a superf\u00edcie da pele. Al\u00e9m disso, ele ajuda a estimular o processo de renova\u00e7\u00e3o celular e promove a hidrata\u00e7\u00e3o da pele, resultando em uma pele mais brilhante e com apar\u00eancia mais jovem.<\/p>\n<p>Esse produto foi desenvolvido para descamar a pele durante o tratamento com Phinoderm.<\/p>\n<p>O produto deve ser aplicado em uma pequena quantidade no rosto e deixado agir por 10 minutos. Depois disso, ele deve ser removido com um algod\u00e3o embebido em \u00e1gua.<\/p>","protected":false},"excerpt":{"rendered":"<p>O Enzyme Peeling \u00e9 uma f\u00f3rmula com consist\u00eancia de gel usada para descamar a pele. Ele cont\u00e9m uma combina\u00e7\u00e3o especial de enzimas que remove suavemente as c\u00e9lulas mortas da pele e suaviza a superf\u00edcie da pele. Al\u00e9m disso, ele ajuda a estimular o processo de renova\u00e7\u00e3o celular e promove a hidrata\u00e7\u00e3o da pele, resultando em uma pele mais brilhante e com apar\u00eancia mais jovem.<\/p>\n<p>Esse produto foi desenvolvido para descamar a pele durante o tratamento com Phinoderm.<\/p>\n<p>O produto deve ser aplicado em uma pequena quantidade no rosto e deixado agir por 10 minutos. Depois disso, ele deve ser removido com um algod\u00e3o embebido em \u00e1gua.<\/p>","protected":false},"featured_media":43534,"comment_status":"open","ping_status":"closed","template":"","meta":{"_acf_changed":false,"_joinchat":[]},"product_brand":[],"product_cat":[48,76,80],"product_tag":[],"class_list":{"0":"post-41922","1":"product","2":"type-product","3":"status-publish","4":"has-post-thumbnail","6":"product_cat-philings","7":"product_cat-phinoderm","8":"product_cat-treatment","10":"first","11":"outofstock","12":"taxable","13":"shipping-taxable","14":"purchasable","15":"product-type-simple"},"supplier_id":null,"supplier_sku":"","barcode":null,"atum_controlled":true,"out_stock_date":"2022-12-26 12:53:09","out_stock_threshold":null,"inheritable":false,"inbound_stock":null,"stock_on_hold":0,"sold_today":0,"sales_last_days":0,"reserved_stock":null,"customer_returns":null,"warehouse_damage":null,"lost_in_post":null,"other_logs":null,"out_stock_days":1231,"lost_sales":0,"has_location":null,"update_date":"2026-05-11T12:46:28","atum_locations":[],"atum_stock_status":"outofstock","restock_status":false,"low_stock_amount":0,"sales_update_date":"2026-05-11T12:46:28","calc_backorders":null,"acf":[],"yoast_head":"<!-- This site is optimized with the Yoast SEO plugin v24.8 - https:\/\/yoast.com\/wordpress\/plugins\/seo\/ -->\n<title>Enzyme Peeling - Formaciones PhiAcademy - Phiseller Espa\u00f1a<\/title>\n<meta name=\"robots\" content=\"index, follow, max-snippet:-1, max-image-preview:large, max-video-preview:-1\" \/>\n<link rel=\"canonical\" href=\"https:\/\/nereumatias.com\/pt\/produto\/enzyme-peeling\/\" \/>\n<meta property=\"og:locale\" content=\"pt_BR\" \/>\n<meta property=\"og:type\" content=\"article\" \/>\n<meta property=\"og:title\" content=\"Enzyme Peeling - Formaciones PhiAcademy - Phiseller Espa\u00f1a\" \/>\n<meta property=\"og:description\" content=\"Enzyme Peeling es una f\u00f3rmula de consistencia de gel utilizada para pelar la piel. Contiene una combinaci\u00f3n especial de enzimas que eliminan suavemente las c\u00e9lulas muertas y suavizan la superficie de la piel. Adem\u00e1s de eso, ayuda a estimular el proceso de renovaci\u00f3n celular y apoya la hidrataci\u00f3n de la piel con el resultado de una apariencia m\u00e1s brillante y joven de la piel.  Este producto est\u00e1 desarrollado para pelar la piel durante el tratamiento con Phinoderm.  El producto debe aplicarse en una peque\u00f1a cantidad en la cara y dejarse durante 10 minutos. Despu\u00e9s de eso, debe retirarse con un algod\u00f3n empapado en agua.\" \/>\n<meta property=\"og:url\" content=\"https:\/\/nereumatias.com\/pt\/produto\/enzyme-peeling\/\" \/>\n<meta property=\"og:site_name\" content=\"Formaciones PhiAcademy - Phiseller Espa\u00f1a\" \/>\n<meta property=\"article:publisher\" content=\"https:\/\/www.facebook.com\/nereumatias\" \/>\n<meta property=\"article:modified_time\" content=\"2023-01-02T13:08:34+00:00\" \/>\n<meta property=\"og:image\" content=\"https:\/\/nereumatias.com\/wp-content\/uploads\/2022\/12\/Enzyme-Peeling.jpg\" \/>\n\t<meta property=\"og:image:width\" content=\"600\" \/>\n\t<meta property=\"og:image:height\" content=\"800\" \/>\n\t<meta property=\"og:image:type\" content=\"image\/jpeg\" \/>\n<meta name=\"twitter:card\" content=\"summary_large_image\" \/>\n<script type=\"application\/ld+json\" class=\"yoast-schema-graph\">{\"@context\":\"https:\/\/schema.org\",\"@graph\":[{\"@type\":\"WebPage\",\"@id\":\"https:\/\/nereumatias.com\/producto\/enzyme-peeling\/\",\"url\":\"https:\/\/nereumatias.com\/producto\/enzyme-peeling\/\",\"name\":\"Enzyme Peeling - Formaciones PhiAcademy - Phiseller Espa\u00f1a\",\"isPartOf\":{\"@id\":\"https:\/\/nereumatias.com\/#website\"},\"primaryImageOfPage\":{\"@id\":\"https:\/\/nereumatias.com\/producto\/enzyme-peeling\/#primaryimage\"},\"image\":{\"@id\":\"https:\/\/nereumatias.com\/producto\/enzyme-peeling\/#primaryimage\"},\"thumbnailUrl\":\"https:\/\/nereumatias.com\/wp-content\/uploads\/2022\/12\/Enzyme-Peeling.jpg\",\"datePublished\":\"2021-07-08T03:41:28+00:00\",\"dateModified\":\"2023-01-02T13:08:34+00:00\",\"breadcrumb\":{\"@id\":\"https:\/\/nereumatias.com\/producto\/enzyme-peeling\/#breadcrumb\"},\"inLanguage\":\"pt-BR\",\"potentialAction\":[{\"@type\":\"ReadAction\",\"target\":[\"https:\/\/nereumatias.com\/producto\/enzyme-peeling\/\"]}]},{\"@type\":\"ImageObject\",\"inLanguage\":\"pt-BR\",\"@id\":\"https:\/\/nereumatias.com\/producto\/enzyme-peeling\/#primaryimage\",\"url\":\"https:\/\/nereumatias.com\/wp-content\/uploads\/2022\/12\/Enzyme-Peeling.jpg\",\"contentUrl\":\"https:\/\/nereumatias.com\/wp-content\/uploads\/2022\/12\/Enzyme-Peeling.jpg\",\"width\":600,\"height\":800},{\"@type\":\"BreadcrumbList\",\"@id\":\"https:\/\/nereumatias.com\/producto\/enzyme-peeling\/#breadcrumb\",\"itemListElement\":[{\"@type\":\"ListItem\",\"position\":1,\"name\":\"Home\",\"item\":\"https:\/\/nereumatias.com\/\"},{\"@type\":\"ListItem\",\"position\":2,\"name\":\"Tienda\",\"item\":\"https:\/\/nereumatias.com\/tienda-online\/\"},{\"@type\":\"ListItem\",\"position\":3,\"name\":\"Enzyme Peeling\"}]},{\"@type\":\"WebSite\",\"@id\":\"https:\/\/nereumatias.com\/#website\",\"url\":\"https:\/\/nereumatias.com\/\",\"name\":\"Formaciones PhiAcademy - Phiseller Espa\u00f1a\",\"description\":\"PhiAcademy\",\"publisher\":{\"@id\":\"https:\/\/nereumatias.com\/#organization\"},\"potentialAction\":[{\"@type\":\"SearchAction\",\"target\":{\"@type\":\"EntryPoint\",\"urlTemplate\":\"https:\/\/nereumatias.com\/?s={search_term_string}\"},\"query-input\":{\"@type\":\"PropertyValueSpecification\",\"valueRequired\":true,\"valueName\":\"search_term_string\"}}],\"inLanguage\":\"pt-BR\"},{\"@type\":\"Organization\",\"@id\":\"https:\/\/nereumatias.com\/#organization\",\"name\":\"Formaciones PhiAcademy - Phiseller Espa\u00f1a\",\"url\":\"https:\/\/nereumatias.com\/\",\"logo\":{\"@type\":\"ImageObject\",\"inLanguage\":\"pt-BR\",\"@id\":\"https:\/\/nereumatias.com\/#\/schema\/logo\/image\/\",\"url\":\"https:\/\/nereumatias.com\/wp-content\/uploads\/2022\/09\/logo-phiseller-negro-150.png\",\"contentUrl\":\"https:\/\/nereumatias.com\/wp-content\/uploads\/2022\/09\/logo-phiseller-negro-150.png\",\"width\":375,\"height\":150,\"caption\":\"Formaciones PhiAcademy - Phiseller Espa\u00f1a\"},\"image\":{\"@id\":\"https:\/\/nereumatias.com\/#\/schema\/logo\/image\/\"},\"sameAs\":[\"https:\/\/www.facebook.com\/nereumatias\"]}]}<\/script>\n<!-- \/ Yoast SEO plugin. -->","yoast_head_json":{"title":"Enzyme Peeling - Formaciones PhiAcademy - Phiseller Espa\u00f1a","robots":{"index":"index","follow":"follow","max-snippet":"max-snippet:-1","max-image-preview":"max-image-preview:large","max-video-preview":"max-video-preview:-1"},"canonical":"https:\/\/nereumatias.com\/pt\/produto\/enzyme-peeling\/","og_locale":"pt_BR","og_type":"article","og_title":"Enzyme Peeling - Formaciones PhiAcademy - Phiseller Espa\u00f1a","og_description":"Enzyme Peeling es una f\u00f3rmula de consistencia de gel utilizada para pelar la piel. Contiene una combinaci\u00f3n especial de enzimas que eliminan suavemente las c\u00e9lulas muertas y suavizan la superficie de la piel. Adem\u00e1s de eso, ayuda a estimular el proceso de renovaci\u00f3n celular y apoya la hidrataci\u00f3n de la piel con el resultado de una apariencia m\u00e1s brillante y joven de la piel.  Este producto est\u00e1 desarrollado para pelar la piel durante el tratamiento con Phinoderm.  El producto debe aplicarse en una peque\u00f1a cantidad en la cara y dejarse durante 10 minutos. Despu\u00e9s de eso, debe retirarse con un algod\u00f3n empapado en agua.","og_url":"https:\/\/nereumatias.com\/pt\/produto\/enzyme-peeling\/","og_site_name":"Formaciones PhiAcademy - Phiseller Espa\u00f1a","article_publisher":"https:\/\/www.facebook.com\/nereumatias","article_modified_time":"2023-01-02T13:08:34+00:00","og_image":[{"width":600,"height":800,"url":"https:\/\/nereumatias.com\/wp-content\/uploads\/2022\/12\/Enzyme-Peeling.jpg","type":"image\/jpeg"}],"twitter_card":"summary_large_image","schema":{"@context":"https:\/\/schema.org","@graph":[{"@type":"WebPage","@id":"https:\/\/nereumatias.com\/producto\/enzyme-peeling\/","url":"https:\/\/nereumatias.com\/producto\/enzyme-peeling\/","name":"Enzyme Peeling - Formaciones PhiAcademy - Phiseller Espa\u00f1a","isPartOf":{"@id":"https:\/\/nereumatias.com\/#website"},"primaryImageOfPage":{"@id":"https:\/\/nereumatias.com\/producto\/enzyme-peeling\/#primaryimage"},"image":{"@id":"https:\/\/nereumatias.com\/producto\/enzyme-peeling\/#primaryimage"},"thumbnailUrl":"https:\/\/nereumatias.com\/wp-content\/uploads\/2022\/12\/Enzyme-Peeling.jpg","datePublished":"2021-07-08T03:41:28+00:00","dateModified":"2023-01-02T13:08:34+00:00","breadcrumb":{"@id":"https:\/\/nereumatias.com\/producto\/enzyme-peeling\/#breadcrumb"},"inLanguage":"pt-BR","potentialAction":[{"@type":"ReadAction","target":["https:\/\/nereumatias.com\/producto\/enzyme-peeling\/"]}]},{"@type":"ImageObject","inLanguage":"pt-BR","@id":"https:\/\/nereumatias.com\/producto\/enzyme-peeling\/#primaryimage","url":"https:\/\/nereumatias.com\/wp-content\/uploads\/2022\/12\/Enzyme-Peeling.jpg","contentUrl":"https:\/\/nereumatias.com\/wp-content\/uploads\/2022\/12\/Enzyme-Peeling.jpg","width":600,"height":800},{"@type":"BreadcrumbList","@id":"https:\/\/nereumatias.com\/producto\/enzyme-peeling\/#breadcrumb","itemListElement":[{"@type":"ListItem","position":1,"name":"Home","item":"https:\/\/nereumatias.com\/"},{"@type":"ListItem","position":2,"name":"Tienda","item":"https:\/\/nereumatias.com\/tienda-online\/"},{"@type":"ListItem","position":3,"name":"Enzyme Peeling"}]},{"@type":"WebSite","@id":"https:\/\/nereumatias.com\/#website","url":"https:\/\/nereumatias.com\/","name":"Formaciones PhiAcademy - Phiseller Espa\u00f1a","description":"PhiAcademy","publisher":{"@id":"https:\/\/nereumatias.com\/#organization"},"potentialAction":[{"@type":"SearchAction","target":{"@type":"EntryPoint","urlTemplate":"https:\/\/nereumatias.com\/?s={search_term_string}"},"query-input":{"@type":"PropertyValueSpecification","valueRequired":true,"valueName":"search_term_string"}}],"inLanguage":"pt-BR"},{"@type":"Organization","@id":"https:\/\/nereumatias.com\/#organization","name":"Formaciones PhiAcademy - Phiseller Espa\u00f1a","url":"https:\/\/nereumatias.com\/","logo":{"@type":"ImageObject","inLanguage":"pt-BR","@id":"https:\/\/nereumatias.com\/#\/schema\/logo\/image\/","url":"https:\/\/nereumatias.com\/wp-content\/uploads\/2022\/09\/logo-phiseller-negro-150.png","contentUrl":"https:\/\/nereumatias.com\/wp-content\/uploads\/2022\/09\/logo-phiseller-negro-150.png","width":375,"height":150,"caption":"Formaciones PhiAcademy - Phiseller Espa\u00f1a"},"image":{"@id":"https:\/\/nereumatias.com\/#\/schema\/logo\/image\/"},"sameAs":["https:\/\/www.facebook.com\/nereumatias"]}]}},"_links":{"self":[{"href":"https:\/\/nereumatias.com\/pt\/wp-json\/wp\/v2\/product\/41922","targetHints":{"allow":["GET"]}}],"collection":[{"href":"https:\/\/nereumatias.com\/pt\/wp-json\/wp\/v2\/product"}],"about":[{"href":"https:\/\/nereumatias.com\/pt\/wp-json\/wp\/v2\/types\/product"}],"replies":[{"embeddable":true,"href":"https:\/\/nereumatias.com\/pt\/wp-json\/wp\/v2\/comments?post=41922"}],"version-history":[{"count":1,"href":"https:\/\/nereumatias.com\/pt\/wp-json\/wp\/v2\/product\/41922\/revisions"}],"predecessor-version":[{"id":41923,"href":"https:\/\/nereumatias.com\/pt\/wp-json\/wp\/v2\/product\/41922\/revisions\/41923"}],"wp:featuredmedia":[{"embeddable":true,"href":"https:\/\/nereumatias.com\/pt\/wp-json\/wp\/v2\/media\/43534"}],"wp:attachment":[{"href":"https:\/\/nereumatias.com\/pt\/wp-json\/wp\/v2\/media?parent=41922"}],"wp:term":[{"taxonomy":"product_brand","embeddable":true,"href":"https:\/\/nereumatias.com\/pt\/wp-json\/wp\/v2\/product_brand?post=41922"},{"taxonomy":"product_cat","embeddable":true,"href":"https:\/\/nereumatias.com\/pt\/wp-json\/wp\/v2\/product_cat?post=41922"},{"taxonomy":"product_tag","embeddable":true,"href":"https:\/\/nereumatias.com\/pt\/wp-json\/wp\/v2\/product_tag?post=41922"}],"curies":[{"name":"wp","href":"https:\/\/api.w.org\/{rel}","templated":true}]}}