{"id":41920,"date":"2021-07-08T05:41:28","date_gmt":"2021-07-08T03:41:28","guid":{"rendered":"https:\/\/nereumatias.phiseller.com\/?post_type=product&#038;p=41920"},"modified":"2023-06-23T11:14:29","modified_gmt":"2023-06-23T09:14:29","slug":"phifusion-micellar-tonic-250ml","status":"publish","type":"product","link":"https:\/\/nereumatias.com\/pt\/produto\/phifusion-micellar-tonic-250ml\/","title":{"rendered":"PhiFusion T\u00f4nico Micelar 250 ml"},"content":{"rendered":"<p>Uma solu\u00e7\u00e3o de limpeza suave da pele formulada com micelas min\u00fasculas que atraem a sujeira, o \u00f3leo e as impurezas sem romper a barreira natural da pele.<\/p>\n<p>Uma f\u00f3rmula sens\u00edvel sem ingredientes agressivos, adequada para peles problem\u00e1ticas. Remove a maquiagem, as bact\u00e9rias e o suor e deixa a pele equilibrada e nutrida sem deixar uma pel\u00edcula espessa. Prepara a pele para outras etapas de cuidados com a pele e proporciona uma absor\u00e7\u00e3o mais profunda de seus produtos, devido \u00e0s ess\u00eancias naturais suaves com efeito hidratante.<\/p>","protected":false},"excerpt":{"rendered":"<p>Uma solu\u00e7\u00e3o de limpeza suave da pele formulada com micelas min\u00fasculas que atraem a sujeira, o \u00f3leo e as impurezas sem romper a barreira natural da pele.<\/p>\n<p>Uma f\u00f3rmula sens\u00edvel sem ingredientes agressivos, adequada para peles problem\u00e1ticas. Remove a maquiagem, as bact\u00e9rias e o suor e deixa a pele equilibrada e nutrida sem deixar uma pel\u00edcula espessa. Prepara a pele para outras etapas de cuidados com a pele e proporciona uma absor\u00e7\u00e3o mais profunda de seus produtos, devido \u00e0s ess\u00eancias naturais suaves com efeito hidratante.<\/p>","protected":false},"featured_media":43532,"comment_status":"open","ping_status":"closed","template":"","meta":{"_acf_changed":false,"_joinchat":[]},"product_brand":[],"product_cat":[51,48],"product_tag":[],"class_list":{"0":"post-41920","1":"product","2":"type-product","3":"status-publish","4":"has-post-thumbnail","6":"product_cat-gels-creams","7":"product_cat-philings","9":"first","10":"outofstock","11":"taxable","12":"shipping-taxable","13":"purchasable","14":"product-type-simple"},"supplier_id":null,"supplier_sku":"","barcode":null,"atum_controlled":true,"out_stock_date":"2023-06-23 09:14:29","out_stock_threshold":null,"inheritable":false,"inbound_stock":null,"stock_on_hold":0,"sold_today":0,"sales_last_days":0,"reserved_stock":null,"customer_returns":null,"warehouse_damage":null,"lost_in_post":null,"other_logs":null,"out_stock_days":1027,"lost_sales":0,"has_location":null,"update_date":"2026-04-15T10:16:13","atum_locations":[],"atum_stock_status":"outofstock","restock_status":false,"low_stock_amount":0,"sales_update_date":"2026-04-15T10:16:13","calc_backorders":null,"acf":[],"yoast_head":"<!-- This site is optimized with the Yoast SEO plugin v24.8 - https:\/\/yoast.com\/wordpress\/plugins\/seo\/ -->\n<title>PhiFusion Micellar Tonic 250ml - Formaciones PhiAcademy - Phiseller Espa\u00f1a<\/title>\n<meta name=\"robots\" content=\"index, follow, max-snippet:-1, max-image-preview:large, max-video-preview:-1\" \/>\n<link rel=\"canonical\" href=\"https:\/\/nereumatias.com\/pt\/produto\/phifusion-micellar-tonic-250ml\/\" \/>\n<meta property=\"og:locale\" content=\"pt_BR\" \/>\n<meta property=\"og:type\" content=\"article\" \/>\n<meta property=\"og:title\" content=\"PhiFusion Micellar Tonic 250ml - Formaciones PhiAcademy - Phiseller Espa\u00f1a\" \/>\n<meta property=\"og:description\" content=\"Una soluci\u00f3n limpiadora suave para la piel, formulada con peque\u00f1as micelas capaces de atraer suciedad, aceite e impurezas, sin alterar la barrera natural de la piel.  Una f\u00f3rmula sensible sin ingredientes agresivos, adecuada para pieles problem\u00e1ticas. Elimina el maquillaje, las bacterias y el sudor y deja la piel equilibrada y nutrida sin una pel\u00edcula gruesa. Prepara la piel para otros pasos de cuidado de la piel y proporciona una absorci\u00f3n m\u00e1s profunda de sus productos, debido a las suaves esencias naturales con efecto hidratante.\" \/>\n<meta property=\"og:url\" content=\"https:\/\/nereumatias.com\/pt\/produto\/phifusion-micellar-tonic-250ml\/\" \/>\n<meta property=\"og:site_name\" content=\"Formaciones PhiAcademy - Phiseller Espa\u00f1a\" \/>\n<meta property=\"article:publisher\" content=\"https:\/\/www.facebook.com\/nereumatias\" \/>\n<meta property=\"article:modified_time\" content=\"2023-06-23T09:14:29+00:00\" \/>\n<meta property=\"og:image\" content=\"https:\/\/nereumatias.com\/wp-content\/uploads\/2022\/12\/PhiFusion-MicellarTonic001.jpg\" \/>\n\t<meta property=\"og:image:width\" content=\"600\" \/>\n\t<meta property=\"og:image:height\" content=\"800\" \/>\n\t<meta property=\"og:image:type\" content=\"image\/jpeg\" \/>\n<meta name=\"twitter:card\" content=\"summary_large_image\" \/>\n<script type=\"application\/ld+json\" class=\"yoast-schema-graph\">{\"@context\":\"https:\/\/schema.org\",\"@graph\":[{\"@type\":\"WebPage\",\"@id\":\"https:\/\/nereumatias.com\/producto\/phifusion-micellar-tonic-250ml\/\",\"url\":\"https:\/\/nereumatias.com\/producto\/phifusion-micellar-tonic-250ml\/\",\"name\":\"PhiFusion Micellar Tonic 250ml - Formaciones PhiAcademy - Phiseller Espa\u00f1a\",\"isPartOf\":{\"@id\":\"https:\/\/nereumatias.com\/#website\"},\"primaryImageOfPage\":{\"@id\":\"https:\/\/nereumatias.com\/producto\/phifusion-micellar-tonic-250ml\/#primaryimage\"},\"image\":{\"@id\":\"https:\/\/nereumatias.com\/producto\/phifusion-micellar-tonic-250ml\/#primaryimage\"},\"thumbnailUrl\":\"https:\/\/nereumatias.com\/wp-content\/uploads\/2022\/12\/PhiFusion-MicellarTonic001.jpg\",\"datePublished\":\"2021-07-08T03:41:28+00:00\",\"dateModified\":\"2023-06-23T09:14:29+00:00\",\"breadcrumb\":{\"@id\":\"https:\/\/nereumatias.com\/producto\/phifusion-micellar-tonic-250ml\/#breadcrumb\"},\"inLanguage\":\"pt-BR\",\"potentialAction\":[{\"@type\":\"ReadAction\",\"target\":[\"https:\/\/nereumatias.com\/producto\/phifusion-micellar-tonic-250ml\/\"]}]},{\"@type\":\"ImageObject\",\"inLanguage\":\"pt-BR\",\"@id\":\"https:\/\/nereumatias.com\/producto\/phifusion-micellar-tonic-250ml\/#primaryimage\",\"url\":\"https:\/\/nereumatias.com\/wp-content\/uploads\/2022\/12\/PhiFusion-MicellarTonic001.jpg\",\"contentUrl\":\"https:\/\/nereumatias.com\/wp-content\/uploads\/2022\/12\/PhiFusion-MicellarTonic001.jpg\",\"width\":600,\"height\":800},{\"@type\":\"BreadcrumbList\",\"@id\":\"https:\/\/nereumatias.com\/producto\/phifusion-micellar-tonic-250ml\/#breadcrumb\",\"itemListElement\":[{\"@type\":\"ListItem\",\"position\":1,\"name\":\"Home\",\"item\":\"https:\/\/nereumatias.com\/\"},{\"@type\":\"ListItem\",\"position\":2,\"name\":\"Tienda\",\"item\":\"https:\/\/nereumatias.com\/tienda-online\/\"},{\"@type\":\"ListItem\",\"position\":3,\"name\":\"PhiFusion Micellar Tonic 250ml\"}]},{\"@type\":\"WebSite\",\"@id\":\"https:\/\/nereumatias.com\/#website\",\"url\":\"https:\/\/nereumatias.com\/\",\"name\":\"Formaciones PhiAcademy - Phiseller Espa\u00f1a\",\"description\":\"PhiAcademy\",\"publisher\":{\"@id\":\"https:\/\/nereumatias.com\/#organization\"},\"potentialAction\":[{\"@type\":\"SearchAction\",\"target\":{\"@type\":\"EntryPoint\",\"urlTemplate\":\"https:\/\/nereumatias.com\/?s={search_term_string}\"},\"query-input\":{\"@type\":\"PropertyValueSpecification\",\"valueRequired\":true,\"valueName\":\"search_term_string\"}}],\"inLanguage\":\"pt-BR\"},{\"@type\":\"Organization\",\"@id\":\"https:\/\/nereumatias.com\/#organization\",\"name\":\"Formaciones PhiAcademy - Phiseller Espa\u00f1a\",\"url\":\"https:\/\/nereumatias.com\/\",\"logo\":{\"@type\":\"ImageObject\",\"inLanguage\":\"pt-BR\",\"@id\":\"https:\/\/nereumatias.com\/#\/schema\/logo\/image\/\",\"url\":\"https:\/\/nereumatias.com\/wp-content\/uploads\/2022\/09\/logo-phiseller-negro-150.png\",\"contentUrl\":\"https:\/\/nereumatias.com\/wp-content\/uploads\/2022\/09\/logo-phiseller-negro-150.png\",\"width\":375,\"height\":150,\"caption\":\"Formaciones PhiAcademy - Phiseller Espa\u00f1a\"},\"image\":{\"@id\":\"https:\/\/nereumatias.com\/#\/schema\/logo\/image\/\"},\"sameAs\":[\"https:\/\/www.facebook.com\/nereumatias\"]}]}<\/script>\n<!-- \/ Yoast SEO plugin. -->","yoast_head_json":{"title":"PhiFusion Micellar Tonic 250ml - Formaciones PhiAcademy - Phiseller Espa\u00f1a","robots":{"index":"index","follow":"follow","max-snippet":"max-snippet:-1","max-image-preview":"max-image-preview:large","max-video-preview":"max-video-preview:-1"},"canonical":"https:\/\/nereumatias.com\/pt\/produto\/phifusion-micellar-tonic-250ml\/","og_locale":"pt_BR","og_type":"article","og_title":"PhiFusion Micellar Tonic 250ml - Formaciones PhiAcademy - Phiseller Espa\u00f1a","og_description":"Una soluci\u00f3n limpiadora suave para la piel, formulada con peque\u00f1as micelas capaces de atraer suciedad, aceite e impurezas, sin alterar la barrera natural de la piel.  Una f\u00f3rmula sensible sin ingredientes agresivos, adecuada para pieles problem\u00e1ticas. Elimina el maquillaje, las bacterias y el sudor y deja la piel equilibrada y nutrida sin una pel\u00edcula gruesa. Prepara la piel para otros pasos de cuidado de la piel y proporciona una absorci\u00f3n m\u00e1s profunda de sus productos, debido a las suaves esencias naturales con efecto hidratante.","og_url":"https:\/\/nereumatias.com\/pt\/produto\/phifusion-micellar-tonic-250ml\/","og_site_name":"Formaciones PhiAcademy - Phiseller Espa\u00f1a","article_publisher":"https:\/\/www.facebook.com\/nereumatias","article_modified_time":"2023-06-23T09:14:29+00:00","og_image":[{"width":600,"height":800,"url":"https:\/\/nereumatias.com\/wp-content\/uploads\/2022\/12\/PhiFusion-MicellarTonic001.jpg","type":"image\/jpeg"}],"twitter_card":"summary_large_image","schema":{"@context":"https:\/\/schema.org","@graph":[{"@type":"WebPage","@id":"https:\/\/nereumatias.com\/producto\/phifusion-micellar-tonic-250ml\/","url":"https:\/\/nereumatias.com\/producto\/phifusion-micellar-tonic-250ml\/","name":"PhiFusion Micellar Tonic 250ml - Formaciones PhiAcademy - Phiseller Espa\u00f1a","isPartOf":{"@id":"https:\/\/nereumatias.com\/#website"},"primaryImageOfPage":{"@id":"https:\/\/nereumatias.com\/producto\/phifusion-micellar-tonic-250ml\/#primaryimage"},"image":{"@id":"https:\/\/nereumatias.com\/producto\/phifusion-micellar-tonic-250ml\/#primaryimage"},"thumbnailUrl":"https:\/\/nereumatias.com\/wp-content\/uploads\/2022\/12\/PhiFusion-MicellarTonic001.jpg","datePublished":"2021-07-08T03:41:28+00:00","dateModified":"2023-06-23T09:14:29+00:00","breadcrumb":{"@id":"https:\/\/nereumatias.com\/producto\/phifusion-micellar-tonic-250ml\/#breadcrumb"},"inLanguage":"pt-BR","potentialAction":[{"@type":"ReadAction","target":["https:\/\/nereumatias.com\/producto\/phifusion-micellar-tonic-250ml\/"]}]},{"@type":"ImageObject","inLanguage":"pt-BR","@id":"https:\/\/nereumatias.com\/producto\/phifusion-micellar-tonic-250ml\/#primaryimage","url":"https:\/\/nereumatias.com\/wp-content\/uploads\/2022\/12\/PhiFusion-MicellarTonic001.jpg","contentUrl":"https:\/\/nereumatias.com\/wp-content\/uploads\/2022\/12\/PhiFusion-MicellarTonic001.jpg","width":600,"height":800},{"@type":"BreadcrumbList","@id":"https:\/\/nereumatias.com\/producto\/phifusion-micellar-tonic-250ml\/#breadcrumb","itemListElement":[{"@type":"ListItem","position":1,"name":"Home","item":"https:\/\/nereumatias.com\/"},{"@type":"ListItem","position":2,"name":"Tienda","item":"https:\/\/nereumatias.com\/tienda-online\/"},{"@type":"ListItem","position":3,"name":"PhiFusion Micellar Tonic 250ml"}]},{"@type":"WebSite","@id":"https:\/\/nereumatias.com\/#website","url":"https:\/\/nereumatias.com\/","name":"Formaciones PhiAcademy - Phiseller Espa\u00f1a","description":"PhiAcademy","publisher":{"@id":"https:\/\/nereumatias.com\/#organization"},"potentialAction":[{"@type":"SearchAction","target":{"@type":"EntryPoint","urlTemplate":"https:\/\/nereumatias.com\/?s={search_term_string}"},"query-input":{"@type":"PropertyValueSpecification","valueRequired":true,"valueName":"search_term_string"}}],"inLanguage":"pt-BR"},{"@type":"Organization","@id":"https:\/\/nereumatias.com\/#organization","name":"Formaciones PhiAcademy - Phiseller Espa\u00f1a","url":"https:\/\/nereumatias.com\/","logo":{"@type":"ImageObject","inLanguage":"pt-BR","@id":"https:\/\/nereumatias.com\/#\/schema\/logo\/image\/","url":"https:\/\/nereumatias.com\/wp-content\/uploads\/2022\/09\/logo-phiseller-negro-150.png","contentUrl":"https:\/\/nereumatias.com\/wp-content\/uploads\/2022\/09\/logo-phiseller-negro-150.png","width":375,"height":150,"caption":"Formaciones PhiAcademy - Phiseller Espa\u00f1a"},"image":{"@id":"https:\/\/nereumatias.com\/#\/schema\/logo\/image\/"},"sameAs":["https:\/\/www.facebook.com\/nereumatias"]}]}},"_links":{"self":[{"href":"https:\/\/nereumatias.com\/pt\/wp-json\/wp\/v2\/product\/41920","targetHints":{"allow":["GET"]}}],"collection":[{"href":"https:\/\/nereumatias.com\/pt\/wp-json\/wp\/v2\/product"}],"about":[{"href":"https:\/\/nereumatias.com\/pt\/wp-json\/wp\/v2\/types\/product"}],"replies":[{"embeddable":true,"href":"https:\/\/nereumatias.com\/pt\/wp-json\/wp\/v2\/comments?post=41920"}],"version-history":[{"count":1,"href":"https:\/\/nereumatias.com\/pt\/wp-json\/wp\/v2\/product\/41920\/revisions"}],"predecessor-version":[{"id":41921,"href":"https:\/\/nereumatias.com\/pt\/wp-json\/wp\/v2\/product\/41920\/revisions\/41921"}],"wp:featuredmedia":[{"embeddable":true,"href":"https:\/\/nereumatias.com\/pt\/wp-json\/wp\/v2\/media\/43532"}],"wp:attachment":[{"href":"https:\/\/nereumatias.com\/pt\/wp-json\/wp\/v2\/media?parent=41920"}],"wp:term":[{"taxonomy":"product_brand","embeddable":true,"href":"https:\/\/nereumatias.com\/pt\/wp-json\/wp\/v2\/product_brand?post=41920"},{"taxonomy":"product_cat","embeddable":true,"href":"https:\/\/nereumatias.com\/pt\/wp-json\/wp\/v2\/product_cat?post=41920"},{"taxonomy":"product_tag","embeddable":true,"href":"https:\/\/nereumatias.com\/pt\/wp-json\/wp\/v2\/product_tag?post=41920"}],"curies":[{"name":"wp","href":"https:\/\/api.w.org\/{rel}","templated":true}]}}