{"id":41918,"date":"2021-07-08T05:41:28","date_gmt":"2021-07-08T03:41:28","guid":{"rendered":"https:\/\/nereumatias.phiseller.com\/?post_type=product&#038;p=41918"},"modified":"2023-06-23T11:14:18","modified_gmt":"2023-06-23T09:14:18","slug":"phi-body-microneedling-gel","status":"publish","type":"product","link":"https:\/\/nereumatias.com\/pt\/produto\/phi-body-microneedling-gel\/","title":{"rendered":"Phi Body Microneedling Gel"},"content":{"rendered":"<p>Gel especial para uso durante tratamentos de microagulhamento na pele das m\u00e3os, pesco\u00e7o e decote com efeitos vis\u00edveis de redu\u00e7\u00e3o de rugas. \u00c9 aplicado na pele dessas partes do corpo durante o tratamento com microagulhamento. A formula\u00e7\u00e3o com alto teor de \u00e1cido hialur\u00f4nico \u00e9 altamente eficiente no combate \u00e0s rugas, pois reduz as rugas existentes e evita a forma\u00e7\u00e3o de novas rugas. Devido \u00e0 sua estrutura espec\u00edfica, o \u00e1cido hialur\u00f4nico proporciona hidrata\u00e7\u00e3o intensa imediata e constante da pele. Sua capacidade de penetrar na pele e hidrat\u00e1-la, bem como suas propriedades altamente el\u00e1sticas, suavizam a pele, restauram sua elasticidade e, portanto, t\u00eam um excelente efeito antienvelhecimento. A solu\u00e7\u00e3o age muito rapidamente e, ap\u00f3s a primeira aplica\u00e7\u00e3o, a qualidade da pele das m\u00e3os, do pesco\u00e7o e do decote melhora visivelmente e a pele fica mais firme e el\u00e1stica. A base leve e de r\u00e1pida absor\u00e7\u00e3o cont\u00e9m extratos de ervas cuidadosamente selecionados.<\/p>\n<p>Os extratos de ginseng, manga, ch\u00e1 verde e ginkgo s\u00e3o ricos em vitaminas e minerais e atuam como antioxidantes naturais que protegem a pele dos efeitos nocivos dos radicais livres. Eles promovem a circula\u00e7\u00e3o e o metabolismo celular, melhoram a hidrata\u00e7\u00e3o e a nutri\u00e7\u00e3o da pele. Eles aceleram o processo de regenera\u00e7\u00e3o celular e ajudam a pele a parecer mais brilhante e saud\u00e1vel.<\/p>\n<p><strong>Use:<\/strong> Aplique o produto durante o tratamento na pele das m\u00e3os, do pesco\u00e7o e do decote.<\/p>\n<p><strong>Ingredientes:<\/strong> Aqua, extrato de raiz de Panax ginseng, extrato de fruta de Mangifera Indica (manga), hialuronato de s\u00f3dio, fenoxietanol, etilhexilglicerina, extrato de folha de Camellia Sinensis, extrato de folha de Ginkgo Biloba.<\/p>\n<p>Alto teor de \u00e1cido hialur\u00f4nico para tratamentos intensivos.<br \/>\nHidrata e amacia a pele instantaneamente.<br \/>\nAumenta o volume e a elasticidade da pele.<br \/>\nReduz as rugas existentes e evita a forma\u00e7\u00e3o de novas rugas.<\/p>\n<p><strong>Pa\u00eds de origem:<\/strong> S\u00e9rvia<\/p>","protected":false},"excerpt":{"rendered":"<p>Gel especial para uso durante tratamentos de microagulhamento na pele das m\u00e3os, pesco\u00e7o e decote com efeitos vis\u00edveis de redu\u00e7\u00e3o de rugas. \u00c9 aplicado na pele dessas partes do corpo durante o tratamento com microagulhamento. A formula\u00e7\u00e3o com alto teor de \u00e1cido hialur\u00f4nico \u00e9 altamente eficiente no combate \u00e0s rugas, pois reduz as rugas existentes e evita a forma\u00e7\u00e3o de novas rugas. Devido \u00e0 sua estrutura espec\u00edfica, o \u00e1cido hialur\u00f4nico proporciona hidrata\u00e7\u00e3o intensa imediata e constante da pele. Sua capacidade de penetrar na pele e hidrat\u00e1-la, bem como suas propriedades altamente el\u00e1sticas, suavizam a pele, restauram sua elasticidade e, portanto, t\u00eam um excelente efeito antienvelhecimento. A solu\u00e7\u00e3o age muito rapidamente e, ap\u00f3s a primeira aplica\u00e7\u00e3o, a qualidade da pele das m\u00e3os, do pesco\u00e7o e do decote melhora visivelmente e a pele fica mais firme e el\u00e1stica. A base leve e de r\u00e1pida absor\u00e7\u00e3o cont\u00e9m extratos de ervas cuidadosamente selecionados.<\/p>\n<p>Os extratos de ginseng, manga, ch\u00e1 verde e ginkgo s\u00e3o ricos em vitaminas e minerais e atuam como antioxidantes naturais que protegem a pele dos efeitos nocivos dos radicais livres. Eles promovem a circula\u00e7\u00e3o e o metabolismo celular, melhoram a hidrata\u00e7\u00e3o e a nutri\u00e7\u00e3o da pele. Eles aceleram o processo de regenera\u00e7\u00e3o celular e ajudam a pele a parecer mais brilhante e saud\u00e1vel.<\/p>\n<p><strong>Use:<\/strong> Aplique o produto durante o tratamento na pele das m\u00e3os, do pesco\u00e7o e do decote.<\/p>\n<p><strong>Ingredientes:<\/strong> Aqua, extrato de raiz de Panax ginseng, extrato de fruta de Mangifera Indica (manga), hialuronato de s\u00f3dio, fenoxietanol, etilhexilglicerina, extrato de folha de Camellia Sinensis, extrato de folha de Ginkgo Biloba.<\/p>\n<p>Alto teor de \u00e1cido hialur\u00f4nico para tratamentos intensivos.<br \/>\nHidrata e amacia a pele instantaneamente.<br \/>\nAumenta o volume e a elasticidade da pele.<br \/>\nReduz as rugas existentes e evita a forma\u00e7\u00e3o de novas rugas.<\/p>\n<p><strong>Pa\u00eds de origem:<\/strong> S\u00e9rvia<\/p>","protected":false},"featured_media":43531,"comment_status":"open","ping_status":"closed","template":"","meta":{"_acf_changed":false,"_joinchat":[]},"product_brand":[],"product_cat":[51,48],"product_tag":[],"class_list":{"0":"post-41918","1":"product","2":"type-product","3":"status-publish","4":"has-post-thumbnail","6":"product_cat-gels-creams","7":"product_cat-philings","9":"first","10":"instock","11":"taxable","12":"shipping-taxable","13":"purchasable","14":"product-type-simple"},"supplier_id":null,"supplier_sku":"","barcode":null,"atum_controlled":true,"out_stock_date":null,"out_stock_threshold":null,"inheritable":false,"inbound_stock":null,"stock_on_hold":0,"sold_today":0,"sales_last_days":0,"reserved_stock":null,"customer_returns":null,"warehouse_damage":null,"lost_in_post":null,"other_logs":null,"out_stock_days":0,"lost_sales":0,"has_location":null,"update_date":"2026-05-13T13:16:18","atum_locations":[],"atum_stock_status":"instock","restock_status":false,"low_stock_amount":0,"sales_update_date":"2026-05-13T13:16:18","calc_backorders":null,"acf":[],"yoast_head":"<!-- This site is optimized with the Yoast SEO plugin v24.8 - https:\/\/yoast.com\/wordpress\/plugins\/seo\/ -->\n<title>Phi Body Microneedling Gel - Formaciones PhiAcademy - Phiseller Espa\u00f1a<\/title>\n<meta name=\"robots\" content=\"index, follow, max-snippet:-1, max-image-preview:large, max-video-preview:-1\" \/>\n<link rel=\"canonical\" href=\"https:\/\/nereumatias.com\/pt\/produto\/phi-body-microneedling-gel\/\" \/>\n<meta property=\"og:locale\" content=\"pt_BR\" \/>\n<meta property=\"og:type\" content=\"article\" \/>\n<meta property=\"og:title\" content=\"Phi Body Microneedling Gel - Formaciones PhiAcademy - Phiseller Espa\u00f1a\" \/>\n<meta property=\"og:description\" content=\"Gel especial destinado a su uso durante tratamientos de microagujas en la piel de manos, cuello y escote con efectos visibles de reducci\u00f3n de arrugas. Se aplica a la piel de estas partes del cuerpo durante el tratamiento con microagujas. La formulaci\u00f3n con alto contenido de \u00e1cido hialur\u00f3nico es altamente eficiente en la lucha contra las arrugas, ya que reduce las existentes y evita la formaci\u00f3n de nuevas arrugas. Debido a su estructura espec\u00edfica, el \u00e1cido hialur\u00f3nico proporciona una hidrataci\u00f3n intensa inmediata y constante de la piel. Su capacidad para penetrar la piel e hidratarla, as\u00ed como sus propiedades altamente el\u00e1sticas, suavizan la piel, restauran su elasticidad y, por lo tanto, tienen un excelente efecto antienvejecimiento. La soluci\u00f3n act\u00faa muy r\u00e1pido y despu\u00e9s de la primera aplicaci\u00f3n, la calidad de la piel de las manos, el cuello y el escote mejora visiblemente y la piel se vuelve m\u00e1s firme y m\u00e1s el\u00e1stica. La base ligera y de r\u00e1pida absorci\u00f3n contiene extractos de hierbas cuidadosamente seleccionados.  Los extractos de ginseng, mango, t\u00e9 verde y ginkgo son ricos en vitaminas y minerales y act\u00faan como antioxidantes naturales que protegen la piel de los efectos nocivos de los radicales libres. Promueven la circulaci\u00f3n y el metabolismo celular, mejoran la hidrataci\u00f3n y la nutrici\u00f3n de la piel. Aceleran el proceso de regeneraci\u00f3n celular y ayudan a que la piel se vea m\u00e1s brillante y saludable.  Uso: Aplicar el producto durante el tratamiento sobre la piel de manos, cuello y escote.  Ingredientes: Aqua, extracto de ra\u00edz de ginseng Panax, extracto de fruta Mangifera Indica (mango), hialuronato de sodio, fenoxietanol, etilhexilglicerina, extracto de hoja de Camellia Sinensis, extracto de hoja de Ginkgo Biloba.  Alto contenido de \u00e1cido hialur\u00f3nico para tratamientos intensos. Hidrata y suaviza instant\u00e1neamente la piel. Aumenta el volumen y la elasticidad de la piel. Reduce las arrugas existentes y evita la formaci\u00f3n de nuevas.  Pa\u00eds de origen: Serbia\" \/>\n<meta property=\"og:url\" content=\"https:\/\/nereumatias.com\/pt\/produto\/phi-body-microneedling-gel\/\" \/>\n<meta property=\"og:site_name\" content=\"Formaciones PhiAcademy - Phiseller Espa\u00f1a\" \/>\n<meta property=\"article:publisher\" content=\"https:\/\/www.facebook.com\/nereumatias\" \/>\n<meta property=\"article:modified_time\" content=\"2023-06-23T09:14:18+00:00\" \/>\n<meta property=\"og:image\" content=\"https:\/\/nereumatias.com\/wp-content\/uploads\/2022\/12\/Phi-Body-Microneedling-Gel.jpg\" \/>\n\t<meta property=\"og:image:width\" content=\"600\" \/>\n\t<meta property=\"og:image:height\" content=\"800\" \/>\n\t<meta property=\"og:image:type\" content=\"image\/jpeg\" \/>\n<meta name=\"twitter:card\" content=\"summary_large_image\" \/>\n<script type=\"application\/ld+json\" class=\"yoast-schema-graph\">{\"@context\":\"https:\/\/schema.org\",\"@graph\":[{\"@type\":\"WebPage\",\"@id\":\"https:\/\/nereumatias.com\/producto\/phi-body-microneedling-gel\/\",\"url\":\"https:\/\/nereumatias.com\/producto\/phi-body-microneedling-gel\/\",\"name\":\"Phi Body Microneedling Gel - Formaciones PhiAcademy - Phiseller Espa\u00f1a\",\"isPartOf\":{\"@id\":\"https:\/\/nereumatias.com\/#website\"},\"primaryImageOfPage\":{\"@id\":\"https:\/\/nereumatias.com\/producto\/phi-body-microneedling-gel\/#primaryimage\"},\"image\":{\"@id\":\"https:\/\/nereumatias.com\/producto\/phi-body-microneedling-gel\/#primaryimage\"},\"thumbnailUrl\":\"https:\/\/nereumatias.com\/wp-content\/uploads\/2022\/12\/Phi-Body-Microneedling-Gel.jpg\",\"datePublished\":\"2021-07-08T03:41:28+00:00\",\"dateModified\":\"2023-06-23T09:14:18+00:00\",\"breadcrumb\":{\"@id\":\"https:\/\/nereumatias.com\/producto\/phi-body-microneedling-gel\/#breadcrumb\"},\"inLanguage\":\"pt-BR\",\"potentialAction\":[{\"@type\":\"ReadAction\",\"target\":[\"https:\/\/nereumatias.com\/producto\/phi-body-microneedling-gel\/\"]}]},{\"@type\":\"ImageObject\",\"inLanguage\":\"pt-BR\",\"@id\":\"https:\/\/nereumatias.com\/producto\/phi-body-microneedling-gel\/#primaryimage\",\"url\":\"https:\/\/nereumatias.com\/wp-content\/uploads\/2022\/12\/Phi-Body-Microneedling-Gel.jpg\",\"contentUrl\":\"https:\/\/nereumatias.com\/wp-content\/uploads\/2022\/12\/Phi-Body-Microneedling-Gel.jpg\",\"width\":600,\"height\":800},{\"@type\":\"BreadcrumbList\",\"@id\":\"https:\/\/nereumatias.com\/producto\/phi-body-microneedling-gel\/#breadcrumb\",\"itemListElement\":[{\"@type\":\"ListItem\",\"position\":1,\"name\":\"Home\",\"item\":\"https:\/\/nereumatias.com\/\"},{\"@type\":\"ListItem\",\"position\":2,\"name\":\"Tienda\",\"item\":\"https:\/\/nereumatias.com\/tienda-online\/\"},{\"@type\":\"ListItem\",\"position\":3,\"name\":\"Phi Body Microneedling Gel\"}]},{\"@type\":\"WebSite\",\"@id\":\"https:\/\/nereumatias.com\/#website\",\"url\":\"https:\/\/nereumatias.com\/\",\"name\":\"Formaciones PhiAcademy - Phiseller Espa\u00f1a\",\"description\":\"PhiAcademy\",\"publisher\":{\"@id\":\"https:\/\/nereumatias.com\/#organization\"},\"potentialAction\":[{\"@type\":\"SearchAction\",\"target\":{\"@type\":\"EntryPoint\",\"urlTemplate\":\"https:\/\/nereumatias.com\/?s={search_term_string}\"},\"query-input\":{\"@type\":\"PropertyValueSpecification\",\"valueRequired\":true,\"valueName\":\"search_term_string\"}}],\"inLanguage\":\"pt-BR\"},{\"@type\":\"Organization\",\"@id\":\"https:\/\/nereumatias.com\/#organization\",\"name\":\"Formaciones PhiAcademy - Phiseller Espa\u00f1a\",\"url\":\"https:\/\/nereumatias.com\/\",\"logo\":{\"@type\":\"ImageObject\",\"inLanguage\":\"pt-BR\",\"@id\":\"https:\/\/nereumatias.com\/#\/schema\/logo\/image\/\",\"url\":\"https:\/\/nereumatias.com\/wp-content\/uploads\/2022\/09\/logo-phiseller-negro-150.png\",\"contentUrl\":\"https:\/\/nereumatias.com\/wp-content\/uploads\/2022\/09\/logo-phiseller-negro-150.png\",\"width\":375,\"height\":150,\"caption\":\"Formaciones PhiAcademy - Phiseller Espa\u00f1a\"},\"image\":{\"@id\":\"https:\/\/nereumatias.com\/#\/schema\/logo\/image\/\"},\"sameAs\":[\"https:\/\/www.facebook.com\/nereumatias\"]}]}<\/script>\n<!-- \/ Yoast SEO plugin. -->","yoast_head_json":{"title":"Phi Body Microneedling Gel - Formaciones PhiAcademy - Phiseller Espa\u00f1a","robots":{"index":"index","follow":"follow","max-snippet":"max-snippet:-1","max-image-preview":"max-image-preview:large","max-video-preview":"max-video-preview:-1"},"canonical":"https:\/\/nereumatias.com\/pt\/produto\/phi-body-microneedling-gel\/","og_locale":"pt_BR","og_type":"article","og_title":"Phi Body Microneedling Gel - Formaciones PhiAcademy - Phiseller Espa\u00f1a","og_description":"Gel especial destinado a su uso durante tratamientos de microagujas en la piel de manos, cuello y escote con efectos visibles de reducci\u00f3n de arrugas. Se aplica a la piel de estas partes del cuerpo durante el tratamiento con microagujas. La formulaci\u00f3n con alto contenido de \u00e1cido hialur\u00f3nico es altamente eficiente en la lucha contra las arrugas, ya que reduce las existentes y evita la formaci\u00f3n de nuevas arrugas. Debido a su estructura espec\u00edfica, el \u00e1cido hialur\u00f3nico proporciona una hidrataci\u00f3n intensa inmediata y constante de la piel. Su capacidad para penetrar la piel e hidratarla, as\u00ed como sus propiedades altamente el\u00e1sticas, suavizan la piel, restauran su elasticidad y, por lo tanto, tienen un excelente efecto antienvejecimiento. La soluci\u00f3n act\u00faa muy r\u00e1pido y despu\u00e9s de la primera aplicaci\u00f3n, la calidad de la piel de las manos, el cuello y el escote mejora visiblemente y la piel se vuelve m\u00e1s firme y m\u00e1s el\u00e1stica. La base ligera y de r\u00e1pida absorci\u00f3n contiene extractos de hierbas cuidadosamente seleccionados.  Los extractos de ginseng, mango, t\u00e9 verde y ginkgo son ricos en vitaminas y minerales y act\u00faan como antioxidantes naturales que protegen la piel de los efectos nocivos de los radicales libres. Promueven la circulaci\u00f3n y el metabolismo celular, mejoran la hidrataci\u00f3n y la nutrici\u00f3n de la piel. Aceleran el proceso de regeneraci\u00f3n celular y ayudan a que la piel se vea m\u00e1s brillante y saludable.  Uso: Aplicar el producto durante el tratamiento sobre la piel de manos, cuello y escote.  Ingredientes: Aqua, extracto de ra\u00edz de ginseng Panax, extracto de fruta Mangifera Indica (mango), hialuronato de sodio, fenoxietanol, etilhexilglicerina, extracto de hoja de Camellia Sinensis, extracto de hoja de Ginkgo Biloba.  Alto contenido de \u00e1cido hialur\u00f3nico para tratamientos intensos. Hidrata y suaviza instant\u00e1neamente la piel. Aumenta el volumen y la elasticidad de la piel. Reduce las arrugas existentes y evita la formaci\u00f3n de nuevas.  Pa\u00eds de origen: Serbia","og_url":"https:\/\/nereumatias.com\/pt\/produto\/phi-body-microneedling-gel\/","og_site_name":"Formaciones PhiAcademy - Phiseller Espa\u00f1a","article_publisher":"https:\/\/www.facebook.com\/nereumatias","article_modified_time":"2023-06-23T09:14:18+00:00","og_image":[{"width":600,"height":800,"url":"https:\/\/nereumatias.com\/wp-content\/uploads\/2022\/12\/Phi-Body-Microneedling-Gel.jpg","type":"image\/jpeg"}],"twitter_card":"summary_large_image","schema":{"@context":"https:\/\/schema.org","@graph":[{"@type":"WebPage","@id":"https:\/\/nereumatias.com\/producto\/phi-body-microneedling-gel\/","url":"https:\/\/nereumatias.com\/producto\/phi-body-microneedling-gel\/","name":"Phi Body Microneedling Gel - Formaciones PhiAcademy - Phiseller Espa\u00f1a","isPartOf":{"@id":"https:\/\/nereumatias.com\/#website"},"primaryImageOfPage":{"@id":"https:\/\/nereumatias.com\/producto\/phi-body-microneedling-gel\/#primaryimage"},"image":{"@id":"https:\/\/nereumatias.com\/producto\/phi-body-microneedling-gel\/#primaryimage"},"thumbnailUrl":"https:\/\/nereumatias.com\/wp-content\/uploads\/2022\/12\/Phi-Body-Microneedling-Gel.jpg","datePublished":"2021-07-08T03:41:28+00:00","dateModified":"2023-06-23T09:14:18+00:00","breadcrumb":{"@id":"https:\/\/nereumatias.com\/producto\/phi-body-microneedling-gel\/#breadcrumb"},"inLanguage":"pt-BR","potentialAction":[{"@type":"ReadAction","target":["https:\/\/nereumatias.com\/producto\/phi-body-microneedling-gel\/"]}]},{"@type":"ImageObject","inLanguage":"pt-BR","@id":"https:\/\/nereumatias.com\/producto\/phi-body-microneedling-gel\/#primaryimage","url":"https:\/\/nereumatias.com\/wp-content\/uploads\/2022\/12\/Phi-Body-Microneedling-Gel.jpg","contentUrl":"https:\/\/nereumatias.com\/wp-content\/uploads\/2022\/12\/Phi-Body-Microneedling-Gel.jpg","width":600,"height":800},{"@type":"BreadcrumbList","@id":"https:\/\/nereumatias.com\/producto\/phi-body-microneedling-gel\/#breadcrumb","itemListElement":[{"@type":"ListItem","position":1,"name":"Home","item":"https:\/\/nereumatias.com\/"},{"@type":"ListItem","position":2,"name":"Tienda","item":"https:\/\/nereumatias.com\/tienda-online\/"},{"@type":"ListItem","position":3,"name":"Phi Body Microneedling Gel"}]},{"@type":"WebSite","@id":"https:\/\/nereumatias.com\/#website","url":"https:\/\/nereumatias.com\/","name":"Formaciones PhiAcademy - Phiseller Espa\u00f1a","description":"PhiAcademy","publisher":{"@id":"https:\/\/nereumatias.com\/#organization"},"potentialAction":[{"@type":"SearchAction","target":{"@type":"EntryPoint","urlTemplate":"https:\/\/nereumatias.com\/?s={search_term_string}"},"query-input":{"@type":"PropertyValueSpecification","valueRequired":true,"valueName":"search_term_string"}}],"inLanguage":"pt-BR"},{"@type":"Organization","@id":"https:\/\/nereumatias.com\/#organization","name":"Formaciones PhiAcademy - Phiseller Espa\u00f1a","url":"https:\/\/nereumatias.com\/","logo":{"@type":"ImageObject","inLanguage":"pt-BR","@id":"https:\/\/nereumatias.com\/#\/schema\/logo\/image\/","url":"https:\/\/nereumatias.com\/wp-content\/uploads\/2022\/09\/logo-phiseller-negro-150.png","contentUrl":"https:\/\/nereumatias.com\/wp-content\/uploads\/2022\/09\/logo-phiseller-negro-150.png","width":375,"height":150,"caption":"Formaciones PhiAcademy - Phiseller Espa\u00f1a"},"image":{"@id":"https:\/\/nereumatias.com\/#\/schema\/logo\/image\/"},"sameAs":["https:\/\/www.facebook.com\/nereumatias"]}]}},"_links":{"self":[{"href":"https:\/\/nereumatias.com\/pt\/wp-json\/wp\/v2\/product\/41918","targetHints":{"allow":["GET"]}}],"collection":[{"href":"https:\/\/nereumatias.com\/pt\/wp-json\/wp\/v2\/product"}],"about":[{"href":"https:\/\/nereumatias.com\/pt\/wp-json\/wp\/v2\/types\/product"}],"replies":[{"embeddable":true,"href":"https:\/\/nereumatias.com\/pt\/wp-json\/wp\/v2\/comments?post=41918"}],"version-history":[{"count":1,"href":"https:\/\/nereumatias.com\/pt\/wp-json\/wp\/v2\/product\/41918\/revisions"}],"predecessor-version":[{"id":41919,"href":"https:\/\/nereumatias.com\/pt\/wp-json\/wp\/v2\/product\/41918\/revisions\/41919"}],"wp:featuredmedia":[{"embeddable":true,"href":"https:\/\/nereumatias.com\/pt\/wp-json\/wp\/v2\/media\/43531"}],"wp:attachment":[{"href":"https:\/\/nereumatias.com\/pt\/wp-json\/wp\/v2\/media?parent=41918"}],"wp:term":[{"taxonomy":"product_brand","embeddable":true,"href":"https:\/\/nereumatias.com\/pt\/wp-json\/wp\/v2\/product_brand?post=41918"},{"taxonomy":"product_cat","embeddable":true,"href":"https:\/\/nereumatias.com\/pt\/wp-json\/wp\/v2\/product_cat?post=41918"},{"taxonomy":"product_tag","embeddable":true,"href":"https:\/\/nereumatias.com\/pt\/wp-json\/wp\/v2\/product_tag?post=41918"}],"curies":[{"name":"wp","href":"https:\/\/api.w.org\/{rel}","templated":true}]}}