{"id":41892,"date":"2021-07-08T05:41:27","date_gmt":"2021-07-08T03:41:27","guid":{"rendered":"https:\/\/nereumatias.phiseller.com\/?post_type=product&#038;p=41892"},"modified":"2022-12-26T13:53:01","modified_gmt":"2022-12-26T12:53:01","slug":"phi-ion-pro","status":"publish","type":"product","link":"https:\/\/nereumatias.com\/pt\/produto\/phi-ion-pro\/","title":{"rendered":"Phi-Ion PRO"},"content":{"rendered":"<p>O novo Phi-Ion Pro leva sua t\u00e9cnica a um n\u00edvel totalmente novo!<br \/>\n\u00c9 uma vers\u00e3o reprojetada e aprimorada do Phi-Ion, o que o torna uma ferramenta cosm\u00e9tica minimamente invasiva para a sublima\u00e7\u00e3o precisamente direcionada da camada superficial da pele. Ele se baseia na transmiss\u00e3o de uma quantidade controlada de energia pela ioniza\u00e7\u00e3o do ar atmosf\u00e9rico.<\/p>\n<p>O dispositivo \u00e9 adotado por tecnologia inteligente e a mais recente mecaniza\u00e7\u00e3o da fun\u00e7\u00e3o de emiss\u00e3o de \u00edons. Al\u00e9m disso, os melhores acionadores garantem uma opera\u00e7\u00e3o suave.<\/p>\n<p>Ele incorpora a mais recente tecnologia de alta carboniza\u00e7\u00e3o, o que lhe d\u00e1 a op\u00e7\u00e3o de tratar v\u00e1rios problemas de pele, como marcas na pele, manchas, pintas, verrugas e muito mais, enquanto os gatilhos de pena extremamente finos evitam o al\u00edvio da dor e les\u00f5es na pele.<\/p>\n<p>O PHI-ION PRO \u00e9 sem fio, robusto e dur\u00e1vel. Ele inclui v\u00e1rias novas engrenagens para diferentes n\u00edveis de intensidade de tratamento, adequadas para personalizar o tratamento de acordo com a preocupa\u00e7\u00e3o com a pele.<\/p>\n<p>Conte\u00fado do produto:<br \/>\n1x m\u00e1quina Phi-ION Pro<br \/>\n1x manchete<br \/>\n1x Cabo de carregamento<br \/>\n3x v\u00e1rios bits<br \/>\n10 eletrodos pequenos<br \/>\n10 eletrodos grandes<\/p>\n<p>*** OBSERVA\u00c7\u00c3O: N\u00e3o s\u00e3o permitidas entregas no Canad\u00e1 e nos EUA.<\/p>","protected":false},"excerpt":{"rendered":"<p>O novo Phi-Ion Pro leva sua t\u00e9cnica a um n\u00edvel totalmente novo!<br \/>\n\u00c9 uma vers\u00e3o reprojetada e aprimorada do Phi-Ion, o que o torna uma ferramenta cosm\u00e9tica minimamente invasiva para a sublima\u00e7\u00e3o precisamente direcionada da camada superficial da pele. Ele se baseia na transmiss\u00e3o de uma quantidade controlada de energia pela ioniza\u00e7\u00e3o do ar atmosf\u00e9rico.<\/p>\n<p>O dispositivo \u00e9 adotado por tecnologia inteligente e a mais recente mecaniza\u00e7\u00e3o da fun\u00e7\u00e3o de emiss\u00e3o de \u00edons. Al\u00e9m disso, os melhores acionadores garantem uma opera\u00e7\u00e3o suave.<\/p>\n<p>Ele incorpora a mais recente tecnologia de alta carboniza\u00e7\u00e3o, o que lhe d\u00e1 a op\u00e7\u00e3o de tratar v\u00e1rios problemas de pele, como marcas na pele, manchas, pintas, verrugas e muito mais, enquanto os gatilhos de pena extremamente finos evitam o al\u00edvio da dor e les\u00f5es na pele.<\/p>\n<p>O PHI-ION PRO \u00e9 sem fio, robusto e dur\u00e1vel. Ele inclui v\u00e1rias novas engrenagens para diferentes n\u00edveis de intensidade de tratamento, adequadas para personalizar o tratamento de acordo com a preocupa\u00e7\u00e3o com a pele.<\/p>\n<p>Conte\u00fado do produto:<br \/>\n1x m\u00e1quina Phi-ION Pro<br \/>\n1x manchete<br \/>\n1x Cabo de carregamento<br \/>\n3x v\u00e1rios bits<br \/>\n10 eletrodos pequenos<br \/>\n10 eletrodos grandes<\/p>\n<p>*** OBSERVA\u00c7\u00c3O: N\u00e3o s\u00e3o permitidas entregas no Canad\u00e1 e nos EUA.<\/p>","protected":false},"featured_media":43505,"comment_status":"open","ping_status":"closed","template":"","meta":{"_acf_changed":false,"_joinchat":[]},"product_brand":[],"product_cat":[48,63],"product_tag":[],"class_list":{"0":"post-41892","1":"product","2":"type-product","3":"status-publish","4":"has-post-thumbnail","6":"product_cat-philings","7":"product_cat-tools-philings","9":"first","10":"outofstock","11":"taxable","12":"shipping-taxable","13":"purchasable","14":"product-type-simple"},"supplier_id":null,"supplier_sku":"","barcode":null,"atum_controlled":true,"out_stock_date":"2022-12-26 12:53:01","out_stock_threshold":null,"inheritable":false,"inbound_stock":null,"stock_on_hold":0,"sold_today":0,"sales_last_days":0,"reserved_stock":null,"customer_returns":null,"warehouse_damage":null,"lost_in_post":null,"other_logs":null,"out_stock_days":1209,"lost_sales":0,"has_location":null,"update_date":"2026-04-19T10:16:11","atum_locations":[],"atum_stock_status":"outofstock","restock_status":false,"low_stock_amount":0,"sales_update_date":"2026-04-19T10:16:11","calc_backorders":null,"acf":[],"yoast_head":"<!-- This site is optimized with the Yoast SEO plugin v24.8 - https:\/\/yoast.com\/wordpress\/plugins\/seo\/ -->\n<title>Phi-Ion PRO - Formaciones PhiAcademy - Phiseller Espa\u00f1a<\/title>\n<meta name=\"robots\" content=\"index, follow, max-snippet:-1, max-image-preview:large, max-video-preview:-1\" \/>\n<link rel=\"canonical\" href=\"https:\/\/nereumatias.com\/pt\/produto\/phi-ion-pro\/\" \/>\n<meta property=\"og:locale\" content=\"pt_BR\" \/>\n<meta property=\"og:type\" content=\"article\" \/>\n<meta property=\"og:title\" content=\"Phi-Ion PRO - Formaciones PhiAcademy - Phiseller Espa\u00f1a\" \/>\n<meta property=\"og:description\" content=\"\u00a1El nuevo Phi-Ion Pro lleva su t\u00e9cnica a un nivel completamente nuevo! Es una versi\u00f3n redise\u00f1ada y mejorada del Phi-Ion, por lo que es una herramienta cosm\u00e9tica m\u00ednimamente invasiva para la sublimaci\u00f3n orientada con precisi\u00f3n de la capa superficial de la piel. Se basa en la transmisi\u00f3n de una cantidad controlada de energ\u00eda por ionizaci\u00f3n del aire atmosf\u00e9rico.  El dispositivo es adoptado por una tecnolog\u00eda inteligente y la \u00faltima mecanizaci\u00f3n de la funci\u00f3n de emisi\u00f3n de iones. Adem\u00e1s, los mejores desencadenantes aseguran un manejo suave.  Incorpora la tecnolog\u00eda de alta carbonizaci\u00f3n m\u00e1s reciente, brind\u00e1ndole la opci\u00f3n de tratar varios problemas de la piel, como marcas cut\u00e1neas, manchas, lunares, verrugas y mucho m\u00e1s, mientras que los disparadores de pluma extremadamente aleta evitan el alivio del dolor y las lesiones cut\u00e1neas.  El PHI-ION PRO es inal\u00e1mbrico, resistente y duradero. Incluye m\u00faltiples engranajes nuevos para diferentes niveles de intensidad de tratamiento, adecuados para personalizar el tratamiento de acuerdo con la preocupaci\u00f3n de la piel.  Contenido del producto: 1x m\u00e1quina Phi-ION Pro 1x titular 1x cable de carga 3x varios bits 10x electrodo peque\u00f1o 10x electrodo grande  *** NOTA: No se permiten entregas a Canad\u00e1 y EE. UU.\" \/>\n<meta property=\"og:url\" content=\"https:\/\/nereumatias.com\/pt\/produto\/phi-ion-pro\/\" \/>\n<meta property=\"og:site_name\" content=\"Formaciones PhiAcademy - Phiseller Espa\u00f1a\" \/>\n<meta property=\"article:publisher\" content=\"https:\/\/www.facebook.com\/nereumatias\" \/>\n<meta property=\"article:modified_time\" content=\"2022-12-26T12:53:01+00:00\" \/>\n<meta property=\"og:image\" content=\"https:\/\/nereumatias.com\/wp-content\/uploads\/2022\/12\/phi-ion-pro-1_1.jpg\" \/>\n\t<meta property=\"og:image:width\" content=\"600\" \/>\n\t<meta property=\"og:image:height\" content=\"800\" \/>\n\t<meta property=\"og:image:type\" content=\"image\/jpeg\" \/>\n<meta name=\"twitter:card\" content=\"summary_large_image\" \/>\n<script type=\"application\/ld+json\" class=\"yoast-schema-graph\">{\"@context\":\"https:\/\/schema.org\",\"@graph\":[{\"@type\":\"WebPage\",\"@id\":\"https:\/\/nereumatias.com\/producto\/phi-ion-pro\/\",\"url\":\"https:\/\/nereumatias.com\/producto\/phi-ion-pro\/\",\"name\":\"Phi-Ion PRO - Formaciones PhiAcademy - Phiseller Espa\u00f1a\",\"isPartOf\":{\"@id\":\"https:\/\/nereumatias.com\/#website\"},\"primaryImageOfPage\":{\"@id\":\"https:\/\/nereumatias.com\/producto\/phi-ion-pro\/#primaryimage\"},\"image\":{\"@id\":\"https:\/\/nereumatias.com\/producto\/phi-ion-pro\/#primaryimage\"},\"thumbnailUrl\":\"https:\/\/nereumatias.com\/wp-content\/uploads\/2022\/12\/phi-ion-pro-1_1.jpg\",\"datePublished\":\"2021-07-08T03:41:27+00:00\",\"dateModified\":\"2022-12-26T12:53:01+00:00\",\"breadcrumb\":{\"@id\":\"https:\/\/nereumatias.com\/producto\/phi-ion-pro\/#breadcrumb\"},\"inLanguage\":\"pt-BR\",\"potentialAction\":[{\"@type\":\"ReadAction\",\"target\":[\"https:\/\/nereumatias.com\/producto\/phi-ion-pro\/\"]}]},{\"@type\":\"ImageObject\",\"inLanguage\":\"pt-BR\",\"@id\":\"https:\/\/nereumatias.com\/producto\/phi-ion-pro\/#primaryimage\",\"url\":\"https:\/\/nereumatias.com\/wp-content\/uploads\/2022\/12\/phi-ion-pro-1_1.jpg\",\"contentUrl\":\"https:\/\/nereumatias.com\/wp-content\/uploads\/2022\/12\/phi-ion-pro-1_1.jpg\",\"width\":600,\"height\":800},{\"@type\":\"BreadcrumbList\",\"@id\":\"https:\/\/nereumatias.com\/producto\/phi-ion-pro\/#breadcrumb\",\"itemListElement\":[{\"@type\":\"ListItem\",\"position\":1,\"name\":\"Home\",\"item\":\"https:\/\/nereumatias.com\/\"},{\"@type\":\"ListItem\",\"position\":2,\"name\":\"Tienda\",\"item\":\"https:\/\/nereumatias.com\/tienda-online\/\"},{\"@type\":\"ListItem\",\"position\":3,\"name\":\"Phi-Ion PRO\"}]},{\"@type\":\"WebSite\",\"@id\":\"https:\/\/nereumatias.com\/#website\",\"url\":\"https:\/\/nereumatias.com\/\",\"name\":\"Formaciones PhiAcademy - Phiseller Espa\u00f1a\",\"description\":\"PhiAcademy\",\"publisher\":{\"@id\":\"https:\/\/nereumatias.com\/#organization\"},\"potentialAction\":[{\"@type\":\"SearchAction\",\"target\":{\"@type\":\"EntryPoint\",\"urlTemplate\":\"https:\/\/nereumatias.com\/?s={search_term_string}\"},\"query-input\":{\"@type\":\"PropertyValueSpecification\",\"valueRequired\":true,\"valueName\":\"search_term_string\"}}],\"inLanguage\":\"pt-BR\"},{\"@type\":\"Organization\",\"@id\":\"https:\/\/nereumatias.com\/#organization\",\"name\":\"Formaciones PhiAcademy - Phiseller Espa\u00f1a\",\"url\":\"https:\/\/nereumatias.com\/\",\"logo\":{\"@type\":\"ImageObject\",\"inLanguage\":\"pt-BR\",\"@id\":\"https:\/\/nereumatias.com\/#\/schema\/logo\/image\/\",\"url\":\"https:\/\/nereumatias.com\/wp-content\/uploads\/2022\/09\/logo-phiseller-negro-150.png\",\"contentUrl\":\"https:\/\/nereumatias.com\/wp-content\/uploads\/2022\/09\/logo-phiseller-negro-150.png\",\"width\":375,\"height\":150,\"caption\":\"Formaciones PhiAcademy - Phiseller Espa\u00f1a\"},\"image\":{\"@id\":\"https:\/\/nereumatias.com\/#\/schema\/logo\/image\/\"},\"sameAs\":[\"https:\/\/www.facebook.com\/nereumatias\"]}]}<\/script>\n<!-- \/ Yoast SEO plugin. -->","yoast_head_json":{"title":"Phi-Ion PRO - Formaciones PhiAcademy - Phiseller Espa\u00f1a","robots":{"index":"index","follow":"follow","max-snippet":"max-snippet:-1","max-image-preview":"max-image-preview:large","max-video-preview":"max-video-preview:-1"},"canonical":"https:\/\/nereumatias.com\/pt\/produto\/phi-ion-pro\/","og_locale":"pt_BR","og_type":"article","og_title":"Phi-Ion PRO - Formaciones PhiAcademy - Phiseller Espa\u00f1a","og_description":"\u00a1El nuevo Phi-Ion Pro lleva su t\u00e9cnica a un nivel completamente nuevo! Es una versi\u00f3n redise\u00f1ada y mejorada del Phi-Ion, por lo que es una herramienta cosm\u00e9tica m\u00ednimamente invasiva para la sublimaci\u00f3n orientada con precisi\u00f3n de la capa superficial de la piel. Se basa en la transmisi\u00f3n de una cantidad controlada de energ\u00eda por ionizaci\u00f3n del aire atmosf\u00e9rico.  El dispositivo es adoptado por una tecnolog\u00eda inteligente y la \u00faltima mecanizaci\u00f3n de la funci\u00f3n de emisi\u00f3n de iones. Adem\u00e1s, los mejores desencadenantes aseguran un manejo suave.  Incorpora la tecnolog\u00eda de alta carbonizaci\u00f3n m\u00e1s reciente, brind\u00e1ndole la opci\u00f3n de tratar varios problemas de la piel, como marcas cut\u00e1neas, manchas, lunares, verrugas y mucho m\u00e1s, mientras que los disparadores de pluma extremadamente aleta evitan el alivio del dolor y las lesiones cut\u00e1neas.  El PHI-ION PRO es inal\u00e1mbrico, resistente y duradero. Incluye m\u00faltiples engranajes nuevos para diferentes niveles de intensidad de tratamiento, adecuados para personalizar el tratamiento de acuerdo con la preocupaci\u00f3n de la piel.  Contenido del producto: 1x m\u00e1quina Phi-ION Pro 1x titular 1x cable de carga 3x varios bits 10x electrodo peque\u00f1o 10x electrodo grande  *** NOTA: No se permiten entregas a Canad\u00e1 y EE. UU.","og_url":"https:\/\/nereumatias.com\/pt\/produto\/phi-ion-pro\/","og_site_name":"Formaciones PhiAcademy - Phiseller Espa\u00f1a","article_publisher":"https:\/\/www.facebook.com\/nereumatias","article_modified_time":"2022-12-26T12:53:01+00:00","og_image":[{"width":600,"height":800,"url":"https:\/\/nereumatias.com\/wp-content\/uploads\/2022\/12\/phi-ion-pro-1_1.jpg","type":"image\/jpeg"}],"twitter_card":"summary_large_image","schema":{"@context":"https:\/\/schema.org","@graph":[{"@type":"WebPage","@id":"https:\/\/nereumatias.com\/producto\/phi-ion-pro\/","url":"https:\/\/nereumatias.com\/producto\/phi-ion-pro\/","name":"Phi-Ion PRO - Formaciones PhiAcademy - Phiseller Espa\u00f1a","isPartOf":{"@id":"https:\/\/nereumatias.com\/#website"},"primaryImageOfPage":{"@id":"https:\/\/nereumatias.com\/producto\/phi-ion-pro\/#primaryimage"},"image":{"@id":"https:\/\/nereumatias.com\/producto\/phi-ion-pro\/#primaryimage"},"thumbnailUrl":"https:\/\/nereumatias.com\/wp-content\/uploads\/2022\/12\/phi-ion-pro-1_1.jpg","datePublished":"2021-07-08T03:41:27+00:00","dateModified":"2022-12-26T12:53:01+00:00","breadcrumb":{"@id":"https:\/\/nereumatias.com\/producto\/phi-ion-pro\/#breadcrumb"},"inLanguage":"pt-BR","potentialAction":[{"@type":"ReadAction","target":["https:\/\/nereumatias.com\/producto\/phi-ion-pro\/"]}]},{"@type":"ImageObject","inLanguage":"pt-BR","@id":"https:\/\/nereumatias.com\/producto\/phi-ion-pro\/#primaryimage","url":"https:\/\/nereumatias.com\/wp-content\/uploads\/2022\/12\/phi-ion-pro-1_1.jpg","contentUrl":"https:\/\/nereumatias.com\/wp-content\/uploads\/2022\/12\/phi-ion-pro-1_1.jpg","width":600,"height":800},{"@type":"BreadcrumbList","@id":"https:\/\/nereumatias.com\/producto\/phi-ion-pro\/#breadcrumb","itemListElement":[{"@type":"ListItem","position":1,"name":"Home","item":"https:\/\/nereumatias.com\/"},{"@type":"ListItem","position":2,"name":"Tienda","item":"https:\/\/nereumatias.com\/tienda-online\/"},{"@type":"ListItem","position":3,"name":"Phi-Ion PRO"}]},{"@type":"WebSite","@id":"https:\/\/nereumatias.com\/#website","url":"https:\/\/nereumatias.com\/","name":"Formaciones PhiAcademy - Phiseller Espa\u00f1a","description":"PhiAcademy","publisher":{"@id":"https:\/\/nereumatias.com\/#organization"},"potentialAction":[{"@type":"SearchAction","target":{"@type":"EntryPoint","urlTemplate":"https:\/\/nereumatias.com\/?s={search_term_string}"},"query-input":{"@type":"PropertyValueSpecification","valueRequired":true,"valueName":"search_term_string"}}],"inLanguage":"pt-BR"},{"@type":"Organization","@id":"https:\/\/nereumatias.com\/#organization","name":"Formaciones PhiAcademy - Phiseller Espa\u00f1a","url":"https:\/\/nereumatias.com\/","logo":{"@type":"ImageObject","inLanguage":"pt-BR","@id":"https:\/\/nereumatias.com\/#\/schema\/logo\/image\/","url":"https:\/\/nereumatias.com\/wp-content\/uploads\/2022\/09\/logo-phiseller-negro-150.png","contentUrl":"https:\/\/nereumatias.com\/wp-content\/uploads\/2022\/09\/logo-phiseller-negro-150.png","width":375,"height":150,"caption":"Formaciones PhiAcademy - Phiseller Espa\u00f1a"},"image":{"@id":"https:\/\/nereumatias.com\/#\/schema\/logo\/image\/"},"sameAs":["https:\/\/www.facebook.com\/nereumatias"]}]}},"_links":{"self":[{"href":"https:\/\/nereumatias.com\/pt\/wp-json\/wp\/v2\/product\/41892","targetHints":{"allow":["GET"]}}],"collection":[{"href":"https:\/\/nereumatias.com\/pt\/wp-json\/wp\/v2\/product"}],"about":[{"href":"https:\/\/nereumatias.com\/pt\/wp-json\/wp\/v2\/types\/product"}],"replies":[{"embeddable":true,"href":"https:\/\/nereumatias.com\/pt\/wp-json\/wp\/v2\/comments?post=41892"}],"version-history":[{"count":1,"href":"https:\/\/nereumatias.com\/pt\/wp-json\/wp\/v2\/product\/41892\/revisions"}],"predecessor-version":[{"id":41893,"href":"https:\/\/nereumatias.com\/pt\/wp-json\/wp\/v2\/product\/41892\/revisions\/41893"}],"wp:featuredmedia":[{"embeddable":true,"href":"https:\/\/nereumatias.com\/pt\/wp-json\/wp\/v2\/media\/43505"}],"wp:attachment":[{"href":"https:\/\/nereumatias.com\/pt\/wp-json\/wp\/v2\/media?parent=41892"}],"wp:term":[{"taxonomy":"product_brand","embeddable":true,"href":"https:\/\/nereumatias.com\/pt\/wp-json\/wp\/v2\/product_brand?post=41892"},{"taxonomy":"product_cat","embeddable":true,"href":"https:\/\/nereumatias.com\/pt\/wp-json\/wp\/v2\/product_cat?post=41892"},{"taxonomy":"product_tag","embeddable":true,"href":"https:\/\/nereumatias.com\/pt\/wp-json\/wp\/v2\/product_tag?post=41892"}],"curies":[{"name":"wp","href":"https:\/\/api.w.org\/{rel}","templated":true}]}}