{"id":41890,"date":"2021-07-08T05:41:27","date_gmt":"2021-07-08T03:41:27","guid":{"rendered":"https:\/\/nereumatias.phiseller.com\/?post_type=product&#038;p=41890"},"modified":"2023-03-08T15:10:05","modified_gmt":"2023-03-08T14:10:05","slug":"microneedling-applicator","status":"publish","type":"product","link":"https:\/\/nereumatias.com\/pt\/produto\/microneedling-applicator\/","title":{"rendered":"Aplicador de microagulhamento"},"content":{"rendered":"<p>A nova constru\u00e7\u00e3o inovadora apresenta as agulhas mais avan\u00e7adas feitas de a\u00e7o cir\u00fargico da mais alta qualidade, afiadas a laser, o que torna o dispositivo dur\u00e1vel e evita a intera\u00e7\u00e3o negativa com a pele. As agulhas t\u00eam um comprimento de 0,5 mm que, ao contr\u00e1rio das agulhas mais curtas, estimula a produ\u00e7\u00e3o de novo col\u00e1geno, o que afeta a regenera\u00e7\u00e3o das \u00e1reas tratadas. Esse tratamento \u00e9 visto como redutor de pequenas rugas, estrias leves, cicatrizes de acne, bem como redutor de hiperpigmenta\u00e7\u00e3o e manchas de sol, se usado regularmente.<\/p>\n<p>Ao mesmo tempo, pode ser usado sem anestesia, pois o tratamento \u00e9 indolor. A constru\u00e7\u00e3o especial com o tanque MICRONEEDLING SERUMS permite a dosagem ideal da solu\u00e7\u00e3o e sua completa absor\u00e7\u00e3o. A absor\u00e7\u00e3o das subst\u00e2ncias ativas contidas na solu\u00e7\u00e3o \u00e9 at\u00e9 500% maior em compara\u00e7\u00e3o com a aplica\u00e7\u00e3o regular de produtos cosm\u00e9ticos.<\/p>\n<p>Seus recursos exclusivos otimizam tanto a experi\u00eancia quanto o resultado, proporcionando uma pele mais suave, brilhante, saud\u00e1vel e com apar\u00eancia mais jovem.<\/p>\n<p><strong>Como usar<\/strong><\/p>\n<p>Limpe seu rosto com \u00e1gua morna e um desinfetante suave (recomendamos o uso dos len\u00e7os PHI WIPES ASEPT). Bata suavemente na pele com o aplicador, sem pressionar, at\u00e9 que o reservat\u00f3rio esteja vazio. Bata sob um \u00e2ngulo de 90\u00b0 em rela\u00e7\u00e3o \u00e0 superf\u00edcie da pele e gire o aplicador de modo a permitir que a solu\u00e7\u00e3o escorra. Aguarde at\u00e9 que a solu\u00e7\u00e3o seja completamente absorvida. Ap\u00f3s o tratamento, aplique um creme hidratante calmante (creme calmante, creme tango, creme jive).<\/p>","protected":false},"excerpt":{"rendered":"<p>A nova constru\u00e7\u00e3o inovadora apresenta as agulhas mais avan\u00e7adas feitas de a\u00e7o cir\u00fargico da mais alta qualidade, afiadas a laser, o que torna o dispositivo dur\u00e1vel e evita a intera\u00e7\u00e3o negativa com a pele. As agulhas t\u00eam um comprimento de 0,5 mm que, ao contr\u00e1rio das agulhas mais curtas, estimula a produ\u00e7\u00e3o de novo col\u00e1geno, o que afeta a regenera\u00e7\u00e3o das \u00e1reas tratadas. Esse tratamento \u00e9 visto como redutor de pequenas rugas, estrias leves, cicatrizes de acne, bem como redutor de hiperpigmenta\u00e7\u00e3o e manchas de sol, se usado regularmente.<\/p>\n<p>Ao mesmo tempo, pode ser usado sem anestesia, pois o tratamento \u00e9 indolor. A constru\u00e7\u00e3o especial com o tanque MICRONEEDLING SERUMS permite a dosagem ideal da solu\u00e7\u00e3o e sua completa absor\u00e7\u00e3o. A absor\u00e7\u00e3o das subst\u00e2ncias ativas contidas na solu\u00e7\u00e3o \u00e9 at\u00e9 500% maior em compara\u00e7\u00e3o com a aplica\u00e7\u00e3o regular de produtos cosm\u00e9ticos.<\/p>\n<p>Seus recursos exclusivos otimizam tanto a experi\u00eancia quanto o resultado, proporcionando uma pele mais suave, brilhante, saud\u00e1vel e com apar\u00eancia mais jovem.<\/p>\n<p><strong>Como usar<\/strong><\/p>\n<p>Limpe seu rosto com \u00e1gua morna e um desinfetante suave (recomendamos o uso dos len\u00e7os PHI WIPES ASEPT). Bata suavemente na pele com o aplicador, sem pressionar, at\u00e9 que o reservat\u00f3rio esteja vazio. Bata sob um \u00e2ngulo de 90\u00b0 em rela\u00e7\u00e3o \u00e0 superf\u00edcie da pele e gire o aplicador de modo a permitir que a solu\u00e7\u00e3o escorra. Aguarde at\u00e9 que a solu\u00e7\u00e3o seja completamente absorvida. Ap\u00f3s o tratamento, aplique um creme hidratante calmante (creme calmante, creme tango, creme jive).<\/p>","protected":false},"featured_media":43502,"comment_status":"open","ping_status":"closed","template":"","meta":{"_acf_changed":false,"_joinchat":[]},"product_brand":[],"product_cat":[48,63],"product_tag":[],"class_list":{"0":"post-41890","1":"product","2":"type-product","3":"status-publish","4":"has-post-thumbnail","6":"product_cat-philings","7":"product_cat-tools-philings","9":"first","10":"instock","11":"taxable","12":"shipping-taxable","13":"purchasable","14":"product-type-simple"},"supplier_id":null,"supplier_sku":"","barcode":null,"atum_controlled":true,"out_stock_date":null,"out_stock_threshold":null,"inheritable":false,"inbound_stock":null,"stock_on_hold":0,"sold_today":0,"sales_last_days":0,"reserved_stock":null,"customer_returns":null,"warehouse_damage":null,"lost_in_post":null,"other_logs":null,"out_stock_days":0,"lost_sales":0,"has_location":null,"update_date":"2026-04-16T10:16:12","atum_locations":[],"atum_stock_status":"instock","restock_status":false,"low_stock_amount":0,"sales_update_date":"2026-04-16T10:16:12","calc_backorders":null,"acf":[],"yoast_head":"<!-- This site is optimized with the Yoast SEO plugin v24.8 - https:\/\/yoast.com\/wordpress\/plugins\/seo\/ -->\n<title>Microneedling Applicator - Formaciones PhiAcademy - Phiseller Espa\u00f1a<\/title>\n<meta name=\"robots\" content=\"index, follow, max-snippet:-1, max-image-preview:large, max-video-preview:-1\" \/>\n<link rel=\"canonical\" href=\"https:\/\/nereumatias.com\/pt\/produto\/microneedling-applicator\/\" \/>\n<meta property=\"og:locale\" content=\"pt_BR\" \/>\n<meta property=\"og:type\" content=\"article\" \/>\n<meta property=\"og:title\" content=\"Microneedling Applicator - Formaciones PhiAcademy - Phiseller Espa\u00f1a\" \/>\n<meta property=\"og:description\" content=\"La nueva construcci\u00f3n innovadora presenta las agujas m\u00e1s avanzadas hechas de acero quir\u00fargico de la m\u00e1s alta calidad, afiladas con l\u00e1ser, lo que hace que el dispositivo sea duradero y evita la interacci\u00f3n negativa con la piel. Las agujas tienen una longitud de 0,5 mm que, a diferencia de las agujas m\u00e1s cortas, estimula la producci\u00f3n de col\u00e1geno nuevo, lo que afecta la regeneraci\u00f3n de las \u00e1reas tratadas. Este tratamiento se ve como la reducci\u00f3n de peque\u00f1as arrugas, estr\u00edas leves, cicatrices de acn\u00e9, as\u00ed como la reducci\u00f3n de la hiperpigmentaci\u00f3n y las manchas solares, si se usa regularmente.  Al mismo tiempo, se puede usar sin anestesia ya que el tratamiento es indoloro. La construcci\u00f3n especial con el tanque MICRONEEDLING SERUMS permite la dosificaci\u00f3n ideal de la soluci\u00f3n y su completa absorci\u00f3n. La absorci\u00f3n de las sustancias activas contenidas en la soluci\u00f3n es hasta un 500% mayor en comparaci\u00f3n con la aplicaci\u00f3n regular de productos cosm\u00e9ticos.  Sus caracter\u00edsticas \u00fanicas optimizan tanto la experiencia como el resultado, lo que le proporciona una piel m\u00e1s suave, brillante, saludable y joven.  C\u00f3mo utilizar  Limpie su cara con agua tibia y desinfectante suave (recomendamos el uso de toallitas h\u00famedas PHI WIPES ASEPT). Golpee suavemente la piel con el aplicador sin presionar, hasta que se vac\u00ede el tanque. Toque bajo el \u00e1ngulo de 90 \u00b0 con respecto a la superficie de la piel y gire el aplicador de tal manera que permita que salga la soluci\u00f3n. Espere a que la soluci\u00f3n se absorba por completo. Despu\u00e9s del tratamiento, aplique una crema hidratante calmante (crema calmante, crema de tango, crema de jive).\" \/>\n<meta property=\"og:url\" content=\"https:\/\/nereumatias.com\/pt\/produto\/microneedling-applicator\/\" \/>\n<meta property=\"og:site_name\" content=\"Formaciones PhiAcademy - Phiseller Espa\u00f1a\" \/>\n<meta property=\"article:publisher\" content=\"https:\/\/www.facebook.com\/nereumatias\" \/>\n<meta property=\"article:modified_time\" content=\"2023-03-08T14:10:05+00:00\" \/>\n<meta property=\"og:image\" content=\"https:\/\/nereumatias.com\/wp-content\/uploads\/2022\/12\/Microneedling-Applicator.jpg\" \/>\n\t<meta property=\"og:image:width\" content=\"600\" \/>\n\t<meta property=\"og:image:height\" content=\"800\" \/>\n\t<meta property=\"og:image:type\" content=\"image\/jpeg\" \/>\n<meta name=\"twitter:card\" content=\"summary_large_image\" \/>\n<script type=\"application\/ld+json\" class=\"yoast-schema-graph\">{\"@context\":\"https:\/\/schema.org\",\"@graph\":[{\"@type\":\"WebPage\",\"@id\":\"https:\/\/nereumatias.com\/producto\/microneedling-applicator\/\",\"url\":\"https:\/\/nereumatias.com\/producto\/microneedling-applicator\/\",\"name\":\"Microneedling Applicator - Formaciones PhiAcademy - Phiseller Espa\u00f1a\",\"isPartOf\":{\"@id\":\"https:\/\/nereumatias.com\/#website\"},\"primaryImageOfPage\":{\"@id\":\"https:\/\/nereumatias.com\/producto\/microneedling-applicator\/#primaryimage\"},\"image\":{\"@id\":\"https:\/\/nereumatias.com\/producto\/microneedling-applicator\/#primaryimage\"},\"thumbnailUrl\":\"https:\/\/nereumatias.com\/wp-content\/uploads\/2022\/12\/Microneedling-Applicator.jpg\",\"datePublished\":\"2021-07-08T03:41:27+00:00\",\"dateModified\":\"2023-03-08T14:10:05+00:00\",\"breadcrumb\":{\"@id\":\"https:\/\/nereumatias.com\/producto\/microneedling-applicator\/#breadcrumb\"},\"inLanguage\":\"pt-BR\",\"potentialAction\":[{\"@type\":\"ReadAction\",\"target\":[\"https:\/\/nereumatias.com\/producto\/microneedling-applicator\/\"]}]},{\"@type\":\"ImageObject\",\"inLanguage\":\"pt-BR\",\"@id\":\"https:\/\/nereumatias.com\/producto\/microneedling-applicator\/#primaryimage\",\"url\":\"https:\/\/nereumatias.com\/wp-content\/uploads\/2022\/12\/Microneedling-Applicator.jpg\",\"contentUrl\":\"https:\/\/nereumatias.com\/wp-content\/uploads\/2022\/12\/Microneedling-Applicator.jpg\",\"width\":600,\"height\":800},{\"@type\":\"BreadcrumbList\",\"@id\":\"https:\/\/nereumatias.com\/producto\/microneedling-applicator\/#breadcrumb\",\"itemListElement\":[{\"@type\":\"ListItem\",\"position\":1,\"name\":\"Home\",\"item\":\"https:\/\/nereumatias.com\/\"},{\"@type\":\"ListItem\",\"position\":2,\"name\":\"Tienda\",\"item\":\"https:\/\/nereumatias.com\/tienda-online\/\"},{\"@type\":\"ListItem\",\"position\":3,\"name\":\"Microneedling Applicator\"}]},{\"@type\":\"WebSite\",\"@id\":\"https:\/\/nereumatias.com\/#website\",\"url\":\"https:\/\/nereumatias.com\/\",\"name\":\"Formaciones PhiAcademy - Phiseller Espa\u00f1a\",\"description\":\"PhiAcademy\",\"publisher\":{\"@id\":\"https:\/\/nereumatias.com\/#organization\"},\"potentialAction\":[{\"@type\":\"SearchAction\",\"target\":{\"@type\":\"EntryPoint\",\"urlTemplate\":\"https:\/\/nereumatias.com\/?s={search_term_string}\"},\"query-input\":{\"@type\":\"PropertyValueSpecification\",\"valueRequired\":true,\"valueName\":\"search_term_string\"}}],\"inLanguage\":\"pt-BR\"},{\"@type\":\"Organization\",\"@id\":\"https:\/\/nereumatias.com\/#organization\",\"name\":\"Formaciones PhiAcademy - Phiseller Espa\u00f1a\",\"url\":\"https:\/\/nereumatias.com\/\",\"logo\":{\"@type\":\"ImageObject\",\"inLanguage\":\"pt-BR\",\"@id\":\"https:\/\/nereumatias.com\/#\/schema\/logo\/image\/\",\"url\":\"https:\/\/nereumatias.com\/wp-content\/uploads\/2022\/09\/logo-phiseller-negro-150.png\",\"contentUrl\":\"https:\/\/nereumatias.com\/wp-content\/uploads\/2022\/09\/logo-phiseller-negro-150.png\",\"width\":375,\"height\":150,\"caption\":\"Formaciones PhiAcademy - Phiseller Espa\u00f1a\"},\"image\":{\"@id\":\"https:\/\/nereumatias.com\/#\/schema\/logo\/image\/\"},\"sameAs\":[\"https:\/\/www.facebook.com\/nereumatias\"]}]}<\/script>\n<!-- \/ Yoast SEO plugin. -->","yoast_head_json":{"title":"Microneedling Applicator - Formaciones PhiAcademy - Phiseller Espa\u00f1a","robots":{"index":"index","follow":"follow","max-snippet":"max-snippet:-1","max-image-preview":"max-image-preview:large","max-video-preview":"max-video-preview:-1"},"canonical":"https:\/\/nereumatias.com\/pt\/produto\/microneedling-applicator\/","og_locale":"pt_BR","og_type":"article","og_title":"Microneedling Applicator - Formaciones PhiAcademy - Phiseller Espa\u00f1a","og_description":"La nueva construcci\u00f3n innovadora presenta las agujas m\u00e1s avanzadas hechas de acero quir\u00fargico de la m\u00e1s alta calidad, afiladas con l\u00e1ser, lo que hace que el dispositivo sea duradero y evita la interacci\u00f3n negativa con la piel. Las agujas tienen una longitud de 0,5 mm que, a diferencia de las agujas m\u00e1s cortas, estimula la producci\u00f3n de col\u00e1geno nuevo, lo que afecta la regeneraci\u00f3n de las \u00e1reas tratadas. Este tratamiento se ve como la reducci\u00f3n de peque\u00f1as arrugas, estr\u00edas leves, cicatrices de acn\u00e9, as\u00ed como la reducci\u00f3n de la hiperpigmentaci\u00f3n y las manchas solares, si se usa regularmente.  Al mismo tiempo, se puede usar sin anestesia ya que el tratamiento es indoloro. La construcci\u00f3n especial con el tanque MICRONEEDLING SERUMS permite la dosificaci\u00f3n ideal de la soluci\u00f3n y su completa absorci\u00f3n. La absorci\u00f3n de las sustancias activas contenidas en la soluci\u00f3n es hasta un 500% mayor en comparaci\u00f3n con la aplicaci\u00f3n regular de productos cosm\u00e9ticos.  Sus caracter\u00edsticas \u00fanicas optimizan tanto la experiencia como el resultado, lo que le proporciona una piel m\u00e1s suave, brillante, saludable y joven.  C\u00f3mo utilizar  Limpie su cara con agua tibia y desinfectante suave (recomendamos el uso de toallitas h\u00famedas PHI WIPES ASEPT). Golpee suavemente la piel con el aplicador sin presionar, hasta que se vac\u00ede el tanque. Toque bajo el \u00e1ngulo de 90 \u00b0 con respecto a la superficie de la piel y gire el aplicador de tal manera que permita que salga la soluci\u00f3n. Espere a que la soluci\u00f3n se absorba por completo. Despu\u00e9s del tratamiento, aplique una crema hidratante calmante (crema calmante, crema de tango, crema de jive).","og_url":"https:\/\/nereumatias.com\/pt\/produto\/microneedling-applicator\/","og_site_name":"Formaciones PhiAcademy - Phiseller Espa\u00f1a","article_publisher":"https:\/\/www.facebook.com\/nereumatias","article_modified_time":"2023-03-08T14:10:05+00:00","og_image":[{"width":600,"height":800,"url":"https:\/\/nereumatias.com\/wp-content\/uploads\/2022\/12\/Microneedling-Applicator.jpg","type":"image\/jpeg"}],"twitter_card":"summary_large_image","schema":{"@context":"https:\/\/schema.org","@graph":[{"@type":"WebPage","@id":"https:\/\/nereumatias.com\/producto\/microneedling-applicator\/","url":"https:\/\/nereumatias.com\/producto\/microneedling-applicator\/","name":"Microneedling Applicator - Formaciones PhiAcademy - Phiseller Espa\u00f1a","isPartOf":{"@id":"https:\/\/nereumatias.com\/#website"},"primaryImageOfPage":{"@id":"https:\/\/nereumatias.com\/producto\/microneedling-applicator\/#primaryimage"},"image":{"@id":"https:\/\/nereumatias.com\/producto\/microneedling-applicator\/#primaryimage"},"thumbnailUrl":"https:\/\/nereumatias.com\/wp-content\/uploads\/2022\/12\/Microneedling-Applicator.jpg","datePublished":"2021-07-08T03:41:27+00:00","dateModified":"2023-03-08T14:10:05+00:00","breadcrumb":{"@id":"https:\/\/nereumatias.com\/producto\/microneedling-applicator\/#breadcrumb"},"inLanguage":"pt-BR","potentialAction":[{"@type":"ReadAction","target":["https:\/\/nereumatias.com\/producto\/microneedling-applicator\/"]}]},{"@type":"ImageObject","inLanguage":"pt-BR","@id":"https:\/\/nereumatias.com\/producto\/microneedling-applicator\/#primaryimage","url":"https:\/\/nereumatias.com\/wp-content\/uploads\/2022\/12\/Microneedling-Applicator.jpg","contentUrl":"https:\/\/nereumatias.com\/wp-content\/uploads\/2022\/12\/Microneedling-Applicator.jpg","width":600,"height":800},{"@type":"BreadcrumbList","@id":"https:\/\/nereumatias.com\/producto\/microneedling-applicator\/#breadcrumb","itemListElement":[{"@type":"ListItem","position":1,"name":"Home","item":"https:\/\/nereumatias.com\/"},{"@type":"ListItem","position":2,"name":"Tienda","item":"https:\/\/nereumatias.com\/tienda-online\/"},{"@type":"ListItem","position":3,"name":"Microneedling Applicator"}]},{"@type":"WebSite","@id":"https:\/\/nereumatias.com\/#website","url":"https:\/\/nereumatias.com\/","name":"Formaciones PhiAcademy - Phiseller Espa\u00f1a","description":"PhiAcademy","publisher":{"@id":"https:\/\/nereumatias.com\/#organization"},"potentialAction":[{"@type":"SearchAction","target":{"@type":"EntryPoint","urlTemplate":"https:\/\/nereumatias.com\/?s={search_term_string}"},"query-input":{"@type":"PropertyValueSpecification","valueRequired":true,"valueName":"search_term_string"}}],"inLanguage":"pt-BR"},{"@type":"Organization","@id":"https:\/\/nereumatias.com\/#organization","name":"Formaciones PhiAcademy - Phiseller Espa\u00f1a","url":"https:\/\/nereumatias.com\/","logo":{"@type":"ImageObject","inLanguage":"pt-BR","@id":"https:\/\/nereumatias.com\/#\/schema\/logo\/image\/","url":"https:\/\/nereumatias.com\/wp-content\/uploads\/2022\/09\/logo-phiseller-negro-150.png","contentUrl":"https:\/\/nereumatias.com\/wp-content\/uploads\/2022\/09\/logo-phiseller-negro-150.png","width":375,"height":150,"caption":"Formaciones PhiAcademy - Phiseller Espa\u00f1a"},"image":{"@id":"https:\/\/nereumatias.com\/#\/schema\/logo\/image\/"},"sameAs":["https:\/\/www.facebook.com\/nereumatias"]}]}},"_links":{"self":[{"href":"https:\/\/nereumatias.com\/pt\/wp-json\/wp\/v2\/product\/41890","targetHints":{"allow":["GET"]}}],"collection":[{"href":"https:\/\/nereumatias.com\/pt\/wp-json\/wp\/v2\/product"}],"about":[{"href":"https:\/\/nereumatias.com\/pt\/wp-json\/wp\/v2\/types\/product"}],"replies":[{"embeddable":true,"href":"https:\/\/nereumatias.com\/pt\/wp-json\/wp\/v2\/comments?post=41890"}],"version-history":[{"count":1,"href":"https:\/\/nereumatias.com\/pt\/wp-json\/wp\/v2\/product\/41890\/revisions"}],"predecessor-version":[{"id":41891,"href":"https:\/\/nereumatias.com\/pt\/wp-json\/wp\/v2\/product\/41890\/revisions\/41891"}],"wp:featuredmedia":[{"embeddable":true,"href":"https:\/\/nereumatias.com\/pt\/wp-json\/wp\/v2\/media\/43502"}],"wp:attachment":[{"href":"https:\/\/nereumatias.com\/pt\/wp-json\/wp\/v2\/media?parent=41890"}],"wp:term":[{"taxonomy":"product_brand","embeddable":true,"href":"https:\/\/nereumatias.com\/pt\/wp-json\/wp\/v2\/product_brand?post=41890"},{"taxonomy":"product_cat","embeddable":true,"href":"https:\/\/nereumatias.com\/pt\/wp-json\/wp\/v2\/product_cat?post=41890"},{"taxonomy":"product_tag","embeddable":true,"href":"https:\/\/nereumatias.com\/pt\/wp-json\/wp\/v2\/product_tag?post=41890"}],"curies":[{"name":"wp","href":"https:\/\/api.w.org\/{rel}","templated":true}]}}