{"id":41888,"date":"2021-07-08T05:41:27","date_gmt":"2021-07-08T03:41:27","guid":{"rendered":"https:\/\/nereumatias.phiseller.com\/?post_type=product&#038;p=41888"},"modified":"2022-12-26T13:52:59","modified_gmt":"2022-12-26T12:52:59","slug":"philings-blackhead-remover","status":"publish","type":"product","link":"https:\/\/nereumatias.com\/pt\/produto\/philings-blackhead-remover\/","title":{"rendered":"Removedor de cravos PhiLings"},"content":{"rendered":"<p>A pin\u00e7a tem uma ponta de a\u00e7o curvada exclusiva, com um acabamento afiado, que remove suavemente os cravos e, em seguida, extrai a sujeira dos poros. Especialmente projetada com uma curva ascendente na extremidade, ela facilita a remo\u00e7\u00e3o de comed\u00f5es da pele, com muito mais precis\u00e3o do que qualquer outra ferramenta, ao mesmo tempo em que exerce menos press\u00e3o e trauma sobre a pele. A ponta superprecisa proporciona precis\u00e3o para tratar apenas a \u00e1rea afetada, sem irritar a pele saud\u00e1vel ao redor. Fabricado em a\u00e7o inoxid\u00e1vel 100% dermatologicamente testado. Remove cravos, espinhas e comed\u00f5es desde a raiz, deixando a pele mais clara e saud\u00e1vel.<\/p>\n<p><strong>Como usar<\/strong><\/p>\n<p>Use a ferramenta na pele previamente limpa e certifique-se de desinfetar suas m\u00e3os tamb\u00e9m. Recomenda-se vaporizar o rosto antes do uso, para amolecer os cravos e abrir os poros para facilitar a remo\u00e7\u00e3o. Pressione o cravo persistente com as pontas curvas, espremendo suavemente o pus acumulado. N\u00e3o pressione com muita for\u00e7a e sempre desinfete a \u00e1rea da pele tratada depois. Certifique-se tamb\u00e9m de desinfetar a pin\u00e7a antes e depois de cada uso.<\/p>\n<p>Ao usar a ferramenta, voc\u00ea deve ser gentil e cuidadoso. Cada pele \u00e9 diferente e voc\u00ea deve se certificar de adaptar a press\u00e3o corretamente, sem pressionar com muita for\u00e7a, para evitar irrita\u00e7\u00e3o ou cicatrizes.<\/p>","protected":false},"excerpt":{"rendered":"<p>A pin\u00e7a tem uma ponta de a\u00e7o curvada exclusiva, com um acabamento afiado, que remove suavemente os cravos e, em seguida, extrai a sujeira dos poros. Especialmente projetada com uma curva ascendente na extremidade, ela facilita a remo\u00e7\u00e3o de comed\u00f5es da pele, com muito mais precis\u00e3o do que qualquer outra ferramenta, ao mesmo tempo em que exerce menos press\u00e3o e trauma sobre a pele. A ponta superprecisa proporciona precis\u00e3o para tratar apenas a \u00e1rea afetada, sem irritar a pele saud\u00e1vel ao redor. Fabricado em a\u00e7o inoxid\u00e1vel 100% dermatologicamente testado. Remove cravos, espinhas e comed\u00f5es desde a raiz, deixando a pele mais clara e saud\u00e1vel.<\/p>\n<p><strong>Como usar<\/strong><\/p>\n<p>Use a ferramenta na pele previamente limpa e certifique-se de desinfetar suas m\u00e3os tamb\u00e9m. Recomenda-se vaporizar o rosto antes do uso, para amolecer os cravos e abrir os poros para facilitar a remo\u00e7\u00e3o. Pressione o cravo persistente com as pontas curvas, espremendo suavemente o pus acumulado. N\u00e3o pressione com muita for\u00e7a e sempre desinfete a \u00e1rea da pele tratada depois. Certifique-se tamb\u00e9m de desinfetar a pin\u00e7a antes e depois de cada uso.<\/p>\n<p>Ao usar a ferramenta, voc\u00ea deve ser gentil e cuidadoso. Cada pele \u00e9 diferente e voc\u00ea deve se certificar de adaptar a press\u00e3o corretamente, sem pressionar com muita for\u00e7a, para evitar irrita\u00e7\u00e3o ou cicatrizes.<\/p>","protected":false},"featured_media":43501,"comment_status":"open","ping_status":"closed","template":"","meta":{"_acf_changed":false,"_joinchat":[]},"product_brand":[],"product_cat":[48,63],"product_tag":[],"class_list":{"0":"post-41888","1":"product","2":"type-product","3":"status-publish","4":"has-post-thumbnail","6":"product_cat-philings","7":"product_cat-tools-philings","9":"first","10":"instock","11":"taxable","12":"shipping-taxable","13":"purchasable","14":"product-type-simple"},"supplier_id":null,"supplier_sku":"","barcode":null,"atum_controlled":true,"out_stock_date":null,"out_stock_threshold":null,"inheritable":false,"inbound_stock":null,"stock_on_hold":0,"sold_today":0,"sales_last_days":0,"reserved_stock":null,"customer_returns":null,"warehouse_damage":null,"lost_in_post":null,"other_logs":null,"out_stock_days":0,"lost_sales":0,"has_location":null,"update_date":"2026-04-17T10:16:13","atum_locations":[],"atum_stock_status":"instock","restock_status":false,"low_stock_amount":0,"sales_update_date":"2026-04-17T10:16:12","calc_backorders":null,"acf":[],"yoast_head":"<!-- This site is optimized with the Yoast SEO plugin v24.8 - https:\/\/yoast.com\/wordpress\/plugins\/seo\/ -->\n<title>PhiLings Blackhead Remover - Formaciones PhiAcademy - Phiseller Espa\u00f1a<\/title>\n<meta name=\"robots\" content=\"index, follow, max-snippet:-1, max-image-preview:large, max-video-preview:-1\" \/>\n<link rel=\"canonical\" href=\"https:\/\/nereumatias.com\/pt\/produto\/philings-blackhead-remover\/\" \/>\n<meta property=\"og:locale\" content=\"pt_BR\" \/>\n<meta property=\"og:type\" content=\"article\" \/>\n<meta property=\"og:title\" content=\"PhiLings Blackhead Remover - Formaciones PhiAcademy - Phiseller Espa\u00f1a\" \/>\n<meta property=\"og:description\" content=\"Las pinzas tienen una punta de acero curvada \u00fanica, con un acabado afilado, que elimina suavemente los puntos negros y luego extrae la suciedad en los poros. Dise\u00f1ado especialmente con una curva ascendente al final, facilita el arrancado de los comedones de la piel, con mucha m\u00e1s precisi\u00f3n que cualquier otra herramienta, al mismo tiempo con menos presi\u00f3n y menos trauma en la piel. La punta s\u00faper precisa proporciona precisi\u00f3n para tratar solo el \u00e1rea afectada, sin irritar la piel sana que la rodea. Hecho de acero inoxidable 100% probado dermatol\u00f3gicamente. Elimina puntos negros, puntos blancos, comedones profundamente de su ra\u00edz, lo que lleva a una piel m\u00e1s clara y saludable.  C\u00f3mo utilizar  Use la herramienta sobre la piel previamente limpia y aseg\u00farese de desinfectar tambi\u00e9n las manos. Se recomienda vaporizar la cara antes del uso, para suavizar los puntos negros y abrir los poros para facilitar la extracci\u00f3n. Presiona hacia afuera la obstinada espinilla con las puntas curvas, exprimiendo suavemente el pus acumulado. No presione demasiado y siempre desinfecte el \u00e1rea de la piel tratada despu\u00e9s. Aseg\u00farese de desinfectar tambi\u00e9n las pinzas antes y despu\u00e9s de cada uso.  Al usar la herramienta debe ser amable y cauteloso. Cada piel es diferente y debe asegurarse de adaptar la presi\u00f3n correctamente, sin presionar demasiado, para evitar irritaciones o cicatrices.\" \/>\n<meta property=\"og:url\" content=\"https:\/\/nereumatias.com\/pt\/produto\/philings-blackhead-remover\/\" \/>\n<meta property=\"og:site_name\" content=\"Formaciones PhiAcademy - Phiseller Espa\u00f1a\" \/>\n<meta property=\"article:publisher\" content=\"https:\/\/www.facebook.com\/nereumatias\" \/>\n<meta property=\"article:modified_time\" content=\"2022-12-26T12:52:59+00:00\" \/>\n<meta property=\"og:image\" content=\"https:\/\/nereumatias.com\/wp-content\/uploads\/2022\/12\/PhiLings-Blackhead-Remover.jpg\" \/>\n\t<meta property=\"og:image:width\" content=\"600\" \/>\n\t<meta property=\"og:image:height\" content=\"800\" \/>\n\t<meta property=\"og:image:type\" content=\"image\/jpeg\" \/>\n<meta name=\"twitter:card\" content=\"summary_large_image\" \/>\n<script type=\"application\/ld+json\" class=\"yoast-schema-graph\">{\"@context\":\"https:\/\/schema.org\",\"@graph\":[{\"@type\":\"WebPage\",\"@id\":\"https:\/\/nereumatias.com\/producto\/philings-blackhead-remover\/\",\"url\":\"https:\/\/nereumatias.com\/producto\/philings-blackhead-remover\/\",\"name\":\"PhiLings Blackhead Remover - Formaciones PhiAcademy - Phiseller Espa\u00f1a\",\"isPartOf\":{\"@id\":\"https:\/\/nereumatias.com\/#website\"},\"primaryImageOfPage\":{\"@id\":\"https:\/\/nereumatias.com\/producto\/philings-blackhead-remover\/#primaryimage\"},\"image\":{\"@id\":\"https:\/\/nereumatias.com\/producto\/philings-blackhead-remover\/#primaryimage\"},\"thumbnailUrl\":\"https:\/\/nereumatias.com\/wp-content\/uploads\/2022\/12\/PhiLings-Blackhead-Remover.jpg\",\"datePublished\":\"2021-07-08T03:41:27+00:00\",\"dateModified\":\"2022-12-26T12:52:59+00:00\",\"breadcrumb\":{\"@id\":\"https:\/\/nereumatias.com\/producto\/philings-blackhead-remover\/#breadcrumb\"},\"inLanguage\":\"pt-BR\",\"potentialAction\":[{\"@type\":\"ReadAction\",\"target\":[\"https:\/\/nereumatias.com\/producto\/philings-blackhead-remover\/\"]}]},{\"@type\":\"ImageObject\",\"inLanguage\":\"pt-BR\",\"@id\":\"https:\/\/nereumatias.com\/producto\/philings-blackhead-remover\/#primaryimage\",\"url\":\"https:\/\/nereumatias.com\/wp-content\/uploads\/2022\/12\/PhiLings-Blackhead-Remover.jpg\",\"contentUrl\":\"https:\/\/nereumatias.com\/wp-content\/uploads\/2022\/12\/PhiLings-Blackhead-Remover.jpg\",\"width\":600,\"height\":800},{\"@type\":\"BreadcrumbList\",\"@id\":\"https:\/\/nereumatias.com\/producto\/philings-blackhead-remover\/#breadcrumb\",\"itemListElement\":[{\"@type\":\"ListItem\",\"position\":1,\"name\":\"Home\",\"item\":\"https:\/\/nereumatias.com\/\"},{\"@type\":\"ListItem\",\"position\":2,\"name\":\"Tienda\",\"item\":\"https:\/\/nereumatias.com\/tienda-online\/\"},{\"@type\":\"ListItem\",\"position\":3,\"name\":\"PhiLings Blackhead Remover\"}]},{\"@type\":\"WebSite\",\"@id\":\"https:\/\/nereumatias.com\/#website\",\"url\":\"https:\/\/nereumatias.com\/\",\"name\":\"Formaciones PhiAcademy - Phiseller Espa\u00f1a\",\"description\":\"PhiAcademy\",\"publisher\":{\"@id\":\"https:\/\/nereumatias.com\/#organization\"},\"potentialAction\":[{\"@type\":\"SearchAction\",\"target\":{\"@type\":\"EntryPoint\",\"urlTemplate\":\"https:\/\/nereumatias.com\/?s={search_term_string}\"},\"query-input\":{\"@type\":\"PropertyValueSpecification\",\"valueRequired\":true,\"valueName\":\"search_term_string\"}}],\"inLanguage\":\"pt-BR\"},{\"@type\":\"Organization\",\"@id\":\"https:\/\/nereumatias.com\/#organization\",\"name\":\"Formaciones PhiAcademy - Phiseller Espa\u00f1a\",\"url\":\"https:\/\/nereumatias.com\/\",\"logo\":{\"@type\":\"ImageObject\",\"inLanguage\":\"pt-BR\",\"@id\":\"https:\/\/nereumatias.com\/#\/schema\/logo\/image\/\",\"url\":\"https:\/\/nereumatias.com\/wp-content\/uploads\/2022\/09\/logo-phiseller-negro-150.png\",\"contentUrl\":\"https:\/\/nereumatias.com\/wp-content\/uploads\/2022\/09\/logo-phiseller-negro-150.png\",\"width\":375,\"height\":150,\"caption\":\"Formaciones PhiAcademy - Phiseller Espa\u00f1a\"},\"image\":{\"@id\":\"https:\/\/nereumatias.com\/#\/schema\/logo\/image\/\"},\"sameAs\":[\"https:\/\/www.facebook.com\/nereumatias\"]}]}<\/script>\n<!-- \/ Yoast SEO plugin. -->","yoast_head_json":{"title":"PhiLings Blackhead Remover - Formaciones PhiAcademy - Phiseller Espa\u00f1a","robots":{"index":"index","follow":"follow","max-snippet":"max-snippet:-1","max-image-preview":"max-image-preview:large","max-video-preview":"max-video-preview:-1"},"canonical":"https:\/\/nereumatias.com\/pt\/produto\/philings-blackhead-remover\/","og_locale":"pt_BR","og_type":"article","og_title":"PhiLings Blackhead Remover - Formaciones PhiAcademy - Phiseller Espa\u00f1a","og_description":"Las pinzas tienen una punta de acero curvada \u00fanica, con un acabado afilado, que elimina suavemente los puntos negros y luego extrae la suciedad en los poros. Dise\u00f1ado especialmente con una curva ascendente al final, facilita el arrancado de los comedones de la piel, con mucha m\u00e1s precisi\u00f3n que cualquier otra herramienta, al mismo tiempo con menos presi\u00f3n y menos trauma en la piel. La punta s\u00faper precisa proporciona precisi\u00f3n para tratar solo el \u00e1rea afectada, sin irritar la piel sana que la rodea. Hecho de acero inoxidable 100% probado dermatol\u00f3gicamente. Elimina puntos negros, puntos blancos, comedones profundamente de su ra\u00edz, lo que lleva a una piel m\u00e1s clara y saludable.  C\u00f3mo utilizar  Use la herramienta sobre la piel previamente limpia y aseg\u00farese de desinfectar tambi\u00e9n las manos. Se recomienda vaporizar la cara antes del uso, para suavizar los puntos negros y abrir los poros para facilitar la extracci\u00f3n. Presiona hacia afuera la obstinada espinilla con las puntas curvas, exprimiendo suavemente el pus acumulado. No presione demasiado y siempre desinfecte el \u00e1rea de la piel tratada despu\u00e9s. Aseg\u00farese de desinfectar tambi\u00e9n las pinzas antes y despu\u00e9s de cada uso.  Al usar la herramienta debe ser amable y cauteloso. Cada piel es diferente y debe asegurarse de adaptar la presi\u00f3n correctamente, sin presionar demasiado, para evitar irritaciones o cicatrices.","og_url":"https:\/\/nereumatias.com\/pt\/produto\/philings-blackhead-remover\/","og_site_name":"Formaciones PhiAcademy - Phiseller Espa\u00f1a","article_publisher":"https:\/\/www.facebook.com\/nereumatias","article_modified_time":"2022-12-26T12:52:59+00:00","og_image":[{"width":600,"height":800,"url":"https:\/\/nereumatias.com\/wp-content\/uploads\/2022\/12\/PhiLings-Blackhead-Remover.jpg","type":"image\/jpeg"}],"twitter_card":"summary_large_image","schema":{"@context":"https:\/\/schema.org","@graph":[{"@type":"WebPage","@id":"https:\/\/nereumatias.com\/producto\/philings-blackhead-remover\/","url":"https:\/\/nereumatias.com\/producto\/philings-blackhead-remover\/","name":"PhiLings Blackhead Remover - Formaciones PhiAcademy - Phiseller Espa\u00f1a","isPartOf":{"@id":"https:\/\/nereumatias.com\/#website"},"primaryImageOfPage":{"@id":"https:\/\/nereumatias.com\/producto\/philings-blackhead-remover\/#primaryimage"},"image":{"@id":"https:\/\/nereumatias.com\/producto\/philings-blackhead-remover\/#primaryimage"},"thumbnailUrl":"https:\/\/nereumatias.com\/wp-content\/uploads\/2022\/12\/PhiLings-Blackhead-Remover.jpg","datePublished":"2021-07-08T03:41:27+00:00","dateModified":"2022-12-26T12:52:59+00:00","breadcrumb":{"@id":"https:\/\/nereumatias.com\/producto\/philings-blackhead-remover\/#breadcrumb"},"inLanguage":"pt-BR","potentialAction":[{"@type":"ReadAction","target":["https:\/\/nereumatias.com\/producto\/philings-blackhead-remover\/"]}]},{"@type":"ImageObject","inLanguage":"pt-BR","@id":"https:\/\/nereumatias.com\/producto\/philings-blackhead-remover\/#primaryimage","url":"https:\/\/nereumatias.com\/wp-content\/uploads\/2022\/12\/PhiLings-Blackhead-Remover.jpg","contentUrl":"https:\/\/nereumatias.com\/wp-content\/uploads\/2022\/12\/PhiLings-Blackhead-Remover.jpg","width":600,"height":800},{"@type":"BreadcrumbList","@id":"https:\/\/nereumatias.com\/producto\/philings-blackhead-remover\/#breadcrumb","itemListElement":[{"@type":"ListItem","position":1,"name":"Home","item":"https:\/\/nereumatias.com\/"},{"@type":"ListItem","position":2,"name":"Tienda","item":"https:\/\/nereumatias.com\/tienda-online\/"},{"@type":"ListItem","position":3,"name":"PhiLings Blackhead Remover"}]},{"@type":"WebSite","@id":"https:\/\/nereumatias.com\/#website","url":"https:\/\/nereumatias.com\/","name":"Formaciones PhiAcademy - Phiseller Espa\u00f1a","description":"PhiAcademy","publisher":{"@id":"https:\/\/nereumatias.com\/#organization"},"potentialAction":[{"@type":"SearchAction","target":{"@type":"EntryPoint","urlTemplate":"https:\/\/nereumatias.com\/?s={search_term_string}"},"query-input":{"@type":"PropertyValueSpecification","valueRequired":true,"valueName":"search_term_string"}}],"inLanguage":"pt-BR"},{"@type":"Organization","@id":"https:\/\/nereumatias.com\/#organization","name":"Formaciones PhiAcademy - Phiseller Espa\u00f1a","url":"https:\/\/nereumatias.com\/","logo":{"@type":"ImageObject","inLanguage":"pt-BR","@id":"https:\/\/nereumatias.com\/#\/schema\/logo\/image\/","url":"https:\/\/nereumatias.com\/wp-content\/uploads\/2022\/09\/logo-phiseller-negro-150.png","contentUrl":"https:\/\/nereumatias.com\/wp-content\/uploads\/2022\/09\/logo-phiseller-negro-150.png","width":375,"height":150,"caption":"Formaciones PhiAcademy - Phiseller Espa\u00f1a"},"image":{"@id":"https:\/\/nereumatias.com\/#\/schema\/logo\/image\/"},"sameAs":["https:\/\/www.facebook.com\/nereumatias"]}]}},"_links":{"self":[{"href":"https:\/\/nereumatias.com\/pt\/wp-json\/wp\/v2\/product\/41888","targetHints":{"allow":["GET"]}}],"collection":[{"href":"https:\/\/nereumatias.com\/pt\/wp-json\/wp\/v2\/product"}],"about":[{"href":"https:\/\/nereumatias.com\/pt\/wp-json\/wp\/v2\/types\/product"}],"replies":[{"embeddable":true,"href":"https:\/\/nereumatias.com\/pt\/wp-json\/wp\/v2\/comments?post=41888"}],"version-history":[{"count":1,"href":"https:\/\/nereumatias.com\/pt\/wp-json\/wp\/v2\/product\/41888\/revisions"}],"predecessor-version":[{"id":41889,"href":"https:\/\/nereumatias.com\/pt\/wp-json\/wp\/v2\/product\/41888\/revisions\/41889"}],"wp:featuredmedia":[{"embeddable":true,"href":"https:\/\/nereumatias.com\/pt\/wp-json\/wp\/v2\/media\/43501"}],"wp:attachment":[{"href":"https:\/\/nereumatias.com\/pt\/wp-json\/wp\/v2\/media?parent=41888"}],"wp:term":[{"taxonomy":"product_brand","embeddable":true,"href":"https:\/\/nereumatias.com\/pt\/wp-json\/wp\/v2\/product_brand?post=41888"},{"taxonomy":"product_cat","embeddable":true,"href":"https:\/\/nereumatias.com\/pt\/wp-json\/wp\/v2\/product_cat?post=41888"},{"taxonomy":"product_tag","embeddable":true,"href":"https:\/\/nereumatias.com\/pt\/wp-json\/wp\/v2\/product_tag?post=41888"}],"curies":[{"name":"wp","href":"https:\/\/api.w.org\/{rel}","templated":true}]}}