{"id":41824,"date":"2021-07-08T05:41:06","date_gmt":"2021-07-08T03:41:06","guid":{"rendered":"https:\/\/nereumatias.phiseller.com\/?post_type=product&#038;p=41824"},"modified":"2023-01-02T17:33:10","modified_gmt":"2023-01-02T16:33:10","slug":"phicontour-disp-eyes-lip-for-latex-head","status":"publish","type":"product","link":"https:\/\/nereumatias.com\/pt\/produto\/phicontour-disp-eyes-lip-for-latex-head\/","title":{"rendered":"PhiContour Disp. Eyes &amp; Lip para cabe\u00e7a de l\u00e1tex"},"content":{"rendered":"<p>Olhos descart\u00e1veis de 2 pe\u00e7as e l\u00e1bio de 1 pe\u00e7a, adequados para serem inseridos na cabe\u00e7a de pr\u00e1tica do PhiContour 3D, com a sensa\u00e7\u00e3o de praticar em um modelo realista.<\/p>\n<p>Material muito macio, semelhante \u00e0 pele, f\u00e1cil de trabalhar, perfeito para qualquer n\u00edvel de habilidade que queira praticar sua t\u00e9cnica de maquiagem permanente, incluindo iniciantes e profissionais. Essas almofadas de pr\u00e1tica remov\u00edveis s\u00e3o a oportunidade ideal para experimentar novas t\u00e9cnicas.<\/p>","protected":false},"excerpt":{"rendered":"<p>Olhos descart\u00e1veis de 2 pe\u00e7as e l\u00e1bio de 1 pe\u00e7a, adequados para serem inseridos na cabe\u00e7a de pr\u00e1tica do PhiContour 3D, com a sensa\u00e7\u00e3o de praticar em um modelo realista.<\/p>\n<p>Material muito macio, semelhante \u00e0 pele, f\u00e1cil de trabalhar, perfeito para qualquer n\u00edvel de habilidade que queira praticar sua t\u00e9cnica de maquiagem permanente, incluindo iniciantes e profissionais. Essas almofadas de pr\u00e1tica remov\u00edveis s\u00e3o a oportunidade ideal para experimentar novas t\u00e9cnicas.<\/p>","protected":false},"featured_media":43460,"comment_status":"open","ping_status":"closed","template":"","meta":{"_acf_changed":false,"_joinchat":[]},"product_brand":[],"product_cat":[81,72],"product_tag":[],"class_list":{"0":"post-41824","1":"product","2":"type-product","3":"status-publish","4":"has-post-thumbnail","6":"product_cat-accessories-phicontour","7":"product_cat-phicontour","9":"first","10":"instock","11":"taxable","12":"shipping-taxable","13":"purchasable","14":"product-type-simple"},"supplier_id":null,"supplier_sku":"","barcode":null,"atum_controlled":true,"out_stock_date":null,"out_stock_threshold":null,"inheritable":false,"inbound_stock":null,"stock_on_hold":0,"sold_today":0,"sales_last_days":0,"reserved_stock":null,"customer_returns":null,"warehouse_damage":null,"lost_in_post":null,"other_logs":null,"out_stock_days":0,"lost_sales":0,"has_location":null,"update_date":"2026-05-10T12:46:21","atum_locations":[],"atum_stock_status":"instock","restock_status":false,"low_stock_amount":0,"sales_update_date":"2026-05-10T12:46:21","calc_backorders":null,"acf":[],"yoast_head":"<!-- This site is optimized with the Yoast SEO plugin v24.8 - https:\/\/yoast.com\/wordpress\/plugins\/seo\/ -->\n<title>PhiContour Disp. Eyes &amp; Lip for Latex Head - Formaciones PhiAcademy - Phiseller Espa\u00f1a<\/title>\n<meta name=\"robots\" content=\"index, follow, max-snippet:-1, max-image-preview:large, max-video-preview:-1\" \/>\n<link rel=\"canonical\" href=\"https:\/\/nereumatias.com\/pt\/produto\/phicontour-disp-eyes-lip-for-latex-head\/\" \/>\n<meta property=\"og:locale\" content=\"pt_BR\" \/>\n<meta property=\"og:type\" content=\"article\" \/>\n<meta property=\"og:title\" content=\"PhiContour Disp. Eyes &amp; Lip for Latex Head - Formaciones PhiAcademy - Phiseller Espa\u00f1a\" \/>\n<meta property=\"og:description\" content=\"Ojos desechables de 2 piezas  1 pieza de labio, adecuados para insertar en la cabeza de pr\u00e1ctica PhiContour 3D, con la sensaci\u00f3n de una pr\u00e1ctica en un modelo realista.  Material muy suave como la piel, f\u00e1cil de trabajar, perfecto para cualquier nivel de habilidad que busque practicar su t\u00e9cnica de maquillaje permanente, incluidos principiantes y profesionales. Estas almohadillas de pr\u00e1ctica extra\u00edbles brindan una oportunidad ideal para probar nuevas t\u00e9cnicas.\" \/>\n<meta property=\"og:url\" content=\"https:\/\/nereumatias.com\/pt\/produto\/phicontour-disp-eyes-lip-for-latex-head\/\" \/>\n<meta property=\"og:site_name\" content=\"Formaciones PhiAcademy - Phiseller Espa\u00f1a\" \/>\n<meta property=\"article:publisher\" content=\"https:\/\/www.facebook.com\/nereumatias\" \/>\n<meta property=\"article:modified_time\" content=\"2023-01-02T16:33:10+00:00\" \/>\n<meta property=\"og:image\" content=\"https:\/\/nereumatias.com\/wp-content\/uploads\/2022\/12\/practisingheadlatex004_1_1_2.jpg\" \/>\n\t<meta property=\"og:image:width\" content=\"600\" \/>\n\t<meta property=\"og:image:height\" content=\"800\" \/>\n\t<meta property=\"og:image:type\" content=\"image\/jpeg\" \/>\n<meta name=\"twitter:card\" content=\"summary_large_image\" \/>\n<script type=\"application\/ld+json\" class=\"yoast-schema-graph\">{\"@context\":\"https:\/\/schema.org\",\"@graph\":[{\"@type\":\"WebPage\",\"@id\":\"https:\/\/nereumatias.com\/producto\/phicontour-disp-eyes-lip-for-latex-head\/\",\"url\":\"https:\/\/nereumatias.com\/producto\/phicontour-disp-eyes-lip-for-latex-head\/\",\"name\":\"PhiContour Disp. Eyes & Lip for Latex Head - Formaciones PhiAcademy - Phiseller Espa\u00f1a\",\"isPartOf\":{\"@id\":\"https:\/\/nereumatias.com\/#website\"},\"primaryImageOfPage\":{\"@id\":\"https:\/\/nereumatias.com\/producto\/phicontour-disp-eyes-lip-for-latex-head\/#primaryimage\"},\"image\":{\"@id\":\"https:\/\/nereumatias.com\/producto\/phicontour-disp-eyes-lip-for-latex-head\/#primaryimage\"},\"thumbnailUrl\":\"https:\/\/nereumatias.com\/wp-content\/uploads\/2022\/12\/practisingheadlatex004_1_1_2.jpg\",\"datePublished\":\"2021-07-08T03:41:06+00:00\",\"dateModified\":\"2023-01-02T16:33:10+00:00\",\"breadcrumb\":{\"@id\":\"https:\/\/nereumatias.com\/producto\/phicontour-disp-eyes-lip-for-latex-head\/#breadcrumb\"},\"inLanguage\":\"pt-BR\",\"potentialAction\":[{\"@type\":\"ReadAction\",\"target\":[\"https:\/\/nereumatias.com\/producto\/phicontour-disp-eyes-lip-for-latex-head\/\"]}]},{\"@type\":\"ImageObject\",\"inLanguage\":\"pt-BR\",\"@id\":\"https:\/\/nereumatias.com\/producto\/phicontour-disp-eyes-lip-for-latex-head\/#primaryimage\",\"url\":\"https:\/\/nereumatias.com\/wp-content\/uploads\/2022\/12\/practisingheadlatex004_1_1_2.jpg\",\"contentUrl\":\"https:\/\/nereumatias.com\/wp-content\/uploads\/2022\/12\/practisingheadlatex004_1_1_2.jpg\",\"width\":600,\"height\":800},{\"@type\":\"BreadcrumbList\",\"@id\":\"https:\/\/nereumatias.com\/producto\/phicontour-disp-eyes-lip-for-latex-head\/#breadcrumb\",\"itemListElement\":[{\"@type\":\"ListItem\",\"position\":1,\"name\":\"Home\",\"item\":\"https:\/\/nereumatias.com\/\"},{\"@type\":\"ListItem\",\"position\":2,\"name\":\"Tienda\",\"item\":\"https:\/\/nereumatias.com\/tienda-online\/\"},{\"@type\":\"ListItem\",\"position\":3,\"name\":\"PhiContour Disp. Eyes &#038; Lip for Latex Head\"}]},{\"@type\":\"WebSite\",\"@id\":\"https:\/\/nereumatias.com\/#website\",\"url\":\"https:\/\/nereumatias.com\/\",\"name\":\"Formaciones PhiAcademy - Phiseller Espa\u00f1a\",\"description\":\"PhiAcademy\",\"publisher\":{\"@id\":\"https:\/\/nereumatias.com\/#organization\"},\"potentialAction\":[{\"@type\":\"SearchAction\",\"target\":{\"@type\":\"EntryPoint\",\"urlTemplate\":\"https:\/\/nereumatias.com\/?s={search_term_string}\"},\"query-input\":{\"@type\":\"PropertyValueSpecification\",\"valueRequired\":true,\"valueName\":\"search_term_string\"}}],\"inLanguage\":\"pt-BR\"},{\"@type\":\"Organization\",\"@id\":\"https:\/\/nereumatias.com\/#organization\",\"name\":\"Formaciones PhiAcademy - Phiseller Espa\u00f1a\",\"url\":\"https:\/\/nereumatias.com\/\",\"logo\":{\"@type\":\"ImageObject\",\"inLanguage\":\"pt-BR\",\"@id\":\"https:\/\/nereumatias.com\/#\/schema\/logo\/image\/\",\"url\":\"https:\/\/nereumatias.com\/wp-content\/uploads\/2022\/09\/logo-phiseller-negro-150.png\",\"contentUrl\":\"https:\/\/nereumatias.com\/wp-content\/uploads\/2022\/09\/logo-phiseller-negro-150.png\",\"width\":375,\"height\":150,\"caption\":\"Formaciones PhiAcademy - Phiseller Espa\u00f1a\"},\"image\":{\"@id\":\"https:\/\/nereumatias.com\/#\/schema\/logo\/image\/\"},\"sameAs\":[\"https:\/\/www.facebook.com\/nereumatias\"]}]}<\/script>\n<!-- \/ Yoast SEO plugin. -->","yoast_head_json":{"title":"PhiContour Disp. Eyes & Lip for Latex Head - Formaciones PhiAcademy - Phiseller Espa\u00f1a","robots":{"index":"index","follow":"follow","max-snippet":"max-snippet:-1","max-image-preview":"max-image-preview:large","max-video-preview":"max-video-preview:-1"},"canonical":"https:\/\/nereumatias.com\/pt\/produto\/phicontour-disp-eyes-lip-for-latex-head\/","og_locale":"pt_BR","og_type":"article","og_title":"PhiContour Disp. Eyes & Lip for Latex Head - Formaciones PhiAcademy - Phiseller Espa\u00f1a","og_description":"Ojos desechables de 2 piezas  1 pieza de labio, adecuados para insertar en la cabeza de pr\u00e1ctica PhiContour 3D, con la sensaci\u00f3n de una pr\u00e1ctica en un modelo realista.  Material muy suave como la piel, f\u00e1cil de trabajar, perfecto para cualquier nivel de habilidad que busque practicar su t\u00e9cnica de maquillaje permanente, incluidos principiantes y profesionales. Estas almohadillas de pr\u00e1ctica extra\u00edbles brindan una oportunidad ideal para probar nuevas t\u00e9cnicas.","og_url":"https:\/\/nereumatias.com\/pt\/produto\/phicontour-disp-eyes-lip-for-latex-head\/","og_site_name":"Formaciones PhiAcademy - Phiseller Espa\u00f1a","article_publisher":"https:\/\/www.facebook.com\/nereumatias","article_modified_time":"2023-01-02T16:33:10+00:00","og_image":[{"width":600,"height":800,"url":"https:\/\/nereumatias.com\/wp-content\/uploads\/2022\/12\/practisingheadlatex004_1_1_2.jpg","type":"image\/jpeg"}],"twitter_card":"summary_large_image","schema":{"@context":"https:\/\/schema.org","@graph":[{"@type":"WebPage","@id":"https:\/\/nereumatias.com\/producto\/phicontour-disp-eyes-lip-for-latex-head\/","url":"https:\/\/nereumatias.com\/producto\/phicontour-disp-eyes-lip-for-latex-head\/","name":"PhiContour Disp. Eyes & Lip for Latex Head - Formaciones PhiAcademy - Phiseller Espa\u00f1a","isPartOf":{"@id":"https:\/\/nereumatias.com\/#website"},"primaryImageOfPage":{"@id":"https:\/\/nereumatias.com\/producto\/phicontour-disp-eyes-lip-for-latex-head\/#primaryimage"},"image":{"@id":"https:\/\/nereumatias.com\/producto\/phicontour-disp-eyes-lip-for-latex-head\/#primaryimage"},"thumbnailUrl":"https:\/\/nereumatias.com\/wp-content\/uploads\/2022\/12\/practisingheadlatex004_1_1_2.jpg","datePublished":"2021-07-08T03:41:06+00:00","dateModified":"2023-01-02T16:33:10+00:00","breadcrumb":{"@id":"https:\/\/nereumatias.com\/producto\/phicontour-disp-eyes-lip-for-latex-head\/#breadcrumb"},"inLanguage":"pt-BR","potentialAction":[{"@type":"ReadAction","target":["https:\/\/nereumatias.com\/producto\/phicontour-disp-eyes-lip-for-latex-head\/"]}]},{"@type":"ImageObject","inLanguage":"pt-BR","@id":"https:\/\/nereumatias.com\/producto\/phicontour-disp-eyes-lip-for-latex-head\/#primaryimage","url":"https:\/\/nereumatias.com\/wp-content\/uploads\/2022\/12\/practisingheadlatex004_1_1_2.jpg","contentUrl":"https:\/\/nereumatias.com\/wp-content\/uploads\/2022\/12\/practisingheadlatex004_1_1_2.jpg","width":600,"height":800},{"@type":"BreadcrumbList","@id":"https:\/\/nereumatias.com\/producto\/phicontour-disp-eyes-lip-for-latex-head\/#breadcrumb","itemListElement":[{"@type":"ListItem","position":1,"name":"Home","item":"https:\/\/nereumatias.com\/"},{"@type":"ListItem","position":2,"name":"Tienda","item":"https:\/\/nereumatias.com\/tienda-online\/"},{"@type":"ListItem","position":3,"name":"PhiContour Disp. Eyes &#038; Lip for Latex Head"}]},{"@type":"WebSite","@id":"https:\/\/nereumatias.com\/#website","url":"https:\/\/nereumatias.com\/","name":"Formaciones PhiAcademy - Phiseller Espa\u00f1a","description":"PhiAcademy","publisher":{"@id":"https:\/\/nereumatias.com\/#organization"},"potentialAction":[{"@type":"SearchAction","target":{"@type":"EntryPoint","urlTemplate":"https:\/\/nereumatias.com\/?s={search_term_string}"},"query-input":{"@type":"PropertyValueSpecification","valueRequired":true,"valueName":"search_term_string"}}],"inLanguage":"pt-BR"},{"@type":"Organization","@id":"https:\/\/nereumatias.com\/#organization","name":"Formaciones PhiAcademy - Phiseller Espa\u00f1a","url":"https:\/\/nereumatias.com\/","logo":{"@type":"ImageObject","inLanguage":"pt-BR","@id":"https:\/\/nereumatias.com\/#\/schema\/logo\/image\/","url":"https:\/\/nereumatias.com\/wp-content\/uploads\/2022\/09\/logo-phiseller-negro-150.png","contentUrl":"https:\/\/nereumatias.com\/wp-content\/uploads\/2022\/09\/logo-phiseller-negro-150.png","width":375,"height":150,"caption":"Formaciones PhiAcademy - Phiseller Espa\u00f1a"},"image":{"@id":"https:\/\/nereumatias.com\/#\/schema\/logo\/image\/"},"sameAs":["https:\/\/www.facebook.com\/nereumatias"]}]}},"_links":{"self":[{"href":"https:\/\/nereumatias.com\/pt\/wp-json\/wp\/v2\/product\/41824","targetHints":{"allow":["GET"]}}],"collection":[{"href":"https:\/\/nereumatias.com\/pt\/wp-json\/wp\/v2\/product"}],"about":[{"href":"https:\/\/nereumatias.com\/pt\/wp-json\/wp\/v2\/types\/product"}],"replies":[{"embeddable":true,"href":"https:\/\/nereumatias.com\/pt\/wp-json\/wp\/v2\/comments?post=41824"}],"version-history":[{"count":1,"href":"https:\/\/nereumatias.com\/pt\/wp-json\/wp\/v2\/product\/41824\/revisions"}],"predecessor-version":[{"id":41825,"href":"https:\/\/nereumatias.com\/pt\/wp-json\/wp\/v2\/product\/41824\/revisions\/41825"}],"wp:featuredmedia":[{"embeddable":true,"href":"https:\/\/nereumatias.com\/pt\/wp-json\/wp\/v2\/media\/43460"}],"wp:attachment":[{"href":"https:\/\/nereumatias.com\/pt\/wp-json\/wp\/v2\/media?parent=41824"}],"wp:term":[{"taxonomy":"product_brand","embeddable":true,"href":"https:\/\/nereumatias.com\/pt\/wp-json\/wp\/v2\/product_brand?post=41824"},{"taxonomy":"product_cat","embeddable":true,"href":"https:\/\/nereumatias.com\/pt\/wp-json\/wp\/v2\/product_cat?post=41824"},{"taxonomy":"product_tag","embeddable":true,"href":"https:\/\/nereumatias.com\/pt\/wp-json\/wp\/v2\/product_tag?post=41824"}],"curies":[{"name":"wp","href":"https:\/\/api.w.org\/{rel}","templated":true}]}}