{"id":41786,"date":"2021-07-08T05:41:04","date_gmt":"2021-07-08T03:41:04","guid":{"rendered":"https:\/\/nereumatias.phiseller.com\/?post_type=product&#038;p=41786"},"modified":"2026-03-24T16:18:50","modified_gmt":"2026-03-24T15:18:50","slug":"phiroyalmachine","status":"publish","type":"product","link":"https:\/\/nereumatias.com\/pt\/produto\/phiroyalmachine\/","title":{"rendered":"Phi Royal Machine"},"content":{"rendered":"<p>Tu trampol\u00edn hacia la maestr\u00eda. Tecnolog\u00eda avanzada para artistas intermedios.<\/p>\n<p>Lleva tus habilidades a un nuevo nivel con el Royal, perfecto para artistas que desean una m\u00e1quina m\u00e1s avanzada que a\u00fan sea simple, manejable y f\u00e1cil de usar.<\/p>\n<p>Datos R\u00e1pidos:<\/p>\n<p>Perfecto para artistas que quieren hacer la transici\u00f3n a equipos m\u00e1s avanzados<\/p>\n<p>Longitud de carrera de 3,5 mm<\/p>\n<p>Alto torque a baja velocidad<\/p>\n<p>Voltaje: 4-12<\/p>\n<p>Hertz variables: 25-120 pulsos\/segundo<\/p>\n<p>Operaci\u00f3n con bater\u00eda o fuente de alimentaci\u00f3n (la fuente de alimentaci\u00f3n puede adquirirse por separado aqu\u00ed)<\/p>\n<p>162g con bater\u00eda, 110g con fuente de alimentaci\u00f3n<\/p>\n<p>2 bater\u00edas intercambiables<\/p>\n<p>Bater\u00edas de 800mAh<\/p>\n<p>Acepta cartuchos universales de PMU y tatuaje<\/p>\n<p>Compruebe si esta m\u00e1quina es la adecuada para usted: obtenga todos los detalles en nuestra gu\u00eda de compra.<\/p>\n<p>\u2714 Eficaz contra la elasticidad de la piel. Un motor potente que conquista la elasticidad de la piel en todos los tipos de piel sin causar trauma.<\/p>\n<p>\u2714 Precisi\u00f3n para todas las t\u00e9cnicas. Excelencia para trazos de cabello. El motor alem\u00e1n personalizado proporciona un alto torque a bajas velocidades &#8211; exactamente lo que te faltaba para los trazos de cabello.<\/p>\n<p>\u2714 Poder vers\u00e1til gracias a la longitud de carrera de 3,5 mm. Un golpe m\u00e1s largo pero equilibrado asegura una implementaci\u00f3n de pigmento consistente y confiable con la mejor retenci\u00f3n posible.<\/p>\n<p>\u2714 Precisi\u00f3n impecable para trabajos intrincados. Golpe m\u00e1s largo + accionamiento directo garantizan el m\u00e1ximo control sobre la aguja, para que puedas crear p\u00edxeles claros o mezclas suaves.<\/p>\n<p>\u2714 Bater\u00eda integrada o proveedor de energ\u00eda &#8211; lo que prefieras. La m\u00e1quina Royal viene con 2 bater\u00edas intercambiables, pero tambi\u00e9n tienes la opci\u00f3n de comprar un proveedor de energ\u00eda para deshacerte del peso excesivo.<\/p>\n<p>El Royal te ayuda a acostumbrarte a equipos m\u00e1s avanzados.<\/p>\n<p>Las m\u00e1quinas inal\u00e1mbricas son m\u00e1s pesadas, lo cual puede ser un desaf\u00edo si no est\u00e1s acostumbrado. El Royal te da la opci\u00f3n de cambiar entre usar la bater\u00eda integrada y un proveedor de energ\u00eda con cable.<\/p>\n<p>Operaci\u00f3n con bater\u00eda significa m\u00e1s peso: 162 g<br \/>\nOperaci\u00f3n con fuente de alimentaci\u00f3n la hace mucho m\u00e1s ligera: 110g<\/p>\n<p>De cualquier manera, hemos empaquetado un motor potente en la huella m\u00e1s peque\u00f1a posible, con un peso lo m\u00e1s bajo posible.<\/p>\n<p>Hasta 4 mm de ajustabilidad en la extensi\u00f3n de la aguja: Controla tu salida de pigmento y trabaja eficientemente con cualquier f\u00f3rmula.<\/p>\n<p>Bajas vibraciones. Pr\u00e1cticamente silencioso: La ingenier\u00eda alemana de alta tecnolog\u00eda garantiza vibraciones m\u00ednimas del motor.<\/p>\n<p>La variabilidad del voltaje asegura versatilidad: Con sus amplios rangos de voltaje, tienes control m\u00e1ximo sobre las 3 m\u00e1quinas.<\/p>\n<p>Ligero &#8211; incluso con la bater\u00eda: A diferencia de muchas m\u00e1quinas en el mercado, las nuevas m\u00e1quinas Phi son ligeras incluso con sus bater\u00edas integradas. Esto significa un mejor equilibrio.<\/p>\n<p>Cuerpo de aluminio de aeronave: Resistente, a prueba de ara\u00f1azos, duradero. Adem\u00e1s de ser elegante, tambi\u00e9n es mejor para el medio ambiente con su contenido reducido de pl\u00e1stico.<\/p>\n<p>Ergon\u00f3mico y elegante: Ya sea que elijas el delgado Artist en forma de bol\u00edgrafo, o el m\u00e1s robusto Royal o Master, los agarres ergon\u00f3micos aseguran menos fatiga en la mano.<\/p>\n<p>Garant\u00eda: 2 a\u00f1os<\/p>","protected":false},"excerpt":{"rendered":"<p>Datos R\u00e1pidos:<\/p>\n<p>Perfecto para artistas que quieren hacer la transici\u00f3n a equipos m\u00e1s avanzados<\/p>\n<p>Longitud de carrera de 3,5 mm<\/p>\n<p>Alto torque a baja velocidad<\/p>\n<p>Voltaje: 4-12<\/p>\n<p>Hertz variables: 25-120 pulsos\/segundo<\/p>\n<p>Operaci\u00f3n con bater\u00eda o fuente de alimentaci\u00f3n (la fuente de alimentaci\u00f3n puede adquirirse por separado aqu\u00ed)<\/p>\n<p>162g con bater\u00eda, 110g con fuente de alimentaci\u00f3n<\/p>\n<p>2 bater\u00edas intercambiables<\/p>\n<p>Bater\u00edas de 800mAh<\/p>\n<p>Acepta cartuchos universales de PMU y tatuaje<\/p>","protected":false},"featured_media":47051,"comment_status":"open","ping_status":"closed","template":"","meta":{"_acf_changed":false,"_joinchat":[]},"product_brand":[],"product_cat":[69,72,87,88],"product_tag":[],"class_list":{"0":"post-41786","1":"product","2":"type-product","3":"status-publish","4":"has-post-thumbnail","6":"product_cat-phibright","7":"product_cat-phicontour","8":"product_cat-pmu-machines","9":"product_cat-tools-phibright","11":"first","12":"onbackorder","13":"taxable","14":"shipping-taxable","15":"purchasable","16":"product-type-simple"},"supplier_id":null,"supplier_sku":"","barcode":null,"atum_controlled":true,"out_stock_date":"2026-03-24 16:18:50","out_stock_threshold":null,"inheritable":false,"inbound_stock":null,"stock_on_hold":0,"sold_today":0,"sales_last_days":0,"reserved_stock":null,"customer_returns":null,"warehouse_damage":null,"lost_in_post":null,"other_logs":null,"out_stock_days":24,"lost_sales":0,"has_location":false,"update_date":"2026-04-18T10:16:28","atum_locations":[],"atum_stock_status":"onbackorder","restock_status":false,"low_stock_amount":0,"sales_update_date":"2026-04-18T10:16:28","calc_backorders":0,"acf":[],"yoast_head":"<!-- This site is optimized with the Yoast SEO plugin v24.8 - https:\/\/yoast.com\/wordpress\/plugins\/seo\/ -->\n<title>Phi Royal Machine - Formaciones PhiAcademy - Phiseller Espa\u00f1a<\/title>\n<meta name=\"robots\" content=\"index, follow, max-snippet:-1, max-image-preview:large, max-video-preview:-1\" \/>\n<link rel=\"canonical\" href=\"https:\/\/nereumatias.com\/pt\/produto\/phiroyalmachine\/\" \/>\n<meta property=\"og:locale\" content=\"pt_BR\" \/>\n<meta property=\"og:type\" content=\"article\" \/>\n<meta property=\"og:title\" content=\"Phi Royal Machine - Formaciones PhiAcademy - Phiseller Espa\u00f1a\" \/>\n<meta property=\"og:description\" content=\"Datos R\u00e1pidos:  Perfecto para artistas que quieren hacer la transici\u00f3n a equipos m\u00e1s avanzados  Longitud de carrera de 3,5 mm  Alto torque a baja velocidad  Voltaje: 4-12  Hertz variables: 25-120 pulsos\/segundo  Operaci\u00f3n con bater\u00eda o fuente de alimentaci\u00f3n (la fuente de alimentaci\u00f3n puede adquirirse por separado aqu\u00ed)  162g con bater\u00eda, 110g con fuente de alimentaci\u00f3n  2 bater\u00edas intercambiables  Bater\u00edas de 800mAh  Acepta cartuchos universales de PMU y tatuaje\" \/>\n<meta property=\"og:url\" content=\"https:\/\/nereumatias.com\/pt\/produto\/phiroyalmachine\/\" \/>\n<meta property=\"og:site_name\" content=\"Formaciones PhiAcademy - Phiseller Espa\u00f1a\" \/>\n<meta property=\"article:publisher\" content=\"https:\/\/www.facebook.com\/nereumatias\" \/>\n<meta property=\"article:modified_time\" content=\"2026-03-24T15:18:50+00:00\" \/>\n<meta property=\"og:image\" content=\"https:\/\/nereumatias.com\/wp-content\/uploads\/2021\/07\/69d08914df1137d790276c9bddec3829_1200.webp\" \/>\n\t<meta property=\"og:image:width\" content=\"1200\" \/>\n\t<meta property=\"og:image:height\" content=\"1200\" \/>\n\t<meta property=\"og:image:type\" content=\"image\/webp\" \/>\n<meta name=\"twitter:card\" content=\"summary_large_image\" \/>\n<script type=\"application\/ld+json\" class=\"yoast-schema-graph\">{\"@context\":\"https:\/\/schema.org\",\"@graph\":[{\"@type\":\"WebPage\",\"@id\":\"https:\/\/nereumatias.com\/producto\/phiroyalmachine\/\",\"url\":\"https:\/\/nereumatias.com\/producto\/phiroyalmachine\/\",\"name\":\"Phi Royal Machine - Formaciones PhiAcademy - Phiseller Espa\u00f1a\",\"isPartOf\":{\"@id\":\"https:\/\/nereumatias.com\/#website\"},\"primaryImageOfPage\":{\"@id\":\"https:\/\/nereumatias.com\/producto\/phiroyalmachine\/#primaryimage\"},\"image\":{\"@id\":\"https:\/\/nereumatias.com\/producto\/phiroyalmachine\/#primaryimage\"},\"thumbnailUrl\":\"https:\/\/nereumatias.com\/wp-content\/uploads\/2021\/07\/69d08914df1137d790276c9bddec3829_1200.webp\",\"datePublished\":\"2021-07-08T03:41:04+00:00\",\"dateModified\":\"2026-03-24T15:18:50+00:00\",\"breadcrumb\":{\"@id\":\"https:\/\/nereumatias.com\/producto\/phiroyalmachine\/#breadcrumb\"},\"inLanguage\":\"pt-BR\",\"potentialAction\":[{\"@type\":\"ReadAction\",\"target\":[\"https:\/\/nereumatias.com\/producto\/phiroyalmachine\/\"]}]},{\"@type\":\"ImageObject\",\"inLanguage\":\"pt-BR\",\"@id\":\"https:\/\/nereumatias.com\/producto\/phiroyalmachine\/#primaryimage\",\"url\":\"https:\/\/nereumatias.com\/wp-content\/uploads\/2021\/07\/69d08914df1137d790276c9bddec3829_1200.webp\",\"contentUrl\":\"https:\/\/nereumatias.com\/wp-content\/uploads\/2021\/07\/69d08914df1137d790276c9bddec3829_1200.webp\",\"width\":1200,\"height\":1200},{\"@type\":\"BreadcrumbList\",\"@id\":\"https:\/\/nereumatias.com\/producto\/phiroyalmachine\/#breadcrumb\",\"itemListElement\":[{\"@type\":\"ListItem\",\"position\":1,\"name\":\"Home\",\"item\":\"https:\/\/nereumatias.com\/\"},{\"@type\":\"ListItem\",\"position\":2,\"name\":\"Tienda\",\"item\":\"https:\/\/nereumatias.com\/tienda-online\/\"},{\"@type\":\"ListItem\",\"position\":3,\"name\":\"Phi Royal Machine\"}]},{\"@type\":\"WebSite\",\"@id\":\"https:\/\/nereumatias.com\/#website\",\"url\":\"https:\/\/nereumatias.com\/\",\"name\":\"Formaciones PhiAcademy - Phiseller Espa\u00f1a\",\"description\":\"PhiAcademy\",\"publisher\":{\"@id\":\"https:\/\/nereumatias.com\/#organization\"},\"potentialAction\":[{\"@type\":\"SearchAction\",\"target\":{\"@type\":\"EntryPoint\",\"urlTemplate\":\"https:\/\/nereumatias.com\/?s={search_term_string}\"},\"query-input\":{\"@type\":\"PropertyValueSpecification\",\"valueRequired\":true,\"valueName\":\"search_term_string\"}}],\"inLanguage\":\"pt-BR\"},{\"@type\":\"Organization\",\"@id\":\"https:\/\/nereumatias.com\/#organization\",\"name\":\"Formaciones PhiAcademy - Phiseller Espa\u00f1a\",\"url\":\"https:\/\/nereumatias.com\/\",\"logo\":{\"@type\":\"ImageObject\",\"inLanguage\":\"pt-BR\",\"@id\":\"https:\/\/nereumatias.com\/#\/schema\/logo\/image\/\",\"url\":\"https:\/\/nereumatias.com\/wp-content\/uploads\/2022\/09\/logo-phiseller-negro-150.png\",\"contentUrl\":\"https:\/\/nereumatias.com\/wp-content\/uploads\/2022\/09\/logo-phiseller-negro-150.png\",\"width\":375,\"height\":150,\"caption\":\"Formaciones PhiAcademy - Phiseller Espa\u00f1a\"},\"image\":{\"@id\":\"https:\/\/nereumatias.com\/#\/schema\/logo\/image\/\"},\"sameAs\":[\"https:\/\/www.facebook.com\/nereumatias\"]}]}<\/script>\n<!-- \/ Yoast SEO plugin. -->","yoast_head_json":{"title":"Phi Royal Machine - Formaciones PhiAcademy - Phiseller Espa\u00f1a","robots":{"index":"index","follow":"follow","max-snippet":"max-snippet:-1","max-image-preview":"max-image-preview:large","max-video-preview":"max-video-preview:-1"},"canonical":"https:\/\/nereumatias.com\/pt\/produto\/phiroyalmachine\/","og_locale":"pt_BR","og_type":"article","og_title":"Phi Royal Machine - Formaciones PhiAcademy - Phiseller Espa\u00f1a","og_description":"Datos R\u00e1pidos:  Perfecto para artistas que quieren hacer la transici\u00f3n a equipos m\u00e1s avanzados  Longitud de carrera de 3,5 mm  Alto torque a baja velocidad  Voltaje: 4-12  Hertz variables: 25-120 pulsos\/segundo  Operaci\u00f3n con bater\u00eda o fuente de alimentaci\u00f3n (la fuente de alimentaci\u00f3n puede adquirirse por separado aqu\u00ed)  162g con bater\u00eda, 110g con fuente de alimentaci\u00f3n  2 bater\u00edas intercambiables  Bater\u00edas de 800mAh  Acepta cartuchos universales de PMU y tatuaje","og_url":"https:\/\/nereumatias.com\/pt\/produto\/phiroyalmachine\/","og_site_name":"Formaciones PhiAcademy - Phiseller Espa\u00f1a","article_publisher":"https:\/\/www.facebook.com\/nereumatias","article_modified_time":"2026-03-24T15:18:50+00:00","og_image":[{"width":1200,"height":1200,"url":"https:\/\/nereumatias.com\/wp-content\/uploads\/2021\/07\/69d08914df1137d790276c9bddec3829_1200.webp","type":"image\/webp"}],"twitter_card":"summary_large_image","schema":{"@context":"https:\/\/schema.org","@graph":[{"@type":"WebPage","@id":"https:\/\/nereumatias.com\/producto\/phiroyalmachine\/","url":"https:\/\/nereumatias.com\/producto\/phiroyalmachine\/","name":"Phi Royal Machine - Formaciones PhiAcademy - Phiseller Espa\u00f1a","isPartOf":{"@id":"https:\/\/nereumatias.com\/#website"},"primaryImageOfPage":{"@id":"https:\/\/nereumatias.com\/producto\/phiroyalmachine\/#primaryimage"},"image":{"@id":"https:\/\/nereumatias.com\/producto\/phiroyalmachine\/#primaryimage"},"thumbnailUrl":"https:\/\/nereumatias.com\/wp-content\/uploads\/2021\/07\/69d08914df1137d790276c9bddec3829_1200.webp","datePublished":"2021-07-08T03:41:04+00:00","dateModified":"2026-03-24T15:18:50+00:00","breadcrumb":{"@id":"https:\/\/nereumatias.com\/producto\/phiroyalmachine\/#breadcrumb"},"inLanguage":"pt-BR","potentialAction":[{"@type":"ReadAction","target":["https:\/\/nereumatias.com\/producto\/phiroyalmachine\/"]}]},{"@type":"ImageObject","inLanguage":"pt-BR","@id":"https:\/\/nereumatias.com\/producto\/phiroyalmachine\/#primaryimage","url":"https:\/\/nereumatias.com\/wp-content\/uploads\/2021\/07\/69d08914df1137d790276c9bddec3829_1200.webp","contentUrl":"https:\/\/nereumatias.com\/wp-content\/uploads\/2021\/07\/69d08914df1137d790276c9bddec3829_1200.webp","width":1200,"height":1200},{"@type":"BreadcrumbList","@id":"https:\/\/nereumatias.com\/producto\/phiroyalmachine\/#breadcrumb","itemListElement":[{"@type":"ListItem","position":1,"name":"Home","item":"https:\/\/nereumatias.com\/"},{"@type":"ListItem","position":2,"name":"Tienda","item":"https:\/\/nereumatias.com\/tienda-online\/"},{"@type":"ListItem","position":3,"name":"Phi Royal Machine"}]},{"@type":"WebSite","@id":"https:\/\/nereumatias.com\/#website","url":"https:\/\/nereumatias.com\/","name":"Formaciones PhiAcademy - Phiseller Espa\u00f1a","description":"PhiAcademy","publisher":{"@id":"https:\/\/nereumatias.com\/#organization"},"potentialAction":[{"@type":"SearchAction","target":{"@type":"EntryPoint","urlTemplate":"https:\/\/nereumatias.com\/?s={search_term_string}"},"query-input":{"@type":"PropertyValueSpecification","valueRequired":true,"valueName":"search_term_string"}}],"inLanguage":"pt-BR"},{"@type":"Organization","@id":"https:\/\/nereumatias.com\/#organization","name":"Formaciones PhiAcademy - Phiseller Espa\u00f1a","url":"https:\/\/nereumatias.com\/","logo":{"@type":"ImageObject","inLanguage":"pt-BR","@id":"https:\/\/nereumatias.com\/#\/schema\/logo\/image\/","url":"https:\/\/nereumatias.com\/wp-content\/uploads\/2022\/09\/logo-phiseller-negro-150.png","contentUrl":"https:\/\/nereumatias.com\/wp-content\/uploads\/2022\/09\/logo-phiseller-negro-150.png","width":375,"height":150,"caption":"Formaciones PhiAcademy - Phiseller Espa\u00f1a"},"image":{"@id":"https:\/\/nereumatias.com\/#\/schema\/logo\/image\/"},"sameAs":["https:\/\/www.facebook.com\/nereumatias"]}]}},"_links":{"self":[{"href":"https:\/\/nereumatias.com\/pt\/wp-json\/wp\/v2\/product\/41786","targetHints":{"allow":["GET"]}}],"collection":[{"href":"https:\/\/nereumatias.com\/pt\/wp-json\/wp\/v2\/product"}],"about":[{"href":"https:\/\/nereumatias.com\/pt\/wp-json\/wp\/v2\/types\/product"}],"replies":[{"embeddable":true,"href":"https:\/\/nereumatias.com\/pt\/wp-json\/wp\/v2\/comments?post=41786"}],"version-history":[{"count":4,"href":"https:\/\/nereumatias.com\/pt\/wp-json\/wp\/v2\/product\/41786\/revisions"}],"predecessor-version":[{"id":47056,"href":"https:\/\/nereumatias.com\/pt\/wp-json\/wp\/v2\/product\/41786\/revisions\/47056"}],"wp:featuredmedia":[{"embeddable":true,"href":"https:\/\/nereumatias.com\/pt\/wp-json\/wp\/v2\/media\/47051"}],"wp:attachment":[{"href":"https:\/\/nereumatias.com\/pt\/wp-json\/wp\/v2\/media?parent=41786"}],"wp:term":[{"taxonomy":"product_brand","embeddable":true,"href":"https:\/\/nereumatias.com\/pt\/wp-json\/wp\/v2\/product_brand?post=41786"},{"taxonomy":"product_cat","embeddable":true,"href":"https:\/\/nereumatias.com\/pt\/wp-json\/wp\/v2\/product_cat?post=41786"},{"taxonomy":"product_tag","embeddable":true,"href":"https:\/\/nereumatias.com\/pt\/wp-json\/wp\/v2\/product_tag?post=41786"}],"curies":[{"name":"wp","href":"https:\/\/api.w.org\/{rel}","templated":true}]}}