{"id":41784,"date":"2021-07-08T05:41:04","date_gmt":"2021-07-08T03:41:04","guid":{"rendered":"https:\/\/nereumatias.phiseller.com\/?post_type=product&#038;p=41784"},"modified":"2026-03-23T17:26:50","modified_gmt":"2026-03-23T16:26:50","slug":"phimastermachine","status":"publish","type":"product","link":"https:\/\/nereumatias.com\/pt\/produto\/phimastermachine\/","title":{"rendered":"Phi Master Machine"},"content":{"rendered":"<p>Tecnolog\u00eda extraordinaria para habilidades extraordinarias. Innovaci\u00f3n sin compromisos.<\/p>\n<p>Con la m\u00e1quina Master, estamos revolucionando la industria. Perfecta para artistas maestros que desean caracter\u00edsticas premium que fomenten la creatividad.<\/p>\n<p>Compruebe si esta m\u00e1quina es la adecuada para usted: obtenga todos los detalles en nuestra gu\u00eda de compra.<\/p>\n<p> \u2714 Modo de operaci\u00f3n dual: cambia entre delineado y sombreado con un clic. 2 modos con par\u00e1metros preestablecidos para diferentes t\u00e9cnicas. Una caracter\u00edstica verdaderamente \u00fanica que facilita tu trabajo.<\/p>\n<p>\u2714 Eficaz contra la elasticidad de la piel. Un motor potente que conquista la elasticidad de la piel en todos los tipos de piel sin causar trauma excesivo.<\/p>\n<p>\u2714 Precisi\u00f3n para todas las t\u00e9cnicas. Excelencia para trazos de cabello. El motor alem\u00e1n personalizado proporciona un alto torque a bajas velocidades, exactamente lo que te faltaba para trazos de cabello.<\/p>\n<p>\u2714 M\u00e1xima eficiencia y m\u00ednimo trauma en la piel. Alto torque a bajas velocidades + golpe de 3.5 mm para resultados consistentemente precisos que conquistan todo tipo de piel.<\/p>\n<p>\u2714 Nunca te quedes sin energ\u00eda. El Master funciona con una bater\u00eda intercambiable de 1900 mAh con una larga duraci\u00f3n. Obtienes 3 bater\u00edas que te permiten trabajar durante todo el d\u00eda sin interrupciones.<\/p>\n<p>Hasta 4 mm de ajustabilidad en la extensi\u00f3n de la aguja: Controla tu salida de pigmento y trabaja eficientemente con cualquier f\u00f3rmula.<\/p>\n<p>Bajas vibraciones. Pr\u00e1cticamente silencioso: La ingenier\u00eda alemana de alta tecnolog\u00eda garantiza vibraciones m\u00ednimas del motor.<\/p>\n<p>La variabilidad del voltaje asegura versatilidad: Con sus amplios rangos de voltaje, tienes control m\u00e1ximo sobre las 3 m\u00e1quinas.<\/p>\n<p>Ligero &#8211; incluso con la bater\u00eda: A diferencia de muchas m\u00e1quinas en el mercado, las nuevas m\u00e1quinas Phi son ligeras incluso con sus bater\u00edas integradas. Esto significa un mejor equilibrio.<\/p>\n<p>Cuerpo de aluminio de aeronave: Resistente, a prueba de ara\u00f1azos, duradero. Adem\u00e1s de ser elegante, tambi\u00e9n es mejor para el medio ambiente con su contenido reducido de pl\u00e1stico.<\/p>\n<p>Ergon\u00f3mico y elegante: Ya sea que elijas el delgado Artist en forma de bol\u00edgrafo, o el m\u00e1s robusto Royal o Master, los agarres ergon\u00f3micos aseguran menos fatiga en la mano.<\/p>\n<p>Garant\u00eda: 2 a\u00f1os<\/p>","protected":false},"excerpt":{"rendered":"<p>Datos r\u00e1pidos:<\/p>\n<p>Perfecto para profesionales avanzados<\/p>\n<p>Alto torque a baja velocidad<\/p>\n<p>Golpe de 3.5 mm<\/p>\n<p>Voltaje: 5-12<\/p>\n<p>Hertz variable: 25-120 pulsos\/segundo<\/p>\n<p>Inal\u00e1mbrico<\/p>\n<p>3 bater\u00edas intercambiables<\/p>\n<p>Bater\u00edas de 1900 mAh<\/p>\n<p>170g sin bater\u00eda, 205g con bater\u00eda<\/p>\n<p>Modo dual: delineado y sombreado<\/p>\n<p>Acepta cartuchos universales de PMU y tatuaje<\/p>","protected":false},"featured_media":47058,"comment_status":"open","ping_status":"closed","template":"","meta":{"_acf_changed":false,"_joinchat":[]},"product_brand":[],"product_cat":[69,72,87,88],"product_tag":[],"class_list":{"0":"post-41784","1":"product","2":"type-product","3":"status-publish","4":"has-post-thumbnail","6":"product_cat-phibright","7":"product_cat-phicontour","8":"product_cat-pmu-machines","9":"product_cat-tools-phibright","11":"first","12":"instock","13":"taxable","14":"shipping-taxable","15":"purchasable","16":"product-type-simple"},"supplier_id":null,"supplier_sku":"","barcode":null,"atum_controlled":true,"out_stock_date":null,"out_stock_threshold":null,"inheritable":false,"inbound_stock":null,"stock_on_hold":0,"sold_today":0,"sales_last_days":0,"reserved_stock":null,"customer_returns":null,"warehouse_damage":null,"lost_in_post":null,"other_logs":null,"out_stock_days":0,"lost_sales":0,"has_location":false,"update_date":"2026-04-15T10:16:24","atum_locations":[],"atum_stock_status":"instock","restock_status":false,"low_stock_amount":0,"sales_update_date":"2026-04-15T10:16:24","calc_backorders":null,"acf":[],"yoast_head":"<!-- This site is optimized with the Yoast SEO plugin v24.8 - https:\/\/yoast.com\/wordpress\/plugins\/seo\/ -->\n<title>Phi Master Machine - Formaciones PhiAcademy - Phiseller Espa\u00f1a<\/title>\n<meta name=\"robots\" content=\"index, follow, max-snippet:-1, max-image-preview:large, max-video-preview:-1\" \/>\n<link rel=\"canonical\" href=\"https:\/\/nereumatias.com\/pt\/produto\/phimastermachine\/\" \/>\n<meta property=\"og:locale\" content=\"pt_BR\" \/>\n<meta property=\"og:type\" content=\"article\" \/>\n<meta property=\"og:title\" content=\"Phi Master Machine - Formaciones PhiAcademy - Phiseller Espa\u00f1a\" \/>\n<meta property=\"og:description\" content=\"Datos r\u00e1pidos:  Perfecto para profesionales avanzados  Alto torque a baja velocidad  Golpe de 3.5 mm  Voltaje: 5-12  Hertz variable: 25-120 pulsos\/segundo  Inal\u00e1mbrico  3 bater\u00edas intercambiables  Bater\u00edas de 1900 mAh  170g sin bater\u00eda, 205g con bater\u00eda  Modo dual: delineado y sombreado  Acepta cartuchos universales de PMU y tatuaje\" \/>\n<meta property=\"og:url\" content=\"https:\/\/nereumatias.com\/pt\/produto\/phimastermachine\/\" \/>\n<meta property=\"og:site_name\" content=\"Formaciones PhiAcademy - Phiseller Espa\u00f1a\" \/>\n<meta property=\"article:publisher\" content=\"https:\/\/www.facebook.com\/nereumatias\" \/>\n<meta property=\"article:modified_time\" content=\"2026-03-23T16:26:50+00:00\" \/>\n<meta property=\"og:image\" content=\"https:\/\/nereumatias.com\/wp-content\/uploads\/2021\/07\/f650e7de948630a0badc1532475d5d35_1200.webp\" \/>\n\t<meta property=\"og:image:width\" content=\"1200\" \/>\n\t<meta property=\"og:image:height\" content=\"1200\" \/>\n\t<meta property=\"og:image:type\" content=\"image\/webp\" \/>\n<meta name=\"twitter:card\" content=\"summary_large_image\" \/>\n<script type=\"application\/ld+json\" class=\"yoast-schema-graph\">{\"@context\":\"https:\/\/schema.org\",\"@graph\":[{\"@type\":\"WebPage\",\"@id\":\"https:\/\/nereumatias.com\/producto\/phimastermachine\/\",\"url\":\"https:\/\/nereumatias.com\/producto\/phimastermachine\/\",\"name\":\"Phi Master Machine - Formaciones PhiAcademy - Phiseller Espa\u00f1a\",\"isPartOf\":{\"@id\":\"https:\/\/nereumatias.com\/#website\"},\"primaryImageOfPage\":{\"@id\":\"https:\/\/nereumatias.com\/producto\/phimastermachine\/#primaryimage\"},\"image\":{\"@id\":\"https:\/\/nereumatias.com\/producto\/phimastermachine\/#primaryimage\"},\"thumbnailUrl\":\"https:\/\/nereumatias.com\/wp-content\/uploads\/2021\/07\/f650e7de948630a0badc1532475d5d35_1200.webp\",\"datePublished\":\"2021-07-08T03:41:04+00:00\",\"dateModified\":\"2026-03-23T16:26:50+00:00\",\"breadcrumb\":{\"@id\":\"https:\/\/nereumatias.com\/producto\/phimastermachine\/#breadcrumb\"},\"inLanguage\":\"pt-BR\",\"potentialAction\":[{\"@type\":\"ReadAction\",\"target\":[\"https:\/\/nereumatias.com\/producto\/phimastermachine\/\"]}]},{\"@type\":\"ImageObject\",\"inLanguage\":\"pt-BR\",\"@id\":\"https:\/\/nereumatias.com\/producto\/phimastermachine\/#primaryimage\",\"url\":\"https:\/\/nereumatias.com\/wp-content\/uploads\/2021\/07\/f650e7de948630a0badc1532475d5d35_1200.webp\",\"contentUrl\":\"https:\/\/nereumatias.com\/wp-content\/uploads\/2021\/07\/f650e7de948630a0badc1532475d5d35_1200.webp\",\"width\":1200,\"height\":1200},{\"@type\":\"BreadcrumbList\",\"@id\":\"https:\/\/nereumatias.com\/producto\/phimastermachine\/#breadcrumb\",\"itemListElement\":[{\"@type\":\"ListItem\",\"position\":1,\"name\":\"Home\",\"item\":\"https:\/\/nereumatias.com\/\"},{\"@type\":\"ListItem\",\"position\":2,\"name\":\"Tienda\",\"item\":\"https:\/\/nereumatias.com\/tienda-online\/\"},{\"@type\":\"ListItem\",\"position\":3,\"name\":\"Phi Master Machine\"}]},{\"@type\":\"WebSite\",\"@id\":\"https:\/\/nereumatias.com\/#website\",\"url\":\"https:\/\/nereumatias.com\/\",\"name\":\"Formaciones PhiAcademy - Phiseller Espa\u00f1a\",\"description\":\"PhiAcademy\",\"publisher\":{\"@id\":\"https:\/\/nereumatias.com\/#organization\"},\"potentialAction\":[{\"@type\":\"SearchAction\",\"target\":{\"@type\":\"EntryPoint\",\"urlTemplate\":\"https:\/\/nereumatias.com\/?s={search_term_string}\"},\"query-input\":{\"@type\":\"PropertyValueSpecification\",\"valueRequired\":true,\"valueName\":\"search_term_string\"}}],\"inLanguage\":\"pt-BR\"},{\"@type\":\"Organization\",\"@id\":\"https:\/\/nereumatias.com\/#organization\",\"name\":\"Formaciones PhiAcademy - Phiseller Espa\u00f1a\",\"url\":\"https:\/\/nereumatias.com\/\",\"logo\":{\"@type\":\"ImageObject\",\"inLanguage\":\"pt-BR\",\"@id\":\"https:\/\/nereumatias.com\/#\/schema\/logo\/image\/\",\"url\":\"https:\/\/nereumatias.com\/wp-content\/uploads\/2022\/09\/logo-phiseller-negro-150.png\",\"contentUrl\":\"https:\/\/nereumatias.com\/wp-content\/uploads\/2022\/09\/logo-phiseller-negro-150.png\",\"width\":375,\"height\":150,\"caption\":\"Formaciones PhiAcademy - Phiseller Espa\u00f1a\"},\"image\":{\"@id\":\"https:\/\/nereumatias.com\/#\/schema\/logo\/image\/\"},\"sameAs\":[\"https:\/\/www.facebook.com\/nereumatias\"]}]}<\/script>\n<!-- \/ Yoast SEO plugin. -->","yoast_head_json":{"title":"Phi Master Machine - Formaciones PhiAcademy - Phiseller Espa\u00f1a","robots":{"index":"index","follow":"follow","max-snippet":"max-snippet:-1","max-image-preview":"max-image-preview:large","max-video-preview":"max-video-preview:-1"},"canonical":"https:\/\/nereumatias.com\/pt\/produto\/phimastermachine\/","og_locale":"pt_BR","og_type":"article","og_title":"Phi Master Machine - Formaciones PhiAcademy - Phiseller Espa\u00f1a","og_description":"Datos r\u00e1pidos:  Perfecto para profesionales avanzados  Alto torque a baja velocidad  Golpe de 3.5 mm  Voltaje: 5-12  Hertz variable: 25-120 pulsos\/segundo  Inal\u00e1mbrico  3 bater\u00edas intercambiables  Bater\u00edas de 1900 mAh  170g sin bater\u00eda, 205g con bater\u00eda  Modo dual: delineado y sombreado  Acepta cartuchos universales de PMU y tatuaje","og_url":"https:\/\/nereumatias.com\/pt\/produto\/phimastermachine\/","og_site_name":"Formaciones PhiAcademy - Phiseller Espa\u00f1a","article_publisher":"https:\/\/www.facebook.com\/nereumatias","article_modified_time":"2026-03-23T16:26:50+00:00","og_image":[{"width":1200,"height":1200,"url":"https:\/\/nereumatias.com\/wp-content\/uploads\/2021\/07\/f650e7de948630a0badc1532475d5d35_1200.webp","type":"image\/webp"}],"twitter_card":"summary_large_image","schema":{"@context":"https:\/\/schema.org","@graph":[{"@type":"WebPage","@id":"https:\/\/nereumatias.com\/producto\/phimastermachine\/","url":"https:\/\/nereumatias.com\/producto\/phimastermachine\/","name":"Phi Master Machine - Formaciones PhiAcademy - Phiseller Espa\u00f1a","isPartOf":{"@id":"https:\/\/nereumatias.com\/#website"},"primaryImageOfPage":{"@id":"https:\/\/nereumatias.com\/producto\/phimastermachine\/#primaryimage"},"image":{"@id":"https:\/\/nereumatias.com\/producto\/phimastermachine\/#primaryimage"},"thumbnailUrl":"https:\/\/nereumatias.com\/wp-content\/uploads\/2021\/07\/f650e7de948630a0badc1532475d5d35_1200.webp","datePublished":"2021-07-08T03:41:04+00:00","dateModified":"2026-03-23T16:26:50+00:00","breadcrumb":{"@id":"https:\/\/nereumatias.com\/producto\/phimastermachine\/#breadcrumb"},"inLanguage":"pt-BR","potentialAction":[{"@type":"ReadAction","target":["https:\/\/nereumatias.com\/producto\/phimastermachine\/"]}]},{"@type":"ImageObject","inLanguage":"pt-BR","@id":"https:\/\/nereumatias.com\/producto\/phimastermachine\/#primaryimage","url":"https:\/\/nereumatias.com\/wp-content\/uploads\/2021\/07\/f650e7de948630a0badc1532475d5d35_1200.webp","contentUrl":"https:\/\/nereumatias.com\/wp-content\/uploads\/2021\/07\/f650e7de948630a0badc1532475d5d35_1200.webp","width":1200,"height":1200},{"@type":"BreadcrumbList","@id":"https:\/\/nereumatias.com\/producto\/phimastermachine\/#breadcrumb","itemListElement":[{"@type":"ListItem","position":1,"name":"Home","item":"https:\/\/nereumatias.com\/"},{"@type":"ListItem","position":2,"name":"Tienda","item":"https:\/\/nereumatias.com\/tienda-online\/"},{"@type":"ListItem","position":3,"name":"Phi Master Machine"}]},{"@type":"WebSite","@id":"https:\/\/nereumatias.com\/#website","url":"https:\/\/nereumatias.com\/","name":"Formaciones PhiAcademy - Phiseller Espa\u00f1a","description":"PhiAcademy","publisher":{"@id":"https:\/\/nereumatias.com\/#organization"},"potentialAction":[{"@type":"SearchAction","target":{"@type":"EntryPoint","urlTemplate":"https:\/\/nereumatias.com\/?s={search_term_string}"},"query-input":{"@type":"PropertyValueSpecification","valueRequired":true,"valueName":"search_term_string"}}],"inLanguage":"pt-BR"},{"@type":"Organization","@id":"https:\/\/nereumatias.com\/#organization","name":"Formaciones PhiAcademy - Phiseller Espa\u00f1a","url":"https:\/\/nereumatias.com\/","logo":{"@type":"ImageObject","inLanguage":"pt-BR","@id":"https:\/\/nereumatias.com\/#\/schema\/logo\/image\/","url":"https:\/\/nereumatias.com\/wp-content\/uploads\/2022\/09\/logo-phiseller-negro-150.png","contentUrl":"https:\/\/nereumatias.com\/wp-content\/uploads\/2022\/09\/logo-phiseller-negro-150.png","width":375,"height":150,"caption":"Formaciones PhiAcademy - Phiseller Espa\u00f1a"},"image":{"@id":"https:\/\/nereumatias.com\/#\/schema\/logo\/image\/"},"sameAs":["https:\/\/www.facebook.com\/nereumatias"]}]}},"_links":{"self":[{"href":"https:\/\/nereumatias.com\/pt\/wp-json\/wp\/v2\/product\/41784","targetHints":{"allow":["GET"]}}],"collection":[{"href":"https:\/\/nereumatias.com\/pt\/wp-json\/wp\/v2\/product"}],"about":[{"href":"https:\/\/nereumatias.com\/pt\/wp-json\/wp\/v2\/types\/product"}],"replies":[{"embeddable":true,"href":"https:\/\/nereumatias.com\/pt\/wp-json\/wp\/v2\/comments?post=41784"}],"version-history":[{"count":3,"href":"https:\/\/nereumatias.com\/pt\/wp-json\/wp\/v2\/product\/41784\/revisions"}],"predecessor-version":[{"id":47062,"href":"https:\/\/nereumatias.com\/pt\/wp-json\/wp\/v2\/product\/41784\/revisions\/47062"}],"wp:featuredmedia":[{"embeddable":true,"href":"https:\/\/nereumatias.com\/pt\/wp-json\/wp\/v2\/media\/47058"}],"wp:attachment":[{"href":"https:\/\/nereumatias.com\/pt\/wp-json\/wp\/v2\/media?parent=41784"}],"wp:term":[{"taxonomy":"product_brand","embeddable":true,"href":"https:\/\/nereumatias.com\/pt\/wp-json\/wp\/v2\/product_brand?post=41784"},{"taxonomy":"product_cat","embeddable":true,"href":"https:\/\/nereumatias.com\/pt\/wp-json\/wp\/v2\/product_cat?post=41784"},{"taxonomy":"product_tag","embeddable":true,"href":"https:\/\/nereumatias.com\/pt\/wp-json\/wp\/v2\/product_tag?post=41784"}],"curies":[{"name":"wp","href":"https:\/\/api.w.org\/{rel}","templated":true}]}}