{"id":41778,"date":"2021-07-08T05:41:04","date_gmt":"2021-07-08T03:41:04","guid":{"rendered":"https:\/\/nereumatias.phiseller.com\/?post_type=product&#038;p=41778"},"modified":"2026-03-24T16:17:28","modified_gmt":"2026-03-24T15:17:28","slug":"antioxidant-serum-14-10ml","status":"publish","type":"product","link":"https:\/\/nereumatias.com\/pt\/produto\/antioxidant-serum-14-10ml\/","title":{"rendered":"Antioxidant Serum 14 - 10ml"},"content":{"rendered":"<p>Esse soro cont\u00e9m um complexo de vitaminas (A, E, B5, C) e amino\u00e1cidos que proporcionam nutri\u00e7\u00e3o intensiva para todos os tipos de pele. Al\u00e9m disso, \u00e9 enriquecido com ingredientes que cont\u00eam propriedades antioxidantes e protetoras que ap\u00f3iam o processo de renova\u00e7\u00e3o da pele e d\u00e3o a ela um brilho jovial.<\/p>\n<p><strong>Principais componentes:<\/strong><\/p>\n<p>Extrato da fruta Citrus Nobilis - fonte de vitamina C<br \/>\nAmino\u00e1cidos (serina, alanina, glicina, \u00e1cido glut\u00e2mico, lisina HCl, treonina, arginina, prolina)<br \/>\nPantenol,<br \/>\nAcetato de tocoferila (vitamina E)<br \/>\nPalmitato de Retinila (Vitamina A)<\/p>\n<p><strong>Como usar<\/strong><\/p>\n<p>Depois de preparar o soro de acordo com as instru\u00e7\u00f5es fornecidas, aplique o produto durante o tratamento PhiBright.<\/p>\n<p><strong>Ingredientes<\/strong><\/p>\n<p>Aqua, Extrato de Frutas Citrus Nobilis, Beta\u00edna, PCA de S\u00f3dio, Lactato de S\u00f3dio, PCA, Serina, Alanina, Glicina, \u00c1cido Glut\u00e2mico, Lisina HCl, Treonina, Arginina, Prolina, Caprilil\/Capril Glucos\u00eddeo, Cocoato de Poligliceril-3, Laurato de Poligliceril-10, \u00c1cido C\u00edtrico, \u00e1lcool fenet\u00edlico, glicerina, \u00e1cido levul\u00ednico, undecilenoilglicina, levulinato de s\u00f3dio, propanodiol, extrato de casca de aniogeissus leiocarpa, fosfato diss\u00f3dico de acetilglucosamina, triacetato de pantenila, acetato de tocoferila, palmitato de retinila.<\/p>","protected":false},"excerpt":{"rendered":"<p>Esse soro cont\u00e9m um complexo de vitaminas (A, E, B5, C) e amino\u00e1cidos que proporcionam nutri\u00e7\u00e3o intensiva para todos os tipos de pele. Al\u00e9m disso, \u00e9 enriquecido com ingredientes que cont\u00eam propriedades antioxidantes e protetoras que ap\u00f3iam o processo de renova\u00e7\u00e3o da pele e d\u00e3o a ela um brilho jovial.<\/p>\n<p><strong>Principais componentes:<\/strong><\/p>\n<p>Extrato da fruta Citrus Nobilis - fonte de vitamina C<br \/>\nAmino\u00e1cidos (serina, alanina, glicina, \u00e1cido glut\u00e2mico, lisina HCl, treonina, arginina, prolina)<br \/>\nPantenol,<br \/>\nAcetato de tocoferila (vitamina E)<br \/>\nPalmitato de Retinila (Vitamina A)<\/p>\n<p><strong>Como usar<\/strong><\/p>\n<p>Depois de preparar o soro de acordo com as instru\u00e7\u00f5es fornecidas, aplique o produto durante o tratamento PhiBright.<\/p>\n<p><strong>Ingredientes<\/strong><\/p>\n<p>Aqua, Extrato de Frutas Citrus Nobilis, Beta\u00edna, PCA de S\u00f3dio, Lactato de S\u00f3dio, PCA, Serina, Alanina, Glicina, \u00c1cido Glut\u00e2mico, Lisina HCl, Treonina, Arginina, Prolina, Caprilil\/Capril Glucos\u00eddeo, Cocoato de Poligliceril-3, Laurato de Poligliceril-10, \u00c1cido C\u00edtrico, \u00e1lcool fenet\u00edlico, glicerina, \u00e1cido levul\u00ednico, undecilenoilglicina, levulinato de s\u00f3dio, propanodiol, extrato de casca de aniogeissus leiocarpa, fosfato diss\u00f3dico de acetilglucosamina, triacetato de pantenila, acetato de tocoferila, palmitato de retinila.<\/p>","protected":false},"featured_media":43429,"comment_status":"open","ping_status":"closed","template":"","meta":{"_acf_changed":false,"_joinchat":[]},"product_brand":[],"product_cat":[69,85],"product_tag":[],"class_list":{"0":"post-41778","1":"product","2":"type-product","3":"status-publish","4":"has-post-thumbnail","6":"product_cat-phibright","7":"product_cat-serums","9":"first","10":"onbackorder","11":"taxable","12":"shipping-taxable","13":"purchasable","14":"product-type-simple"},"supplier_id":null,"supplier_sku":"","barcode":null,"atum_controlled":true,"out_stock_date":"2026-03-24 16:17:28","out_stock_threshold":null,"inheritable":false,"inbound_stock":null,"stock_on_hold":0,"sold_today":0,"sales_last_days":0,"reserved_stock":null,"customer_returns":null,"warehouse_damage":null,"lost_in_post":null,"other_logs":null,"out_stock_days":21,"lost_sales":0,"has_location":null,"update_date":"2026-04-15T10:16:33","atum_locations":[],"atum_stock_status":"onbackorder","restock_status":false,"low_stock_amount":0,"sales_update_date":"2026-04-15T10:16:33","calc_backorders":0,"acf":[],"yoast_head":"<!-- This site is optimized with the Yoast SEO plugin v24.8 - https:\/\/yoast.com\/wordpress\/plugins\/seo\/ -->\n<title>Antioxidant Serum 14 - 10ml - Formaciones PhiAcademy - Phiseller Espa\u00f1a<\/title>\n<meta name=\"robots\" content=\"index, follow, max-snippet:-1, max-image-preview:large, max-video-preview:-1\" \/>\n<link rel=\"canonical\" href=\"https:\/\/nereumatias.com\/pt\/produto\/antioxidant-serum-14-10ml\/\" \/>\n<meta property=\"og:locale\" content=\"pt_BR\" \/>\n<meta property=\"og:type\" content=\"article\" \/>\n<meta property=\"og:title\" content=\"Antioxidant Serum 14 - 10ml - Formaciones PhiAcademy - Phiseller Espa\u00f1a\" \/>\n<meta property=\"og:description\" content=\"Este suero contiene un complejo de vitaminas (A, E, B5, C) y amino\u00e1cidos que proporcionan una nutrici\u00f3n intensiva para todo tipo de piel. Adem\u00e1s, est\u00e1 enriquecido con ingredientes que contienen propiedades antioxidantes y protectoras que ayudan al proceso de renovaci\u00f3n de la piel y le dan a la piel un brillo juvenil.  Componentes clave:  Citrus Nobilis Fruit Extract - fuente de vitamina C Amino\u00e1cidos (serina, alanina, glicina, \u00e1cido glut\u00e1mico, lisina HCl, treonina, arginina, prolina) Pantenol, Acetato de tocoferilo (vitamina E) Retinyl Palmitate (Vitamina A)  C\u00f3mo utilizar  Una vez que haya preparado el suero de acuerdo con las instrucciones proporcionadas, aplique el producto durante el tratamiento con PhiBright.  Ingredientes  Aqua, Extracto de fruta Citrus Nobilis, Beta\u00edna, PCA de sodio, Lactato de sodio, PCA, Serina, Alanina, Glicina, \u00c1cido glut\u00e1mico, Lisina HCl, Treonina, Arginina, Prolina, Caprylyl \/ Capryl Glucoside, Polyglyceryl-3 Cocoate, Polyglyceryl-10 Laurate, \u00c1cido c\u00edtrico, alcohol fenet\u00edlico, glicerina, \u00e1cido levul\u00ednico, undecilenoil glicina, levulinato de sodio, propanodiol, extracto de corteza de aniogeissus leiocarpa, fosfato dis\u00f3dico de acetilglucosamina, triacetato de pantenilo, acetato de tocoferilo, palmitato de retinilo.\" \/>\n<meta property=\"og:url\" content=\"https:\/\/nereumatias.com\/pt\/produto\/antioxidant-serum-14-10ml\/\" \/>\n<meta property=\"og:site_name\" content=\"Formaciones PhiAcademy - Phiseller Espa\u00f1a\" \/>\n<meta property=\"article:publisher\" content=\"https:\/\/www.facebook.com\/nereumatias\" \/>\n<meta property=\"article:modified_time\" content=\"2026-03-24T15:17:28+00:00\" \/>\n<meta property=\"og:image\" content=\"https:\/\/nereumatias.com\/wp-content\/uploads\/2022\/12\/phi-bright-14.jpg\" \/>\n\t<meta property=\"og:image:width\" content=\"600\" \/>\n\t<meta property=\"og:image:height\" content=\"800\" \/>\n\t<meta property=\"og:image:type\" content=\"image\/jpeg\" \/>\n<meta name=\"twitter:card\" content=\"summary_large_image\" \/>\n<script type=\"application\/ld+json\" class=\"yoast-schema-graph\">{\"@context\":\"https:\/\/schema.org\",\"@graph\":[{\"@type\":\"WebPage\",\"@id\":\"https:\/\/nereumatias.com\/producto\/antioxidant-serum-14-10ml\/\",\"url\":\"https:\/\/nereumatias.com\/producto\/antioxidant-serum-14-10ml\/\",\"name\":\"Antioxidant Serum 14 - 10ml - Formaciones PhiAcademy - Phiseller Espa\u00f1a\",\"isPartOf\":{\"@id\":\"https:\/\/nereumatias.com\/#website\"},\"primaryImageOfPage\":{\"@id\":\"https:\/\/nereumatias.com\/producto\/antioxidant-serum-14-10ml\/#primaryimage\"},\"image\":{\"@id\":\"https:\/\/nereumatias.com\/producto\/antioxidant-serum-14-10ml\/#primaryimage\"},\"thumbnailUrl\":\"https:\/\/nereumatias.com\/wp-content\/uploads\/2022\/12\/phi-bright-14.jpg\",\"datePublished\":\"2021-07-08T03:41:04+00:00\",\"dateModified\":\"2026-03-24T15:17:28+00:00\",\"breadcrumb\":{\"@id\":\"https:\/\/nereumatias.com\/producto\/antioxidant-serum-14-10ml\/#breadcrumb\"},\"inLanguage\":\"pt-BR\",\"potentialAction\":[{\"@type\":\"ReadAction\",\"target\":[\"https:\/\/nereumatias.com\/producto\/antioxidant-serum-14-10ml\/\"]}]},{\"@type\":\"ImageObject\",\"inLanguage\":\"pt-BR\",\"@id\":\"https:\/\/nereumatias.com\/producto\/antioxidant-serum-14-10ml\/#primaryimage\",\"url\":\"https:\/\/nereumatias.com\/wp-content\/uploads\/2022\/12\/phi-bright-14.jpg\",\"contentUrl\":\"https:\/\/nereumatias.com\/wp-content\/uploads\/2022\/12\/phi-bright-14.jpg\",\"width\":600,\"height\":800},{\"@type\":\"BreadcrumbList\",\"@id\":\"https:\/\/nereumatias.com\/producto\/antioxidant-serum-14-10ml\/#breadcrumb\",\"itemListElement\":[{\"@type\":\"ListItem\",\"position\":1,\"name\":\"Home\",\"item\":\"https:\/\/nereumatias.com\/\"},{\"@type\":\"ListItem\",\"position\":2,\"name\":\"Tienda\",\"item\":\"https:\/\/nereumatias.com\/tienda-online\/\"},{\"@type\":\"ListItem\",\"position\":3,\"name\":\"Antioxidant Serum 14 &#8211; 10ml\"}]},{\"@type\":\"WebSite\",\"@id\":\"https:\/\/nereumatias.com\/#website\",\"url\":\"https:\/\/nereumatias.com\/\",\"name\":\"Formaciones PhiAcademy - Phiseller Espa\u00f1a\",\"description\":\"PhiAcademy\",\"publisher\":{\"@id\":\"https:\/\/nereumatias.com\/#organization\"},\"potentialAction\":[{\"@type\":\"SearchAction\",\"target\":{\"@type\":\"EntryPoint\",\"urlTemplate\":\"https:\/\/nereumatias.com\/?s={search_term_string}\"},\"query-input\":{\"@type\":\"PropertyValueSpecification\",\"valueRequired\":true,\"valueName\":\"search_term_string\"}}],\"inLanguage\":\"pt-BR\"},{\"@type\":\"Organization\",\"@id\":\"https:\/\/nereumatias.com\/#organization\",\"name\":\"Formaciones PhiAcademy - Phiseller Espa\u00f1a\",\"url\":\"https:\/\/nereumatias.com\/\",\"logo\":{\"@type\":\"ImageObject\",\"inLanguage\":\"pt-BR\",\"@id\":\"https:\/\/nereumatias.com\/#\/schema\/logo\/image\/\",\"url\":\"https:\/\/nereumatias.com\/wp-content\/uploads\/2022\/09\/logo-phiseller-negro-150.png\",\"contentUrl\":\"https:\/\/nereumatias.com\/wp-content\/uploads\/2022\/09\/logo-phiseller-negro-150.png\",\"width\":375,\"height\":150,\"caption\":\"Formaciones PhiAcademy - Phiseller Espa\u00f1a\"},\"image\":{\"@id\":\"https:\/\/nereumatias.com\/#\/schema\/logo\/image\/\"},\"sameAs\":[\"https:\/\/www.facebook.com\/nereumatias\"]}]}<\/script>\n<!-- \/ Yoast SEO plugin. -->","yoast_head_json":{"title":"Antioxidant Serum 14 - 10ml - Formaciones PhiAcademy - Phiseller Espa\u00f1a","robots":{"index":"index","follow":"follow","max-snippet":"max-snippet:-1","max-image-preview":"max-image-preview:large","max-video-preview":"max-video-preview:-1"},"canonical":"https:\/\/nereumatias.com\/pt\/produto\/antioxidant-serum-14-10ml\/","og_locale":"pt_BR","og_type":"article","og_title":"Antioxidant Serum 14 - 10ml - Formaciones PhiAcademy - Phiseller Espa\u00f1a","og_description":"Este suero contiene un complejo de vitaminas (A, E, B5, C) y amino\u00e1cidos que proporcionan una nutrici\u00f3n intensiva para todo tipo de piel. Adem\u00e1s, est\u00e1 enriquecido con ingredientes que contienen propiedades antioxidantes y protectoras que ayudan al proceso de renovaci\u00f3n de la piel y le dan a la piel un brillo juvenil.  Componentes clave:  Citrus Nobilis Fruit Extract - fuente de vitamina C Amino\u00e1cidos (serina, alanina, glicina, \u00e1cido glut\u00e1mico, lisina HCl, treonina, arginina, prolina) Pantenol, Acetato de tocoferilo (vitamina E) Retinyl Palmitate (Vitamina A)  C\u00f3mo utilizar  Una vez que haya preparado el suero de acuerdo con las instrucciones proporcionadas, aplique el producto durante el tratamiento con PhiBright.  Ingredientes  Aqua, Extracto de fruta Citrus Nobilis, Beta\u00edna, PCA de sodio, Lactato de sodio, PCA, Serina, Alanina, Glicina, \u00c1cido glut\u00e1mico, Lisina HCl, Treonina, Arginina, Prolina, Caprylyl \/ Capryl Glucoside, Polyglyceryl-3 Cocoate, Polyglyceryl-10 Laurate, \u00c1cido c\u00edtrico, alcohol fenet\u00edlico, glicerina, \u00e1cido levul\u00ednico, undecilenoil glicina, levulinato de sodio, propanodiol, extracto de corteza de aniogeissus leiocarpa, fosfato dis\u00f3dico de acetilglucosamina, triacetato de pantenilo, acetato de tocoferilo, palmitato de retinilo.","og_url":"https:\/\/nereumatias.com\/pt\/produto\/antioxidant-serum-14-10ml\/","og_site_name":"Formaciones PhiAcademy - Phiseller Espa\u00f1a","article_publisher":"https:\/\/www.facebook.com\/nereumatias","article_modified_time":"2026-03-24T15:17:28+00:00","og_image":[{"width":600,"height":800,"url":"https:\/\/nereumatias.com\/wp-content\/uploads\/2022\/12\/phi-bright-14.jpg","type":"image\/jpeg"}],"twitter_card":"summary_large_image","schema":{"@context":"https:\/\/schema.org","@graph":[{"@type":"WebPage","@id":"https:\/\/nereumatias.com\/producto\/antioxidant-serum-14-10ml\/","url":"https:\/\/nereumatias.com\/producto\/antioxidant-serum-14-10ml\/","name":"Antioxidant Serum 14 - 10ml - Formaciones PhiAcademy - Phiseller Espa\u00f1a","isPartOf":{"@id":"https:\/\/nereumatias.com\/#website"},"primaryImageOfPage":{"@id":"https:\/\/nereumatias.com\/producto\/antioxidant-serum-14-10ml\/#primaryimage"},"image":{"@id":"https:\/\/nereumatias.com\/producto\/antioxidant-serum-14-10ml\/#primaryimage"},"thumbnailUrl":"https:\/\/nereumatias.com\/wp-content\/uploads\/2022\/12\/phi-bright-14.jpg","datePublished":"2021-07-08T03:41:04+00:00","dateModified":"2026-03-24T15:17:28+00:00","breadcrumb":{"@id":"https:\/\/nereumatias.com\/producto\/antioxidant-serum-14-10ml\/#breadcrumb"},"inLanguage":"pt-BR","potentialAction":[{"@type":"ReadAction","target":["https:\/\/nereumatias.com\/producto\/antioxidant-serum-14-10ml\/"]}]},{"@type":"ImageObject","inLanguage":"pt-BR","@id":"https:\/\/nereumatias.com\/producto\/antioxidant-serum-14-10ml\/#primaryimage","url":"https:\/\/nereumatias.com\/wp-content\/uploads\/2022\/12\/phi-bright-14.jpg","contentUrl":"https:\/\/nereumatias.com\/wp-content\/uploads\/2022\/12\/phi-bright-14.jpg","width":600,"height":800},{"@type":"BreadcrumbList","@id":"https:\/\/nereumatias.com\/producto\/antioxidant-serum-14-10ml\/#breadcrumb","itemListElement":[{"@type":"ListItem","position":1,"name":"Home","item":"https:\/\/nereumatias.com\/"},{"@type":"ListItem","position":2,"name":"Tienda","item":"https:\/\/nereumatias.com\/tienda-online\/"},{"@type":"ListItem","position":3,"name":"Antioxidant Serum 14 &#8211; 10ml"}]},{"@type":"WebSite","@id":"https:\/\/nereumatias.com\/#website","url":"https:\/\/nereumatias.com\/","name":"Formaciones PhiAcademy - Phiseller Espa\u00f1a","description":"PhiAcademy","publisher":{"@id":"https:\/\/nereumatias.com\/#organization"},"potentialAction":[{"@type":"SearchAction","target":{"@type":"EntryPoint","urlTemplate":"https:\/\/nereumatias.com\/?s={search_term_string}"},"query-input":{"@type":"PropertyValueSpecification","valueRequired":true,"valueName":"search_term_string"}}],"inLanguage":"pt-BR"},{"@type":"Organization","@id":"https:\/\/nereumatias.com\/#organization","name":"Formaciones PhiAcademy - Phiseller Espa\u00f1a","url":"https:\/\/nereumatias.com\/","logo":{"@type":"ImageObject","inLanguage":"pt-BR","@id":"https:\/\/nereumatias.com\/#\/schema\/logo\/image\/","url":"https:\/\/nereumatias.com\/wp-content\/uploads\/2022\/09\/logo-phiseller-negro-150.png","contentUrl":"https:\/\/nereumatias.com\/wp-content\/uploads\/2022\/09\/logo-phiseller-negro-150.png","width":375,"height":150,"caption":"Formaciones PhiAcademy - Phiseller Espa\u00f1a"},"image":{"@id":"https:\/\/nereumatias.com\/#\/schema\/logo\/image\/"},"sameAs":["https:\/\/www.facebook.com\/nereumatias"]}]}},"_links":{"self":[{"href":"https:\/\/nereumatias.com\/pt\/wp-json\/wp\/v2\/product\/41778","targetHints":{"allow":["GET"]}}],"collection":[{"href":"https:\/\/nereumatias.com\/pt\/wp-json\/wp\/v2\/product"}],"about":[{"href":"https:\/\/nereumatias.com\/pt\/wp-json\/wp\/v2\/types\/product"}],"replies":[{"embeddable":true,"href":"https:\/\/nereumatias.com\/pt\/wp-json\/wp\/v2\/comments?post=41778"}],"version-history":[{"count":1,"href":"https:\/\/nereumatias.com\/pt\/wp-json\/wp\/v2\/product\/41778\/revisions"}],"predecessor-version":[{"id":41779,"href":"https:\/\/nereumatias.com\/pt\/wp-json\/wp\/v2\/product\/41778\/revisions\/41779"}],"wp:featuredmedia":[{"embeddable":true,"href":"https:\/\/nereumatias.com\/pt\/wp-json\/wp\/v2\/media\/43429"}],"wp:attachment":[{"href":"https:\/\/nereumatias.com\/pt\/wp-json\/wp\/v2\/media?parent=41778"}],"wp:term":[{"taxonomy":"product_brand","embeddable":true,"href":"https:\/\/nereumatias.com\/pt\/wp-json\/wp\/v2\/product_brand?post=41778"},{"taxonomy":"product_cat","embeddable":true,"href":"https:\/\/nereumatias.com\/pt\/wp-json\/wp\/v2\/product_cat?post=41778"},{"taxonomy":"product_tag","embeddable":true,"href":"https:\/\/nereumatias.com\/pt\/wp-json\/wp\/v2\/product_tag?post=41778"}],"curies":[{"name":"wp","href":"https:\/\/api.w.org\/{rel}","templated":true}]}}