{"id":41774,"date":"2021-07-08T05:41:04","date_gmt":"2021-07-08T03:41:04","guid":{"rendered":"https:\/\/nereumatias.phiseller.com\/?post_type=product&#038;p=41774"},"modified":"2026-03-24T16:15:52","modified_gmt":"2026-03-24T15:15:52","slug":"dermac-pro-serum-12-10ml","status":"publish","type":"product","link":"https:\/\/nereumatias.com\/pt\/produto\/dermac-pro-serum-12-10ml\/","title":{"rendered":"Dermac Pro Serum 12 - 10ml"},"content":{"rendered":"<p>Esse soro foi desenvolvido para proporcionar equil\u00edbrio e hidrata\u00e7\u00e3o \u00e0 pele oleosa, problem\u00e1tica e com tend\u00eancia \u00e0 acne. Ele cont\u00e9m extratos de plantas cuidadosamente selecionados, que ajudam a melhorar a apar\u00eancia da pele oleosa. O extrato de casca de pinheiro mar\u00edtimo \u00e9 rico em compostos com propriedades antioxidantes, enquanto o bisabolol, obtido da camomila, \u00e9 um ingrediente-chave que ajuda a reduzir a vermelhid\u00e3o, acalma e suaviza a pele. Um complexo ativo com zinco ajuda a regular a produ\u00e7\u00e3o de sebo, tornando esse s\u00e9rum especialmente eficaz em peles oleosas e problem\u00e1ticas.<\/p>\n<p><strong>Principais componentes:<\/strong><\/p>\n<p>PCA de zinco<br \/>\nExtrato de casca de Pinus Pinaster<br \/>\nBisabolol<br \/>\nHialuronato de s\u00f3dio<\/p>\n<p><strong>Como usar<\/strong><\/p>\n<p>Depois de preparar o soro de acordo com as instru\u00e7\u00f5es fornecidas, aplique o produto durante o tratamento PhiBright.<\/p>\n<p><strong>Ingredientes<\/strong><\/p>\n<p>Aqua, PCA de zinco, diglicerina, extrato de casca de pinheiro bravo, polissorbato 20, fermento de Candida Bombicola \/ glicose \/ metil colza, \u00e1lcool benz\u00edlico, bisabolol, hialuronato de s\u00f3dio, \u00e1cido desidroac\u00e9tico.<\/p>","protected":false},"excerpt":{"rendered":"<p>Esse soro foi desenvolvido para proporcionar equil\u00edbrio e hidrata\u00e7\u00e3o \u00e0 pele oleosa, problem\u00e1tica e com tend\u00eancia \u00e0 acne. Ele cont\u00e9m extratos de plantas cuidadosamente selecionados, que ajudam a melhorar a apar\u00eancia da pele oleosa. O extrato de casca de pinheiro mar\u00edtimo \u00e9 rico em compostos com propriedades antioxidantes, enquanto o bisabolol, obtido da camomila, \u00e9 um ingrediente-chave que ajuda a reduzir a vermelhid\u00e3o, acalma e suaviza a pele. Um complexo ativo com zinco ajuda a regular a produ\u00e7\u00e3o de sebo, tornando esse s\u00e9rum especialmente eficaz em peles oleosas e problem\u00e1ticas.<\/p>\n<p><strong>Principais componentes:<\/strong><\/p>\n<p>PCA de zinco<br \/>\nExtrato de casca de Pinus Pinaster<br \/>\nBisabolol<br \/>\nHialuronato de s\u00f3dio<\/p>\n<p><strong>Como usar<\/strong><\/p>\n<p>Depois de preparar o soro de acordo com as instru\u00e7\u00f5es fornecidas, aplique o produto durante o tratamento PhiBright.<\/p>\n<p><strong>Ingredientes<\/strong><\/p>\n<p>Aqua, PCA de zinco, diglicerina, extrato de casca de pinheiro bravo, polissorbato 20, fermento de Candida Bombicola \/ glicose \/ metil colza, \u00e1lcool benz\u00edlico, bisabolol, hialuronato de s\u00f3dio, \u00e1cido desidroac\u00e9tico.<\/p>","protected":false},"featured_media":43427,"comment_status":"open","ping_status":"closed","template":"","meta":{"_acf_changed":false,"_joinchat":[]},"product_brand":[],"product_cat":[69,85],"product_tag":[],"class_list":{"0":"post-41774","1":"product","2":"type-product","3":"status-publish","4":"has-post-thumbnail","6":"product_cat-phibright","7":"product_cat-serums","9":"first","10":"onbackorder","11":"taxable","12":"shipping-taxable","13":"purchasable","14":"product-type-simple"},"supplier_id":null,"supplier_sku":"","barcode":null,"atum_controlled":true,"out_stock_date":"2026-03-24 16:14:12","out_stock_threshold":null,"inheritable":false,"inbound_stock":null,"stock_on_hold":0,"sold_today":0,"sales_last_days":0,"reserved_stock":null,"customer_returns":null,"warehouse_damage":null,"lost_in_post":null,"other_logs":null,"out_stock_days":46,"lost_sales":0,"has_location":false,"update_date":"2026-05-10T12:46:35","atum_locations":[],"atum_stock_status":"onbackorder","restock_status":false,"low_stock_amount":0,"sales_update_date":"2026-05-10T12:46:35","calc_backorders":0,"acf":[],"yoast_head":"<!-- This site is optimized with the Yoast SEO plugin v24.8 - https:\/\/yoast.com\/wordpress\/plugins\/seo\/ -->\n<title>Dermac Pro Serum 12 - 10ml - Formaciones PhiAcademy - Phiseller Espa\u00f1a<\/title>\n<meta name=\"robots\" content=\"index, follow, max-snippet:-1, max-image-preview:large, max-video-preview:-1\" \/>\n<link rel=\"canonical\" href=\"https:\/\/nereumatias.com\/pt\/produto\/dermac-pro-serum-12-10ml\/\" \/>\n<meta property=\"og:locale\" content=\"pt_BR\" \/>\n<meta property=\"og:type\" content=\"article\" \/>\n<meta property=\"og:title\" content=\"Dermac Pro Serum 12 - 10ml - Formaciones PhiAcademy - Phiseller Espa\u00f1a\" \/>\n<meta property=\"og:description\" content=\"Este suero est\u00e1 dise\u00f1ado para proporcionar equilibrio e hidrataci\u00f3n a la piel grasa, problem\u00e1tica y propensa al acn\u00e9. Contiene extractos de plantas cuidadosamente seleccionados, que ayudan a mejorar la apariencia de la piel grasa. El extracto de corteza de pino mar\u00edtimo es rico en compuestos con propiedades antioxidantes, mientras que el bisabolol, obtenido de la manzanilla, es un ingrediente clave que ayuda a reducir el enrojecimiento, la calma y alivia la piel. Un complejo activo con zinc ayuda a regular la producci\u00f3n de sebo, lo que hace que este suero sea especialmente efectivo en pieles grasas y problem\u00e1ticas.  Componentes clave:  PCA de zinc Extracto de corteza de Pinus Pinaster Bisabolol Hialuronato de sodio  C\u00f3mo utilizar  Una vez que haya preparado el suero de acuerdo con las instrucciones proporcionadas, aplique el producto durante el tratamiento con PhiBright.  Ingredientes  Aqua, Zinc PCA, Diglicerina, Extracto de corteza de Pinus Pinaster, Polisorbato 20, Candida Bombicola \/ Glucosa \/ Methyl Rapeseedate Ferment, Alcohol benc\u00edlico, Bisabolol, Hialuronato de sodio, \u00c1cido deshidroac\u00e9tico.\" \/>\n<meta property=\"og:url\" content=\"https:\/\/nereumatias.com\/pt\/produto\/dermac-pro-serum-12-10ml\/\" \/>\n<meta property=\"og:site_name\" content=\"Formaciones PhiAcademy - Phiseller Espa\u00f1a\" \/>\n<meta property=\"article:publisher\" content=\"https:\/\/www.facebook.com\/nereumatias\" \/>\n<meta property=\"article:modified_time\" content=\"2026-03-24T15:15:52+00:00\" \/>\n<meta property=\"og:image\" content=\"https:\/\/nereumatias.com\/wp-content\/uploads\/2022\/12\/phi-bright-12.jpg\" \/>\n\t<meta property=\"og:image:width\" content=\"600\" \/>\n\t<meta property=\"og:image:height\" content=\"800\" \/>\n\t<meta property=\"og:image:type\" content=\"image\/jpeg\" \/>\n<meta name=\"twitter:card\" content=\"summary_large_image\" \/>\n<script type=\"application\/ld+json\" class=\"yoast-schema-graph\">{\"@context\":\"https:\/\/schema.org\",\"@graph\":[{\"@type\":\"WebPage\",\"@id\":\"https:\/\/nereumatias.com\/producto\/dermac-pro-serum-12-10ml\/\",\"url\":\"https:\/\/nereumatias.com\/producto\/dermac-pro-serum-12-10ml\/\",\"name\":\"Dermac Pro Serum 12 - 10ml - Formaciones PhiAcademy - Phiseller Espa\u00f1a\",\"isPartOf\":{\"@id\":\"https:\/\/nereumatias.com\/#website\"},\"primaryImageOfPage\":{\"@id\":\"https:\/\/nereumatias.com\/producto\/dermac-pro-serum-12-10ml\/#primaryimage\"},\"image\":{\"@id\":\"https:\/\/nereumatias.com\/producto\/dermac-pro-serum-12-10ml\/#primaryimage\"},\"thumbnailUrl\":\"https:\/\/nereumatias.com\/wp-content\/uploads\/2022\/12\/phi-bright-12.jpg\",\"datePublished\":\"2021-07-08T03:41:04+00:00\",\"dateModified\":\"2026-03-24T15:15:52+00:00\",\"breadcrumb\":{\"@id\":\"https:\/\/nereumatias.com\/producto\/dermac-pro-serum-12-10ml\/#breadcrumb\"},\"inLanguage\":\"pt-BR\",\"potentialAction\":[{\"@type\":\"ReadAction\",\"target\":[\"https:\/\/nereumatias.com\/producto\/dermac-pro-serum-12-10ml\/\"]}]},{\"@type\":\"ImageObject\",\"inLanguage\":\"pt-BR\",\"@id\":\"https:\/\/nereumatias.com\/producto\/dermac-pro-serum-12-10ml\/#primaryimage\",\"url\":\"https:\/\/nereumatias.com\/wp-content\/uploads\/2022\/12\/phi-bright-12.jpg\",\"contentUrl\":\"https:\/\/nereumatias.com\/wp-content\/uploads\/2022\/12\/phi-bright-12.jpg\",\"width\":600,\"height\":800},{\"@type\":\"BreadcrumbList\",\"@id\":\"https:\/\/nereumatias.com\/producto\/dermac-pro-serum-12-10ml\/#breadcrumb\",\"itemListElement\":[{\"@type\":\"ListItem\",\"position\":1,\"name\":\"Home\",\"item\":\"https:\/\/nereumatias.com\/\"},{\"@type\":\"ListItem\",\"position\":2,\"name\":\"Tienda\",\"item\":\"https:\/\/nereumatias.com\/tienda-online\/\"},{\"@type\":\"ListItem\",\"position\":3,\"name\":\"Dermac Pro Serum 12 &#8211; 10ml\"}]},{\"@type\":\"WebSite\",\"@id\":\"https:\/\/nereumatias.com\/#website\",\"url\":\"https:\/\/nereumatias.com\/\",\"name\":\"Formaciones PhiAcademy - Phiseller Espa\u00f1a\",\"description\":\"PhiAcademy\",\"publisher\":{\"@id\":\"https:\/\/nereumatias.com\/#organization\"},\"potentialAction\":[{\"@type\":\"SearchAction\",\"target\":{\"@type\":\"EntryPoint\",\"urlTemplate\":\"https:\/\/nereumatias.com\/?s={search_term_string}\"},\"query-input\":{\"@type\":\"PropertyValueSpecification\",\"valueRequired\":true,\"valueName\":\"search_term_string\"}}],\"inLanguage\":\"pt-BR\"},{\"@type\":\"Organization\",\"@id\":\"https:\/\/nereumatias.com\/#organization\",\"name\":\"Formaciones PhiAcademy - Phiseller Espa\u00f1a\",\"url\":\"https:\/\/nereumatias.com\/\",\"logo\":{\"@type\":\"ImageObject\",\"inLanguage\":\"pt-BR\",\"@id\":\"https:\/\/nereumatias.com\/#\/schema\/logo\/image\/\",\"url\":\"https:\/\/nereumatias.com\/wp-content\/uploads\/2022\/09\/logo-phiseller-negro-150.png\",\"contentUrl\":\"https:\/\/nereumatias.com\/wp-content\/uploads\/2022\/09\/logo-phiseller-negro-150.png\",\"width\":375,\"height\":150,\"caption\":\"Formaciones PhiAcademy - Phiseller Espa\u00f1a\"},\"image\":{\"@id\":\"https:\/\/nereumatias.com\/#\/schema\/logo\/image\/\"},\"sameAs\":[\"https:\/\/www.facebook.com\/nereumatias\"]}]}<\/script>\n<!-- \/ Yoast SEO plugin. -->","yoast_head_json":{"title":"Dermac Pro Serum 12 - 10ml - Formaciones PhiAcademy - Phiseller Espa\u00f1a","robots":{"index":"index","follow":"follow","max-snippet":"max-snippet:-1","max-image-preview":"max-image-preview:large","max-video-preview":"max-video-preview:-1"},"canonical":"https:\/\/nereumatias.com\/pt\/produto\/dermac-pro-serum-12-10ml\/","og_locale":"pt_BR","og_type":"article","og_title":"Dermac Pro Serum 12 - 10ml - Formaciones PhiAcademy - Phiseller Espa\u00f1a","og_description":"Este suero est\u00e1 dise\u00f1ado para proporcionar equilibrio e hidrataci\u00f3n a la piel grasa, problem\u00e1tica y propensa al acn\u00e9. Contiene extractos de plantas cuidadosamente seleccionados, que ayudan a mejorar la apariencia de la piel grasa. El extracto de corteza de pino mar\u00edtimo es rico en compuestos con propiedades antioxidantes, mientras que el bisabolol, obtenido de la manzanilla, es un ingrediente clave que ayuda a reducir el enrojecimiento, la calma y alivia la piel. Un complejo activo con zinc ayuda a regular la producci\u00f3n de sebo, lo que hace que este suero sea especialmente efectivo en pieles grasas y problem\u00e1ticas.  Componentes clave:  PCA de zinc Extracto de corteza de Pinus Pinaster Bisabolol Hialuronato de sodio  C\u00f3mo utilizar  Una vez que haya preparado el suero de acuerdo con las instrucciones proporcionadas, aplique el producto durante el tratamiento con PhiBright.  Ingredientes  Aqua, Zinc PCA, Diglicerina, Extracto de corteza de Pinus Pinaster, Polisorbato 20, Candida Bombicola \/ Glucosa \/ Methyl Rapeseedate Ferment, Alcohol benc\u00edlico, Bisabolol, Hialuronato de sodio, \u00c1cido deshidroac\u00e9tico.","og_url":"https:\/\/nereumatias.com\/pt\/produto\/dermac-pro-serum-12-10ml\/","og_site_name":"Formaciones PhiAcademy - Phiseller Espa\u00f1a","article_publisher":"https:\/\/www.facebook.com\/nereumatias","article_modified_time":"2026-03-24T15:15:52+00:00","og_image":[{"width":600,"height":800,"url":"https:\/\/nereumatias.com\/wp-content\/uploads\/2022\/12\/phi-bright-12.jpg","type":"image\/jpeg"}],"twitter_card":"summary_large_image","schema":{"@context":"https:\/\/schema.org","@graph":[{"@type":"WebPage","@id":"https:\/\/nereumatias.com\/producto\/dermac-pro-serum-12-10ml\/","url":"https:\/\/nereumatias.com\/producto\/dermac-pro-serum-12-10ml\/","name":"Dermac Pro Serum 12 - 10ml - Formaciones PhiAcademy - Phiseller Espa\u00f1a","isPartOf":{"@id":"https:\/\/nereumatias.com\/#website"},"primaryImageOfPage":{"@id":"https:\/\/nereumatias.com\/producto\/dermac-pro-serum-12-10ml\/#primaryimage"},"image":{"@id":"https:\/\/nereumatias.com\/producto\/dermac-pro-serum-12-10ml\/#primaryimage"},"thumbnailUrl":"https:\/\/nereumatias.com\/wp-content\/uploads\/2022\/12\/phi-bright-12.jpg","datePublished":"2021-07-08T03:41:04+00:00","dateModified":"2026-03-24T15:15:52+00:00","breadcrumb":{"@id":"https:\/\/nereumatias.com\/producto\/dermac-pro-serum-12-10ml\/#breadcrumb"},"inLanguage":"pt-BR","potentialAction":[{"@type":"ReadAction","target":["https:\/\/nereumatias.com\/producto\/dermac-pro-serum-12-10ml\/"]}]},{"@type":"ImageObject","inLanguage":"pt-BR","@id":"https:\/\/nereumatias.com\/producto\/dermac-pro-serum-12-10ml\/#primaryimage","url":"https:\/\/nereumatias.com\/wp-content\/uploads\/2022\/12\/phi-bright-12.jpg","contentUrl":"https:\/\/nereumatias.com\/wp-content\/uploads\/2022\/12\/phi-bright-12.jpg","width":600,"height":800},{"@type":"BreadcrumbList","@id":"https:\/\/nereumatias.com\/producto\/dermac-pro-serum-12-10ml\/#breadcrumb","itemListElement":[{"@type":"ListItem","position":1,"name":"Home","item":"https:\/\/nereumatias.com\/"},{"@type":"ListItem","position":2,"name":"Tienda","item":"https:\/\/nereumatias.com\/tienda-online\/"},{"@type":"ListItem","position":3,"name":"Dermac Pro Serum 12 &#8211; 10ml"}]},{"@type":"WebSite","@id":"https:\/\/nereumatias.com\/#website","url":"https:\/\/nereumatias.com\/","name":"Formaciones PhiAcademy - Phiseller Espa\u00f1a","description":"PhiAcademy","publisher":{"@id":"https:\/\/nereumatias.com\/#organization"},"potentialAction":[{"@type":"SearchAction","target":{"@type":"EntryPoint","urlTemplate":"https:\/\/nereumatias.com\/?s={search_term_string}"},"query-input":{"@type":"PropertyValueSpecification","valueRequired":true,"valueName":"search_term_string"}}],"inLanguage":"pt-BR"},{"@type":"Organization","@id":"https:\/\/nereumatias.com\/#organization","name":"Formaciones PhiAcademy - Phiseller Espa\u00f1a","url":"https:\/\/nereumatias.com\/","logo":{"@type":"ImageObject","inLanguage":"pt-BR","@id":"https:\/\/nereumatias.com\/#\/schema\/logo\/image\/","url":"https:\/\/nereumatias.com\/wp-content\/uploads\/2022\/09\/logo-phiseller-negro-150.png","contentUrl":"https:\/\/nereumatias.com\/wp-content\/uploads\/2022\/09\/logo-phiseller-negro-150.png","width":375,"height":150,"caption":"Formaciones PhiAcademy - Phiseller Espa\u00f1a"},"image":{"@id":"https:\/\/nereumatias.com\/#\/schema\/logo\/image\/"},"sameAs":["https:\/\/www.facebook.com\/nereumatias"]}]}},"_links":{"self":[{"href":"https:\/\/nereumatias.com\/pt\/wp-json\/wp\/v2\/product\/41774","targetHints":{"allow":["GET"]}}],"collection":[{"href":"https:\/\/nereumatias.com\/pt\/wp-json\/wp\/v2\/product"}],"about":[{"href":"https:\/\/nereumatias.com\/pt\/wp-json\/wp\/v2\/types\/product"}],"replies":[{"embeddable":true,"href":"https:\/\/nereumatias.com\/pt\/wp-json\/wp\/v2\/comments?post=41774"}],"version-history":[{"count":1,"href":"https:\/\/nereumatias.com\/pt\/wp-json\/wp\/v2\/product\/41774\/revisions"}],"predecessor-version":[{"id":41775,"href":"https:\/\/nereumatias.com\/pt\/wp-json\/wp\/v2\/product\/41774\/revisions\/41775"}],"wp:featuredmedia":[{"embeddable":true,"href":"https:\/\/nereumatias.com\/pt\/wp-json\/wp\/v2\/media\/43427"}],"wp:attachment":[{"href":"https:\/\/nereumatias.com\/pt\/wp-json\/wp\/v2\/media?parent=41774"}],"wp:term":[{"taxonomy":"product_brand","embeddable":true,"href":"https:\/\/nereumatias.com\/pt\/wp-json\/wp\/v2\/product_brand?post=41774"},{"taxonomy":"product_cat","embeddable":true,"href":"https:\/\/nereumatias.com\/pt\/wp-json\/wp\/v2\/product_cat?post=41774"},{"taxonomy":"product_tag","embeddable":true,"href":"https:\/\/nereumatias.com\/pt\/wp-json\/wp\/v2\/product_tag?post=41774"}],"curies":[{"name":"wp","href":"https:\/\/api.w.org\/{rel}","templated":true}]}}