{"id":41772,"date":"2021-07-08T05:41:04","date_gmt":"2021-07-08T03:41:04","guid":{"rendered":"https:\/\/nereumatias.phiseller.com\/?post_type=product&#038;p=41772"},"modified":"2026-03-24T16:16:50","modified_gmt":"2026-03-24T15:16:50","slug":"stem-cells-serum-11-10ml","status":"publish","type":"product","link":"https:\/\/nereumatias.com\/pt\/produto\/stem-cells-serum-11-10ml\/","title":{"rendered":"Stem Cells Serum 11 - 10ml"},"content":{"rendered":"<p>Esse s\u00e9rum hidratante enriquecido com extrato de c\u00e9lulas-tronco de carvalho com propriedades antienvelhecimento \u00e9 adequado para peles maduras com rugas distintas e outros sinais vis\u00edveis de envelhecimento. O extrato de c\u00e9lulas-tronco ajuda a reduzir a visibilidade das rugas e, combinado com o microagulhamento, proporciona excelentes resultados. Esse s\u00e9rum tamb\u00e9m cont\u00e9m um ingrediente marinho de alto desempenho que ajuda a reduzir a sensibilidade. O produto tamb\u00e9m ajuda a recuperar e restaurar a pele enquanto hidrata, suaviza e alisa a pele. A vitamina C do extrato c\u00edtrico, conhecida por suas propriedades antioxidantes, tamb\u00e9m \u00e9 usada para eliminar manchas e pigmenta\u00e7\u00e3o, proteger e uniformizar o tom da pele. Al\u00e9m disso, ela \u00e9 essencial para a s\u00edntese de col\u00e1geno, o que a torna um ingrediente altamente desej\u00e1vel em produtos antienvelhecimento.<\/p>\n<p><strong>Principais componentes:<\/strong><\/p>\n<p>Extrato da fruta Citrus Nobilis<br \/>\nExtrato de raiz de Quercus robur<br \/>\nPantenol<br \/>\nExtrato de Rhodosorus marinus<\/p>\n<p><strong>Como usar<\/strong><\/p>\n<p>Depois de preparar o soro de acordo com as instru\u00e7\u00f5es fornecidas, aplique o produto durante o tratamento PhiBright.<\/p>\n<p><strong>Ingredientes<\/strong><\/p>\n<p>Aqua, extrato de frutas Citrus Nobilis, extrato de raiz de Quercus Robur, pentilenoglicol, goma de semente de Tamarindus Indica, \u00e1lcool fenet\u00edlico, glicerina, caprilil\/glicos\u00eddeo de caprilil, \u00e1cido levul\u00ednico, undecilenoil glicina, levulinato de s\u00f3dio, triacetato de pantenil, exodorodina, propano.<\/p>","protected":false},"excerpt":{"rendered":"<p>Esse s\u00e9rum hidratante enriquecido com extrato de c\u00e9lulas-tronco de carvalho com propriedades antienvelhecimento \u00e9 adequado para peles maduras com rugas distintas e outros sinais vis\u00edveis de envelhecimento. O extrato de c\u00e9lulas-tronco ajuda a reduzir a visibilidade das rugas e, combinado com o microagulhamento, proporciona excelentes resultados. Esse s\u00e9rum tamb\u00e9m cont\u00e9m um ingrediente marinho de alto desempenho que ajuda a reduzir a sensibilidade. O produto tamb\u00e9m ajuda a recuperar e restaurar a pele enquanto hidrata, suaviza e alisa a pele. A vitamina C do extrato c\u00edtrico, conhecida por suas propriedades antioxidantes, tamb\u00e9m \u00e9 usada para eliminar manchas e pigmenta\u00e7\u00e3o, proteger e uniformizar o tom da pele. Al\u00e9m disso, ela \u00e9 essencial para a s\u00edntese de col\u00e1geno, o que a torna um ingrediente altamente desej\u00e1vel em produtos antienvelhecimento.<\/p>\n<p><strong>Principais componentes:<\/strong><\/p>\n<p>Extrato da fruta Citrus Nobilis<br \/>\nExtrato de raiz de Quercus robur<br \/>\nPantenol<br \/>\nExtrato de Rhodosorus marinus<\/p>\n<p><strong>Como usar<\/strong><\/p>\n<p>Depois de preparar o soro de acordo com as instru\u00e7\u00f5es fornecidas, aplique o produto durante o tratamento PhiBright.<\/p>\n<p><strong>Ingredientes<\/strong><\/p>\n<p>Aqua, extrato de frutas Citrus Nobilis, extrato de raiz de Quercus Robur, pentilenoglicol, goma de semente de Tamarindus Indica, \u00e1lcool fenet\u00edlico, glicerina, caprilil\/glicos\u00eddeo de caprilil, \u00e1cido levul\u00ednico, undecilenoil glicina, levulinato de s\u00f3dio, triacetato de pantenil, exodorodina, propano.<\/p>","protected":false},"featured_media":43426,"comment_status":"open","ping_status":"closed","template":"","meta":{"_acf_changed":false,"_joinchat":[]},"product_brand":[],"product_cat":[69,85],"product_tag":[],"class_list":{"0":"post-41772","1":"product","2":"type-product","3":"status-publish","4":"has-post-thumbnail","6":"product_cat-phibright","7":"product_cat-serums","9":"first","10":"onbackorder","11":"featured","12":"taxable","13":"shipping-taxable","14":"purchasable","15":"product-type-simple"},"supplier_id":null,"supplier_sku":"","barcode":null,"atum_controlled":true,"out_stock_date":"2026-03-24 16:16:50","out_stock_threshold":null,"inheritable":false,"inbound_stock":null,"stock_on_hold":0,"sold_today":0,"sales_last_days":0,"reserved_stock":null,"customer_returns":null,"warehouse_damage":null,"lost_in_post":null,"other_logs":null,"out_stock_days":25,"lost_sales":0,"has_location":null,"update_date":"2026-04-19T10:16:27","atum_locations":[],"atum_stock_status":"onbackorder","restock_status":false,"low_stock_amount":0,"sales_update_date":"2026-04-19T10:16:27","calc_backorders":0,"acf":[],"yoast_head":"<!-- This site is optimized with the Yoast SEO plugin v24.8 - https:\/\/yoast.com\/wordpress\/plugins\/seo\/ -->\n<title>Stem Cells Serum 11 - 10ml - Formaciones PhiAcademy - Phiseller Espa\u00f1a<\/title>\n<meta name=\"robots\" content=\"index, follow, max-snippet:-1, max-image-preview:large, max-video-preview:-1\" \/>\n<link rel=\"canonical\" href=\"https:\/\/nereumatias.com\/pt\/produto\/stem-cells-serum-11-10ml\/\" \/>\n<meta property=\"og:locale\" content=\"pt_BR\" \/>\n<meta property=\"og:type\" content=\"article\" \/>\n<meta property=\"og:title\" content=\"Stem Cells Serum 11 - 10ml - Formaciones PhiAcademy - Phiseller Espa\u00f1a\" \/>\n<meta property=\"og:description\" content=\"Este suero hidratante enriquecido con extracto de tallo de c\u00e9lulas madre de roble con propiedades antienvejecimiento es adecuado para pieles maduras con arrugas distintas y otros signos visibles de envejecimiento. El extracto de c\u00e9lulas madre ayuda a reducir la visibilidad de las arrugas y, combinado con microagujas, proporciona excelentes resultados. Este suero tambi\u00e9n contiene un ingrediente marino clave de alto rendimiento que ayuda a reducir la sensibilidad. El producto tambi\u00e9n ayuda a recuperar y restaurar la piel al mismo tiempo que hidrata, calma y alisa la piel. La vitamina C del extracto de c\u00edtricos, conocida por sus propiedades antioxidantes, tambi\u00e9n se usa para eliminar manchas y pigmentaci\u00f3n, para proteger e igualar el tono de la piel. Adem\u00e1s, es esencial en la s\u00edntesis de col\u00e1geno, lo que lo convierte en un ingrediente altamente deseable en productos antienvejecimiento.  Componentes clave:  Extracto de Fruta Citrus Nobilis Extracto de ra\u00edz de Quercus Robur Pantenol Extracto de Rhodosorus Marinus  C\u00f3mo utilizar  Una vez que haya preparado el suero de acuerdo con las instrucciones proporcionadas, aplique el producto durante el tratamiento con PhiBright.  Ingredientes  Aqua, extracto de fruta Citrus Nobilis, extracto de ra\u00edz de Quercus Robur, glicol de pentileno, goma de semilla de Tamarindus Indica, alcohol de fenetilo, glicerina, gluc\u00f3sido de caprililo \/ caprilo, \u00e1cido levul\u00ednico, undecilenoil glicina, levulinato de sodio, triacetato de pantenilo, exodorodino, propano.\" \/>\n<meta property=\"og:url\" content=\"https:\/\/nereumatias.com\/pt\/produto\/stem-cells-serum-11-10ml\/\" \/>\n<meta property=\"og:site_name\" content=\"Formaciones PhiAcademy - Phiseller Espa\u00f1a\" \/>\n<meta property=\"article:publisher\" content=\"https:\/\/www.facebook.com\/nereumatias\" \/>\n<meta property=\"article:modified_time\" content=\"2026-03-24T15:16:50+00:00\" \/>\n<meta property=\"og:image\" content=\"https:\/\/nereumatias.com\/wp-content\/uploads\/2022\/12\/phi-bright-11.jpg\" \/>\n\t<meta property=\"og:image:width\" content=\"600\" \/>\n\t<meta property=\"og:image:height\" content=\"800\" \/>\n\t<meta property=\"og:image:type\" content=\"image\/jpeg\" \/>\n<meta name=\"twitter:card\" content=\"summary_large_image\" \/>\n<script type=\"application\/ld+json\" class=\"yoast-schema-graph\">{\"@context\":\"https:\/\/schema.org\",\"@graph\":[{\"@type\":\"WebPage\",\"@id\":\"https:\/\/nereumatias.com\/producto\/stem-cells-serum-11-10ml\/\",\"url\":\"https:\/\/nereumatias.com\/producto\/stem-cells-serum-11-10ml\/\",\"name\":\"Stem Cells Serum 11 - 10ml - Formaciones PhiAcademy - Phiseller Espa\u00f1a\",\"isPartOf\":{\"@id\":\"https:\/\/nereumatias.com\/#website\"},\"primaryImageOfPage\":{\"@id\":\"https:\/\/nereumatias.com\/producto\/stem-cells-serum-11-10ml\/#primaryimage\"},\"image\":{\"@id\":\"https:\/\/nereumatias.com\/producto\/stem-cells-serum-11-10ml\/#primaryimage\"},\"thumbnailUrl\":\"https:\/\/nereumatias.com\/wp-content\/uploads\/2022\/12\/phi-bright-11.jpg\",\"datePublished\":\"2021-07-08T03:41:04+00:00\",\"dateModified\":\"2026-03-24T15:16:50+00:00\",\"breadcrumb\":{\"@id\":\"https:\/\/nereumatias.com\/producto\/stem-cells-serum-11-10ml\/#breadcrumb\"},\"inLanguage\":\"pt-BR\",\"potentialAction\":[{\"@type\":\"ReadAction\",\"target\":[\"https:\/\/nereumatias.com\/producto\/stem-cells-serum-11-10ml\/\"]}]},{\"@type\":\"ImageObject\",\"inLanguage\":\"pt-BR\",\"@id\":\"https:\/\/nereumatias.com\/producto\/stem-cells-serum-11-10ml\/#primaryimage\",\"url\":\"https:\/\/nereumatias.com\/wp-content\/uploads\/2022\/12\/phi-bright-11.jpg\",\"contentUrl\":\"https:\/\/nereumatias.com\/wp-content\/uploads\/2022\/12\/phi-bright-11.jpg\",\"width\":600,\"height\":800},{\"@type\":\"BreadcrumbList\",\"@id\":\"https:\/\/nereumatias.com\/producto\/stem-cells-serum-11-10ml\/#breadcrumb\",\"itemListElement\":[{\"@type\":\"ListItem\",\"position\":1,\"name\":\"Home\",\"item\":\"https:\/\/nereumatias.com\/\"},{\"@type\":\"ListItem\",\"position\":2,\"name\":\"Tienda\",\"item\":\"https:\/\/nereumatias.com\/tienda-online\/\"},{\"@type\":\"ListItem\",\"position\":3,\"name\":\"Stem Cells Serum 11 &#8211; 10ml\"}]},{\"@type\":\"WebSite\",\"@id\":\"https:\/\/nereumatias.com\/#website\",\"url\":\"https:\/\/nereumatias.com\/\",\"name\":\"Formaciones PhiAcademy - Phiseller Espa\u00f1a\",\"description\":\"PhiAcademy\",\"publisher\":{\"@id\":\"https:\/\/nereumatias.com\/#organization\"},\"potentialAction\":[{\"@type\":\"SearchAction\",\"target\":{\"@type\":\"EntryPoint\",\"urlTemplate\":\"https:\/\/nereumatias.com\/?s={search_term_string}\"},\"query-input\":{\"@type\":\"PropertyValueSpecification\",\"valueRequired\":true,\"valueName\":\"search_term_string\"}}],\"inLanguage\":\"pt-BR\"},{\"@type\":\"Organization\",\"@id\":\"https:\/\/nereumatias.com\/#organization\",\"name\":\"Formaciones PhiAcademy - Phiseller Espa\u00f1a\",\"url\":\"https:\/\/nereumatias.com\/\",\"logo\":{\"@type\":\"ImageObject\",\"inLanguage\":\"pt-BR\",\"@id\":\"https:\/\/nereumatias.com\/#\/schema\/logo\/image\/\",\"url\":\"https:\/\/nereumatias.com\/wp-content\/uploads\/2022\/09\/logo-phiseller-negro-150.png\",\"contentUrl\":\"https:\/\/nereumatias.com\/wp-content\/uploads\/2022\/09\/logo-phiseller-negro-150.png\",\"width\":375,\"height\":150,\"caption\":\"Formaciones PhiAcademy - Phiseller Espa\u00f1a\"},\"image\":{\"@id\":\"https:\/\/nereumatias.com\/#\/schema\/logo\/image\/\"},\"sameAs\":[\"https:\/\/www.facebook.com\/nereumatias\"]}]}<\/script>\n<!-- \/ Yoast SEO plugin. -->","yoast_head_json":{"title":"Stem Cells Serum 11 - 10ml - Formaciones PhiAcademy - Phiseller Espa\u00f1a","robots":{"index":"index","follow":"follow","max-snippet":"max-snippet:-1","max-image-preview":"max-image-preview:large","max-video-preview":"max-video-preview:-1"},"canonical":"https:\/\/nereumatias.com\/pt\/produto\/stem-cells-serum-11-10ml\/","og_locale":"pt_BR","og_type":"article","og_title":"Stem Cells Serum 11 - 10ml - Formaciones PhiAcademy - Phiseller Espa\u00f1a","og_description":"Este suero hidratante enriquecido con extracto de tallo de c\u00e9lulas madre de roble con propiedades antienvejecimiento es adecuado para pieles maduras con arrugas distintas y otros signos visibles de envejecimiento. El extracto de c\u00e9lulas madre ayuda a reducir la visibilidad de las arrugas y, combinado con microagujas, proporciona excelentes resultados. Este suero tambi\u00e9n contiene un ingrediente marino clave de alto rendimiento que ayuda a reducir la sensibilidad. El producto tambi\u00e9n ayuda a recuperar y restaurar la piel al mismo tiempo que hidrata, calma y alisa la piel. La vitamina C del extracto de c\u00edtricos, conocida por sus propiedades antioxidantes, tambi\u00e9n se usa para eliminar manchas y pigmentaci\u00f3n, para proteger e igualar el tono de la piel. Adem\u00e1s, es esencial en la s\u00edntesis de col\u00e1geno, lo que lo convierte en un ingrediente altamente deseable en productos antienvejecimiento.  Componentes clave:  Extracto de Fruta Citrus Nobilis Extracto de ra\u00edz de Quercus Robur Pantenol Extracto de Rhodosorus Marinus  C\u00f3mo utilizar  Una vez que haya preparado el suero de acuerdo con las instrucciones proporcionadas, aplique el producto durante el tratamiento con PhiBright.  Ingredientes  Aqua, extracto de fruta Citrus Nobilis, extracto de ra\u00edz de Quercus Robur, glicol de pentileno, goma de semilla de Tamarindus Indica, alcohol de fenetilo, glicerina, gluc\u00f3sido de caprililo \/ caprilo, \u00e1cido levul\u00ednico, undecilenoil glicina, levulinato de sodio, triacetato de pantenilo, exodorodino, propano.","og_url":"https:\/\/nereumatias.com\/pt\/produto\/stem-cells-serum-11-10ml\/","og_site_name":"Formaciones PhiAcademy - Phiseller Espa\u00f1a","article_publisher":"https:\/\/www.facebook.com\/nereumatias","article_modified_time":"2026-03-24T15:16:50+00:00","og_image":[{"width":600,"height":800,"url":"https:\/\/nereumatias.com\/wp-content\/uploads\/2022\/12\/phi-bright-11.jpg","type":"image\/jpeg"}],"twitter_card":"summary_large_image","schema":{"@context":"https:\/\/schema.org","@graph":[{"@type":"WebPage","@id":"https:\/\/nereumatias.com\/producto\/stem-cells-serum-11-10ml\/","url":"https:\/\/nereumatias.com\/producto\/stem-cells-serum-11-10ml\/","name":"Stem Cells Serum 11 - 10ml - Formaciones PhiAcademy - Phiseller Espa\u00f1a","isPartOf":{"@id":"https:\/\/nereumatias.com\/#website"},"primaryImageOfPage":{"@id":"https:\/\/nereumatias.com\/producto\/stem-cells-serum-11-10ml\/#primaryimage"},"image":{"@id":"https:\/\/nereumatias.com\/producto\/stem-cells-serum-11-10ml\/#primaryimage"},"thumbnailUrl":"https:\/\/nereumatias.com\/wp-content\/uploads\/2022\/12\/phi-bright-11.jpg","datePublished":"2021-07-08T03:41:04+00:00","dateModified":"2026-03-24T15:16:50+00:00","breadcrumb":{"@id":"https:\/\/nereumatias.com\/producto\/stem-cells-serum-11-10ml\/#breadcrumb"},"inLanguage":"pt-BR","potentialAction":[{"@type":"ReadAction","target":["https:\/\/nereumatias.com\/producto\/stem-cells-serum-11-10ml\/"]}]},{"@type":"ImageObject","inLanguage":"pt-BR","@id":"https:\/\/nereumatias.com\/producto\/stem-cells-serum-11-10ml\/#primaryimage","url":"https:\/\/nereumatias.com\/wp-content\/uploads\/2022\/12\/phi-bright-11.jpg","contentUrl":"https:\/\/nereumatias.com\/wp-content\/uploads\/2022\/12\/phi-bright-11.jpg","width":600,"height":800},{"@type":"BreadcrumbList","@id":"https:\/\/nereumatias.com\/producto\/stem-cells-serum-11-10ml\/#breadcrumb","itemListElement":[{"@type":"ListItem","position":1,"name":"Home","item":"https:\/\/nereumatias.com\/"},{"@type":"ListItem","position":2,"name":"Tienda","item":"https:\/\/nereumatias.com\/tienda-online\/"},{"@type":"ListItem","position":3,"name":"Stem Cells Serum 11 &#8211; 10ml"}]},{"@type":"WebSite","@id":"https:\/\/nereumatias.com\/#website","url":"https:\/\/nereumatias.com\/","name":"Formaciones PhiAcademy - Phiseller Espa\u00f1a","description":"PhiAcademy","publisher":{"@id":"https:\/\/nereumatias.com\/#organization"},"potentialAction":[{"@type":"SearchAction","target":{"@type":"EntryPoint","urlTemplate":"https:\/\/nereumatias.com\/?s={search_term_string}"},"query-input":{"@type":"PropertyValueSpecification","valueRequired":true,"valueName":"search_term_string"}}],"inLanguage":"pt-BR"},{"@type":"Organization","@id":"https:\/\/nereumatias.com\/#organization","name":"Formaciones PhiAcademy - Phiseller Espa\u00f1a","url":"https:\/\/nereumatias.com\/","logo":{"@type":"ImageObject","inLanguage":"pt-BR","@id":"https:\/\/nereumatias.com\/#\/schema\/logo\/image\/","url":"https:\/\/nereumatias.com\/wp-content\/uploads\/2022\/09\/logo-phiseller-negro-150.png","contentUrl":"https:\/\/nereumatias.com\/wp-content\/uploads\/2022\/09\/logo-phiseller-negro-150.png","width":375,"height":150,"caption":"Formaciones PhiAcademy - Phiseller Espa\u00f1a"},"image":{"@id":"https:\/\/nereumatias.com\/#\/schema\/logo\/image\/"},"sameAs":["https:\/\/www.facebook.com\/nereumatias"]}]}},"_links":{"self":[{"href":"https:\/\/nereumatias.com\/pt\/wp-json\/wp\/v2\/product\/41772","targetHints":{"allow":["GET"]}}],"collection":[{"href":"https:\/\/nereumatias.com\/pt\/wp-json\/wp\/v2\/product"}],"about":[{"href":"https:\/\/nereumatias.com\/pt\/wp-json\/wp\/v2\/types\/product"}],"replies":[{"embeddable":true,"href":"https:\/\/nereumatias.com\/pt\/wp-json\/wp\/v2\/comments?post=41772"}],"version-history":[{"count":1,"href":"https:\/\/nereumatias.com\/pt\/wp-json\/wp\/v2\/product\/41772\/revisions"}],"predecessor-version":[{"id":41773,"href":"https:\/\/nereumatias.com\/pt\/wp-json\/wp\/v2\/product\/41772\/revisions\/41773"}],"wp:featuredmedia":[{"embeddable":true,"href":"https:\/\/nereumatias.com\/pt\/wp-json\/wp\/v2\/media\/43426"}],"wp:attachment":[{"href":"https:\/\/nereumatias.com\/pt\/wp-json\/wp\/v2\/media?parent=41772"}],"wp:term":[{"taxonomy":"product_brand","embeddable":true,"href":"https:\/\/nereumatias.com\/pt\/wp-json\/wp\/v2\/product_brand?post=41772"},{"taxonomy":"product_cat","embeddable":true,"href":"https:\/\/nereumatias.com\/pt\/wp-json\/wp\/v2\/product_cat?post=41772"},{"taxonomy":"product_tag","embeddable":true,"href":"https:\/\/nereumatias.com\/pt\/wp-json\/wp\/v2\/product_tag?post=41772"}],"curies":[{"name":"wp","href":"https:\/\/api.w.org\/{rel}","templated":true}]}}