{"id":41768,"date":"2021-07-08T05:41:03","date_gmt":"2021-07-08T03:41:03","guid":{"rendered":"https:\/\/nereumatias.phiseller.com\/?post_type=product&#038;p=41768"},"modified":"2026-03-24T16:19:11","modified_gmt":"2026-03-24T15:19:11","slug":"peptide-medium-serum-9-10ml","status":"publish","type":"product","link":"https:\/\/nereumatias.com\/pt\/produto\/peptide-medium-serum-9-10ml\/","title":{"rendered":"Peptide Medium Serum 9 - 10 ml"},"content":{"rendered":"<p>Devido aos seus componentes excepcionais, esse s\u00e9rum aumenta a suavidade e apoia a pele no processo de rejuvenescimento. O hialuronato acetilado de s\u00f3dio, tamb\u00e9m conhecido como \u00e1cido super-hialur\u00f4nico, \u00e9 caracterizado por sua excepcional capacidade de reter a umidade na epiderme. Como resultado, ele \u00e9 capaz de ajudar a reter a umidade na pele por longos per\u00edodos de tempo, resultando em um efeito de preenchimento e suaviza\u00e7\u00e3o da pele. Os ingredientes pept\u00eddicos ajudam a refor\u00e7ar a barreira da pele e a manter a elasticidade na pele madura.<\/p>\n<p><strong>Principais componentes:<\/strong><\/p>\n<p>Extrato de raiz de Vetiveria Zizanoides<br \/>\nHexapept\u00eddeo-48 HCl<br \/>\nHialuronato de s\u00f3dio<br \/>\nHialuronato acetilado de s\u00f3dio<\/p>\n<p><strong>Como usar<\/strong><\/p>\n<p>Depois de preparar o soro de acordo com as instru\u00e7\u00f5es fornecidas, aplique o produto durante o tratamento PhiBright.<\/p>\n<p><strong>Ingredientes<\/strong><\/p>\n<p>Aqua, extrato de raiz de Vetiveria zetanoides, propanediol, \u00e1lcool fenet\u00edlico, glicerina, caprilil \/ caprilil glucos\u00eddeo, \u00e1cido levul\u00ednico, undecilenoil glicina, levulinato de s\u00f3dio, hexapept\u00eddeo-48 HCl, hialuronato de s\u00f3dio, hialuronato \u00e1cido acetilado de s\u00f3dio.<\/p>","protected":false},"excerpt":{"rendered":"<p>Devido aos seus componentes excepcionais, esse s\u00e9rum aumenta a suavidade e apoia a pele no processo de rejuvenescimento. O hialuronato acetilado de s\u00f3dio, tamb\u00e9m conhecido como \u00e1cido super-hialur\u00f4nico, \u00e9 caracterizado por sua excepcional capacidade de reter a umidade na epiderme. Como resultado, ele \u00e9 capaz de ajudar a reter a umidade na pele por longos per\u00edodos de tempo, resultando em um efeito de preenchimento e suaviza\u00e7\u00e3o da pele. Os ingredientes pept\u00eddicos ajudam a refor\u00e7ar a barreira da pele e a manter a elasticidade na pele madura.<\/p>\n<p><strong>Principais componentes:<\/strong><\/p>\n<p>Extrato de raiz de Vetiveria Zizanoides<br \/>\nHexapept\u00eddeo-48 HCl<br \/>\nHialuronato de s\u00f3dio<br \/>\nHialuronato acetilado de s\u00f3dio<\/p>\n<p><strong>Como usar<\/strong><\/p>\n<p>Depois de preparar o soro de acordo com as instru\u00e7\u00f5es fornecidas, aplique o produto durante o tratamento PhiBright.<\/p>\n<p><strong>Ingredientes<\/strong><\/p>\n<p>Aqua, extrato de raiz de Vetiveria zetanoides, propanediol, \u00e1lcool fenet\u00edlico, glicerina, caprilil \/ caprilil glucos\u00eddeo, \u00e1cido levul\u00ednico, undecilenoil glicina, levulinato de s\u00f3dio, hexapept\u00eddeo-48 HCl, hialuronato de s\u00f3dio, hialuronato \u00e1cido acetilado de s\u00f3dio.<\/p>","protected":false},"featured_media":43424,"comment_status":"open","ping_status":"closed","template":"","meta":{"_acf_changed":false,"_joinchat":[]},"product_brand":[],"product_cat":[69,85],"product_tag":[],"class_list":{"0":"post-41768","1":"product","2":"type-product","3":"status-publish","4":"has-post-thumbnail","6":"product_cat-phibright","7":"product_cat-serums","9":"first","10":"onbackorder","11":"taxable","12":"shipping-taxable","13":"purchasable","14":"product-type-simple"},"supplier_id":null,"supplier_sku":"","barcode":null,"atum_controlled":true,"out_stock_date":"2023-06-23 09:05:56","out_stock_threshold":null,"inheritable":false,"inbound_stock":null,"stock_on_hold":0,"sold_today":0,"sales_last_days":0,"reserved_stock":null,"customer_returns":null,"warehouse_damage":null,"lost_in_post":null,"other_logs":null,"out_stock_days":1052,"lost_sales":0,"has_location":null,"update_date":"2026-05-10T12:46:34","atum_locations":[],"atum_stock_status":"onbackorder","restock_status":false,"low_stock_amount":0,"sales_update_date":"2026-05-10T12:46:34","calc_backorders":0,"acf":[],"yoast_head":"<!-- This site is optimized with the Yoast SEO plugin v24.8 - https:\/\/yoast.com\/wordpress\/plugins\/seo\/ -->\n<title>Peptide Medium Serum 9 - 10ml - Formaciones PhiAcademy - Phiseller Espa\u00f1a<\/title>\n<meta name=\"robots\" content=\"index, follow, max-snippet:-1, max-image-preview:large, max-video-preview:-1\" \/>\n<link rel=\"canonical\" href=\"https:\/\/nereumatias.com\/pt\/produto\/peptide-medium-serum-9-10ml\/\" \/>\n<meta property=\"og:locale\" content=\"pt_BR\" \/>\n<meta property=\"og:type\" content=\"article\" \/>\n<meta property=\"og:title\" content=\"Peptide Medium Serum 9 - 10ml - Formaciones PhiAcademy - Phiseller Espa\u00f1a\" \/>\n<meta property=\"og:description\" content=\"Debido a sus componentes excepcionales, este suero aumenta la suavidad y ayuda a la piel en el proceso de rejuvenecimiento. El hialuronato acetilado de sodio, tambi\u00e9n conocido como \u00e1cido s\u00faper hialur\u00f3nico, se caracteriza por su capacidad excepcional para retener la humedad en la epidermis. Como resultado, es capaz de ayudar a retener la humedad en la piel durante largos per\u00edodos de tiempo, lo que provoca un efecto de relleno y suaviza la piel. Los ingredientes pept\u00eddicos ayudan a reforzar la barrera cut\u00e1nea y a mantener la elasticidad en la piel madura.  Componentes clave:  Extracto de ra\u00edz de Vetiveria Zizanoides Hexap\u00e9ptido-48 HCl Hialuronato de sodio Hialuronato Acetilado S\u00f3dico  C\u00f3mo utilizar  Una vez que haya preparado el suero de acuerdo con las instrucciones proporcionadas, aplique el producto durante el tratamiento con PhiBright.  Ingredientes  Aqua, extracto de ra\u00edz de Zetanoides de Vetiveria, propanediol, alcohol fenet\u00edlico, glicerina, gluc\u00f3sido de caprililo \/ caprilo, \u00e1cido levul\u00ednico, undecilenoil glicina, levulinato de sodio, hexap\u00e9ptido-48 HCl, hialuronato de sodio, hialuronato de \u00e1cido acetilado de sodio.\" \/>\n<meta property=\"og:url\" content=\"https:\/\/nereumatias.com\/pt\/produto\/peptide-medium-serum-9-10ml\/\" \/>\n<meta property=\"og:site_name\" content=\"Formaciones PhiAcademy - Phiseller Espa\u00f1a\" \/>\n<meta property=\"article:publisher\" content=\"https:\/\/www.facebook.com\/nereumatias\" \/>\n<meta property=\"article:modified_time\" content=\"2026-03-24T15:19:11+00:00\" \/>\n<meta property=\"og:image\" content=\"https:\/\/nereumatias.com\/wp-content\/uploads\/2022\/12\/phi-bright-9.jpg\" \/>\n\t<meta property=\"og:image:width\" content=\"600\" \/>\n\t<meta property=\"og:image:height\" content=\"800\" \/>\n\t<meta property=\"og:image:type\" content=\"image\/jpeg\" \/>\n<meta name=\"twitter:card\" content=\"summary_large_image\" \/>\n<script type=\"application\/ld+json\" class=\"yoast-schema-graph\">{\"@context\":\"https:\/\/schema.org\",\"@graph\":[{\"@type\":\"WebPage\",\"@id\":\"https:\/\/nereumatias.com\/producto\/peptide-medium-serum-9-10ml\/\",\"url\":\"https:\/\/nereumatias.com\/producto\/peptide-medium-serum-9-10ml\/\",\"name\":\"Peptide Medium Serum 9 - 10ml - Formaciones PhiAcademy - Phiseller Espa\u00f1a\",\"isPartOf\":{\"@id\":\"https:\/\/nereumatias.com\/#website\"},\"primaryImageOfPage\":{\"@id\":\"https:\/\/nereumatias.com\/producto\/peptide-medium-serum-9-10ml\/#primaryimage\"},\"image\":{\"@id\":\"https:\/\/nereumatias.com\/producto\/peptide-medium-serum-9-10ml\/#primaryimage\"},\"thumbnailUrl\":\"https:\/\/nereumatias.com\/wp-content\/uploads\/2022\/12\/phi-bright-9.jpg\",\"datePublished\":\"2021-07-08T03:41:03+00:00\",\"dateModified\":\"2026-03-24T15:19:11+00:00\",\"breadcrumb\":{\"@id\":\"https:\/\/nereumatias.com\/producto\/peptide-medium-serum-9-10ml\/#breadcrumb\"},\"inLanguage\":\"pt-BR\",\"potentialAction\":[{\"@type\":\"ReadAction\",\"target\":[\"https:\/\/nereumatias.com\/producto\/peptide-medium-serum-9-10ml\/\"]}]},{\"@type\":\"ImageObject\",\"inLanguage\":\"pt-BR\",\"@id\":\"https:\/\/nereumatias.com\/producto\/peptide-medium-serum-9-10ml\/#primaryimage\",\"url\":\"https:\/\/nereumatias.com\/wp-content\/uploads\/2022\/12\/phi-bright-9.jpg\",\"contentUrl\":\"https:\/\/nereumatias.com\/wp-content\/uploads\/2022\/12\/phi-bright-9.jpg\",\"width\":600,\"height\":800},{\"@type\":\"BreadcrumbList\",\"@id\":\"https:\/\/nereumatias.com\/producto\/peptide-medium-serum-9-10ml\/#breadcrumb\",\"itemListElement\":[{\"@type\":\"ListItem\",\"position\":1,\"name\":\"Home\",\"item\":\"https:\/\/nereumatias.com\/\"},{\"@type\":\"ListItem\",\"position\":2,\"name\":\"Tienda\",\"item\":\"https:\/\/nereumatias.com\/tienda-online\/\"},{\"@type\":\"ListItem\",\"position\":3,\"name\":\"Peptide Medium Serum 9 &#8211; 10ml\"}]},{\"@type\":\"WebSite\",\"@id\":\"https:\/\/nereumatias.com\/#website\",\"url\":\"https:\/\/nereumatias.com\/\",\"name\":\"Formaciones PhiAcademy - Phiseller Espa\u00f1a\",\"description\":\"PhiAcademy\",\"publisher\":{\"@id\":\"https:\/\/nereumatias.com\/#organization\"},\"potentialAction\":[{\"@type\":\"SearchAction\",\"target\":{\"@type\":\"EntryPoint\",\"urlTemplate\":\"https:\/\/nereumatias.com\/?s={search_term_string}\"},\"query-input\":{\"@type\":\"PropertyValueSpecification\",\"valueRequired\":true,\"valueName\":\"search_term_string\"}}],\"inLanguage\":\"pt-BR\"},{\"@type\":\"Organization\",\"@id\":\"https:\/\/nereumatias.com\/#organization\",\"name\":\"Formaciones PhiAcademy - Phiseller Espa\u00f1a\",\"url\":\"https:\/\/nereumatias.com\/\",\"logo\":{\"@type\":\"ImageObject\",\"inLanguage\":\"pt-BR\",\"@id\":\"https:\/\/nereumatias.com\/#\/schema\/logo\/image\/\",\"url\":\"https:\/\/nereumatias.com\/wp-content\/uploads\/2022\/09\/logo-phiseller-negro-150.png\",\"contentUrl\":\"https:\/\/nereumatias.com\/wp-content\/uploads\/2022\/09\/logo-phiseller-negro-150.png\",\"width\":375,\"height\":150,\"caption\":\"Formaciones PhiAcademy - Phiseller Espa\u00f1a\"},\"image\":{\"@id\":\"https:\/\/nereumatias.com\/#\/schema\/logo\/image\/\"},\"sameAs\":[\"https:\/\/www.facebook.com\/nereumatias\"]}]}<\/script>\n<!-- \/ Yoast SEO plugin. -->","yoast_head_json":{"title":"Peptide Medium Serum 9 - 10ml - Formaciones PhiAcademy - Phiseller Espa\u00f1a","robots":{"index":"index","follow":"follow","max-snippet":"max-snippet:-1","max-image-preview":"max-image-preview:large","max-video-preview":"max-video-preview:-1"},"canonical":"https:\/\/nereumatias.com\/pt\/produto\/peptide-medium-serum-9-10ml\/","og_locale":"pt_BR","og_type":"article","og_title":"Peptide Medium Serum 9 - 10ml - Formaciones PhiAcademy - Phiseller Espa\u00f1a","og_description":"Debido a sus componentes excepcionales, este suero aumenta la suavidad y ayuda a la piel en el proceso de rejuvenecimiento. El hialuronato acetilado de sodio, tambi\u00e9n conocido como \u00e1cido s\u00faper hialur\u00f3nico, se caracteriza por su capacidad excepcional para retener la humedad en la epidermis. Como resultado, es capaz de ayudar a retener la humedad en la piel durante largos per\u00edodos de tiempo, lo que provoca un efecto de relleno y suaviza la piel. Los ingredientes pept\u00eddicos ayudan a reforzar la barrera cut\u00e1nea y a mantener la elasticidad en la piel madura.  Componentes clave:  Extracto de ra\u00edz de Vetiveria Zizanoides Hexap\u00e9ptido-48 HCl Hialuronato de sodio Hialuronato Acetilado S\u00f3dico  C\u00f3mo utilizar  Una vez que haya preparado el suero de acuerdo con las instrucciones proporcionadas, aplique el producto durante el tratamiento con PhiBright.  Ingredientes  Aqua, extracto de ra\u00edz de Zetanoides de Vetiveria, propanediol, alcohol fenet\u00edlico, glicerina, gluc\u00f3sido de caprililo \/ caprilo, \u00e1cido levul\u00ednico, undecilenoil glicina, levulinato de sodio, hexap\u00e9ptido-48 HCl, hialuronato de sodio, hialuronato de \u00e1cido acetilado de sodio.","og_url":"https:\/\/nereumatias.com\/pt\/produto\/peptide-medium-serum-9-10ml\/","og_site_name":"Formaciones PhiAcademy - Phiseller Espa\u00f1a","article_publisher":"https:\/\/www.facebook.com\/nereumatias","article_modified_time":"2026-03-24T15:19:11+00:00","og_image":[{"width":600,"height":800,"url":"https:\/\/nereumatias.com\/wp-content\/uploads\/2022\/12\/phi-bright-9.jpg","type":"image\/jpeg"}],"twitter_card":"summary_large_image","schema":{"@context":"https:\/\/schema.org","@graph":[{"@type":"WebPage","@id":"https:\/\/nereumatias.com\/producto\/peptide-medium-serum-9-10ml\/","url":"https:\/\/nereumatias.com\/producto\/peptide-medium-serum-9-10ml\/","name":"Peptide Medium Serum 9 - 10ml - Formaciones PhiAcademy - Phiseller Espa\u00f1a","isPartOf":{"@id":"https:\/\/nereumatias.com\/#website"},"primaryImageOfPage":{"@id":"https:\/\/nereumatias.com\/producto\/peptide-medium-serum-9-10ml\/#primaryimage"},"image":{"@id":"https:\/\/nereumatias.com\/producto\/peptide-medium-serum-9-10ml\/#primaryimage"},"thumbnailUrl":"https:\/\/nereumatias.com\/wp-content\/uploads\/2022\/12\/phi-bright-9.jpg","datePublished":"2021-07-08T03:41:03+00:00","dateModified":"2026-03-24T15:19:11+00:00","breadcrumb":{"@id":"https:\/\/nereumatias.com\/producto\/peptide-medium-serum-9-10ml\/#breadcrumb"},"inLanguage":"pt-BR","potentialAction":[{"@type":"ReadAction","target":["https:\/\/nereumatias.com\/producto\/peptide-medium-serum-9-10ml\/"]}]},{"@type":"ImageObject","inLanguage":"pt-BR","@id":"https:\/\/nereumatias.com\/producto\/peptide-medium-serum-9-10ml\/#primaryimage","url":"https:\/\/nereumatias.com\/wp-content\/uploads\/2022\/12\/phi-bright-9.jpg","contentUrl":"https:\/\/nereumatias.com\/wp-content\/uploads\/2022\/12\/phi-bright-9.jpg","width":600,"height":800},{"@type":"BreadcrumbList","@id":"https:\/\/nereumatias.com\/producto\/peptide-medium-serum-9-10ml\/#breadcrumb","itemListElement":[{"@type":"ListItem","position":1,"name":"Home","item":"https:\/\/nereumatias.com\/"},{"@type":"ListItem","position":2,"name":"Tienda","item":"https:\/\/nereumatias.com\/tienda-online\/"},{"@type":"ListItem","position":3,"name":"Peptide Medium Serum 9 &#8211; 10ml"}]},{"@type":"WebSite","@id":"https:\/\/nereumatias.com\/#website","url":"https:\/\/nereumatias.com\/","name":"Formaciones PhiAcademy - Phiseller Espa\u00f1a","description":"PhiAcademy","publisher":{"@id":"https:\/\/nereumatias.com\/#organization"},"potentialAction":[{"@type":"SearchAction","target":{"@type":"EntryPoint","urlTemplate":"https:\/\/nereumatias.com\/?s={search_term_string}"},"query-input":{"@type":"PropertyValueSpecification","valueRequired":true,"valueName":"search_term_string"}}],"inLanguage":"pt-BR"},{"@type":"Organization","@id":"https:\/\/nereumatias.com\/#organization","name":"Formaciones PhiAcademy - Phiseller Espa\u00f1a","url":"https:\/\/nereumatias.com\/","logo":{"@type":"ImageObject","inLanguage":"pt-BR","@id":"https:\/\/nereumatias.com\/#\/schema\/logo\/image\/","url":"https:\/\/nereumatias.com\/wp-content\/uploads\/2022\/09\/logo-phiseller-negro-150.png","contentUrl":"https:\/\/nereumatias.com\/wp-content\/uploads\/2022\/09\/logo-phiseller-negro-150.png","width":375,"height":150,"caption":"Formaciones PhiAcademy - Phiseller Espa\u00f1a"},"image":{"@id":"https:\/\/nereumatias.com\/#\/schema\/logo\/image\/"},"sameAs":["https:\/\/www.facebook.com\/nereumatias"]}]}},"_links":{"self":[{"href":"https:\/\/nereumatias.com\/pt\/wp-json\/wp\/v2\/product\/41768","targetHints":{"allow":["GET"]}}],"collection":[{"href":"https:\/\/nereumatias.com\/pt\/wp-json\/wp\/v2\/product"}],"about":[{"href":"https:\/\/nereumatias.com\/pt\/wp-json\/wp\/v2\/types\/product"}],"replies":[{"embeddable":true,"href":"https:\/\/nereumatias.com\/pt\/wp-json\/wp\/v2\/comments?post=41768"}],"version-history":[{"count":1,"href":"https:\/\/nereumatias.com\/pt\/wp-json\/wp\/v2\/product\/41768\/revisions"}],"predecessor-version":[{"id":41769,"href":"https:\/\/nereumatias.com\/pt\/wp-json\/wp\/v2\/product\/41768\/revisions\/41769"}],"wp:featuredmedia":[{"embeddable":true,"href":"https:\/\/nereumatias.com\/pt\/wp-json\/wp\/v2\/media\/43424"}],"wp:attachment":[{"href":"https:\/\/nereumatias.com\/pt\/wp-json\/wp\/v2\/media?parent=41768"}],"wp:term":[{"taxonomy":"product_brand","embeddable":true,"href":"https:\/\/nereumatias.com\/pt\/wp-json\/wp\/v2\/product_brand?post=41768"},{"taxonomy":"product_cat","embeddable":true,"href":"https:\/\/nereumatias.com\/pt\/wp-json\/wp\/v2\/product_cat?post=41768"},{"taxonomy":"product_tag","embeddable":true,"href":"https:\/\/nereumatias.com\/pt\/wp-json\/wp\/v2\/product_tag?post=41768"}],"curies":[{"name":"wp","href":"https:\/\/api.w.org\/{rel}","templated":true}]}}