{"id":41764,"date":"2021-07-08T05:40:55","date_gmt":"2021-07-08T03:40:55","guid":{"rendered":"https:\/\/nereumatias.phiseller.com\/?post_type=product&#038;p=41764"},"modified":"2026-03-24T16:21:29","modified_gmt":"2026-03-24T15:21:29","slug":"hyaluron-serum-7-10ml","status":"publish","type":"product","link":"https:\/\/nereumatias.com\/pt\/produto\/hyaluron-serum-7-10ml\/","title":{"rendered":"Hyaluron Serum 7 - 10ml"},"content":{"rendered":"<p>A combina\u00e7\u00e3o de ingredientes contidos nesse soro tem efeitos positivos sobre a hidrata\u00e7\u00e3o e a reten\u00e7\u00e3o de umidade da pele. Ela ajuda a prevenir a forma\u00e7\u00e3o de rugas, al\u00e9m de suas propriedades antioxidantes, e proporciona benef\u00edcios de clareamento da pele. Essas propriedades protetoras tornam o Hyaluron Serum 7 adequado para peles mais jovens e a primeira op\u00e7\u00e3o em tratamentos preventivos e antienvelhecimento.<\/p>\n<p><strong>Principais componentes:<\/strong><\/p>\n<p>Fosfato de metilglucos\u00eddeo<br \/>\nLisinato de cobre \/ Prolinato de cobre<br \/>\nExtrato de raiz de Vetiveria Zizanoides<br \/>\nEpigalocatequina Galatil Glucos\u00eddeo<\/p>\n<p><strong>Como usar<\/strong><\/p>\n<p>Depois de preparar o soro de acordo com as instru\u00e7\u00f5es fornecidas, aplique o produto durante o tratamento PhiBright.<\/p>\n<p><strong>Ingredientes<\/strong><\/p>\n<p>Aqua, glicerina, fosfato de metilglucos\u00eddeo, lisinato\/prolinato de cobre, \u00e1lcool fenet\u00edlico, caprilil\/glicos\u00eddeo de capril, \u00e1cido levul\u00ednico, undecilenoilglicina, levulinato de s\u00f3dio, extrato de raiz de vetiveria zizanoides, propanediol, fosfato de s\u00f3dio, fosfato de s\u00f3dio, clorato de enxofre, fosfato de s\u00f3dio.<\/p>","protected":false},"excerpt":{"rendered":"<p>A combina\u00e7\u00e3o de ingredientes contidos nesse soro tem efeitos positivos sobre a hidrata\u00e7\u00e3o e a reten\u00e7\u00e3o de umidade da pele. Ela ajuda a prevenir a forma\u00e7\u00e3o de rugas, al\u00e9m de suas propriedades antioxidantes, e proporciona benef\u00edcios de clareamento da pele. Essas propriedades protetoras tornam o Hyaluron Serum 7 adequado para peles mais jovens e a primeira op\u00e7\u00e3o em tratamentos preventivos e antienvelhecimento.<\/p>\n<p><strong>Principais componentes:<\/strong><\/p>\n<p>Fosfato de metilglucos\u00eddeo<br \/>\nLisinato de cobre \/ Prolinato de cobre<br \/>\nExtrato de raiz de Vetiveria Zizanoides<br \/>\nEpigalocatequina Galatil Glucos\u00eddeo<\/p>\n<p><strong>Como usar<\/strong><\/p>\n<p>Depois de preparar o soro de acordo com as instru\u00e7\u00f5es fornecidas, aplique o produto durante o tratamento PhiBright.<\/p>\n<p><strong>Ingredientes<\/strong><\/p>\n<p>Aqua, glicerina, fosfato de metilglucos\u00eddeo, lisinato\/prolinato de cobre, \u00e1lcool fenet\u00edlico, caprilil\/glicos\u00eddeo de capril, \u00e1cido levul\u00ednico, undecilenoilglicina, levulinato de s\u00f3dio, extrato de raiz de vetiveria zizanoides, propanediol, fosfato de s\u00f3dio, fosfato de s\u00f3dio, clorato de enxofre, fosfato de s\u00f3dio.<\/p>","protected":false},"featured_media":43422,"comment_status":"open","ping_status":"closed","template":"","meta":{"_acf_changed":false,"_joinchat":[]},"product_brand":[],"product_cat":[69,85],"product_tag":[],"class_list":{"0":"post-41764","1":"product","2":"type-product","3":"status-publish","4":"has-post-thumbnail","6":"product_cat-phibright","7":"product_cat-serums","9":"first","10":"onbackorder","11":"featured","12":"taxable","13":"shipping-taxable","14":"purchasable","15":"product-type-simple"},"supplier_id":null,"supplier_sku":"","barcode":null,"atum_controlled":true,"out_stock_date":"2023-06-23 09:06:03","out_stock_threshold":null,"inheritable":false,"inbound_stock":null,"stock_on_hold":0,"sold_today":0,"sales_last_days":0,"reserved_stock":null,"customer_returns":null,"warehouse_damage":null,"lost_in_post":null,"other_logs":null,"out_stock_days":1053,"lost_sales":0,"has_location":null,"update_date":"2026-05-11T12:46:40","atum_locations":[],"atum_stock_status":"onbackorder","restock_status":false,"low_stock_amount":0,"sales_update_date":"2026-05-11T12:46:40","calc_backorders":0,"acf":[],"yoast_head":"<!-- This site is optimized with the Yoast SEO plugin v24.8 - https:\/\/yoast.com\/wordpress\/plugins\/seo\/ -->\n<title>Hyaluron Serum 7 - 10ml - Formaciones PhiAcademy - Phiseller Espa\u00f1a<\/title>\n<meta name=\"robots\" content=\"index, follow, max-snippet:-1, max-image-preview:large, max-video-preview:-1\" \/>\n<link rel=\"canonical\" href=\"https:\/\/nereumatias.com\/pt\/produto\/hyaluron-serum-7-10ml\/\" \/>\n<meta property=\"og:locale\" content=\"pt_BR\" \/>\n<meta property=\"og:type\" content=\"article\" \/>\n<meta property=\"og:title\" content=\"Hyaluron Serum 7 - 10ml - Formaciones PhiAcademy - Phiseller Espa\u00f1a\" \/>\n<meta property=\"og:description\" content=\"La combinaci\u00f3n de ingredientes contenidos en este suero tiene efectos positivos sobre la hidrataci\u00f3n de la piel y la retenci\u00f3n de humedad. Ayuda a prevenir la formaci\u00f3n de arrugas, adem\u00e1s de sus propiedades antioxidantes, y proporciona beneficios para aclarar la piel. Estas propiedades protectoras hacen que Hyaluron Serum 7 sea adecuado para pieles m\u00e1s j\u00f3venes y la primera opci\u00f3n en tratamientos preventivos y antienvejecimiento.  Componentes clave:  Fosfato de metilgluc\u00f3sido Lisinato \/ Prolinato de Cobre Extracto de ra\u00edz de Vetiveria Zizanoides Epigalocatequina Gallatyl Glucoside  C\u00f3mo utilizar  Una vez que haya preparado el suero de acuerdo con las instrucciones proporcionadas, aplique el producto durante el tratamiento con PhiBright.  Ingredientes  Aqua, glicerina, fosfato de metilgluc\u00f3sido, lisinato de cobre \/ prolinato, alcohol fenet\u00edlico, caprylyl \/ capryl gluc\u00f3sido, \u00e1cido levul\u00ednico, undecilenoil glicina, levulinato de sodio, vetiveria zizanoides, extracto de ra\u00edz, propanodiol, fosfato de alodio, fosfato de alodio, clorato de azufre, fosfato de sodio .\" \/>\n<meta property=\"og:url\" content=\"https:\/\/nereumatias.com\/pt\/produto\/hyaluron-serum-7-10ml\/\" \/>\n<meta property=\"og:site_name\" content=\"Formaciones PhiAcademy - Phiseller Espa\u00f1a\" \/>\n<meta property=\"article:publisher\" content=\"https:\/\/www.facebook.com\/nereumatias\" \/>\n<meta property=\"article:modified_time\" content=\"2026-03-24T15:21:29+00:00\" \/>\n<meta property=\"og:image\" content=\"https:\/\/nereumatias.com\/wp-content\/uploads\/2022\/12\/hyaluront-serum7.jpg\" \/>\n\t<meta property=\"og:image:width\" content=\"600\" \/>\n\t<meta property=\"og:image:height\" content=\"800\" \/>\n\t<meta property=\"og:image:type\" content=\"image\/jpeg\" \/>\n<meta name=\"twitter:card\" content=\"summary_large_image\" \/>\n<script type=\"application\/ld+json\" class=\"yoast-schema-graph\">{\"@context\":\"https:\/\/schema.org\",\"@graph\":[{\"@type\":\"WebPage\",\"@id\":\"https:\/\/nereumatias.com\/producto\/hyaluron-serum-7-10ml\/\",\"url\":\"https:\/\/nereumatias.com\/producto\/hyaluron-serum-7-10ml\/\",\"name\":\"Hyaluron Serum 7 - 10ml - Formaciones PhiAcademy - Phiseller Espa\u00f1a\",\"isPartOf\":{\"@id\":\"https:\/\/nereumatias.com\/#website\"},\"primaryImageOfPage\":{\"@id\":\"https:\/\/nereumatias.com\/producto\/hyaluron-serum-7-10ml\/#primaryimage\"},\"image\":{\"@id\":\"https:\/\/nereumatias.com\/producto\/hyaluron-serum-7-10ml\/#primaryimage\"},\"thumbnailUrl\":\"https:\/\/nereumatias.com\/wp-content\/uploads\/2022\/12\/hyaluront-serum7.jpg\",\"datePublished\":\"2021-07-08T03:40:55+00:00\",\"dateModified\":\"2026-03-24T15:21:29+00:00\",\"breadcrumb\":{\"@id\":\"https:\/\/nereumatias.com\/producto\/hyaluron-serum-7-10ml\/#breadcrumb\"},\"inLanguage\":\"pt-BR\",\"potentialAction\":[{\"@type\":\"ReadAction\",\"target\":[\"https:\/\/nereumatias.com\/producto\/hyaluron-serum-7-10ml\/\"]}]},{\"@type\":\"ImageObject\",\"inLanguage\":\"pt-BR\",\"@id\":\"https:\/\/nereumatias.com\/producto\/hyaluron-serum-7-10ml\/#primaryimage\",\"url\":\"https:\/\/nereumatias.com\/wp-content\/uploads\/2022\/12\/hyaluront-serum7.jpg\",\"contentUrl\":\"https:\/\/nereumatias.com\/wp-content\/uploads\/2022\/12\/hyaluront-serum7.jpg\",\"width\":600,\"height\":800},{\"@type\":\"BreadcrumbList\",\"@id\":\"https:\/\/nereumatias.com\/producto\/hyaluron-serum-7-10ml\/#breadcrumb\",\"itemListElement\":[{\"@type\":\"ListItem\",\"position\":1,\"name\":\"Home\",\"item\":\"https:\/\/nereumatias.com\/\"},{\"@type\":\"ListItem\",\"position\":2,\"name\":\"Tienda\",\"item\":\"https:\/\/nereumatias.com\/tienda-online\/\"},{\"@type\":\"ListItem\",\"position\":3,\"name\":\"Hyaluron Serum 7 &#8211; 10ml\"}]},{\"@type\":\"WebSite\",\"@id\":\"https:\/\/nereumatias.com\/#website\",\"url\":\"https:\/\/nereumatias.com\/\",\"name\":\"Formaciones PhiAcademy - Phiseller Espa\u00f1a\",\"description\":\"PhiAcademy\",\"publisher\":{\"@id\":\"https:\/\/nereumatias.com\/#organization\"},\"potentialAction\":[{\"@type\":\"SearchAction\",\"target\":{\"@type\":\"EntryPoint\",\"urlTemplate\":\"https:\/\/nereumatias.com\/?s={search_term_string}\"},\"query-input\":{\"@type\":\"PropertyValueSpecification\",\"valueRequired\":true,\"valueName\":\"search_term_string\"}}],\"inLanguage\":\"pt-BR\"},{\"@type\":\"Organization\",\"@id\":\"https:\/\/nereumatias.com\/#organization\",\"name\":\"Formaciones PhiAcademy - Phiseller Espa\u00f1a\",\"url\":\"https:\/\/nereumatias.com\/\",\"logo\":{\"@type\":\"ImageObject\",\"inLanguage\":\"pt-BR\",\"@id\":\"https:\/\/nereumatias.com\/#\/schema\/logo\/image\/\",\"url\":\"https:\/\/nereumatias.com\/wp-content\/uploads\/2022\/09\/logo-phiseller-negro-150.png\",\"contentUrl\":\"https:\/\/nereumatias.com\/wp-content\/uploads\/2022\/09\/logo-phiseller-negro-150.png\",\"width\":375,\"height\":150,\"caption\":\"Formaciones PhiAcademy - Phiseller Espa\u00f1a\"},\"image\":{\"@id\":\"https:\/\/nereumatias.com\/#\/schema\/logo\/image\/\"},\"sameAs\":[\"https:\/\/www.facebook.com\/nereumatias\"]}]}<\/script>\n<!-- \/ Yoast SEO plugin. -->","yoast_head_json":{"title":"Hyaluron Serum 7 - 10ml - Formaciones PhiAcademy - Phiseller Espa\u00f1a","robots":{"index":"index","follow":"follow","max-snippet":"max-snippet:-1","max-image-preview":"max-image-preview:large","max-video-preview":"max-video-preview:-1"},"canonical":"https:\/\/nereumatias.com\/pt\/produto\/hyaluron-serum-7-10ml\/","og_locale":"pt_BR","og_type":"article","og_title":"Hyaluron Serum 7 - 10ml - Formaciones PhiAcademy - Phiseller Espa\u00f1a","og_description":"La combinaci\u00f3n de ingredientes contenidos en este suero tiene efectos positivos sobre la hidrataci\u00f3n de la piel y la retenci\u00f3n de humedad. Ayuda a prevenir la formaci\u00f3n de arrugas, adem\u00e1s de sus propiedades antioxidantes, y proporciona beneficios para aclarar la piel. Estas propiedades protectoras hacen que Hyaluron Serum 7 sea adecuado para pieles m\u00e1s j\u00f3venes y la primera opci\u00f3n en tratamientos preventivos y antienvejecimiento.  Componentes clave:  Fosfato de metilgluc\u00f3sido Lisinato \/ Prolinato de Cobre Extracto de ra\u00edz de Vetiveria Zizanoides Epigalocatequina Gallatyl Glucoside  C\u00f3mo utilizar  Una vez que haya preparado el suero de acuerdo con las instrucciones proporcionadas, aplique el producto durante el tratamiento con PhiBright.  Ingredientes  Aqua, glicerina, fosfato de metilgluc\u00f3sido, lisinato de cobre \/ prolinato, alcohol fenet\u00edlico, caprylyl \/ capryl gluc\u00f3sido, \u00e1cido levul\u00ednico, undecilenoil glicina, levulinato de sodio, vetiveria zizanoides, extracto de ra\u00edz, propanodiol, fosfato de alodio, fosfato de alodio, clorato de azufre, fosfato de sodio .","og_url":"https:\/\/nereumatias.com\/pt\/produto\/hyaluron-serum-7-10ml\/","og_site_name":"Formaciones PhiAcademy - Phiseller Espa\u00f1a","article_publisher":"https:\/\/www.facebook.com\/nereumatias","article_modified_time":"2026-03-24T15:21:29+00:00","og_image":[{"width":600,"height":800,"url":"https:\/\/nereumatias.com\/wp-content\/uploads\/2022\/12\/hyaluront-serum7.jpg","type":"image\/jpeg"}],"twitter_card":"summary_large_image","schema":{"@context":"https:\/\/schema.org","@graph":[{"@type":"WebPage","@id":"https:\/\/nereumatias.com\/producto\/hyaluron-serum-7-10ml\/","url":"https:\/\/nereumatias.com\/producto\/hyaluron-serum-7-10ml\/","name":"Hyaluron Serum 7 - 10ml - Formaciones PhiAcademy - Phiseller Espa\u00f1a","isPartOf":{"@id":"https:\/\/nereumatias.com\/#website"},"primaryImageOfPage":{"@id":"https:\/\/nereumatias.com\/producto\/hyaluron-serum-7-10ml\/#primaryimage"},"image":{"@id":"https:\/\/nereumatias.com\/producto\/hyaluron-serum-7-10ml\/#primaryimage"},"thumbnailUrl":"https:\/\/nereumatias.com\/wp-content\/uploads\/2022\/12\/hyaluront-serum7.jpg","datePublished":"2021-07-08T03:40:55+00:00","dateModified":"2026-03-24T15:21:29+00:00","breadcrumb":{"@id":"https:\/\/nereumatias.com\/producto\/hyaluron-serum-7-10ml\/#breadcrumb"},"inLanguage":"pt-BR","potentialAction":[{"@type":"ReadAction","target":["https:\/\/nereumatias.com\/producto\/hyaluron-serum-7-10ml\/"]}]},{"@type":"ImageObject","inLanguage":"pt-BR","@id":"https:\/\/nereumatias.com\/producto\/hyaluron-serum-7-10ml\/#primaryimage","url":"https:\/\/nereumatias.com\/wp-content\/uploads\/2022\/12\/hyaluront-serum7.jpg","contentUrl":"https:\/\/nereumatias.com\/wp-content\/uploads\/2022\/12\/hyaluront-serum7.jpg","width":600,"height":800},{"@type":"BreadcrumbList","@id":"https:\/\/nereumatias.com\/producto\/hyaluron-serum-7-10ml\/#breadcrumb","itemListElement":[{"@type":"ListItem","position":1,"name":"Home","item":"https:\/\/nereumatias.com\/"},{"@type":"ListItem","position":2,"name":"Tienda","item":"https:\/\/nereumatias.com\/tienda-online\/"},{"@type":"ListItem","position":3,"name":"Hyaluron Serum 7 &#8211; 10ml"}]},{"@type":"WebSite","@id":"https:\/\/nereumatias.com\/#website","url":"https:\/\/nereumatias.com\/","name":"Formaciones PhiAcademy - Phiseller Espa\u00f1a","description":"PhiAcademy","publisher":{"@id":"https:\/\/nereumatias.com\/#organization"},"potentialAction":[{"@type":"SearchAction","target":{"@type":"EntryPoint","urlTemplate":"https:\/\/nereumatias.com\/?s={search_term_string}"},"query-input":{"@type":"PropertyValueSpecification","valueRequired":true,"valueName":"search_term_string"}}],"inLanguage":"pt-BR"},{"@type":"Organization","@id":"https:\/\/nereumatias.com\/#organization","name":"Formaciones PhiAcademy - Phiseller Espa\u00f1a","url":"https:\/\/nereumatias.com\/","logo":{"@type":"ImageObject","inLanguage":"pt-BR","@id":"https:\/\/nereumatias.com\/#\/schema\/logo\/image\/","url":"https:\/\/nereumatias.com\/wp-content\/uploads\/2022\/09\/logo-phiseller-negro-150.png","contentUrl":"https:\/\/nereumatias.com\/wp-content\/uploads\/2022\/09\/logo-phiseller-negro-150.png","width":375,"height":150,"caption":"Formaciones PhiAcademy - Phiseller Espa\u00f1a"},"image":{"@id":"https:\/\/nereumatias.com\/#\/schema\/logo\/image\/"},"sameAs":["https:\/\/www.facebook.com\/nereumatias"]}]}},"_links":{"self":[{"href":"https:\/\/nereumatias.com\/pt\/wp-json\/wp\/v2\/product\/41764","targetHints":{"allow":["GET"]}}],"collection":[{"href":"https:\/\/nereumatias.com\/pt\/wp-json\/wp\/v2\/product"}],"about":[{"href":"https:\/\/nereumatias.com\/pt\/wp-json\/wp\/v2\/types\/product"}],"replies":[{"embeddable":true,"href":"https:\/\/nereumatias.com\/pt\/wp-json\/wp\/v2\/comments?post=41764"}],"version-history":[{"count":1,"href":"https:\/\/nereumatias.com\/pt\/wp-json\/wp\/v2\/product\/41764\/revisions"}],"predecessor-version":[{"id":41765,"href":"https:\/\/nereumatias.com\/pt\/wp-json\/wp\/v2\/product\/41764\/revisions\/41765"}],"wp:featuredmedia":[{"embeddable":true,"href":"https:\/\/nereumatias.com\/pt\/wp-json\/wp\/v2\/media\/43422"}],"wp:attachment":[{"href":"https:\/\/nereumatias.com\/pt\/wp-json\/wp\/v2\/media?parent=41764"}],"wp:term":[{"taxonomy":"product_brand","embeddable":true,"href":"https:\/\/nereumatias.com\/pt\/wp-json\/wp\/v2\/product_brand?post=41764"},{"taxonomy":"product_cat","embeddable":true,"href":"https:\/\/nereumatias.com\/pt\/wp-json\/wp\/v2\/product_cat?post=41764"},{"taxonomy":"product_tag","embeddable":true,"href":"https:\/\/nereumatias.com\/pt\/wp-json\/wp\/v2\/product_tag?post=41764"}],"curies":[{"name":"wp","href":"https:\/\/api.w.org\/{rel}","templated":true}]}}