{"id":41754,"date":"2021-07-08T05:40:55","date_gmt":"2021-07-08T03:40:55","guid":{"rendered":"https:\/\/nereumatias.phiseller.com\/?post_type=product&#038;p=41754"},"modified":"2026-03-24T16:19:52","modified_gmt":"2026-03-24T15:19:52","slug":"phibright-serum-2-20ml","status":"publish","type":"product","link":"https:\/\/nereumatias.com\/pt\/produto\/phibright-serum-2-20ml\/","title":{"rendered":"PhiBright Serum 2 - 20ml"},"content":{"rendered":"<p>O PhiBright Serum cont\u00e9m Brightenyl, um complexo especial cujo principal ingrediente ativo, o \u00e1cido diglucosil g\u00e1lico, representa uma nova gera\u00e7\u00e3o de subst\u00e2ncias ativadoras da pele que come\u00e7am a funcionar quando entram em contato com a flora bacteriana natural da pele.<\/p>\n<p>Esse complexo restaura e uniformiza a pele para proporcionar uma apar\u00eancia impec\u00e1vel. Ele faz isso bloqueando o processo de melanog\u00eanese em v\u00e1rios n\u00edveis, controlando assim o escurecimento da pele e reduzindo a hiperpigmenta\u00e7\u00e3o. Ele tamb\u00e9m protege a pele e inclui um efeito calmante que reduz a vermelhid\u00e3o.<\/p>\n<p>O soro hidratante proporciona nutri\u00e7\u00e3o profunda \u00e0 pele e ajuda a uniformizar a tez.<\/p>\n<p>Essa f\u00f3rmula \u00e9 adequada para peles jovens e oleosas. Proporciona hidrata\u00e7\u00e3o, nutri\u00e7\u00e3o e refresca a pele. Esse produto ajuda a regular a secre\u00e7\u00e3o de sebo na pele.<\/p>\n<p><strong>Principais componentes:<\/strong><\/p>\n<p>\u00c1cido diglucosil g\u00e1lico,<br \/>\nAmino\u00e1cidos (Serina, Alanina, Glicina, \u00c1cido Glut\u00e2mico, Lisina HCl, Treonina, Arginina, Prolina) Extrato de casca de Aiogeissus Leiocarpa,<br \/>\nExtrato de Rhodosorus Marinus,<br \/>\nZinc PCA: Complexo de zinco para peles oleosas<\/p>\n<p>Pacote: aprovado<\/p>\n<p>Estoque de Viena<\/p>\n<p><strong>Como usar<\/strong><\/p>\n<p>Depois de preparar o soro de acordo com as instru\u00e7\u00f5es fornecidas, aplique o produto durante o tratamento PhiBright.<\/p>\n<p><strong>Ingredientes<\/strong><\/p>\n<p>Aqua, Glicerina, \u00c1cido G\u00e1lico Diglucosil, Beta\u00edna, PCA de S\u00f3dio, Lactato de S\u00f3dio, PCA, Serina, Alanina, Glicina, \u00c1cido Glut\u00e2mico, Lisina HCl, Treonina, Arginina, Prolina, Propanediol, Extrato de casca de Anodyssium leiocarpa, Rhodosorus Marinus, extrato de Colosene, Caffeyl Glucoside, Gallyl Glucoside, Zinc PCA, Diglicerina, \u00c1lcool Benz\u00edlico, \u00c1cido dehidroac\u00e9tico.<\/p>","protected":false},"excerpt":{"rendered":"<p>O PhiBright Serum cont\u00e9m Brightenyl, um complexo especial cujo principal ingrediente ativo, o \u00e1cido diglucosil g\u00e1lico, representa uma nova gera\u00e7\u00e3o de subst\u00e2ncias ativadoras da pele que come\u00e7am a funcionar quando entram em contato com a flora bacteriana natural da pele.<\/p>\n<p>Esse complexo restaura e uniformiza a pele para proporcionar uma apar\u00eancia impec\u00e1vel. Ele faz isso bloqueando o processo de melanog\u00eanese em v\u00e1rios n\u00edveis, controlando assim o escurecimento da pele e reduzindo a hiperpigmenta\u00e7\u00e3o. Ele tamb\u00e9m protege a pele e inclui um efeito calmante que reduz a vermelhid\u00e3o.<\/p>\n<p>O soro hidratante proporciona nutri\u00e7\u00e3o profunda \u00e0 pele e ajuda a uniformizar a tez.<\/p>\n<p>Essa f\u00f3rmula \u00e9 adequada para peles jovens e oleosas. Proporciona hidrata\u00e7\u00e3o, nutri\u00e7\u00e3o e refresca a pele. Esse produto ajuda a regular a secre\u00e7\u00e3o de sebo na pele.<\/p>\n<p><strong>Principais componentes:<\/strong><\/p>\n<p>\u00c1cido diglucosil g\u00e1lico,<br \/>\nAmino\u00e1cidos (Serina, Alanina, Glicina, \u00c1cido Glut\u00e2mico, Lisina HCl, Treonina, Arginina, Prolina) Extrato de casca de Aiogeissus Leiocarpa,<br \/>\nExtrato de Rhodosorus Marinus,<br \/>\nZinc PCA: Complexo de zinco para peles oleosas<\/p>\n<p>Pacote: aprovado<\/p>\n<p>Estoque de Viena<\/p>\n<p><strong>Como usar<\/strong><\/p>\n<p>Depois de preparar o soro de acordo com as instru\u00e7\u00f5es fornecidas, aplique o produto durante o tratamento PhiBright.<\/p>\n<p><strong>Ingredientes<\/strong><\/p>\n<p>Aqua, Glicerina, \u00c1cido G\u00e1lico Diglucosil, Beta\u00edna, PCA de S\u00f3dio, Lactato de S\u00f3dio, PCA, Serina, Alanina, Glicina, \u00c1cido Glut\u00e2mico, Lisina HCl, Treonina, Arginina, Prolina, Propanediol, Extrato de casca de Anodyssium leiocarpa, Rhodosorus Marinus, extrato de Colosene, Caffeyl Glucoside, Gallyl Glucoside, Zinc PCA, Diglicerina, \u00c1lcool Benz\u00edlico, \u00c1cido dehidroac\u00e9tico.<\/p>","protected":false},"featured_media":43417,"comment_status":"open","ping_status":"closed","template":"","meta":{"_acf_changed":false,"_joinchat":[]},"product_brand":[],"product_cat":[69,85],"product_tag":[],"class_list":{"0":"post-41754","1":"product","2":"type-product","3":"status-publish","4":"has-post-thumbnail","6":"product_cat-phibright","7":"product_cat-serums","9":"first","10":"onbackorder","11":"taxable","12":"shipping-taxable","13":"purchasable","14":"product-type-simple"},"supplier_id":null,"supplier_sku":"","barcode":null,"atum_controlled":true,"out_stock_date":"2026-03-24 16:19:45","out_stock_threshold":null,"inheritable":false,"inbound_stock":null,"stock_on_hold":0,"sold_today":0,"sales_last_days":0,"reserved_stock":null,"customer_returns":null,"warehouse_damage":null,"lost_in_post":null,"other_logs":null,"out_stock_days":24,"lost_sales":0,"has_location":null,"update_date":"2026-04-18T10:16:23","atum_locations":[],"atum_stock_status":"onbackorder","restock_status":false,"low_stock_amount":0,"sales_update_date":"2026-04-18T10:16:23","calc_backorders":0,"acf":[],"yoast_head":"<!-- This site is optimized with the Yoast SEO plugin v24.8 - https:\/\/yoast.com\/wordpress\/plugins\/seo\/ -->\n<title>PhiBright Serum 2 - 20ml - Formaciones PhiAcademy - Phiseller Espa\u00f1a<\/title>\n<meta name=\"robots\" content=\"index, follow, max-snippet:-1, max-image-preview:large, max-video-preview:-1\" \/>\n<link rel=\"canonical\" href=\"https:\/\/nereumatias.com\/pt\/produto\/phibright-serum-2-20ml\/\" \/>\n<meta property=\"og:locale\" content=\"pt_BR\" \/>\n<meta property=\"og:type\" content=\"article\" \/>\n<meta property=\"og:title\" content=\"PhiBright Serum 2 - 20ml - Formaciones PhiAcademy - Phiseller Espa\u00f1a\" \/>\n<meta property=\"og:description\" content=\"PhiBright Serum contiene Brightenyl, un complejo especial cuyo ingrediente activo principal, el \u00e1cido diglucosil g\u00e1lico, representa una nueva generaci\u00f3n de sustancias activadoras de la piel que comienzan a funcionar una vez que entran en contacto con la flora bacteriana natural de la piel.  Este complejo restaura y unifica la piel para una apariencia perfecta. Lo hace bloqueando el proceso de melanog\u00e9nesis en varios niveles, controlando as\u00ed el oscurecimiento de la piel y reduciendo la hiperpigmentaci\u00f3n. Tambi\u00e9n protege la piel e incluye un efecto calmante que reduce el enrojecimiento.  El suero hidratante proporciona una nutrici\u00f3n profunda de la piel y ayuda a nivelar la tez.  Esta f\u00f3rmula es adecuada para pieles j\u00f3venes y grasas. Proporciona hidrataci\u00f3n, nutrientes y refresca la piel. Este producto ayuda a regular la secreci\u00f3n de sebo en la piel.  Componentes clave:  \u00c1cido diglucosil g\u00e1lico, Amino\u00e1cidos (Serina, Alanina, Glicina, \u00c1cido Glut\u00e1mico, Lisina HCl, Treonina, Arginina, Prolina) Extracto de Corteza de Aiogeissus Leiocarpa, Extracto de Rhodosorus Marinus, Zinc PCA: complejo de zinc para pieles grasas  Paquete: aprobado  Stock de Viena  C\u00f3mo utilizar  Una vez que haya preparado el suero de acuerdo con las instrucciones proporcionadas, aplique el producto durante el tratamiento con PhiBright.  Ingredientes  Aqua, Glicerina, \u00c1cido Diglucosil G\u00e1lico, Beta\u00edna, PCA de sodio, Lactato de sodio, PCA, Serina, Alanina, Glicina, \u00c1cido glut\u00e1mico, Lisina HCl, Treonina, Arginina, Prolina, Propanodiol, Extracto de corteza de leiocarpa de anodissio, Rhodosorus Marinus, Extracto de coloseno Caffeyl Glucoside, Gallyl Glucoside, Zinc PCA, Diglycerin, Benzyl Alcohol, Acid deshydroacetic.\" \/>\n<meta property=\"og:url\" content=\"https:\/\/nereumatias.com\/pt\/produto\/phibright-serum-2-20ml\/\" \/>\n<meta property=\"og:site_name\" content=\"Formaciones PhiAcademy - Phiseller Espa\u00f1a\" \/>\n<meta property=\"article:publisher\" content=\"https:\/\/www.facebook.com\/nereumatias\" \/>\n<meta property=\"article:modified_time\" content=\"2026-03-24T15:19:52+00:00\" \/>\n<meta property=\"og:image\" content=\"https:\/\/nereumatias.com\/wp-content\/uploads\/2022\/12\/phi-bright-serum-2.jpg\" \/>\n\t<meta property=\"og:image:width\" content=\"600\" \/>\n\t<meta property=\"og:image:height\" content=\"800\" \/>\n\t<meta property=\"og:image:type\" content=\"image\/jpeg\" \/>\n<meta name=\"twitter:card\" content=\"summary_large_image\" \/>\n<script type=\"application\/ld+json\" class=\"yoast-schema-graph\">{\"@context\":\"https:\/\/schema.org\",\"@graph\":[{\"@type\":\"WebPage\",\"@id\":\"https:\/\/nereumatias.com\/producto\/phibright-serum-2-20ml\/\",\"url\":\"https:\/\/nereumatias.com\/producto\/phibright-serum-2-20ml\/\",\"name\":\"PhiBright Serum 2 - 20ml - Formaciones PhiAcademy - Phiseller Espa\u00f1a\",\"isPartOf\":{\"@id\":\"https:\/\/nereumatias.com\/#website\"},\"primaryImageOfPage\":{\"@id\":\"https:\/\/nereumatias.com\/producto\/phibright-serum-2-20ml\/#primaryimage\"},\"image\":{\"@id\":\"https:\/\/nereumatias.com\/producto\/phibright-serum-2-20ml\/#primaryimage\"},\"thumbnailUrl\":\"https:\/\/nereumatias.com\/wp-content\/uploads\/2022\/12\/phi-bright-serum-2.jpg\",\"datePublished\":\"2021-07-08T03:40:55+00:00\",\"dateModified\":\"2026-03-24T15:19:52+00:00\",\"breadcrumb\":{\"@id\":\"https:\/\/nereumatias.com\/producto\/phibright-serum-2-20ml\/#breadcrumb\"},\"inLanguage\":\"pt-BR\",\"potentialAction\":[{\"@type\":\"ReadAction\",\"target\":[\"https:\/\/nereumatias.com\/producto\/phibright-serum-2-20ml\/\"]}]},{\"@type\":\"ImageObject\",\"inLanguage\":\"pt-BR\",\"@id\":\"https:\/\/nereumatias.com\/producto\/phibright-serum-2-20ml\/#primaryimage\",\"url\":\"https:\/\/nereumatias.com\/wp-content\/uploads\/2022\/12\/phi-bright-serum-2.jpg\",\"contentUrl\":\"https:\/\/nereumatias.com\/wp-content\/uploads\/2022\/12\/phi-bright-serum-2.jpg\",\"width\":600,\"height\":800},{\"@type\":\"BreadcrumbList\",\"@id\":\"https:\/\/nereumatias.com\/producto\/phibright-serum-2-20ml\/#breadcrumb\",\"itemListElement\":[{\"@type\":\"ListItem\",\"position\":1,\"name\":\"Home\",\"item\":\"https:\/\/nereumatias.com\/\"},{\"@type\":\"ListItem\",\"position\":2,\"name\":\"Tienda\",\"item\":\"https:\/\/nereumatias.com\/tienda-online\/\"},{\"@type\":\"ListItem\",\"position\":3,\"name\":\"PhiBright Serum 2 &#8211; 20ml\"}]},{\"@type\":\"WebSite\",\"@id\":\"https:\/\/nereumatias.com\/#website\",\"url\":\"https:\/\/nereumatias.com\/\",\"name\":\"Formaciones PhiAcademy - Phiseller Espa\u00f1a\",\"description\":\"PhiAcademy\",\"publisher\":{\"@id\":\"https:\/\/nereumatias.com\/#organization\"},\"potentialAction\":[{\"@type\":\"SearchAction\",\"target\":{\"@type\":\"EntryPoint\",\"urlTemplate\":\"https:\/\/nereumatias.com\/?s={search_term_string}\"},\"query-input\":{\"@type\":\"PropertyValueSpecification\",\"valueRequired\":true,\"valueName\":\"search_term_string\"}}],\"inLanguage\":\"pt-BR\"},{\"@type\":\"Organization\",\"@id\":\"https:\/\/nereumatias.com\/#organization\",\"name\":\"Formaciones PhiAcademy - Phiseller Espa\u00f1a\",\"url\":\"https:\/\/nereumatias.com\/\",\"logo\":{\"@type\":\"ImageObject\",\"inLanguage\":\"pt-BR\",\"@id\":\"https:\/\/nereumatias.com\/#\/schema\/logo\/image\/\",\"url\":\"https:\/\/nereumatias.com\/wp-content\/uploads\/2022\/09\/logo-phiseller-negro-150.png\",\"contentUrl\":\"https:\/\/nereumatias.com\/wp-content\/uploads\/2022\/09\/logo-phiseller-negro-150.png\",\"width\":375,\"height\":150,\"caption\":\"Formaciones PhiAcademy - Phiseller Espa\u00f1a\"},\"image\":{\"@id\":\"https:\/\/nereumatias.com\/#\/schema\/logo\/image\/\"},\"sameAs\":[\"https:\/\/www.facebook.com\/nereumatias\"]}]}<\/script>\n<!-- \/ Yoast SEO plugin. -->","yoast_head_json":{"title":"PhiBright Serum 2 - 20ml - Formaciones PhiAcademy - Phiseller Espa\u00f1a","robots":{"index":"index","follow":"follow","max-snippet":"max-snippet:-1","max-image-preview":"max-image-preview:large","max-video-preview":"max-video-preview:-1"},"canonical":"https:\/\/nereumatias.com\/pt\/produto\/phibright-serum-2-20ml\/","og_locale":"pt_BR","og_type":"article","og_title":"PhiBright Serum 2 - 20ml - Formaciones PhiAcademy - Phiseller Espa\u00f1a","og_description":"PhiBright Serum contiene Brightenyl, un complejo especial cuyo ingrediente activo principal, el \u00e1cido diglucosil g\u00e1lico, representa una nueva generaci\u00f3n de sustancias activadoras de la piel que comienzan a funcionar una vez que entran en contacto con la flora bacteriana natural de la piel.  Este complejo restaura y unifica la piel para una apariencia perfecta. Lo hace bloqueando el proceso de melanog\u00e9nesis en varios niveles, controlando as\u00ed el oscurecimiento de la piel y reduciendo la hiperpigmentaci\u00f3n. Tambi\u00e9n protege la piel e incluye un efecto calmante que reduce el enrojecimiento.  El suero hidratante proporciona una nutrici\u00f3n profunda de la piel y ayuda a nivelar la tez.  Esta f\u00f3rmula es adecuada para pieles j\u00f3venes y grasas. Proporciona hidrataci\u00f3n, nutrientes y refresca la piel. Este producto ayuda a regular la secreci\u00f3n de sebo en la piel.  Componentes clave:  \u00c1cido diglucosil g\u00e1lico, Amino\u00e1cidos (Serina, Alanina, Glicina, \u00c1cido Glut\u00e1mico, Lisina HCl, Treonina, Arginina, Prolina) Extracto de Corteza de Aiogeissus Leiocarpa, Extracto de Rhodosorus Marinus, Zinc PCA: complejo de zinc para pieles grasas  Paquete: aprobado  Stock de Viena  C\u00f3mo utilizar  Una vez que haya preparado el suero de acuerdo con las instrucciones proporcionadas, aplique el producto durante el tratamiento con PhiBright.  Ingredientes  Aqua, Glicerina, \u00c1cido Diglucosil G\u00e1lico, Beta\u00edna, PCA de sodio, Lactato de sodio, PCA, Serina, Alanina, Glicina, \u00c1cido glut\u00e1mico, Lisina HCl, Treonina, Arginina, Prolina, Propanodiol, Extracto de corteza de leiocarpa de anodissio, Rhodosorus Marinus, Extracto de coloseno Caffeyl Glucoside, Gallyl Glucoside, Zinc PCA, Diglycerin, Benzyl Alcohol, Acid deshydroacetic.","og_url":"https:\/\/nereumatias.com\/pt\/produto\/phibright-serum-2-20ml\/","og_site_name":"Formaciones PhiAcademy - Phiseller Espa\u00f1a","article_publisher":"https:\/\/www.facebook.com\/nereumatias","article_modified_time":"2026-03-24T15:19:52+00:00","og_image":[{"width":600,"height":800,"url":"https:\/\/nereumatias.com\/wp-content\/uploads\/2022\/12\/phi-bright-serum-2.jpg","type":"image\/jpeg"}],"twitter_card":"summary_large_image","schema":{"@context":"https:\/\/schema.org","@graph":[{"@type":"WebPage","@id":"https:\/\/nereumatias.com\/producto\/phibright-serum-2-20ml\/","url":"https:\/\/nereumatias.com\/producto\/phibright-serum-2-20ml\/","name":"PhiBright Serum 2 - 20ml - Formaciones PhiAcademy - Phiseller Espa\u00f1a","isPartOf":{"@id":"https:\/\/nereumatias.com\/#website"},"primaryImageOfPage":{"@id":"https:\/\/nereumatias.com\/producto\/phibright-serum-2-20ml\/#primaryimage"},"image":{"@id":"https:\/\/nereumatias.com\/producto\/phibright-serum-2-20ml\/#primaryimage"},"thumbnailUrl":"https:\/\/nereumatias.com\/wp-content\/uploads\/2022\/12\/phi-bright-serum-2.jpg","datePublished":"2021-07-08T03:40:55+00:00","dateModified":"2026-03-24T15:19:52+00:00","breadcrumb":{"@id":"https:\/\/nereumatias.com\/producto\/phibright-serum-2-20ml\/#breadcrumb"},"inLanguage":"pt-BR","potentialAction":[{"@type":"ReadAction","target":["https:\/\/nereumatias.com\/producto\/phibright-serum-2-20ml\/"]}]},{"@type":"ImageObject","inLanguage":"pt-BR","@id":"https:\/\/nereumatias.com\/producto\/phibright-serum-2-20ml\/#primaryimage","url":"https:\/\/nereumatias.com\/wp-content\/uploads\/2022\/12\/phi-bright-serum-2.jpg","contentUrl":"https:\/\/nereumatias.com\/wp-content\/uploads\/2022\/12\/phi-bright-serum-2.jpg","width":600,"height":800},{"@type":"BreadcrumbList","@id":"https:\/\/nereumatias.com\/producto\/phibright-serum-2-20ml\/#breadcrumb","itemListElement":[{"@type":"ListItem","position":1,"name":"Home","item":"https:\/\/nereumatias.com\/"},{"@type":"ListItem","position":2,"name":"Tienda","item":"https:\/\/nereumatias.com\/tienda-online\/"},{"@type":"ListItem","position":3,"name":"PhiBright Serum 2 &#8211; 20ml"}]},{"@type":"WebSite","@id":"https:\/\/nereumatias.com\/#website","url":"https:\/\/nereumatias.com\/","name":"Formaciones PhiAcademy - Phiseller Espa\u00f1a","description":"PhiAcademy","publisher":{"@id":"https:\/\/nereumatias.com\/#organization"},"potentialAction":[{"@type":"SearchAction","target":{"@type":"EntryPoint","urlTemplate":"https:\/\/nereumatias.com\/?s={search_term_string}"},"query-input":{"@type":"PropertyValueSpecification","valueRequired":true,"valueName":"search_term_string"}}],"inLanguage":"pt-BR"},{"@type":"Organization","@id":"https:\/\/nereumatias.com\/#organization","name":"Formaciones PhiAcademy - Phiseller Espa\u00f1a","url":"https:\/\/nereumatias.com\/","logo":{"@type":"ImageObject","inLanguage":"pt-BR","@id":"https:\/\/nereumatias.com\/#\/schema\/logo\/image\/","url":"https:\/\/nereumatias.com\/wp-content\/uploads\/2022\/09\/logo-phiseller-negro-150.png","contentUrl":"https:\/\/nereumatias.com\/wp-content\/uploads\/2022\/09\/logo-phiseller-negro-150.png","width":375,"height":150,"caption":"Formaciones PhiAcademy - Phiseller Espa\u00f1a"},"image":{"@id":"https:\/\/nereumatias.com\/#\/schema\/logo\/image\/"},"sameAs":["https:\/\/www.facebook.com\/nereumatias"]}]}},"_links":{"self":[{"href":"https:\/\/nereumatias.com\/pt\/wp-json\/wp\/v2\/product\/41754","targetHints":{"allow":["GET"]}}],"collection":[{"href":"https:\/\/nereumatias.com\/pt\/wp-json\/wp\/v2\/product"}],"about":[{"href":"https:\/\/nereumatias.com\/pt\/wp-json\/wp\/v2\/types\/product"}],"replies":[{"embeddable":true,"href":"https:\/\/nereumatias.com\/pt\/wp-json\/wp\/v2\/comments?post=41754"}],"version-history":[{"count":1,"href":"https:\/\/nereumatias.com\/pt\/wp-json\/wp\/v2\/product\/41754\/revisions"}],"predecessor-version":[{"id":41755,"href":"https:\/\/nereumatias.com\/pt\/wp-json\/wp\/v2\/product\/41754\/revisions\/41755"}],"wp:featuredmedia":[{"embeddable":true,"href":"https:\/\/nereumatias.com\/pt\/wp-json\/wp\/v2\/media\/43417"}],"wp:attachment":[{"href":"https:\/\/nereumatias.com\/pt\/wp-json\/wp\/v2\/media?parent=41754"}],"wp:term":[{"taxonomy":"product_brand","embeddable":true,"href":"https:\/\/nereumatias.com\/pt\/wp-json\/wp\/v2\/product_brand?post=41754"},{"taxonomy":"product_cat","embeddable":true,"href":"https:\/\/nereumatias.com\/pt\/wp-json\/wp\/v2\/product_cat?post=41754"},{"taxonomy":"product_tag","embeddable":true,"href":"https:\/\/nereumatias.com\/pt\/wp-json\/wp\/v2\/product_tag?post=41754"}],"curies":[{"name":"wp","href":"https:\/\/api.w.org\/{rel}","templated":true}]}}