{"id":41746,"date":"2021-07-08T05:40:54","date_gmt":"2021-07-08T03:40:54","guid":{"rendered":"https:\/\/nereumatias.phiseller.com\/?post_type=product&#038;p=41746"},"modified":"2026-03-24T16:22:39","modified_gmt":"2026-03-24T15:22:39","slug":"charcoal-purifying-face-mask-1-x-5pcs","status":"publish","type":"product","link":"https:\/\/nereumatias.com\/pt\/produto\/charcoal-purifying-face-mask-1-x-5pcs\/","title":{"rendered":"M\u00e1scara Facial Purificante de Carv\u00e3o Vegetal 1 x 5pcs"},"content":{"rendered":"<p>Essa m\u00e1scara cont\u00e9m carv\u00e3o vegetal que ajuda a remover a sujeira da pele e a regular o equil\u00edbrio da umidade e da oleosidade da pele. Ela \u00e9 enriquecida com ingredientes de alta qualidade com o objetivo de hidratar e reduzir a apar\u00eancia do envelhecimento, dando \u00e0 pele uma apar\u00eancia saud\u00e1vel e brilhante.<\/p>\n<p><strong>cont\u00e9m 5 pe\u00e7as<\/strong><\/p>\n<p><strong>INGREDIENTES<\/strong><\/p>\n<p>\u00c1gua-marinha, butilenoglicol, glicirrizato dipot\u00e1ssico, hialuronato de s\u00f3dio, tocoferol, amino\u00e1cidos de col\u00e1geno, p\u00f3 de carv\u00e3o vegetal, dextrana, lactato de s\u00f3dio, pept\u00eddeo de avena sativa (aveia), extrato de raiz de panax ginseng, extrato de raiz de angelica polymorpha sinensis, \u00e1cido beta, asco, \u00e1cido asc\u00f3rbico, asco, \u00e1cido beta-asc\u00f3rbico, etilhexilglicerina.<\/p>\n<p>Ingredientes principais: hialuronato de s\u00f3dio, vitamina E, amino\u00e1cidos de col\u00e1geno, p\u00f3 de carbono, pept\u00eddeo de aveia, extrato de ginseng, vitamina C<\/p>","protected":false},"excerpt":{"rendered":"<p>Essa m\u00e1scara cont\u00e9m carv\u00e3o vegetal que ajuda a remover a sujeira da pele e a regular o equil\u00edbrio da umidade e da oleosidade da pele. Ela \u00e9 enriquecida com ingredientes de alta qualidade com o objetivo de hidratar e reduzir a apar\u00eancia do envelhecimento, dando \u00e0 pele uma apar\u00eancia saud\u00e1vel e brilhante.<\/p>\n<p><strong>cont\u00e9m 5 pe\u00e7as<\/strong><\/p>\n<p><strong>INGREDIENTES<\/strong><\/p>\n<p>\u00c1gua-marinha, butilenoglicol, glicirrizato dipot\u00e1ssico, hialuronato de s\u00f3dio, tocoferol, amino\u00e1cidos de col\u00e1geno, p\u00f3 de carv\u00e3o vegetal, dextrana, lactato de s\u00f3dio, pept\u00eddeo de avena sativa (aveia), extrato de raiz de panax ginseng, extrato de raiz de angelica polymorpha sinensis, \u00e1cido beta, asco, \u00e1cido asc\u00f3rbico, asco, \u00e1cido beta-asc\u00f3rbico, etilhexilglicerina.<\/p>\n<p>Ingredientes principais: hialuronato de s\u00f3dio, vitamina E, amino\u00e1cidos de col\u00e1geno, p\u00f3 de carbono, pept\u00eddeo de aveia, extrato de ginseng, vitamina C<\/p>","protected":false},"featured_media":43409,"comment_status":"open","ping_status":"closed","template":"","meta":{"_acf_changed":false,"_joinchat":[]},"product_brand":[],"product_cat":[69,70],"product_tag":[],"class_list":{"0":"post-41746","1":"product","2":"type-product","3":"status-publish","4":"has-post-thumbnail","6":"product_cat-phibright","7":"product_cat-products","9":"first","10":"onbackorder","11":"taxable","12":"shipping-taxable","13":"purchasable","14":"product-type-simple"},"supplier_id":null,"supplier_sku":"","barcode":null,"atum_controlled":true,"out_stock_date":null,"out_stock_threshold":null,"inheritable":false,"inbound_stock":null,"stock_on_hold":0,"sold_today":0,"sales_last_days":0,"reserved_stock":null,"customer_returns":null,"warehouse_damage":null,"lost_in_post":null,"other_logs":null,"out_stock_days":0,"lost_sales":0,"has_location":null,"update_date":"2026-04-18T10:16:27","atum_locations":[],"atum_stock_status":"onbackorder","restock_status":false,"low_stock_amount":0,"sales_update_date":"2026-04-18T10:16:27","calc_backorders":-1,"acf":[],"yoast_head":"<!-- This site is optimized with the Yoast SEO plugin v24.8 - https:\/\/yoast.com\/wordpress\/plugins\/seo\/ -->\n<title>Charcoal Purifying Face Mask 1 x 5pcs - Formaciones PhiAcademy - Phiseller Espa\u00f1a<\/title>\n<meta name=\"robots\" content=\"index, follow, max-snippet:-1, max-image-preview:large, max-video-preview:-1\" \/>\n<link rel=\"canonical\" href=\"https:\/\/nereumatias.com\/pt\/produto\/charcoal-purifying-face-mask-1-x-5pcs\/\" \/>\n<meta property=\"og:locale\" content=\"pt_BR\" \/>\n<meta property=\"og:type\" content=\"article\" \/>\n<meta property=\"og:title\" content=\"Charcoal Purifying Face Mask 1 x 5pcs - Formaciones PhiAcademy - Phiseller Espa\u00f1a\" \/>\n<meta property=\"og:description\" content=\"Esta m\u00e1scara contiene carb\u00f3n vegetal que ayuda a eliminar la suciedad de la piel y a regular el equilibrio de humedad y aceite de la piel. Est\u00e1 enriquecido con ingredientes de alta calidad con el objetivo de hidratar y reducir la apariencia del envejecimiento, dando a la piel un aspecto saludable y brillante.  contiene 5 piezas  INGREDIENTES  Aguamarina, butilenglicol, glicirrizato de dipotasio, hialuronato de sodio, tocoferol, amino\u00e1cidos de col\u00e1geno, polvo de carb\u00f3n, dextrano, lactato de sodio, p\u00e9ptido de avena sativa (avena), extracto de ra\u00edz de panax ginseng, extracto de ra\u00edz de ang\u00e9lica polimorfa sinensis, beta-\u00e1cido, asco, \u00e1cido asc\u00f3rbico, asco, beta-\u00e1cido asc\u00f3rcico Etilhexilglicerina.  Ingredientes clave: hialuronato de sodio, vitamina E, amino\u00e1cidos de col\u00e1geno, polvo de carb\u00f3n, p\u00e9ptido de avena, extracto de ginseng, vitamina C\" \/>\n<meta property=\"og:url\" content=\"https:\/\/nereumatias.com\/pt\/produto\/charcoal-purifying-face-mask-1-x-5pcs\/\" \/>\n<meta property=\"og:site_name\" content=\"Formaciones PhiAcademy - Phiseller Espa\u00f1a\" \/>\n<meta property=\"article:publisher\" content=\"https:\/\/www.facebook.com\/nereumatias\" \/>\n<meta property=\"article:modified_time\" content=\"2026-03-24T15:22:39+00:00\" \/>\n<meta property=\"og:image\" content=\"https:\/\/nereumatias.com\/wp-content\/uploads\/2022\/12\/Charcoal-Purifying-Face.jpg\" \/>\n\t<meta property=\"og:image:width\" content=\"600\" \/>\n\t<meta property=\"og:image:height\" content=\"800\" \/>\n\t<meta property=\"og:image:type\" content=\"image\/jpeg\" \/>\n<meta name=\"twitter:card\" content=\"summary_large_image\" \/>\n<script type=\"application\/ld+json\" class=\"yoast-schema-graph\">{\"@context\":\"https:\/\/schema.org\",\"@graph\":[{\"@type\":\"WebPage\",\"@id\":\"https:\/\/nereumatias.com\/producto\/charcoal-purifying-face-mask-1-x-5pcs\/\",\"url\":\"https:\/\/nereumatias.com\/producto\/charcoal-purifying-face-mask-1-x-5pcs\/\",\"name\":\"Charcoal Purifying Face Mask 1 x 5pcs - Formaciones PhiAcademy - Phiseller Espa\u00f1a\",\"isPartOf\":{\"@id\":\"https:\/\/nereumatias.com\/#website\"},\"primaryImageOfPage\":{\"@id\":\"https:\/\/nereumatias.com\/producto\/charcoal-purifying-face-mask-1-x-5pcs\/#primaryimage\"},\"image\":{\"@id\":\"https:\/\/nereumatias.com\/producto\/charcoal-purifying-face-mask-1-x-5pcs\/#primaryimage\"},\"thumbnailUrl\":\"https:\/\/nereumatias.com\/wp-content\/uploads\/2022\/12\/Charcoal-Purifying-Face.jpg\",\"datePublished\":\"2021-07-08T03:40:54+00:00\",\"dateModified\":\"2026-03-24T15:22:39+00:00\",\"breadcrumb\":{\"@id\":\"https:\/\/nereumatias.com\/producto\/charcoal-purifying-face-mask-1-x-5pcs\/#breadcrumb\"},\"inLanguage\":\"pt-BR\",\"potentialAction\":[{\"@type\":\"ReadAction\",\"target\":[\"https:\/\/nereumatias.com\/producto\/charcoal-purifying-face-mask-1-x-5pcs\/\"]}]},{\"@type\":\"ImageObject\",\"inLanguage\":\"pt-BR\",\"@id\":\"https:\/\/nereumatias.com\/producto\/charcoal-purifying-face-mask-1-x-5pcs\/#primaryimage\",\"url\":\"https:\/\/nereumatias.com\/wp-content\/uploads\/2022\/12\/Charcoal-Purifying-Face.jpg\",\"contentUrl\":\"https:\/\/nereumatias.com\/wp-content\/uploads\/2022\/12\/Charcoal-Purifying-Face.jpg\",\"width\":600,\"height\":800},{\"@type\":\"BreadcrumbList\",\"@id\":\"https:\/\/nereumatias.com\/producto\/charcoal-purifying-face-mask-1-x-5pcs\/#breadcrumb\",\"itemListElement\":[{\"@type\":\"ListItem\",\"position\":1,\"name\":\"Home\",\"item\":\"https:\/\/nereumatias.com\/\"},{\"@type\":\"ListItem\",\"position\":2,\"name\":\"Tienda\",\"item\":\"https:\/\/nereumatias.com\/tienda-online\/\"},{\"@type\":\"ListItem\",\"position\":3,\"name\":\"Charcoal Purifying Face Mask 1 x 5pcs\"}]},{\"@type\":\"WebSite\",\"@id\":\"https:\/\/nereumatias.com\/#website\",\"url\":\"https:\/\/nereumatias.com\/\",\"name\":\"Formaciones PhiAcademy - Phiseller Espa\u00f1a\",\"description\":\"PhiAcademy\",\"publisher\":{\"@id\":\"https:\/\/nereumatias.com\/#organization\"},\"potentialAction\":[{\"@type\":\"SearchAction\",\"target\":{\"@type\":\"EntryPoint\",\"urlTemplate\":\"https:\/\/nereumatias.com\/?s={search_term_string}\"},\"query-input\":{\"@type\":\"PropertyValueSpecification\",\"valueRequired\":true,\"valueName\":\"search_term_string\"}}],\"inLanguage\":\"pt-BR\"},{\"@type\":\"Organization\",\"@id\":\"https:\/\/nereumatias.com\/#organization\",\"name\":\"Formaciones PhiAcademy - Phiseller Espa\u00f1a\",\"url\":\"https:\/\/nereumatias.com\/\",\"logo\":{\"@type\":\"ImageObject\",\"inLanguage\":\"pt-BR\",\"@id\":\"https:\/\/nereumatias.com\/#\/schema\/logo\/image\/\",\"url\":\"https:\/\/nereumatias.com\/wp-content\/uploads\/2022\/09\/logo-phiseller-negro-150.png\",\"contentUrl\":\"https:\/\/nereumatias.com\/wp-content\/uploads\/2022\/09\/logo-phiseller-negro-150.png\",\"width\":375,\"height\":150,\"caption\":\"Formaciones PhiAcademy - Phiseller Espa\u00f1a\"},\"image\":{\"@id\":\"https:\/\/nereumatias.com\/#\/schema\/logo\/image\/\"},\"sameAs\":[\"https:\/\/www.facebook.com\/nereumatias\"]}]}<\/script>\n<!-- \/ Yoast SEO plugin. -->","yoast_head_json":{"title":"Charcoal Purifying Face Mask 1 x 5pcs - Formaciones PhiAcademy - Phiseller Espa\u00f1a","robots":{"index":"index","follow":"follow","max-snippet":"max-snippet:-1","max-image-preview":"max-image-preview:large","max-video-preview":"max-video-preview:-1"},"canonical":"https:\/\/nereumatias.com\/pt\/produto\/charcoal-purifying-face-mask-1-x-5pcs\/","og_locale":"pt_BR","og_type":"article","og_title":"Charcoal Purifying Face Mask 1 x 5pcs - Formaciones PhiAcademy - Phiseller Espa\u00f1a","og_description":"Esta m\u00e1scara contiene carb\u00f3n vegetal que ayuda a eliminar la suciedad de la piel y a regular el equilibrio de humedad y aceite de la piel. Est\u00e1 enriquecido con ingredientes de alta calidad con el objetivo de hidratar y reducir la apariencia del envejecimiento, dando a la piel un aspecto saludable y brillante.  contiene 5 piezas  INGREDIENTES  Aguamarina, butilenglicol, glicirrizato de dipotasio, hialuronato de sodio, tocoferol, amino\u00e1cidos de col\u00e1geno, polvo de carb\u00f3n, dextrano, lactato de sodio, p\u00e9ptido de avena sativa (avena), extracto de ra\u00edz de panax ginseng, extracto de ra\u00edz de ang\u00e9lica polimorfa sinensis, beta-\u00e1cido, asco, \u00e1cido asc\u00f3rbico, asco, beta-\u00e1cido asc\u00f3rcico Etilhexilglicerina.  Ingredientes clave: hialuronato de sodio, vitamina E, amino\u00e1cidos de col\u00e1geno, polvo de carb\u00f3n, p\u00e9ptido de avena, extracto de ginseng, vitamina C","og_url":"https:\/\/nereumatias.com\/pt\/produto\/charcoal-purifying-face-mask-1-x-5pcs\/","og_site_name":"Formaciones PhiAcademy - Phiseller Espa\u00f1a","article_publisher":"https:\/\/www.facebook.com\/nereumatias","article_modified_time":"2026-03-24T15:22:39+00:00","og_image":[{"width":600,"height":800,"url":"https:\/\/nereumatias.com\/wp-content\/uploads\/2022\/12\/Charcoal-Purifying-Face.jpg","type":"image\/jpeg"}],"twitter_card":"summary_large_image","schema":{"@context":"https:\/\/schema.org","@graph":[{"@type":"WebPage","@id":"https:\/\/nereumatias.com\/producto\/charcoal-purifying-face-mask-1-x-5pcs\/","url":"https:\/\/nereumatias.com\/producto\/charcoal-purifying-face-mask-1-x-5pcs\/","name":"Charcoal Purifying Face Mask 1 x 5pcs - Formaciones PhiAcademy - Phiseller Espa\u00f1a","isPartOf":{"@id":"https:\/\/nereumatias.com\/#website"},"primaryImageOfPage":{"@id":"https:\/\/nereumatias.com\/producto\/charcoal-purifying-face-mask-1-x-5pcs\/#primaryimage"},"image":{"@id":"https:\/\/nereumatias.com\/producto\/charcoal-purifying-face-mask-1-x-5pcs\/#primaryimage"},"thumbnailUrl":"https:\/\/nereumatias.com\/wp-content\/uploads\/2022\/12\/Charcoal-Purifying-Face.jpg","datePublished":"2021-07-08T03:40:54+00:00","dateModified":"2026-03-24T15:22:39+00:00","breadcrumb":{"@id":"https:\/\/nereumatias.com\/producto\/charcoal-purifying-face-mask-1-x-5pcs\/#breadcrumb"},"inLanguage":"pt-BR","potentialAction":[{"@type":"ReadAction","target":["https:\/\/nereumatias.com\/producto\/charcoal-purifying-face-mask-1-x-5pcs\/"]}]},{"@type":"ImageObject","inLanguage":"pt-BR","@id":"https:\/\/nereumatias.com\/producto\/charcoal-purifying-face-mask-1-x-5pcs\/#primaryimage","url":"https:\/\/nereumatias.com\/wp-content\/uploads\/2022\/12\/Charcoal-Purifying-Face.jpg","contentUrl":"https:\/\/nereumatias.com\/wp-content\/uploads\/2022\/12\/Charcoal-Purifying-Face.jpg","width":600,"height":800},{"@type":"BreadcrumbList","@id":"https:\/\/nereumatias.com\/producto\/charcoal-purifying-face-mask-1-x-5pcs\/#breadcrumb","itemListElement":[{"@type":"ListItem","position":1,"name":"Home","item":"https:\/\/nereumatias.com\/"},{"@type":"ListItem","position":2,"name":"Tienda","item":"https:\/\/nereumatias.com\/tienda-online\/"},{"@type":"ListItem","position":3,"name":"Charcoal Purifying Face Mask 1 x 5pcs"}]},{"@type":"WebSite","@id":"https:\/\/nereumatias.com\/#website","url":"https:\/\/nereumatias.com\/","name":"Formaciones PhiAcademy - Phiseller Espa\u00f1a","description":"PhiAcademy","publisher":{"@id":"https:\/\/nereumatias.com\/#organization"},"potentialAction":[{"@type":"SearchAction","target":{"@type":"EntryPoint","urlTemplate":"https:\/\/nereumatias.com\/?s={search_term_string}"},"query-input":{"@type":"PropertyValueSpecification","valueRequired":true,"valueName":"search_term_string"}}],"inLanguage":"pt-BR"},{"@type":"Organization","@id":"https:\/\/nereumatias.com\/#organization","name":"Formaciones PhiAcademy - Phiseller Espa\u00f1a","url":"https:\/\/nereumatias.com\/","logo":{"@type":"ImageObject","inLanguage":"pt-BR","@id":"https:\/\/nereumatias.com\/#\/schema\/logo\/image\/","url":"https:\/\/nereumatias.com\/wp-content\/uploads\/2022\/09\/logo-phiseller-negro-150.png","contentUrl":"https:\/\/nereumatias.com\/wp-content\/uploads\/2022\/09\/logo-phiseller-negro-150.png","width":375,"height":150,"caption":"Formaciones PhiAcademy - Phiseller Espa\u00f1a"},"image":{"@id":"https:\/\/nereumatias.com\/#\/schema\/logo\/image\/"},"sameAs":["https:\/\/www.facebook.com\/nereumatias"]}]}},"_links":{"self":[{"href":"https:\/\/nereumatias.com\/pt\/wp-json\/wp\/v2\/product\/41746","targetHints":{"allow":["GET"]}}],"collection":[{"href":"https:\/\/nereumatias.com\/pt\/wp-json\/wp\/v2\/product"}],"about":[{"href":"https:\/\/nereumatias.com\/pt\/wp-json\/wp\/v2\/types\/product"}],"replies":[{"embeddable":true,"href":"https:\/\/nereumatias.com\/pt\/wp-json\/wp\/v2\/comments?post=41746"}],"version-history":[{"count":1,"href":"https:\/\/nereumatias.com\/pt\/wp-json\/wp\/v2\/product\/41746\/revisions"}],"predecessor-version":[{"id":41747,"href":"https:\/\/nereumatias.com\/pt\/wp-json\/wp\/v2\/product\/41746\/revisions\/41747"}],"wp:featuredmedia":[{"embeddable":true,"href":"https:\/\/nereumatias.com\/pt\/wp-json\/wp\/v2\/media\/43409"}],"wp:attachment":[{"href":"https:\/\/nereumatias.com\/pt\/wp-json\/wp\/v2\/media?parent=41746"}],"wp:term":[{"taxonomy":"product_brand","embeddable":true,"href":"https:\/\/nereumatias.com\/pt\/wp-json\/wp\/v2\/product_brand?post=41746"},{"taxonomy":"product_cat","embeddable":true,"href":"https:\/\/nereumatias.com\/pt\/wp-json\/wp\/v2\/product_cat?post=41746"},{"taxonomy":"product_tag","embeddable":true,"href":"https:\/\/nereumatias.com\/pt\/wp-json\/wp\/v2\/product_tag?post=41746"}],"curies":[{"name":"wp","href":"https:\/\/api.w.org\/{rel}","templated":true}]}}