{"id":41744,"date":"2021-07-08T05:40:54","date_gmt":"2021-07-08T03:40:54","guid":{"rendered":"https:\/\/nereumatias.phiseller.com\/?post_type=product&#038;p=41744"},"modified":"2026-03-24T16:22:13","modified_gmt":"2026-03-24T15:22:13","slug":"blueberry-repair-calming-face-mask-1-x-5pcs","status":"publish","type":"product","link":"https:\/\/nereumatias.com\/pt\/produto\/blueberry-repair-calming-face-mask-1-x-5pcs\/","title":{"rendered":"Blueberry Repair Calming Face Mask 1 x 5pcs"},"content":{"rendered":"<p>A Blueberry Repair Calming Face Mask \u00e9 uma m\u00e1scara poderosa adequada para todos os tipos de pele. Ela foi desenvolvida para ajudar a acalmar a pele ap\u00f3s a exposi\u00e7\u00e3o a fatores ambientais nocivos, como sol, vento etc. O extrato de mirtilo cont\u00e9m v\u00e1rios tipos de antioxidantes e, juntamente com a alanto\u00edna, conhecida por suas excepcionais propriedades reparadoras, essa m\u00e1scara dar\u00e1 \u00e0 sua pele um brilho saud\u00e1vel e de apar\u00eancia saud\u00e1vel e proporcionar\u00e1 um agrad\u00e1vel efeito refrescante.<\/p>\n<p><strong>cont\u00e9m 5 pe\u00e7as<\/strong><\/p>\n<p><strong>INGREDIENTES<\/strong><\/p>\n<p>Aqua, glicerina, extrato da fruta vaccinium angustifolium (mirtilo), hidroxietilcelulose, alanto\u00edna, EDTA diss\u00f3dico, \u00f3leo de r\u00edcino hidrogenado PEG-40, 2-bromo-2-nitropropano-1,3-diol, mentol, aromatizante.<\/p>","protected":false},"excerpt":{"rendered":"<p>A Blueberry Repair Calming Face Mask \u00e9 uma m\u00e1scara poderosa adequada para todos os tipos de pele. Ela foi desenvolvida para ajudar a acalmar a pele ap\u00f3s a exposi\u00e7\u00e3o a fatores ambientais nocivos, como sol, vento etc. O extrato de mirtilo cont\u00e9m v\u00e1rios tipos de antioxidantes e, juntamente com a alanto\u00edna, conhecida por suas excepcionais propriedades reparadoras, essa m\u00e1scara dar\u00e1 \u00e0 sua pele um brilho saud\u00e1vel e de apar\u00eancia saud\u00e1vel e proporcionar\u00e1 um agrad\u00e1vel efeito refrescante.<\/p>\n<p><strong>cont\u00e9m 5 pe\u00e7as<\/strong><\/p>\n<p><strong>INGREDIENTES<\/strong><\/p>\n<p>Aqua, glicerina, extrato da fruta vaccinium angustifolium (mirtilo), hidroxietilcelulose, alanto\u00edna, EDTA diss\u00f3dico, \u00f3leo de r\u00edcino hidrogenado PEG-40, 2-bromo-2-nitropropano-1,3-diol, mentol, aromatizante.<\/p>","protected":false},"featured_media":45980,"comment_status":"open","ping_status":"closed","template":"","meta":{"_acf_changed":false,"_joinchat":[]},"product_brand":[],"product_cat":[74,69,48,70],"product_tag":[],"class_list":{"0":"post-41744","1":"product","2":"type-product","3":"status-publish","4":"has-post-thumbnail","6":"product_cat-during-after-treatment-philings","7":"product_cat-phibright","8":"product_cat-philings","9":"product_cat-products","11":"first","12":"onbackorder","13":"taxable","14":"shipping-taxable","15":"purchasable","16":"product-type-simple"},"supplier_id":null,"supplier_sku":"","barcode":null,"atum_controlled":true,"out_stock_date":"2026-03-24 16:22:13","out_stock_threshold":null,"inheritable":false,"inbound_stock":null,"stock_on_hold":0,"sold_today":0,"sales_last_days":0,"reserved_stock":null,"customer_returns":null,"warehouse_damage":null,"lost_in_post":null,"other_logs":null,"out_stock_days":21,"lost_sales":0,"has_location":false,"update_date":"2026-04-15T10:16:34","atum_locations":[],"atum_stock_status":"onbackorder","restock_status":false,"low_stock_amount":0,"sales_update_date":"2026-04-15T10:16:34","calc_backorders":0,"acf":[],"yoast_head":"<!-- This site is optimized with the Yoast SEO plugin v24.8 - https:\/\/yoast.com\/wordpress\/plugins\/seo\/ -->\n<title>Blueberry Repair Calming Face Mask 1 x 5pcs - Formaciones PhiAcademy - Phiseller Espa\u00f1a<\/title>\n<meta name=\"robots\" content=\"index, follow, max-snippet:-1, max-image-preview:large, max-video-preview:-1\" \/>\n<link rel=\"canonical\" href=\"https:\/\/nereumatias.com\/pt\/produto\/blueberry-repair-calming-face-mask-1-x-5pcs\/\" \/>\n<meta property=\"og:locale\" content=\"pt_BR\" \/>\n<meta property=\"og:type\" content=\"article\" \/>\n<meta property=\"og:title\" content=\"Blueberry Repair Calming Face Mask 1 x 5pcs - Formaciones PhiAcademy - Phiseller Espa\u00f1a\" \/>\n<meta property=\"og:description\" content=\"Blueberry Repair Calming Face Mask es una potente mascarilla adecuada para todo tipo de pieles. Est\u00e1 dise\u00f1ado para ayudar a calmar la piel despu\u00e9s de la exposici\u00f3n a factores ambientales nocivos como el sol, el viento, etc. El extracto de ar\u00e1ndano contiene varios tipos de antioxidantes y, junto con la alanto\u00edna, conocida por sus excepcionales propiedades reparadoras, esta m\u00e1scara le dar\u00e1 a su piel un aspecto saludable y saludable. aspecto brillante y proporcionar\u00e1 un agradable efecto refrescante.  contiene 5 piezas  INGREDIENTES  Aqua, glicerina, extracto de fruta de vaccinium angustifolium (ar\u00e1ndano), hidroxietilcelulosa, alanto\u00edna, EDTA dis\u00f3dico, aceite de ricino hidrogenado PEG-40, 2-bromo-2-nitropropano-1,3-diol, mentol, aroma.\" \/>\n<meta property=\"og:url\" content=\"https:\/\/nereumatias.com\/pt\/produto\/blueberry-repair-calming-face-mask-1-x-5pcs\/\" \/>\n<meta property=\"og:site_name\" content=\"Formaciones PhiAcademy - Phiseller Espa\u00f1a\" \/>\n<meta property=\"article:publisher\" content=\"https:\/\/www.facebook.com\/nereumatias\" \/>\n<meta property=\"article:modified_time\" content=\"2026-03-24T15:22:13+00:00\" \/>\n<meta property=\"og:image\" content=\"https:\/\/nereumatias.com\/wp-content\/uploads\/2021\/07\/Captura-de-pantalla-2024-11-05-a-las-12.31.50.png\" \/>\n\t<meta property=\"og:image:width\" content=\"1756\" \/>\n\t<meta property=\"og:image:height\" content=\"1348\" \/>\n\t<meta property=\"og:image:type\" content=\"image\/png\" \/>\n<meta name=\"twitter:card\" content=\"summary_large_image\" \/>\n<script type=\"application\/ld+json\" class=\"yoast-schema-graph\">{\"@context\":\"https:\/\/schema.org\",\"@graph\":[{\"@type\":\"WebPage\",\"@id\":\"https:\/\/nereumatias.com\/producto\/blueberry-repair-calming-face-mask-1-x-5pcs\/\",\"url\":\"https:\/\/nereumatias.com\/producto\/blueberry-repair-calming-face-mask-1-x-5pcs\/\",\"name\":\"Blueberry Repair Calming Face Mask 1 x 5pcs - Formaciones PhiAcademy - Phiseller Espa\u00f1a\",\"isPartOf\":{\"@id\":\"https:\/\/nereumatias.com\/#website\"},\"primaryImageOfPage\":{\"@id\":\"https:\/\/nereumatias.com\/producto\/blueberry-repair-calming-face-mask-1-x-5pcs\/#primaryimage\"},\"image\":{\"@id\":\"https:\/\/nereumatias.com\/producto\/blueberry-repair-calming-face-mask-1-x-5pcs\/#primaryimage\"},\"thumbnailUrl\":\"https:\/\/nereumatias.com\/wp-content\/uploads\/2021\/07\/Captura-de-pantalla-2024-11-05-a-las-12.31.50.png\",\"datePublished\":\"2021-07-08T03:40:54+00:00\",\"dateModified\":\"2026-03-24T15:22:13+00:00\",\"breadcrumb\":{\"@id\":\"https:\/\/nereumatias.com\/producto\/blueberry-repair-calming-face-mask-1-x-5pcs\/#breadcrumb\"},\"inLanguage\":\"pt-BR\",\"potentialAction\":[{\"@type\":\"ReadAction\",\"target\":[\"https:\/\/nereumatias.com\/producto\/blueberry-repair-calming-face-mask-1-x-5pcs\/\"]}]},{\"@type\":\"ImageObject\",\"inLanguage\":\"pt-BR\",\"@id\":\"https:\/\/nereumatias.com\/producto\/blueberry-repair-calming-face-mask-1-x-5pcs\/#primaryimage\",\"url\":\"https:\/\/nereumatias.com\/wp-content\/uploads\/2021\/07\/Captura-de-pantalla-2024-11-05-a-las-12.31.50.png\",\"contentUrl\":\"https:\/\/nereumatias.com\/wp-content\/uploads\/2021\/07\/Captura-de-pantalla-2024-11-05-a-las-12.31.50.png\",\"width\":1756,\"height\":1348},{\"@type\":\"BreadcrumbList\",\"@id\":\"https:\/\/nereumatias.com\/producto\/blueberry-repair-calming-face-mask-1-x-5pcs\/#breadcrumb\",\"itemListElement\":[{\"@type\":\"ListItem\",\"position\":1,\"name\":\"Home\",\"item\":\"https:\/\/nereumatias.com\/\"},{\"@type\":\"ListItem\",\"position\":2,\"name\":\"Tienda\",\"item\":\"https:\/\/nereumatias.com\/tienda-online\/\"},{\"@type\":\"ListItem\",\"position\":3,\"name\":\"Blueberry Repair Calming Face Mask 1 x 5pcs\"}]},{\"@type\":\"WebSite\",\"@id\":\"https:\/\/nereumatias.com\/#website\",\"url\":\"https:\/\/nereumatias.com\/\",\"name\":\"Formaciones PhiAcademy - Phiseller Espa\u00f1a\",\"description\":\"PhiAcademy\",\"publisher\":{\"@id\":\"https:\/\/nereumatias.com\/#organization\"},\"potentialAction\":[{\"@type\":\"SearchAction\",\"target\":{\"@type\":\"EntryPoint\",\"urlTemplate\":\"https:\/\/nereumatias.com\/?s={search_term_string}\"},\"query-input\":{\"@type\":\"PropertyValueSpecification\",\"valueRequired\":true,\"valueName\":\"search_term_string\"}}],\"inLanguage\":\"pt-BR\"},{\"@type\":\"Organization\",\"@id\":\"https:\/\/nereumatias.com\/#organization\",\"name\":\"Formaciones PhiAcademy - Phiseller Espa\u00f1a\",\"url\":\"https:\/\/nereumatias.com\/\",\"logo\":{\"@type\":\"ImageObject\",\"inLanguage\":\"pt-BR\",\"@id\":\"https:\/\/nereumatias.com\/#\/schema\/logo\/image\/\",\"url\":\"https:\/\/nereumatias.com\/wp-content\/uploads\/2022\/09\/logo-phiseller-negro-150.png\",\"contentUrl\":\"https:\/\/nereumatias.com\/wp-content\/uploads\/2022\/09\/logo-phiseller-negro-150.png\",\"width\":375,\"height\":150,\"caption\":\"Formaciones PhiAcademy - Phiseller Espa\u00f1a\"},\"image\":{\"@id\":\"https:\/\/nereumatias.com\/#\/schema\/logo\/image\/\"},\"sameAs\":[\"https:\/\/www.facebook.com\/nereumatias\"]}]}<\/script>\n<!-- \/ Yoast SEO plugin. -->","yoast_head_json":{"title":"Blueberry Repair Calming Face Mask 1 x 5pcs - Formaciones PhiAcademy - Phiseller Espa\u00f1a","robots":{"index":"index","follow":"follow","max-snippet":"max-snippet:-1","max-image-preview":"max-image-preview:large","max-video-preview":"max-video-preview:-1"},"canonical":"https:\/\/nereumatias.com\/pt\/produto\/blueberry-repair-calming-face-mask-1-x-5pcs\/","og_locale":"pt_BR","og_type":"article","og_title":"Blueberry Repair Calming Face Mask 1 x 5pcs - Formaciones PhiAcademy - Phiseller Espa\u00f1a","og_description":"Blueberry Repair Calming Face Mask es una potente mascarilla adecuada para todo tipo de pieles. Est\u00e1 dise\u00f1ado para ayudar a calmar la piel despu\u00e9s de la exposici\u00f3n a factores ambientales nocivos como el sol, el viento, etc. El extracto de ar\u00e1ndano contiene varios tipos de antioxidantes y, junto con la alanto\u00edna, conocida por sus excepcionales propiedades reparadoras, esta m\u00e1scara le dar\u00e1 a su piel un aspecto saludable y saludable. aspecto brillante y proporcionar\u00e1 un agradable efecto refrescante.  contiene 5 piezas  INGREDIENTES  Aqua, glicerina, extracto de fruta de vaccinium angustifolium (ar\u00e1ndano), hidroxietilcelulosa, alanto\u00edna, EDTA dis\u00f3dico, aceite de ricino hidrogenado PEG-40, 2-bromo-2-nitropropano-1,3-diol, mentol, aroma.","og_url":"https:\/\/nereumatias.com\/pt\/produto\/blueberry-repair-calming-face-mask-1-x-5pcs\/","og_site_name":"Formaciones PhiAcademy - Phiseller Espa\u00f1a","article_publisher":"https:\/\/www.facebook.com\/nereumatias","article_modified_time":"2026-03-24T15:22:13+00:00","og_image":[{"width":1756,"height":1348,"url":"https:\/\/nereumatias.com\/wp-content\/uploads\/2021\/07\/Captura-de-pantalla-2024-11-05-a-las-12.31.50.png","type":"image\/png"}],"twitter_card":"summary_large_image","schema":{"@context":"https:\/\/schema.org","@graph":[{"@type":"WebPage","@id":"https:\/\/nereumatias.com\/producto\/blueberry-repair-calming-face-mask-1-x-5pcs\/","url":"https:\/\/nereumatias.com\/producto\/blueberry-repair-calming-face-mask-1-x-5pcs\/","name":"Blueberry Repair Calming Face Mask 1 x 5pcs - Formaciones PhiAcademy - Phiseller Espa\u00f1a","isPartOf":{"@id":"https:\/\/nereumatias.com\/#website"},"primaryImageOfPage":{"@id":"https:\/\/nereumatias.com\/producto\/blueberry-repair-calming-face-mask-1-x-5pcs\/#primaryimage"},"image":{"@id":"https:\/\/nereumatias.com\/producto\/blueberry-repair-calming-face-mask-1-x-5pcs\/#primaryimage"},"thumbnailUrl":"https:\/\/nereumatias.com\/wp-content\/uploads\/2021\/07\/Captura-de-pantalla-2024-11-05-a-las-12.31.50.png","datePublished":"2021-07-08T03:40:54+00:00","dateModified":"2026-03-24T15:22:13+00:00","breadcrumb":{"@id":"https:\/\/nereumatias.com\/producto\/blueberry-repair-calming-face-mask-1-x-5pcs\/#breadcrumb"},"inLanguage":"pt-BR","potentialAction":[{"@type":"ReadAction","target":["https:\/\/nereumatias.com\/producto\/blueberry-repair-calming-face-mask-1-x-5pcs\/"]}]},{"@type":"ImageObject","inLanguage":"pt-BR","@id":"https:\/\/nereumatias.com\/producto\/blueberry-repair-calming-face-mask-1-x-5pcs\/#primaryimage","url":"https:\/\/nereumatias.com\/wp-content\/uploads\/2021\/07\/Captura-de-pantalla-2024-11-05-a-las-12.31.50.png","contentUrl":"https:\/\/nereumatias.com\/wp-content\/uploads\/2021\/07\/Captura-de-pantalla-2024-11-05-a-las-12.31.50.png","width":1756,"height":1348},{"@type":"BreadcrumbList","@id":"https:\/\/nereumatias.com\/producto\/blueberry-repair-calming-face-mask-1-x-5pcs\/#breadcrumb","itemListElement":[{"@type":"ListItem","position":1,"name":"Home","item":"https:\/\/nereumatias.com\/"},{"@type":"ListItem","position":2,"name":"Tienda","item":"https:\/\/nereumatias.com\/tienda-online\/"},{"@type":"ListItem","position":3,"name":"Blueberry Repair Calming Face Mask 1 x 5pcs"}]},{"@type":"WebSite","@id":"https:\/\/nereumatias.com\/#website","url":"https:\/\/nereumatias.com\/","name":"Formaciones PhiAcademy - Phiseller Espa\u00f1a","description":"PhiAcademy","publisher":{"@id":"https:\/\/nereumatias.com\/#organization"},"potentialAction":[{"@type":"SearchAction","target":{"@type":"EntryPoint","urlTemplate":"https:\/\/nereumatias.com\/?s={search_term_string}"},"query-input":{"@type":"PropertyValueSpecification","valueRequired":true,"valueName":"search_term_string"}}],"inLanguage":"pt-BR"},{"@type":"Organization","@id":"https:\/\/nereumatias.com\/#organization","name":"Formaciones PhiAcademy - Phiseller Espa\u00f1a","url":"https:\/\/nereumatias.com\/","logo":{"@type":"ImageObject","inLanguage":"pt-BR","@id":"https:\/\/nereumatias.com\/#\/schema\/logo\/image\/","url":"https:\/\/nereumatias.com\/wp-content\/uploads\/2022\/09\/logo-phiseller-negro-150.png","contentUrl":"https:\/\/nereumatias.com\/wp-content\/uploads\/2022\/09\/logo-phiseller-negro-150.png","width":375,"height":150,"caption":"Formaciones PhiAcademy - Phiseller Espa\u00f1a"},"image":{"@id":"https:\/\/nereumatias.com\/#\/schema\/logo\/image\/"},"sameAs":["https:\/\/www.facebook.com\/nereumatias"]}]}},"_links":{"self":[{"href":"https:\/\/nereumatias.com\/pt\/wp-json\/wp\/v2\/product\/41744","targetHints":{"allow":["GET"]}}],"collection":[{"href":"https:\/\/nereumatias.com\/pt\/wp-json\/wp\/v2\/product"}],"about":[{"href":"https:\/\/nereumatias.com\/pt\/wp-json\/wp\/v2\/types\/product"}],"replies":[{"embeddable":true,"href":"https:\/\/nereumatias.com\/pt\/wp-json\/wp\/v2\/comments?post=41744"}],"version-history":[{"count":1,"href":"https:\/\/nereumatias.com\/pt\/wp-json\/wp\/v2\/product\/41744\/revisions"}],"predecessor-version":[{"id":41745,"href":"https:\/\/nereumatias.com\/pt\/wp-json\/wp\/v2\/product\/41744\/revisions\/41745"}],"wp:featuredmedia":[{"embeddable":true,"href":"https:\/\/nereumatias.com\/pt\/wp-json\/wp\/v2\/media\/45980"}],"wp:attachment":[{"href":"https:\/\/nereumatias.com\/pt\/wp-json\/wp\/v2\/media?parent=41744"}],"wp:term":[{"taxonomy":"product_brand","embeddable":true,"href":"https:\/\/nereumatias.com\/pt\/wp-json\/wp\/v2\/product_brand?post=41744"},{"taxonomy":"product_cat","embeddable":true,"href":"https:\/\/nereumatias.com\/pt\/wp-json\/wp\/v2\/product_cat?post=41744"},{"taxonomy":"product_tag","embeddable":true,"href":"https:\/\/nereumatias.com\/pt\/wp-json\/wp\/v2\/product_tag?post=41744"}],"curies":[{"name":"wp","href":"https:\/\/api.w.org\/{rel}","templated":true}]}}