{"id":41742,"date":"2021-07-08T05:40:54","date_gmt":"2021-07-08T03:40:54","guid":{"rendered":"https:\/\/nereumatias.phiseller.com\/?post_type=product&#038;p=41742"},"modified":"2026-03-24T16:22:03","modified_gmt":"2026-03-24T15:22:03","slug":"tango-collagen-booster-cream-50ml","status":"publish","type":"product","link":"https:\/\/nereumatias.com\/pt\/produto\/tango-collagen-booster-cream-50ml\/","title":{"rendered":"Cole\u00e7\u00e3o de l\u00e1pis b\u00e1sico para microblading da PhiBrows Microblading SUPER"},"content":{"rendered":"<p>Informa\u00e7\u00f5es sobre o produto \"PhiBrows Microblading Basic Pigment Collection SUPER\".<br \/>\nEsta cole\u00e7\u00e3o de pigmentos b\u00e1sicos para microblading da PhiBrows inclui 3 pigmentos SUPER de 5 ml.<\/p>\n<p>A combina\u00e7\u00e3o do pigmento com a cor do cabelo da cliente \u00e9 fundamental para o sucesso dos resultados da microblading. Nesse conjunto est\u00e3o as cores de base, que devem ser misturadas para criar misturas personalizadas. Portanto, ele \u00e9 mais adequado para artistas avan\u00e7ados com conhecimento de mistura de pigmentos.<\/p>\n<p>Este conjunto de 3 pe\u00e7as de pigmento Microblading SUPER consiste em:<\/p>\n<p>1x 5ml Preto<\/p>\n<p>1x 5ml Amarelo<\/p>\n<p>1x 5ml Vermelho<\/p>\n<p>Esses tr\u00eas pigmentos b\u00e1sicos devem ser misturados para criar uma \u00f3tima combina\u00e7\u00e3o de cores para cada cliente, independentemente da cor natural do cabelo. Isso pode ser obtido por meio do treinamento de teoria da cor em microblading.<\/p>\n<p>Ao combinar tons de pigmento preto, amarelo (ambos de base sint\u00e9tica) e vermelho (\u00e0 base de \u00f3xido de ferro), nossos pigmentos SUPER otimizaram a estabilidade e o calor da cor. Isso cria resultados de cor impressionantes e mais duradouros ap\u00f3s o tratamento com microblading.<\/p>\n<p>Todos os nossos SUPER Pigmentos s\u00e3o:<\/p>\n<p>hipoalerg\u00eanico<\/p>\n<p>n\u00e3o foram testados em animais<\/p>\n<p>veganos<\/p>\n<p>cumprem as normas de seguran\u00e7a da UE.<\/p>\n<p> Os pigmentos PhiBrows cont\u00eam ingredientes limpos, que s\u00e3o misturados para proporcionar uma cor duradoura. Ap\u00f3s anos de pesquisa, as misturas foram otimizadas tendo como foco principal a seguran\u00e7a e a satisfa\u00e7\u00e3o do cliente.<\/p>\n<p>Os pigmentos SUPER s\u00e3o est\u00e1veis, o que evita que a cor se espalhe sob a pele. Isso resulta em tra\u00e7os precisos, bem definidos e de longa dura\u00e7\u00e3o.<\/p>\n<p>**PIGMENTO N\u00c3O APROVADO NA ESPANHA, USE APENAS PARA A PR\u00c1TICA DE L\u00c1TEX**.<\/p>","protected":false},"excerpt":{"rendered":"<p>Informa\u00e7\u00f5es sobre o produto \"PhiBrows Microblading Basic Pigment Collection SUPER\".<br \/>\nEsta cole\u00e7\u00e3o de pigmentos b\u00e1sicos para microblading da PhiBrows inclui 3 pigmentos SUPER de 5 ml.<\/p>\n<p>A combina\u00e7\u00e3o do pigmento com a cor do cabelo da cliente \u00e9 fundamental para o sucesso dos resultados da microblading. Nesse conjunto est\u00e3o as cores de base, que devem ser misturadas para criar misturas personalizadas. Portanto, ele \u00e9 mais adequado para artistas avan\u00e7ados com conhecimento de mistura de pigmentos.<\/p>\n<p>Este conjunto de 3 pe\u00e7as de pigmento Microblading SUPER consiste em:<\/p>\n<p>1x 5ml Preto<\/p>\n<p>1x 5ml Amarelo<\/p>\n<p>1x 5ml Vermelho<\/p>\n<p>Esses tr\u00eas pigmentos b\u00e1sicos devem ser misturados para criar uma \u00f3tima combina\u00e7\u00e3o de cores para cada cliente, independentemente da cor natural do cabelo. Isso pode ser obtido por meio do treinamento de teoria da cor em microblading.<\/p>\n<p>Ao combinar tons de pigmento preto, amarelo (ambos de base sint\u00e9tica) e vermelho (\u00e0 base de \u00f3xido de ferro), nossos pigmentos SUPER otimizaram a estabilidade e o calor da cor. Isso cria resultados de cor impressionantes e mais duradouros ap\u00f3s o tratamento com microblading.<\/p>\n<p>Todos os nossos SUPER Pigmentos s\u00e3o:<\/p>\n<p>hipoalerg\u00eanico<\/p>\n<p>n\u00e3o foram testados em animais<\/p>\n<p>veganos<\/p>\n<p>cumprem as normas de seguran\u00e7a da UE.<\/p>\n<p> Os pigmentos PhiBrows cont\u00eam ingredientes limpos, que s\u00e3o misturados para proporcionar uma cor duradoura. Ap\u00f3s anos de pesquisa, as misturas foram otimizadas tendo como foco principal a seguran\u00e7a e a satisfa\u00e7\u00e3o do cliente.<\/p>\n<p>Os pigmentos SUPER s\u00e3o est\u00e1veis, o que evita que a cor se espalhe sob a pele. Isso resulta em tra\u00e7os precisos, bem definidos e de longa dura\u00e7\u00e3o.<\/p>\n<p>**PIGMENTO N\u00c3O APROVADO NA ESPANHA, USE APENAS PARA A PR\u00c1TICA DE L\u00c1TEX**.<\/p>","protected":false},"featured_media":43402,"comment_status":"open","ping_status":"closed","template":"","meta":{"_acf_changed":false,"_joinchat":[]},"product_brand":[],"product_cat":[51,69,48,70],"product_tag":[],"class_list":{"0":"post-41742","1":"product","2":"type-product","3":"status-publish","4":"has-post-thumbnail","6":"product_cat-gels-creams","7":"product_cat-phibright","8":"product_cat-philings","9":"product_cat-products","11":"first","12":"instock","13":"taxable","14":"shipping-taxable","15":"purchasable","16":"product-type-simple"},"supplier_id":null,"supplier_sku":"","barcode":null,"atum_controlled":true,"out_stock_date":null,"out_stock_threshold":null,"inheritable":false,"inbound_stock":null,"stock_on_hold":0,"sold_today":0,"sales_last_days":0,"reserved_stock":null,"customer_returns":null,"warehouse_damage":null,"lost_in_post":null,"other_logs":null,"out_stock_days":0,"lost_sales":0,"has_location":null,"update_date":"2026-04-19T10:16:28","atum_locations":[],"atum_stock_status":"instock","restock_status":false,"low_stock_amount":0,"sales_update_date":"2026-04-19T10:16:28","calc_backorders":0,"acf":[],"yoast_head":"<!-- This site is optimized with the Yoast SEO plugin v24.8 - https:\/\/yoast.com\/wordpress\/plugins\/seo\/ -->\n<title>PhiBrows Microblading Basic Lapiz Collection SUPER - Formaciones PhiAcademy - Phiseller Espa\u00f1a<\/title>\n<meta name=\"robots\" content=\"index, follow, max-snippet:-1, max-image-preview:large, max-video-preview:-1\" \/>\n<link rel=\"canonical\" href=\"https:\/\/nereumatias.com\/pt\/produto\/tango-collagen-booster-cream-50ml\/\" \/>\n<meta property=\"og:locale\" content=\"pt_BR\" \/>\n<meta property=\"og:type\" content=\"article\" \/>\n<meta property=\"og:title\" content=\"PhiBrows Microblading Basic Lapiz Collection SUPER - Formaciones PhiAcademy - Phiseller Espa\u00f1a\" \/>\n<meta property=\"og:description\" content=\"Informaci\u00f3n sobre el producto &quot;PhiBrows Microblading Basic Pigment Collection SUPER&quot; Este PhiBrows Microblading Basic Pigment Collection SUPER incluye 3 pigmentos SUPER de 5 ml.  La adaptaci\u00f3n del pigmento al color del cabello del cliente es crucial para el \u00e9xito de los resultados del microblading. En este set se encuentran los colores base, que deben mezclarse para crear mezclas personalizadas. Por lo tanto, es m\u00e1s adecuado para artistas avanzados con conocimientos de mezcla de pigmentos.     Este set de pigmentos Microblading SUPER de 3 piezas se compone de:  1x 5ml Black  1x 5ml Yellow  1x 5ml Red     Estos tres pigmentos base est\u00e1n destinados a ser mezclados para crear una gran combinaci\u00f3n de colores para cada cliente, independientemente de color de pelo natural. Esto se puede conseguir mediante la teor\u00eda del color de la formaci\u00f3n en microblading.  Al combinar tonos de pigmentos negros, amarillos (ambos de base sint\u00e9tica) y rojos (de base de \u00f3xido de hierro), nuestros pigmentos SUPER han optimizado la estabilidad y la calidez del color. Esto crea resultados de color impresionantes y m\u00e1s duraderos despu\u00e9s del tratamiento de microblading.     Todos nuestros SUPER Pigmentos son:  hipoalerg\u00e9nicos  no han sido probados en animales  veganos  cumplen la reglamentaci\u00f3n de seguridad de la UE.   Los pigmentos PhiBrows contienen ingredientes limpios, que se mezclan para dar un color de larga duraci\u00f3n. Despu\u00e9s de a\u00f1os de investigaci\u00f3n, las mezclas se han optimizado con la seguridad y la satisfacci\u00f3n del cliente como principal objetivo.  Los pigmentos SUPER son estables, lo que evita que el color se extienda bajo la piel. De este modo, se obtienen trazos precisos, bien definidos y duraderos.  **PIGMENTO NO HOMOLOGADO EN ESPA\u00d1A, USAR S\u00d3LO PARA PR\u00c1CTICAS EN L\u00c1TEX**\" \/>\n<meta property=\"og:url\" content=\"https:\/\/nereumatias.com\/pt\/produto\/tango-collagen-booster-cream-50ml\/\" \/>\n<meta property=\"og:site_name\" content=\"Formaciones PhiAcademy - Phiseller Espa\u00f1a\" \/>\n<meta property=\"article:publisher\" content=\"https:\/\/www.facebook.com\/nereumatias\" \/>\n<meta property=\"article:modified_time\" content=\"2026-03-24T15:22:03+00:00\" \/>\n<meta property=\"og:image\" content=\"https:\/\/nereumatias.com\/wp-content\/uploads\/2022\/12\/f00549eae2c73e729e866c82cc2af257_1920x1920.jpeg\" \/>\n\t<meta property=\"og:image:width\" content=\"600\" \/>\n\t<meta property=\"og:image:height\" content=\"800\" \/>\n\t<meta property=\"og:image:type\" content=\"image\/jpeg\" \/>\n<meta name=\"twitter:card\" content=\"summary_large_image\" \/>\n<script type=\"application\/ld+json\" class=\"yoast-schema-graph\">{\"@context\":\"https:\/\/schema.org\",\"@graph\":[{\"@type\":\"WebPage\",\"@id\":\"https:\/\/nereumatias.com\/producto\/tango-collagen-booster-cream-50ml\/\",\"url\":\"https:\/\/nereumatias.com\/producto\/tango-collagen-booster-cream-50ml\/\",\"name\":\"PhiBrows Microblading Basic Lapiz Collection SUPER - Formaciones PhiAcademy - Phiseller Espa\u00f1a\",\"isPartOf\":{\"@id\":\"https:\/\/nereumatias.com\/#website\"},\"primaryImageOfPage\":{\"@id\":\"https:\/\/nereumatias.com\/producto\/tango-collagen-booster-cream-50ml\/#primaryimage\"},\"image\":{\"@id\":\"https:\/\/nereumatias.com\/producto\/tango-collagen-booster-cream-50ml\/#primaryimage\"},\"thumbnailUrl\":\"https:\/\/nereumatias.com\/wp-content\/uploads\/2022\/12\/f00549eae2c73e729e866c82cc2af257_1920x1920.jpeg\",\"datePublished\":\"2021-07-08T03:40:54+00:00\",\"dateModified\":\"2026-03-24T15:22:03+00:00\",\"breadcrumb\":{\"@id\":\"https:\/\/nereumatias.com\/producto\/tango-collagen-booster-cream-50ml\/#breadcrumb\"},\"inLanguage\":\"pt-BR\",\"potentialAction\":[{\"@type\":\"ReadAction\",\"target\":[\"https:\/\/nereumatias.com\/producto\/tango-collagen-booster-cream-50ml\/\"]}]},{\"@type\":\"ImageObject\",\"inLanguage\":\"pt-BR\",\"@id\":\"https:\/\/nereumatias.com\/producto\/tango-collagen-booster-cream-50ml\/#primaryimage\",\"url\":\"https:\/\/nereumatias.com\/wp-content\/uploads\/2022\/12\/f00549eae2c73e729e866c82cc2af257_1920x1920.jpeg\",\"contentUrl\":\"https:\/\/nereumatias.com\/wp-content\/uploads\/2022\/12\/f00549eae2c73e729e866c82cc2af257_1920x1920.jpeg\",\"width\":600,\"height\":800},{\"@type\":\"BreadcrumbList\",\"@id\":\"https:\/\/nereumatias.com\/producto\/tango-collagen-booster-cream-50ml\/#breadcrumb\",\"itemListElement\":[{\"@type\":\"ListItem\",\"position\":1,\"name\":\"Home\",\"item\":\"https:\/\/nereumatias.com\/\"},{\"@type\":\"ListItem\",\"position\":2,\"name\":\"Tienda\",\"item\":\"https:\/\/nereumatias.com\/tienda-online\/\"},{\"@type\":\"ListItem\",\"position\":3,\"name\":\"PhiBrows Microblading Basic Lapiz Collection SUPER\"}]},{\"@type\":\"WebSite\",\"@id\":\"https:\/\/nereumatias.com\/#website\",\"url\":\"https:\/\/nereumatias.com\/\",\"name\":\"Formaciones PhiAcademy - Phiseller Espa\u00f1a\",\"description\":\"PhiAcademy\",\"publisher\":{\"@id\":\"https:\/\/nereumatias.com\/#organization\"},\"potentialAction\":[{\"@type\":\"SearchAction\",\"target\":{\"@type\":\"EntryPoint\",\"urlTemplate\":\"https:\/\/nereumatias.com\/?s={search_term_string}\"},\"query-input\":{\"@type\":\"PropertyValueSpecification\",\"valueRequired\":true,\"valueName\":\"search_term_string\"}}],\"inLanguage\":\"pt-BR\"},{\"@type\":\"Organization\",\"@id\":\"https:\/\/nereumatias.com\/#organization\",\"name\":\"Formaciones PhiAcademy - Phiseller Espa\u00f1a\",\"url\":\"https:\/\/nereumatias.com\/\",\"logo\":{\"@type\":\"ImageObject\",\"inLanguage\":\"pt-BR\",\"@id\":\"https:\/\/nereumatias.com\/#\/schema\/logo\/image\/\",\"url\":\"https:\/\/nereumatias.com\/wp-content\/uploads\/2022\/09\/logo-phiseller-negro-150.png\",\"contentUrl\":\"https:\/\/nereumatias.com\/wp-content\/uploads\/2022\/09\/logo-phiseller-negro-150.png\",\"width\":375,\"height\":150,\"caption\":\"Formaciones PhiAcademy - Phiseller Espa\u00f1a\"},\"image\":{\"@id\":\"https:\/\/nereumatias.com\/#\/schema\/logo\/image\/\"},\"sameAs\":[\"https:\/\/www.facebook.com\/nereumatias\"]}]}<\/script>\n<!-- \/ Yoast SEO plugin. -->","yoast_head_json":{"title":"PhiBrows Microblading Basic Lapiz Collection SUPER - Formaciones PhiAcademy - Phiseller Espa\u00f1a","robots":{"index":"index","follow":"follow","max-snippet":"max-snippet:-1","max-image-preview":"max-image-preview:large","max-video-preview":"max-video-preview:-1"},"canonical":"https:\/\/nereumatias.com\/pt\/produto\/tango-collagen-booster-cream-50ml\/","og_locale":"pt_BR","og_type":"article","og_title":"PhiBrows Microblading Basic Lapiz Collection SUPER - Formaciones PhiAcademy - Phiseller Espa\u00f1a","og_description":"Informaci\u00f3n sobre el producto \"PhiBrows Microblading Basic Pigment Collection SUPER\" Este PhiBrows Microblading Basic Pigment Collection SUPER incluye 3 pigmentos SUPER de 5 ml.  La adaptaci\u00f3n del pigmento al color del cabello del cliente es crucial para el \u00e9xito de los resultados del microblading. En este set se encuentran los colores base, que deben mezclarse para crear mezclas personalizadas. Por lo tanto, es m\u00e1s adecuado para artistas avanzados con conocimientos de mezcla de pigmentos.     Este set de pigmentos Microblading SUPER de 3 piezas se compone de:  1x 5ml Black  1x 5ml Yellow  1x 5ml Red     Estos tres pigmentos base est\u00e1n destinados a ser mezclados para crear una gran combinaci\u00f3n de colores para cada cliente, independientemente de color de pelo natural. Esto se puede conseguir mediante la teor\u00eda del color de la formaci\u00f3n en microblading.  Al combinar tonos de pigmentos negros, amarillos (ambos de base sint\u00e9tica) y rojos (de base de \u00f3xido de hierro), nuestros pigmentos SUPER han optimizado la estabilidad y la calidez del color. Esto crea resultados de color impresionantes y m\u00e1s duraderos despu\u00e9s del tratamiento de microblading.     Todos nuestros SUPER Pigmentos son:  hipoalerg\u00e9nicos  no han sido probados en animales  veganos  cumplen la reglamentaci\u00f3n de seguridad de la UE.   Los pigmentos PhiBrows contienen ingredientes limpios, que se mezclan para dar un color de larga duraci\u00f3n. Despu\u00e9s de a\u00f1os de investigaci\u00f3n, las mezclas se han optimizado con la seguridad y la satisfacci\u00f3n del cliente como principal objetivo.  Los pigmentos SUPER son estables, lo que evita que el color se extienda bajo la piel. De este modo, se obtienen trazos precisos, bien definidos y duraderos.  **PIGMENTO NO HOMOLOGADO EN ESPA\u00d1A, USAR S\u00d3LO PARA PR\u00c1CTICAS EN L\u00c1TEX**","og_url":"https:\/\/nereumatias.com\/pt\/produto\/tango-collagen-booster-cream-50ml\/","og_site_name":"Formaciones PhiAcademy - Phiseller Espa\u00f1a","article_publisher":"https:\/\/www.facebook.com\/nereumatias","article_modified_time":"2026-03-24T15:22:03+00:00","og_image":[{"width":600,"height":800,"url":"https:\/\/nereumatias.com\/wp-content\/uploads\/2022\/12\/f00549eae2c73e729e866c82cc2af257_1920x1920.jpeg","type":"image\/jpeg"}],"twitter_card":"summary_large_image","schema":{"@context":"https:\/\/schema.org","@graph":[{"@type":"WebPage","@id":"https:\/\/nereumatias.com\/producto\/tango-collagen-booster-cream-50ml\/","url":"https:\/\/nereumatias.com\/producto\/tango-collagen-booster-cream-50ml\/","name":"PhiBrows Microblading Basic Lapiz Collection SUPER - Formaciones PhiAcademy - Phiseller Espa\u00f1a","isPartOf":{"@id":"https:\/\/nereumatias.com\/#website"},"primaryImageOfPage":{"@id":"https:\/\/nereumatias.com\/producto\/tango-collagen-booster-cream-50ml\/#primaryimage"},"image":{"@id":"https:\/\/nereumatias.com\/producto\/tango-collagen-booster-cream-50ml\/#primaryimage"},"thumbnailUrl":"https:\/\/nereumatias.com\/wp-content\/uploads\/2022\/12\/f00549eae2c73e729e866c82cc2af257_1920x1920.jpeg","datePublished":"2021-07-08T03:40:54+00:00","dateModified":"2026-03-24T15:22:03+00:00","breadcrumb":{"@id":"https:\/\/nereumatias.com\/producto\/tango-collagen-booster-cream-50ml\/#breadcrumb"},"inLanguage":"pt-BR","potentialAction":[{"@type":"ReadAction","target":["https:\/\/nereumatias.com\/producto\/tango-collagen-booster-cream-50ml\/"]}]},{"@type":"ImageObject","inLanguage":"pt-BR","@id":"https:\/\/nereumatias.com\/producto\/tango-collagen-booster-cream-50ml\/#primaryimage","url":"https:\/\/nereumatias.com\/wp-content\/uploads\/2022\/12\/f00549eae2c73e729e866c82cc2af257_1920x1920.jpeg","contentUrl":"https:\/\/nereumatias.com\/wp-content\/uploads\/2022\/12\/f00549eae2c73e729e866c82cc2af257_1920x1920.jpeg","width":600,"height":800},{"@type":"BreadcrumbList","@id":"https:\/\/nereumatias.com\/producto\/tango-collagen-booster-cream-50ml\/#breadcrumb","itemListElement":[{"@type":"ListItem","position":1,"name":"Home","item":"https:\/\/nereumatias.com\/"},{"@type":"ListItem","position":2,"name":"Tienda","item":"https:\/\/nereumatias.com\/tienda-online\/"},{"@type":"ListItem","position":3,"name":"PhiBrows Microblading Basic Lapiz Collection SUPER"}]},{"@type":"WebSite","@id":"https:\/\/nereumatias.com\/#website","url":"https:\/\/nereumatias.com\/","name":"Formaciones PhiAcademy - Phiseller Espa\u00f1a","description":"PhiAcademy","publisher":{"@id":"https:\/\/nereumatias.com\/#organization"},"potentialAction":[{"@type":"SearchAction","target":{"@type":"EntryPoint","urlTemplate":"https:\/\/nereumatias.com\/?s={search_term_string}"},"query-input":{"@type":"PropertyValueSpecification","valueRequired":true,"valueName":"search_term_string"}}],"inLanguage":"pt-BR"},{"@type":"Organization","@id":"https:\/\/nereumatias.com\/#organization","name":"Formaciones PhiAcademy - Phiseller Espa\u00f1a","url":"https:\/\/nereumatias.com\/","logo":{"@type":"ImageObject","inLanguage":"pt-BR","@id":"https:\/\/nereumatias.com\/#\/schema\/logo\/image\/","url":"https:\/\/nereumatias.com\/wp-content\/uploads\/2022\/09\/logo-phiseller-negro-150.png","contentUrl":"https:\/\/nereumatias.com\/wp-content\/uploads\/2022\/09\/logo-phiseller-negro-150.png","width":375,"height":150,"caption":"Formaciones PhiAcademy - Phiseller Espa\u00f1a"},"image":{"@id":"https:\/\/nereumatias.com\/#\/schema\/logo\/image\/"},"sameAs":["https:\/\/www.facebook.com\/nereumatias"]}]}},"_links":{"self":[{"href":"https:\/\/nereumatias.com\/pt\/wp-json\/wp\/v2\/product\/41742","targetHints":{"allow":["GET"]}}],"collection":[{"href":"https:\/\/nereumatias.com\/pt\/wp-json\/wp\/v2\/product"}],"about":[{"href":"https:\/\/nereumatias.com\/pt\/wp-json\/wp\/v2\/types\/product"}],"replies":[{"embeddable":true,"href":"https:\/\/nereumatias.com\/pt\/wp-json\/wp\/v2\/comments?post=41742"}],"version-history":[{"count":1,"href":"https:\/\/nereumatias.com\/pt\/wp-json\/wp\/v2\/product\/41742\/revisions"}],"predecessor-version":[{"id":41743,"href":"https:\/\/nereumatias.com\/pt\/wp-json\/wp\/v2\/product\/41742\/revisions\/41743"}],"wp:featuredmedia":[{"embeddable":true,"href":"https:\/\/nereumatias.com\/pt\/wp-json\/wp\/v2\/media\/43402"}],"wp:attachment":[{"href":"https:\/\/nereumatias.com\/pt\/wp-json\/wp\/v2\/media?parent=41742"}],"wp:term":[{"taxonomy":"product_brand","embeddable":true,"href":"https:\/\/nereumatias.com\/pt\/wp-json\/wp\/v2\/product_brand?post=41742"},{"taxonomy":"product_cat","embeddable":true,"href":"https:\/\/nereumatias.com\/pt\/wp-json\/wp\/v2\/product_cat?post=41742"},{"taxonomy":"product_tag","embeddable":true,"href":"https:\/\/nereumatias.com\/pt\/wp-json\/wp\/v2\/product_tag?post=41742"}],"curies":[{"name":"wp","href":"https:\/\/api.w.org\/{rel}","templated":true}]}}