{"id":41736,"date":"2021-07-08T05:40:53","date_gmt":"2021-07-08T03:40:53","guid":{"rendered":"https:\/\/nereumatias.phiseller.com\/?post_type=product&#038;p=41736"},"modified":"2023-06-23T11:04:56","modified_gmt":"2023-06-23T09:04:56","slug":"tango-face-mask-1-x-5pcs","status":"publish","type":"product","link":"https:\/\/nereumatias.com\/pt\/produto\/tango-face-mask-1-x-5pcs\/","title":{"rendered":"M\u00e1scara facial Tango 1 x 5pcs"},"content":{"rendered":"<p>Essa m\u00e1scara hidrata e acalma instantaneamente a pele cansada e sem brilho ao entrar em contato. Destina-se \u00e0 pele madura e seca que tenta manter um equil\u00edbrio saud\u00e1vel e nutrido. Com uma alta concentra\u00e7\u00e3o de \u00e1cido hialur\u00f4nico, a pele \u00e9 imediatamente revitalizada e renovada, resultando em uma apar\u00eancia visivelmente mais suave. A f\u00f3rmula da m\u00e1scara cont\u00e9m uma mistura especial de antioxidantes para aumentar os n\u00edveis naturais de \u00e1cido hialur\u00f4nico da pele, proporcionando regenera\u00e7\u00e3o e aumentando a umidade da pele, prevenindo rugas e agindo sobre as j\u00e1 existentes. Um dos principais ingredientes dessa m\u00e1scara \u00e9 o col\u00e1geno. Tamb\u00e9m conhecido como a prote\u00edna da juventude da pele, o col\u00e1geno \u00e9 essencial para manter a for\u00e7a e o equil\u00edbrio saud\u00e1vel da pele. Ele acelera a renova\u00e7\u00e3o das c\u00e9lulas da pele e a revitaliza com um efeito lifting instant\u00e2neo.<\/p>\n<p><strong>Cont\u00e9m 5 pe\u00e7as em uma caixa<\/strong><\/p>\n<p><strong>COMO USAR<\/strong><\/p>\n<p>Depois de limpar a pele, remova a m\u00e1scara da embalagem e coloque-a cuidadosamente ao redor dos olhos, dos l\u00e1bios e do nariz e, em seguida, coloque-a ao redor do pesco\u00e7o, ajustando-a levemente e prendendo-a \u00e0s orelhas. Deixe a m\u00e1scara agir por cerca de 15 a 20 minutos para que os ingredientes ativos possam ser absorvidos pela pele. Depois de remover a m\u00e1scara, deixe uma pel\u00edcula de ingredientes essenciais para massagear a pele e aumentar a circula\u00e7\u00e3o. Massageie a pele com movimentos suaves para cima. Isso ajudar\u00e1 a aumentar o fluxo sangu\u00edneo para as \u00e1reas afetadas, ajudando voc\u00ea a obter um brilho natural e uma apar\u00eancia mais saud\u00e1vel. Para obter melhores resultados, use a m\u00e1scara tr\u00eas dias seguidos. Para manter os efeitos, ela pode ser usada semanalmente.<\/p>","protected":false},"excerpt":{"rendered":"<p>Essa m\u00e1scara hidrata e acalma instantaneamente a pele cansada e sem brilho ao entrar em contato. Destina-se \u00e0 pele madura e seca que tenta manter um equil\u00edbrio saud\u00e1vel e nutrido. Com uma alta concentra\u00e7\u00e3o de \u00e1cido hialur\u00f4nico, a pele \u00e9 imediatamente revitalizada e renovada, resultando em uma apar\u00eancia visivelmente mais suave. A f\u00f3rmula da m\u00e1scara cont\u00e9m uma mistura especial de antioxidantes para aumentar os n\u00edveis naturais de \u00e1cido hialur\u00f4nico da pele, proporcionando regenera\u00e7\u00e3o e aumentando a umidade da pele, prevenindo rugas e agindo sobre as j\u00e1 existentes. Um dos principais ingredientes dessa m\u00e1scara \u00e9 o col\u00e1geno. Tamb\u00e9m conhecido como a prote\u00edna da juventude da pele, o col\u00e1geno \u00e9 essencial para manter a for\u00e7a e o equil\u00edbrio saud\u00e1vel da pele. Ele acelera a renova\u00e7\u00e3o das c\u00e9lulas da pele e a revitaliza com um efeito lifting instant\u00e2neo.<\/p>\n<p><strong>Cont\u00e9m 5 pe\u00e7as em uma caixa<\/strong><\/p>\n<p><strong>COMO USAR<\/strong><\/p>\n<p>Depois de limpar a pele, remova a m\u00e1scara da embalagem e coloque-a cuidadosamente ao redor dos olhos, dos l\u00e1bios e do nariz e, em seguida, coloque-a ao redor do pesco\u00e7o, ajustando-a levemente e prendendo-a \u00e0s orelhas. Deixe a m\u00e1scara agir por cerca de 15 a 20 minutos para que os ingredientes ativos possam ser absorvidos pela pele. Depois de remover a m\u00e1scara, deixe uma pel\u00edcula de ingredientes essenciais para massagear a pele e aumentar a circula\u00e7\u00e3o. Massageie a pele com movimentos suaves para cima. Isso ajudar\u00e1 a aumentar o fluxo sangu\u00edneo para as \u00e1reas afetadas, ajudando voc\u00ea a obter um brilho natural e uma apar\u00eancia mais saud\u00e1vel. Para obter melhores resultados, use a m\u00e1scara tr\u00eas dias seguidos. Para manter os efeitos, ela pode ser usada semanalmente.<\/p>","protected":false},"featured_media":43398,"comment_status":"open","ping_status":"closed","template":"","meta":{"_acf_changed":false,"_joinchat":[]},"product_brand":[],"product_cat":[69,48,70],"product_tag":[],"class_list":{"0":"post-41736","1":"product","2":"type-product","3":"status-publish","4":"has-post-thumbnail","6":"product_cat-phibright","7":"product_cat-philings","8":"product_cat-products","10":"first","11":"instock","12":"taxable","13":"shipping-taxable","14":"purchasable","15":"product-type-simple"},"supplier_id":null,"supplier_sku":"","barcode":null,"atum_controlled":true,"out_stock_date":null,"out_stock_threshold":null,"inheritable":false,"inbound_stock":null,"stock_on_hold":0,"sold_today":0,"sales_last_days":0,"reserved_stock":null,"customer_returns":null,"warehouse_damage":null,"lost_in_post":null,"other_logs":null,"out_stock_days":0,"lost_sales":0,"has_location":null,"update_date":"2026-05-10T12:46:19","atum_locations":[],"atum_stock_status":"instock","restock_status":false,"low_stock_amount":0,"sales_update_date":"2026-05-10T12:46:19","calc_backorders":null,"acf":[],"yoast_head":"<!-- This site is optimized with the Yoast SEO plugin v24.8 - https:\/\/yoast.com\/wordpress\/plugins\/seo\/ -->\n<title>Tango Face Mask 1 x 5pcs - Formaciones PhiAcademy - Phiseller Espa\u00f1a<\/title>\n<meta name=\"robots\" content=\"index, follow, max-snippet:-1, max-image-preview:large, max-video-preview:-1\" \/>\n<link rel=\"canonical\" href=\"https:\/\/nereumatias.com\/pt\/produto\/tango-face-mask-1-x-5pcs\/\" \/>\n<meta property=\"og:locale\" content=\"pt_BR\" \/>\n<meta property=\"og:type\" content=\"article\" \/>\n<meta property=\"og:title\" content=\"Tango Face Mask 1 x 5pcs - Formaciones PhiAcademy - Phiseller Espa\u00f1a\" \/>\n<meta property=\"og:description\" content=\"Esta m\u00e1scara hidrata y calma instant\u00e1neamente la piel cansada y sin brillo al contacto. Est\u00e1 destinado a pieles maduras y secas que intentan mantener un equilibrio saludable y nutrido. Con una alta concentraci\u00f3n de \u00e1cido hialur\u00f3nico, la piel se revitaliza y renueva de inmediato, lo que da como resultado una tez notablemente m\u00e1s suave. La f\u00f3rmula de la m\u00e1scara contiene una mezcla antioxidante especial para aumentar los niveles naturales de \u00e1cido hialur\u00f3nico de la piel, proporcionando regeneraci\u00f3n y aumentando la humedad de la piel, evitando las arrugas y actuando sobre las existentes. Uno de los ingredientes clave en esta m\u00e1scara es el col\u00e1geno. Tambi\u00e9n conocido como prote\u00edna juvenil para la piel, el col\u00e1geno es esencial para mantener la fuerza y \u200b\u200bel equilibrio saludable de la piel. Acelera la renovaci\u00f3n de las c\u00e9lulas de la piel y revitaliza la piel con un efecto lifting instant\u00e1neo.  Contiene 5 piezas en caja  C\u00d3MO UTILIZAR  Despu\u00e9s de limpiar su piel, retire la m\u00e1scara del envase y col\u00f3quela cuidadosamente alrededor de los ojos, labios y nariz y luego aj\u00fastela en el cuello, ajust\u00e1ndola ligeramente y adhi\u00e9rala a las orejas. Deje la m\u00e1scara alrededor de 15-20 minutos para que los componentes activos puedan ser absorbidos por la piel. Despu\u00e9s de quitar la m\u00e1scara deja una pel\u00edcula esencial de ingredientes para masajear la piel y aumentar la circulaci\u00f3n. Masajear en la piel con movimientos suaves hacia arriba. Esto lo ayudar\u00e1 a aumentar el flujo de sangre a las \u00e1reas afectadas, ayud\u00e1ndole a obtener un brillo natural y una tez m\u00e1s saludable. Para obtener los mejores resultados, use la m\u00e1scara 3 d\u00edas seguidos. Para mantener los efectos, se puede usar semanalmente.\" \/>\n<meta property=\"og:url\" content=\"https:\/\/nereumatias.com\/pt\/produto\/tango-face-mask-1-x-5pcs\/\" \/>\n<meta property=\"og:site_name\" content=\"Formaciones PhiAcademy - Phiseller Espa\u00f1a\" \/>\n<meta property=\"article:publisher\" content=\"https:\/\/www.facebook.com\/nereumatias\" \/>\n<meta property=\"article:modified_time\" content=\"2023-06-23T09:04:56+00:00\" \/>\n<meta property=\"og:image\" content=\"https:\/\/nereumatias.com\/wp-content\/uploads\/2022\/12\/tango-face-mask-1-2.jpg\" \/>\n\t<meta property=\"og:image:width\" content=\"600\" \/>\n\t<meta property=\"og:image:height\" content=\"800\" \/>\n\t<meta property=\"og:image:type\" content=\"image\/jpeg\" \/>\n<meta name=\"twitter:card\" content=\"summary_large_image\" \/>\n<script type=\"application\/ld+json\" class=\"yoast-schema-graph\">{\"@context\":\"https:\/\/schema.org\",\"@graph\":[{\"@type\":\"WebPage\",\"@id\":\"https:\/\/nereumatias.com\/producto\/tango-face-mask-1-x-5pcs\/\",\"url\":\"https:\/\/nereumatias.com\/producto\/tango-face-mask-1-x-5pcs\/\",\"name\":\"Tango Face Mask 1 x 5pcs - Formaciones PhiAcademy - Phiseller Espa\u00f1a\",\"isPartOf\":{\"@id\":\"https:\/\/nereumatias.com\/#website\"},\"primaryImageOfPage\":{\"@id\":\"https:\/\/nereumatias.com\/producto\/tango-face-mask-1-x-5pcs\/#primaryimage\"},\"image\":{\"@id\":\"https:\/\/nereumatias.com\/producto\/tango-face-mask-1-x-5pcs\/#primaryimage\"},\"thumbnailUrl\":\"https:\/\/nereumatias.com\/wp-content\/uploads\/2022\/12\/tango-face-mask-1-2.jpg\",\"datePublished\":\"2021-07-08T03:40:53+00:00\",\"dateModified\":\"2023-06-23T09:04:56+00:00\",\"breadcrumb\":{\"@id\":\"https:\/\/nereumatias.com\/producto\/tango-face-mask-1-x-5pcs\/#breadcrumb\"},\"inLanguage\":\"pt-BR\",\"potentialAction\":[{\"@type\":\"ReadAction\",\"target\":[\"https:\/\/nereumatias.com\/producto\/tango-face-mask-1-x-5pcs\/\"]}]},{\"@type\":\"ImageObject\",\"inLanguage\":\"pt-BR\",\"@id\":\"https:\/\/nereumatias.com\/producto\/tango-face-mask-1-x-5pcs\/#primaryimage\",\"url\":\"https:\/\/nereumatias.com\/wp-content\/uploads\/2022\/12\/tango-face-mask-1-2.jpg\",\"contentUrl\":\"https:\/\/nereumatias.com\/wp-content\/uploads\/2022\/12\/tango-face-mask-1-2.jpg\",\"width\":600,\"height\":800},{\"@type\":\"BreadcrumbList\",\"@id\":\"https:\/\/nereumatias.com\/producto\/tango-face-mask-1-x-5pcs\/#breadcrumb\",\"itemListElement\":[{\"@type\":\"ListItem\",\"position\":1,\"name\":\"Home\",\"item\":\"https:\/\/nereumatias.com\/\"},{\"@type\":\"ListItem\",\"position\":2,\"name\":\"Tienda\",\"item\":\"https:\/\/nereumatias.com\/tienda-online\/\"},{\"@type\":\"ListItem\",\"position\":3,\"name\":\"Tango Face Mask 1 x 5pcs\"}]},{\"@type\":\"WebSite\",\"@id\":\"https:\/\/nereumatias.com\/#website\",\"url\":\"https:\/\/nereumatias.com\/\",\"name\":\"Formaciones PhiAcademy - Phiseller Espa\u00f1a\",\"description\":\"PhiAcademy\",\"publisher\":{\"@id\":\"https:\/\/nereumatias.com\/#organization\"},\"potentialAction\":[{\"@type\":\"SearchAction\",\"target\":{\"@type\":\"EntryPoint\",\"urlTemplate\":\"https:\/\/nereumatias.com\/?s={search_term_string}\"},\"query-input\":{\"@type\":\"PropertyValueSpecification\",\"valueRequired\":true,\"valueName\":\"search_term_string\"}}],\"inLanguage\":\"pt-BR\"},{\"@type\":\"Organization\",\"@id\":\"https:\/\/nereumatias.com\/#organization\",\"name\":\"Formaciones PhiAcademy - Phiseller Espa\u00f1a\",\"url\":\"https:\/\/nereumatias.com\/\",\"logo\":{\"@type\":\"ImageObject\",\"inLanguage\":\"pt-BR\",\"@id\":\"https:\/\/nereumatias.com\/#\/schema\/logo\/image\/\",\"url\":\"https:\/\/nereumatias.com\/wp-content\/uploads\/2022\/09\/logo-phiseller-negro-150.png\",\"contentUrl\":\"https:\/\/nereumatias.com\/wp-content\/uploads\/2022\/09\/logo-phiseller-negro-150.png\",\"width\":375,\"height\":150,\"caption\":\"Formaciones PhiAcademy - Phiseller Espa\u00f1a\"},\"image\":{\"@id\":\"https:\/\/nereumatias.com\/#\/schema\/logo\/image\/\"},\"sameAs\":[\"https:\/\/www.facebook.com\/nereumatias\"]}]}<\/script>\n<!-- \/ Yoast SEO plugin. -->","yoast_head_json":{"title":"Tango Face Mask 1 x 5pcs - Formaciones PhiAcademy - Phiseller Espa\u00f1a","robots":{"index":"index","follow":"follow","max-snippet":"max-snippet:-1","max-image-preview":"max-image-preview:large","max-video-preview":"max-video-preview:-1"},"canonical":"https:\/\/nereumatias.com\/pt\/produto\/tango-face-mask-1-x-5pcs\/","og_locale":"pt_BR","og_type":"article","og_title":"Tango Face Mask 1 x 5pcs - Formaciones PhiAcademy - Phiseller Espa\u00f1a","og_description":"Esta m\u00e1scara hidrata y calma instant\u00e1neamente la piel cansada y sin brillo al contacto. Est\u00e1 destinado a pieles maduras y secas que intentan mantener un equilibrio saludable y nutrido. Con una alta concentraci\u00f3n de \u00e1cido hialur\u00f3nico, la piel se revitaliza y renueva de inmediato, lo que da como resultado una tez notablemente m\u00e1s suave. La f\u00f3rmula de la m\u00e1scara contiene una mezcla antioxidante especial para aumentar los niveles naturales de \u00e1cido hialur\u00f3nico de la piel, proporcionando regeneraci\u00f3n y aumentando la humedad de la piel, evitando las arrugas y actuando sobre las existentes. Uno de los ingredientes clave en esta m\u00e1scara es el col\u00e1geno. Tambi\u00e9n conocido como prote\u00edna juvenil para la piel, el col\u00e1geno es esencial para mantener la fuerza y \u200b\u200bel equilibrio saludable de la piel. Acelera la renovaci\u00f3n de las c\u00e9lulas de la piel y revitaliza la piel con un efecto lifting instant\u00e1neo.  Contiene 5 piezas en caja  C\u00d3MO UTILIZAR  Despu\u00e9s de limpiar su piel, retire la m\u00e1scara del envase y col\u00f3quela cuidadosamente alrededor de los ojos, labios y nariz y luego aj\u00fastela en el cuello, ajust\u00e1ndola ligeramente y adhi\u00e9rala a las orejas. Deje la m\u00e1scara alrededor de 15-20 minutos para que los componentes activos puedan ser absorbidos por la piel. Despu\u00e9s de quitar la m\u00e1scara deja una pel\u00edcula esencial de ingredientes para masajear la piel y aumentar la circulaci\u00f3n. Masajear en la piel con movimientos suaves hacia arriba. Esto lo ayudar\u00e1 a aumentar el flujo de sangre a las \u00e1reas afectadas, ayud\u00e1ndole a obtener un brillo natural y una tez m\u00e1s saludable. Para obtener los mejores resultados, use la m\u00e1scara 3 d\u00edas seguidos. Para mantener los efectos, se puede usar semanalmente.","og_url":"https:\/\/nereumatias.com\/pt\/produto\/tango-face-mask-1-x-5pcs\/","og_site_name":"Formaciones PhiAcademy - Phiseller Espa\u00f1a","article_publisher":"https:\/\/www.facebook.com\/nereumatias","article_modified_time":"2023-06-23T09:04:56+00:00","og_image":[{"width":600,"height":800,"url":"https:\/\/nereumatias.com\/wp-content\/uploads\/2022\/12\/tango-face-mask-1-2.jpg","type":"image\/jpeg"}],"twitter_card":"summary_large_image","schema":{"@context":"https:\/\/schema.org","@graph":[{"@type":"WebPage","@id":"https:\/\/nereumatias.com\/producto\/tango-face-mask-1-x-5pcs\/","url":"https:\/\/nereumatias.com\/producto\/tango-face-mask-1-x-5pcs\/","name":"Tango Face Mask 1 x 5pcs - Formaciones PhiAcademy - Phiseller Espa\u00f1a","isPartOf":{"@id":"https:\/\/nereumatias.com\/#website"},"primaryImageOfPage":{"@id":"https:\/\/nereumatias.com\/producto\/tango-face-mask-1-x-5pcs\/#primaryimage"},"image":{"@id":"https:\/\/nereumatias.com\/producto\/tango-face-mask-1-x-5pcs\/#primaryimage"},"thumbnailUrl":"https:\/\/nereumatias.com\/wp-content\/uploads\/2022\/12\/tango-face-mask-1-2.jpg","datePublished":"2021-07-08T03:40:53+00:00","dateModified":"2023-06-23T09:04:56+00:00","breadcrumb":{"@id":"https:\/\/nereumatias.com\/producto\/tango-face-mask-1-x-5pcs\/#breadcrumb"},"inLanguage":"pt-BR","potentialAction":[{"@type":"ReadAction","target":["https:\/\/nereumatias.com\/producto\/tango-face-mask-1-x-5pcs\/"]}]},{"@type":"ImageObject","inLanguage":"pt-BR","@id":"https:\/\/nereumatias.com\/producto\/tango-face-mask-1-x-5pcs\/#primaryimage","url":"https:\/\/nereumatias.com\/wp-content\/uploads\/2022\/12\/tango-face-mask-1-2.jpg","contentUrl":"https:\/\/nereumatias.com\/wp-content\/uploads\/2022\/12\/tango-face-mask-1-2.jpg","width":600,"height":800},{"@type":"BreadcrumbList","@id":"https:\/\/nereumatias.com\/producto\/tango-face-mask-1-x-5pcs\/#breadcrumb","itemListElement":[{"@type":"ListItem","position":1,"name":"Home","item":"https:\/\/nereumatias.com\/"},{"@type":"ListItem","position":2,"name":"Tienda","item":"https:\/\/nereumatias.com\/tienda-online\/"},{"@type":"ListItem","position":3,"name":"Tango Face Mask 1 x 5pcs"}]},{"@type":"WebSite","@id":"https:\/\/nereumatias.com\/#website","url":"https:\/\/nereumatias.com\/","name":"Formaciones PhiAcademy - Phiseller Espa\u00f1a","description":"PhiAcademy","publisher":{"@id":"https:\/\/nereumatias.com\/#organization"},"potentialAction":[{"@type":"SearchAction","target":{"@type":"EntryPoint","urlTemplate":"https:\/\/nereumatias.com\/?s={search_term_string}"},"query-input":{"@type":"PropertyValueSpecification","valueRequired":true,"valueName":"search_term_string"}}],"inLanguage":"pt-BR"},{"@type":"Organization","@id":"https:\/\/nereumatias.com\/#organization","name":"Formaciones PhiAcademy - Phiseller Espa\u00f1a","url":"https:\/\/nereumatias.com\/","logo":{"@type":"ImageObject","inLanguage":"pt-BR","@id":"https:\/\/nereumatias.com\/#\/schema\/logo\/image\/","url":"https:\/\/nereumatias.com\/wp-content\/uploads\/2022\/09\/logo-phiseller-negro-150.png","contentUrl":"https:\/\/nereumatias.com\/wp-content\/uploads\/2022\/09\/logo-phiseller-negro-150.png","width":375,"height":150,"caption":"Formaciones PhiAcademy - Phiseller Espa\u00f1a"},"image":{"@id":"https:\/\/nereumatias.com\/#\/schema\/logo\/image\/"},"sameAs":["https:\/\/www.facebook.com\/nereumatias"]}]}},"_links":{"self":[{"href":"https:\/\/nereumatias.com\/pt\/wp-json\/wp\/v2\/product\/41736","targetHints":{"allow":["GET"]}}],"collection":[{"href":"https:\/\/nereumatias.com\/pt\/wp-json\/wp\/v2\/product"}],"about":[{"href":"https:\/\/nereumatias.com\/pt\/wp-json\/wp\/v2\/types\/product"}],"replies":[{"embeddable":true,"href":"https:\/\/nereumatias.com\/pt\/wp-json\/wp\/v2\/comments?post=41736"}],"version-history":[{"count":1,"href":"https:\/\/nereumatias.com\/pt\/wp-json\/wp\/v2\/product\/41736\/revisions"}],"predecessor-version":[{"id":41737,"href":"https:\/\/nereumatias.com\/pt\/wp-json\/wp\/v2\/product\/41736\/revisions\/41737"}],"wp:featuredmedia":[{"embeddable":true,"href":"https:\/\/nereumatias.com\/pt\/wp-json\/wp\/v2\/media\/43398"}],"wp:attachment":[{"href":"https:\/\/nereumatias.com\/pt\/wp-json\/wp\/v2\/media?parent=41736"}],"wp:term":[{"taxonomy":"product_brand","embeddable":true,"href":"https:\/\/nereumatias.com\/pt\/wp-json\/wp\/v2\/product_brand?post=41736"},{"taxonomy":"product_cat","embeddable":true,"href":"https:\/\/nereumatias.com\/pt\/wp-json\/wp\/v2\/product_cat?post=41736"},{"taxonomy":"product_tag","embeddable":true,"href":"https:\/\/nereumatias.com\/pt\/wp-json\/wp\/v2\/product_tag?post=41736"}],"curies":[{"name":"wp","href":"https:\/\/api.w.org\/{rel}","templated":true}]}}