{"id":41722,"date":"2021-07-08T05:40:40","date_gmt":"2021-07-08T03:40:40","guid":{"rendered":"https:\/\/nereumatias.phiseller.com\/?post_type=product&#038;p=41722"},"modified":"2026-03-20T18:29:15","modified_gmt":"2026-03-20T17:29:15","slug":"phi-pillow","status":"publish","type":"product","link":"https:\/\/nereumatias.com\/pt\/produto\/phi-pillow\/","title":{"rendered":"Microblading After Care Foam (50 ml)"},"content":{"rendered":"<div class=\"h3 product-detail-description-title\">\n<div class=\"h3 product-detail-description-title\"><span style=\"font-size: 15px; font-family: inherit; letter-spacing: 0.02em;\">A Microblading After Care Foam \u00e9 uma espuma de limpeza facial calmante para uso ap\u00f3s tratamentos de microblading e PMU. Ela cont\u00e9m ingredientes ativos que t\u00eam um efeito positivo na reten\u00e7\u00e3o de pigmentos. \u00c9 adequada para todos os tipos de pele, especialmente para peles oleosas e mistas.<\/span><\/div>\n<\/div>\n<div class=\"product-detail-description-text\">\n<p data-pm-slice=\"1 1 [&quot;table&quot;,{&quot;isNumberColumnEnabled&quot;:false,&quot;layout&quot;:&quot;default&quot;,&quot;__autoSize&quot;:false,&quot;localId&quot;:&quot;f28aa1ea-eed1-42df-b972-b5cb2af2fcce&quot;},&quot;tableRow&quot;,null,&quot;tableCell&quot;,{&quot;colspan&quot;:1,&quot;rowspan&quot;:1,&quot;colwidth&quot;:392,&quot;background&quot;:null}]\">A Microblading After Care Foam \u00e9 uma espuma de limpeza facial calmante para uso ap\u00f3s tratamentos de microblading e PMU. Ela cont\u00e9m ingredientes ativos que t\u00eam um efeito positivo na reten\u00e7\u00e3o de pigmentos. \u00c9 adequada para todos os tipos de pele, especialmente para peles oleosas e mistas.<\/p>\n<\/div>","protected":false},"excerpt":{"rendered":"<div class=\"h3 product-detail-description-title\">\n<div class=\"h3 product-detail-description-title\"><span style=\"font-size: 15px; font-family: inherit; letter-spacing: 0.02em;\">A Microblading After Care Foam \u00e9 uma espuma de limpeza facial calmante para uso ap\u00f3s tratamentos de microblading e PMU. Ela cont\u00e9m ingredientes ativos que t\u00eam um efeito positivo na reten\u00e7\u00e3o de pigmentos. \u00c9 adequada para todos os tipos de pele, especialmente para peles oleosas e mistas.<\/span><\/div>\n<\/div>\n<div class=\"product-detail-description-text\">\n<p data-pm-slice=\"1 1 [&quot;table&quot;,{&quot;isNumberColumnEnabled&quot;:false,&quot;layout&quot;:&quot;default&quot;,&quot;__autoSize&quot;:false,&quot;localId&quot;:&quot;f28aa1ea-eed1-42df-b972-b5cb2af2fcce&quot;},&quot;tableRow&quot;,null,&quot;tableCell&quot;,{&quot;colspan&quot;:1,&quot;rowspan&quot;:1,&quot;colwidth&quot;:392,&quot;background&quot;:null}]\">A Microblading After Care Foam \u00e9 uma espuma de limpeza facial calmante para uso ap\u00f3s tratamentos de microblading e PMU. Ela cont\u00e9m ingredientes ativos que t\u00eam um efeito positivo na reten\u00e7\u00e3o de pigmentos. \u00c9 adequada para todos os tipos de pele, especialmente para peles oleosas e mistas.<\/p>\n<\/div>","protected":false},"featured_media":43386,"comment_status":"open","ping_status":"closed","template":"","meta":{"_acf_changed":false,"_joinchat":[]},"product_brand":[],"product_cat":[82,47,64],"product_tag":[],"class_list":{"0":"post-41722","1":"product","2":"type-product","3":"status-publish","4":"has-post-thumbnail","6":"product_cat-accessories-philashes","7":"product_cat-phibrows","8":"product_cat-philashes","10":"first","11":"instock","12":"taxable","13":"shipping-taxable","14":"purchasable","15":"product-type-simple"},"supplier_id":null,"supplier_sku":"","barcode":null,"atum_controlled":true,"out_stock_date":null,"out_stock_threshold":null,"inheritable":false,"inbound_stock":null,"stock_on_hold":0,"sold_today":0,"sales_last_days":0,"reserved_stock":null,"customer_returns":null,"warehouse_damage":null,"lost_in_post":null,"other_logs":null,"out_stock_days":0,"lost_sales":0,"has_location":null,"update_date":"2026-04-15T10:16:24","atum_locations":[],"atum_stock_status":"instock","restock_status":false,"low_stock_amount":0,"sales_update_date":"2026-04-15T10:16:24","calc_backorders":null,"acf":[],"yoast_head":"<!-- This site is optimized with the Yoast SEO plugin v24.8 - https:\/\/yoast.com\/wordpress\/plugins\/seo\/ -->\n<title>Microblading After Care Foam (50ml) - Formaciones PhiAcademy - Phiseller Espa\u00f1a<\/title>\n<meta name=\"robots\" content=\"index, follow, max-snippet:-1, max-image-preview:large, max-video-preview:-1\" \/>\n<link rel=\"canonical\" href=\"https:\/\/nereumatias.com\/pt\/produto\/phi-pillow\/\" \/>\n<meta property=\"og:locale\" content=\"pt_BR\" \/>\n<meta property=\"og:type\" content=\"article\" \/>\n<meta property=\"og:title\" content=\"Microblading After Care Foam (50ml) - Formaciones PhiAcademy - Phiseller Espa\u00f1a\" \/>\n<meta property=\"og:description\" content=\"Microblading After Care Foam es una espuma limpiadora calmante para el rostro que se utiliza despu\u00e9s de los tratamientos de microblading y PMU. Contiene componentes activos que ejercen un efecto positivo sobre la retenci\u00f3n del pigmento. Es apta para todo tipo de pieles, especialmente pieles grasas y mixtas.   Microblading After Care Foam es una espuma limpiadora calmante para el rostro que se utiliza despu\u00e9s de los tratamientos de microblading y PMU. Contiene componentes activos que ejercen un efecto positivo sobre la retenci\u00f3n del pigmento. Es apta para todo tipo de pieles, especialmente pieles grasas y mixtas.\" \/>\n<meta property=\"og:url\" content=\"https:\/\/nereumatias.com\/pt\/produto\/phi-pillow\/\" \/>\n<meta property=\"og:site_name\" content=\"Formaciones PhiAcademy - Phiseller Espa\u00f1a\" \/>\n<meta property=\"article:publisher\" content=\"https:\/\/www.facebook.com\/nereumatias\" \/>\n<meta property=\"article:modified_time\" content=\"2026-03-20T17:29:15+00:00\" \/>\n<meta property=\"og:image\" content=\"https:\/\/nereumatias.com\/wp-content\/uploads\/2022\/12\/6890e492df95378e9ded72b18b6c2b0a_1920x1920.jpeg\" \/>\n\t<meta property=\"og:image:width\" content=\"600\" \/>\n\t<meta property=\"og:image:height\" content=\"800\" \/>\n\t<meta property=\"og:image:type\" content=\"image\/jpeg\" \/>\n<meta name=\"twitter:card\" content=\"summary_large_image\" \/>\n<script type=\"application\/ld+json\" class=\"yoast-schema-graph\">{\"@context\":\"https:\/\/schema.org\",\"@graph\":[{\"@type\":\"WebPage\",\"@id\":\"https:\/\/nereumatias.com\/producto\/phi-pillow\/\",\"url\":\"https:\/\/nereumatias.com\/producto\/phi-pillow\/\",\"name\":\"Microblading After Care Foam (50ml) - Formaciones PhiAcademy - Phiseller Espa\u00f1a\",\"isPartOf\":{\"@id\":\"https:\/\/nereumatias.com\/#website\"},\"primaryImageOfPage\":{\"@id\":\"https:\/\/nereumatias.com\/producto\/phi-pillow\/#primaryimage\"},\"image\":{\"@id\":\"https:\/\/nereumatias.com\/producto\/phi-pillow\/#primaryimage\"},\"thumbnailUrl\":\"https:\/\/nereumatias.com\/wp-content\/uploads\/2022\/12\/6890e492df95378e9ded72b18b6c2b0a_1920x1920.jpeg\",\"datePublished\":\"2021-07-08T03:40:40+00:00\",\"dateModified\":\"2026-03-20T17:29:15+00:00\",\"breadcrumb\":{\"@id\":\"https:\/\/nereumatias.com\/producto\/phi-pillow\/#breadcrumb\"},\"inLanguage\":\"pt-BR\",\"potentialAction\":[{\"@type\":\"ReadAction\",\"target\":[\"https:\/\/nereumatias.com\/producto\/phi-pillow\/\"]}]},{\"@type\":\"ImageObject\",\"inLanguage\":\"pt-BR\",\"@id\":\"https:\/\/nereumatias.com\/producto\/phi-pillow\/#primaryimage\",\"url\":\"https:\/\/nereumatias.com\/wp-content\/uploads\/2022\/12\/6890e492df95378e9ded72b18b6c2b0a_1920x1920.jpeg\",\"contentUrl\":\"https:\/\/nereumatias.com\/wp-content\/uploads\/2022\/12\/6890e492df95378e9ded72b18b6c2b0a_1920x1920.jpeg\",\"width\":600,\"height\":800},{\"@type\":\"BreadcrumbList\",\"@id\":\"https:\/\/nereumatias.com\/producto\/phi-pillow\/#breadcrumb\",\"itemListElement\":[{\"@type\":\"ListItem\",\"position\":1,\"name\":\"Home\",\"item\":\"https:\/\/nereumatias.com\/\"},{\"@type\":\"ListItem\",\"position\":2,\"name\":\"Tienda\",\"item\":\"https:\/\/nereumatias.com\/tienda-online\/\"},{\"@type\":\"ListItem\",\"position\":3,\"name\":\"Microblading After Care Foam (50ml)\"}]},{\"@type\":\"WebSite\",\"@id\":\"https:\/\/nereumatias.com\/#website\",\"url\":\"https:\/\/nereumatias.com\/\",\"name\":\"Formaciones PhiAcademy - Phiseller Espa\u00f1a\",\"description\":\"PhiAcademy\",\"publisher\":{\"@id\":\"https:\/\/nereumatias.com\/#organization\"},\"potentialAction\":[{\"@type\":\"SearchAction\",\"target\":{\"@type\":\"EntryPoint\",\"urlTemplate\":\"https:\/\/nereumatias.com\/?s={search_term_string}\"},\"query-input\":{\"@type\":\"PropertyValueSpecification\",\"valueRequired\":true,\"valueName\":\"search_term_string\"}}],\"inLanguage\":\"pt-BR\"},{\"@type\":\"Organization\",\"@id\":\"https:\/\/nereumatias.com\/#organization\",\"name\":\"Formaciones PhiAcademy - Phiseller Espa\u00f1a\",\"url\":\"https:\/\/nereumatias.com\/\",\"logo\":{\"@type\":\"ImageObject\",\"inLanguage\":\"pt-BR\",\"@id\":\"https:\/\/nereumatias.com\/#\/schema\/logo\/image\/\",\"url\":\"https:\/\/nereumatias.com\/wp-content\/uploads\/2022\/09\/logo-phiseller-negro-150.png\",\"contentUrl\":\"https:\/\/nereumatias.com\/wp-content\/uploads\/2022\/09\/logo-phiseller-negro-150.png\",\"width\":375,\"height\":150,\"caption\":\"Formaciones PhiAcademy - Phiseller Espa\u00f1a\"},\"image\":{\"@id\":\"https:\/\/nereumatias.com\/#\/schema\/logo\/image\/\"},\"sameAs\":[\"https:\/\/www.facebook.com\/nereumatias\"]}]}<\/script>\n<!-- \/ Yoast SEO plugin. -->","yoast_head_json":{"title":"Microblading After Care Foam (50ml) - Formaciones PhiAcademy - Phiseller Espa\u00f1a","robots":{"index":"index","follow":"follow","max-snippet":"max-snippet:-1","max-image-preview":"max-image-preview:large","max-video-preview":"max-video-preview:-1"},"canonical":"https:\/\/nereumatias.com\/pt\/produto\/phi-pillow\/","og_locale":"pt_BR","og_type":"article","og_title":"Microblading After Care Foam (50ml) - Formaciones PhiAcademy - Phiseller Espa\u00f1a","og_description":"Microblading After Care Foam es una espuma limpiadora calmante para el rostro que se utiliza despu\u00e9s de los tratamientos de microblading y PMU. Contiene componentes activos que ejercen un efecto positivo sobre la retenci\u00f3n del pigmento. Es apta para todo tipo de pieles, especialmente pieles grasas y mixtas.   Microblading After Care Foam es una espuma limpiadora calmante para el rostro que se utiliza despu\u00e9s de los tratamientos de microblading y PMU. Contiene componentes activos que ejercen un efecto positivo sobre la retenci\u00f3n del pigmento. Es apta para todo tipo de pieles, especialmente pieles grasas y mixtas.","og_url":"https:\/\/nereumatias.com\/pt\/produto\/phi-pillow\/","og_site_name":"Formaciones PhiAcademy - Phiseller Espa\u00f1a","article_publisher":"https:\/\/www.facebook.com\/nereumatias","article_modified_time":"2026-03-20T17:29:15+00:00","og_image":[{"width":600,"height":800,"url":"https:\/\/nereumatias.com\/wp-content\/uploads\/2022\/12\/6890e492df95378e9ded72b18b6c2b0a_1920x1920.jpeg","type":"image\/jpeg"}],"twitter_card":"summary_large_image","schema":{"@context":"https:\/\/schema.org","@graph":[{"@type":"WebPage","@id":"https:\/\/nereumatias.com\/producto\/phi-pillow\/","url":"https:\/\/nereumatias.com\/producto\/phi-pillow\/","name":"Microblading After Care Foam (50ml) - Formaciones PhiAcademy - Phiseller Espa\u00f1a","isPartOf":{"@id":"https:\/\/nereumatias.com\/#website"},"primaryImageOfPage":{"@id":"https:\/\/nereumatias.com\/producto\/phi-pillow\/#primaryimage"},"image":{"@id":"https:\/\/nereumatias.com\/producto\/phi-pillow\/#primaryimage"},"thumbnailUrl":"https:\/\/nereumatias.com\/wp-content\/uploads\/2022\/12\/6890e492df95378e9ded72b18b6c2b0a_1920x1920.jpeg","datePublished":"2021-07-08T03:40:40+00:00","dateModified":"2026-03-20T17:29:15+00:00","breadcrumb":{"@id":"https:\/\/nereumatias.com\/producto\/phi-pillow\/#breadcrumb"},"inLanguage":"pt-BR","potentialAction":[{"@type":"ReadAction","target":["https:\/\/nereumatias.com\/producto\/phi-pillow\/"]}]},{"@type":"ImageObject","inLanguage":"pt-BR","@id":"https:\/\/nereumatias.com\/producto\/phi-pillow\/#primaryimage","url":"https:\/\/nereumatias.com\/wp-content\/uploads\/2022\/12\/6890e492df95378e9ded72b18b6c2b0a_1920x1920.jpeg","contentUrl":"https:\/\/nereumatias.com\/wp-content\/uploads\/2022\/12\/6890e492df95378e9ded72b18b6c2b0a_1920x1920.jpeg","width":600,"height":800},{"@type":"BreadcrumbList","@id":"https:\/\/nereumatias.com\/producto\/phi-pillow\/#breadcrumb","itemListElement":[{"@type":"ListItem","position":1,"name":"Home","item":"https:\/\/nereumatias.com\/"},{"@type":"ListItem","position":2,"name":"Tienda","item":"https:\/\/nereumatias.com\/tienda-online\/"},{"@type":"ListItem","position":3,"name":"Microblading After Care Foam (50ml)"}]},{"@type":"WebSite","@id":"https:\/\/nereumatias.com\/#website","url":"https:\/\/nereumatias.com\/","name":"Formaciones PhiAcademy - Phiseller Espa\u00f1a","description":"PhiAcademy","publisher":{"@id":"https:\/\/nereumatias.com\/#organization"},"potentialAction":[{"@type":"SearchAction","target":{"@type":"EntryPoint","urlTemplate":"https:\/\/nereumatias.com\/?s={search_term_string}"},"query-input":{"@type":"PropertyValueSpecification","valueRequired":true,"valueName":"search_term_string"}}],"inLanguage":"pt-BR"},{"@type":"Organization","@id":"https:\/\/nereumatias.com\/#organization","name":"Formaciones PhiAcademy - Phiseller Espa\u00f1a","url":"https:\/\/nereumatias.com\/","logo":{"@type":"ImageObject","inLanguage":"pt-BR","@id":"https:\/\/nereumatias.com\/#\/schema\/logo\/image\/","url":"https:\/\/nereumatias.com\/wp-content\/uploads\/2022\/09\/logo-phiseller-negro-150.png","contentUrl":"https:\/\/nereumatias.com\/wp-content\/uploads\/2022\/09\/logo-phiseller-negro-150.png","width":375,"height":150,"caption":"Formaciones PhiAcademy - Phiseller Espa\u00f1a"},"image":{"@id":"https:\/\/nereumatias.com\/#\/schema\/logo\/image\/"},"sameAs":["https:\/\/www.facebook.com\/nereumatias"]}]}},"_links":{"self":[{"href":"https:\/\/nereumatias.com\/pt\/wp-json\/wp\/v2\/product\/41722","targetHints":{"allow":["GET"]}}],"collection":[{"href":"https:\/\/nereumatias.com\/pt\/wp-json\/wp\/v2\/product"}],"about":[{"href":"https:\/\/nereumatias.com\/pt\/wp-json\/wp\/v2\/types\/product"}],"replies":[{"embeddable":true,"href":"https:\/\/nereumatias.com\/pt\/wp-json\/wp\/v2\/comments?post=41722"}],"version-history":[{"count":1,"href":"https:\/\/nereumatias.com\/pt\/wp-json\/wp\/v2\/product\/41722\/revisions"}],"predecessor-version":[{"id":41723,"href":"https:\/\/nereumatias.com\/pt\/wp-json\/wp\/v2\/product\/41722\/revisions\/41723"}],"wp:featuredmedia":[{"embeddable":true,"href":"https:\/\/nereumatias.com\/pt\/wp-json\/wp\/v2\/media\/43386"}],"wp:attachment":[{"href":"https:\/\/nereumatias.com\/pt\/wp-json\/wp\/v2\/media?parent=41722"}],"wp:term":[{"taxonomy":"product_brand","embeddable":true,"href":"https:\/\/nereumatias.com\/pt\/wp-json\/wp\/v2\/product_brand?post=41722"},{"taxonomy":"product_cat","embeddable":true,"href":"https:\/\/nereumatias.com\/pt\/wp-json\/wp\/v2\/product_cat?post=41722"},{"taxonomy":"product_tag","embeddable":true,"href":"https:\/\/nereumatias.com\/pt\/wp-json\/wp\/v2\/product_tag?post=41722"}],"curies":[{"name":"wp","href":"https:\/\/api.w.org\/{rel}","templated":true}]}}