{"id":41718,"date":"2021-07-08T05:40:39","date_gmt":"2021-07-08T03:40:39","guid":{"rendered":"https:\/\/nereumatias.phiseller.com\/?post_type=product&#038;p=41718"},"modified":"2023-04-19T14:50:31","modified_gmt":"2023-04-19T12:50:31","slug":"philuminate","status":"publish","type":"product","link":"https:\/\/nereumatias.com\/pt\/produto\/philuminate\/","title":{"rendered":"PhiLuminate"},"content":{"rendered":"<p>Anel luminoso de LED de alta qualidade com 36 contas de LED: esse anel luminoso \u00e9 feito de pl\u00e1stico de alta qualidade, dur\u00e1vel e \u00e0 prova de choque. 36 contas de LED excepcionais, que fornecem ilumina\u00e7\u00e3o suplementar ou lateral para fotografia e videografia criativas. Anel de luz regul\u00e1vel com tr\u00eas configura\u00e7\u00f5es de luz: h\u00e1 tr\u00eas configura\u00e7\u00f5es de luz, baixa, m\u00e9dia e alta, essa luz para selfies \u00e9 perfeita para usar, especialmente com o bot\u00e3o liga\/desliga f\u00e1cil para ajustar o brilho, a luz mudar\u00e1 significativamente em cada configura\u00e7\u00e3o. Isso torna as fotos muito mais n\u00edtidas e detalhadas.<\/p>\n<p>Um anel de luz com clipe, f\u00e1cil de cooperar: esse anel de luz com clipe \u00e9 alimentado por 2 pilhas AAA (n\u00e3o inclu\u00eddas). Basta conectar esse anel Piluminate ao seu dispositivo, suportar a captura de c\u00e2mera frontal e traseira, obtendo um efeito de luz natural. Publique imagens ou v\u00eddeos de alta qualidade nas m\u00eddias sociais, como Facebook, Instagram, Snapchat, Pinterest, etc. Ele tamb\u00e9m pode ser uma lanterna em um local escuro ou \u00e0 noite.<br \/>\nLeve e minic\u00edrculo com embalagem para presente: \u00e9 t\u00e3o leve e pequeno o suficiente para ser levado com voc\u00ea aonde quer que v\u00e1, voc\u00ea pode facilmente carreg\u00e1-lo no bolso ou na bolsa e fotografar onde quiser.<\/p>\n<p>Luz de flash anelar universal: compat\u00edvel com a maioria dos smartphones\/tablets: iPhone 6s\/6s Plus\/6 Plus\/5s\/5c\/5\/5\/5s\/4, Samsung Galaxy Series, como Galaxy S6, S6 Edge Plus, Note 5, telefones LG, Moto, Blackberry, HTC, Sony e iPad, at\u00e9 mesmo MacBooks. Observa\u00e7\u00e3o: ele pode n\u00e3o se encaixar em um telefone com uma daquelas capas enormes da Otterbox.<\/p>","protected":false},"excerpt":{"rendered":"<p>Anel luminoso de LED de alta qualidade com 36 contas de LED: esse anel luminoso \u00e9 feito de pl\u00e1stico de alta qualidade, dur\u00e1vel e \u00e0 prova de choque. 36 contas de LED excepcionais, que fornecem ilumina\u00e7\u00e3o suplementar ou lateral para fotografia e videografia criativas. Anel de luz regul\u00e1vel com tr\u00eas configura\u00e7\u00f5es de luz: h\u00e1 tr\u00eas configura\u00e7\u00f5es de luz, baixa, m\u00e9dia e alta, essa luz para selfies \u00e9 perfeita para usar, especialmente com o bot\u00e3o liga\/desliga f\u00e1cil para ajustar o brilho, a luz mudar\u00e1 significativamente em cada configura\u00e7\u00e3o. Isso torna as fotos muito mais n\u00edtidas e detalhadas.<\/p>\n<p>Um anel de luz com clipe, f\u00e1cil de cooperar: esse anel de luz com clipe \u00e9 alimentado por 2 pilhas AAA (n\u00e3o inclu\u00eddas). Basta conectar esse anel Piluminate ao seu dispositivo, suportar a captura de c\u00e2mera frontal e traseira, obtendo um efeito de luz natural. Publique imagens ou v\u00eddeos de alta qualidade nas m\u00eddias sociais, como Facebook, Instagram, Snapchat, Pinterest, etc. Ele tamb\u00e9m pode ser uma lanterna em um local escuro ou \u00e0 noite.<br \/>\nLeve e minic\u00edrculo com embalagem para presente: \u00e9 t\u00e3o leve e pequeno o suficiente para ser levado com voc\u00ea aonde quer que v\u00e1, voc\u00ea pode facilmente carreg\u00e1-lo no bolso ou na bolsa e fotografar onde quiser.<\/p>\n<p>Luz de flash anelar universal: compat\u00edvel com a maioria dos smartphones\/tablets: iPhone 6s\/6s Plus\/6 Plus\/5s\/5c\/5\/5\/5s\/4, Samsung Galaxy Series, como Galaxy S6, S6 Edge Plus, Note 5, telefones LG, Moto, Blackberry, HTC, Sony e iPad, at\u00e9 mesmo MacBooks. Observa\u00e7\u00e3o: ele pode n\u00e3o se encaixar em um telefone com uma daquelas capas enormes da Otterbox.<\/p>","protected":false},"featured_media":43384,"comment_status":"open","ping_status":"closed","template":"","meta":{"_acf_changed":false,"_joinchat":[]},"product_brand":[],"product_cat":[81,47,72],"product_tag":[],"class_list":{"0":"post-41718","1":"product","2":"type-product","3":"status-publish","4":"has-post-thumbnail","6":"product_cat-accessories-phicontour","7":"product_cat-phibrows","8":"product_cat-phicontour","10":"first","11":"instock","12":"taxable","13":"shipping-taxable","14":"purchasable","15":"product-type-simple"},"supplier_id":null,"supplier_sku":"","barcode":null,"atum_controlled":true,"out_stock_date":null,"out_stock_threshold":null,"inheritable":false,"inbound_stock":null,"stock_on_hold":0,"sold_today":0,"sales_last_days":0,"reserved_stock":null,"customer_returns":null,"warehouse_damage":null,"lost_in_post":null,"other_logs":null,"out_stock_days":0,"lost_sales":0,"has_location":null,"update_date":"2026-05-06T12:46:11","atum_locations":[],"atum_stock_status":"instock","restock_status":false,"low_stock_amount":0,"sales_update_date":"2026-05-06T12:46:11","calc_backorders":null,"acf":[],"yoast_head":"<!-- This site is optimized with the Yoast SEO plugin v24.8 - https:\/\/yoast.com\/wordpress\/plugins\/seo\/ -->\n<title>PhiLuminate - Formaciones PhiAcademy - Phiseller Espa\u00f1a<\/title>\n<meta name=\"robots\" content=\"index, follow, max-snippet:-1, max-image-preview:large, max-video-preview:-1\" \/>\n<link rel=\"canonical\" href=\"https:\/\/nereumatias.com\/pt\/produto\/philuminate\/\" \/>\n<meta property=\"og:locale\" content=\"pt_BR\" \/>\n<meta property=\"og:type\" content=\"article\" \/>\n<meta property=\"og:title\" content=\"PhiLuminate - Formaciones PhiAcademy - Phiseller Espa\u00f1a\" \/>\n<meta property=\"og:description\" content=\"Anillo de luz LED de alta calidad con 36 cuentas LED: este anillo de luz est\u00e1 hecho de pl\u00e1stico de alta calidad, duradero y a prueba de golpes. 36 perlas LED destacadas, proporcionan iluminaci\u00f3n complementaria o lateral para fotograf\u00eda creativa y videograf\u00eda. Luz de anillo regulable con tres configuraciones de luz: hay tres configuraciones de luz, baja, media y alta, esta luz selfie es perfecta para usar, especialmente con el bot\u00f3n de encendido y apagado f\u00e1cil para ajustar el brillo, la luz cambiar\u00e1 significativamente en cada configuraci\u00f3n. Hace que las im\u00e1genes sean mucho m\u00e1s n\u00edtidas y detalladas.  Una luz de anillo de clip, f\u00e1cil de cooperar: esta luz de anillo de clip funciona con 2 pilas AAA (que no est\u00e1n incluidas). Simplemente coloque este anillo Piluminate en su dispositivo, admita el disparo de la c\u00e1mara frontal y posterior, alcanzando un efecto de luz natural. Publique im\u00e1genes o videos de alta calidad a trav\u00e9s de las redes sociales, como Facebook, Instagram, Snapchat, Pinterest, etc. Tambi\u00e9n puede ser una linterna en un lugar oscuro o de noche. Ligero y mini c\u00edrculo con paquete de regalo: es tan liviano y lo suficientemente peque\u00f1o como para llevarlo a donde quiera que vaya, se puede llevar f\u00e1cilmente en el bolsillo o en el bolso y disparar donde quiera.  Luz de flash de anillo universal: compatible con la mayor\u00eda de los tel\u00e9fonos inteligentes \/ tabletas: iPhone 6s \/ 6s Plus \/ 6\/6 Plus \/ 5s \/ 5c \/ 5 \/ 4s \/ 4, Samsung Galaxy Series como Galaxy S6, S6 Edge Plus, Note 5, tel\u00e9fonos LG , Moto, Blackberry, HTC, Sony y iPad, incluso MacBooks. Nota: es posible que no se enganche en un tel\u00e9fono con una de esas enormes fundas otterbox.\" \/>\n<meta property=\"og:url\" content=\"https:\/\/nereumatias.com\/pt\/produto\/philuminate\/\" \/>\n<meta property=\"og:site_name\" content=\"Formaciones PhiAcademy - Phiseller Espa\u00f1a\" \/>\n<meta property=\"article:publisher\" content=\"https:\/\/www.facebook.com\/nereumatias\" \/>\n<meta property=\"article:modified_time\" content=\"2023-04-19T12:50:31+00:00\" \/>\n<meta property=\"og:image\" content=\"https:\/\/nereumatias.com\/wp-content\/uploads\/2022\/12\/philluminate.jpg\" \/>\n\t<meta property=\"og:image:width\" content=\"600\" \/>\n\t<meta property=\"og:image:height\" content=\"800\" \/>\n\t<meta property=\"og:image:type\" content=\"image\/jpeg\" \/>\n<meta name=\"twitter:card\" content=\"summary_large_image\" \/>\n<script type=\"application\/ld+json\" class=\"yoast-schema-graph\">{\"@context\":\"https:\/\/schema.org\",\"@graph\":[{\"@type\":\"WebPage\",\"@id\":\"https:\/\/nereumatias.com\/producto\/philuminate\/\",\"url\":\"https:\/\/nereumatias.com\/producto\/philuminate\/\",\"name\":\"PhiLuminate - Formaciones PhiAcademy - Phiseller Espa\u00f1a\",\"isPartOf\":{\"@id\":\"https:\/\/nereumatias.com\/#website\"},\"primaryImageOfPage\":{\"@id\":\"https:\/\/nereumatias.com\/producto\/philuminate\/#primaryimage\"},\"image\":{\"@id\":\"https:\/\/nereumatias.com\/producto\/philuminate\/#primaryimage\"},\"thumbnailUrl\":\"https:\/\/nereumatias.com\/wp-content\/uploads\/2022\/12\/philluminate.jpg\",\"datePublished\":\"2021-07-08T03:40:39+00:00\",\"dateModified\":\"2023-04-19T12:50:31+00:00\",\"breadcrumb\":{\"@id\":\"https:\/\/nereumatias.com\/producto\/philuminate\/#breadcrumb\"},\"inLanguage\":\"pt-BR\",\"potentialAction\":[{\"@type\":\"ReadAction\",\"target\":[\"https:\/\/nereumatias.com\/producto\/philuminate\/\"]}]},{\"@type\":\"ImageObject\",\"inLanguage\":\"pt-BR\",\"@id\":\"https:\/\/nereumatias.com\/producto\/philuminate\/#primaryimage\",\"url\":\"https:\/\/nereumatias.com\/wp-content\/uploads\/2022\/12\/philluminate.jpg\",\"contentUrl\":\"https:\/\/nereumatias.com\/wp-content\/uploads\/2022\/12\/philluminate.jpg\",\"width\":600,\"height\":800},{\"@type\":\"BreadcrumbList\",\"@id\":\"https:\/\/nereumatias.com\/producto\/philuminate\/#breadcrumb\",\"itemListElement\":[{\"@type\":\"ListItem\",\"position\":1,\"name\":\"Home\",\"item\":\"https:\/\/nereumatias.com\/\"},{\"@type\":\"ListItem\",\"position\":2,\"name\":\"Tienda\",\"item\":\"https:\/\/nereumatias.com\/tienda-online\/\"},{\"@type\":\"ListItem\",\"position\":3,\"name\":\"PhiLuminate\"}]},{\"@type\":\"WebSite\",\"@id\":\"https:\/\/nereumatias.com\/#website\",\"url\":\"https:\/\/nereumatias.com\/\",\"name\":\"Formaciones PhiAcademy - Phiseller Espa\u00f1a\",\"description\":\"PhiAcademy\",\"publisher\":{\"@id\":\"https:\/\/nereumatias.com\/#organization\"},\"potentialAction\":[{\"@type\":\"SearchAction\",\"target\":{\"@type\":\"EntryPoint\",\"urlTemplate\":\"https:\/\/nereumatias.com\/?s={search_term_string}\"},\"query-input\":{\"@type\":\"PropertyValueSpecification\",\"valueRequired\":true,\"valueName\":\"search_term_string\"}}],\"inLanguage\":\"pt-BR\"},{\"@type\":\"Organization\",\"@id\":\"https:\/\/nereumatias.com\/#organization\",\"name\":\"Formaciones PhiAcademy - Phiseller Espa\u00f1a\",\"url\":\"https:\/\/nereumatias.com\/\",\"logo\":{\"@type\":\"ImageObject\",\"inLanguage\":\"pt-BR\",\"@id\":\"https:\/\/nereumatias.com\/#\/schema\/logo\/image\/\",\"url\":\"https:\/\/nereumatias.com\/wp-content\/uploads\/2022\/09\/logo-phiseller-negro-150.png\",\"contentUrl\":\"https:\/\/nereumatias.com\/wp-content\/uploads\/2022\/09\/logo-phiseller-negro-150.png\",\"width\":375,\"height\":150,\"caption\":\"Formaciones PhiAcademy - Phiseller Espa\u00f1a\"},\"image\":{\"@id\":\"https:\/\/nereumatias.com\/#\/schema\/logo\/image\/\"},\"sameAs\":[\"https:\/\/www.facebook.com\/nereumatias\"]}]}<\/script>\n<!-- \/ Yoast SEO plugin. -->","yoast_head_json":{"title":"PhiLuminate - Formaciones PhiAcademy - Phiseller Espa\u00f1a","robots":{"index":"index","follow":"follow","max-snippet":"max-snippet:-1","max-image-preview":"max-image-preview:large","max-video-preview":"max-video-preview:-1"},"canonical":"https:\/\/nereumatias.com\/pt\/produto\/philuminate\/","og_locale":"pt_BR","og_type":"article","og_title":"PhiLuminate - Formaciones PhiAcademy - Phiseller Espa\u00f1a","og_description":"Anillo de luz LED de alta calidad con 36 cuentas LED: este anillo de luz est\u00e1 hecho de pl\u00e1stico de alta calidad, duradero y a prueba de golpes. 36 perlas LED destacadas, proporcionan iluminaci\u00f3n complementaria o lateral para fotograf\u00eda creativa y videograf\u00eda. Luz de anillo regulable con tres configuraciones de luz: hay tres configuraciones de luz, baja, media y alta, esta luz selfie es perfecta para usar, especialmente con el bot\u00f3n de encendido y apagado f\u00e1cil para ajustar el brillo, la luz cambiar\u00e1 significativamente en cada configuraci\u00f3n. Hace que las im\u00e1genes sean mucho m\u00e1s n\u00edtidas y detalladas.  Una luz de anillo de clip, f\u00e1cil de cooperar: esta luz de anillo de clip funciona con 2 pilas AAA (que no est\u00e1n incluidas). Simplemente coloque este anillo Piluminate en su dispositivo, admita el disparo de la c\u00e1mara frontal y posterior, alcanzando un efecto de luz natural. Publique im\u00e1genes o videos de alta calidad a trav\u00e9s de las redes sociales, como Facebook, Instagram, Snapchat, Pinterest, etc. Tambi\u00e9n puede ser una linterna en un lugar oscuro o de noche. Ligero y mini c\u00edrculo con paquete de regalo: es tan liviano y lo suficientemente peque\u00f1o como para llevarlo a donde quiera que vaya, se puede llevar f\u00e1cilmente en el bolsillo o en el bolso y disparar donde quiera.  Luz de flash de anillo universal: compatible con la mayor\u00eda de los tel\u00e9fonos inteligentes \/ tabletas: iPhone 6s \/ 6s Plus \/ 6\/6 Plus \/ 5s \/ 5c \/ 5 \/ 4s \/ 4, Samsung Galaxy Series como Galaxy S6, S6 Edge Plus, Note 5, tel\u00e9fonos LG , Moto, Blackberry, HTC, Sony y iPad, incluso MacBooks. Nota: es posible que no se enganche en un tel\u00e9fono con una de esas enormes fundas otterbox.","og_url":"https:\/\/nereumatias.com\/pt\/produto\/philuminate\/","og_site_name":"Formaciones PhiAcademy - Phiseller Espa\u00f1a","article_publisher":"https:\/\/www.facebook.com\/nereumatias","article_modified_time":"2023-04-19T12:50:31+00:00","og_image":[{"width":600,"height":800,"url":"https:\/\/nereumatias.com\/wp-content\/uploads\/2022\/12\/philluminate.jpg","type":"image\/jpeg"}],"twitter_card":"summary_large_image","schema":{"@context":"https:\/\/schema.org","@graph":[{"@type":"WebPage","@id":"https:\/\/nereumatias.com\/producto\/philuminate\/","url":"https:\/\/nereumatias.com\/producto\/philuminate\/","name":"PhiLuminate - Formaciones PhiAcademy - Phiseller Espa\u00f1a","isPartOf":{"@id":"https:\/\/nereumatias.com\/#website"},"primaryImageOfPage":{"@id":"https:\/\/nereumatias.com\/producto\/philuminate\/#primaryimage"},"image":{"@id":"https:\/\/nereumatias.com\/producto\/philuminate\/#primaryimage"},"thumbnailUrl":"https:\/\/nereumatias.com\/wp-content\/uploads\/2022\/12\/philluminate.jpg","datePublished":"2021-07-08T03:40:39+00:00","dateModified":"2023-04-19T12:50:31+00:00","breadcrumb":{"@id":"https:\/\/nereumatias.com\/producto\/philuminate\/#breadcrumb"},"inLanguage":"pt-BR","potentialAction":[{"@type":"ReadAction","target":["https:\/\/nereumatias.com\/producto\/philuminate\/"]}]},{"@type":"ImageObject","inLanguage":"pt-BR","@id":"https:\/\/nereumatias.com\/producto\/philuminate\/#primaryimage","url":"https:\/\/nereumatias.com\/wp-content\/uploads\/2022\/12\/philluminate.jpg","contentUrl":"https:\/\/nereumatias.com\/wp-content\/uploads\/2022\/12\/philluminate.jpg","width":600,"height":800},{"@type":"BreadcrumbList","@id":"https:\/\/nereumatias.com\/producto\/philuminate\/#breadcrumb","itemListElement":[{"@type":"ListItem","position":1,"name":"Home","item":"https:\/\/nereumatias.com\/"},{"@type":"ListItem","position":2,"name":"Tienda","item":"https:\/\/nereumatias.com\/tienda-online\/"},{"@type":"ListItem","position":3,"name":"PhiLuminate"}]},{"@type":"WebSite","@id":"https:\/\/nereumatias.com\/#website","url":"https:\/\/nereumatias.com\/","name":"Formaciones PhiAcademy - Phiseller Espa\u00f1a","description":"PhiAcademy","publisher":{"@id":"https:\/\/nereumatias.com\/#organization"},"potentialAction":[{"@type":"SearchAction","target":{"@type":"EntryPoint","urlTemplate":"https:\/\/nereumatias.com\/?s={search_term_string}"},"query-input":{"@type":"PropertyValueSpecification","valueRequired":true,"valueName":"search_term_string"}}],"inLanguage":"pt-BR"},{"@type":"Organization","@id":"https:\/\/nereumatias.com\/#organization","name":"Formaciones PhiAcademy - Phiseller Espa\u00f1a","url":"https:\/\/nereumatias.com\/","logo":{"@type":"ImageObject","inLanguage":"pt-BR","@id":"https:\/\/nereumatias.com\/#\/schema\/logo\/image\/","url":"https:\/\/nereumatias.com\/wp-content\/uploads\/2022\/09\/logo-phiseller-negro-150.png","contentUrl":"https:\/\/nereumatias.com\/wp-content\/uploads\/2022\/09\/logo-phiseller-negro-150.png","width":375,"height":150,"caption":"Formaciones PhiAcademy - Phiseller Espa\u00f1a"},"image":{"@id":"https:\/\/nereumatias.com\/#\/schema\/logo\/image\/"},"sameAs":["https:\/\/www.facebook.com\/nereumatias"]}]}},"_links":{"self":[{"href":"https:\/\/nereumatias.com\/pt\/wp-json\/wp\/v2\/product\/41718","targetHints":{"allow":["GET"]}}],"collection":[{"href":"https:\/\/nereumatias.com\/pt\/wp-json\/wp\/v2\/product"}],"about":[{"href":"https:\/\/nereumatias.com\/pt\/wp-json\/wp\/v2\/types\/product"}],"replies":[{"embeddable":true,"href":"https:\/\/nereumatias.com\/pt\/wp-json\/wp\/v2\/comments?post=41718"}],"version-history":[{"count":1,"href":"https:\/\/nereumatias.com\/pt\/wp-json\/wp\/v2\/product\/41718\/revisions"}],"predecessor-version":[{"id":41719,"href":"https:\/\/nereumatias.com\/pt\/wp-json\/wp\/v2\/product\/41718\/revisions\/41719"}],"wp:featuredmedia":[{"embeddable":true,"href":"https:\/\/nereumatias.com\/pt\/wp-json\/wp\/v2\/media\/43384"}],"wp:attachment":[{"href":"https:\/\/nereumatias.com\/pt\/wp-json\/wp\/v2\/media?parent=41718"}],"wp:term":[{"taxonomy":"product_brand","embeddable":true,"href":"https:\/\/nereumatias.com\/pt\/wp-json\/wp\/v2\/product_brand?post=41718"},{"taxonomy":"product_cat","embeddable":true,"href":"https:\/\/nereumatias.com\/pt\/wp-json\/wp\/v2\/product_cat?post=41718"},{"taxonomy":"product_tag","embeddable":true,"href":"https:\/\/nereumatias.com\/pt\/wp-json\/wp\/v2\/product_tag?post=41718"}],"curies":[{"name":"wp","href":"https:\/\/api.w.org\/{rel}","templated":true}]}}