{"id":41708,"date":"2021-07-08T05:40:39","date_gmt":"2021-07-08T03:40:39","guid":{"rendered":"https:\/\/nereumatias.phiseller.com\/?post_type=product&#038;p=41708"},"modified":"2025-07-10T17:12:02","modified_gmt":"2025-07-10T15:12:02","slug":"phi-foam-50ml","status":"publish","type":"product","link":"https:\/\/nereumatias.com\/pt\/produto\/phi-foam-50ml\/","title":{"rendered":"Phi Foam 50ml"},"content":{"rendered":"<p>O PhiFoam \u00e9 um limpador de pele universal que pode ser usado antes e depois de tratamentos como: maquiagem permanente, microblading, tatuagem, microagulhamento, lifting de c\u00edlios, extens\u00f5es de c\u00edlios e outros tratamentos cosm\u00e9ticos que exigem que a pele esteja limpa e livre de \u00f3leo.<\/p>\n<p>A f\u00f3rmula foi especialmente desenvolvida para remover facilmente a cor da pele ap\u00f3s o tratamento, como microblading, PMU e tatuagens. Ingredientes n\u00e3o agressivos de origem org\u00e2nica foram usados para criar a espuma.<\/p>\n<p>Metab\u00f3litos secund\u00e1rios derivados de frutas c\u00edtricas, incluindo flavonoides, alcaloides, limonoides, cumarinas, carotenoides, \u00e1cidos fen\u00f3licos e \u00f3leos essenciais, que s\u00e3o de import\u00e2ncia vital para a sa\u00fade humana devido \u00e0s suas propriedades ativas. As frutas c\u00edtricas s\u00e3o boas fontes de nutri\u00e7\u00e3o com uma grande quantidade de vitamina C, que apresenta bioatividades abundantes, incluindo atividades antioxidantes, anti-inflamat\u00f3rias, anticancer\u00edgenas, antimicrobianas e antial\u00e9rgicas.<\/p>\n<p>O bisabolol \u00e9 um l\u00edquido oleoso incolor que \u00e9 o principal componente do \u00f3leo essencial de camomila. Ele tem sido usado h\u00e1 centenas de anos em cosm\u00e9ticos devido \u00e0s suas propriedades de cura da pele. O bisabolol \u00e9 conhecido por suas propriedades anti-irritantes, anti-inflamat\u00f3rias e antimicrobianas.<\/p>\n<p>O extrato da casca do Pinus Pinaster (PBE) tem um longo hist\u00f3rico de uso etnomedicinal. Como uma mistura de v\u00e1rias subst\u00e2ncias, os PBEs apresentam uma ampla gama de atividades biol\u00f3gicas, inclusive antioxidantes, anti-inflamat\u00f3rias, antitumorais, antivirais etc.<\/p>\n<p>A alanto\u00edna tem um efeito antioxidante, hidratante e calmante sobre a pele. \u00c9 adequada para o tratamento de peles muito sens\u00edveis e irritadas.<\/p>","protected":false},"excerpt":{"rendered":"<p>O PhiFoam \u00e9 um limpador de pele universal que pode ser usado antes e depois de tratamentos como: maquiagem permanente, microblading, tatuagem, microagulhamento, lifting de c\u00edlios, extens\u00f5es de c\u00edlios e outros tratamentos cosm\u00e9ticos que exigem que a pele esteja limpa e livre de \u00f3leo.<\/p>\n<p>A f\u00f3rmula foi especialmente desenvolvida para remover facilmente a cor da pele ap\u00f3s o tratamento, como microblading, PMU e tatuagens. Ingredientes n\u00e3o agressivos de origem org\u00e2nica foram usados para criar a espuma.<\/p>\n<p>Metab\u00f3litos secund\u00e1rios derivados de frutas c\u00edtricas, incluindo flavonoides, alcaloides, limonoides, cumarinas, carotenoides, \u00e1cidos fen\u00f3licos e \u00f3leos essenciais, que s\u00e3o de import\u00e2ncia vital para a sa\u00fade humana devido \u00e0s suas propriedades ativas. As frutas c\u00edtricas s\u00e3o boas fontes de nutri\u00e7\u00e3o com uma grande quantidade de vitamina C, que apresenta bioatividades abundantes, incluindo atividades antioxidantes, anti-inflamat\u00f3rias, anticancer\u00edgenas, antimicrobianas e antial\u00e9rgicas.<\/p>\n<p>O bisabolol \u00e9 um l\u00edquido oleoso incolor que \u00e9 o principal componente do \u00f3leo essencial de camomila. Ele tem sido usado h\u00e1 centenas de anos em cosm\u00e9ticos devido \u00e0s suas propriedades de cura da pele. O bisabolol \u00e9 conhecido por suas propriedades anti-irritantes, anti-inflamat\u00f3rias e antimicrobianas.<\/p>\n<p>O extrato da casca do Pinus Pinaster (PBE) tem um longo hist\u00f3rico de uso etnomedicinal. Como uma mistura de v\u00e1rias subst\u00e2ncias, os PBEs apresentam uma ampla gama de atividades biol\u00f3gicas, inclusive antioxidantes, anti-inflamat\u00f3rias, antitumorais, antivirais etc.<\/p>\n<p>A alanto\u00edna tem um efeito antioxidante, hidratante e calmante sobre a pele. \u00c9 adequada para o tratamento de peles muito sens\u00edveis e irritadas.<\/p>","protected":false},"featured_media":46920,"comment_status":"open","ping_status":"closed","template":"","meta":{"_acf_changed":false,"_joinchat":[]},"product_brand":[],"product_cat":[73,74,75,72,48,76,65,80],"product_tag":[],"class_list":{"0":"post-41708","1":"product","2":"type-product","3":"status-publish","4":"has-post-thumbnail","6":"product_cat-during-after-treatment-phicontour","7":"product_cat-during-after-treatment-philings","8":"product_cat-during-after-treatment-phiremoval","9":"product_cat-phicontour","10":"product_cat-philings","11":"product_cat-phinoderm","12":"product_cat-phiremoval","13":"product_cat-treatment","15":"first","16":"outofstock","17":"taxable","18":"shipping-taxable","19":"purchasable","20":"product-type-simple"},"supplier_id":null,"supplier_sku":"","barcode":null,"atum_controlled":true,"out_stock_date":"2022-10-13 15:28:50","out_stock_threshold":null,"inheritable":false,"inbound_stock":null,"stock_on_hold":0,"sold_today":0,"sales_last_days":0,"reserved_stock":null,"customer_returns":null,"warehouse_damage":null,"lost_in_post":null,"other_logs":null,"out_stock_days":1279,"lost_sales":0,"has_location":false,"update_date":"2026-04-15T10:16:10","atum_locations":[],"atum_stock_status":"outofstock","restock_status":false,"low_stock_amount":0,"sales_update_date":"2026-04-15T10:16:10","calc_backorders":null,"acf":[],"yoast_head":"<!-- This site is optimized with the Yoast SEO plugin v24.8 - https:\/\/yoast.com\/wordpress\/plugins\/seo\/ -->\n<title>Phi Foam 50ml - Formaciones PhiAcademy - Phiseller Espa\u00f1a<\/title>\n<meta name=\"robots\" content=\"index, follow, max-snippet:-1, max-image-preview:large, max-video-preview:-1\" \/>\n<link rel=\"canonical\" href=\"https:\/\/nereumatias.com\/pt\/produto\/phi-foam-50ml\/\" \/>\n<meta property=\"og:locale\" content=\"pt_BR\" \/>\n<meta property=\"og:type\" content=\"article\" \/>\n<meta property=\"og:title\" content=\"Phi Foam 50ml - Formaciones PhiAcademy - Phiseller Espa\u00f1a\" \/>\n<meta property=\"og:description\" content=\"PhiFoam es un limpiador universal de la piel que se puede usar antes y despu\u00e9s de tratamientos como: maquillaje permanente, microblading, tatuaje, microagujas, estiramiento de pesta\u00f1as, extensi\u00f3n de pesta\u00f1as y otros tratamientos cosm\u00e9ticos que requieren que la piel est\u00e9 libre de grasa y limpia.  La formulaci\u00f3n ha sido especialmente dise\u00f1ada para eliminar f\u00e1cilmente el color de la piel despu\u00e9s del tratamiento, como por ejemplo: microblading, PMU y tatuajes. Se usaron ingredientes no agresivos de origen org\u00e1nico para crear la espuma.  Metabolitos secundarios derivados de c\u00edtricos, incluidos flavonoides, alcaloides, limonoides, cumarinas, carotenoides, \u00e1cidos fen\u00f3licos y aceites esenciales que son de vital importancia para la salud humana debido a sus propiedades activas. Las frutas c\u00edtricas son buenas fuentes de nutrici\u00f3n con una amplia cantidad de vitamina C que exhibe abundantes bioactividades que incluyen actividades antioxidantes, antiinflamatorias, anticancer\u00edgenas, antimicrobianas y antial\u00e9rgicas.  Bisabolol es un l\u00edquido aceitoso incoloro que es el componente principal del aceite esencial de manzanilla. Se ha utilizado durante cientos de a\u00f1os en cosm\u00e9ticos debido a sus propiedades curativas de la piel percibidas. Se sabe que el bisabolol tiene propiedades antiirritantes, antiinflamatorias y antimicrobianas.  El extracto de corteza de Pinus Pinaster (PBE) tiene una larga historia de uso etnomedicial. Como una mezcla de una gran variedad de sustancias, se informa que los PBEs exhiben una amplia gama de actividades biol\u00f3gicas, que incluyen antioxidantes, antiinflamatorios, antitumorales, antivirales, etc.  La alanto\u00edna tiene un efecto antioxidante, hidratante y calmante sobre la piel. Es adecuado para el tratamiento de pieles muy sensibles e irritadas.\" \/>\n<meta property=\"og:url\" content=\"https:\/\/nereumatias.com\/pt\/produto\/phi-foam-50ml\/\" \/>\n<meta property=\"og:site_name\" content=\"Formaciones PhiAcademy - Phiseller Espa\u00f1a\" \/>\n<meta property=\"article:publisher\" content=\"https:\/\/www.facebook.com\/nereumatias\" \/>\n<meta property=\"article:modified_time\" content=\"2025-07-10T15:12:02+00:00\" \/>\n<meta property=\"og:image\" content=\"https:\/\/nereumatias.com\/wp-content\/uploads\/2021\/07\/c2a73f0a14b7300395ec796e6bf453be_1200x9999.jpg\" \/>\n\t<meta property=\"og:image:width\" content=\"1200\" \/>\n\t<meta property=\"og:image:height\" content=\"1200\" \/>\n\t<meta property=\"og:image:type\" content=\"image\/jpeg\" \/>\n<meta name=\"twitter:card\" content=\"summary_large_image\" \/>\n<script type=\"application\/ld+json\" class=\"yoast-schema-graph\">{\"@context\":\"https:\/\/schema.org\",\"@graph\":[{\"@type\":\"WebPage\",\"@id\":\"https:\/\/nereumatias.com\/producto\/phi-foam-50ml\/\",\"url\":\"https:\/\/nereumatias.com\/producto\/phi-foam-50ml\/\",\"name\":\"Phi Foam 50ml - Formaciones PhiAcademy - Phiseller Espa\u00f1a\",\"isPartOf\":{\"@id\":\"https:\/\/nereumatias.com\/#website\"},\"primaryImageOfPage\":{\"@id\":\"https:\/\/nereumatias.com\/producto\/phi-foam-50ml\/#primaryimage\"},\"image\":{\"@id\":\"https:\/\/nereumatias.com\/producto\/phi-foam-50ml\/#primaryimage\"},\"thumbnailUrl\":\"https:\/\/nereumatias.com\/wp-content\/uploads\/2021\/07\/c2a73f0a14b7300395ec796e6bf453be_1200x9999.jpg\",\"datePublished\":\"2021-07-08T03:40:39+00:00\",\"dateModified\":\"2025-07-10T15:12:02+00:00\",\"breadcrumb\":{\"@id\":\"https:\/\/nereumatias.com\/producto\/phi-foam-50ml\/#breadcrumb\"},\"inLanguage\":\"pt-BR\",\"potentialAction\":[{\"@type\":\"ReadAction\",\"target\":[\"https:\/\/nereumatias.com\/producto\/phi-foam-50ml\/\"]}]},{\"@type\":\"ImageObject\",\"inLanguage\":\"pt-BR\",\"@id\":\"https:\/\/nereumatias.com\/producto\/phi-foam-50ml\/#primaryimage\",\"url\":\"https:\/\/nereumatias.com\/wp-content\/uploads\/2021\/07\/c2a73f0a14b7300395ec796e6bf453be_1200x9999.jpg\",\"contentUrl\":\"https:\/\/nereumatias.com\/wp-content\/uploads\/2021\/07\/c2a73f0a14b7300395ec796e6bf453be_1200x9999.jpg\",\"width\":1200,\"height\":1200},{\"@type\":\"BreadcrumbList\",\"@id\":\"https:\/\/nereumatias.com\/producto\/phi-foam-50ml\/#breadcrumb\",\"itemListElement\":[{\"@type\":\"ListItem\",\"position\":1,\"name\":\"Home\",\"item\":\"https:\/\/nereumatias.com\/\"},{\"@type\":\"ListItem\",\"position\":2,\"name\":\"Tienda\",\"item\":\"https:\/\/nereumatias.com\/tienda-online\/\"},{\"@type\":\"ListItem\",\"position\":3,\"name\":\"Phi Foam 50ml\"}]},{\"@type\":\"WebSite\",\"@id\":\"https:\/\/nereumatias.com\/#website\",\"url\":\"https:\/\/nereumatias.com\/\",\"name\":\"Formaciones PhiAcademy - Phiseller Espa\u00f1a\",\"description\":\"PhiAcademy\",\"publisher\":{\"@id\":\"https:\/\/nereumatias.com\/#organization\"},\"potentialAction\":[{\"@type\":\"SearchAction\",\"target\":{\"@type\":\"EntryPoint\",\"urlTemplate\":\"https:\/\/nereumatias.com\/?s={search_term_string}\"},\"query-input\":{\"@type\":\"PropertyValueSpecification\",\"valueRequired\":true,\"valueName\":\"search_term_string\"}}],\"inLanguage\":\"pt-BR\"},{\"@type\":\"Organization\",\"@id\":\"https:\/\/nereumatias.com\/#organization\",\"name\":\"Formaciones PhiAcademy - Phiseller Espa\u00f1a\",\"url\":\"https:\/\/nereumatias.com\/\",\"logo\":{\"@type\":\"ImageObject\",\"inLanguage\":\"pt-BR\",\"@id\":\"https:\/\/nereumatias.com\/#\/schema\/logo\/image\/\",\"url\":\"https:\/\/nereumatias.com\/wp-content\/uploads\/2022\/09\/logo-phiseller-negro-150.png\",\"contentUrl\":\"https:\/\/nereumatias.com\/wp-content\/uploads\/2022\/09\/logo-phiseller-negro-150.png\",\"width\":375,\"height\":150,\"caption\":\"Formaciones PhiAcademy - Phiseller Espa\u00f1a\"},\"image\":{\"@id\":\"https:\/\/nereumatias.com\/#\/schema\/logo\/image\/\"},\"sameAs\":[\"https:\/\/www.facebook.com\/nereumatias\"]}]}<\/script>\n<!-- \/ Yoast SEO plugin. -->","yoast_head_json":{"title":"Phi Foam 50ml - Formaciones PhiAcademy - Phiseller Espa\u00f1a","robots":{"index":"index","follow":"follow","max-snippet":"max-snippet:-1","max-image-preview":"max-image-preview:large","max-video-preview":"max-video-preview:-1"},"canonical":"https:\/\/nereumatias.com\/pt\/produto\/phi-foam-50ml\/","og_locale":"pt_BR","og_type":"article","og_title":"Phi Foam 50ml - Formaciones PhiAcademy - Phiseller Espa\u00f1a","og_description":"PhiFoam es un limpiador universal de la piel que se puede usar antes y despu\u00e9s de tratamientos como: maquillaje permanente, microblading, tatuaje, microagujas, estiramiento de pesta\u00f1as, extensi\u00f3n de pesta\u00f1as y otros tratamientos cosm\u00e9ticos que requieren que la piel est\u00e9 libre de grasa y limpia.  La formulaci\u00f3n ha sido especialmente dise\u00f1ada para eliminar f\u00e1cilmente el color de la piel despu\u00e9s del tratamiento, como por ejemplo: microblading, PMU y tatuajes. Se usaron ingredientes no agresivos de origen org\u00e1nico para crear la espuma.  Metabolitos secundarios derivados de c\u00edtricos, incluidos flavonoides, alcaloides, limonoides, cumarinas, carotenoides, \u00e1cidos fen\u00f3licos y aceites esenciales que son de vital importancia para la salud humana debido a sus propiedades activas. Las frutas c\u00edtricas son buenas fuentes de nutrici\u00f3n con una amplia cantidad de vitamina C que exhibe abundantes bioactividades que incluyen actividades antioxidantes, antiinflamatorias, anticancer\u00edgenas, antimicrobianas y antial\u00e9rgicas.  Bisabolol es un l\u00edquido aceitoso incoloro que es el componente principal del aceite esencial de manzanilla. Se ha utilizado durante cientos de a\u00f1os en cosm\u00e9ticos debido a sus propiedades curativas de la piel percibidas. Se sabe que el bisabolol tiene propiedades antiirritantes, antiinflamatorias y antimicrobianas.  El extracto de corteza de Pinus Pinaster (PBE) tiene una larga historia de uso etnomedicial. Como una mezcla de una gran variedad de sustancias, se informa que los PBEs exhiben una amplia gama de actividades biol\u00f3gicas, que incluyen antioxidantes, antiinflamatorios, antitumorales, antivirales, etc.  La alanto\u00edna tiene un efecto antioxidante, hidratante y calmante sobre la piel. Es adecuado para el tratamiento de pieles muy sensibles e irritadas.","og_url":"https:\/\/nereumatias.com\/pt\/produto\/phi-foam-50ml\/","og_site_name":"Formaciones PhiAcademy - Phiseller Espa\u00f1a","article_publisher":"https:\/\/www.facebook.com\/nereumatias","article_modified_time":"2025-07-10T15:12:02+00:00","og_image":[{"width":1200,"height":1200,"url":"https:\/\/nereumatias.com\/wp-content\/uploads\/2021\/07\/c2a73f0a14b7300395ec796e6bf453be_1200x9999.jpg","type":"image\/jpeg"}],"twitter_card":"summary_large_image","schema":{"@context":"https:\/\/schema.org","@graph":[{"@type":"WebPage","@id":"https:\/\/nereumatias.com\/producto\/phi-foam-50ml\/","url":"https:\/\/nereumatias.com\/producto\/phi-foam-50ml\/","name":"Phi Foam 50ml - Formaciones PhiAcademy - Phiseller Espa\u00f1a","isPartOf":{"@id":"https:\/\/nereumatias.com\/#website"},"primaryImageOfPage":{"@id":"https:\/\/nereumatias.com\/producto\/phi-foam-50ml\/#primaryimage"},"image":{"@id":"https:\/\/nereumatias.com\/producto\/phi-foam-50ml\/#primaryimage"},"thumbnailUrl":"https:\/\/nereumatias.com\/wp-content\/uploads\/2021\/07\/c2a73f0a14b7300395ec796e6bf453be_1200x9999.jpg","datePublished":"2021-07-08T03:40:39+00:00","dateModified":"2025-07-10T15:12:02+00:00","breadcrumb":{"@id":"https:\/\/nereumatias.com\/producto\/phi-foam-50ml\/#breadcrumb"},"inLanguage":"pt-BR","potentialAction":[{"@type":"ReadAction","target":["https:\/\/nereumatias.com\/producto\/phi-foam-50ml\/"]}]},{"@type":"ImageObject","inLanguage":"pt-BR","@id":"https:\/\/nereumatias.com\/producto\/phi-foam-50ml\/#primaryimage","url":"https:\/\/nereumatias.com\/wp-content\/uploads\/2021\/07\/c2a73f0a14b7300395ec796e6bf453be_1200x9999.jpg","contentUrl":"https:\/\/nereumatias.com\/wp-content\/uploads\/2021\/07\/c2a73f0a14b7300395ec796e6bf453be_1200x9999.jpg","width":1200,"height":1200},{"@type":"BreadcrumbList","@id":"https:\/\/nereumatias.com\/producto\/phi-foam-50ml\/#breadcrumb","itemListElement":[{"@type":"ListItem","position":1,"name":"Home","item":"https:\/\/nereumatias.com\/"},{"@type":"ListItem","position":2,"name":"Tienda","item":"https:\/\/nereumatias.com\/tienda-online\/"},{"@type":"ListItem","position":3,"name":"Phi Foam 50ml"}]},{"@type":"WebSite","@id":"https:\/\/nereumatias.com\/#website","url":"https:\/\/nereumatias.com\/","name":"Formaciones PhiAcademy - Phiseller Espa\u00f1a","description":"PhiAcademy","publisher":{"@id":"https:\/\/nereumatias.com\/#organization"},"potentialAction":[{"@type":"SearchAction","target":{"@type":"EntryPoint","urlTemplate":"https:\/\/nereumatias.com\/?s={search_term_string}"},"query-input":{"@type":"PropertyValueSpecification","valueRequired":true,"valueName":"search_term_string"}}],"inLanguage":"pt-BR"},{"@type":"Organization","@id":"https:\/\/nereumatias.com\/#organization","name":"Formaciones PhiAcademy - Phiseller Espa\u00f1a","url":"https:\/\/nereumatias.com\/","logo":{"@type":"ImageObject","inLanguage":"pt-BR","@id":"https:\/\/nereumatias.com\/#\/schema\/logo\/image\/","url":"https:\/\/nereumatias.com\/wp-content\/uploads\/2022\/09\/logo-phiseller-negro-150.png","contentUrl":"https:\/\/nereumatias.com\/wp-content\/uploads\/2022\/09\/logo-phiseller-negro-150.png","width":375,"height":150,"caption":"Formaciones PhiAcademy - Phiseller Espa\u00f1a"},"image":{"@id":"https:\/\/nereumatias.com\/#\/schema\/logo\/image\/"},"sameAs":["https:\/\/www.facebook.com\/nereumatias"]}]}},"_links":{"self":[{"href":"https:\/\/nereumatias.com\/pt\/wp-json\/wp\/v2\/product\/41708","targetHints":{"allow":["GET"]}}],"collection":[{"href":"https:\/\/nereumatias.com\/pt\/wp-json\/wp\/v2\/product"}],"about":[{"href":"https:\/\/nereumatias.com\/pt\/wp-json\/wp\/v2\/types\/product"}],"replies":[{"embeddable":true,"href":"https:\/\/nereumatias.com\/pt\/wp-json\/wp\/v2\/comments?post=41708"}],"version-history":[{"count":1,"href":"https:\/\/nereumatias.com\/pt\/wp-json\/wp\/v2\/product\/41708\/revisions"}],"predecessor-version":[{"id":41709,"href":"https:\/\/nereumatias.com\/pt\/wp-json\/wp\/v2\/product\/41708\/revisions\/41709"}],"wp:featuredmedia":[{"embeddable":true,"href":"https:\/\/nereumatias.com\/pt\/wp-json\/wp\/v2\/media\/46920"}],"wp:attachment":[{"href":"https:\/\/nereumatias.com\/pt\/wp-json\/wp\/v2\/media?parent=41708"}],"wp:term":[{"taxonomy":"product_brand","embeddable":true,"href":"https:\/\/nereumatias.com\/pt\/wp-json\/wp\/v2\/product_brand?post=41708"},{"taxonomy":"product_cat","embeddable":true,"href":"https:\/\/nereumatias.com\/pt\/wp-json\/wp\/v2\/product_cat?post=41708"},{"taxonomy":"product_tag","embeddable":true,"href":"https:\/\/nereumatias.com\/pt\/wp-json\/wp\/v2\/product_tag?post=41708"}],"curies":[{"name":"wp","href":"https:\/\/api.w.org\/{rel}","templated":true}]}}