{"id":41704,"date":"2021-07-08T05:40:39","date_gmt":"2021-07-08T03:40:39","guid":{"rendered":"https:\/\/nereumatias.phiseller.com\/?post_type=product&#038;p=41704"},"modified":"2025-07-10T17:13:25","modified_gmt":"2025-07-10T15:13:25","slug":"phi-wipes-makeup-remover-50pcs","status":"publish","type":"product","link":"https:\/\/nereumatias.com\/pt\/produto\/phi-wipes-makeup-remover-50pcs\/","title":{"rendered":"Phi Wipes Removedor de maquiagem 50pcs"},"content":{"rendered":"<p>Especialmente formulado para limpar suavemente a maquiagem e refrescar a pele em uma \u00fanica etapa. Deixa a pele limpa e sem res\u00edduos. F\u00f3rmula suave adequada para peles sens\u00edveis. Os len\u00e7os umedecidos ultra-suaves oferecem limpeza e remo\u00e7\u00e3o de maquiagem superiores, ao mesmo tempo em que hidratam e suavizam a pele, proporcionando todo o cuidado de que a pele precisa em uma \u00fanica etapa.<\/p>\n<p>A maioria dos removedores de maquiagem tem se mostrado agressiva para a pele, alterando seu equil\u00edbrio de pH, seguido de aumento da sensibilidade e inflama\u00e7\u00e3o, o que \u00e9 um problema, considerando que a pele ser\u00e1 tatuada depois. \u00c9 por isso que formulamos o Phi Wipes Makeup Remover.<\/p>\n<p>O que torna esse produto diferente e adequado para uso antes do tratamento com pmu?<\/p>\n<p>F\u00f3rmula especial contendo mol\u00e9culas de limpeza que primeiro derretem a maquiagem e depois agem como um \u00edm\u00e3 para prender todas as part\u00edculas de sujeira.<\/p>\n<p>- Len\u00e7os hipoalerg\u00eanicos e com pH balanceado que funcionam sem alterar o equil\u00edbrio do pH da pele, perfeitos para peles sens\u00edveis e delicadas.<\/p>\n<p>Cada len\u00e7o do pacote de 50 pe\u00e7as \u00e9 embalado individualmente para evitar bact\u00e9rias e evitar que os len\u00e7os sequem, retendo toda a umidade e as vitaminas.<\/p>\n<p>N\u00e3o cont\u00e9m \u00f3leo e n\u00e3o deixa res\u00edduos na pele.<\/p>\n<p>100% vegano e livre de crueldade, sem parabenos, sem produtos qu\u00edmicos irritantes<\/p>\n<p>- Deixa a pele macia e condicionada com uma mistura de hidratantes e extratos de pepino e aloe vera que suavizam a pele.<\/p>\n<p>Dissolva todos os vest\u00edgios de sujeira, oleosidade e maquiagem com os len\u00e7os Phi Makeup Removing Wipes e, em seguida, desinfete a pele com Phi Wipes Asept e pode continuar com o tratamento.<\/p>","protected":false},"excerpt":{"rendered":"<p>Especialmente formulado para limpar suavemente a maquiagem e refrescar a pele em uma \u00fanica etapa. Deixa a pele limpa e sem res\u00edduos. F\u00f3rmula suave adequada para peles sens\u00edveis. Os len\u00e7os umedecidos ultra-suaves oferecem limpeza e remo\u00e7\u00e3o de maquiagem superiores, ao mesmo tempo em que hidratam e suavizam a pele, proporcionando todo o cuidado de que a pele precisa em uma \u00fanica etapa.<\/p>\n<p>A maioria dos removedores de maquiagem tem se mostrado agressiva para a pele, alterando seu equil\u00edbrio de pH, seguido de aumento da sensibilidade e inflama\u00e7\u00e3o, o que \u00e9 um problema, considerando que a pele ser\u00e1 tatuada depois. \u00c9 por isso que formulamos o Phi Wipes Makeup Remover.<\/p>\n<p>O que torna esse produto diferente e adequado para uso antes do tratamento com pmu?<\/p>\n<p>F\u00f3rmula especial contendo mol\u00e9culas de limpeza que primeiro derretem a maquiagem e depois agem como um \u00edm\u00e3 para prender todas as part\u00edculas de sujeira.<\/p>\n<p>- Len\u00e7os hipoalerg\u00eanicos e com pH balanceado que funcionam sem alterar o equil\u00edbrio do pH da pele, perfeitos para peles sens\u00edveis e delicadas.<\/p>\n<p>Cada len\u00e7o do pacote de 50 pe\u00e7as \u00e9 embalado individualmente para evitar bact\u00e9rias e evitar que os len\u00e7os sequem, retendo toda a umidade e as vitaminas.<\/p>\n<p>N\u00e3o cont\u00e9m \u00f3leo e n\u00e3o deixa res\u00edduos na pele.<\/p>\n<p>100% vegano e livre de crueldade, sem parabenos, sem produtos qu\u00edmicos irritantes<\/p>\n<p>- Deixa a pele macia e condicionada com uma mistura de hidratantes e extratos de pepino e aloe vera que suavizam a pele.<\/p>\n<p>Dissolva todos os vest\u00edgios de sujeira, oleosidade e maquiagem com os len\u00e7os Phi Makeup Removing Wipes e, em seguida, desinfete a pele com Phi Wipes Asept e pode continuar com o tratamento.<\/p>","protected":false},"featured_media":46947,"comment_status":"open","ping_status":"closed","template":"","meta":{"_acf_changed":false,"_joinchat":[]},"product_brand":[],"product_cat":[71,73,47,72],"product_tag":[],"class_list":{"0":"post-41704","1":"product","2":"type-product","3":"status-publish","4":"has-post-thumbnail","6":"product_cat-during-after-treatment","7":"product_cat-during-after-treatment-phicontour","8":"product_cat-phibrows","9":"product_cat-phicontour","11":"first","12":"instock","13":"taxable","14":"shipping-taxable","15":"purchasable","16":"product-type-simple"},"supplier_id":null,"supplier_sku":"","barcode":null,"atum_controlled":true,"out_stock_date":null,"out_stock_threshold":null,"inheritable":false,"inbound_stock":null,"stock_on_hold":0,"sold_today":0,"sales_last_days":0,"reserved_stock":null,"customer_returns":null,"warehouse_damage":null,"lost_in_post":null,"other_logs":null,"out_stock_days":0,"lost_sales":0,"has_location":false,"update_date":"2026-04-18T10:16:09","atum_locations":[],"atum_stock_status":"instock","restock_status":false,"low_stock_amount":0,"sales_update_date":"2026-04-18T10:16:08","calc_backorders":null,"acf":[],"yoast_head":"<!-- This site is optimized with the Yoast SEO plugin v24.8 - https:\/\/yoast.com\/wordpress\/plugins\/seo\/ -->\n<title>Phi Wipes MakeUp Remover 50pcs - Formaciones PhiAcademy - Phiseller Espa\u00f1a<\/title>\n<meta name=\"robots\" content=\"index, follow, max-snippet:-1, max-image-preview:large, max-video-preview:-1\" \/>\n<link rel=\"canonical\" href=\"https:\/\/nereumatias.com\/pt\/produto\/phi-wipes-makeup-remover-50pcs\/\" \/>\n<meta property=\"og:locale\" content=\"pt_BR\" \/>\n<meta property=\"og:type\" content=\"article\" \/>\n<meta property=\"og:title\" content=\"Phi Wipes MakeUp Remover 50pcs - Formaciones PhiAcademy - Phiseller Espa\u00f1a\" \/>\n<meta property=\"og:description\" content=\"Especialmente formulado para limpiar suavemente el maquillaje y refrescar la piel en un solo paso. Deje la piel limpia y sin residuos. F\u00f3rmula suave adecuada para pieles sensibles. Pa\u00f1os acondicionadores ultra suaves que le ofrecen una limpieza superior y eliminaci\u00f3n de maquillaje mientras hidrata y suaviza su piel, brindando todo el cuidado que la piel necesita en un solo paso.  Se ha demostrado que la mayor\u00eda de los productos desmaquillantes son duros para la piel, al cambiar su equilibrio de pH, seguido de una mayor sensibilidad e inflamaci\u00f3n, que es un problema teniendo en cuenta que la piel debe tatuarse despu\u00e9s. Es por eso que formulamos Phi Wipes Makeup Remover.  \u00bfQu\u00e9 hace que este producto sea diferente y adecuado para usar antes del tratamiento con pmu?  -F\u00f3rmula especial que contiene mol\u00e9culas de limpieza que funden el maquillaje primero y luego act\u00faan como un im\u00e1n que atrapa todas las part\u00edculas de suciedad.  - Toallitas hipoalerg\u00e9nicas, con pH equilibrado, que act\u00faan sin alterar el equilibrio del pH de la piel, perfecto para pieles sensibles y delicadas.  -Cada toallita del paquete de 50 piezas se empaqueta individualmente para evitar bacterias y evitar que las toallitas se sequen, por lo que bloquea toda la humedad y las vitaminas.  -No contiene aceite y no deja residuos en la piel.  -100% vegano y sin crueldad, sin parabenos, sin qu\u00edmicos irritantes  - Deja la piel suave y acondicionada con una mezcla de hidratantes y extractos de pepino y aloe que suavizan la piel.  Disuelva todos los restos de suciedad, aceite y maquillaje con Phi Makeup Removing Wipes, luego desinfecte la piel con Phi Wipes Asept y puede continuar con el tratamiento.\" \/>\n<meta property=\"og:url\" content=\"https:\/\/nereumatias.com\/pt\/produto\/phi-wipes-makeup-remover-50pcs\/\" \/>\n<meta property=\"og:site_name\" content=\"Formaciones PhiAcademy - Phiseller Espa\u00f1a\" \/>\n<meta property=\"article:publisher\" content=\"https:\/\/www.facebook.com\/nereumatias\" \/>\n<meta property=\"article:modified_time\" content=\"2025-07-10T15:13:25+00:00\" \/>\n<meta property=\"og:image\" content=\"https:\/\/nereumatias.com\/wp-content\/uploads\/2021\/07\/1242ddabef08331197c8422cef13f0e6_1200x9999.jpg\" \/>\n\t<meta property=\"og:image:width\" content=\"1200\" \/>\n\t<meta property=\"og:image:height\" content=\"1600\" \/>\n\t<meta property=\"og:image:type\" content=\"image\/jpeg\" \/>\n<meta name=\"twitter:card\" content=\"summary_large_image\" \/>\n<script type=\"application\/ld+json\" class=\"yoast-schema-graph\">{\"@context\":\"https:\/\/schema.org\",\"@graph\":[{\"@type\":\"WebPage\",\"@id\":\"https:\/\/nereumatias.com\/producto\/phi-wipes-makeup-remover-50pcs\/\",\"url\":\"https:\/\/nereumatias.com\/producto\/phi-wipes-makeup-remover-50pcs\/\",\"name\":\"Phi Wipes MakeUp Remover 50pcs - Formaciones PhiAcademy - Phiseller Espa\u00f1a\",\"isPartOf\":{\"@id\":\"https:\/\/nereumatias.com\/#website\"},\"primaryImageOfPage\":{\"@id\":\"https:\/\/nereumatias.com\/producto\/phi-wipes-makeup-remover-50pcs\/#primaryimage\"},\"image\":{\"@id\":\"https:\/\/nereumatias.com\/producto\/phi-wipes-makeup-remover-50pcs\/#primaryimage\"},\"thumbnailUrl\":\"https:\/\/nereumatias.com\/wp-content\/uploads\/2021\/07\/1242ddabef08331197c8422cef13f0e6_1200x9999.jpg\",\"datePublished\":\"2021-07-08T03:40:39+00:00\",\"dateModified\":\"2025-07-10T15:13:25+00:00\",\"breadcrumb\":{\"@id\":\"https:\/\/nereumatias.com\/producto\/phi-wipes-makeup-remover-50pcs\/#breadcrumb\"},\"inLanguage\":\"pt-BR\",\"potentialAction\":[{\"@type\":\"ReadAction\",\"target\":[\"https:\/\/nereumatias.com\/producto\/phi-wipes-makeup-remover-50pcs\/\"]}]},{\"@type\":\"ImageObject\",\"inLanguage\":\"pt-BR\",\"@id\":\"https:\/\/nereumatias.com\/producto\/phi-wipes-makeup-remover-50pcs\/#primaryimage\",\"url\":\"https:\/\/nereumatias.com\/wp-content\/uploads\/2021\/07\/1242ddabef08331197c8422cef13f0e6_1200x9999.jpg\",\"contentUrl\":\"https:\/\/nereumatias.com\/wp-content\/uploads\/2021\/07\/1242ddabef08331197c8422cef13f0e6_1200x9999.jpg\",\"width\":1200,\"height\":1600},{\"@type\":\"BreadcrumbList\",\"@id\":\"https:\/\/nereumatias.com\/producto\/phi-wipes-makeup-remover-50pcs\/#breadcrumb\",\"itemListElement\":[{\"@type\":\"ListItem\",\"position\":1,\"name\":\"Home\",\"item\":\"https:\/\/nereumatias.com\/\"},{\"@type\":\"ListItem\",\"position\":2,\"name\":\"Tienda\",\"item\":\"https:\/\/nereumatias.com\/tienda-online\/\"},{\"@type\":\"ListItem\",\"position\":3,\"name\":\"Phi Wipes MakeUp Remover 50pcs\"}]},{\"@type\":\"WebSite\",\"@id\":\"https:\/\/nereumatias.com\/#website\",\"url\":\"https:\/\/nereumatias.com\/\",\"name\":\"Formaciones PhiAcademy - Phiseller Espa\u00f1a\",\"description\":\"PhiAcademy\",\"publisher\":{\"@id\":\"https:\/\/nereumatias.com\/#organization\"},\"potentialAction\":[{\"@type\":\"SearchAction\",\"target\":{\"@type\":\"EntryPoint\",\"urlTemplate\":\"https:\/\/nereumatias.com\/?s={search_term_string}\"},\"query-input\":{\"@type\":\"PropertyValueSpecification\",\"valueRequired\":true,\"valueName\":\"search_term_string\"}}],\"inLanguage\":\"pt-BR\"},{\"@type\":\"Organization\",\"@id\":\"https:\/\/nereumatias.com\/#organization\",\"name\":\"Formaciones PhiAcademy - Phiseller Espa\u00f1a\",\"url\":\"https:\/\/nereumatias.com\/\",\"logo\":{\"@type\":\"ImageObject\",\"inLanguage\":\"pt-BR\",\"@id\":\"https:\/\/nereumatias.com\/#\/schema\/logo\/image\/\",\"url\":\"https:\/\/nereumatias.com\/wp-content\/uploads\/2022\/09\/logo-phiseller-negro-150.png\",\"contentUrl\":\"https:\/\/nereumatias.com\/wp-content\/uploads\/2022\/09\/logo-phiseller-negro-150.png\",\"width\":375,\"height\":150,\"caption\":\"Formaciones PhiAcademy - Phiseller Espa\u00f1a\"},\"image\":{\"@id\":\"https:\/\/nereumatias.com\/#\/schema\/logo\/image\/\"},\"sameAs\":[\"https:\/\/www.facebook.com\/nereumatias\"]}]}<\/script>\n<!-- \/ Yoast SEO plugin. -->","yoast_head_json":{"title":"Phi Wipes MakeUp Remover 50pcs - Formaciones PhiAcademy - Phiseller Espa\u00f1a","robots":{"index":"index","follow":"follow","max-snippet":"max-snippet:-1","max-image-preview":"max-image-preview:large","max-video-preview":"max-video-preview:-1"},"canonical":"https:\/\/nereumatias.com\/pt\/produto\/phi-wipes-makeup-remover-50pcs\/","og_locale":"pt_BR","og_type":"article","og_title":"Phi Wipes MakeUp Remover 50pcs - Formaciones PhiAcademy - Phiseller Espa\u00f1a","og_description":"Especialmente formulado para limpiar suavemente el maquillaje y refrescar la piel en un solo paso. Deje la piel limpia y sin residuos. F\u00f3rmula suave adecuada para pieles sensibles. Pa\u00f1os acondicionadores ultra suaves que le ofrecen una limpieza superior y eliminaci\u00f3n de maquillaje mientras hidrata y suaviza su piel, brindando todo el cuidado que la piel necesita en un solo paso.  Se ha demostrado que la mayor\u00eda de los productos desmaquillantes son duros para la piel, al cambiar su equilibrio de pH, seguido de una mayor sensibilidad e inflamaci\u00f3n, que es un problema teniendo en cuenta que la piel debe tatuarse despu\u00e9s. Es por eso que formulamos Phi Wipes Makeup Remover.  \u00bfQu\u00e9 hace que este producto sea diferente y adecuado para usar antes del tratamiento con pmu?  -F\u00f3rmula especial que contiene mol\u00e9culas de limpieza que funden el maquillaje primero y luego act\u00faan como un im\u00e1n que atrapa todas las part\u00edculas de suciedad.  - Toallitas hipoalerg\u00e9nicas, con pH equilibrado, que act\u00faan sin alterar el equilibrio del pH de la piel, perfecto para pieles sensibles y delicadas.  -Cada toallita del paquete de 50 piezas se empaqueta individualmente para evitar bacterias y evitar que las toallitas se sequen, por lo que bloquea toda la humedad y las vitaminas.  -No contiene aceite y no deja residuos en la piel.  -100% vegano y sin crueldad, sin parabenos, sin qu\u00edmicos irritantes  - Deja la piel suave y acondicionada con una mezcla de hidratantes y extractos de pepino y aloe que suavizan la piel.  Disuelva todos los restos de suciedad, aceite y maquillaje con Phi Makeup Removing Wipes, luego desinfecte la piel con Phi Wipes Asept y puede continuar con el tratamiento.","og_url":"https:\/\/nereumatias.com\/pt\/produto\/phi-wipes-makeup-remover-50pcs\/","og_site_name":"Formaciones PhiAcademy - Phiseller Espa\u00f1a","article_publisher":"https:\/\/www.facebook.com\/nereumatias","article_modified_time":"2025-07-10T15:13:25+00:00","og_image":[{"width":1200,"height":1600,"url":"https:\/\/nereumatias.com\/wp-content\/uploads\/2021\/07\/1242ddabef08331197c8422cef13f0e6_1200x9999.jpg","type":"image\/jpeg"}],"twitter_card":"summary_large_image","schema":{"@context":"https:\/\/schema.org","@graph":[{"@type":"WebPage","@id":"https:\/\/nereumatias.com\/producto\/phi-wipes-makeup-remover-50pcs\/","url":"https:\/\/nereumatias.com\/producto\/phi-wipes-makeup-remover-50pcs\/","name":"Phi Wipes MakeUp Remover 50pcs - Formaciones PhiAcademy - Phiseller Espa\u00f1a","isPartOf":{"@id":"https:\/\/nereumatias.com\/#website"},"primaryImageOfPage":{"@id":"https:\/\/nereumatias.com\/producto\/phi-wipes-makeup-remover-50pcs\/#primaryimage"},"image":{"@id":"https:\/\/nereumatias.com\/producto\/phi-wipes-makeup-remover-50pcs\/#primaryimage"},"thumbnailUrl":"https:\/\/nereumatias.com\/wp-content\/uploads\/2021\/07\/1242ddabef08331197c8422cef13f0e6_1200x9999.jpg","datePublished":"2021-07-08T03:40:39+00:00","dateModified":"2025-07-10T15:13:25+00:00","breadcrumb":{"@id":"https:\/\/nereumatias.com\/producto\/phi-wipes-makeup-remover-50pcs\/#breadcrumb"},"inLanguage":"pt-BR","potentialAction":[{"@type":"ReadAction","target":["https:\/\/nereumatias.com\/producto\/phi-wipes-makeup-remover-50pcs\/"]}]},{"@type":"ImageObject","inLanguage":"pt-BR","@id":"https:\/\/nereumatias.com\/producto\/phi-wipes-makeup-remover-50pcs\/#primaryimage","url":"https:\/\/nereumatias.com\/wp-content\/uploads\/2021\/07\/1242ddabef08331197c8422cef13f0e6_1200x9999.jpg","contentUrl":"https:\/\/nereumatias.com\/wp-content\/uploads\/2021\/07\/1242ddabef08331197c8422cef13f0e6_1200x9999.jpg","width":1200,"height":1600},{"@type":"BreadcrumbList","@id":"https:\/\/nereumatias.com\/producto\/phi-wipes-makeup-remover-50pcs\/#breadcrumb","itemListElement":[{"@type":"ListItem","position":1,"name":"Home","item":"https:\/\/nereumatias.com\/"},{"@type":"ListItem","position":2,"name":"Tienda","item":"https:\/\/nereumatias.com\/tienda-online\/"},{"@type":"ListItem","position":3,"name":"Phi Wipes MakeUp Remover 50pcs"}]},{"@type":"WebSite","@id":"https:\/\/nereumatias.com\/#website","url":"https:\/\/nereumatias.com\/","name":"Formaciones PhiAcademy - Phiseller Espa\u00f1a","description":"PhiAcademy","publisher":{"@id":"https:\/\/nereumatias.com\/#organization"},"potentialAction":[{"@type":"SearchAction","target":{"@type":"EntryPoint","urlTemplate":"https:\/\/nereumatias.com\/?s={search_term_string}"},"query-input":{"@type":"PropertyValueSpecification","valueRequired":true,"valueName":"search_term_string"}}],"inLanguage":"pt-BR"},{"@type":"Organization","@id":"https:\/\/nereumatias.com\/#organization","name":"Formaciones PhiAcademy - Phiseller Espa\u00f1a","url":"https:\/\/nereumatias.com\/","logo":{"@type":"ImageObject","inLanguage":"pt-BR","@id":"https:\/\/nereumatias.com\/#\/schema\/logo\/image\/","url":"https:\/\/nereumatias.com\/wp-content\/uploads\/2022\/09\/logo-phiseller-negro-150.png","contentUrl":"https:\/\/nereumatias.com\/wp-content\/uploads\/2022\/09\/logo-phiseller-negro-150.png","width":375,"height":150,"caption":"Formaciones PhiAcademy - Phiseller Espa\u00f1a"},"image":{"@id":"https:\/\/nereumatias.com\/#\/schema\/logo\/image\/"},"sameAs":["https:\/\/www.facebook.com\/nereumatias"]}]}},"_links":{"self":[{"href":"https:\/\/nereumatias.com\/pt\/wp-json\/wp\/v2\/product\/41704","targetHints":{"allow":["GET"]}}],"collection":[{"href":"https:\/\/nereumatias.com\/pt\/wp-json\/wp\/v2\/product"}],"about":[{"href":"https:\/\/nereumatias.com\/pt\/wp-json\/wp\/v2\/types\/product"}],"replies":[{"embeddable":true,"href":"https:\/\/nereumatias.com\/pt\/wp-json\/wp\/v2\/comments?post=41704"}],"version-history":[{"count":1,"href":"https:\/\/nereumatias.com\/pt\/wp-json\/wp\/v2\/product\/41704\/revisions"}],"predecessor-version":[{"id":41705,"href":"https:\/\/nereumatias.com\/pt\/wp-json\/wp\/v2\/product\/41704\/revisions\/41705"}],"wp:featuredmedia":[{"embeddable":true,"href":"https:\/\/nereumatias.com\/pt\/wp-json\/wp\/v2\/media\/46947"}],"wp:attachment":[{"href":"https:\/\/nereumatias.com\/pt\/wp-json\/wp\/v2\/media?parent=41704"}],"wp:term":[{"taxonomy":"product_brand","embeddable":true,"href":"https:\/\/nereumatias.com\/pt\/wp-json\/wp\/v2\/product_brand?post=41704"},{"taxonomy":"product_cat","embeddable":true,"href":"https:\/\/nereumatias.com\/pt\/wp-json\/wp\/v2\/product_cat?post=41704"},{"taxonomy":"product_tag","embeddable":true,"href":"https:\/\/nereumatias.com\/pt\/wp-json\/wp\/v2\/product_tag?post=41704"}],"curies":[{"name":"wp","href":"https:\/\/api.w.org\/{rel}","templated":true}]}}