{"id":41700,"date":"2021-07-08T05:40:39","date_gmt":"2021-07-08T03:40:39","guid":{"rendered":"https:\/\/nereumatias.phiseller.com\/?post_type=product&#038;p=41700"},"modified":"2026-03-23T17:43:13","modified_gmt":"2026-03-23T16:43:13","slug":"phi-cleansing-emulsion-face-and-body","status":"publish","type":"product","link":"https:\/\/nereumatias.com\/pt\/produto\/phi-cleansing-emulsion-face-and-body\/","title":{"rendered":"Emuls\u00e3o de limpeza Phi para rosto e corpo"},"content":{"rendered":"<p>Formulada com ingredientes supernaturais e \u00f3leos puros, essa emuls\u00e3o proporciona uma barreira extrema para a pele, mantendo-a saud\u00e1vel e livre de irrita\u00e7\u00f5es. Sem produtos de limpeza agressivos, essa f\u00f3rmula de limpeza natural \u00e0 base de glicerina proporciona umidade e limpa a pele ao mesmo tempo, o que \u00e9 extremamente importante para a pele que ser\u00e1 submetida a qualquer procedimento de UMP ou tatuagem posteriormente. Ela tamb\u00e9m tem propriedades antioxidantes e ajuda a combater os radicais livres.<\/p>\n<p><strong>COMO USAR<\/strong><\/p>\n<p>Aplique uma pequena quantidade do produto na pele \u00famida. Massageie o produto em movimentos circulares com uma leve press\u00e3o. Ap\u00f3s cerca de 30 segundos, enx\u00e1gue a pele com \u00e1gua morna.<\/p>","protected":false},"excerpt":{"rendered":"<p>Formulada com ingredientes supernaturais e \u00f3leos puros, essa emuls\u00e3o proporciona uma barreira extrema para a pele, mantendo-a saud\u00e1vel e livre de irrita\u00e7\u00f5es. Sem produtos de limpeza agressivos, essa f\u00f3rmula de limpeza natural \u00e0 base de glicerina proporciona umidade e limpa a pele ao mesmo tempo, o que \u00e9 extremamente importante para a pele que ser\u00e1 submetida a qualquer procedimento de UMP ou tatuagem posteriormente. Ela tamb\u00e9m tem propriedades antioxidantes e ajuda a combater os radicais livres.<\/p>\n<p><strong>COMO USAR<\/strong><\/p>\n<p>Aplique uma pequena quantidade do produto na pele \u00famida. Massageie o produto em movimentos circulares com uma leve press\u00e3o. Ap\u00f3s cerca de 30 segundos, enx\u00e1gue a pele com \u00e1gua morna.<\/p>","protected":false},"featured_media":43366,"comment_status":"open","ping_status":"closed","template":"","meta":{"_acf_changed":false,"_joinchat":[]},"product_brand":[],"product_cat":[71,73,74,77,47,72,48,76,78],"product_tag":[],"class_list":{"0":"post-41700","1":"product","2":"type-product","3":"status-publish","4":"has-post-thumbnail","6":"product_cat-during-after-treatment","7":"product_cat-during-after-treatment-phicontour","8":"product_cat-during-after-treatment-philings","9":"product_cat-phiareola","10":"product_cat-phibrows","11":"product_cat-phicontour","12":"product_cat-philings","13":"product_cat-phinoderm","14":"product_cat-tools-phiareola","16":"first","17":"instock","18":"taxable","19":"shipping-taxable","20":"purchasable","21":"product-type-simple"},"supplier_id":null,"supplier_sku":"","barcode":null,"atum_controlled":true,"out_stock_date":null,"out_stock_threshold":null,"inheritable":false,"inbound_stock":null,"stock_on_hold":0,"sold_today":0,"sales_last_days":0,"reserved_stock":null,"customer_returns":null,"warehouse_damage":null,"lost_in_post":null,"other_logs":null,"out_stock_days":0,"lost_sales":0,"has_location":null,"update_date":"2026-05-10T12:46:25","atum_locations":[],"atum_stock_status":"instock","restock_status":false,"low_stock_amount":0,"sales_update_date":"2026-05-10T12:46:25","calc_backorders":null,"acf":[],"yoast_head":"<!-- This site is optimized with the Yoast SEO plugin v24.8 - https:\/\/yoast.com\/wordpress\/plugins\/seo\/ -->\n<title>Phi Cleansing Emulsion Face and Body - Formaciones PhiAcademy - Phiseller Espa\u00f1a<\/title>\n<meta name=\"robots\" content=\"index, follow, max-snippet:-1, max-image-preview:large, max-video-preview:-1\" \/>\n<link rel=\"canonical\" href=\"https:\/\/nereumatias.com\/pt\/produto\/phi-cleansing-emulsion-face-and-body\/\" \/>\n<meta property=\"og:locale\" content=\"pt_BR\" \/>\n<meta property=\"og:type\" content=\"article\" \/>\n<meta property=\"og:title\" content=\"Phi Cleansing Emulsion Face and Body - Formaciones PhiAcademy - Phiseller Espa\u00f1a\" \/>\n<meta property=\"og:description\" content=\"Formulada con ingredientes s\u00faper naturales y aceites puros, esta emulsi\u00f3n proporciona una barrera cut\u00e1nea extrema, manteniendo la piel sana y libre de irritaci\u00f3n. Sin limpiadores fuertes, esta f\u00f3rmula de limpieza natural a base de glicerina proporciona humedad y limpia la piel al mismo tiempo, lo cual es extremadamente importante para la piel que se someter\u00e1 a cualquier UMP o procedimiento de tatuaje despu\u00e9s. Tambi\u00e9n tiene propiedades antioxidantes y ayuda a combatir los radicales libres.  C\u00d3MO UTILIZAR  Aplique una peque\u00f1a cantidad del producto sobre la piel h\u00fameda. Masajee el producto con movimientos circulares con presi\u00f3n suave. Despu\u00e9s de unos 30 segundos, enjuague la piel con agua tibia.\" \/>\n<meta property=\"og:url\" content=\"https:\/\/nereumatias.com\/pt\/produto\/phi-cleansing-emulsion-face-and-body\/\" \/>\n<meta property=\"og:site_name\" content=\"Formaciones PhiAcademy - Phiseller Espa\u00f1a\" \/>\n<meta property=\"article:publisher\" content=\"https:\/\/www.facebook.com\/nereumatias\" \/>\n<meta property=\"article:modified_time\" content=\"2026-03-23T16:43:13+00:00\" \/>\n<meta property=\"og:image\" content=\"https:\/\/nereumatias.com\/wp-content\/uploads\/2022\/12\/PhiCleansingEmulsionFaceBody.jpg\" \/>\n\t<meta property=\"og:image:width\" content=\"600\" \/>\n\t<meta property=\"og:image:height\" content=\"800\" \/>\n\t<meta property=\"og:image:type\" content=\"image\/jpeg\" \/>\n<meta name=\"twitter:card\" content=\"summary_large_image\" \/>\n<script type=\"application\/ld+json\" class=\"yoast-schema-graph\">{\"@context\":\"https:\/\/schema.org\",\"@graph\":[{\"@type\":\"WebPage\",\"@id\":\"https:\/\/nereumatias.com\/producto\/phi-cleansing-emulsion-face-and-body\/\",\"url\":\"https:\/\/nereumatias.com\/producto\/phi-cleansing-emulsion-face-and-body\/\",\"name\":\"Phi Cleansing Emulsion Face and Body - Formaciones PhiAcademy - Phiseller Espa\u00f1a\",\"isPartOf\":{\"@id\":\"https:\/\/nereumatias.com\/#website\"},\"primaryImageOfPage\":{\"@id\":\"https:\/\/nereumatias.com\/producto\/phi-cleansing-emulsion-face-and-body\/#primaryimage\"},\"image\":{\"@id\":\"https:\/\/nereumatias.com\/producto\/phi-cleansing-emulsion-face-and-body\/#primaryimage\"},\"thumbnailUrl\":\"https:\/\/nereumatias.com\/wp-content\/uploads\/2022\/12\/PhiCleansingEmulsionFaceBody.jpg\",\"datePublished\":\"2021-07-08T03:40:39+00:00\",\"dateModified\":\"2026-03-23T16:43:13+00:00\",\"breadcrumb\":{\"@id\":\"https:\/\/nereumatias.com\/producto\/phi-cleansing-emulsion-face-and-body\/#breadcrumb\"},\"inLanguage\":\"pt-BR\",\"potentialAction\":[{\"@type\":\"ReadAction\",\"target\":[\"https:\/\/nereumatias.com\/producto\/phi-cleansing-emulsion-face-and-body\/\"]}]},{\"@type\":\"ImageObject\",\"inLanguage\":\"pt-BR\",\"@id\":\"https:\/\/nereumatias.com\/producto\/phi-cleansing-emulsion-face-and-body\/#primaryimage\",\"url\":\"https:\/\/nereumatias.com\/wp-content\/uploads\/2022\/12\/PhiCleansingEmulsionFaceBody.jpg\",\"contentUrl\":\"https:\/\/nereumatias.com\/wp-content\/uploads\/2022\/12\/PhiCleansingEmulsionFaceBody.jpg\",\"width\":600,\"height\":800},{\"@type\":\"BreadcrumbList\",\"@id\":\"https:\/\/nereumatias.com\/producto\/phi-cleansing-emulsion-face-and-body\/#breadcrumb\",\"itemListElement\":[{\"@type\":\"ListItem\",\"position\":1,\"name\":\"Home\",\"item\":\"https:\/\/nereumatias.com\/\"},{\"@type\":\"ListItem\",\"position\":2,\"name\":\"Tienda\",\"item\":\"https:\/\/nereumatias.com\/tienda-online\/\"},{\"@type\":\"ListItem\",\"position\":3,\"name\":\"Phi Cleansing Emulsion Face and Body\"}]},{\"@type\":\"WebSite\",\"@id\":\"https:\/\/nereumatias.com\/#website\",\"url\":\"https:\/\/nereumatias.com\/\",\"name\":\"Formaciones PhiAcademy - Phiseller Espa\u00f1a\",\"description\":\"PhiAcademy\",\"publisher\":{\"@id\":\"https:\/\/nereumatias.com\/#organization\"},\"potentialAction\":[{\"@type\":\"SearchAction\",\"target\":{\"@type\":\"EntryPoint\",\"urlTemplate\":\"https:\/\/nereumatias.com\/?s={search_term_string}\"},\"query-input\":{\"@type\":\"PropertyValueSpecification\",\"valueRequired\":true,\"valueName\":\"search_term_string\"}}],\"inLanguage\":\"pt-BR\"},{\"@type\":\"Organization\",\"@id\":\"https:\/\/nereumatias.com\/#organization\",\"name\":\"Formaciones PhiAcademy - Phiseller Espa\u00f1a\",\"url\":\"https:\/\/nereumatias.com\/\",\"logo\":{\"@type\":\"ImageObject\",\"inLanguage\":\"pt-BR\",\"@id\":\"https:\/\/nereumatias.com\/#\/schema\/logo\/image\/\",\"url\":\"https:\/\/nereumatias.com\/wp-content\/uploads\/2022\/09\/logo-phiseller-negro-150.png\",\"contentUrl\":\"https:\/\/nereumatias.com\/wp-content\/uploads\/2022\/09\/logo-phiseller-negro-150.png\",\"width\":375,\"height\":150,\"caption\":\"Formaciones PhiAcademy - Phiseller Espa\u00f1a\"},\"image\":{\"@id\":\"https:\/\/nereumatias.com\/#\/schema\/logo\/image\/\"},\"sameAs\":[\"https:\/\/www.facebook.com\/nereumatias\"]}]}<\/script>\n<!-- \/ Yoast SEO plugin. -->","yoast_head_json":{"title":"Phi Cleansing Emulsion Face and Body - Formaciones PhiAcademy - Phiseller Espa\u00f1a","robots":{"index":"index","follow":"follow","max-snippet":"max-snippet:-1","max-image-preview":"max-image-preview:large","max-video-preview":"max-video-preview:-1"},"canonical":"https:\/\/nereumatias.com\/pt\/produto\/phi-cleansing-emulsion-face-and-body\/","og_locale":"pt_BR","og_type":"article","og_title":"Phi Cleansing Emulsion Face and Body - Formaciones PhiAcademy - Phiseller Espa\u00f1a","og_description":"Formulada con ingredientes s\u00faper naturales y aceites puros, esta emulsi\u00f3n proporciona una barrera cut\u00e1nea extrema, manteniendo la piel sana y libre de irritaci\u00f3n. Sin limpiadores fuertes, esta f\u00f3rmula de limpieza natural a base de glicerina proporciona humedad y limpia la piel al mismo tiempo, lo cual es extremadamente importante para la piel que se someter\u00e1 a cualquier UMP o procedimiento de tatuaje despu\u00e9s. Tambi\u00e9n tiene propiedades antioxidantes y ayuda a combatir los radicales libres.  C\u00d3MO UTILIZAR  Aplique una peque\u00f1a cantidad del producto sobre la piel h\u00fameda. Masajee el producto con movimientos circulares con presi\u00f3n suave. Despu\u00e9s de unos 30 segundos, enjuague la piel con agua tibia.","og_url":"https:\/\/nereumatias.com\/pt\/produto\/phi-cleansing-emulsion-face-and-body\/","og_site_name":"Formaciones PhiAcademy - Phiseller Espa\u00f1a","article_publisher":"https:\/\/www.facebook.com\/nereumatias","article_modified_time":"2026-03-23T16:43:13+00:00","og_image":[{"width":600,"height":800,"url":"https:\/\/nereumatias.com\/wp-content\/uploads\/2022\/12\/PhiCleansingEmulsionFaceBody.jpg","type":"image\/jpeg"}],"twitter_card":"summary_large_image","schema":{"@context":"https:\/\/schema.org","@graph":[{"@type":"WebPage","@id":"https:\/\/nereumatias.com\/producto\/phi-cleansing-emulsion-face-and-body\/","url":"https:\/\/nereumatias.com\/producto\/phi-cleansing-emulsion-face-and-body\/","name":"Phi Cleansing Emulsion Face and Body - Formaciones PhiAcademy - Phiseller Espa\u00f1a","isPartOf":{"@id":"https:\/\/nereumatias.com\/#website"},"primaryImageOfPage":{"@id":"https:\/\/nereumatias.com\/producto\/phi-cleansing-emulsion-face-and-body\/#primaryimage"},"image":{"@id":"https:\/\/nereumatias.com\/producto\/phi-cleansing-emulsion-face-and-body\/#primaryimage"},"thumbnailUrl":"https:\/\/nereumatias.com\/wp-content\/uploads\/2022\/12\/PhiCleansingEmulsionFaceBody.jpg","datePublished":"2021-07-08T03:40:39+00:00","dateModified":"2026-03-23T16:43:13+00:00","breadcrumb":{"@id":"https:\/\/nereumatias.com\/producto\/phi-cleansing-emulsion-face-and-body\/#breadcrumb"},"inLanguage":"pt-BR","potentialAction":[{"@type":"ReadAction","target":["https:\/\/nereumatias.com\/producto\/phi-cleansing-emulsion-face-and-body\/"]}]},{"@type":"ImageObject","inLanguage":"pt-BR","@id":"https:\/\/nereumatias.com\/producto\/phi-cleansing-emulsion-face-and-body\/#primaryimage","url":"https:\/\/nereumatias.com\/wp-content\/uploads\/2022\/12\/PhiCleansingEmulsionFaceBody.jpg","contentUrl":"https:\/\/nereumatias.com\/wp-content\/uploads\/2022\/12\/PhiCleansingEmulsionFaceBody.jpg","width":600,"height":800},{"@type":"BreadcrumbList","@id":"https:\/\/nereumatias.com\/producto\/phi-cleansing-emulsion-face-and-body\/#breadcrumb","itemListElement":[{"@type":"ListItem","position":1,"name":"Home","item":"https:\/\/nereumatias.com\/"},{"@type":"ListItem","position":2,"name":"Tienda","item":"https:\/\/nereumatias.com\/tienda-online\/"},{"@type":"ListItem","position":3,"name":"Phi Cleansing Emulsion Face and Body"}]},{"@type":"WebSite","@id":"https:\/\/nereumatias.com\/#website","url":"https:\/\/nereumatias.com\/","name":"Formaciones PhiAcademy - Phiseller Espa\u00f1a","description":"PhiAcademy","publisher":{"@id":"https:\/\/nereumatias.com\/#organization"},"potentialAction":[{"@type":"SearchAction","target":{"@type":"EntryPoint","urlTemplate":"https:\/\/nereumatias.com\/?s={search_term_string}"},"query-input":{"@type":"PropertyValueSpecification","valueRequired":true,"valueName":"search_term_string"}}],"inLanguage":"pt-BR"},{"@type":"Organization","@id":"https:\/\/nereumatias.com\/#organization","name":"Formaciones PhiAcademy - Phiseller Espa\u00f1a","url":"https:\/\/nereumatias.com\/","logo":{"@type":"ImageObject","inLanguage":"pt-BR","@id":"https:\/\/nereumatias.com\/#\/schema\/logo\/image\/","url":"https:\/\/nereumatias.com\/wp-content\/uploads\/2022\/09\/logo-phiseller-negro-150.png","contentUrl":"https:\/\/nereumatias.com\/wp-content\/uploads\/2022\/09\/logo-phiseller-negro-150.png","width":375,"height":150,"caption":"Formaciones PhiAcademy - Phiseller Espa\u00f1a"},"image":{"@id":"https:\/\/nereumatias.com\/#\/schema\/logo\/image\/"},"sameAs":["https:\/\/www.facebook.com\/nereumatias"]}]}},"_links":{"self":[{"href":"https:\/\/nereumatias.com\/pt\/wp-json\/wp\/v2\/product\/41700","targetHints":{"allow":["GET"]}}],"collection":[{"href":"https:\/\/nereumatias.com\/pt\/wp-json\/wp\/v2\/product"}],"about":[{"href":"https:\/\/nereumatias.com\/pt\/wp-json\/wp\/v2\/types\/product"}],"replies":[{"embeddable":true,"href":"https:\/\/nereumatias.com\/pt\/wp-json\/wp\/v2\/comments?post=41700"}],"version-history":[{"count":1,"href":"https:\/\/nereumatias.com\/pt\/wp-json\/wp\/v2\/product\/41700\/revisions"}],"predecessor-version":[{"id":41701,"href":"https:\/\/nereumatias.com\/pt\/wp-json\/wp\/v2\/product\/41700\/revisions\/41701"}],"wp:featuredmedia":[{"embeddable":true,"href":"https:\/\/nereumatias.com\/pt\/wp-json\/wp\/v2\/media\/43366"}],"wp:attachment":[{"href":"https:\/\/nereumatias.com\/pt\/wp-json\/wp\/v2\/media?parent=41700"}],"wp:term":[{"taxonomy":"product_brand","embeddable":true,"href":"https:\/\/nereumatias.com\/pt\/wp-json\/wp\/v2\/product_brand?post=41700"},{"taxonomy":"product_cat","embeddable":true,"href":"https:\/\/nereumatias.com\/pt\/wp-json\/wp\/v2\/product_cat?post=41700"},{"taxonomy":"product_tag","embeddable":true,"href":"https:\/\/nereumatias.com\/pt\/wp-json\/wp\/v2\/product_tag?post=41700"}],"curies":[{"name":"wp","href":"https:\/\/api.w.org\/{rel}","templated":true}]}}