{"id":41692,"date":"2021-07-08T05:40:39","date_gmt":"2021-07-08T03:40:39","guid":{"rendered":"https:\/\/nereumatias.phiseller.com\/?post_type=product&#038;p=41692"},"modified":"2023-04-20T13:54:27","modified_gmt":"2023-04-20T11:54:27","slug":"skin-candy-ss-protection","status":"publish","type":"product","link":"https:\/\/nereumatias.com\/pt\/produto\/skin-candy-ss-protection\/","title":{"rendered":"Skin Candy S&amp;S Protection"},"content":{"rendered":"<p>Esse \u00e9 um creme de p\u00f3s-tratamento desenvolvido para evitar que condi\u00e7\u00f5es extremas afetem a qualidade.<\/p>\n<p>e a intensidade da cor ap\u00f3s os tratamentos PhiBrows e Phicontour. Ele se destina a pessoas que<\/p>\n<p>suor excessivo devido a diferentes fatores corporais de treinamento<br \/>\nplaneje se expor ao sol imediatamente ap\u00f3s o tratamento<\/p>\n<p>A combina\u00e7\u00e3o opcionalmente equilibrada de filtros UVA e UVB oferece \u00e0 pele tatuada uma prote\u00e7\u00e3o excepcionalmente alta contra os efeitos nocivos dos raios solares. Eles tamb\u00e9m proporcionam a absor\u00e7\u00e3o da umidade (suor) e do excesso de sebo, evitando assim a degrada\u00e7\u00e3o dos pigmentos. Preserva a intensidade da cor da tatuagem.<\/p>\n<p>Reduz o risco de alergias e irrita\u00e7\u00f5es. Nutre intensamente a pele, proporciona umidade e maciez excepcionais e evita o ressecamento e o envelhecimento da pele. F\u00e1cil de espalhar e n\u00e3o deixa marcas gordurosas ou brancas na pele.<\/p>\n<p>Pantenol * Vitamina E * Alanto\u00edna * Extrato de Cal\u00eandula * \u00d3leo de Jojoba<\/p>\n<p>Uso: aplique o creme de 3 a 5 vezes ao dia, 7 dias ap\u00f3s o tratamento.<\/p>\n<p>Ap\u00f3s 7 dias, ele pode ser aplicado somente quando necess\u00e1rio, 15 minutos antes da exposi\u00e7\u00e3o ao sol ou de exerc\u00edcios.<\/p>\n<p>Oferece dupla prote\u00e7\u00e3o aos pigmentos contra degrada\u00e7\u00e3o e descolora\u00e7\u00e3o.<br \/>\nOferece prote\u00e7\u00e3o muito alta contra os efeitos nocivos dos raios solares.<br \/>\nEle mant\u00e9m a intensidade da cor.<br \/>\nNutre a pele e proporciona hidrata\u00e7\u00e3o e maciez excepcionais.<br \/>\nRestaura a camada hidrolip\u00eddica proativa da pele<br \/>\nF\u00e1cil de espalhar, sem vest\u00edgios gordurosos e brancos na pele.<br \/>\nN\u00e3o cont\u00e9m alerg\u00eanicos ou ingredientes nocivos.<br \/>\n\u00c0 prova d'\u00e1gua<\/p>\n<p><strong>Ingredientes:<\/strong> \u00e1gua-marinha, homosalato, octocrileno, benzoato de C12-15-alquila, etilhexil<\/p>\n<p>Metoxicinamato, salicilato de etil-hexila, metoxidibenzoilmetano de butila, \u00e1lcool arquid\u00edlico,<\/p>\n<p>\u00c1lcool Behenyl, Arachidyl Glucoside, Trimethylpentanediol \/ Adipic Acid \/ Glycerin Crosspolymer,<\/p>\n<p>Estearato de glicerila, estearato de PEG-100, di\u00f3xido de tit\u00e2nio, s\u00edlica, \u00e1lcool et\u00edlico, pantenol,<\/p>\n<p>Acetato de tocoferol, extrato de flor de Calendula Officinalis, alanto\u00edna, Simmondsia Chinensis<\/p>\n<p>(Jojoba) Seed oil, fenoxietanol, metilparabeno, butilparabeno, etilparabeno, propilparabeno,<\/p>\n<p>Parfum, goma xantana, poliacrilato de s\u00f3dio, EDTA tetrass\u00f3dico.<\/p>","protected":false},"excerpt":{"rendered":"<p>Esse \u00e9 um creme de p\u00f3s-tratamento desenvolvido para evitar que condi\u00e7\u00f5es extremas afetem a qualidade.<\/p>\n<p>e a intensidade da cor ap\u00f3s os tratamentos PhiBrows e Phicontour. Ele se destina a pessoas que<\/p>\n<p>suor excessivo devido a diferentes fatores corporais de treinamento<br \/>\nplaneje se expor ao sol imediatamente ap\u00f3s o tratamento<\/p>\n<p>A combina\u00e7\u00e3o opcionalmente equilibrada de filtros UVA e UVB oferece \u00e0 pele tatuada uma prote\u00e7\u00e3o excepcionalmente alta contra os efeitos nocivos dos raios solares. Eles tamb\u00e9m proporcionam a absor\u00e7\u00e3o da umidade (suor) e do excesso de sebo, evitando assim a degrada\u00e7\u00e3o dos pigmentos. Preserva a intensidade da cor da tatuagem.<\/p>\n<p>Reduz o risco de alergias e irrita\u00e7\u00f5es. Nutre intensamente a pele, proporciona umidade e maciez excepcionais e evita o ressecamento e o envelhecimento da pele. F\u00e1cil de espalhar e n\u00e3o deixa marcas gordurosas ou brancas na pele.<\/p>\n<p>Pantenol * Vitamina E * Alanto\u00edna * Extrato de Cal\u00eandula * \u00d3leo de Jojoba<\/p>\n<p>Uso: aplique o creme de 3 a 5 vezes ao dia, 7 dias ap\u00f3s o tratamento.<\/p>\n<p>Ap\u00f3s 7 dias, ele pode ser aplicado somente quando necess\u00e1rio, 15 minutos antes da exposi\u00e7\u00e3o ao sol ou de exerc\u00edcios.<\/p>\n<p>Oferece dupla prote\u00e7\u00e3o aos pigmentos contra degrada\u00e7\u00e3o e descolora\u00e7\u00e3o.<br \/>\nOferece prote\u00e7\u00e3o muito alta contra os efeitos nocivos dos raios solares.<br \/>\nEle mant\u00e9m a intensidade da cor.<br \/>\nNutre a pele e proporciona hidrata\u00e7\u00e3o e maciez excepcionais.<br \/>\nRestaura a camada hidrolip\u00eddica proativa da pele<br \/>\nF\u00e1cil de espalhar, sem vest\u00edgios gordurosos e brancos na pele.<br \/>\nN\u00e3o cont\u00e9m alerg\u00eanicos ou ingredientes nocivos.<br \/>\n\u00c0 prova d'\u00e1gua<\/p>\n<p><strong>Ingredientes:<\/strong> \u00e1gua-marinha, homosalato, octocrileno, benzoato de C12-15-alquila, etilhexil<\/p>\n<p>Metoxicinamato, salicilato de etil-hexila, metoxidibenzoilmetano de butila, \u00e1lcool arquid\u00edlico,<\/p>\n<p>\u00c1lcool Behenyl, Arachidyl Glucoside, Trimethylpentanediol \/ Adipic Acid \/ Glycerin Crosspolymer,<\/p>\n<p>Estearato de glicerila, estearato de PEG-100, di\u00f3xido de tit\u00e2nio, s\u00edlica, \u00e1lcool et\u00edlico, pantenol,<\/p>\n<p>Acetato de tocoferol, extrato de flor de Calendula Officinalis, alanto\u00edna, Simmondsia Chinensis<\/p>\n<p>(Jojoba) Seed oil, fenoxietanol, metilparabeno, butilparabeno, etilparabeno, propilparabeno,<\/p>\n<p>Parfum, goma xantana, poliacrilato de s\u00f3dio, EDTA tetrass\u00f3dico.<\/p>","protected":false},"featured_media":43358,"comment_status":"open","ping_status":"closed","template":"","meta":{"_acf_changed":false,"_joinchat":[]},"product_brand":[],"product_cat":[71,73,51,47,72,48],"product_tag":[],"class_list":{"0":"post-41692","1":"product","2":"type-product","3":"status-publish","4":"has-post-thumbnail","6":"product_cat-during-after-treatment","7":"product_cat-during-after-treatment-phicontour","8":"product_cat-gels-creams","9":"product_cat-phibrows","10":"product_cat-phicontour","11":"product_cat-philings","13":"first","14":"instock","15":"taxable","16":"shipping-taxable","17":"purchasable","18":"product-type-simple"},"supplier_id":null,"supplier_sku":"","barcode":null,"atum_controlled":true,"out_stock_date":null,"out_stock_threshold":null,"inheritable":false,"inbound_stock":null,"stock_on_hold":2,"sold_today":0,"sales_last_days":0,"reserved_stock":null,"customer_returns":null,"warehouse_damage":null,"lost_in_post":null,"other_logs":null,"out_stock_days":0,"lost_sales":0,"has_location":null,"update_date":"2026-05-10T12:46:18","atum_locations":[],"atum_stock_status":"instock","restock_status":false,"low_stock_amount":0,"sales_update_date":"2026-05-10T12:46:18","calc_backorders":null,"acf":[],"yoast_head":"<!-- This site is optimized with the Yoast SEO plugin v24.8 - https:\/\/yoast.com\/wordpress\/plugins\/seo\/ -->\n<title>Skin Candy S&amp;S Protection - Formaciones PhiAcademy - Phiseller Espa\u00f1a<\/title>\n<meta name=\"robots\" content=\"index, follow, max-snippet:-1, max-image-preview:large, max-video-preview:-1\" \/>\n<link rel=\"canonical\" href=\"https:\/\/nereumatias.com\/pt\/produto\/skin-candy-ss-protection\/\" \/>\n<meta property=\"og:locale\" content=\"pt_BR\" \/>\n<meta property=\"og:type\" content=\"article\" \/>\n<meta property=\"og:title\" content=\"Skin Candy S&amp;S Protection - Formaciones PhiAcademy - Phiseller Espa\u00f1a\" \/>\n<meta property=\"og:description\" content=\"Esta es una crema para el cuidado posterior dise\u00f1ada para evitar que condiciones extremas afecten la calidad.  e intensidad de color despu\u00e9s de los tratamientos PhiBrows y Phicontour. Est\u00e1 destinado a personas que  sudar ampliamente debido a diferentes factores corporales de entrenamientos planee exponerse al sol inmediatamente despu\u00e9s del tratamiento  La combinaci\u00f3n opcionalmente equilibrada de filtros UVA y UVB proporciona a la piel tatuada excepcionalmente Alta protecci\u00f3n contra los efectos nocivos de los rayos solares. Tambi\u00e9n proporcionan absorci\u00f3n de humedad (sudor), exceso de sebo, por lo tanto proporcionan pigmentos de la degradaci\u00f3n. Conserva la intensidad del color del tatuaje.  Reduce el riesgo de alergias e irritaciones. Nutre la piel intensamente, la proporciona Con una humedad y suavidad excepcionales y evita el secado y el envejecimiento de la piel. Es f\u00e1cil de difundir y no deja huellas grasas ni blancas en la piel.  Pantenol * Vitamina E * Alanto\u00edna * Extracto de cal\u00e9ndula * Aceite de jojoba  Uso: Aplicar la crema de 3 a 5 veces al d\u00eda, 7 d\u00edas despu\u00e9s del tratamiento.  Despu\u00e9s de 7 d\u00edas, se puede aplicar solo cuando sea necesario, 15 minutos antes de exponerse al sol o hacer ejercicio.  Proporciona doble protecci\u00f3n de los pigmentos contra la degradaci\u00f3n y la decoloraci\u00f3n. Proporciona una protecci\u00f3n muy alta contra los efectos nocivos de los rayos solares. Conserva la intensidad del color. Nutre la piel y le proporciona una hidrataci\u00f3n y suavidad excepcionales. Restaura la capa de piel proactiva hidrolip\u00eddica F\u00e1cil de extender, sin rastros grasos y blancos en la piel. No contiene al\u00e9rgenos ni ingredientes nocivos. Impermeable  Ingredientes: aguamarina, homosalato, octocrileno, benzoato de alquilo C12-15, etilhexilo  Metoxicinamato, salicilato de etilhexilo, metoxidibenzoilmetano de butilo, alcohol archid\u00edlico,  Behenyl Alcohol, Arachidyl Glucoside, Trimethylpentanediol \/ Adipic Acid \/ Glycerin Crosspolymer,  Estearato de glicerilo, estearato de PEG-100, di\u00f3xido de titanio, s\u00edlice, alcohol et\u00edlico, pantenol,  Acetato de Tocophery, Extracto de Flor de Calendula Officinalis, Alanto\u00edna, Simmondsia Chinensis  (Jojoba) Aceite de semilla, fenoxietanol, metilparabeno, butilparabeno, etilparabeno, propilparabeno,  Parfum, goma xantana, poliacrilato de sodio, EDTA tetras\u00f3dico.\" \/>\n<meta property=\"og:url\" content=\"https:\/\/nereumatias.com\/pt\/produto\/skin-candy-ss-protection\/\" \/>\n<meta property=\"og:site_name\" content=\"Formaciones PhiAcademy - Phiseller Espa\u00f1a\" \/>\n<meta property=\"article:publisher\" content=\"https:\/\/www.facebook.com\/nereumatias\" \/>\n<meta property=\"article:modified_time\" content=\"2023-04-20T11:54:27+00:00\" \/>\n<meta property=\"og:image\" content=\"https:\/\/nereumatias.com\/wp-content\/uploads\/2022\/12\/Skin-Candy-SS-Protection.jpg\" \/>\n\t<meta property=\"og:image:width\" content=\"600\" \/>\n\t<meta property=\"og:image:height\" content=\"800\" \/>\n\t<meta property=\"og:image:type\" content=\"image\/jpeg\" \/>\n<meta name=\"twitter:card\" content=\"summary_large_image\" \/>\n<script type=\"application\/ld+json\" class=\"yoast-schema-graph\">{\"@context\":\"https:\/\/schema.org\",\"@graph\":[{\"@type\":\"WebPage\",\"@id\":\"https:\/\/nereumatias.com\/producto\/skin-candy-ss-protection\/\",\"url\":\"https:\/\/nereumatias.com\/producto\/skin-candy-ss-protection\/\",\"name\":\"Skin Candy S&S Protection - Formaciones PhiAcademy - Phiseller Espa\u00f1a\",\"isPartOf\":{\"@id\":\"https:\/\/nereumatias.com\/#website\"},\"primaryImageOfPage\":{\"@id\":\"https:\/\/nereumatias.com\/producto\/skin-candy-ss-protection\/#primaryimage\"},\"image\":{\"@id\":\"https:\/\/nereumatias.com\/producto\/skin-candy-ss-protection\/#primaryimage\"},\"thumbnailUrl\":\"https:\/\/nereumatias.com\/wp-content\/uploads\/2022\/12\/Skin-Candy-SS-Protection.jpg\",\"datePublished\":\"2021-07-08T03:40:39+00:00\",\"dateModified\":\"2023-04-20T11:54:27+00:00\",\"breadcrumb\":{\"@id\":\"https:\/\/nereumatias.com\/producto\/skin-candy-ss-protection\/#breadcrumb\"},\"inLanguage\":\"pt-BR\",\"potentialAction\":[{\"@type\":\"ReadAction\",\"target\":[\"https:\/\/nereumatias.com\/producto\/skin-candy-ss-protection\/\"]}]},{\"@type\":\"ImageObject\",\"inLanguage\":\"pt-BR\",\"@id\":\"https:\/\/nereumatias.com\/producto\/skin-candy-ss-protection\/#primaryimage\",\"url\":\"https:\/\/nereumatias.com\/wp-content\/uploads\/2022\/12\/Skin-Candy-SS-Protection.jpg\",\"contentUrl\":\"https:\/\/nereumatias.com\/wp-content\/uploads\/2022\/12\/Skin-Candy-SS-Protection.jpg\",\"width\":600,\"height\":800},{\"@type\":\"BreadcrumbList\",\"@id\":\"https:\/\/nereumatias.com\/producto\/skin-candy-ss-protection\/#breadcrumb\",\"itemListElement\":[{\"@type\":\"ListItem\",\"position\":1,\"name\":\"Home\",\"item\":\"https:\/\/nereumatias.com\/\"},{\"@type\":\"ListItem\",\"position\":2,\"name\":\"Tienda\",\"item\":\"https:\/\/nereumatias.com\/tienda-online\/\"},{\"@type\":\"ListItem\",\"position\":3,\"name\":\"Skin Candy S&#038;S Protection\"}]},{\"@type\":\"WebSite\",\"@id\":\"https:\/\/nereumatias.com\/#website\",\"url\":\"https:\/\/nereumatias.com\/\",\"name\":\"Formaciones PhiAcademy - Phiseller Espa\u00f1a\",\"description\":\"PhiAcademy\",\"publisher\":{\"@id\":\"https:\/\/nereumatias.com\/#organization\"},\"potentialAction\":[{\"@type\":\"SearchAction\",\"target\":{\"@type\":\"EntryPoint\",\"urlTemplate\":\"https:\/\/nereumatias.com\/?s={search_term_string}\"},\"query-input\":{\"@type\":\"PropertyValueSpecification\",\"valueRequired\":true,\"valueName\":\"search_term_string\"}}],\"inLanguage\":\"pt-BR\"},{\"@type\":\"Organization\",\"@id\":\"https:\/\/nereumatias.com\/#organization\",\"name\":\"Formaciones PhiAcademy - Phiseller Espa\u00f1a\",\"url\":\"https:\/\/nereumatias.com\/\",\"logo\":{\"@type\":\"ImageObject\",\"inLanguage\":\"pt-BR\",\"@id\":\"https:\/\/nereumatias.com\/#\/schema\/logo\/image\/\",\"url\":\"https:\/\/nereumatias.com\/wp-content\/uploads\/2022\/09\/logo-phiseller-negro-150.png\",\"contentUrl\":\"https:\/\/nereumatias.com\/wp-content\/uploads\/2022\/09\/logo-phiseller-negro-150.png\",\"width\":375,\"height\":150,\"caption\":\"Formaciones PhiAcademy - Phiseller Espa\u00f1a\"},\"image\":{\"@id\":\"https:\/\/nereumatias.com\/#\/schema\/logo\/image\/\"},\"sameAs\":[\"https:\/\/www.facebook.com\/nereumatias\"]}]}<\/script>\n<!-- \/ Yoast SEO plugin. -->","yoast_head_json":{"title":"Skin Candy S&S Protection - Formaciones PhiAcademy - Phiseller Espa\u00f1a","robots":{"index":"index","follow":"follow","max-snippet":"max-snippet:-1","max-image-preview":"max-image-preview:large","max-video-preview":"max-video-preview:-1"},"canonical":"https:\/\/nereumatias.com\/pt\/produto\/skin-candy-ss-protection\/","og_locale":"pt_BR","og_type":"article","og_title":"Skin Candy S&S Protection - Formaciones PhiAcademy - Phiseller Espa\u00f1a","og_description":"Esta es una crema para el cuidado posterior dise\u00f1ada para evitar que condiciones extremas afecten la calidad.  e intensidad de color despu\u00e9s de los tratamientos PhiBrows y Phicontour. Est\u00e1 destinado a personas que  sudar ampliamente debido a diferentes factores corporales de entrenamientos planee exponerse al sol inmediatamente despu\u00e9s del tratamiento  La combinaci\u00f3n opcionalmente equilibrada de filtros UVA y UVB proporciona a la piel tatuada excepcionalmente Alta protecci\u00f3n contra los efectos nocivos de los rayos solares. Tambi\u00e9n proporcionan absorci\u00f3n de humedad (sudor), exceso de sebo, por lo tanto proporcionan pigmentos de la degradaci\u00f3n. Conserva la intensidad del color del tatuaje.  Reduce el riesgo de alergias e irritaciones. Nutre la piel intensamente, la proporciona Con una humedad y suavidad excepcionales y evita el secado y el envejecimiento de la piel. Es f\u00e1cil de difundir y no deja huellas grasas ni blancas en la piel.  Pantenol * Vitamina E * Alanto\u00edna * Extracto de cal\u00e9ndula * Aceite de jojoba  Uso: Aplicar la crema de 3 a 5 veces al d\u00eda, 7 d\u00edas despu\u00e9s del tratamiento.  Despu\u00e9s de 7 d\u00edas, se puede aplicar solo cuando sea necesario, 15 minutos antes de exponerse al sol o hacer ejercicio.  Proporciona doble protecci\u00f3n de los pigmentos contra la degradaci\u00f3n y la decoloraci\u00f3n. Proporciona una protecci\u00f3n muy alta contra los efectos nocivos de los rayos solares. Conserva la intensidad del color. Nutre la piel y le proporciona una hidrataci\u00f3n y suavidad excepcionales. Restaura la capa de piel proactiva hidrolip\u00eddica F\u00e1cil de extender, sin rastros grasos y blancos en la piel. No contiene al\u00e9rgenos ni ingredientes nocivos. Impermeable  Ingredientes: aguamarina, homosalato, octocrileno, benzoato de alquilo C12-15, etilhexilo  Metoxicinamato, salicilato de etilhexilo, metoxidibenzoilmetano de butilo, alcohol archid\u00edlico,  Behenyl Alcohol, Arachidyl Glucoside, Trimethylpentanediol \/ Adipic Acid \/ Glycerin Crosspolymer,  Estearato de glicerilo, estearato de PEG-100, di\u00f3xido de titanio, s\u00edlice, alcohol et\u00edlico, pantenol,  Acetato de Tocophery, Extracto de Flor de Calendula Officinalis, Alanto\u00edna, Simmondsia Chinensis  (Jojoba) Aceite de semilla, fenoxietanol, metilparabeno, butilparabeno, etilparabeno, propilparabeno,  Parfum, goma xantana, poliacrilato de sodio, EDTA tetras\u00f3dico.","og_url":"https:\/\/nereumatias.com\/pt\/produto\/skin-candy-ss-protection\/","og_site_name":"Formaciones PhiAcademy - Phiseller Espa\u00f1a","article_publisher":"https:\/\/www.facebook.com\/nereumatias","article_modified_time":"2023-04-20T11:54:27+00:00","og_image":[{"width":600,"height":800,"url":"https:\/\/nereumatias.com\/wp-content\/uploads\/2022\/12\/Skin-Candy-SS-Protection.jpg","type":"image\/jpeg"}],"twitter_card":"summary_large_image","schema":{"@context":"https:\/\/schema.org","@graph":[{"@type":"WebPage","@id":"https:\/\/nereumatias.com\/producto\/skin-candy-ss-protection\/","url":"https:\/\/nereumatias.com\/producto\/skin-candy-ss-protection\/","name":"Skin Candy S&S Protection - Formaciones PhiAcademy - Phiseller Espa\u00f1a","isPartOf":{"@id":"https:\/\/nereumatias.com\/#website"},"primaryImageOfPage":{"@id":"https:\/\/nereumatias.com\/producto\/skin-candy-ss-protection\/#primaryimage"},"image":{"@id":"https:\/\/nereumatias.com\/producto\/skin-candy-ss-protection\/#primaryimage"},"thumbnailUrl":"https:\/\/nereumatias.com\/wp-content\/uploads\/2022\/12\/Skin-Candy-SS-Protection.jpg","datePublished":"2021-07-08T03:40:39+00:00","dateModified":"2023-04-20T11:54:27+00:00","breadcrumb":{"@id":"https:\/\/nereumatias.com\/producto\/skin-candy-ss-protection\/#breadcrumb"},"inLanguage":"pt-BR","potentialAction":[{"@type":"ReadAction","target":["https:\/\/nereumatias.com\/producto\/skin-candy-ss-protection\/"]}]},{"@type":"ImageObject","inLanguage":"pt-BR","@id":"https:\/\/nereumatias.com\/producto\/skin-candy-ss-protection\/#primaryimage","url":"https:\/\/nereumatias.com\/wp-content\/uploads\/2022\/12\/Skin-Candy-SS-Protection.jpg","contentUrl":"https:\/\/nereumatias.com\/wp-content\/uploads\/2022\/12\/Skin-Candy-SS-Protection.jpg","width":600,"height":800},{"@type":"BreadcrumbList","@id":"https:\/\/nereumatias.com\/producto\/skin-candy-ss-protection\/#breadcrumb","itemListElement":[{"@type":"ListItem","position":1,"name":"Home","item":"https:\/\/nereumatias.com\/"},{"@type":"ListItem","position":2,"name":"Tienda","item":"https:\/\/nereumatias.com\/tienda-online\/"},{"@type":"ListItem","position":3,"name":"Skin Candy S&#038;S Protection"}]},{"@type":"WebSite","@id":"https:\/\/nereumatias.com\/#website","url":"https:\/\/nereumatias.com\/","name":"Formaciones PhiAcademy - Phiseller Espa\u00f1a","description":"PhiAcademy","publisher":{"@id":"https:\/\/nereumatias.com\/#organization"},"potentialAction":[{"@type":"SearchAction","target":{"@type":"EntryPoint","urlTemplate":"https:\/\/nereumatias.com\/?s={search_term_string}"},"query-input":{"@type":"PropertyValueSpecification","valueRequired":true,"valueName":"search_term_string"}}],"inLanguage":"pt-BR"},{"@type":"Organization","@id":"https:\/\/nereumatias.com\/#organization","name":"Formaciones PhiAcademy - Phiseller Espa\u00f1a","url":"https:\/\/nereumatias.com\/","logo":{"@type":"ImageObject","inLanguage":"pt-BR","@id":"https:\/\/nereumatias.com\/#\/schema\/logo\/image\/","url":"https:\/\/nereumatias.com\/wp-content\/uploads\/2022\/09\/logo-phiseller-negro-150.png","contentUrl":"https:\/\/nereumatias.com\/wp-content\/uploads\/2022\/09\/logo-phiseller-negro-150.png","width":375,"height":150,"caption":"Formaciones PhiAcademy - Phiseller Espa\u00f1a"},"image":{"@id":"https:\/\/nereumatias.com\/#\/schema\/logo\/image\/"},"sameAs":["https:\/\/www.facebook.com\/nereumatias"]}]}},"_links":{"self":[{"href":"https:\/\/nereumatias.com\/pt\/wp-json\/wp\/v2\/product\/41692","targetHints":{"allow":["GET"]}}],"collection":[{"href":"https:\/\/nereumatias.com\/pt\/wp-json\/wp\/v2\/product"}],"about":[{"href":"https:\/\/nereumatias.com\/pt\/wp-json\/wp\/v2\/types\/product"}],"replies":[{"embeddable":true,"href":"https:\/\/nereumatias.com\/pt\/wp-json\/wp\/v2\/comments?post=41692"}],"version-history":[{"count":1,"href":"https:\/\/nereumatias.com\/pt\/wp-json\/wp\/v2\/product\/41692\/revisions"}],"predecessor-version":[{"id":41693,"href":"https:\/\/nereumatias.com\/pt\/wp-json\/wp\/v2\/product\/41692\/revisions\/41693"}],"wp:featuredmedia":[{"embeddable":true,"href":"https:\/\/nereumatias.com\/pt\/wp-json\/wp\/v2\/media\/43358"}],"wp:attachment":[{"href":"https:\/\/nereumatias.com\/pt\/wp-json\/wp\/v2\/media?parent=41692"}],"wp:term":[{"taxonomy":"product_brand","embeddable":true,"href":"https:\/\/nereumatias.com\/pt\/wp-json\/wp\/v2\/product_brand?post=41692"},{"taxonomy":"product_cat","embeddable":true,"href":"https:\/\/nereumatias.com\/pt\/wp-json\/wp\/v2\/product_cat?post=41692"},{"taxonomy":"product_tag","embeddable":true,"href":"https:\/\/nereumatias.com\/pt\/wp-json\/wp\/v2\/product_tag?post=41692"}],"curies":[{"name":"wp","href":"https:\/\/api.w.org\/{rel}","templated":true}]}}