{"id":41688,"date":"2021-07-08T05:40:38","date_gmt":"2021-07-08T03:40:38","guid":{"rendered":"https:\/\/nereumatias.phiseller.com\/?post_type=product&#038;p=41688"},"modified":"2023-02-17T13:36:39","modified_gmt":"2023-02-17T12:36:39","slug":"skin-candy-anti-shock-1","status":"publish","type":"product","link":"https:\/\/nereumatias.com\/pt\/produto\/skin-candy-anti-shock-1\/","title":{"rendered":"Skin Candy Anti Shock 1"},"content":{"rendered":"<p>O Anti Shock \u00e9 um creme p\u00f3s-tratamento desenvolvido para reduzir os efeitos colaterais indesejados dos tratamentos PhiBrows, PhiContour, PhiLings e Microneedling. Esse creme reduz instantaneamente o efeito das sobrancelhas escuras ou da cor dos l\u00e1bios e pode ser aplicado imediatamente ap\u00f3s o tratamento. A F\u00f3rmula 1 \u00e9 adequada para pele de m\u00e9dia a clara. Al\u00e9m de reduzir a vermelhid\u00e3o e os hematomas da camoflage, ele tamb\u00e9m acalma a pele ap\u00f3s o tratamento. Devido aos pigmentos minerais de uma estrutura espec\u00edfica e aos componentes ativos adicionais, o creme combina perfeitamente com a tez da pele e d\u00e1 a ela uma apar\u00eancia naturalmente saud\u00e1vel, uniforme e reparadora. Os pigmentos t\u00eam um alto poder de cobertura e permanecem na pele por um longo per\u00edodo de tempo. Devido \u00e0 sua estrutura exclusiva, eles absorvem o excesso de sebo e se ajustam \u00e0 tez natural. A base de alta qualidade cont\u00e9m ingredientes ativos cuidadosamente selecionados, necess\u00e1rios para peles sens\u00edveis.<\/p>\n<p>Pantenol * Vitamina E * Extrato de Hamam\u00e9lis * \u00c1cido Hialur\u00f4nico * Alanto\u00edna * Vitamina B3<\/p>\n<p><strong>Use:<\/strong> Ap\u00f3s o tratamento, aplique o creme SKIN CANDY ANTI SHOCK 1 nas \u00e1reas tratadas, bem como em outras \u00e1reas do rosto, pesco\u00e7o e decote.<\/p>\n<p><strong>Ingredientes:<\/strong> \u00e1gua-marinha, triglicer\u00eddeos capr\u00edlicos\/c\u00e1pricos, propilenoglicol, glicerina, distearato de polisterogliceril-3-metilglucose, \u00e9ter dicapril\u00edlico, \u00e1lcool estear\u00edlico, lanolina, estearato de gliceril, pantenol, extrato de hamam\u00e9lis, frutose, talco, ureia de pentilenoglicol, \u00e1cido c\u00edtrico, hidr\u00f3xido de s\u00f3dio, maltose, PCA de s\u00f3dio, cloreto de s\u00f3dio, lactato de s\u00f3dio, trealose, alanto\u00edna, hialuronato de s\u00f3dio, glicose, fenoxietanol, etilhexilglicerina, tocoferol, dimeticona, poliacrilato de s\u00f3dio, 78f, 77f, 78f, 78f, 78f, 78f, 78f, 78f, 78f, 78f2, 78f, 78f2, 78f2, 78f2, 782 CI 77491, CI 77499.<\/p>","protected":false},"excerpt":{"rendered":"<p>O Anti Shock \u00e9 um creme p\u00f3s-tratamento desenvolvido para reduzir os efeitos colaterais indesejados dos tratamentos PhiBrows, PhiContour, PhiLings e Microneedling. Esse creme reduz instantaneamente o efeito das sobrancelhas escuras ou da cor dos l\u00e1bios e pode ser aplicado imediatamente ap\u00f3s o tratamento. A F\u00f3rmula 1 \u00e9 adequada para pele de m\u00e9dia a clara. Al\u00e9m de reduzir a vermelhid\u00e3o e os hematomas da camoflage, ele tamb\u00e9m acalma a pele ap\u00f3s o tratamento. Devido aos pigmentos minerais de uma estrutura espec\u00edfica e aos componentes ativos adicionais, o creme combina perfeitamente com a tez da pele e d\u00e1 a ela uma apar\u00eancia naturalmente saud\u00e1vel, uniforme e reparadora. Os pigmentos t\u00eam um alto poder de cobertura e permanecem na pele por um longo per\u00edodo de tempo. Devido \u00e0 sua estrutura exclusiva, eles absorvem o excesso de sebo e se ajustam \u00e0 tez natural. A base de alta qualidade cont\u00e9m ingredientes ativos cuidadosamente selecionados, necess\u00e1rios para peles sens\u00edveis.<\/p>\n<p>Pantenol * Vitamina E * Extrato de Hamam\u00e9lis * \u00c1cido Hialur\u00f4nico * Alanto\u00edna * Vitamina B3<\/p>\n<p><strong>Use:<\/strong> Ap\u00f3s o tratamento, aplique o creme SKIN CANDY ANTI SHOCK 1 nas \u00e1reas tratadas, bem como em outras \u00e1reas do rosto, pesco\u00e7o e decote.<\/p>\n<p><strong>Ingredientes:<\/strong> \u00e1gua-marinha, triglicer\u00eddeos capr\u00edlicos\/c\u00e1pricos, propilenoglicol, glicerina, distearato de polisterogliceril-3-metilglucose, \u00e9ter dicapril\u00edlico, \u00e1lcool estear\u00edlico, lanolina, estearato de gliceril, pantenol, extrato de hamam\u00e9lis, frutose, talco, ureia de pentilenoglicol, \u00e1cido c\u00edtrico, hidr\u00f3xido de s\u00f3dio, maltose, PCA de s\u00f3dio, cloreto de s\u00f3dio, lactato de s\u00f3dio, trealose, alanto\u00edna, hialuronato de s\u00f3dio, glicose, fenoxietanol, etilhexilglicerina, tocoferol, dimeticona, poliacrilato de s\u00f3dio, 78f, 77f, 78f, 78f, 78f, 78f, 78f, 78f, 78f, 78f2, 78f, 78f2, 78f2, 78f2, 782 CI 77491, CI 77499.<\/p>","protected":false},"featured_media":43354,"comment_status":"open","ping_status":"closed","template":"","meta":{"_acf_changed":false,"_joinchat":[]},"product_brand":[],"product_cat":[71,73,51,47,72,48],"product_tag":[],"class_list":{"0":"post-41688","1":"product","2":"type-product","3":"status-publish","4":"has-post-thumbnail","6":"product_cat-during-after-treatment","7":"product_cat-during-after-treatment-phicontour","8":"product_cat-gels-creams","9":"product_cat-phibrows","10":"product_cat-phicontour","11":"product_cat-philings","13":"first","14":"instock","15":"taxable","16":"shipping-taxable","17":"purchasable","18":"product-type-simple"},"supplier_id":null,"supplier_sku":"","barcode":null,"atum_controlled":true,"out_stock_date":null,"out_stock_threshold":null,"inheritable":false,"inbound_stock":null,"stock_on_hold":0,"sold_today":0,"sales_last_days":0,"reserved_stock":null,"customer_returns":null,"warehouse_damage":null,"lost_in_post":null,"other_logs":null,"out_stock_days":0,"lost_sales":0,"has_location":null,"update_date":"2026-05-10T12:46:18","atum_locations":[],"atum_stock_status":"instock","restock_status":false,"low_stock_amount":0,"sales_update_date":"2026-05-10T12:46:18","calc_backorders":null,"acf":[],"yoast_head":"<!-- This site is optimized with the Yoast SEO plugin v24.8 - https:\/\/yoast.com\/wordpress\/plugins\/seo\/ -->\n<title>Skin Candy Anti Shock 1 - Formaciones PhiAcademy - Phiseller Espa\u00f1a<\/title>\n<meta name=\"robots\" content=\"index, follow, max-snippet:-1, max-image-preview:large, max-video-preview:-1\" \/>\n<link rel=\"canonical\" href=\"https:\/\/nereumatias.com\/pt\/produto\/skin-candy-anti-shock-1\/\" \/>\n<meta property=\"og:locale\" content=\"pt_BR\" \/>\n<meta property=\"og:type\" content=\"article\" \/>\n<meta property=\"og:title\" content=\"Skin Candy Anti Shock 1 - Formaciones PhiAcademy - Phiseller Espa\u00f1a\" \/>\n<meta property=\"og:description\" content=\"Anti Shock es una crema para el cuidado posterior dise\u00f1ada para reducir los efectos secundarios no deseados de los tratamientos PhiBrows, PhiContour, PhiLings y Microneedling. Esta crema reduce instant\u00e1neamente el efecto de las cejas oscuras o el color de los labios y se puede aplicar inmediatamente despu\u00e9s del tratamiento. La f\u00f3rmula 1 es adecuada para el medio -Tez clara a clara. Adem\u00e1s del enrojecimiento y moretones del camoflage, tambi\u00e9n alivia la piel despu\u00e9s del tratamiento. Debido a los pigmentos minerales de una estructura espec\u00edfica y componentes activos adicionales, la crema encaja perfectamente con la tez de la piel y le proporciona un aspecto naturalmente saludable, uniforme y reparador. Los pigmentos tienen una alta capacidad de cobertura y permanecen en la piel durante un largo per\u00edodo de tiempo. Debido a su estructura \u00fanica, absorben el exceso de sebo y se ajustan a la tez natural. La base de alta calidad contiene componentes activos cuidadosamente seleccionados necesarios para pieles sensibles.  Pantenol * Vitamina E * Extracto de hamamelis * \u00c1cido hialur\u00f3nico * Alanto\u00edna * Vitamina B3  Uso: Aplique la crema SKIN CANDY ANTI SHOCK 1 despu\u00e9s del tratamiento a las \u00e1reas tratadas, as\u00ed como a otras \u00e1reas de la cara, cuello y escote.  Ingredientes: aguamarina, triglic\u00e9ridos capr\u00edlicos \/ c\u00e1pricos, propilenglicol, glicerina, poliesterogliceril-3 metilglucosa distearato, \u00e9ter de dicaprililo, alcohol estear\u00edlico, lanolina, estearato de glicerilo, pantenol, extracto de hamamelis virginiana (hamamelis), fructosa, talco, pentileno glicol Urea, \u00e1cido c\u00edtrico, hidr\u00f3xido s\u00f3dico, maltosa, PCA s\u00f3dico, cloruro s\u00f3dico, lactato s\u00f3dico, trehalosa, alanto\u00edna, hialuronato s\u00f3dico, glucosa, fenoxietanol, etilhexilglicerina, tocoferol, dimeticona, poliacrilato s\u00f3dico, 78f, 77f, 78f, 78f, 78f, 78f, 78f, 78f, 78f, 78f2, 78f, 78f2, 78f2, 78f2, 782 CI 77491, CI 77499.\" \/>\n<meta property=\"og:url\" content=\"https:\/\/nereumatias.com\/pt\/produto\/skin-candy-anti-shock-1\/\" \/>\n<meta property=\"og:site_name\" content=\"Formaciones PhiAcademy - Phiseller Espa\u00f1a\" \/>\n<meta property=\"article:publisher\" content=\"https:\/\/www.facebook.com\/nereumatias\" \/>\n<meta property=\"article:modified_time\" content=\"2023-02-17T12:36:39+00:00\" \/>\n<meta property=\"og:image\" content=\"https:\/\/nereumatias.com\/wp-content\/uploads\/2022\/12\/SkinCandyAntiShock1.jpg\" \/>\n\t<meta property=\"og:image:width\" content=\"600\" \/>\n\t<meta property=\"og:image:height\" content=\"800\" \/>\n\t<meta property=\"og:image:type\" content=\"image\/jpeg\" \/>\n<meta name=\"twitter:card\" content=\"summary_large_image\" \/>\n<script type=\"application\/ld+json\" class=\"yoast-schema-graph\">{\"@context\":\"https:\/\/schema.org\",\"@graph\":[{\"@type\":\"WebPage\",\"@id\":\"https:\/\/nereumatias.com\/producto\/skin-candy-anti-shock-1\/\",\"url\":\"https:\/\/nereumatias.com\/producto\/skin-candy-anti-shock-1\/\",\"name\":\"Skin Candy Anti Shock 1 - Formaciones PhiAcademy - Phiseller Espa\u00f1a\",\"isPartOf\":{\"@id\":\"https:\/\/nereumatias.com\/#website\"},\"primaryImageOfPage\":{\"@id\":\"https:\/\/nereumatias.com\/producto\/skin-candy-anti-shock-1\/#primaryimage\"},\"image\":{\"@id\":\"https:\/\/nereumatias.com\/producto\/skin-candy-anti-shock-1\/#primaryimage\"},\"thumbnailUrl\":\"https:\/\/nereumatias.com\/wp-content\/uploads\/2022\/12\/SkinCandyAntiShock1.jpg\",\"datePublished\":\"2021-07-08T03:40:38+00:00\",\"dateModified\":\"2023-02-17T12:36:39+00:00\",\"breadcrumb\":{\"@id\":\"https:\/\/nereumatias.com\/producto\/skin-candy-anti-shock-1\/#breadcrumb\"},\"inLanguage\":\"pt-BR\",\"potentialAction\":[{\"@type\":\"ReadAction\",\"target\":[\"https:\/\/nereumatias.com\/producto\/skin-candy-anti-shock-1\/\"]}]},{\"@type\":\"ImageObject\",\"inLanguage\":\"pt-BR\",\"@id\":\"https:\/\/nereumatias.com\/producto\/skin-candy-anti-shock-1\/#primaryimage\",\"url\":\"https:\/\/nereumatias.com\/wp-content\/uploads\/2022\/12\/SkinCandyAntiShock1.jpg\",\"contentUrl\":\"https:\/\/nereumatias.com\/wp-content\/uploads\/2022\/12\/SkinCandyAntiShock1.jpg\",\"width\":600,\"height\":800},{\"@type\":\"BreadcrumbList\",\"@id\":\"https:\/\/nereumatias.com\/producto\/skin-candy-anti-shock-1\/#breadcrumb\",\"itemListElement\":[{\"@type\":\"ListItem\",\"position\":1,\"name\":\"Home\",\"item\":\"https:\/\/nereumatias.com\/\"},{\"@type\":\"ListItem\",\"position\":2,\"name\":\"Tienda\",\"item\":\"https:\/\/nereumatias.com\/tienda-online\/\"},{\"@type\":\"ListItem\",\"position\":3,\"name\":\"Skin Candy Anti Shock 1\"}]},{\"@type\":\"WebSite\",\"@id\":\"https:\/\/nereumatias.com\/#website\",\"url\":\"https:\/\/nereumatias.com\/\",\"name\":\"Formaciones PhiAcademy - Phiseller Espa\u00f1a\",\"description\":\"PhiAcademy\",\"publisher\":{\"@id\":\"https:\/\/nereumatias.com\/#organization\"},\"potentialAction\":[{\"@type\":\"SearchAction\",\"target\":{\"@type\":\"EntryPoint\",\"urlTemplate\":\"https:\/\/nereumatias.com\/?s={search_term_string}\"},\"query-input\":{\"@type\":\"PropertyValueSpecification\",\"valueRequired\":true,\"valueName\":\"search_term_string\"}}],\"inLanguage\":\"pt-BR\"},{\"@type\":\"Organization\",\"@id\":\"https:\/\/nereumatias.com\/#organization\",\"name\":\"Formaciones PhiAcademy - Phiseller Espa\u00f1a\",\"url\":\"https:\/\/nereumatias.com\/\",\"logo\":{\"@type\":\"ImageObject\",\"inLanguage\":\"pt-BR\",\"@id\":\"https:\/\/nereumatias.com\/#\/schema\/logo\/image\/\",\"url\":\"https:\/\/nereumatias.com\/wp-content\/uploads\/2022\/09\/logo-phiseller-negro-150.png\",\"contentUrl\":\"https:\/\/nereumatias.com\/wp-content\/uploads\/2022\/09\/logo-phiseller-negro-150.png\",\"width\":375,\"height\":150,\"caption\":\"Formaciones PhiAcademy - Phiseller Espa\u00f1a\"},\"image\":{\"@id\":\"https:\/\/nereumatias.com\/#\/schema\/logo\/image\/\"},\"sameAs\":[\"https:\/\/www.facebook.com\/nereumatias\"]}]}<\/script>\n<!-- \/ Yoast SEO plugin. -->","yoast_head_json":{"title":"Skin Candy Anti Shock 1 - Formaciones PhiAcademy - Phiseller Espa\u00f1a","robots":{"index":"index","follow":"follow","max-snippet":"max-snippet:-1","max-image-preview":"max-image-preview:large","max-video-preview":"max-video-preview:-1"},"canonical":"https:\/\/nereumatias.com\/pt\/produto\/skin-candy-anti-shock-1\/","og_locale":"pt_BR","og_type":"article","og_title":"Skin Candy Anti Shock 1 - Formaciones PhiAcademy - Phiseller Espa\u00f1a","og_description":"Anti Shock es una crema para el cuidado posterior dise\u00f1ada para reducir los efectos secundarios no deseados de los tratamientos PhiBrows, PhiContour, PhiLings y Microneedling. Esta crema reduce instant\u00e1neamente el efecto de las cejas oscuras o el color de los labios y se puede aplicar inmediatamente despu\u00e9s del tratamiento. La f\u00f3rmula 1 es adecuada para el medio -Tez clara a clara. Adem\u00e1s del enrojecimiento y moretones del camoflage, tambi\u00e9n alivia la piel despu\u00e9s del tratamiento. Debido a los pigmentos minerales de una estructura espec\u00edfica y componentes activos adicionales, la crema encaja perfectamente con la tez de la piel y le proporciona un aspecto naturalmente saludable, uniforme y reparador. Los pigmentos tienen una alta capacidad de cobertura y permanecen en la piel durante un largo per\u00edodo de tiempo. Debido a su estructura \u00fanica, absorben el exceso de sebo y se ajustan a la tez natural. La base de alta calidad contiene componentes activos cuidadosamente seleccionados necesarios para pieles sensibles.  Pantenol * Vitamina E * Extracto de hamamelis * \u00c1cido hialur\u00f3nico * Alanto\u00edna * Vitamina B3  Uso: Aplique la crema SKIN CANDY ANTI SHOCK 1 despu\u00e9s del tratamiento a las \u00e1reas tratadas, as\u00ed como a otras \u00e1reas de la cara, cuello y escote.  Ingredientes: aguamarina, triglic\u00e9ridos capr\u00edlicos \/ c\u00e1pricos, propilenglicol, glicerina, poliesterogliceril-3 metilglucosa distearato, \u00e9ter de dicaprililo, alcohol estear\u00edlico, lanolina, estearato de glicerilo, pantenol, extracto de hamamelis virginiana (hamamelis), fructosa, talco, pentileno glicol Urea, \u00e1cido c\u00edtrico, hidr\u00f3xido s\u00f3dico, maltosa, PCA s\u00f3dico, cloruro s\u00f3dico, lactato s\u00f3dico, trehalosa, alanto\u00edna, hialuronato s\u00f3dico, glucosa, fenoxietanol, etilhexilglicerina, tocoferol, dimeticona, poliacrilato s\u00f3dico, 78f, 77f, 78f, 78f, 78f, 78f, 78f, 78f, 78f, 78f2, 78f, 78f2, 78f2, 78f2, 782 CI 77491, CI 77499.","og_url":"https:\/\/nereumatias.com\/pt\/produto\/skin-candy-anti-shock-1\/","og_site_name":"Formaciones PhiAcademy - Phiseller Espa\u00f1a","article_publisher":"https:\/\/www.facebook.com\/nereumatias","article_modified_time":"2023-02-17T12:36:39+00:00","og_image":[{"width":600,"height":800,"url":"https:\/\/nereumatias.com\/wp-content\/uploads\/2022\/12\/SkinCandyAntiShock1.jpg","type":"image\/jpeg"}],"twitter_card":"summary_large_image","schema":{"@context":"https:\/\/schema.org","@graph":[{"@type":"WebPage","@id":"https:\/\/nereumatias.com\/producto\/skin-candy-anti-shock-1\/","url":"https:\/\/nereumatias.com\/producto\/skin-candy-anti-shock-1\/","name":"Skin Candy Anti Shock 1 - Formaciones PhiAcademy - Phiseller Espa\u00f1a","isPartOf":{"@id":"https:\/\/nereumatias.com\/#website"},"primaryImageOfPage":{"@id":"https:\/\/nereumatias.com\/producto\/skin-candy-anti-shock-1\/#primaryimage"},"image":{"@id":"https:\/\/nereumatias.com\/producto\/skin-candy-anti-shock-1\/#primaryimage"},"thumbnailUrl":"https:\/\/nereumatias.com\/wp-content\/uploads\/2022\/12\/SkinCandyAntiShock1.jpg","datePublished":"2021-07-08T03:40:38+00:00","dateModified":"2023-02-17T12:36:39+00:00","breadcrumb":{"@id":"https:\/\/nereumatias.com\/producto\/skin-candy-anti-shock-1\/#breadcrumb"},"inLanguage":"pt-BR","potentialAction":[{"@type":"ReadAction","target":["https:\/\/nereumatias.com\/producto\/skin-candy-anti-shock-1\/"]}]},{"@type":"ImageObject","inLanguage":"pt-BR","@id":"https:\/\/nereumatias.com\/producto\/skin-candy-anti-shock-1\/#primaryimage","url":"https:\/\/nereumatias.com\/wp-content\/uploads\/2022\/12\/SkinCandyAntiShock1.jpg","contentUrl":"https:\/\/nereumatias.com\/wp-content\/uploads\/2022\/12\/SkinCandyAntiShock1.jpg","width":600,"height":800},{"@type":"BreadcrumbList","@id":"https:\/\/nereumatias.com\/producto\/skin-candy-anti-shock-1\/#breadcrumb","itemListElement":[{"@type":"ListItem","position":1,"name":"Home","item":"https:\/\/nereumatias.com\/"},{"@type":"ListItem","position":2,"name":"Tienda","item":"https:\/\/nereumatias.com\/tienda-online\/"},{"@type":"ListItem","position":3,"name":"Skin Candy Anti Shock 1"}]},{"@type":"WebSite","@id":"https:\/\/nereumatias.com\/#website","url":"https:\/\/nereumatias.com\/","name":"Formaciones PhiAcademy - Phiseller Espa\u00f1a","description":"PhiAcademy","publisher":{"@id":"https:\/\/nereumatias.com\/#organization"},"potentialAction":[{"@type":"SearchAction","target":{"@type":"EntryPoint","urlTemplate":"https:\/\/nereumatias.com\/?s={search_term_string}"},"query-input":{"@type":"PropertyValueSpecification","valueRequired":true,"valueName":"search_term_string"}}],"inLanguage":"pt-BR"},{"@type":"Organization","@id":"https:\/\/nereumatias.com\/#organization","name":"Formaciones PhiAcademy - Phiseller Espa\u00f1a","url":"https:\/\/nereumatias.com\/","logo":{"@type":"ImageObject","inLanguage":"pt-BR","@id":"https:\/\/nereumatias.com\/#\/schema\/logo\/image\/","url":"https:\/\/nereumatias.com\/wp-content\/uploads\/2022\/09\/logo-phiseller-negro-150.png","contentUrl":"https:\/\/nereumatias.com\/wp-content\/uploads\/2022\/09\/logo-phiseller-negro-150.png","width":375,"height":150,"caption":"Formaciones PhiAcademy - Phiseller Espa\u00f1a"},"image":{"@id":"https:\/\/nereumatias.com\/#\/schema\/logo\/image\/"},"sameAs":["https:\/\/www.facebook.com\/nereumatias"]}]}},"_links":{"self":[{"href":"https:\/\/nereumatias.com\/pt\/wp-json\/wp\/v2\/product\/41688","targetHints":{"allow":["GET"]}}],"collection":[{"href":"https:\/\/nereumatias.com\/pt\/wp-json\/wp\/v2\/product"}],"about":[{"href":"https:\/\/nereumatias.com\/pt\/wp-json\/wp\/v2\/types\/product"}],"replies":[{"embeddable":true,"href":"https:\/\/nereumatias.com\/pt\/wp-json\/wp\/v2\/comments?post=41688"}],"version-history":[{"count":1,"href":"https:\/\/nereumatias.com\/pt\/wp-json\/wp\/v2\/product\/41688\/revisions"}],"predecessor-version":[{"id":41689,"href":"https:\/\/nereumatias.com\/pt\/wp-json\/wp\/v2\/product\/41688\/revisions\/41689"}],"wp:featuredmedia":[{"embeddable":true,"href":"https:\/\/nereumatias.com\/pt\/wp-json\/wp\/v2\/media\/43354"}],"wp:attachment":[{"href":"https:\/\/nereumatias.com\/pt\/wp-json\/wp\/v2\/media?parent=41688"}],"wp:term":[{"taxonomy":"product_brand","embeddable":true,"href":"https:\/\/nereumatias.com\/pt\/wp-json\/wp\/v2\/product_brand?post=41688"},{"taxonomy":"product_cat","embeddable":true,"href":"https:\/\/nereumatias.com\/pt\/wp-json\/wp\/v2\/product_cat?post=41688"},{"taxonomy":"product_tag","embeddable":true,"href":"https:\/\/nereumatias.com\/pt\/wp-json\/wp\/v2\/product_tag?post=41688"}],"curies":[{"name":"wp","href":"https:\/\/api.w.org\/{rel}","templated":true}]}}