{"id":41684,"date":"2021-07-08T05:40:38","date_gmt":"2021-07-08T03:40:38","guid":{"rendered":"https:\/\/nereumatias.phiseller.com\/?post_type=product&#038;p=41684"},"modified":"2026-03-20T00:15:01","modified_gmt":"2026-03-19T23:15:01","slug":"phi-wipes-after-care-5-1","status":"publish","type":"product","link":"https:\/\/nereumatias.com\/pt\/produto\/phi-wipes-after-care-5-1\/","title":{"rendered":"Len\u00e7os umedecidos Phi After Care 5\/1"},"content":{"rendered":"<p>N\u00e3o est\u00e1 em casa? \u00e9 muito ativo? tem medo de lavar suas novas sobrancelhas? N\u00e3o tem problema! N\u00e3o \u00e9 mais necess\u00e1rio lavar as sobrancelhas com \u00e1gua morna e sab\u00e3o neutro ap\u00f3s o tratamento.<br \/>\nNossa nova f\u00f3rmula cont\u00e9m os ingredientes mais importantes para limpar suas sobrancelhas antes de aplicar o p\u00f3s-tratamento SkinCandy em suas sobrancelhas.<\/p>\n<p>COMO USAR<\/p>\n<p>Limpe suavemente as sobrancelhas com len\u00e7os umedecidos em vez de \u00e1gua, de acordo com as instru\u00e7\u00f5es de cuidados posteriores. Repita o procedimento adequado ao seu tipo de pele e aplique uma camada fina de SkinCandy.<\/p>","protected":false},"excerpt":{"rendered":"<p>N\u00e3o est\u00e1 em casa? \u00e9 muito ativo? tem medo de lavar suas novas sobrancelhas? N\u00e3o tem problema! N\u00e3o \u00e9 mais necess\u00e1rio lavar as sobrancelhas com \u00e1gua morna e sab\u00e3o neutro ap\u00f3s o tratamento.<br \/>\nNossa nova f\u00f3rmula cont\u00e9m os ingredientes mais importantes para limpar suas sobrancelhas antes de aplicar o p\u00f3s-tratamento SkinCandy em suas sobrancelhas.<\/p>\n<p>COMO USAR<\/p>\n<p>Limpe suavemente as sobrancelhas com len\u00e7os umedecidos em vez de \u00e1gua, de acordo com as instru\u00e7\u00f5es de cuidados posteriores. Repita o procedimento adequado ao seu tipo de pele e aplique uma camada fina de SkinCandy.<\/p>","protected":false},"featured_media":46913,"comment_status":"open","ping_status":"closed","template":"","meta":{"_acf_changed":false,"_joinchat":[]},"product_brand":[],"product_cat":[71,73,47,72],"product_tag":[],"class_list":{"0":"post-41684","1":"product","2":"type-product","3":"status-publish","4":"has-post-thumbnail","6":"product_cat-during-after-treatment","7":"product_cat-during-after-treatment-phicontour","8":"product_cat-phibrows","9":"product_cat-phicontour","11":"first","12":"instock","13":"taxable","14":"shipping-taxable","15":"purchasable","16":"product-type-simple"},"supplier_id":null,"supplier_sku":"","barcode":null,"atum_controlled":true,"out_stock_date":null,"out_stock_threshold":null,"inheritable":false,"inbound_stock":null,"stock_on_hold":50,"sold_today":0,"sales_last_days":0,"reserved_stock":null,"customer_returns":null,"warehouse_damage":null,"lost_in_post":null,"other_logs":null,"out_stock_days":0,"lost_sales":0,"has_location":false,"update_date":"2026-04-19T10:16:17","atum_locations":[],"atum_stock_status":"instock","restock_status":false,"low_stock_amount":0,"sales_update_date":"2026-04-19T10:16:17","calc_backorders":null,"acf":[],"yoast_head":"<!-- This site is optimized with the Yoast SEO plugin v24.8 - https:\/\/yoast.com\/wordpress\/plugins\/seo\/ -->\n<title>Phi Wipes After Care 5\/1 - Formaciones PhiAcademy - Phiseller Espa\u00f1a<\/title>\n<meta name=\"robots\" content=\"index, follow, max-snippet:-1, max-image-preview:large, max-video-preview:-1\" \/>\n<link rel=\"canonical\" href=\"https:\/\/nereumatias.com\/pt\/produto\/phi-wipes-after-care-5-1\/\" \/>\n<meta property=\"og:locale\" content=\"pt_BR\" \/>\n<meta property=\"og:type\" content=\"article\" \/>\n<meta property=\"og:title\" content=\"Phi Wipes After Care 5\/1 - Formaciones PhiAcademy - Phiseller Espa\u00f1a\" \/>\n<meta property=\"og:description\" content=\"\u00bfNo en casa? \u00bfMuy activo? \u00bfMiedo de lavarte las cejas nuevas? \u00a1No hay problema! No m\u00e1s lavar las cejas con agua tibia y jab\u00f3n neutro despu\u00e9s del tratamiento. Nuestra nueva formulaci\u00f3n contiene los ingredientes m\u00e1s importantes para limpiar sus cejas antes de aplicar el cuidado posterior de SkinCandy en las cejas.  C\u00d3MO UYILIZAR  Limpie suavemente las cejas con toallitas h\u00famedas en lugar de agua de acuerdo con las instrucciones de cuidados posteriores. Repita el procedimiento adecuado para su tipo de piel y aplique una capa delgada de SkinCandy.\" \/>\n<meta property=\"og:url\" content=\"https:\/\/nereumatias.com\/pt\/produto\/phi-wipes-after-care-5-1\/\" \/>\n<meta property=\"og:site_name\" content=\"Formaciones PhiAcademy - Phiseller Espa\u00f1a\" \/>\n<meta property=\"article:publisher\" content=\"https:\/\/www.facebook.com\/nereumatias\" \/>\n<meta property=\"article:modified_time\" content=\"2026-03-19T23:15:01+00:00\" \/>\n<meta property=\"og:image\" content=\"https:\/\/nereumatias.com\/wp-content\/uploads\/2021\/07\/97c8e47c0744387896188a301e9c76d1_1200x9999.jpg\" \/>\n\t<meta property=\"og:image:width\" content=\"1200\" \/>\n\t<meta property=\"og:image:height\" content=\"1200\" \/>\n\t<meta property=\"og:image:type\" content=\"image\/jpeg\" \/>\n<meta name=\"twitter:card\" content=\"summary_large_image\" \/>\n<script type=\"application\/ld+json\" class=\"yoast-schema-graph\">{\"@context\":\"https:\/\/schema.org\",\"@graph\":[{\"@type\":\"WebPage\",\"@id\":\"https:\/\/nereumatias.com\/producto\/phi-wipes-after-care-5-1\/\",\"url\":\"https:\/\/nereumatias.com\/producto\/phi-wipes-after-care-5-1\/\",\"name\":\"Phi Wipes After Care 5\/1 - Formaciones PhiAcademy - Phiseller Espa\u00f1a\",\"isPartOf\":{\"@id\":\"https:\/\/nereumatias.com\/#website\"},\"primaryImageOfPage\":{\"@id\":\"https:\/\/nereumatias.com\/producto\/phi-wipes-after-care-5-1\/#primaryimage\"},\"image\":{\"@id\":\"https:\/\/nereumatias.com\/producto\/phi-wipes-after-care-5-1\/#primaryimage\"},\"thumbnailUrl\":\"https:\/\/nereumatias.com\/wp-content\/uploads\/2021\/07\/97c8e47c0744387896188a301e9c76d1_1200x9999.jpg\",\"datePublished\":\"2021-07-08T03:40:38+00:00\",\"dateModified\":\"2026-03-19T23:15:01+00:00\",\"breadcrumb\":{\"@id\":\"https:\/\/nereumatias.com\/producto\/phi-wipes-after-care-5-1\/#breadcrumb\"},\"inLanguage\":\"pt-BR\",\"potentialAction\":[{\"@type\":\"ReadAction\",\"target\":[\"https:\/\/nereumatias.com\/producto\/phi-wipes-after-care-5-1\/\"]}]},{\"@type\":\"ImageObject\",\"inLanguage\":\"pt-BR\",\"@id\":\"https:\/\/nereumatias.com\/producto\/phi-wipes-after-care-5-1\/#primaryimage\",\"url\":\"https:\/\/nereumatias.com\/wp-content\/uploads\/2021\/07\/97c8e47c0744387896188a301e9c76d1_1200x9999.jpg\",\"contentUrl\":\"https:\/\/nereumatias.com\/wp-content\/uploads\/2021\/07\/97c8e47c0744387896188a301e9c76d1_1200x9999.jpg\",\"width\":1200,\"height\":1200},{\"@type\":\"BreadcrumbList\",\"@id\":\"https:\/\/nereumatias.com\/producto\/phi-wipes-after-care-5-1\/#breadcrumb\",\"itemListElement\":[{\"@type\":\"ListItem\",\"position\":1,\"name\":\"Home\",\"item\":\"https:\/\/nereumatias.com\/\"},{\"@type\":\"ListItem\",\"position\":2,\"name\":\"Tienda\",\"item\":\"https:\/\/nereumatias.com\/tienda-online\/\"},{\"@type\":\"ListItem\",\"position\":3,\"name\":\"Phi Wipes After Care 5\/1\"}]},{\"@type\":\"WebSite\",\"@id\":\"https:\/\/nereumatias.com\/#website\",\"url\":\"https:\/\/nereumatias.com\/\",\"name\":\"Formaciones PhiAcademy - Phiseller Espa\u00f1a\",\"description\":\"PhiAcademy\",\"publisher\":{\"@id\":\"https:\/\/nereumatias.com\/#organization\"},\"potentialAction\":[{\"@type\":\"SearchAction\",\"target\":{\"@type\":\"EntryPoint\",\"urlTemplate\":\"https:\/\/nereumatias.com\/?s={search_term_string}\"},\"query-input\":{\"@type\":\"PropertyValueSpecification\",\"valueRequired\":true,\"valueName\":\"search_term_string\"}}],\"inLanguage\":\"pt-BR\"},{\"@type\":\"Organization\",\"@id\":\"https:\/\/nereumatias.com\/#organization\",\"name\":\"Formaciones PhiAcademy - Phiseller Espa\u00f1a\",\"url\":\"https:\/\/nereumatias.com\/\",\"logo\":{\"@type\":\"ImageObject\",\"inLanguage\":\"pt-BR\",\"@id\":\"https:\/\/nereumatias.com\/#\/schema\/logo\/image\/\",\"url\":\"https:\/\/nereumatias.com\/wp-content\/uploads\/2022\/09\/logo-phiseller-negro-150.png\",\"contentUrl\":\"https:\/\/nereumatias.com\/wp-content\/uploads\/2022\/09\/logo-phiseller-negro-150.png\",\"width\":375,\"height\":150,\"caption\":\"Formaciones PhiAcademy - Phiseller Espa\u00f1a\"},\"image\":{\"@id\":\"https:\/\/nereumatias.com\/#\/schema\/logo\/image\/\"},\"sameAs\":[\"https:\/\/www.facebook.com\/nereumatias\"]}]}<\/script>\n<!-- \/ Yoast SEO plugin. -->","yoast_head_json":{"title":"Phi Wipes After Care 5\/1 - Formaciones PhiAcademy - Phiseller Espa\u00f1a","robots":{"index":"index","follow":"follow","max-snippet":"max-snippet:-1","max-image-preview":"max-image-preview:large","max-video-preview":"max-video-preview:-1"},"canonical":"https:\/\/nereumatias.com\/pt\/produto\/phi-wipes-after-care-5-1\/","og_locale":"pt_BR","og_type":"article","og_title":"Phi Wipes After Care 5\/1 - Formaciones PhiAcademy - Phiseller Espa\u00f1a","og_description":"\u00bfNo en casa? \u00bfMuy activo? \u00bfMiedo de lavarte las cejas nuevas? \u00a1No hay problema! No m\u00e1s lavar las cejas con agua tibia y jab\u00f3n neutro despu\u00e9s del tratamiento. Nuestra nueva formulaci\u00f3n contiene los ingredientes m\u00e1s importantes para limpiar sus cejas antes de aplicar el cuidado posterior de SkinCandy en las cejas.  C\u00d3MO UYILIZAR  Limpie suavemente las cejas con toallitas h\u00famedas en lugar de agua de acuerdo con las instrucciones de cuidados posteriores. Repita el procedimiento adecuado para su tipo de piel y aplique una capa delgada de SkinCandy.","og_url":"https:\/\/nereumatias.com\/pt\/produto\/phi-wipes-after-care-5-1\/","og_site_name":"Formaciones PhiAcademy - Phiseller Espa\u00f1a","article_publisher":"https:\/\/www.facebook.com\/nereumatias","article_modified_time":"2026-03-19T23:15:01+00:00","og_image":[{"width":1200,"height":1200,"url":"https:\/\/nereumatias.com\/wp-content\/uploads\/2021\/07\/97c8e47c0744387896188a301e9c76d1_1200x9999.jpg","type":"image\/jpeg"}],"twitter_card":"summary_large_image","schema":{"@context":"https:\/\/schema.org","@graph":[{"@type":"WebPage","@id":"https:\/\/nereumatias.com\/producto\/phi-wipes-after-care-5-1\/","url":"https:\/\/nereumatias.com\/producto\/phi-wipes-after-care-5-1\/","name":"Phi Wipes After Care 5\/1 - Formaciones PhiAcademy - Phiseller Espa\u00f1a","isPartOf":{"@id":"https:\/\/nereumatias.com\/#website"},"primaryImageOfPage":{"@id":"https:\/\/nereumatias.com\/producto\/phi-wipes-after-care-5-1\/#primaryimage"},"image":{"@id":"https:\/\/nereumatias.com\/producto\/phi-wipes-after-care-5-1\/#primaryimage"},"thumbnailUrl":"https:\/\/nereumatias.com\/wp-content\/uploads\/2021\/07\/97c8e47c0744387896188a301e9c76d1_1200x9999.jpg","datePublished":"2021-07-08T03:40:38+00:00","dateModified":"2026-03-19T23:15:01+00:00","breadcrumb":{"@id":"https:\/\/nereumatias.com\/producto\/phi-wipes-after-care-5-1\/#breadcrumb"},"inLanguage":"pt-BR","potentialAction":[{"@type":"ReadAction","target":["https:\/\/nereumatias.com\/producto\/phi-wipes-after-care-5-1\/"]}]},{"@type":"ImageObject","inLanguage":"pt-BR","@id":"https:\/\/nereumatias.com\/producto\/phi-wipes-after-care-5-1\/#primaryimage","url":"https:\/\/nereumatias.com\/wp-content\/uploads\/2021\/07\/97c8e47c0744387896188a301e9c76d1_1200x9999.jpg","contentUrl":"https:\/\/nereumatias.com\/wp-content\/uploads\/2021\/07\/97c8e47c0744387896188a301e9c76d1_1200x9999.jpg","width":1200,"height":1200},{"@type":"BreadcrumbList","@id":"https:\/\/nereumatias.com\/producto\/phi-wipes-after-care-5-1\/#breadcrumb","itemListElement":[{"@type":"ListItem","position":1,"name":"Home","item":"https:\/\/nereumatias.com\/"},{"@type":"ListItem","position":2,"name":"Tienda","item":"https:\/\/nereumatias.com\/tienda-online\/"},{"@type":"ListItem","position":3,"name":"Phi Wipes After Care 5\/1"}]},{"@type":"WebSite","@id":"https:\/\/nereumatias.com\/#website","url":"https:\/\/nereumatias.com\/","name":"Formaciones PhiAcademy - Phiseller Espa\u00f1a","description":"PhiAcademy","publisher":{"@id":"https:\/\/nereumatias.com\/#organization"},"potentialAction":[{"@type":"SearchAction","target":{"@type":"EntryPoint","urlTemplate":"https:\/\/nereumatias.com\/?s={search_term_string}"},"query-input":{"@type":"PropertyValueSpecification","valueRequired":true,"valueName":"search_term_string"}}],"inLanguage":"pt-BR"},{"@type":"Organization","@id":"https:\/\/nereumatias.com\/#organization","name":"Formaciones PhiAcademy - Phiseller Espa\u00f1a","url":"https:\/\/nereumatias.com\/","logo":{"@type":"ImageObject","inLanguage":"pt-BR","@id":"https:\/\/nereumatias.com\/#\/schema\/logo\/image\/","url":"https:\/\/nereumatias.com\/wp-content\/uploads\/2022\/09\/logo-phiseller-negro-150.png","contentUrl":"https:\/\/nereumatias.com\/wp-content\/uploads\/2022\/09\/logo-phiseller-negro-150.png","width":375,"height":150,"caption":"Formaciones PhiAcademy - Phiseller Espa\u00f1a"},"image":{"@id":"https:\/\/nereumatias.com\/#\/schema\/logo\/image\/"},"sameAs":["https:\/\/www.facebook.com\/nereumatias"]}]}},"_links":{"self":[{"href":"https:\/\/nereumatias.com\/pt\/wp-json\/wp\/v2\/product\/41684","targetHints":{"allow":["GET"]}}],"collection":[{"href":"https:\/\/nereumatias.com\/pt\/wp-json\/wp\/v2\/product"}],"about":[{"href":"https:\/\/nereumatias.com\/pt\/wp-json\/wp\/v2\/types\/product"}],"replies":[{"embeddable":true,"href":"https:\/\/nereumatias.com\/pt\/wp-json\/wp\/v2\/comments?post=41684"}],"version-history":[{"count":1,"href":"https:\/\/nereumatias.com\/pt\/wp-json\/wp\/v2\/product\/41684\/revisions"}],"predecessor-version":[{"id":41685,"href":"https:\/\/nereumatias.com\/pt\/wp-json\/wp\/v2\/product\/41684\/revisions\/41685"}],"wp:featuredmedia":[{"embeddable":true,"href":"https:\/\/nereumatias.com\/pt\/wp-json\/wp\/v2\/media\/46913"}],"wp:attachment":[{"href":"https:\/\/nereumatias.com\/pt\/wp-json\/wp\/v2\/media?parent=41684"}],"wp:term":[{"taxonomy":"product_brand","embeddable":true,"href":"https:\/\/nereumatias.com\/pt\/wp-json\/wp\/v2\/product_brand?post=41684"},{"taxonomy":"product_cat","embeddable":true,"href":"https:\/\/nereumatias.com\/pt\/wp-json\/wp\/v2\/product_cat?post=41684"},{"taxonomy":"product_tag","embeddable":true,"href":"https:\/\/nereumatias.com\/pt\/wp-json\/wp\/v2\/product_tag?post=41684"}],"curies":[{"name":"wp","href":"https:\/\/api.w.org\/{rel}","templated":true}]}}