{"id":41680,"date":"2021-07-08T05:40:26","date_gmt":"2021-07-08T03:40:26","guid":{"rendered":"https:\/\/nereumatias.phiseller.com\/?post_type=product&#038;p=41680"},"modified":"2025-07-10T16:41:56","modified_gmt":"2025-07-10T14:41:56","slug":"phibrows-block-tonic-5ml-100pcs","status":"publish","type":"product","link":"https:\/\/nereumatias.com\/pt\/produto\/phibrows-block-tonic-5ml-100pcs\/","title":{"rendered":"PhiBrows Block Tonic 5ml 100pcs"},"content":{"rendered":"<p>A fun\u00e7\u00e3o b\u00e1sica do t\u00f4nico \u00e9 diminuir o sangramento e, assim, evitar a forma\u00e7\u00e3o de crostas grandes, mesmo que a cliente n\u00e3o cuide adequadamente das sobrancelhas ap\u00f3s o tratamento. Quanto menos sangramento, melhores ser\u00e3o os resultados da cicatriza\u00e7\u00e3o. A formula\u00e7\u00e3o \u00e9 embalada em um t\u00f4nico suave contendo 10% de xampu neutro (sab\u00e3o verde) (usado para remover facilmente o pigmento da pele durante o tratamento). 10 minutos ap\u00f3s o tratamento, depois que o t\u00f4nico estiver completamente seco, uma camada protetora \u00e9 formada na superf\u00edcie da pele. Sua fun\u00e7\u00e3o \u00e9 proteger a ferida da poeira e do suor durante os primeiros 30 minutos at\u00e9 que o cliente inicie os cuidados p\u00f3s-tratamento. O Block Tonic vem em uma dose \u00fanica de 5 ml para uso \u00fanico, ideal para o tratamento (10 chuma\u00e7os de algod\u00e3o).<\/p>","protected":false},"excerpt":{"rendered":"<p>A fun\u00e7\u00e3o b\u00e1sica do t\u00f4nico \u00e9 diminuir o sangramento e, assim, evitar a forma\u00e7\u00e3o de crostas grandes, mesmo que a cliente n\u00e3o cuide adequadamente das sobrancelhas ap\u00f3s o tratamento. Quanto menos sangramento, melhores ser\u00e3o os resultados da cicatriza\u00e7\u00e3o. A formula\u00e7\u00e3o \u00e9 embalada em um t\u00f4nico suave contendo 10% de xampu neutro (sab\u00e3o verde) (usado para remover facilmente o pigmento da pele durante o tratamento). 10 minutos ap\u00f3s o tratamento, depois que o t\u00f4nico estiver completamente seco, uma camada protetora \u00e9 formada na superf\u00edcie da pele. Sua fun\u00e7\u00e3o \u00e9 proteger a ferida da poeira e do suor durante os primeiros 30 minutos at\u00e9 que o cliente inicie os cuidados p\u00f3s-tratamento. O Block Tonic vem em uma dose \u00fanica de 5 ml para uso \u00fanico, ideal para o tratamento (10 chuma\u00e7os de algod\u00e3o).<\/p>","protected":false},"featured_media":46931,"comment_status":"open","ping_status":"closed","template":"","meta":{"_acf_changed":false,"_joinchat":[]},"product_brand":[],"product_cat":[71,73,47,72],"product_tag":[],"class_list":{"0":"post-41680","1":"product","2":"type-product","3":"status-publish","4":"has-post-thumbnail","6":"product_cat-during-after-treatment","7":"product_cat-during-after-treatment-phicontour","8":"product_cat-phibrows","9":"product_cat-phicontour","11":"first","12":"instock","13":"taxable","14":"shipping-taxable","15":"purchasable","16":"product-type-simple"},"supplier_id":null,"supplier_sku":"","barcode":null,"atum_controlled":true,"out_stock_date":null,"out_stock_threshold":null,"inheritable":false,"inbound_stock":null,"stock_on_hold":0,"sold_today":0,"sales_last_days":0,"reserved_stock":null,"customer_returns":null,"warehouse_damage":null,"lost_in_post":null,"other_logs":null,"out_stock_days":0,"lost_sales":0,"has_location":false,"update_date":"2026-04-09T09:46:09","atum_locations":[],"atum_stock_status":"instock","restock_status":false,"low_stock_amount":0,"sales_update_date":"2026-04-09T09:46:09","calc_backorders":null,"acf":[],"yoast_head":"<!-- This site is optimized with the Yoast SEO plugin v24.8 - https:\/\/yoast.com\/wordpress\/plugins\/seo\/ -->\n<title>PhiBrows Block Tonic 5ml 100pcs - Formaciones PhiAcademy - Phiseller Espa\u00f1a<\/title>\n<meta name=\"robots\" content=\"index, follow, max-snippet:-1, max-image-preview:large, max-video-preview:-1\" \/>\n<link rel=\"canonical\" href=\"https:\/\/nereumatias.com\/pt\/produto\/phibrows-block-tonic-5ml-100pcs\/\" \/>\n<meta property=\"og:locale\" content=\"pt_BR\" \/>\n<meta property=\"og:type\" content=\"article\" \/>\n<meta property=\"og:title\" content=\"PhiBrows Block Tonic 5ml 100pcs - Formaciones PhiAcademy - Phiseller Espa\u00f1a\" \/>\n<meta property=\"og:description\" content=\"La funci\u00f3n b\u00e1sica del t\u00f3nico es disminuir el sangrado y as\u00ed prevenir la formaci\u00f3n de costras grandes, incluso si el cliente no cuida adecuadamente las cejas despu\u00e9s del tratamiento. Cuanto menos sangrado, mejores resultados curados. La formulaci\u00f3n est\u00e1 empaquetada en un t\u00f3nico suave que contiene un 10% de champ\u00fa neutro (jab\u00f3n verde) (utilizado para eliminar f\u00e1cilmente el pigmento de la piel durante el tratamiento). 10 minutos despu\u00e9s del tratamiento, despu\u00e9s de que el t\u00f3nico est\u00e9 completamente seco, se forma una capa protectora en la superficie de la piel. Su funci\u00f3n es proteger la herida del polvo y el sudor durante los primeros 30 minutos hasta que el cliente comience con la atenci\u00f3n posterior al tratamiento. Block Tonic se presenta en monodosis de 5 ml para un solo uso, ideal para el tratamiento (10 almohadillas de algod\u00f3n).\" \/>\n<meta property=\"og:url\" content=\"https:\/\/nereumatias.com\/pt\/produto\/phibrows-block-tonic-5ml-100pcs\/\" \/>\n<meta property=\"og:site_name\" content=\"Formaciones PhiAcademy - Phiseller Espa\u00f1a\" \/>\n<meta property=\"article:publisher\" content=\"https:\/\/www.facebook.com\/nereumatias\" \/>\n<meta property=\"article:modified_time\" content=\"2025-07-10T14:41:56+00:00\" \/>\n<meta property=\"og:image\" content=\"https:\/\/nereumatias.com\/wp-content\/uploads\/2021\/07\/block_tonic_1_1200x9999.jpg\" \/>\n\t<meta property=\"og:image:width\" content=\"1200\" \/>\n\t<meta property=\"og:image:height\" content=\"1200\" \/>\n\t<meta property=\"og:image:type\" content=\"image\/jpeg\" \/>\n<meta name=\"twitter:card\" content=\"summary_large_image\" \/>\n<script type=\"application\/ld+json\" class=\"yoast-schema-graph\">{\"@context\":\"https:\/\/schema.org\",\"@graph\":[{\"@type\":\"WebPage\",\"@id\":\"https:\/\/nereumatias.com\/producto\/phibrows-block-tonic-5ml-100pcs\/\",\"url\":\"https:\/\/nereumatias.com\/producto\/phibrows-block-tonic-5ml-100pcs\/\",\"name\":\"PhiBrows Block Tonic 5ml 100pcs - Formaciones PhiAcademy - Phiseller Espa\u00f1a\",\"isPartOf\":{\"@id\":\"https:\/\/nereumatias.com\/#website\"},\"primaryImageOfPage\":{\"@id\":\"https:\/\/nereumatias.com\/producto\/phibrows-block-tonic-5ml-100pcs\/#primaryimage\"},\"image\":{\"@id\":\"https:\/\/nereumatias.com\/producto\/phibrows-block-tonic-5ml-100pcs\/#primaryimage\"},\"thumbnailUrl\":\"https:\/\/nereumatias.com\/wp-content\/uploads\/2021\/07\/block_tonic_1_1200x9999.jpg\",\"datePublished\":\"2021-07-08T03:40:26+00:00\",\"dateModified\":\"2025-07-10T14:41:56+00:00\",\"breadcrumb\":{\"@id\":\"https:\/\/nereumatias.com\/producto\/phibrows-block-tonic-5ml-100pcs\/#breadcrumb\"},\"inLanguage\":\"pt-BR\",\"potentialAction\":[{\"@type\":\"ReadAction\",\"target\":[\"https:\/\/nereumatias.com\/producto\/phibrows-block-tonic-5ml-100pcs\/\"]}]},{\"@type\":\"ImageObject\",\"inLanguage\":\"pt-BR\",\"@id\":\"https:\/\/nereumatias.com\/producto\/phibrows-block-tonic-5ml-100pcs\/#primaryimage\",\"url\":\"https:\/\/nereumatias.com\/wp-content\/uploads\/2021\/07\/block_tonic_1_1200x9999.jpg\",\"contentUrl\":\"https:\/\/nereumatias.com\/wp-content\/uploads\/2021\/07\/block_tonic_1_1200x9999.jpg\",\"width\":1200,\"height\":1200},{\"@type\":\"BreadcrumbList\",\"@id\":\"https:\/\/nereumatias.com\/producto\/phibrows-block-tonic-5ml-100pcs\/#breadcrumb\",\"itemListElement\":[{\"@type\":\"ListItem\",\"position\":1,\"name\":\"Home\",\"item\":\"https:\/\/nereumatias.com\/\"},{\"@type\":\"ListItem\",\"position\":2,\"name\":\"Tienda\",\"item\":\"https:\/\/nereumatias.com\/tienda-online\/\"},{\"@type\":\"ListItem\",\"position\":3,\"name\":\"PhiBrows Block Tonic 5ml 100pcs\"}]},{\"@type\":\"WebSite\",\"@id\":\"https:\/\/nereumatias.com\/#website\",\"url\":\"https:\/\/nereumatias.com\/\",\"name\":\"Formaciones PhiAcademy - Phiseller Espa\u00f1a\",\"description\":\"PhiAcademy\",\"publisher\":{\"@id\":\"https:\/\/nereumatias.com\/#organization\"},\"potentialAction\":[{\"@type\":\"SearchAction\",\"target\":{\"@type\":\"EntryPoint\",\"urlTemplate\":\"https:\/\/nereumatias.com\/?s={search_term_string}\"},\"query-input\":{\"@type\":\"PropertyValueSpecification\",\"valueRequired\":true,\"valueName\":\"search_term_string\"}}],\"inLanguage\":\"pt-BR\"},{\"@type\":\"Organization\",\"@id\":\"https:\/\/nereumatias.com\/#organization\",\"name\":\"Formaciones PhiAcademy - Phiseller Espa\u00f1a\",\"url\":\"https:\/\/nereumatias.com\/\",\"logo\":{\"@type\":\"ImageObject\",\"inLanguage\":\"pt-BR\",\"@id\":\"https:\/\/nereumatias.com\/#\/schema\/logo\/image\/\",\"url\":\"https:\/\/nereumatias.com\/wp-content\/uploads\/2022\/09\/logo-phiseller-negro-150.png\",\"contentUrl\":\"https:\/\/nereumatias.com\/wp-content\/uploads\/2022\/09\/logo-phiseller-negro-150.png\",\"width\":375,\"height\":150,\"caption\":\"Formaciones PhiAcademy - Phiseller Espa\u00f1a\"},\"image\":{\"@id\":\"https:\/\/nereumatias.com\/#\/schema\/logo\/image\/\"},\"sameAs\":[\"https:\/\/www.facebook.com\/nereumatias\"]}]}<\/script>\n<!-- \/ Yoast SEO plugin. -->","yoast_head_json":{"title":"PhiBrows Block Tonic 5ml 100pcs - Formaciones PhiAcademy - Phiseller Espa\u00f1a","robots":{"index":"index","follow":"follow","max-snippet":"max-snippet:-1","max-image-preview":"max-image-preview:large","max-video-preview":"max-video-preview:-1"},"canonical":"https:\/\/nereumatias.com\/pt\/produto\/phibrows-block-tonic-5ml-100pcs\/","og_locale":"pt_BR","og_type":"article","og_title":"PhiBrows Block Tonic 5ml 100pcs - Formaciones PhiAcademy - Phiseller Espa\u00f1a","og_description":"La funci\u00f3n b\u00e1sica del t\u00f3nico es disminuir el sangrado y as\u00ed prevenir la formaci\u00f3n de costras grandes, incluso si el cliente no cuida adecuadamente las cejas despu\u00e9s del tratamiento. Cuanto menos sangrado, mejores resultados curados. La formulaci\u00f3n est\u00e1 empaquetada en un t\u00f3nico suave que contiene un 10% de champ\u00fa neutro (jab\u00f3n verde) (utilizado para eliminar f\u00e1cilmente el pigmento de la piel durante el tratamiento). 10 minutos despu\u00e9s del tratamiento, despu\u00e9s de que el t\u00f3nico est\u00e9 completamente seco, se forma una capa protectora en la superficie de la piel. Su funci\u00f3n es proteger la herida del polvo y el sudor durante los primeros 30 minutos hasta que el cliente comience con la atenci\u00f3n posterior al tratamiento. Block Tonic se presenta en monodosis de 5 ml para un solo uso, ideal para el tratamiento (10 almohadillas de algod\u00f3n).","og_url":"https:\/\/nereumatias.com\/pt\/produto\/phibrows-block-tonic-5ml-100pcs\/","og_site_name":"Formaciones PhiAcademy - Phiseller Espa\u00f1a","article_publisher":"https:\/\/www.facebook.com\/nereumatias","article_modified_time":"2025-07-10T14:41:56+00:00","og_image":[{"width":1200,"height":1200,"url":"https:\/\/nereumatias.com\/wp-content\/uploads\/2021\/07\/block_tonic_1_1200x9999.jpg","type":"image\/jpeg"}],"twitter_card":"summary_large_image","schema":{"@context":"https:\/\/schema.org","@graph":[{"@type":"WebPage","@id":"https:\/\/nereumatias.com\/producto\/phibrows-block-tonic-5ml-100pcs\/","url":"https:\/\/nereumatias.com\/producto\/phibrows-block-tonic-5ml-100pcs\/","name":"PhiBrows Block Tonic 5ml 100pcs - Formaciones PhiAcademy - Phiseller Espa\u00f1a","isPartOf":{"@id":"https:\/\/nereumatias.com\/#website"},"primaryImageOfPage":{"@id":"https:\/\/nereumatias.com\/producto\/phibrows-block-tonic-5ml-100pcs\/#primaryimage"},"image":{"@id":"https:\/\/nereumatias.com\/producto\/phibrows-block-tonic-5ml-100pcs\/#primaryimage"},"thumbnailUrl":"https:\/\/nereumatias.com\/wp-content\/uploads\/2021\/07\/block_tonic_1_1200x9999.jpg","datePublished":"2021-07-08T03:40:26+00:00","dateModified":"2025-07-10T14:41:56+00:00","breadcrumb":{"@id":"https:\/\/nereumatias.com\/producto\/phibrows-block-tonic-5ml-100pcs\/#breadcrumb"},"inLanguage":"pt-BR","potentialAction":[{"@type":"ReadAction","target":["https:\/\/nereumatias.com\/producto\/phibrows-block-tonic-5ml-100pcs\/"]}]},{"@type":"ImageObject","inLanguage":"pt-BR","@id":"https:\/\/nereumatias.com\/producto\/phibrows-block-tonic-5ml-100pcs\/#primaryimage","url":"https:\/\/nereumatias.com\/wp-content\/uploads\/2021\/07\/block_tonic_1_1200x9999.jpg","contentUrl":"https:\/\/nereumatias.com\/wp-content\/uploads\/2021\/07\/block_tonic_1_1200x9999.jpg","width":1200,"height":1200},{"@type":"BreadcrumbList","@id":"https:\/\/nereumatias.com\/producto\/phibrows-block-tonic-5ml-100pcs\/#breadcrumb","itemListElement":[{"@type":"ListItem","position":1,"name":"Home","item":"https:\/\/nereumatias.com\/"},{"@type":"ListItem","position":2,"name":"Tienda","item":"https:\/\/nereumatias.com\/tienda-online\/"},{"@type":"ListItem","position":3,"name":"PhiBrows Block Tonic 5ml 100pcs"}]},{"@type":"WebSite","@id":"https:\/\/nereumatias.com\/#website","url":"https:\/\/nereumatias.com\/","name":"Formaciones PhiAcademy - Phiseller Espa\u00f1a","description":"PhiAcademy","publisher":{"@id":"https:\/\/nereumatias.com\/#organization"},"potentialAction":[{"@type":"SearchAction","target":{"@type":"EntryPoint","urlTemplate":"https:\/\/nereumatias.com\/?s={search_term_string}"},"query-input":{"@type":"PropertyValueSpecification","valueRequired":true,"valueName":"search_term_string"}}],"inLanguage":"pt-BR"},{"@type":"Organization","@id":"https:\/\/nereumatias.com\/#organization","name":"Formaciones PhiAcademy - Phiseller Espa\u00f1a","url":"https:\/\/nereumatias.com\/","logo":{"@type":"ImageObject","inLanguage":"pt-BR","@id":"https:\/\/nereumatias.com\/#\/schema\/logo\/image\/","url":"https:\/\/nereumatias.com\/wp-content\/uploads\/2022\/09\/logo-phiseller-negro-150.png","contentUrl":"https:\/\/nereumatias.com\/wp-content\/uploads\/2022\/09\/logo-phiseller-negro-150.png","width":375,"height":150,"caption":"Formaciones PhiAcademy - Phiseller Espa\u00f1a"},"image":{"@id":"https:\/\/nereumatias.com\/#\/schema\/logo\/image\/"},"sameAs":["https:\/\/www.facebook.com\/nereumatias"]}]}},"_links":{"self":[{"href":"https:\/\/nereumatias.com\/pt\/wp-json\/wp\/v2\/product\/41680","targetHints":{"allow":["GET"]}}],"collection":[{"href":"https:\/\/nereumatias.com\/pt\/wp-json\/wp\/v2\/product"}],"about":[{"href":"https:\/\/nereumatias.com\/pt\/wp-json\/wp\/v2\/types\/product"}],"replies":[{"embeddable":true,"href":"https:\/\/nereumatias.com\/pt\/wp-json\/wp\/v2\/comments?post=41680"}],"version-history":[{"count":1,"href":"https:\/\/nereumatias.com\/pt\/wp-json\/wp\/v2\/product\/41680\/revisions"}],"predecessor-version":[{"id":41681,"href":"https:\/\/nereumatias.com\/pt\/wp-json\/wp\/v2\/product\/41680\/revisions\/41681"}],"wp:featuredmedia":[{"embeddable":true,"href":"https:\/\/nereumatias.com\/pt\/wp-json\/wp\/v2\/media\/46931"}],"wp:attachment":[{"href":"https:\/\/nereumatias.com\/pt\/wp-json\/wp\/v2\/media?parent=41680"}],"wp:term":[{"taxonomy":"product_brand","embeddable":true,"href":"https:\/\/nereumatias.com\/pt\/wp-json\/wp\/v2\/product_brand?post=41680"},{"taxonomy":"product_cat","embeddable":true,"href":"https:\/\/nereumatias.com\/pt\/wp-json\/wp\/v2\/product_cat?post=41680"},{"taxonomy":"product_tag","embeddable":true,"href":"https:\/\/nereumatias.com\/pt\/wp-json\/wp\/v2\/product_tag?post=41680"}],"curies":[{"name":"wp","href":"https:\/\/api.w.org\/{rel}","templated":true}]}}