{"id":41664,"date":"2021-07-08T05:40:25","date_gmt":"2021-07-08T03:40:25","guid":{"rendered":"https:\/\/nereumatias.phiseller.com\/?post_type=product&#038;p=41664"},"modified":"2026-03-25T10:52:06","modified_gmt":"2026-03-25T09:52:06","slug":"phi-marker-pen-white","status":"publish","type":"product","link":"https:\/\/nereumatias.com\/pt\/produto\/phi-marker-pen-white\/","title":{"rendered":"Shaping Pencil White"},"content":{"rendered":"<p>Eleva tu rutina de pretratamiento con nuestro Shaping Pencil en Blanco, una herramienta esencial para tratamientos de microblading y PMU de cejas. Este l\u00e1piz es ideal para crear contraste y para artistas que prefieren una gu\u00eda que resalte. Su punta plana permite una precisi\u00f3n excepcional, lo que te permite dise\u00f1ar y refinar la forma perfecta de la ceja antes de aplicar cualquier pigmento. La capacidad de dibujar l\u00edneas finas o trazos m\u00e1s anchos asegura versatilidad y precisi\u00f3n para las caracter\u00edsticas \u00fanicas de cada cliente. Mant\u00e9n la punta plana en perfectas condiciones con el afilador PhiX para resultados consistentes y de alta calidad.<\/p>","protected":false},"excerpt":{"rendered":"<p>A Phi Pen \u00e9 composta por pontas extremamente precisas, projetadas para marcar micropontos excepcionalmente finos na pele antes de v\u00e1rios procedimentos.<\/p>\n<p>Ele tamb\u00e9m pode ser usado em microblading e PMU, para marcar \u00e1reas da pele a fim de obter uma alta precis\u00e3o de seu trabalho.<\/p>\n<p>As canetas s\u00e3o muito \u00fateis no microblading, pois todos os pontos permanecem marcados com essa caneta ap\u00f3s a limpeza do pigmento. Os pontos marcados podem ser removidos ap\u00f3s o tratamento com PhiWipes.<\/p>\n<p>Cor do marcador de mapeamento: branco<\/p>","protected":false},"featured_media":46917,"comment_status":"open","ping_status":"closed","template":"","meta":{"_acf_changed":false,"_joinchat":[]},"product_brand":[],"product_cat":[47,48,70,50,63,88],"product_tag":[],"class_list":{"0":"post-41664","1":"product","2":"type-product","3":"status-publish","4":"has-post-thumbnail","6":"product_cat-phibrows","7":"product_cat-philings","8":"product_cat-products","9":"product_cat-tools","10":"product_cat-tools-philings","11":"product_cat-tools-phibright","13":"first","14":"instock","15":"taxable","16":"shipping-taxable","17":"purchasable","18":"product-type-simple"},"supplier_id":null,"supplier_sku":"","barcode":null,"atum_controlled":true,"out_stock_date":null,"out_stock_threshold":null,"inheritable":false,"inbound_stock":null,"stock_on_hold":0,"sold_today":0,"sales_last_days":0,"reserved_stock":null,"customer_returns":null,"warehouse_damage":null,"lost_in_post":null,"other_logs":null,"out_stock_days":0,"lost_sales":0,"has_location":false,"update_date":"2026-05-13T13:16:27","atum_locations":[],"atum_stock_status":"instock","restock_status":false,"low_stock_amount":0,"sales_update_date":"2026-05-13T13:16:27","calc_backorders":0,"acf":[],"yoast_head":"<!-- This site is optimized with the Yoast SEO plugin v24.8 - https:\/\/yoast.com\/wordpress\/plugins\/seo\/ -->\n<title>Shaping Pencil White - Formaciones PhiAcademy - Phiseller Espa\u00f1a<\/title>\n<meta name=\"robots\" content=\"index, follow, max-snippet:-1, max-image-preview:large, max-video-preview:-1\" \/>\n<link rel=\"canonical\" href=\"https:\/\/nereumatias.com\/pt\/produto\/phi-marker-pen-white\/\" \/>\n<meta property=\"og:locale\" content=\"pt_BR\" \/>\n<meta property=\"og:type\" content=\"article\" \/>\n<meta property=\"og:title\" content=\"Shaping Pencil White - Formaciones PhiAcademy - Phiseller Espa\u00f1a\" \/>\n<meta property=\"og:description\" content=\"El Rotulador Phi est\u00e1 hecho de puntas extremadamente precisas dise\u00f1adas para marcar micropuntos finos excepcionales en la piel antes de varios procedimientos.  Tambi\u00e9n se puede usar en microblading y PMU, para marcar las \u00e1reas de la piel con el fin de lograr una alta precisi\u00f3n de su trabajo.  Las plumas son muy \u00fatiles en microblading, debido a que todos los puntos permanecen marcados con esta pluma despu\u00e9s de limpiar el pigmento. Los puntos del marcador se pueden eliminar despu\u00e9s del tratamiento con PhiWipes.  Color del marcador de mapeo: blanco\" \/>\n<meta property=\"og:url\" content=\"https:\/\/nereumatias.com\/pt\/produto\/phi-marker-pen-white\/\" \/>\n<meta property=\"og:site_name\" content=\"Formaciones PhiAcademy - Phiseller Espa\u00f1a\" \/>\n<meta property=\"article:publisher\" content=\"https:\/\/www.facebook.com\/nereumatias\" \/>\n<meta property=\"article:modified_time\" content=\"2026-03-25T09:52:06+00:00\" \/>\n<meta property=\"og:image\" content=\"https:\/\/nereumatias.com\/wp-content\/uploads\/2021\/07\/885e26b5b1b234a58e9f57c964c45cda_1200x9999.jpg\" \/>\n\t<meta property=\"og:image:width\" content=\"1200\" \/>\n\t<meta property=\"og:image:height\" content=\"1200\" \/>\n\t<meta property=\"og:image:type\" content=\"image\/jpeg\" \/>\n<meta name=\"twitter:card\" content=\"summary_large_image\" \/>\n<script type=\"application\/ld+json\" class=\"yoast-schema-graph\">{\"@context\":\"https:\/\/schema.org\",\"@graph\":[{\"@type\":\"WebPage\",\"@id\":\"https:\/\/nereumatias.com\/producto\/phi-marker-pen-white\/\",\"url\":\"https:\/\/nereumatias.com\/producto\/phi-marker-pen-white\/\",\"name\":\"Shaping Pencil White - Formaciones PhiAcademy - Phiseller Espa\u00f1a\",\"isPartOf\":{\"@id\":\"https:\/\/nereumatias.com\/#website\"},\"primaryImageOfPage\":{\"@id\":\"https:\/\/nereumatias.com\/producto\/phi-marker-pen-white\/#primaryimage\"},\"image\":{\"@id\":\"https:\/\/nereumatias.com\/producto\/phi-marker-pen-white\/#primaryimage\"},\"thumbnailUrl\":\"https:\/\/nereumatias.com\/wp-content\/uploads\/2021\/07\/885e26b5b1b234a58e9f57c964c45cda_1200x9999.jpg\",\"datePublished\":\"2021-07-08T03:40:25+00:00\",\"dateModified\":\"2026-03-25T09:52:06+00:00\",\"breadcrumb\":{\"@id\":\"https:\/\/nereumatias.com\/producto\/phi-marker-pen-white\/#breadcrumb\"},\"inLanguage\":\"pt-BR\",\"potentialAction\":[{\"@type\":\"ReadAction\",\"target\":[\"https:\/\/nereumatias.com\/producto\/phi-marker-pen-white\/\"]}]},{\"@type\":\"ImageObject\",\"inLanguage\":\"pt-BR\",\"@id\":\"https:\/\/nereumatias.com\/producto\/phi-marker-pen-white\/#primaryimage\",\"url\":\"https:\/\/nereumatias.com\/wp-content\/uploads\/2021\/07\/885e26b5b1b234a58e9f57c964c45cda_1200x9999.jpg\",\"contentUrl\":\"https:\/\/nereumatias.com\/wp-content\/uploads\/2021\/07\/885e26b5b1b234a58e9f57c964c45cda_1200x9999.jpg\",\"width\":1200,\"height\":1200},{\"@type\":\"BreadcrumbList\",\"@id\":\"https:\/\/nereumatias.com\/producto\/phi-marker-pen-white\/#breadcrumb\",\"itemListElement\":[{\"@type\":\"ListItem\",\"position\":1,\"name\":\"Home\",\"item\":\"https:\/\/nereumatias.com\/\"},{\"@type\":\"ListItem\",\"position\":2,\"name\":\"Tienda\",\"item\":\"https:\/\/nereumatias.com\/tienda-online\/\"},{\"@type\":\"ListItem\",\"position\":3,\"name\":\"Shaping Pencil White\"}]},{\"@type\":\"WebSite\",\"@id\":\"https:\/\/nereumatias.com\/#website\",\"url\":\"https:\/\/nereumatias.com\/\",\"name\":\"Formaciones PhiAcademy - Phiseller Espa\u00f1a\",\"description\":\"PhiAcademy\",\"publisher\":{\"@id\":\"https:\/\/nereumatias.com\/#organization\"},\"potentialAction\":[{\"@type\":\"SearchAction\",\"target\":{\"@type\":\"EntryPoint\",\"urlTemplate\":\"https:\/\/nereumatias.com\/?s={search_term_string}\"},\"query-input\":{\"@type\":\"PropertyValueSpecification\",\"valueRequired\":true,\"valueName\":\"search_term_string\"}}],\"inLanguage\":\"pt-BR\"},{\"@type\":\"Organization\",\"@id\":\"https:\/\/nereumatias.com\/#organization\",\"name\":\"Formaciones PhiAcademy - Phiseller Espa\u00f1a\",\"url\":\"https:\/\/nereumatias.com\/\",\"logo\":{\"@type\":\"ImageObject\",\"inLanguage\":\"pt-BR\",\"@id\":\"https:\/\/nereumatias.com\/#\/schema\/logo\/image\/\",\"url\":\"https:\/\/nereumatias.com\/wp-content\/uploads\/2022\/09\/logo-phiseller-negro-150.png\",\"contentUrl\":\"https:\/\/nereumatias.com\/wp-content\/uploads\/2022\/09\/logo-phiseller-negro-150.png\",\"width\":375,\"height\":150,\"caption\":\"Formaciones PhiAcademy - Phiseller Espa\u00f1a\"},\"image\":{\"@id\":\"https:\/\/nereumatias.com\/#\/schema\/logo\/image\/\"},\"sameAs\":[\"https:\/\/www.facebook.com\/nereumatias\"]}]}<\/script>\n<!-- \/ Yoast SEO plugin. -->","yoast_head_json":{"title":"Shaping Pencil White - Formaciones PhiAcademy - Phiseller Espa\u00f1a","robots":{"index":"index","follow":"follow","max-snippet":"max-snippet:-1","max-image-preview":"max-image-preview:large","max-video-preview":"max-video-preview:-1"},"canonical":"https:\/\/nereumatias.com\/pt\/produto\/phi-marker-pen-white\/","og_locale":"pt_BR","og_type":"article","og_title":"Shaping Pencil White - Formaciones PhiAcademy - Phiseller Espa\u00f1a","og_description":"El Rotulador Phi est\u00e1 hecho de puntas extremadamente precisas dise\u00f1adas para marcar micropuntos finos excepcionales en la piel antes de varios procedimientos.  Tambi\u00e9n se puede usar en microblading y PMU, para marcar las \u00e1reas de la piel con el fin de lograr una alta precisi\u00f3n de su trabajo.  Las plumas son muy \u00fatiles en microblading, debido a que todos los puntos permanecen marcados con esta pluma despu\u00e9s de limpiar el pigmento. Los puntos del marcador se pueden eliminar despu\u00e9s del tratamiento con PhiWipes.  Color del marcador de mapeo: blanco","og_url":"https:\/\/nereumatias.com\/pt\/produto\/phi-marker-pen-white\/","og_site_name":"Formaciones PhiAcademy - Phiseller Espa\u00f1a","article_publisher":"https:\/\/www.facebook.com\/nereumatias","article_modified_time":"2026-03-25T09:52:06+00:00","og_image":[{"width":1200,"height":1200,"url":"https:\/\/nereumatias.com\/wp-content\/uploads\/2021\/07\/885e26b5b1b234a58e9f57c964c45cda_1200x9999.jpg","type":"image\/jpeg"}],"twitter_card":"summary_large_image","schema":{"@context":"https:\/\/schema.org","@graph":[{"@type":"WebPage","@id":"https:\/\/nereumatias.com\/producto\/phi-marker-pen-white\/","url":"https:\/\/nereumatias.com\/producto\/phi-marker-pen-white\/","name":"Shaping Pencil White - Formaciones PhiAcademy - Phiseller Espa\u00f1a","isPartOf":{"@id":"https:\/\/nereumatias.com\/#website"},"primaryImageOfPage":{"@id":"https:\/\/nereumatias.com\/producto\/phi-marker-pen-white\/#primaryimage"},"image":{"@id":"https:\/\/nereumatias.com\/producto\/phi-marker-pen-white\/#primaryimage"},"thumbnailUrl":"https:\/\/nereumatias.com\/wp-content\/uploads\/2021\/07\/885e26b5b1b234a58e9f57c964c45cda_1200x9999.jpg","datePublished":"2021-07-08T03:40:25+00:00","dateModified":"2026-03-25T09:52:06+00:00","breadcrumb":{"@id":"https:\/\/nereumatias.com\/producto\/phi-marker-pen-white\/#breadcrumb"},"inLanguage":"pt-BR","potentialAction":[{"@type":"ReadAction","target":["https:\/\/nereumatias.com\/producto\/phi-marker-pen-white\/"]}]},{"@type":"ImageObject","inLanguage":"pt-BR","@id":"https:\/\/nereumatias.com\/producto\/phi-marker-pen-white\/#primaryimage","url":"https:\/\/nereumatias.com\/wp-content\/uploads\/2021\/07\/885e26b5b1b234a58e9f57c964c45cda_1200x9999.jpg","contentUrl":"https:\/\/nereumatias.com\/wp-content\/uploads\/2021\/07\/885e26b5b1b234a58e9f57c964c45cda_1200x9999.jpg","width":1200,"height":1200},{"@type":"BreadcrumbList","@id":"https:\/\/nereumatias.com\/producto\/phi-marker-pen-white\/#breadcrumb","itemListElement":[{"@type":"ListItem","position":1,"name":"Home","item":"https:\/\/nereumatias.com\/"},{"@type":"ListItem","position":2,"name":"Tienda","item":"https:\/\/nereumatias.com\/tienda-online\/"},{"@type":"ListItem","position":3,"name":"Shaping Pencil White"}]},{"@type":"WebSite","@id":"https:\/\/nereumatias.com\/#website","url":"https:\/\/nereumatias.com\/","name":"Formaciones PhiAcademy - Phiseller Espa\u00f1a","description":"PhiAcademy","publisher":{"@id":"https:\/\/nereumatias.com\/#organization"},"potentialAction":[{"@type":"SearchAction","target":{"@type":"EntryPoint","urlTemplate":"https:\/\/nereumatias.com\/?s={search_term_string}"},"query-input":{"@type":"PropertyValueSpecification","valueRequired":true,"valueName":"search_term_string"}}],"inLanguage":"pt-BR"},{"@type":"Organization","@id":"https:\/\/nereumatias.com\/#organization","name":"Formaciones PhiAcademy - Phiseller Espa\u00f1a","url":"https:\/\/nereumatias.com\/","logo":{"@type":"ImageObject","inLanguage":"pt-BR","@id":"https:\/\/nereumatias.com\/#\/schema\/logo\/image\/","url":"https:\/\/nereumatias.com\/wp-content\/uploads\/2022\/09\/logo-phiseller-negro-150.png","contentUrl":"https:\/\/nereumatias.com\/wp-content\/uploads\/2022\/09\/logo-phiseller-negro-150.png","width":375,"height":150,"caption":"Formaciones PhiAcademy - Phiseller Espa\u00f1a"},"image":{"@id":"https:\/\/nereumatias.com\/#\/schema\/logo\/image\/"},"sameAs":["https:\/\/www.facebook.com\/nereumatias"]}]}},"_links":{"self":[{"href":"https:\/\/nereumatias.com\/pt\/wp-json\/wp\/v2\/product\/41664","targetHints":{"allow":["GET"]}}],"collection":[{"href":"https:\/\/nereumatias.com\/pt\/wp-json\/wp\/v2\/product"}],"about":[{"href":"https:\/\/nereumatias.com\/pt\/wp-json\/wp\/v2\/types\/product"}],"replies":[{"embeddable":true,"href":"https:\/\/nereumatias.com\/pt\/wp-json\/wp\/v2\/comments?post=41664"}],"version-history":[{"count":3,"href":"https:\/\/nereumatias.com\/pt\/wp-json\/wp\/v2\/product\/41664\/revisions"}],"predecessor-version":[{"id":46919,"href":"https:\/\/nereumatias.com\/pt\/wp-json\/wp\/v2\/product\/41664\/revisions\/46919"}],"wp:featuredmedia":[{"embeddable":true,"href":"https:\/\/nereumatias.com\/pt\/wp-json\/wp\/v2\/media\/46917"}],"wp:attachment":[{"href":"https:\/\/nereumatias.com\/pt\/wp-json\/wp\/v2\/media?parent=41664"}],"wp:term":[{"taxonomy":"product_brand","embeddable":true,"href":"https:\/\/nereumatias.com\/pt\/wp-json\/wp\/v2\/product_brand?post=41664"},{"taxonomy":"product_cat","embeddable":true,"href":"https:\/\/nereumatias.com\/pt\/wp-json\/wp\/v2\/product_cat?post=41664"},{"taxonomy":"product_tag","embeddable":true,"href":"https:\/\/nereumatias.com\/pt\/wp-json\/wp\/v2\/product_tag?post=41664"}],"curies":[{"name":"wp","href":"https:\/\/api.w.org\/{rel}","templated":true}]}}