{"id":41654,"date":"2021-07-08T05:40:25","date_gmt":"2021-07-08T03:40:25","guid":{"rendered":"https:\/\/nereumatias.phiseller.com\/?post_type=product&#038;p=41654"},"modified":"2024-11-05T11:38:39","modified_gmt":"2024-11-05T10:38:39","slug":"practising-latex-blank-3pcs","status":"publish","type":"product","link":"https:\/\/nereumatias.com\/pt\/produto\/practising-latex-blank-3pcs\/","title":{"rendered":"Praticando o l\u00e1tex em branco 3pcs"},"content":{"rendered":"<p>Informa\u00e7\u00f5es sobre o produto \"Practising Latex blank 3pcs\".<br \/>\nFundo de pr\u00e1tica em l\u00e1tex. Antes de trabalhar com modelos vivos, pratique sua t\u00e9cnica usando nosso fundo de pr\u00e1tica feito de l\u00e1tex. Muito macio, cor de pele, tem uma textura que imita a pele humana. A pr\u00e1tica leva \u00e0 perfei\u00e7\u00e3o!<\/p>","protected":false},"excerpt":{"rendered":"<p>Informa\u00e7\u00f5es sobre o produto \"Practising Latex blank 3pcs\".<br \/>\nFundo de pr\u00e1tica em l\u00e1tex. Antes de trabalhar com modelos vivos, pratique sua t\u00e9cnica usando nosso fundo de pr\u00e1tica feito de l\u00e1tex. Muito macio, cor de pele, tem uma textura que imita a pele humana. A pr\u00e1tica leva \u00e0 perfei\u00e7\u00e3o!<\/p>","protected":false},"featured_media":45953,"comment_status":"open","ping_status":"closed","template":"","meta":{"_acf_changed":false,"_joinchat":[]},"product_brand":[],"product_cat":[47,50],"product_tag":[],"class_list":{"0":"post-41654","1":"product","2":"type-product","3":"status-publish","4":"has-post-thumbnail","6":"product_cat-phibrows","7":"product_cat-tools","9":"first","10":"instock","11":"taxable","12":"shipping-taxable","13":"purchasable","14":"product-type-simple"},"supplier_id":null,"supplier_sku":"","barcode":null,"atum_controlled":true,"out_stock_date":null,"out_stock_threshold":null,"inheritable":false,"inbound_stock":null,"stock_on_hold":3,"sold_today":0,"sales_last_days":0,"reserved_stock":null,"customer_returns":null,"warehouse_damage":null,"lost_in_post":null,"other_logs":null,"out_stock_days":0,"lost_sales":0,"has_location":false,"update_date":"2026-04-20T10:16:08","atum_locations":[],"atum_stock_status":"instock","restock_status":false,"low_stock_amount":0,"sales_update_date":"2026-04-20T10:16:08","calc_backorders":null,"acf":[],"yoast_head":"<!-- This site is optimized with the Yoast SEO plugin v24.8 - https:\/\/yoast.com\/wordpress\/plugins\/seo\/ -->\n<title>Practising Latex blank 3pcs - Formaciones PhiAcademy - Phiseller Espa\u00f1a<\/title>\n<meta name=\"robots\" content=\"index, follow, max-snippet:-1, max-image-preview:large, max-video-preview:-1\" \/>\n<link rel=\"canonical\" href=\"https:\/\/nereumatias.com\/pt\/produto\/practising-latex-blank-3pcs\/\" \/>\n<meta property=\"og:locale\" content=\"pt_BR\" \/>\n<meta property=\"og:type\" content=\"article\" \/>\n<meta property=\"og:title\" content=\"Practising Latex blank 3pcs - Formaciones PhiAcademy - Phiseller Espa\u00f1a\" \/>\n<meta property=\"og:description\" content=\"Informaci\u00f3n sobre el producto &quot;Practising Latex blank 3pcs&quot; Fondo de l\u00e1tex para la pr\u00e1ctica. Antes de trabajar en modelos en vivo, practique su t\u00e9cnica utilizando nuestro fondo para la pr\u00e1ctica hecho de l\u00e1tex. Muy suave, en color de la piel, tiene una textura que imita la piel humana. Practicando se consigue la perfecci\u00f3n!\" \/>\n<meta property=\"og:url\" content=\"https:\/\/nereumatias.com\/pt\/produto\/practising-latex-blank-3pcs\/\" \/>\n<meta property=\"og:site_name\" content=\"Formaciones PhiAcademy - Phiseller Espa\u00f1a\" \/>\n<meta property=\"article:publisher\" content=\"https:\/\/www.facebook.com\/nereumatias\" \/>\n<meta property=\"article:modified_time\" content=\"2024-11-05T10:38:39+00:00\" \/>\n<meta property=\"og:image\" content=\"https:\/\/nereumatias.com\/wp-content\/uploads\/2021\/07\/Captura-de-pantalla-2024-11-05-a-las-11.36.30.png\" \/>\n\t<meta property=\"og:image:width\" content=\"1280\" \/>\n\t<meta property=\"og:image:height\" content=\"1320\" \/>\n\t<meta property=\"og:image:type\" content=\"image\/png\" \/>\n<meta name=\"twitter:card\" content=\"summary_large_image\" \/>\n<script type=\"application\/ld+json\" class=\"yoast-schema-graph\">{\"@context\":\"https:\/\/schema.org\",\"@graph\":[{\"@type\":\"WebPage\",\"@id\":\"https:\/\/nereumatias.com\/producto\/practising-latex-blank-3pcs\/\",\"url\":\"https:\/\/nereumatias.com\/producto\/practising-latex-blank-3pcs\/\",\"name\":\"Practising Latex blank 3pcs - Formaciones PhiAcademy - Phiseller Espa\u00f1a\",\"isPartOf\":{\"@id\":\"https:\/\/nereumatias.com\/#website\"},\"primaryImageOfPage\":{\"@id\":\"https:\/\/nereumatias.com\/producto\/practising-latex-blank-3pcs\/#primaryimage\"},\"image\":{\"@id\":\"https:\/\/nereumatias.com\/producto\/practising-latex-blank-3pcs\/#primaryimage\"},\"thumbnailUrl\":\"https:\/\/nereumatias.com\/wp-content\/uploads\/2021\/07\/Captura-de-pantalla-2024-11-05-a-las-11.36.30.png\",\"datePublished\":\"2021-07-08T03:40:25+00:00\",\"dateModified\":\"2024-11-05T10:38:39+00:00\",\"breadcrumb\":{\"@id\":\"https:\/\/nereumatias.com\/producto\/practising-latex-blank-3pcs\/#breadcrumb\"},\"inLanguage\":\"pt-BR\",\"potentialAction\":[{\"@type\":\"ReadAction\",\"target\":[\"https:\/\/nereumatias.com\/producto\/practising-latex-blank-3pcs\/\"]}]},{\"@type\":\"ImageObject\",\"inLanguage\":\"pt-BR\",\"@id\":\"https:\/\/nereumatias.com\/producto\/practising-latex-blank-3pcs\/#primaryimage\",\"url\":\"https:\/\/nereumatias.com\/wp-content\/uploads\/2021\/07\/Captura-de-pantalla-2024-11-05-a-las-11.36.30.png\",\"contentUrl\":\"https:\/\/nereumatias.com\/wp-content\/uploads\/2021\/07\/Captura-de-pantalla-2024-11-05-a-las-11.36.30.png\",\"width\":1280,\"height\":1320},{\"@type\":\"BreadcrumbList\",\"@id\":\"https:\/\/nereumatias.com\/producto\/practising-latex-blank-3pcs\/#breadcrumb\",\"itemListElement\":[{\"@type\":\"ListItem\",\"position\":1,\"name\":\"Home\",\"item\":\"https:\/\/nereumatias.com\/\"},{\"@type\":\"ListItem\",\"position\":2,\"name\":\"Tienda\",\"item\":\"https:\/\/nereumatias.com\/tienda-online\/\"},{\"@type\":\"ListItem\",\"position\":3,\"name\":\"Practising Latex blank 3pcs\"}]},{\"@type\":\"WebSite\",\"@id\":\"https:\/\/nereumatias.com\/#website\",\"url\":\"https:\/\/nereumatias.com\/\",\"name\":\"Formaciones PhiAcademy - Phiseller Espa\u00f1a\",\"description\":\"PhiAcademy\",\"publisher\":{\"@id\":\"https:\/\/nereumatias.com\/#organization\"},\"potentialAction\":[{\"@type\":\"SearchAction\",\"target\":{\"@type\":\"EntryPoint\",\"urlTemplate\":\"https:\/\/nereumatias.com\/?s={search_term_string}\"},\"query-input\":{\"@type\":\"PropertyValueSpecification\",\"valueRequired\":true,\"valueName\":\"search_term_string\"}}],\"inLanguage\":\"pt-BR\"},{\"@type\":\"Organization\",\"@id\":\"https:\/\/nereumatias.com\/#organization\",\"name\":\"Formaciones PhiAcademy - Phiseller Espa\u00f1a\",\"url\":\"https:\/\/nereumatias.com\/\",\"logo\":{\"@type\":\"ImageObject\",\"inLanguage\":\"pt-BR\",\"@id\":\"https:\/\/nereumatias.com\/#\/schema\/logo\/image\/\",\"url\":\"https:\/\/nereumatias.com\/wp-content\/uploads\/2022\/09\/logo-phiseller-negro-150.png\",\"contentUrl\":\"https:\/\/nereumatias.com\/wp-content\/uploads\/2022\/09\/logo-phiseller-negro-150.png\",\"width\":375,\"height\":150,\"caption\":\"Formaciones PhiAcademy - Phiseller Espa\u00f1a\"},\"image\":{\"@id\":\"https:\/\/nereumatias.com\/#\/schema\/logo\/image\/\"},\"sameAs\":[\"https:\/\/www.facebook.com\/nereumatias\"]}]}<\/script>\n<!-- \/ Yoast SEO plugin. -->","yoast_head_json":{"title":"Practising Latex blank 3pcs - Formaciones PhiAcademy - Phiseller Espa\u00f1a","robots":{"index":"index","follow":"follow","max-snippet":"max-snippet:-1","max-image-preview":"max-image-preview:large","max-video-preview":"max-video-preview:-1"},"canonical":"https:\/\/nereumatias.com\/pt\/produto\/practising-latex-blank-3pcs\/","og_locale":"pt_BR","og_type":"article","og_title":"Practising Latex blank 3pcs - Formaciones PhiAcademy - Phiseller Espa\u00f1a","og_description":"Informaci\u00f3n sobre el producto \"Practising Latex blank 3pcs\" Fondo de l\u00e1tex para la pr\u00e1ctica. Antes de trabajar en modelos en vivo, practique su t\u00e9cnica utilizando nuestro fondo para la pr\u00e1ctica hecho de l\u00e1tex. Muy suave, en color de la piel, tiene una textura que imita la piel humana. Practicando se consigue la perfecci\u00f3n!","og_url":"https:\/\/nereumatias.com\/pt\/produto\/practising-latex-blank-3pcs\/","og_site_name":"Formaciones PhiAcademy - Phiseller Espa\u00f1a","article_publisher":"https:\/\/www.facebook.com\/nereumatias","article_modified_time":"2024-11-05T10:38:39+00:00","og_image":[{"width":1280,"height":1320,"url":"https:\/\/nereumatias.com\/wp-content\/uploads\/2021\/07\/Captura-de-pantalla-2024-11-05-a-las-11.36.30.png","type":"image\/png"}],"twitter_card":"summary_large_image","schema":{"@context":"https:\/\/schema.org","@graph":[{"@type":"WebPage","@id":"https:\/\/nereumatias.com\/producto\/practising-latex-blank-3pcs\/","url":"https:\/\/nereumatias.com\/producto\/practising-latex-blank-3pcs\/","name":"Practising Latex blank 3pcs - Formaciones PhiAcademy - Phiseller Espa\u00f1a","isPartOf":{"@id":"https:\/\/nereumatias.com\/#website"},"primaryImageOfPage":{"@id":"https:\/\/nereumatias.com\/producto\/practising-latex-blank-3pcs\/#primaryimage"},"image":{"@id":"https:\/\/nereumatias.com\/producto\/practising-latex-blank-3pcs\/#primaryimage"},"thumbnailUrl":"https:\/\/nereumatias.com\/wp-content\/uploads\/2021\/07\/Captura-de-pantalla-2024-11-05-a-las-11.36.30.png","datePublished":"2021-07-08T03:40:25+00:00","dateModified":"2024-11-05T10:38:39+00:00","breadcrumb":{"@id":"https:\/\/nereumatias.com\/producto\/practising-latex-blank-3pcs\/#breadcrumb"},"inLanguage":"pt-BR","potentialAction":[{"@type":"ReadAction","target":["https:\/\/nereumatias.com\/producto\/practising-latex-blank-3pcs\/"]}]},{"@type":"ImageObject","inLanguage":"pt-BR","@id":"https:\/\/nereumatias.com\/producto\/practising-latex-blank-3pcs\/#primaryimage","url":"https:\/\/nereumatias.com\/wp-content\/uploads\/2021\/07\/Captura-de-pantalla-2024-11-05-a-las-11.36.30.png","contentUrl":"https:\/\/nereumatias.com\/wp-content\/uploads\/2021\/07\/Captura-de-pantalla-2024-11-05-a-las-11.36.30.png","width":1280,"height":1320},{"@type":"BreadcrumbList","@id":"https:\/\/nereumatias.com\/producto\/practising-latex-blank-3pcs\/#breadcrumb","itemListElement":[{"@type":"ListItem","position":1,"name":"Home","item":"https:\/\/nereumatias.com\/"},{"@type":"ListItem","position":2,"name":"Tienda","item":"https:\/\/nereumatias.com\/tienda-online\/"},{"@type":"ListItem","position":3,"name":"Practising Latex blank 3pcs"}]},{"@type":"WebSite","@id":"https:\/\/nereumatias.com\/#website","url":"https:\/\/nereumatias.com\/","name":"Formaciones PhiAcademy - Phiseller Espa\u00f1a","description":"PhiAcademy","publisher":{"@id":"https:\/\/nereumatias.com\/#organization"},"potentialAction":[{"@type":"SearchAction","target":{"@type":"EntryPoint","urlTemplate":"https:\/\/nereumatias.com\/?s={search_term_string}"},"query-input":{"@type":"PropertyValueSpecification","valueRequired":true,"valueName":"search_term_string"}}],"inLanguage":"pt-BR"},{"@type":"Organization","@id":"https:\/\/nereumatias.com\/#organization","name":"Formaciones PhiAcademy - Phiseller Espa\u00f1a","url":"https:\/\/nereumatias.com\/","logo":{"@type":"ImageObject","inLanguage":"pt-BR","@id":"https:\/\/nereumatias.com\/#\/schema\/logo\/image\/","url":"https:\/\/nereumatias.com\/wp-content\/uploads\/2022\/09\/logo-phiseller-negro-150.png","contentUrl":"https:\/\/nereumatias.com\/wp-content\/uploads\/2022\/09\/logo-phiseller-negro-150.png","width":375,"height":150,"caption":"Formaciones PhiAcademy - Phiseller Espa\u00f1a"},"image":{"@id":"https:\/\/nereumatias.com\/#\/schema\/logo\/image\/"},"sameAs":["https:\/\/www.facebook.com\/nereumatias"]}]}},"_links":{"self":[{"href":"https:\/\/nereumatias.com\/pt\/wp-json\/wp\/v2\/product\/41654","targetHints":{"allow":["GET"]}}],"collection":[{"href":"https:\/\/nereumatias.com\/pt\/wp-json\/wp\/v2\/product"}],"about":[{"href":"https:\/\/nereumatias.com\/pt\/wp-json\/wp\/v2\/types\/product"}],"replies":[{"embeddable":true,"href":"https:\/\/nereumatias.com\/pt\/wp-json\/wp\/v2\/comments?post=41654"}],"version-history":[{"count":2,"href":"https:\/\/nereumatias.com\/pt\/wp-json\/wp\/v2\/product\/41654\/revisions"}],"predecessor-version":[{"id":45954,"href":"https:\/\/nereumatias.com\/pt\/wp-json\/wp\/v2\/product\/41654\/revisions\/45954"}],"wp:featuredmedia":[{"embeddable":true,"href":"https:\/\/nereumatias.com\/pt\/wp-json\/wp\/v2\/media\/45953"}],"wp:attachment":[{"href":"https:\/\/nereumatias.com\/pt\/wp-json\/wp\/v2\/media?parent=41654"}],"wp:term":[{"taxonomy":"product_brand","embeddable":true,"href":"https:\/\/nereumatias.com\/pt\/wp-json\/wp\/v2\/product_brand?post=41654"},{"taxonomy":"product_cat","embeddable":true,"href":"https:\/\/nereumatias.com\/pt\/wp-json\/wp\/v2\/product_cat?post=41654"},{"taxonomy":"product_tag","embeddable":true,"href":"https:\/\/nereumatias.com\/pt\/wp-json\/wp\/v2\/product_tag?post=41654"}],"curies":[{"name":"wp","href":"https:\/\/api.w.org\/{rel}","templated":true}]}}