{"id":41648,"date":"2021-07-08T05:40:25","date_gmt":"2021-07-08T03:40:25","guid":{"rendered":"https:\/\/nereumatias.phiseller.com\/?post_type=product&#038;p=41648"},"modified":"2026-03-23T17:43:41","modified_gmt":"2026-03-23T16:43:41","slug":"phi-septo","status":"publish","type":"product","link":"https:\/\/nereumatias.com\/pt\/produto\/phi-septo\/","title":{"rendered":"Phi Septo"},"content":{"rendered":"<p>O PhiSepto \u00e9 uma formula\u00e7\u00e3o especial de spray multifuncional para limpeza e manuten\u00e7\u00e3o eficientes de ferramentas e equipamentos cosm\u00e9ticos em sal\u00f5es onde s\u00e3o realizados os tratamentos PhiBrows, PhiLings, PhiNesse, PhiContour e PhiLashes. Compacto e f\u00e1cil de usar, o PhiSepto tamb\u00e9m pode ser usado para desinfetar as m\u00e3os das clientes.<\/p>\n<p>Fabricado com ingredientes de qualidade, n\u00e3o t\u00f3xicos, com pH balanceado e sem produtos qu\u00edmicos.<\/p>\n<p>INGREDIENTES: &lt;5% surfactante n\u00e3o i\u00f4nico, \u00e1lcool, cloreto de benzalc\u00f4nio, extrato de manjeric\u00e3o.<\/p>\n<p>OBSERVA\u00c7\u00c3O: A DESINFEC\u00c7\u00c3O N\u00c3O \u00c9 O MESMO PROCESSO QUE A ESTERILIZA\u00c7\u00c3O. CERTIFIQUE-SE DE ESTERILIZAR TODAS AS SUAS FERRAMENTAS EM UMA AUTOCLAVE AP\u00d3S CADA USO.<\/p>","protected":false},"excerpt":{"rendered":"<p>O PhiSepto \u00e9 uma formula\u00e7\u00e3o especial de spray multifuncional para limpeza e manuten\u00e7\u00e3o eficientes de ferramentas e equipamentos cosm\u00e9ticos em sal\u00f5es onde s\u00e3o realizados os tratamentos PhiBrows, PhiLings, PhiNesse, PhiContour e PhiLashes. Compacto e f\u00e1cil de usar, o PhiSepto tamb\u00e9m pode ser usado para desinfetar as m\u00e3os das clientes.<\/p>\n<p>Fabricado com ingredientes de qualidade, n\u00e3o t\u00f3xicos, com pH balanceado e sem produtos qu\u00edmicos.<\/p>\n<p>INGREDIENTES: &lt;5% surfactante n\u00e3o i\u00f4nico, \u00e1lcool, cloreto de benzalc\u00f4nio, extrato de manjeric\u00e3o.<\/p>\n<p>OBSERVA\u00c7\u00c3O: A DESINFEC\u00c7\u00c3O N\u00c3O \u00c9 O MESMO PROCESSO QUE A ESTERILIZA\u00c7\u00c3O. CERTIFIQUE-SE DE ESTERILIZAR TODAS AS SUAS FERRAMENTAS EM UMA AUTOCLAVE AP\u00d3S CADA USO.<\/p>","protected":false},"featured_media":43313,"comment_status":"open","ping_status":"closed","template":"","meta":{"_acf_changed":false,"_joinchat":[]},"product_brand":[],"product_cat":[69,47,64,48,70,50,63,66],"product_tag":[],"class_list":{"0":"post-41648","1":"product","2":"type-product","3":"status-publish","4":"has-post-thumbnail","6":"product_cat-phibright","7":"product_cat-phibrows","8":"product_cat-philashes","9":"product_cat-philings","10":"product_cat-products","11":"product_cat-tools","12":"product_cat-tools-philings","13":"product_cat-tools-philashes","15":"first","16":"instock","17":"taxable","18":"shipping-taxable","19":"purchasable","20":"product-type-simple"},"supplier_id":null,"supplier_sku":"","barcode":null,"atum_controlled":true,"out_stock_date":null,"out_stock_threshold":null,"inheritable":false,"inbound_stock":null,"stock_on_hold":0,"sold_today":0,"sales_last_days":0,"reserved_stock":null,"customer_returns":null,"warehouse_damage":null,"lost_in_post":null,"other_logs":null,"out_stock_days":0,"lost_sales":0,"has_location":null,"update_date":"2026-04-15T10:16:23","atum_locations":[],"atum_stock_status":"instock","restock_status":false,"low_stock_amount":0,"sales_update_date":"2026-04-15T10:16:23","calc_backorders":null,"acf":[],"yoast_head":"<!-- This site is optimized with the Yoast SEO plugin v24.8 - https:\/\/yoast.com\/wordpress\/plugins\/seo\/ -->\n<title>Phi Septo - Formaciones PhiAcademy - Phiseller Espa\u00f1a<\/title>\n<meta name=\"robots\" content=\"index, follow, max-snippet:-1, max-image-preview:large, max-video-preview:-1\" \/>\n<link rel=\"canonical\" href=\"https:\/\/nereumatias.com\/pt\/produto\/phi-septo\/\" \/>\n<meta property=\"og:locale\" content=\"pt_BR\" \/>\n<meta property=\"og:type\" content=\"article\" \/>\n<meta property=\"og:title\" content=\"Phi Septo - Formaciones PhiAcademy - Phiseller Espa\u00f1a\" \/>\n<meta property=\"og:description\" content=\"PhiSepto es una f\u00f3rmula especial de spray multifuncional para la limpieza y el mantenimiento eficientes de herramientas y equipos cosm\u00e9ticos en salones donde se realizan tratamientos con PhiBrows, PhiLings, PhiNesse, PhiContour y PhiLashes. Compacto, f\u00e1cil de usar, PhiSepto tambi\u00e9n se puede utilizar para desinfectar las manos del cliente.  Hecho con ingredientes de calidad que no son t\u00f3xicos, tienen un pH equilibrado y no contienen qu\u00edmicos.  INGREDIENTES: &lt;5% de tensioactivo no i\u00f3nico, alcohol, cloruro de benzalconio, extracto de albahaca.  TENGA EN CUENTA: LA DESINFICACI\u00d3N NO ES EL MISMO PROCESO QUE LA ESTERILIZACI\u00d3N. ASEG\u00daRESE DE ESTERILIZAR TODAS SUS HERRAMIENTAS EN UN AUTOCLAVE DESPU\u00c9S DE CADA USO.\" \/>\n<meta property=\"og:url\" content=\"https:\/\/nereumatias.com\/pt\/produto\/phi-septo\/\" \/>\n<meta property=\"og:site_name\" content=\"Formaciones PhiAcademy - Phiseller Espa\u00f1a\" \/>\n<meta property=\"article:publisher\" content=\"https:\/\/www.facebook.com\/nereumatias\" \/>\n<meta property=\"article:modified_time\" content=\"2026-03-23T16:43:41+00:00\" \/>\n<meta property=\"og:image\" content=\"https:\/\/nereumatias.com\/wp-content\/uploads\/2022\/12\/phi-septo.jpg\" \/>\n\t<meta property=\"og:image:width\" content=\"600\" \/>\n\t<meta property=\"og:image:height\" content=\"800\" \/>\n\t<meta property=\"og:image:type\" content=\"image\/jpeg\" \/>\n<meta name=\"twitter:card\" content=\"summary_large_image\" \/>\n<script type=\"application\/ld+json\" class=\"yoast-schema-graph\">{\"@context\":\"https:\/\/schema.org\",\"@graph\":[{\"@type\":\"WebPage\",\"@id\":\"https:\/\/nereumatias.com\/producto\/phi-septo\/\",\"url\":\"https:\/\/nereumatias.com\/producto\/phi-septo\/\",\"name\":\"Phi Septo - Formaciones PhiAcademy - Phiseller Espa\u00f1a\",\"isPartOf\":{\"@id\":\"https:\/\/nereumatias.com\/#website\"},\"primaryImageOfPage\":{\"@id\":\"https:\/\/nereumatias.com\/producto\/phi-septo\/#primaryimage\"},\"image\":{\"@id\":\"https:\/\/nereumatias.com\/producto\/phi-septo\/#primaryimage\"},\"thumbnailUrl\":\"https:\/\/nereumatias.com\/wp-content\/uploads\/2022\/12\/phi-septo.jpg\",\"datePublished\":\"2021-07-08T03:40:25+00:00\",\"dateModified\":\"2026-03-23T16:43:41+00:00\",\"breadcrumb\":{\"@id\":\"https:\/\/nereumatias.com\/producto\/phi-septo\/#breadcrumb\"},\"inLanguage\":\"pt-BR\",\"potentialAction\":[{\"@type\":\"ReadAction\",\"target\":[\"https:\/\/nereumatias.com\/producto\/phi-septo\/\"]}]},{\"@type\":\"ImageObject\",\"inLanguage\":\"pt-BR\",\"@id\":\"https:\/\/nereumatias.com\/producto\/phi-septo\/#primaryimage\",\"url\":\"https:\/\/nereumatias.com\/wp-content\/uploads\/2022\/12\/phi-septo.jpg\",\"contentUrl\":\"https:\/\/nereumatias.com\/wp-content\/uploads\/2022\/12\/phi-septo.jpg\",\"width\":600,\"height\":800},{\"@type\":\"BreadcrumbList\",\"@id\":\"https:\/\/nereumatias.com\/producto\/phi-septo\/#breadcrumb\",\"itemListElement\":[{\"@type\":\"ListItem\",\"position\":1,\"name\":\"Home\",\"item\":\"https:\/\/nereumatias.com\/\"},{\"@type\":\"ListItem\",\"position\":2,\"name\":\"Tienda\",\"item\":\"https:\/\/nereumatias.com\/tienda-online\/\"},{\"@type\":\"ListItem\",\"position\":3,\"name\":\"Phi Septo\"}]},{\"@type\":\"WebSite\",\"@id\":\"https:\/\/nereumatias.com\/#website\",\"url\":\"https:\/\/nereumatias.com\/\",\"name\":\"Formaciones PhiAcademy - Phiseller Espa\u00f1a\",\"description\":\"PhiAcademy\",\"publisher\":{\"@id\":\"https:\/\/nereumatias.com\/#organization\"},\"potentialAction\":[{\"@type\":\"SearchAction\",\"target\":{\"@type\":\"EntryPoint\",\"urlTemplate\":\"https:\/\/nereumatias.com\/?s={search_term_string}\"},\"query-input\":{\"@type\":\"PropertyValueSpecification\",\"valueRequired\":true,\"valueName\":\"search_term_string\"}}],\"inLanguage\":\"pt-BR\"},{\"@type\":\"Organization\",\"@id\":\"https:\/\/nereumatias.com\/#organization\",\"name\":\"Formaciones PhiAcademy - Phiseller Espa\u00f1a\",\"url\":\"https:\/\/nereumatias.com\/\",\"logo\":{\"@type\":\"ImageObject\",\"inLanguage\":\"pt-BR\",\"@id\":\"https:\/\/nereumatias.com\/#\/schema\/logo\/image\/\",\"url\":\"https:\/\/nereumatias.com\/wp-content\/uploads\/2022\/09\/logo-phiseller-negro-150.png\",\"contentUrl\":\"https:\/\/nereumatias.com\/wp-content\/uploads\/2022\/09\/logo-phiseller-negro-150.png\",\"width\":375,\"height\":150,\"caption\":\"Formaciones PhiAcademy - Phiseller Espa\u00f1a\"},\"image\":{\"@id\":\"https:\/\/nereumatias.com\/#\/schema\/logo\/image\/\"},\"sameAs\":[\"https:\/\/www.facebook.com\/nereumatias\"]}]}<\/script>\n<!-- \/ Yoast SEO plugin. -->","yoast_head_json":{"title":"Phi Septo - Formaciones PhiAcademy - Phiseller Espa\u00f1a","robots":{"index":"index","follow":"follow","max-snippet":"max-snippet:-1","max-image-preview":"max-image-preview:large","max-video-preview":"max-video-preview:-1"},"canonical":"https:\/\/nereumatias.com\/pt\/produto\/phi-septo\/","og_locale":"pt_BR","og_type":"article","og_title":"Phi Septo - Formaciones PhiAcademy - Phiseller Espa\u00f1a","og_description":"PhiSepto es una f\u00f3rmula especial de spray multifuncional para la limpieza y el mantenimiento eficientes de herramientas y equipos cosm\u00e9ticos en salones donde se realizan tratamientos con PhiBrows, PhiLings, PhiNesse, PhiContour y PhiLashes. Compacto, f\u00e1cil de usar, PhiSepto tambi\u00e9n se puede utilizar para desinfectar las manos del cliente.  Hecho con ingredientes de calidad que no son t\u00f3xicos, tienen un pH equilibrado y no contienen qu\u00edmicos.  INGREDIENTES: &lt;5% de tensioactivo no i\u00f3nico, alcohol, cloruro de benzalconio, extracto de albahaca.  TENGA EN CUENTA: LA DESINFICACI\u00d3N NO ES EL MISMO PROCESO QUE LA ESTERILIZACI\u00d3N. ASEG\u00daRESE DE ESTERILIZAR TODAS SUS HERRAMIENTAS EN UN AUTOCLAVE DESPU\u00c9S DE CADA USO.","og_url":"https:\/\/nereumatias.com\/pt\/produto\/phi-septo\/","og_site_name":"Formaciones PhiAcademy - Phiseller Espa\u00f1a","article_publisher":"https:\/\/www.facebook.com\/nereumatias","article_modified_time":"2026-03-23T16:43:41+00:00","og_image":[{"width":600,"height":800,"url":"https:\/\/nereumatias.com\/wp-content\/uploads\/2022\/12\/phi-septo.jpg","type":"image\/jpeg"}],"twitter_card":"summary_large_image","schema":{"@context":"https:\/\/schema.org","@graph":[{"@type":"WebPage","@id":"https:\/\/nereumatias.com\/producto\/phi-septo\/","url":"https:\/\/nereumatias.com\/producto\/phi-septo\/","name":"Phi Septo - Formaciones PhiAcademy - Phiseller Espa\u00f1a","isPartOf":{"@id":"https:\/\/nereumatias.com\/#website"},"primaryImageOfPage":{"@id":"https:\/\/nereumatias.com\/producto\/phi-septo\/#primaryimage"},"image":{"@id":"https:\/\/nereumatias.com\/producto\/phi-septo\/#primaryimage"},"thumbnailUrl":"https:\/\/nereumatias.com\/wp-content\/uploads\/2022\/12\/phi-septo.jpg","datePublished":"2021-07-08T03:40:25+00:00","dateModified":"2026-03-23T16:43:41+00:00","breadcrumb":{"@id":"https:\/\/nereumatias.com\/producto\/phi-septo\/#breadcrumb"},"inLanguage":"pt-BR","potentialAction":[{"@type":"ReadAction","target":["https:\/\/nereumatias.com\/producto\/phi-septo\/"]}]},{"@type":"ImageObject","inLanguage":"pt-BR","@id":"https:\/\/nereumatias.com\/producto\/phi-septo\/#primaryimage","url":"https:\/\/nereumatias.com\/wp-content\/uploads\/2022\/12\/phi-septo.jpg","contentUrl":"https:\/\/nereumatias.com\/wp-content\/uploads\/2022\/12\/phi-septo.jpg","width":600,"height":800},{"@type":"BreadcrumbList","@id":"https:\/\/nereumatias.com\/producto\/phi-septo\/#breadcrumb","itemListElement":[{"@type":"ListItem","position":1,"name":"Home","item":"https:\/\/nereumatias.com\/"},{"@type":"ListItem","position":2,"name":"Tienda","item":"https:\/\/nereumatias.com\/tienda-online\/"},{"@type":"ListItem","position":3,"name":"Phi Septo"}]},{"@type":"WebSite","@id":"https:\/\/nereumatias.com\/#website","url":"https:\/\/nereumatias.com\/","name":"Formaciones PhiAcademy - Phiseller Espa\u00f1a","description":"PhiAcademy","publisher":{"@id":"https:\/\/nereumatias.com\/#organization"},"potentialAction":[{"@type":"SearchAction","target":{"@type":"EntryPoint","urlTemplate":"https:\/\/nereumatias.com\/?s={search_term_string}"},"query-input":{"@type":"PropertyValueSpecification","valueRequired":true,"valueName":"search_term_string"}}],"inLanguage":"pt-BR"},{"@type":"Organization","@id":"https:\/\/nereumatias.com\/#organization","name":"Formaciones PhiAcademy - Phiseller Espa\u00f1a","url":"https:\/\/nereumatias.com\/","logo":{"@type":"ImageObject","inLanguage":"pt-BR","@id":"https:\/\/nereumatias.com\/#\/schema\/logo\/image\/","url":"https:\/\/nereumatias.com\/wp-content\/uploads\/2022\/09\/logo-phiseller-negro-150.png","contentUrl":"https:\/\/nereumatias.com\/wp-content\/uploads\/2022\/09\/logo-phiseller-negro-150.png","width":375,"height":150,"caption":"Formaciones PhiAcademy - Phiseller Espa\u00f1a"},"image":{"@id":"https:\/\/nereumatias.com\/#\/schema\/logo\/image\/"},"sameAs":["https:\/\/www.facebook.com\/nereumatias"]}]}},"_links":{"self":[{"href":"https:\/\/nereumatias.com\/pt\/wp-json\/wp\/v2\/product\/41648","targetHints":{"allow":["GET"]}}],"collection":[{"href":"https:\/\/nereumatias.com\/pt\/wp-json\/wp\/v2\/product"}],"about":[{"href":"https:\/\/nereumatias.com\/pt\/wp-json\/wp\/v2\/types\/product"}],"replies":[{"embeddable":true,"href":"https:\/\/nereumatias.com\/pt\/wp-json\/wp\/v2\/comments?post=41648"}],"version-history":[{"count":1,"href":"https:\/\/nereumatias.com\/pt\/wp-json\/wp\/v2\/product\/41648\/revisions"}],"predecessor-version":[{"id":41649,"href":"https:\/\/nereumatias.com\/pt\/wp-json\/wp\/v2\/product\/41648\/revisions\/41649"}],"wp:featuredmedia":[{"embeddable":true,"href":"https:\/\/nereumatias.com\/pt\/wp-json\/wp\/v2\/media\/43313"}],"wp:attachment":[{"href":"https:\/\/nereumatias.com\/pt\/wp-json\/wp\/v2\/media?parent=41648"}],"wp:term":[{"taxonomy":"product_brand","embeddable":true,"href":"https:\/\/nereumatias.com\/pt\/wp-json\/wp\/v2\/product_brand?post=41648"},{"taxonomy":"product_cat","embeddable":true,"href":"https:\/\/nereumatias.com\/pt\/wp-json\/wp\/v2\/product_cat?post=41648"},{"taxonomy":"product_tag","embeddable":true,"href":"https:\/\/nereumatias.com\/pt\/wp-json\/wp\/v2\/product_tag?post=41648"}],"curies":[{"name":"wp","href":"https:\/\/api.w.org\/{rel}","templated":true}]}}