{"id":41636,"date":"2021-07-08T05:40:25","date_gmt":"2021-07-08T03:40:25","guid":{"rendered":"https:\/\/nereumatias.phiseller.com\/?post_type=product&#038;p=41636"},"modified":"2023-01-05T18:24:41","modified_gmt":"2023-01-05T17:24:41","slug":"phibrows-disposable-tools-18-eccentric-10pcs-box","status":"publish","type":"product","link":"https:\/\/nereumatias.com\/pt\/produto\/phibrows-disposable-tools-18-eccentric-10pcs-box\/","title":{"rendered":"Ferramentas descart\u00e1veis PhiBrows 18 exc\u00eantricas Caixa com 10 unidades"},"content":{"rendered":"<p>O pacote DisposableTool (PhiBrush) cont\u00e9m:<\/p>\n<p>-10 pe\u00e7as de ferramentas descart\u00e1veis * 10 pe\u00e7as de ferramentas descart\u00e1veis * 10 pe\u00e7as de ferramentas descart\u00e1veis * 10 pe\u00e7as de ferramentas descart\u00e1veis * 10 pe\u00e7as de ferramentas descart\u00e1veis<\/p>\n<p>Recipiente de pigmento autoadesivo<\/p>\n<p>Limpador esterilizado Microblade autoadesivo Monofil (PhiBrush)<\/p>\n<p>Aten\u00e7\u00e3o:<\/p>\n<p>O PhiBrush \u00e9 uma forma completamente nova de aplica\u00e7\u00e3o de pigmentos que tamb\u00e9m exige uma t\u00e9cnica de trabalho especial. A press\u00e3o n\u00e3o ajustada pode danificar a pele e causar vermelhid\u00e3o que durar\u00e1 at\u00e9 sete dias. Tipos diferentes de pele exigem press\u00e3o diferente. Esfregar o pigmento na pele n\u00e3o \u00e9 recomendado para peles extremamente sens\u00edveis.<\/p>","protected":false},"excerpt":{"rendered":"<p>O pacote DisposableTool (PhiBrush) cont\u00e9m:<\/p>\n<p>-10 pe\u00e7as de ferramentas descart\u00e1veis * 10 pe\u00e7as de ferramentas descart\u00e1veis * 10 pe\u00e7as de ferramentas descart\u00e1veis * 10 pe\u00e7as de ferramentas descart\u00e1veis * 10 pe\u00e7as de ferramentas descart\u00e1veis<\/p>\n<p>Recipiente de pigmento autoadesivo<\/p>\n<p>Limpador esterilizado Microblade autoadesivo Monofil (PhiBrush)<\/p>\n<p>Aten\u00e7\u00e3o:<\/p>\n<p>O PhiBrush \u00e9 uma forma completamente nova de aplica\u00e7\u00e3o de pigmentos que tamb\u00e9m exige uma t\u00e9cnica de trabalho especial. A press\u00e3o n\u00e3o ajustada pode danificar a pele e causar vermelhid\u00e3o que durar\u00e1 at\u00e9 sete dias. Tipos diferentes de pele exigem press\u00e3o diferente. Esfregar o pigmento na pele n\u00e3o \u00e9 recomendado para peles extremamente sens\u00edveis.<\/p>","protected":false},"featured_media":43303,"comment_status":"open","ping_status":"closed","template":"","meta":{"_acf_changed":false,"_joinchat":[]},"product_brand":[],"product_cat":[47,50],"product_tag":[],"class_list":{"0":"post-41636","1":"product","2":"type-product","3":"status-publish","4":"has-post-thumbnail","6":"product_cat-phibrows","7":"product_cat-tools","9":"first","10":"outofstock","11":"taxable","12":"shipping-taxable","13":"purchasable","14":"product-type-simple"},"supplier_id":null,"supplier_sku":"","barcode":null,"atum_controlled":true,"out_stock_date":"2023-01-04 12:07:07","out_stock_threshold":null,"inheritable":false,"inbound_stock":null,"stock_on_hold":1,"sold_today":0,"sales_last_days":0,"reserved_stock":null,"customer_returns":null,"warehouse_damage":null,"lost_in_post":null,"other_logs":null,"out_stock_days":1202,"lost_sales":0,"has_location":null,"update_date":"2026-04-21T10:16:08","atum_locations":[],"atum_stock_status":"outofstock","restock_status":false,"low_stock_amount":0,"sales_update_date":"2026-04-21T10:16:08","calc_backorders":null,"acf":[],"yoast_head":"<!-- This site is optimized with the Yoast SEO plugin v24.8 - https:\/\/yoast.com\/wordpress\/plugins\/seo\/ -->\n<title>PhiBrows Disposable Tools 18 Eccentric 10pcs Box - Formaciones PhiAcademy - Phiseller Espa\u00f1a<\/title>\n<meta name=\"robots\" content=\"index, follow, max-snippet:-1, max-image-preview:large, max-video-preview:-1\" \/>\n<link rel=\"canonical\" href=\"https:\/\/nereumatias.com\/pt\/produto\/phibrows-disposable-tools-18-eccentric-10pcs-box\/\" \/>\n<meta property=\"og:locale\" content=\"pt_BR\" \/>\n<meta property=\"og:type\" content=\"article\" \/>\n<meta property=\"og:title\" content=\"PhiBrows Disposable Tools 18 Eccentric 10pcs Box - Formaciones PhiAcademy - Phiseller Espa\u00f1a\" \/>\n<meta property=\"og:description\" content=\"El paquete DisposableTool (PhiBrush) contiene:  -10 piezas de herramientas desechables *  contenedor de pigmento autoadhesivo  autoadhesivo Microblade limpiador esterilizado Monofil (PhiBrush)  Atenci\u00f3n:  PhiBrush es una forma completamente nueva de aplicaci\u00f3n de pigmentos que tambi\u00e9n requiere una t\u00e9cnica de trabajo especial. La presi\u00f3n no ajustada puede da\u00f1ar la piel y causar enrojecimiento que durar\u00e1 hasta 7 d\u00edas. Diferentes tipos de piel requieren diferentes presiones. No se recomienda frotar el pigmento en la piel para pieles extremadamente sensibles.\" \/>\n<meta property=\"og:url\" content=\"https:\/\/nereumatias.com\/pt\/produto\/phibrows-disposable-tools-18-eccentric-10pcs-box\/\" \/>\n<meta property=\"og:site_name\" content=\"Formaciones PhiAcademy - Phiseller Espa\u00f1a\" \/>\n<meta property=\"article:publisher\" content=\"https:\/\/www.facebook.com\/nereumatias\" \/>\n<meta property=\"article:modified_time\" content=\"2023-01-05T17:24:41+00:00\" \/>\n<meta property=\"og:image\" content=\"https:\/\/nereumatias.com\/wp-content\/uploads\/2022\/12\/18ecc-1-1.jpeg\" \/>\n\t<meta property=\"og:image:width\" content=\"600\" \/>\n\t<meta property=\"og:image:height\" content=\"800\" \/>\n\t<meta property=\"og:image:type\" content=\"image\/jpeg\" \/>\n<meta name=\"twitter:card\" content=\"summary_large_image\" \/>\n<script type=\"application\/ld+json\" class=\"yoast-schema-graph\">{\"@context\":\"https:\/\/schema.org\",\"@graph\":[{\"@type\":\"WebPage\",\"@id\":\"https:\/\/nereumatias.com\/producto\/phibrows-disposable-tools-18-eccentric-10pcs-box\/\",\"url\":\"https:\/\/nereumatias.com\/producto\/phibrows-disposable-tools-18-eccentric-10pcs-box\/\",\"name\":\"PhiBrows Disposable Tools 18 Eccentric 10pcs Box - Formaciones PhiAcademy - Phiseller Espa\u00f1a\",\"isPartOf\":{\"@id\":\"https:\/\/nereumatias.com\/#website\"},\"primaryImageOfPage\":{\"@id\":\"https:\/\/nereumatias.com\/producto\/phibrows-disposable-tools-18-eccentric-10pcs-box\/#primaryimage\"},\"image\":{\"@id\":\"https:\/\/nereumatias.com\/producto\/phibrows-disposable-tools-18-eccentric-10pcs-box\/#primaryimage\"},\"thumbnailUrl\":\"https:\/\/nereumatias.com\/wp-content\/uploads\/2022\/12\/18ecc-1-1.jpeg\",\"datePublished\":\"2021-07-08T03:40:25+00:00\",\"dateModified\":\"2023-01-05T17:24:41+00:00\",\"breadcrumb\":{\"@id\":\"https:\/\/nereumatias.com\/producto\/phibrows-disposable-tools-18-eccentric-10pcs-box\/#breadcrumb\"},\"inLanguage\":\"pt-BR\",\"potentialAction\":[{\"@type\":\"ReadAction\",\"target\":[\"https:\/\/nereumatias.com\/producto\/phibrows-disposable-tools-18-eccentric-10pcs-box\/\"]}]},{\"@type\":\"ImageObject\",\"inLanguage\":\"pt-BR\",\"@id\":\"https:\/\/nereumatias.com\/producto\/phibrows-disposable-tools-18-eccentric-10pcs-box\/#primaryimage\",\"url\":\"https:\/\/nereumatias.com\/wp-content\/uploads\/2022\/12\/18ecc-1-1.jpeg\",\"contentUrl\":\"https:\/\/nereumatias.com\/wp-content\/uploads\/2022\/12\/18ecc-1-1.jpeg\",\"width\":600,\"height\":800},{\"@type\":\"BreadcrumbList\",\"@id\":\"https:\/\/nereumatias.com\/producto\/phibrows-disposable-tools-18-eccentric-10pcs-box\/#breadcrumb\",\"itemListElement\":[{\"@type\":\"ListItem\",\"position\":1,\"name\":\"Home\",\"item\":\"https:\/\/nereumatias.com\/\"},{\"@type\":\"ListItem\",\"position\":2,\"name\":\"Tienda\",\"item\":\"https:\/\/nereumatias.com\/tienda-online\/\"},{\"@type\":\"ListItem\",\"position\":3,\"name\":\"PhiBrows Disposable Tools 18 Eccentric 10pcs Box\"}]},{\"@type\":\"WebSite\",\"@id\":\"https:\/\/nereumatias.com\/#website\",\"url\":\"https:\/\/nereumatias.com\/\",\"name\":\"Formaciones PhiAcademy - Phiseller Espa\u00f1a\",\"description\":\"PhiAcademy\",\"publisher\":{\"@id\":\"https:\/\/nereumatias.com\/#organization\"},\"potentialAction\":[{\"@type\":\"SearchAction\",\"target\":{\"@type\":\"EntryPoint\",\"urlTemplate\":\"https:\/\/nereumatias.com\/?s={search_term_string}\"},\"query-input\":{\"@type\":\"PropertyValueSpecification\",\"valueRequired\":true,\"valueName\":\"search_term_string\"}}],\"inLanguage\":\"pt-BR\"},{\"@type\":\"Organization\",\"@id\":\"https:\/\/nereumatias.com\/#organization\",\"name\":\"Formaciones PhiAcademy - Phiseller Espa\u00f1a\",\"url\":\"https:\/\/nereumatias.com\/\",\"logo\":{\"@type\":\"ImageObject\",\"inLanguage\":\"pt-BR\",\"@id\":\"https:\/\/nereumatias.com\/#\/schema\/logo\/image\/\",\"url\":\"https:\/\/nereumatias.com\/wp-content\/uploads\/2022\/09\/logo-phiseller-negro-150.png\",\"contentUrl\":\"https:\/\/nereumatias.com\/wp-content\/uploads\/2022\/09\/logo-phiseller-negro-150.png\",\"width\":375,\"height\":150,\"caption\":\"Formaciones PhiAcademy - Phiseller Espa\u00f1a\"},\"image\":{\"@id\":\"https:\/\/nereumatias.com\/#\/schema\/logo\/image\/\"},\"sameAs\":[\"https:\/\/www.facebook.com\/nereumatias\"]}]}<\/script>\n<!-- \/ Yoast SEO plugin. -->","yoast_head_json":{"title":"PhiBrows Disposable Tools 18 Eccentric 10pcs Box - Formaciones PhiAcademy - Phiseller Espa\u00f1a","robots":{"index":"index","follow":"follow","max-snippet":"max-snippet:-1","max-image-preview":"max-image-preview:large","max-video-preview":"max-video-preview:-1"},"canonical":"https:\/\/nereumatias.com\/pt\/produto\/phibrows-disposable-tools-18-eccentric-10pcs-box\/","og_locale":"pt_BR","og_type":"article","og_title":"PhiBrows Disposable Tools 18 Eccentric 10pcs Box - Formaciones PhiAcademy - Phiseller Espa\u00f1a","og_description":"El paquete DisposableTool (PhiBrush) contiene:  -10 piezas de herramientas desechables *  contenedor de pigmento autoadhesivo  autoadhesivo Microblade limpiador esterilizado Monofil (PhiBrush)  Atenci\u00f3n:  PhiBrush es una forma completamente nueva de aplicaci\u00f3n de pigmentos que tambi\u00e9n requiere una t\u00e9cnica de trabajo especial. La presi\u00f3n no ajustada puede da\u00f1ar la piel y causar enrojecimiento que durar\u00e1 hasta 7 d\u00edas. Diferentes tipos de piel requieren diferentes presiones. No se recomienda frotar el pigmento en la piel para pieles extremadamente sensibles.","og_url":"https:\/\/nereumatias.com\/pt\/produto\/phibrows-disposable-tools-18-eccentric-10pcs-box\/","og_site_name":"Formaciones PhiAcademy - Phiseller Espa\u00f1a","article_publisher":"https:\/\/www.facebook.com\/nereumatias","article_modified_time":"2023-01-05T17:24:41+00:00","og_image":[{"width":600,"height":800,"url":"https:\/\/nereumatias.com\/wp-content\/uploads\/2022\/12\/18ecc-1-1.jpeg","type":"image\/jpeg"}],"twitter_card":"summary_large_image","schema":{"@context":"https:\/\/schema.org","@graph":[{"@type":"WebPage","@id":"https:\/\/nereumatias.com\/producto\/phibrows-disposable-tools-18-eccentric-10pcs-box\/","url":"https:\/\/nereumatias.com\/producto\/phibrows-disposable-tools-18-eccentric-10pcs-box\/","name":"PhiBrows Disposable Tools 18 Eccentric 10pcs Box - Formaciones PhiAcademy - Phiseller Espa\u00f1a","isPartOf":{"@id":"https:\/\/nereumatias.com\/#website"},"primaryImageOfPage":{"@id":"https:\/\/nereumatias.com\/producto\/phibrows-disposable-tools-18-eccentric-10pcs-box\/#primaryimage"},"image":{"@id":"https:\/\/nereumatias.com\/producto\/phibrows-disposable-tools-18-eccentric-10pcs-box\/#primaryimage"},"thumbnailUrl":"https:\/\/nereumatias.com\/wp-content\/uploads\/2022\/12\/18ecc-1-1.jpeg","datePublished":"2021-07-08T03:40:25+00:00","dateModified":"2023-01-05T17:24:41+00:00","breadcrumb":{"@id":"https:\/\/nereumatias.com\/producto\/phibrows-disposable-tools-18-eccentric-10pcs-box\/#breadcrumb"},"inLanguage":"pt-BR","potentialAction":[{"@type":"ReadAction","target":["https:\/\/nereumatias.com\/producto\/phibrows-disposable-tools-18-eccentric-10pcs-box\/"]}]},{"@type":"ImageObject","inLanguage":"pt-BR","@id":"https:\/\/nereumatias.com\/producto\/phibrows-disposable-tools-18-eccentric-10pcs-box\/#primaryimage","url":"https:\/\/nereumatias.com\/wp-content\/uploads\/2022\/12\/18ecc-1-1.jpeg","contentUrl":"https:\/\/nereumatias.com\/wp-content\/uploads\/2022\/12\/18ecc-1-1.jpeg","width":600,"height":800},{"@type":"BreadcrumbList","@id":"https:\/\/nereumatias.com\/producto\/phibrows-disposable-tools-18-eccentric-10pcs-box\/#breadcrumb","itemListElement":[{"@type":"ListItem","position":1,"name":"Home","item":"https:\/\/nereumatias.com\/"},{"@type":"ListItem","position":2,"name":"Tienda","item":"https:\/\/nereumatias.com\/tienda-online\/"},{"@type":"ListItem","position":3,"name":"PhiBrows Disposable Tools 18 Eccentric 10pcs Box"}]},{"@type":"WebSite","@id":"https:\/\/nereumatias.com\/#website","url":"https:\/\/nereumatias.com\/","name":"Formaciones PhiAcademy - Phiseller Espa\u00f1a","description":"PhiAcademy","publisher":{"@id":"https:\/\/nereumatias.com\/#organization"},"potentialAction":[{"@type":"SearchAction","target":{"@type":"EntryPoint","urlTemplate":"https:\/\/nereumatias.com\/?s={search_term_string}"},"query-input":{"@type":"PropertyValueSpecification","valueRequired":true,"valueName":"search_term_string"}}],"inLanguage":"pt-BR"},{"@type":"Organization","@id":"https:\/\/nereumatias.com\/#organization","name":"Formaciones PhiAcademy - Phiseller Espa\u00f1a","url":"https:\/\/nereumatias.com\/","logo":{"@type":"ImageObject","inLanguage":"pt-BR","@id":"https:\/\/nereumatias.com\/#\/schema\/logo\/image\/","url":"https:\/\/nereumatias.com\/wp-content\/uploads\/2022\/09\/logo-phiseller-negro-150.png","contentUrl":"https:\/\/nereumatias.com\/wp-content\/uploads\/2022\/09\/logo-phiseller-negro-150.png","width":375,"height":150,"caption":"Formaciones PhiAcademy - Phiseller Espa\u00f1a"},"image":{"@id":"https:\/\/nereumatias.com\/#\/schema\/logo\/image\/"},"sameAs":["https:\/\/www.facebook.com\/nereumatias"]}]}},"_links":{"self":[{"href":"https:\/\/nereumatias.com\/pt\/wp-json\/wp\/v2\/product\/41636","targetHints":{"allow":["GET"]}}],"collection":[{"href":"https:\/\/nereumatias.com\/pt\/wp-json\/wp\/v2\/product"}],"about":[{"href":"https:\/\/nereumatias.com\/pt\/wp-json\/wp\/v2\/types\/product"}],"replies":[{"embeddable":true,"href":"https:\/\/nereumatias.com\/pt\/wp-json\/wp\/v2\/comments?post=41636"}],"version-history":[{"count":1,"href":"https:\/\/nereumatias.com\/pt\/wp-json\/wp\/v2\/product\/41636\/revisions"}],"predecessor-version":[{"id":41637,"href":"https:\/\/nereumatias.com\/pt\/wp-json\/wp\/v2\/product\/41636\/revisions\/41637"}],"wp:featuredmedia":[{"embeddable":true,"href":"https:\/\/nereumatias.com\/pt\/wp-json\/wp\/v2\/media\/43303"}],"wp:attachment":[{"href":"https:\/\/nereumatias.com\/pt\/wp-json\/wp\/v2\/media?parent=41636"}],"wp:term":[{"taxonomy":"product_brand","embeddable":true,"href":"https:\/\/nereumatias.com\/pt\/wp-json\/wp\/v2\/product_brand?post=41636"},{"taxonomy":"product_cat","embeddable":true,"href":"https:\/\/nereumatias.com\/pt\/wp-json\/wp\/v2\/product_cat?post=41636"},{"taxonomy":"product_tag","embeddable":true,"href":"https:\/\/nereumatias.com\/pt\/wp-json\/wp\/v2\/product_tag?post=41636"}],"curies":[{"name":"wp","href":"https:\/\/api.w.org\/{rel}","templated":true}]}}