{"id":41592,"date":"2021-07-08T05:40:14","date_gmt":"2021-07-08T03:40:14","guid":{"rendered":"https:\/\/nereumatias.phiseller.com\/?post_type=product&#038;p=41592"},"modified":"2026-03-24T16:23:15","modified_gmt":"2026-03-24T15:23:15","slug":"lapiz-yellow-supe-pigment-5ml-2pcs","status":"publish","type":"product","link":"https:\/\/nereumatias.com\/pt\/produto\/lapiz-yellow-supe-pigment-5ml-2pcs\/","title":{"rendered":"L\u00e1pis Pigmentado Amarelo SUPE 5ml - 2pcs"},"content":{"rendered":"<p>\u00e9 uma das tr\u00eas cores b\u00e1sicas que podem ser usadas para obter tons de marrom para desenhar as sobrancelhas.<\/p>\n<p>- O amarelo \u00e9 usado para obter tons mais claros se for dominante na mistura com preto e vermelho.<\/p>\n<p>- Quando misturado com vermelho (2 amarelo: 1 vermelho), obt\u00e9m-se um pigmento laranja que pode ser adicionado ao pigmento desejado se estivermos trabalhando com microblading cinza antigo.<\/p>\n<p>- Quando misturado com preto (2 amarelo: 1 preto), obt\u00e9m-se a tonalidade verde oliva. Adicionamos oliva ao pigmento desejado se estivermos trabalhando com microblading avermelhado antigo.<\/p>\n<p>- Se quisermos que a cor cinza seja mais quente, um m\u00eas ap\u00f3s a cura, podemos passar um tom de laranja sobre as pinceladas.<\/p>\n<p>- O amarelo tamb\u00e9m pode ser usado como uma m\u00e1scara ap\u00f3s o tratamento. Dessa forma, tornamos a cor fresca, que \u00e9 muito escura, menos intensa nos primeiros 7 dias.<\/p>\n<p>cont\u00e9m 2 pe\u00e7as de pigmento de 5 ml<\/p>\n<p>&nbsp;<\/p>\n<p>**PIGMENTO N\u00c3O APROVADO NA ESPANHA, USE APENAS PARA A PR\u00c1TICA DE L\u00c1TEX**.<\/p>","protected":false},"excerpt":{"rendered":"<p><span style=\"color: #ffffff;\">\u00e9 uma das tr\u00eas cores b\u00e1sicas que podem ser usadas para obter tons de marrom para desenhar as sobrancelhas.<\/span><\/p>\n<p><span style=\"color: #ffffff;\">- O amarelo \u00e9 usado para obter tons mais claros se for dominante na mistura com preto e vermelho.<\/span><\/p>\n<p><span style=\"color: #ffffff;\">- Quando misturado com vermelho (2 amarelo: 1 vermelho), obt\u00e9m-se um pigmento laranja que pode ser adicionado ao pigmento desejado se estivermos trabalhando com microblading cinza antigo.<\/span><\/p>\n<p><span style=\"color: #ffffff;\">- Quando misturado com preto (2 amarelo: 1 preto), obt\u00e9m-se a tonalidade verde oliva. Adicionamos oliva ao pigmento desejado se estivermos trabalhando com microblading avermelhado antigo.<\/span><\/p>\n<p><span style=\"color: #ffffff;\">- Se quisermos que a cor cinza seja mais quente, um m\u00eas ap\u00f3s a cura, podemos passar um tom de laranja sobre as pinceladas.<\/span><\/p>\n<p><span style=\"color: #ffffff;\">- O amarelo tamb\u00e9m pode ser usado como uma m\u00e1scara ap\u00f3s o tratamento. Dessa forma, tornamos a cor fresca, que \u00e9 muito escura, menos intensa nos primeiros 7 dias.<\/span><\/p>\n<p><span style=\"color: #ffffff;\">cont\u00e9m 2 pe\u00e7as de pigmento de 5 ml<\/span><\/p>\n<p>&nbsp;<\/p>\n<p><span style=\"color: #ffffff;\">**PIGMENTO N\u00c3O APROVADO NA ESPANHA, USE APENAS PARA A PR\u00c1TICA DE L\u00c1TEX**.<\/span><\/p>","protected":false},"featured_media":43270,"comment_status":"open","ping_status":"closed","template":"","meta":{"_acf_changed":false,"_joinchat":[]},"product_brand":[],"product_cat":[47,61],"product_tag":[],"class_list":{"0":"post-41592","1":"product","2":"type-product","3":"status-publish","4":"has-post-thumbnail","6":"product_cat-phibrows","7":"product_cat-pigments","9":"first","10":"instock","11":"taxable","12":"shipping-taxable","13":"purchasable","14":"product-type-simple"},"supplier_id":null,"supplier_sku":"","barcode":null,"atum_controlled":true,"out_stock_date":null,"out_stock_threshold":null,"inheritable":false,"inbound_stock":null,"stock_on_hold":0,"sold_today":0,"sales_last_days":0,"reserved_stock":null,"customer_returns":null,"warehouse_damage":null,"lost_in_post":null,"other_logs":null,"out_stock_days":0,"lost_sales":0,"has_location":false,"update_date":"2026-05-10T12:46:25","atum_locations":[],"atum_stock_status":"instock","restock_status":false,"low_stock_amount":0,"sales_update_date":"2026-05-10T12:46:25","calc_backorders":0,"acf":[],"yoast_head":"<!-- This site is optimized with the Yoast SEO plugin v24.8 - https:\/\/yoast.com\/wordpress\/plugins\/seo\/ -->\n<title>Lapiz Yellow SUPE Pigment 5ml - 2pcs - Formaciones PhiAcademy - Phiseller Espa\u00f1a<\/title>\n<meta name=\"robots\" content=\"index, follow, max-snippet:-1, max-image-preview:large, max-video-preview:-1\" \/>\n<link rel=\"canonical\" href=\"https:\/\/nereumatias.com\/pt\/produto\/lapiz-yellow-supe-pigment-5ml-2pcs\/\" \/>\n<meta property=\"og:locale\" content=\"pt_BR\" \/>\n<meta property=\"og:type\" content=\"article\" \/>\n<meta property=\"og:title\" content=\"Lapiz Yellow SUPE Pigment 5ml - 2pcs - Formaciones PhiAcademy - Phiseller Espa\u00f1a\" \/>\n<meta property=\"og:description\" content=\"es uno de los tres colores b\u00e1sicos que se pueden usar para obtener tonos marrones para dibujar cejas.  - El amarillo se usa para obtener tonos m\u00e1s claros si es dominante en la mezcla con el negro y el rojo.  - Cuando se mezcla con rojo (2 Amarillo: 1 Rojo), obtenemos pigmento naranja que se puede agregar al pigmento deseado si estamos trabajando sobre microblading gris antiguo.  - Cuando se mezcla con negro (2 amarillo: 1 negro), obtenemos el tono verde oliva. Agregamos oliva al pigmento deseado si estamos trabajando sobre microblading rojizo viejo.  - Si queremos que el color gris sea m\u00e1s c\u00e1lido, un mes despu\u00e9s de la curaci\u00f3n podemos repasar los trazos con un tono naranja.  - El amarillo tambi\u00e9n se puede usar como una m\u00e1scara despu\u00e9s del tratamiento. De esta manera, hacemos que el color fresco que es muy oscuro sea menos intenso durante los primeros 7 d\u00edas.  contiene 2 piezas de pigmento de 5 ml  &nbsp;  **PIGMENTO NO HOMOLOGADO EN ESPA\u00d1A, USAR S\u00d3LO PARA PR\u00c1CTICAS EN L\u00c1TEX**\" \/>\n<meta property=\"og:url\" content=\"https:\/\/nereumatias.com\/pt\/produto\/lapiz-yellow-supe-pigment-5ml-2pcs\/\" \/>\n<meta property=\"og:site_name\" content=\"Formaciones PhiAcademy - Phiseller Espa\u00f1a\" \/>\n<meta property=\"article:publisher\" content=\"https:\/\/www.facebook.com\/nereumatias\" \/>\n<meta property=\"article:modified_time\" content=\"2026-03-24T15:23:15+00:00\" \/>\n<meta property=\"og:image\" content=\"https:\/\/nereumatias.com\/wp-content\/uploads\/2022\/12\/phibrows-supe-yellow.jpg\" \/>\n\t<meta property=\"og:image:width\" content=\"600\" \/>\n\t<meta property=\"og:image:height\" content=\"800\" \/>\n\t<meta property=\"og:image:type\" content=\"image\/jpeg\" \/>\n<meta name=\"twitter:card\" content=\"summary_large_image\" \/>\n<script type=\"application\/ld+json\" class=\"yoast-schema-graph\">{\"@context\":\"https:\/\/schema.org\",\"@graph\":[{\"@type\":\"WebPage\",\"@id\":\"https:\/\/nereumatias.com\/producto\/lapiz-yellow-supe-pigment-5ml-2pcs\/\",\"url\":\"https:\/\/nereumatias.com\/producto\/lapiz-yellow-supe-pigment-5ml-2pcs\/\",\"name\":\"Lapiz Yellow SUPE Pigment 5ml - 2pcs - Formaciones PhiAcademy - Phiseller Espa\u00f1a\",\"isPartOf\":{\"@id\":\"https:\/\/nereumatias.com\/#website\"},\"primaryImageOfPage\":{\"@id\":\"https:\/\/nereumatias.com\/producto\/lapiz-yellow-supe-pigment-5ml-2pcs\/#primaryimage\"},\"image\":{\"@id\":\"https:\/\/nereumatias.com\/producto\/lapiz-yellow-supe-pigment-5ml-2pcs\/#primaryimage\"},\"thumbnailUrl\":\"https:\/\/nereumatias.com\/wp-content\/uploads\/2022\/12\/phibrows-supe-yellow.jpg\",\"datePublished\":\"2021-07-08T03:40:14+00:00\",\"dateModified\":\"2026-03-24T15:23:15+00:00\",\"breadcrumb\":{\"@id\":\"https:\/\/nereumatias.com\/producto\/lapiz-yellow-supe-pigment-5ml-2pcs\/#breadcrumb\"},\"inLanguage\":\"pt-BR\",\"potentialAction\":[{\"@type\":\"ReadAction\",\"target\":[\"https:\/\/nereumatias.com\/producto\/lapiz-yellow-supe-pigment-5ml-2pcs\/\"]}]},{\"@type\":\"ImageObject\",\"inLanguage\":\"pt-BR\",\"@id\":\"https:\/\/nereumatias.com\/producto\/lapiz-yellow-supe-pigment-5ml-2pcs\/#primaryimage\",\"url\":\"https:\/\/nereumatias.com\/wp-content\/uploads\/2022\/12\/phibrows-supe-yellow.jpg\",\"contentUrl\":\"https:\/\/nereumatias.com\/wp-content\/uploads\/2022\/12\/phibrows-supe-yellow.jpg\",\"width\":600,\"height\":800},{\"@type\":\"BreadcrumbList\",\"@id\":\"https:\/\/nereumatias.com\/producto\/lapiz-yellow-supe-pigment-5ml-2pcs\/#breadcrumb\",\"itemListElement\":[{\"@type\":\"ListItem\",\"position\":1,\"name\":\"Home\",\"item\":\"https:\/\/nereumatias.com\/\"},{\"@type\":\"ListItem\",\"position\":2,\"name\":\"Tienda\",\"item\":\"https:\/\/nereumatias.com\/tienda-online\/\"},{\"@type\":\"ListItem\",\"position\":3,\"name\":\"Lapiz Yellow SUPE Pigment 5ml &#8211; 2pcs\"}]},{\"@type\":\"WebSite\",\"@id\":\"https:\/\/nereumatias.com\/#website\",\"url\":\"https:\/\/nereumatias.com\/\",\"name\":\"Formaciones PhiAcademy - Phiseller Espa\u00f1a\",\"description\":\"PhiAcademy\",\"publisher\":{\"@id\":\"https:\/\/nereumatias.com\/#organization\"},\"potentialAction\":[{\"@type\":\"SearchAction\",\"target\":{\"@type\":\"EntryPoint\",\"urlTemplate\":\"https:\/\/nereumatias.com\/?s={search_term_string}\"},\"query-input\":{\"@type\":\"PropertyValueSpecification\",\"valueRequired\":true,\"valueName\":\"search_term_string\"}}],\"inLanguage\":\"pt-BR\"},{\"@type\":\"Organization\",\"@id\":\"https:\/\/nereumatias.com\/#organization\",\"name\":\"Formaciones PhiAcademy - Phiseller Espa\u00f1a\",\"url\":\"https:\/\/nereumatias.com\/\",\"logo\":{\"@type\":\"ImageObject\",\"inLanguage\":\"pt-BR\",\"@id\":\"https:\/\/nereumatias.com\/#\/schema\/logo\/image\/\",\"url\":\"https:\/\/nereumatias.com\/wp-content\/uploads\/2022\/09\/logo-phiseller-negro-150.png\",\"contentUrl\":\"https:\/\/nereumatias.com\/wp-content\/uploads\/2022\/09\/logo-phiseller-negro-150.png\",\"width\":375,\"height\":150,\"caption\":\"Formaciones PhiAcademy - Phiseller Espa\u00f1a\"},\"image\":{\"@id\":\"https:\/\/nereumatias.com\/#\/schema\/logo\/image\/\"},\"sameAs\":[\"https:\/\/www.facebook.com\/nereumatias\"]}]}<\/script>\n<!-- \/ Yoast SEO plugin. -->","yoast_head_json":{"title":"Lapiz Yellow SUPE Pigment 5ml - 2pcs - Formaciones PhiAcademy - Phiseller Espa\u00f1a","robots":{"index":"index","follow":"follow","max-snippet":"max-snippet:-1","max-image-preview":"max-image-preview:large","max-video-preview":"max-video-preview:-1"},"canonical":"https:\/\/nereumatias.com\/pt\/produto\/lapiz-yellow-supe-pigment-5ml-2pcs\/","og_locale":"pt_BR","og_type":"article","og_title":"Lapiz Yellow SUPE Pigment 5ml - 2pcs - Formaciones PhiAcademy - Phiseller Espa\u00f1a","og_description":"es uno de los tres colores b\u00e1sicos que se pueden usar para obtener tonos marrones para dibujar cejas.  - El amarillo se usa para obtener tonos m\u00e1s claros si es dominante en la mezcla con el negro y el rojo.  - Cuando se mezcla con rojo (2 Amarillo: 1 Rojo), obtenemos pigmento naranja que se puede agregar al pigmento deseado si estamos trabajando sobre microblading gris antiguo.  - Cuando se mezcla con negro (2 amarillo: 1 negro), obtenemos el tono verde oliva. Agregamos oliva al pigmento deseado si estamos trabajando sobre microblading rojizo viejo.  - Si queremos que el color gris sea m\u00e1s c\u00e1lido, un mes despu\u00e9s de la curaci\u00f3n podemos repasar los trazos con un tono naranja.  - El amarillo tambi\u00e9n se puede usar como una m\u00e1scara despu\u00e9s del tratamiento. De esta manera, hacemos que el color fresco que es muy oscuro sea menos intenso durante los primeros 7 d\u00edas.  contiene 2 piezas de pigmento de 5 ml  &nbsp;  **PIGMENTO NO HOMOLOGADO EN ESPA\u00d1A, USAR S\u00d3LO PARA PR\u00c1CTICAS EN L\u00c1TEX**","og_url":"https:\/\/nereumatias.com\/pt\/produto\/lapiz-yellow-supe-pigment-5ml-2pcs\/","og_site_name":"Formaciones PhiAcademy - Phiseller Espa\u00f1a","article_publisher":"https:\/\/www.facebook.com\/nereumatias","article_modified_time":"2026-03-24T15:23:15+00:00","og_image":[{"width":600,"height":800,"url":"https:\/\/nereumatias.com\/wp-content\/uploads\/2022\/12\/phibrows-supe-yellow.jpg","type":"image\/jpeg"}],"twitter_card":"summary_large_image","schema":{"@context":"https:\/\/schema.org","@graph":[{"@type":"WebPage","@id":"https:\/\/nereumatias.com\/producto\/lapiz-yellow-supe-pigment-5ml-2pcs\/","url":"https:\/\/nereumatias.com\/producto\/lapiz-yellow-supe-pigment-5ml-2pcs\/","name":"Lapiz Yellow SUPE Pigment 5ml - 2pcs - Formaciones PhiAcademy - Phiseller Espa\u00f1a","isPartOf":{"@id":"https:\/\/nereumatias.com\/#website"},"primaryImageOfPage":{"@id":"https:\/\/nereumatias.com\/producto\/lapiz-yellow-supe-pigment-5ml-2pcs\/#primaryimage"},"image":{"@id":"https:\/\/nereumatias.com\/producto\/lapiz-yellow-supe-pigment-5ml-2pcs\/#primaryimage"},"thumbnailUrl":"https:\/\/nereumatias.com\/wp-content\/uploads\/2022\/12\/phibrows-supe-yellow.jpg","datePublished":"2021-07-08T03:40:14+00:00","dateModified":"2026-03-24T15:23:15+00:00","breadcrumb":{"@id":"https:\/\/nereumatias.com\/producto\/lapiz-yellow-supe-pigment-5ml-2pcs\/#breadcrumb"},"inLanguage":"pt-BR","potentialAction":[{"@type":"ReadAction","target":["https:\/\/nereumatias.com\/producto\/lapiz-yellow-supe-pigment-5ml-2pcs\/"]}]},{"@type":"ImageObject","inLanguage":"pt-BR","@id":"https:\/\/nereumatias.com\/producto\/lapiz-yellow-supe-pigment-5ml-2pcs\/#primaryimage","url":"https:\/\/nereumatias.com\/wp-content\/uploads\/2022\/12\/phibrows-supe-yellow.jpg","contentUrl":"https:\/\/nereumatias.com\/wp-content\/uploads\/2022\/12\/phibrows-supe-yellow.jpg","width":600,"height":800},{"@type":"BreadcrumbList","@id":"https:\/\/nereumatias.com\/producto\/lapiz-yellow-supe-pigment-5ml-2pcs\/#breadcrumb","itemListElement":[{"@type":"ListItem","position":1,"name":"Home","item":"https:\/\/nereumatias.com\/"},{"@type":"ListItem","position":2,"name":"Tienda","item":"https:\/\/nereumatias.com\/tienda-online\/"},{"@type":"ListItem","position":3,"name":"Lapiz Yellow SUPE Pigment 5ml &#8211; 2pcs"}]},{"@type":"WebSite","@id":"https:\/\/nereumatias.com\/#website","url":"https:\/\/nereumatias.com\/","name":"Formaciones PhiAcademy - Phiseller Espa\u00f1a","description":"PhiAcademy","publisher":{"@id":"https:\/\/nereumatias.com\/#organization"},"potentialAction":[{"@type":"SearchAction","target":{"@type":"EntryPoint","urlTemplate":"https:\/\/nereumatias.com\/?s={search_term_string}"},"query-input":{"@type":"PropertyValueSpecification","valueRequired":true,"valueName":"search_term_string"}}],"inLanguage":"pt-BR"},{"@type":"Organization","@id":"https:\/\/nereumatias.com\/#organization","name":"Formaciones PhiAcademy - Phiseller Espa\u00f1a","url":"https:\/\/nereumatias.com\/","logo":{"@type":"ImageObject","inLanguage":"pt-BR","@id":"https:\/\/nereumatias.com\/#\/schema\/logo\/image\/","url":"https:\/\/nereumatias.com\/wp-content\/uploads\/2022\/09\/logo-phiseller-negro-150.png","contentUrl":"https:\/\/nereumatias.com\/wp-content\/uploads\/2022\/09\/logo-phiseller-negro-150.png","width":375,"height":150,"caption":"Formaciones PhiAcademy - Phiseller Espa\u00f1a"},"image":{"@id":"https:\/\/nereumatias.com\/#\/schema\/logo\/image\/"},"sameAs":["https:\/\/www.facebook.com\/nereumatias"]}]}},"_links":{"self":[{"href":"https:\/\/nereumatias.com\/pt\/wp-json\/wp\/v2\/product\/41592","targetHints":{"allow":["GET"]}}],"collection":[{"href":"https:\/\/nereumatias.com\/pt\/wp-json\/wp\/v2\/product"}],"about":[{"href":"https:\/\/nereumatias.com\/pt\/wp-json\/wp\/v2\/types\/product"}],"replies":[{"embeddable":true,"href":"https:\/\/nereumatias.com\/pt\/wp-json\/wp\/v2\/comments?post=41592"}],"version-history":[{"count":2,"href":"https:\/\/nereumatias.com\/pt\/wp-json\/wp\/v2\/product\/41592\/revisions"}],"predecessor-version":[{"id":42136,"href":"https:\/\/nereumatias.com\/pt\/wp-json\/wp\/v2\/product\/41592\/revisions\/42136"}],"wp:featuredmedia":[{"embeddable":true,"href":"https:\/\/nereumatias.com\/pt\/wp-json\/wp\/v2\/media\/43270"}],"wp:attachment":[{"href":"https:\/\/nereumatias.com\/pt\/wp-json\/wp\/v2\/media?parent=41592"}],"wp:term":[{"taxonomy":"product_brand","embeddable":true,"href":"https:\/\/nereumatias.com\/pt\/wp-json\/wp\/v2\/product_brand?post=41592"},{"taxonomy":"product_cat","embeddable":true,"href":"https:\/\/nereumatias.com\/pt\/wp-json\/wp\/v2\/product_cat?post=41592"},{"taxonomy":"product_tag","embeddable":true,"href":"https:\/\/nereumatias.com\/pt\/wp-json\/wp\/v2\/product_tag?post=41592"}],"curies":[{"name":"wp","href":"https:\/\/api.w.org\/{rel}","templated":true}]}}