{"id":44538,"date":"2023-03-01T16:27:41","date_gmt":"2023-03-01T15:27:41","guid":{"rendered":"https:\/\/nereumatias.com\/?post_type=product&#038;p=44538"},"modified":"2025-05-16T19:08:42","modified_gmt":"2025-05-16T17:08:42","slug":"online-starter","status":"publish","type":"product","link":"https:\/\/nereumatias.com\/en\/product\/online-starter\/","title":{"rendered":"BOLDBROWS ADVANCED TRAINING COURSE"},"content":{"rendered":"","protected":false},"excerpt":{"rendered":"<p><i class=\"fa fa-calendar\"><\/i> &nbsp; 2025<\/p>\n<p><i class=\"fa fa-map-marker\"><\/i> &nbsp; Sevilla\/Espa\u00f1a<\/p>","protected":false},"featured_media":45518,"comment_status":"closed","ping_status":"closed","template":"","meta":{"_acf_changed":false,"_joinchat":[]},"product_brand":[],"product_cat":[242,60,204],"product_tag":[228,229],"class_list":{"0":"post-44538","1":"product","2":"type-product","3":"status-publish","4":"has-post-thumbnail","6":"product_cat-242","7":"product_cat-cursos-presenciales","8":"product_cat-philips","9":"product_tag-228","10":"product_tag-curso-lasheslifting-browslifting","12":"first","13":"instock","14":"virtual","15":"taxable","16":"purchasable","17":"product-type-simple"},"supplier_id":null,"supplier_sku":"","barcode":null,"atum_controlled":true,"out_stock_date":null,"out_stock_threshold":null,"inheritable":false,"inbound_stock":null,"stock_on_hold":4,"sold_today":0,"sales_last_days":0,"reserved_stock":null,"customer_returns":null,"warehouse_damage":null,"lost_in_post":null,"other_logs":null,"out_stock_days":0,"lost_sales":0,"has_location":false,"update_date":"2026-04-16T10:16:28","atum_locations":[],"atum_stock_status":"instock","restock_status":false,"low_stock_amount":"","sales_update_date":"2026-04-16T10:16:28","calc_backorders":null,"acf":[],"yoast_head":"<!-- This site is optimized with the Yoast SEO plugin v24.8 - https:\/\/yoast.com\/wordpress\/plugins\/seo\/ -->\n<title>CURSO PERFECCIONAMIENTO BOLDBROWS - Formaciones PhiAcademy - Phiseller Espa\u00f1a<\/title>\n<meta name=\"description\" content=\"Estaremos en Madrid con PhiLips ,la t\u00e9cnica de micropigmentaci\u00f3n de labios m\u00e1s natural y popular del mercado.\" \/>\n<meta name=\"robots\" content=\"index, follow, max-snippet:-1, max-image-preview:large, max-video-preview:-1\" \/>\n<link rel=\"canonical\" href=\"https:\/\/nereumatias.com\/en\/product\/online-starter\/\" \/>\n<meta property=\"og:locale\" content=\"en_GB\" \/>\n<meta property=\"og:type\" content=\"article\" \/>\n<meta property=\"og:title\" content=\"CURSO PERFECCIONAMIENTO BOLDBROWS - Formaciones PhiAcademy - Phiseller Espa\u00f1a\" \/>\n<meta property=\"og:description\" content=\"Estaremos en Madrid con PhiLips ,la t\u00e9cnica de micropigmentaci\u00f3n de labios m\u00e1s natural y popular del mercado.\" \/>\n<meta property=\"og:url\" content=\"https:\/\/nereumatias.com\/en\/product\/online-starter\/\" \/>\n<meta property=\"og:site_name\" content=\"Formaciones PhiAcademy - Phiseller Espa\u00f1a\" \/>\n<meta property=\"article:publisher\" content=\"https:\/\/www.facebook.com\/nereumatias\" \/>\n<meta property=\"article:modified_time\" content=\"2025-05-16T17:08:42+00:00\" \/>\n<meta property=\"og:image\" content=\"https:\/\/nereumatias.com\/wp-content\/uploads\/2023\/03\/BOLDBROES-INDIVIDUAL.png\" \/>\n\t<meta property=\"og:image:width\" content=\"1024\" \/>\n\t<meta property=\"og:image:height\" content=\"1024\" \/>\n\t<meta property=\"og:image:type\" content=\"image\/png\" \/>\n<meta name=\"twitter:card\" content=\"summary_large_image\" \/>\n<script type=\"application\/ld+json\" class=\"yoast-schema-graph\">{\"@context\":\"https:\/\/schema.org\",\"@graph\":[{\"@type\":\"WebPage\",\"@id\":\"https:\/\/nereumatias.com\/producto\/online-starter\/\",\"url\":\"https:\/\/nereumatias.com\/producto\/online-starter\/\",\"name\":\"CURSO PERFECCIONAMIENTO BOLDBROWS - Formaciones PhiAcademy - Phiseller Espa\u00f1a\",\"isPartOf\":{\"@id\":\"https:\/\/nereumatias.com\/#website\"},\"primaryImageOfPage\":{\"@id\":\"https:\/\/nereumatias.com\/producto\/online-starter\/#primaryimage\"},\"image\":{\"@id\":\"https:\/\/nereumatias.com\/producto\/online-starter\/#primaryimage\"},\"thumbnailUrl\":\"https:\/\/nereumatias.com\/wp-content\/uploads\/2023\/03\/BOLDBROES-INDIVIDUAL.png\",\"datePublished\":\"2023-03-01T15:27:41+00:00\",\"dateModified\":\"2025-05-16T17:08:42+00:00\",\"description\":\"Estaremos en Madrid con PhiLips ,la t\u00e9cnica de micropigmentaci\u00f3n de labios m\u00e1s natural y popular del mercado.\",\"breadcrumb\":{\"@id\":\"https:\/\/nereumatias.com\/producto\/online-starter\/#breadcrumb\"},\"inLanguage\":\"en-GB\",\"potentialAction\":[{\"@type\":\"ReadAction\",\"target\":[\"https:\/\/nereumatias.com\/producto\/online-starter\/\"]}]},{\"@type\":\"ImageObject\",\"inLanguage\":\"en-GB\",\"@id\":\"https:\/\/nereumatias.com\/producto\/online-starter\/#primaryimage\",\"url\":\"https:\/\/nereumatias.com\/wp-content\/uploads\/2023\/03\/BOLDBROES-INDIVIDUAL.png\",\"contentUrl\":\"https:\/\/nereumatias.com\/wp-content\/uploads\/2023\/03\/BOLDBROES-INDIVIDUAL.png\",\"width\":1024,\"height\":1024},{\"@type\":\"BreadcrumbList\",\"@id\":\"https:\/\/nereumatias.com\/producto\/online-starter\/#breadcrumb\",\"itemListElement\":[{\"@type\":\"ListItem\",\"position\":1,\"name\":\"Home\",\"item\":\"https:\/\/nereumatias.com\/\"},{\"@type\":\"ListItem\",\"position\":2,\"name\":\"Tienda\",\"item\":\"https:\/\/nereumatias.com\/tienda-online\/\"},{\"@type\":\"ListItem\",\"position\":3,\"name\":\"CURSO PERFECCIONAMIENTO BOLDBROWS\"}]},{\"@type\":\"WebSite\",\"@id\":\"https:\/\/nereumatias.com\/#website\",\"url\":\"https:\/\/nereumatias.com\/\",\"name\":\"Formaciones PhiAcademy - Phiseller Espa\u00f1a\",\"description\":\"PhiAcademy\",\"publisher\":{\"@id\":\"https:\/\/nereumatias.com\/#organization\"},\"potentialAction\":[{\"@type\":\"SearchAction\",\"target\":{\"@type\":\"EntryPoint\",\"urlTemplate\":\"https:\/\/nereumatias.com\/?s={search_term_string}\"},\"query-input\":{\"@type\":\"PropertyValueSpecification\",\"valueRequired\":true,\"valueName\":\"search_term_string\"}}],\"inLanguage\":\"en-GB\"},{\"@type\":\"Organization\",\"@id\":\"https:\/\/nereumatias.com\/#organization\",\"name\":\"Formaciones PhiAcademy - Phiseller Espa\u00f1a\",\"url\":\"https:\/\/nereumatias.com\/\",\"logo\":{\"@type\":\"ImageObject\",\"inLanguage\":\"en-GB\",\"@id\":\"https:\/\/nereumatias.com\/#\/schema\/logo\/image\/\",\"url\":\"https:\/\/nereumatias.com\/wp-content\/uploads\/2022\/09\/logo-phiseller-negro-150.png\",\"contentUrl\":\"https:\/\/nereumatias.com\/wp-content\/uploads\/2022\/09\/logo-phiseller-negro-150.png\",\"width\":375,\"height\":150,\"caption\":\"Formaciones PhiAcademy - Phiseller Espa\u00f1a\"},\"image\":{\"@id\":\"https:\/\/nereumatias.com\/#\/schema\/logo\/image\/\"},\"sameAs\":[\"https:\/\/www.facebook.com\/nereumatias\"]}]}<\/script>\n<!-- \/ Yoast SEO plugin. -->","yoast_head_json":{"title":"CURSO PERFECCIONAMIENTO BOLDBROWS - Formaciones PhiAcademy - Phiseller Espa\u00f1a","description":"Estaremos en Madrid con PhiLips ,la t\u00e9cnica de micropigmentaci\u00f3n de labios m\u00e1s natural y popular del mercado.","robots":{"index":"index","follow":"follow","max-snippet":"max-snippet:-1","max-image-preview":"max-image-preview:large","max-video-preview":"max-video-preview:-1"},"canonical":"https:\/\/nereumatias.com\/en\/product\/online-starter\/","og_locale":"en_GB","og_type":"article","og_title":"CURSO PERFECCIONAMIENTO BOLDBROWS - Formaciones PhiAcademy - Phiseller Espa\u00f1a","og_description":"Estaremos en Madrid con PhiLips ,la t\u00e9cnica de micropigmentaci\u00f3n de labios m\u00e1s natural y popular del mercado.","og_url":"https:\/\/nereumatias.com\/en\/product\/online-starter\/","og_site_name":"Formaciones PhiAcademy - Phiseller Espa\u00f1a","article_publisher":"https:\/\/www.facebook.com\/nereumatias","article_modified_time":"2025-05-16T17:08:42+00:00","og_image":[{"width":1024,"height":1024,"url":"https:\/\/nereumatias.com\/wp-content\/uploads\/2023\/03\/BOLDBROES-INDIVIDUAL.png","type":"image\/png"}],"twitter_card":"summary_large_image","schema":{"@context":"https:\/\/schema.org","@graph":[{"@type":"WebPage","@id":"https:\/\/nereumatias.com\/producto\/online-starter\/","url":"https:\/\/nereumatias.com\/producto\/online-starter\/","name":"CURSO PERFECCIONAMIENTO BOLDBROWS - Formaciones PhiAcademy - Phiseller Espa\u00f1a","isPartOf":{"@id":"https:\/\/nereumatias.com\/#website"},"primaryImageOfPage":{"@id":"https:\/\/nereumatias.com\/producto\/online-starter\/#primaryimage"},"image":{"@id":"https:\/\/nereumatias.com\/producto\/online-starter\/#primaryimage"},"thumbnailUrl":"https:\/\/nereumatias.com\/wp-content\/uploads\/2023\/03\/BOLDBROES-INDIVIDUAL.png","datePublished":"2023-03-01T15:27:41+00:00","dateModified":"2025-05-16T17:08:42+00:00","description":"Estaremos en Madrid con PhiLips ,la t\u00e9cnica de micropigmentaci\u00f3n de labios m\u00e1s natural y popular del mercado.","breadcrumb":{"@id":"https:\/\/nereumatias.com\/producto\/online-starter\/#breadcrumb"},"inLanguage":"en-GB","potentialAction":[{"@type":"ReadAction","target":["https:\/\/nereumatias.com\/producto\/online-starter\/"]}]},{"@type":"ImageObject","inLanguage":"en-GB","@id":"https:\/\/nereumatias.com\/producto\/online-starter\/#primaryimage","url":"https:\/\/nereumatias.com\/wp-content\/uploads\/2023\/03\/BOLDBROES-INDIVIDUAL.png","contentUrl":"https:\/\/nereumatias.com\/wp-content\/uploads\/2023\/03\/BOLDBROES-INDIVIDUAL.png","width":1024,"height":1024},{"@type":"BreadcrumbList","@id":"https:\/\/nereumatias.com\/producto\/online-starter\/#breadcrumb","itemListElement":[{"@type":"ListItem","position":1,"name":"Home","item":"https:\/\/nereumatias.com\/"},{"@type":"ListItem","position":2,"name":"Tienda","item":"https:\/\/nereumatias.com\/tienda-online\/"},{"@type":"ListItem","position":3,"name":"CURSO PERFECCIONAMIENTO BOLDBROWS"}]},{"@type":"WebSite","@id":"https:\/\/nereumatias.com\/#website","url":"https:\/\/nereumatias.com\/","name":"Formaciones PhiAcademy - Phiseller Espa\u00f1a","description":"PhiAcademy","publisher":{"@id":"https:\/\/nereumatias.com\/#organization"},"potentialAction":[{"@type":"SearchAction","target":{"@type":"EntryPoint","urlTemplate":"https:\/\/nereumatias.com\/?s={search_term_string}"},"query-input":{"@type":"PropertyValueSpecification","valueRequired":true,"valueName":"search_term_string"}}],"inLanguage":"en-GB"},{"@type":"Organization","@id":"https:\/\/nereumatias.com\/#organization","name":"Formaciones PhiAcademy - Phiseller Espa\u00f1a","url":"https:\/\/nereumatias.com\/","logo":{"@type":"ImageObject","inLanguage":"en-GB","@id":"https:\/\/nereumatias.com\/#\/schema\/logo\/image\/","url":"https:\/\/nereumatias.com\/wp-content\/uploads\/2022\/09\/logo-phiseller-negro-150.png","contentUrl":"https:\/\/nereumatias.com\/wp-content\/uploads\/2022\/09\/logo-phiseller-negro-150.png","width":375,"height":150,"caption":"Formaciones PhiAcademy - Phiseller Espa\u00f1a"},"image":{"@id":"https:\/\/nereumatias.com\/#\/schema\/logo\/image\/"},"sameAs":["https:\/\/www.facebook.com\/nereumatias"]}]}},"_links":{"self":[{"href":"https:\/\/nereumatias.com\/en\/wp-json\/wp\/v2\/product\/44538","targetHints":{"allow":["GET"]}}],"collection":[{"href":"https:\/\/nereumatias.com\/en\/wp-json\/wp\/v2\/product"}],"about":[{"href":"https:\/\/nereumatias.com\/en\/wp-json\/wp\/v2\/types\/product"}],"replies":[{"embeddable":true,"href":"https:\/\/nereumatias.com\/en\/wp-json\/wp\/v2\/comments?post=44538"}],"version-history":[{"count":7,"href":"https:\/\/nereumatias.com\/en\/wp-json\/wp\/v2\/product\/44538\/revisions"}],"predecessor-version":[{"id":46873,"href":"https:\/\/nereumatias.com\/en\/wp-json\/wp\/v2\/product\/44538\/revisions\/46873"}],"wp:featuredmedia":[{"embeddable":true,"href":"https:\/\/nereumatias.com\/en\/wp-json\/wp\/v2\/media\/45518"}],"wp:attachment":[{"href":"https:\/\/nereumatias.com\/en\/wp-json\/wp\/v2\/media?parent=44538"}],"wp:term":[{"taxonomy":"product_brand","embeddable":true,"href":"https:\/\/nereumatias.com\/en\/wp-json\/wp\/v2\/product_brand?post=44538"},{"taxonomy":"product_cat","embeddable":true,"href":"https:\/\/nereumatias.com\/en\/wp-json\/wp\/v2\/product_cat?post=44538"},{"taxonomy":"product_tag","embeddable":true,"href":"https:\/\/nereumatias.com\/en\/wp-json\/wp\/v2\/product_tag?post=44538"}],"curies":[{"name":"wp","href":"https:\/\/api.w.org\/{rel}","templated":true}]}}