{"id":42560,"date":"2022-11-14T18:04:59","date_gmt":"2022-11-14T17:04:59","guid":{"rendered":"https:\/\/nereumatias.com\/?post_type=product&#038;p=42560"},"modified":"2025-12-29T13:33:23","modified_gmt":"2025-12-29T12:33:23","slug":"bb-stroke","status":"publish","type":"product","link":"https:\/\/nereumatias.com\/en\/product\/bb-stroke\/","title":{"rendered":"AGENDA BB STROKE"},"content":{"rendered":"<p>\u00bfQu\u00e9 es BB Stroke?A diferencia de los m\u00e9todos tradicionales, BBStroke utiliza una m\u00e1quina especializada concuchillas en lugar de agujas, minimizando lasmolestias mientras asegura una mejorretenci\u00f3n del pigmento. Este enfoqueinnovador ofrece resultados duraderos y hiperrealistas sin dolor, sangrado excesivo nicicatrices, lo que lo convierte en un cambioradical en el mundo del PMU.<\/p>","protected":false},"excerpt":{"rendered":"<p>\u00bfQu\u00e9 es BB Stroke?A diferencia de los m\u00e9todos tradicionales, BBStroke utiliza una m\u00e1quina especializada concuchillas en lugar de agujas, minimizando lasmolestias mientras asegura una mejorretenci\u00f3n del pigmento. Este enfoqueinnovador ofrece resultados duraderos y hiperrealistas sin dolor, sangrado excesivo nicicatrices, lo que lo convierte en un cambioradical en el mundo del PMU.<\/p>","protected":false},"featured_media":47026,"comment_status":"closed","ping_status":"closed","template":"","meta":{"_acf_changed":false,"_joinchat":[]},"product_brand":[],"product_cat":[60],"product_tag":[243],"class_list":{"0":"post-42560","1":"product","2":"type-product","3":"status-publish","4":"has-post-thumbnail","6":"product_cat-cursos-presenciales","7":"product_tag-bb-stroke","9":"first","10":"instock","11":"taxable","12":"shipping-taxable","13":"purchasable","14":"product-type-simple"},"supplier_id":null,"supplier_sku":"","barcode":null,"atum_controlled":true,"out_stock_date":null,"out_stock_threshold":null,"inheritable":false,"inbound_stock":null,"stock_on_hold":0,"sold_today":0,"sales_last_days":0,"reserved_stock":null,"customer_returns":null,"warehouse_damage":null,"lost_in_post":null,"other_logs":null,"out_stock_days":0,"lost_sales":0,"has_location":false,"update_date":"2026-05-13T13:16:39","atum_locations":[],"atum_stock_status":"instock","restock_status":false,"low_stock_amount":"","sales_update_date":"2026-05-13T13:16:39","calc_backorders":null,"acf":[],"yoast_head":"<!-- This site is optimized with the Yoast SEO plugin v24.8 - https:\/\/yoast.com\/wordpress\/plugins\/seo\/ -->\n<title>AGENDA BB STROKE - Formaciones PhiAcademy - Phiseller Espa\u00f1a<\/title>\n<meta name=\"robots\" content=\"index, follow, max-snippet:-1, max-image-preview:large, max-video-preview:-1\" \/>\n<link rel=\"canonical\" href=\"https:\/\/nereumatias.com\/en\/product\/bb-stroke\/\" \/>\n<meta property=\"og:locale\" content=\"en_GB\" \/>\n<meta property=\"og:type\" content=\"article\" \/>\n<meta property=\"og:title\" content=\"AGENDA BB STROKE - Formaciones PhiAcademy - Phiseller Espa\u00f1a\" \/>\n<meta property=\"og:description\" content=\"\u00bfQu\u00e9 es BB Stroke?A diferencia de los m\u00e9todos tradicionales, BBStroke utiliza una m\u00e1quina especializada concuchillas en lugar de agujas, minimizando lasmolestias mientras asegura una mejorretenci\u00f3n del pigmento. Este enfoqueinnovador ofrece resultados duraderos y hiperrealistas sin dolor, sangrado excesivo nicicatrices, lo que lo convierte en un cambioradical en el mundo del PMU.\" \/>\n<meta property=\"og:url\" content=\"https:\/\/nereumatias.com\/en\/product\/bb-stroke\/\" \/>\n<meta property=\"og:site_name\" content=\"Formaciones PhiAcademy - Phiseller Espa\u00f1a\" \/>\n<meta property=\"article:publisher\" content=\"https:\/\/www.facebook.com\/nereumatias\" \/>\n<meta property=\"article:modified_time\" content=\"2025-12-29T12:33:23+00:00\" \/>\n<meta property=\"og:image\" content=\"https:\/\/nereumatias.com\/wp-content\/uploads\/2022\/11\/Captura-de-pantalla-2025-12-29-a-las-9.32.16-822x1024.png\" \/>\n\t<meta property=\"og:image:width\" content=\"822\" \/>\n\t<meta property=\"og:image:height\" content=\"1024\" \/>\n\t<meta property=\"og:image:type\" content=\"image\/png\" \/>\n<meta name=\"twitter:card\" content=\"summary_large_image\" \/>\n<script type=\"application\/ld+json\" class=\"yoast-schema-graph\">{\"@context\":\"https:\/\/schema.org\",\"@graph\":[{\"@type\":\"WebPage\",\"@id\":\"https:\/\/nereumatias.com\/producto\/bb-stroke\/\",\"url\":\"https:\/\/nereumatias.com\/producto\/bb-stroke\/\",\"name\":\"AGENDA BB STROKE - Formaciones PhiAcademy - Phiseller Espa\u00f1a\",\"isPartOf\":{\"@id\":\"https:\/\/nereumatias.com\/#website\"},\"primaryImageOfPage\":{\"@id\":\"https:\/\/nereumatias.com\/producto\/bb-stroke\/#primaryimage\"},\"image\":{\"@id\":\"https:\/\/nereumatias.com\/producto\/bb-stroke\/#primaryimage\"},\"thumbnailUrl\":\"https:\/\/nereumatias.com\/wp-content\/uploads\/2022\/11\/Captura-de-pantalla-2025-12-29-a-las-9.32.16.png\",\"datePublished\":\"2022-11-14T17:04:59+00:00\",\"dateModified\":\"2025-12-29T12:33:23+00:00\",\"breadcrumb\":{\"@id\":\"https:\/\/nereumatias.com\/producto\/bb-stroke\/#breadcrumb\"},\"inLanguage\":\"en-GB\",\"potentialAction\":[{\"@type\":\"ReadAction\",\"target\":[\"https:\/\/nereumatias.com\/producto\/bb-stroke\/\"]}]},{\"@type\":\"ImageObject\",\"inLanguage\":\"en-GB\",\"@id\":\"https:\/\/nereumatias.com\/producto\/bb-stroke\/#primaryimage\",\"url\":\"https:\/\/nereumatias.com\/wp-content\/uploads\/2022\/11\/Captura-de-pantalla-2025-12-29-a-las-9.32.16.png\",\"contentUrl\":\"https:\/\/nereumatias.com\/wp-content\/uploads\/2022\/11\/Captura-de-pantalla-2025-12-29-a-las-9.32.16.png\",\"width\":1526,\"height\":1902},{\"@type\":\"BreadcrumbList\",\"@id\":\"https:\/\/nereumatias.com\/producto\/bb-stroke\/#breadcrumb\",\"itemListElement\":[{\"@type\":\"ListItem\",\"position\":1,\"name\":\"Home\",\"item\":\"https:\/\/nereumatias.com\/\"},{\"@type\":\"ListItem\",\"position\":2,\"name\":\"Tienda\",\"item\":\"https:\/\/nereumatias.com\/tienda-online\/\"},{\"@type\":\"ListItem\",\"position\":3,\"name\":\"AGENDA BB STROKE\"}]},{\"@type\":\"WebSite\",\"@id\":\"https:\/\/nereumatias.com\/#website\",\"url\":\"https:\/\/nereumatias.com\/\",\"name\":\"Formaciones PhiAcademy - Phiseller Espa\u00f1a\",\"description\":\"PhiAcademy\",\"publisher\":{\"@id\":\"https:\/\/nereumatias.com\/#organization\"},\"potentialAction\":[{\"@type\":\"SearchAction\",\"target\":{\"@type\":\"EntryPoint\",\"urlTemplate\":\"https:\/\/nereumatias.com\/?s={search_term_string}\"},\"query-input\":{\"@type\":\"PropertyValueSpecification\",\"valueRequired\":true,\"valueName\":\"search_term_string\"}}],\"inLanguage\":\"en-GB\"},{\"@type\":\"Organization\",\"@id\":\"https:\/\/nereumatias.com\/#organization\",\"name\":\"Formaciones PhiAcademy - Phiseller Espa\u00f1a\",\"url\":\"https:\/\/nereumatias.com\/\",\"logo\":{\"@type\":\"ImageObject\",\"inLanguage\":\"en-GB\",\"@id\":\"https:\/\/nereumatias.com\/#\/schema\/logo\/image\/\",\"url\":\"https:\/\/nereumatias.com\/wp-content\/uploads\/2022\/09\/logo-phiseller-negro-150.png\",\"contentUrl\":\"https:\/\/nereumatias.com\/wp-content\/uploads\/2022\/09\/logo-phiseller-negro-150.png\",\"width\":375,\"height\":150,\"caption\":\"Formaciones PhiAcademy - Phiseller Espa\u00f1a\"},\"image\":{\"@id\":\"https:\/\/nereumatias.com\/#\/schema\/logo\/image\/\"},\"sameAs\":[\"https:\/\/www.facebook.com\/nereumatias\"]}]}<\/script>\n<!-- \/ Yoast SEO plugin. -->","yoast_head_json":{"title":"AGENDA BB STROKE - Formaciones PhiAcademy - Phiseller Espa\u00f1a","robots":{"index":"index","follow":"follow","max-snippet":"max-snippet:-1","max-image-preview":"max-image-preview:large","max-video-preview":"max-video-preview:-1"},"canonical":"https:\/\/nereumatias.com\/en\/product\/bb-stroke\/","og_locale":"en_GB","og_type":"article","og_title":"AGENDA BB STROKE - Formaciones PhiAcademy - Phiseller Espa\u00f1a","og_description":"\u00bfQu\u00e9 es BB Stroke?A diferencia de los m\u00e9todos tradicionales, BBStroke utiliza una m\u00e1quina especializada concuchillas en lugar de agujas, minimizando lasmolestias mientras asegura una mejorretenci\u00f3n del pigmento. Este enfoqueinnovador ofrece resultados duraderos y hiperrealistas sin dolor, sangrado excesivo nicicatrices, lo que lo convierte en un cambioradical en el mundo del PMU.","og_url":"https:\/\/nereumatias.com\/en\/product\/bb-stroke\/","og_site_name":"Formaciones PhiAcademy - Phiseller Espa\u00f1a","article_publisher":"https:\/\/www.facebook.com\/nereumatias","article_modified_time":"2025-12-29T12:33:23+00:00","og_image":[{"width":822,"height":1024,"url":"https:\/\/nereumatias.com\/wp-content\/uploads\/2022\/11\/Captura-de-pantalla-2025-12-29-a-las-9.32.16-822x1024.png","type":"image\/png"}],"twitter_card":"summary_large_image","schema":{"@context":"https:\/\/schema.org","@graph":[{"@type":"WebPage","@id":"https:\/\/nereumatias.com\/producto\/bb-stroke\/","url":"https:\/\/nereumatias.com\/producto\/bb-stroke\/","name":"AGENDA BB STROKE - Formaciones PhiAcademy - Phiseller Espa\u00f1a","isPartOf":{"@id":"https:\/\/nereumatias.com\/#website"},"primaryImageOfPage":{"@id":"https:\/\/nereumatias.com\/producto\/bb-stroke\/#primaryimage"},"image":{"@id":"https:\/\/nereumatias.com\/producto\/bb-stroke\/#primaryimage"},"thumbnailUrl":"https:\/\/nereumatias.com\/wp-content\/uploads\/2022\/11\/Captura-de-pantalla-2025-12-29-a-las-9.32.16.png","datePublished":"2022-11-14T17:04:59+00:00","dateModified":"2025-12-29T12:33:23+00:00","breadcrumb":{"@id":"https:\/\/nereumatias.com\/producto\/bb-stroke\/#breadcrumb"},"inLanguage":"en-GB","potentialAction":[{"@type":"ReadAction","target":["https:\/\/nereumatias.com\/producto\/bb-stroke\/"]}]},{"@type":"ImageObject","inLanguage":"en-GB","@id":"https:\/\/nereumatias.com\/producto\/bb-stroke\/#primaryimage","url":"https:\/\/nereumatias.com\/wp-content\/uploads\/2022\/11\/Captura-de-pantalla-2025-12-29-a-las-9.32.16.png","contentUrl":"https:\/\/nereumatias.com\/wp-content\/uploads\/2022\/11\/Captura-de-pantalla-2025-12-29-a-las-9.32.16.png","width":1526,"height":1902},{"@type":"BreadcrumbList","@id":"https:\/\/nereumatias.com\/producto\/bb-stroke\/#breadcrumb","itemListElement":[{"@type":"ListItem","position":1,"name":"Home","item":"https:\/\/nereumatias.com\/"},{"@type":"ListItem","position":2,"name":"Tienda","item":"https:\/\/nereumatias.com\/tienda-online\/"},{"@type":"ListItem","position":3,"name":"AGENDA BB STROKE"}]},{"@type":"WebSite","@id":"https:\/\/nereumatias.com\/#website","url":"https:\/\/nereumatias.com\/","name":"Formaciones PhiAcademy - Phiseller Espa\u00f1a","description":"PhiAcademy","publisher":{"@id":"https:\/\/nereumatias.com\/#organization"},"potentialAction":[{"@type":"SearchAction","target":{"@type":"EntryPoint","urlTemplate":"https:\/\/nereumatias.com\/?s={search_term_string}"},"query-input":{"@type":"PropertyValueSpecification","valueRequired":true,"valueName":"search_term_string"}}],"inLanguage":"en-GB"},{"@type":"Organization","@id":"https:\/\/nereumatias.com\/#organization","name":"Formaciones PhiAcademy - Phiseller Espa\u00f1a","url":"https:\/\/nereumatias.com\/","logo":{"@type":"ImageObject","inLanguage":"en-GB","@id":"https:\/\/nereumatias.com\/#\/schema\/logo\/image\/","url":"https:\/\/nereumatias.com\/wp-content\/uploads\/2022\/09\/logo-phiseller-negro-150.png","contentUrl":"https:\/\/nereumatias.com\/wp-content\/uploads\/2022\/09\/logo-phiseller-negro-150.png","width":375,"height":150,"caption":"Formaciones PhiAcademy - Phiseller Espa\u00f1a"},"image":{"@id":"https:\/\/nereumatias.com\/#\/schema\/logo\/image\/"},"sameAs":["https:\/\/www.facebook.com\/nereumatias"]}]}},"_links":{"self":[{"href":"https:\/\/nereumatias.com\/en\/wp-json\/wp\/v2\/product\/42560","targetHints":{"allow":["GET"]}}],"collection":[{"href":"https:\/\/nereumatias.com\/en\/wp-json\/wp\/v2\/product"}],"about":[{"href":"https:\/\/nereumatias.com\/en\/wp-json\/wp\/v2\/types\/product"}],"replies":[{"embeddable":true,"href":"https:\/\/nereumatias.com\/en\/wp-json\/wp\/v2\/comments?post=42560"}],"version-history":[{"count":3,"href":"https:\/\/nereumatias.com\/en\/wp-json\/wp\/v2\/product\/42560\/revisions"}],"predecessor-version":[{"id":47025,"href":"https:\/\/nereumatias.com\/en\/wp-json\/wp\/v2\/product\/42560\/revisions\/47025"}],"wp:featuredmedia":[{"embeddable":true,"href":"https:\/\/nereumatias.com\/en\/wp-json\/wp\/v2\/media\/47026"}],"wp:attachment":[{"href":"https:\/\/nereumatias.com\/en\/wp-json\/wp\/v2\/media?parent=42560"}],"wp:term":[{"taxonomy":"product_brand","embeddable":true,"href":"https:\/\/nereumatias.com\/en\/wp-json\/wp\/v2\/product_brand?post=42560"},{"taxonomy":"product_cat","embeddable":true,"href":"https:\/\/nereumatias.com\/en\/wp-json\/wp\/v2\/product_cat?post=42560"},{"taxonomy":"product_tag","embeddable":true,"href":"https:\/\/nereumatias.com\/en\/wp-json\/wp\/v2\/product_tag?post=42560"}],"curies":[{"name":"wp","href":"https:\/\/api.w.org\/{rel}","templated":true}]}}